{"id":6133,"date":"2022-05-04T11:44:33","date_gmt":"2022-05-04T09:44:33","guid":{"rendered":"https:\/\/www.dressy.design\/p\/balma-3\/"},"modified":"2022-11-02T08:38:00","modified_gmt":"2022-11-02T07:38:00","slug":"balma-dreiteiliges-sofa-mit-chaiselongue","status":"publish","type":"product","link":"https:\/\/www.dressy.design\/de\/p\/balma-dreiteiliges-sofa-mit-chaiselongue\/","title":{"rendered":"BALMA"},"content":{"rendered":"\t<div id=\"gap-1526145854\" class=\"gap-element clearfix hide-for-small\" style=\"display:block; height:auto;\">\n\t\t\n<style>\n#gap-1526145854 {\n  padding-top: 50px;\n}\n<\/style>\n\t<\/div>\n\t\n\t<div class=\"img has-hover x md-x lg-x y md-y lg-y\" id=\"image_2143359348\">\n\t\t\t\t\t\t\t\t<div class=\"img-inner image-zoom dark\" >\n\t\t\t<img loading=\"lazy\" decoding=\"async\" width=\"1270\" height=\"800\" src=\"https:\/\/www.dressy.design\/wp-content\/uploads\/2021\/11\/Sofa-Balma-Chaiselonge_Producto_03.webp\" class=\"attachment-large size-large\" alt=\"\" srcset=\"https:\/\/www.dressy.design\/wp-content\/uploads\/2021\/11\/Sofa-Balma-Chaiselonge_Producto_03.webp 1270w, https:\/\/www.dressy.design\/wp-content\/uploads\/2021\/11\/Sofa-Balma-Chaiselonge_Producto_03-150x94.webp 150w, https:\/\/www.dressy.design\/wp-content\/uploads\/2021\/11\/Sofa-Balma-Chaiselonge_Producto_03-768x484.webp 768w, https:\/\/www.dressy.design\/wp-content\/uploads\/2021\/11\/Sofa-Balma-Chaiselonge_Producto_03-50x31.webp 50w, https:\/\/www.dressy.design\/wp-content\/uploads\/2021\/11\/Sofa-Balma-Chaiselonge_Producto_03-100x63.webp 100w, https:\/\/www.dressy.design\/wp-content\/uploads\/2021\/11\/Sofa-Balma-Chaiselonge_Producto_03-300x189.webp 300w, https:\/\/www.dressy.design\/wp-content\/uploads\/2021\/11\/Sofa-Balma-Chaiselonge_Producto_03-600x378.webp 600w\" sizes=\"auto, (max-width: 1270px) 100vw, 1270px\" \/>\t\t\t\t\t\t\n\t\t\t\t\t<\/div>\n\t\t\t\t\t\t\t\t\n<style>\n#image_2143359348 {\n  width: 100%;\n}\n<\/style>\n\t<\/div>\n\t\n\t<div id=\"gap-1527333170\" class=\"gap-element clearfix hide-for-small\" style=\"display:block; height:auto;\">\n\t\t\n<style>\n#gap-1527333170 {\n  padding-top: 30px;\n}\n<\/style>\n\t<\/div>\n\t\n<p>Eine Balma ist der Schutz einer flachen H\u00f6hle, eine durch Erosion und Verwitterung entstandene Vertiefung im Fels, ein nat\u00fcrlicher Zufluchtsort, der uns in der Natur sch\u00fctzen kann.<\/p>\n<p>Santiago Sevillano hat sich von diesem Konzept und seinen konkaven Formen inspirieren lassen, um das Sofa Balma zu gestalten. Diese modulare Polsterkollektion bietet uns einen Ort zum Ausruhen und Entspannen dank des Komforts der weichen Sitze und der leicht gebogenen R\u00fcckenlehnen mit Kissen, die uns eine Vielzahl von M\u00f6glichkeiten f\u00fcr die Wohnzimmerumgebung bieten.<\/p>\n\t<div id=\"gap-130256485\" class=\"gap-element clearfix hide-for-small\" style=\"display:block; height:auto;\">\n\t\t\n<style>\n#gap-130256485 {\n  padding-top: 0px;\n}\n<\/style>\n\t<\/div>\n\t\n<div class=\"row descripcion-parte-1\"  id=\"row-508626523\">\n\n\t<div id=\"col-1432400451\" class=\"col hide-for-small medium-5 small-12 large-5\"  >\n\t\t\t\t<div class=\"col-inner\"  >\n\t\t\t\n\t\t\t\n\t<div class=\"img has-hover x md-x lg-x y md-y lg-y\" id=\"image_1507417170\">\n\t\t\t\t\t\t\t\t<div class=\"img-inner image-zoom dark\" >\n\t\t\t<img loading=\"lazy\" decoding=\"async\" width=\"950\" height=\"800\" src=\"https:\/\/www.dressy.design\/wp-content\/uploads\/2021\/11\/Sofa-Balma-Chaiselonge_Producto_01.webp\" class=\"attachment-large size-large\" alt=\"\" srcset=\"https:\/\/www.dressy.design\/wp-content\/uploads\/2021\/11\/Sofa-Balma-Chaiselonge_Producto_01.webp 950w, https:\/\/www.dressy.design\/wp-content\/uploads\/2021\/11\/Sofa-Balma-Chaiselonge_Producto_01-150x126.webp 150w, https:\/\/www.dressy.design\/wp-content\/uploads\/2021\/11\/Sofa-Balma-Chaiselonge_Producto_01-768x647.webp 768w, https:\/\/www.dressy.design\/wp-content\/uploads\/2021\/11\/Sofa-Balma-Chaiselonge_Producto_01-50x42.webp 50w, https:\/\/www.dressy.design\/wp-content\/uploads\/2021\/11\/Sofa-Balma-Chaiselonge_Producto_01-100x84.webp 100w, https:\/\/www.dressy.design\/wp-content\/uploads\/2021\/11\/Sofa-Balma-Chaiselonge_Producto_01-300x253.webp 300w, https:\/\/www.dressy.design\/wp-content\/uploads\/2021\/11\/Sofa-Balma-Chaiselonge_Producto_01-600x505.webp 600w\" sizes=\"auto, (max-width: 950px) 100vw, 950px\" \/>\t\t\t\t\t\t\n\t\t\t\t\t<\/div>\n\t\t\t\t\t\t\t\t\n<style>\n#image_1507417170 {\n  width: 100%;\n}\n<\/style>\n\t<\/div>\n\t\n\t<div class=\"img has-hover x md-x lg-x y md-y lg-y\" id=\"image_1248063954\">\n\t\t\t\t\t\t\t\t<div class=\"img-inner image-zoom image-cover dark\" style=\"padding-top:84%;\">\n\t\t\t<img loading=\"lazy\" decoding=\"async\" width=\"1170\" height=\"800\" src=\"https:\/\/www.dressy.design\/wp-content\/uploads\/2021\/11\/Sofa-Balma-Chaiselonge_Producto_02.webp\" class=\"attachment-large size-large\" alt=\"\" srcset=\"https:\/\/www.dressy.design\/wp-content\/uploads\/2021\/11\/Sofa-Balma-Chaiselonge_Producto_02.webp 1170w, https:\/\/www.dressy.design\/wp-content\/uploads\/2021\/11\/Sofa-Balma-Chaiselonge_Producto_02-150x103.webp 150w, https:\/\/www.dressy.design\/wp-content\/uploads\/2021\/11\/Sofa-Balma-Chaiselonge_Producto_02-768x525.webp 768w, https:\/\/www.dressy.design\/wp-content\/uploads\/2021\/11\/Sofa-Balma-Chaiselonge_Producto_02-50x34.webp 50w, https:\/\/www.dressy.design\/wp-content\/uploads\/2021\/11\/Sofa-Balma-Chaiselonge_Producto_02-100x68.webp 100w, https:\/\/www.dressy.design\/wp-content\/uploads\/2021\/11\/Sofa-Balma-Chaiselonge_Producto_02-300x205.webp 300w, https:\/\/www.dressy.design\/wp-content\/uploads\/2021\/11\/Sofa-Balma-Chaiselonge_Producto_02-600x410.webp 600w\" sizes=\"auto, (max-width: 1170px) 100vw, 1170px\" \/>\t\t\t\t\t\t\n\t\t\t\t\t<\/div>\n\t\t\t\t\t\t\t\t\n<style>\n#image_1248063954 {\n  width: 100%;\n}\n<\/style>\n\t<\/div>\n\t\n\t\t<\/div>\n\t\t\t\t\t<\/div>\n\n\t\n\n\t<div id=\"col-1602431112\" class=\"col medium-7 small-12 large-7\"  data-animate=\"fadeInDown\">\n\t\t\t\t<div class=\"col-inner\"  >\n\t\t\t\n\t\t\t\n\t<div class=\"img has-hover x md-x lg-x y md-y lg-y\" id=\"image_433458249\">\n\t\t\t\t\t\t\t\t<div class=\"img-inner image-zoom image-cover dark\" style=\"padding-top:843px;\">\n\t\t\t<img loading=\"lazy\" decoding=\"async\" width=\"700\" height=\"800\" src=\"https:\/\/www.dressy.design\/wp-content\/uploads\/2021\/11\/Sofa-Balma-Chaiselonge_Producto_04.webp\" class=\"attachment-large size-large\" alt=\"\" srcset=\"https:\/\/www.dressy.design\/wp-content\/uploads\/2021\/11\/Sofa-Balma-Chaiselonge_Producto_04.webp 700w, https:\/\/www.dressy.design\/wp-content\/uploads\/2021\/11\/Sofa-Balma-Chaiselonge_Producto_04-150x171.webp 150w, https:\/\/www.dressy.design\/wp-content\/uploads\/2021\/11\/Sofa-Balma-Chaiselonge_Producto_04-44x50.webp 44w, https:\/\/www.dressy.design\/wp-content\/uploads\/2021\/11\/Sofa-Balma-Chaiselonge_Producto_04-88x100.webp 88w, https:\/\/www.dressy.design\/wp-content\/uploads\/2021\/11\/Sofa-Balma-Chaiselonge_Producto_04-300x343.webp 300w, https:\/\/www.dressy.design\/wp-content\/uploads\/2021\/11\/Sofa-Balma-Chaiselonge_Producto_04-600x686.webp 600w\" sizes=\"auto, (max-width: 700px) 100vw, 700px\" \/>\t\t\t\t\t\t\n\t\t\t\t\t<\/div>\n\t\t\t\t\t\t\t\t\n<style>\n#image_433458249 {\n  width: 100%;\n}\n<\/style>\n\t<\/div>\n\t\n\t\t<\/div>\n\t\t\t\t\t<\/div>\n\n\t\n\n\t<div id=\"col-230078578\" class=\"col medium-6 small-12 large-6\"  data-animate=\"fadeInDown\">\n\t\t\t\t<div class=\"col-inner\"  >\n\t\t\t\n\t\t\t\n\t\t<\/div>\n\t\t\t\t\t<\/div>\n\n\t\n\n\t<div id=\"col-983094113\" class=\"col medium-3 small-12 large-3\"  data-animate=\"fadeInDown\">\n\t\t\t\t<div class=\"col-inner\"  >\n\t\t\t\n\t\t\t\n\t\t<\/div>\n\t\t\t\t\t<\/div>\n\n\t\n<\/div>\n\t<div id=\"gap-644991708\" class=\"gap-element clearfix hide-for-small\" style=\"display:block; height:auto;\">\n\t\t\n<style>\n#gap-644991708 {\n  padding-top: 50px;\n}\n<\/style>\n\t<\/div>\n\t\n","protected":false},"excerpt":{"rendered":"<p>Dreiteiliges Sofa mit Chaiselongue mit hohen oder niedrigen Armlehnen f\u00fcr hohen Komfort.<\/p>\n<p><strong>Designer<\/strong><br \/>\n<a href=\"\"><\/a><\/p>\n","protected":false},"featured_media":4826,"template":"","meta":{"_acf_changed":false},"product_brand":[],"product_cat":[322,270,323],"product_tag":[],"class_list":{"0":"post-6133","1":"product","2":"type-product","3":"status-publish","4":"has-post-thumbnail","6":"product_cat-balma-de","7":"product_cat-santiago-sevillano","8":"product_cat-sofa-de","10":"first","11":"instock","12":"product-type-simple"},"acf":[],"yoast_head":"<!-- This site is optimized with the Yoast SEO plugin v27.2 - https:\/\/yoast.com\/product\/yoast-seo-wordpress\/ -->\n<title>BALMA Chaiselongue - Dreiteiliges Sofa by Santiago Sevillano<\/title>\n<meta name=\"description\" content=\"BALMA - Dreiteiliges Sofa mit Chaiselongue, mit hohen oder niedrigen Armlehnen f\u00fcr hohen Komfort entworfen von Santiago Sevillano f\u00fcr Dressy Dressy\" \/>\n<meta name=\"robots\" content=\"index, follow, max-snippet:-1, max-image-preview:large, max-video-preview:-1\" \/>\n<link rel=\"canonical\" href=\"https:\/\/www.dressy.design\/de\/p\/balma-dreiteiliges-sofa-mit-chaiselongue\/\" \/>\n<meta property=\"og:locale\" content=\"de_DE\" \/>\n<meta property=\"og:type\" content=\"article\" \/>\n<meta property=\"og:title\" content=\"BALMA Chaiselongue - Dreiteiliges Sofa by Santiago Sevillano\" \/>\n<meta property=\"og:description\" content=\"BALMA - Dreiteiliges Sofa mit Chaiselongue, mit hohen oder niedrigen Armlehnen f\u00fcr hohen Komfort entworfen von Santiago Sevillano f\u00fcr Dressy Dressy\" \/>\n<meta property=\"og:url\" content=\"https:\/\/www.dressy.design\/de\/p\/balma-dreiteiliges-sofa-mit-chaiselongue\/\" \/>\n<meta property=\"og:site_name\" content=\"Dressy\" \/>\n<meta property=\"article:modified_time\" content=\"2022-11-02T07:38:00+00:00\" \/>\n<meta property=\"og:image\" content=\"https:\/\/www.dressy.design\/wp-content\/uploads\/2021\/12\/p_Balma-Chaiselonge-1.webp\" \/>\n\t<meta property=\"og:image:width\" content=\"1195\" \/>\n\t<meta property=\"og:image:height\" content=\"1195\" \/>\n\t<meta property=\"og:image:type\" content=\"image\/webp\" \/>\n<meta name=\"twitter:card\" content=\"summary_large_image\" \/>\n<meta name=\"twitter:label1\" content=\"Gesch\u00e4tzte Lesezeit\" \/>\n\t<meta name=\"twitter:data1\" content=\"1\u00a0Minute\" \/>\n<script type=\"application\/ld+json\" class=\"yoast-schema-graph\">{\"@context\":\"https:\/\/schema.org\",\"@graph\":[{\"@type\":\"WebPage\",\"@id\":\"https:\/\/www.dressy.design\/de\/p\/balma-dreiteiliges-sofa-mit-chaiselongue\/\",\"url\":\"https:\/\/www.dressy.design\/de\/p\/balma-dreiteiliges-sofa-mit-chaiselongue\/\",\"name\":\"BALMA Chaiselongue - Dreiteiliges Sofa by Santiago Sevillano\",\"isPartOf\":{\"@id\":\"https:\/\/www.dressy.design\/de\/#website\"},\"primaryImageOfPage\":{\"@id\":\"https:\/\/www.dressy.design\/de\/p\/balma-dreiteiliges-sofa-mit-chaiselongue\/#primaryimage\"},\"image\":{\"@id\":\"https:\/\/www.dressy.design\/de\/p\/balma-dreiteiliges-sofa-mit-chaiselongue\/#primaryimage\"},\"thumbnailUrl\":\"https:\/\/www.dressy.design\/wp-content\/uploads\/2021\/12\/p_Balma-Chaiselonge-1.webp\",\"datePublished\":\"2022-05-04T09:44:33+00:00\",\"dateModified\":\"2022-11-02T07:38:00+00:00\",\"description\":\"BALMA - Dreiteiliges Sofa mit Chaiselongue, mit hohen oder niedrigen Armlehnen f\u00fcr hohen Komfort entworfen von Santiago Sevillano f\u00fcr Dressy Dressy\",\"breadcrumb\":{\"@id\":\"https:\/\/www.dressy.design\/de\/p\/balma-dreiteiliges-sofa-mit-chaiselongue\/#breadcrumb\"},\"inLanguage\":\"de\",\"potentialAction\":[{\"@type\":\"ReadAction\",\"target\":[\"https:\/\/www.dressy.design\/de\/p\/balma-dreiteiliges-sofa-mit-chaiselongue\/\"]}]},{\"@type\":\"ImageObject\",\"inLanguage\":\"de\",\"@id\":\"https:\/\/www.dressy.design\/de\/p\/balma-dreiteiliges-sofa-mit-chaiselongue\/#primaryimage\",\"url\":\"https:\/\/www.dressy.design\/wp-content\/uploads\/2021\/12\/p_Balma-Chaiselonge-1.webp\",\"contentUrl\":\"https:\/\/www.dressy.design\/wp-content\/uploads\/2021\/12\/p_Balma-Chaiselonge-1.webp\",\"width\":1195,\"height\":1195},{\"@type\":\"BreadcrumbList\",\"@id\":\"https:\/\/www.dressy.design\/de\/p\/balma-dreiteiliges-sofa-mit-chaiselongue\/#breadcrumb\",\"itemListElement\":[{\"@type\":\"ListItem\",\"position\":1,\"name\":\"Portada\",\"item\":\"https:\/\/www.dressy.design\/de\/\"},{\"@type\":\"ListItem\",\"position\":2,\"name\":\"Tienda\",\"item\":\"https:\/\/www.dressy.design\/es\/?page_id=180\"},{\"@type\":\"ListItem\",\"position\":3,\"name\":\"BALMA\"}]},{\"@type\":\"WebSite\",\"@id\":\"https:\/\/www.dressy.design\/de\/#website\",\"url\":\"https:\/\/www.dressy.design\/de\/\",\"name\":\"Dressy\",\"description\":\"Sillas y mesas de m\u00e1xima calidad y dise\u00f1o\",\"potentialAction\":[{\"@type\":\"SearchAction\",\"target\":{\"@type\":\"EntryPoint\",\"urlTemplate\":\"https:\/\/www.dressy.design\/de\/?s={search_term_string}\"},\"query-input\":{\"@type\":\"PropertyValueSpecification\",\"valueRequired\":true,\"valueName\":\"search_term_string\"}}],\"inLanguage\":\"de\"}]}<\/script>\n<!-- \/ Yoast SEO plugin. -->","yoast_head_json":{"title":"BALMA Chaiselongue - Dreiteiliges Sofa by Santiago Sevillano","description":"BALMA - Dreiteiliges Sofa mit Chaiselongue, mit hohen oder niedrigen Armlehnen f\u00fcr hohen Komfort entworfen von Santiago Sevillano f\u00fcr Dressy Dressy","robots":{"index":"index","follow":"follow","max-snippet":"max-snippet:-1","max-image-preview":"max-image-preview:large","max-video-preview":"max-video-preview:-1"},"canonical":"https:\/\/www.dressy.design\/de\/p\/balma-dreiteiliges-sofa-mit-chaiselongue\/","og_locale":"de_DE","og_type":"article","og_title":"BALMA Chaiselongue - Dreiteiliges Sofa by Santiago Sevillano","og_description":"BALMA - Dreiteiliges Sofa mit Chaiselongue, mit hohen oder niedrigen Armlehnen f\u00fcr hohen Komfort entworfen von Santiago Sevillano f\u00fcr Dressy Dressy","og_url":"https:\/\/www.dressy.design\/de\/p\/balma-dreiteiliges-sofa-mit-chaiselongue\/","og_site_name":"Dressy","article_modified_time":"2022-11-02T07:38:00+00:00","og_image":[{"width":1195,"height":1195,"url":"https:\/\/www.dressy.design\/wp-content\/uploads\/2021\/12\/p_Balma-Chaiselonge-1.webp","type":"image\/webp"}],"twitter_card":"summary_large_image","twitter_misc":{"Gesch\u00e4tzte Lesezeit":"1\u00a0Minute"},"schema":{"@context":"https:\/\/schema.org","@graph":[{"@type":"WebPage","@id":"https:\/\/www.dressy.design\/de\/p\/balma-dreiteiliges-sofa-mit-chaiselongue\/","url":"https:\/\/www.dressy.design\/de\/p\/balma-dreiteiliges-sofa-mit-chaiselongue\/","name":"BALMA Chaiselongue - Dreiteiliges Sofa by Santiago Sevillano","isPartOf":{"@id":"https:\/\/www.dressy.design\/de\/#website"},"primaryImageOfPage":{"@id":"https:\/\/www.dressy.design\/de\/p\/balma-dreiteiliges-sofa-mit-chaiselongue\/#primaryimage"},"image":{"@id":"https:\/\/www.dressy.design\/de\/p\/balma-dreiteiliges-sofa-mit-chaiselongue\/#primaryimage"},"thumbnailUrl":"https:\/\/www.dressy.design\/wp-content\/uploads\/2021\/12\/p_Balma-Chaiselonge-1.webp","datePublished":"2022-05-04T09:44:33+00:00","dateModified":"2022-11-02T07:38:00+00:00","description":"BALMA - Dreiteiliges Sofa mit Chaiselongue, mit hohen oder niedrigen Armlehnen f\u00fcr hohen Komfort entworfen von Santiago Sevillano f\u00fcr Dressy Dressy","breadcrumb":{"@id":"https:\/\/www.dressy.design\/de\/p\/balma-dreiteiliges-sofa-mit-chaiselongue\/#breadcrumb"},"inLanguage":"de","potentialAction":[{"@type":"ReadAction","target":["https:\/\/www.dressy.design\/de\/p\/balma-dreiteiliges-sofa-mit-chaiselongue\/"]}]},{"@type":"ImageObject","inLanguage":"de","@id":"https:\/\/www.dressy.design\/de\/p\/balma-dreiteiliges-sofa-mit-chaiselongue\/#primaryimage","url":"https:\/\/www.dressy.design\/wp-content\/uploads\/2021\/12\/p_Balma-Chaiselonge-1.webp","contentUrl":"https:\/\/www.dressy.design\/wp-content\/uploads\/2021\/12\/p_Balma-Chaiselonge-1.webp","width":1195,"height":1195},{"@type":"BreadcrumbList","@id":"https:\/\/www.dressy.design\/de\/p\/balma-dreiteiliges-sofa-mit-chaiselongue\/#breadcrumb","itemListElement":[{"@type":"ListItem","position":1,"name":"Portada","item":"https:\/\/www.dressy.design\/de\/"},{"@type":"ListItem","position":2,"name":"Tienda","item":"https:\/\/www.dressy.design\/es\/?page_id=180"},{"@type":"ListItem","position":3,"name":"BALMA"}]},{"@type":"WebSite","@id":"https:\/\/www.dressy.design\/de\/#website","url":"https:\/\/www.dressy.design\/de\/","name":"Dressy","description":"Sillas y mesas de m\u00e1xima calidad y dise\u00f1o","potentialAction":[{"@type":"SearchAction","target":{"@type":"EntryPoint","urlTemplate":"https:\/\/www.dressy.design\/de\/?s={search_term_string}"},"query-input":{"@type":"PropertyValueSpecification","valueRequired":true,"valueName":"search_term_string"}}],"inLanguage":"de"}]}},"_links":{"self":[{"href":"https:\/\/www.dressy.design\/de\/wp-json\/wp\/v2\/product\/6133","targetHints":{"allow":["GET"]}}],"collection":[{"href":"https:\/\/www.dressy.design\/de\/wp-json\/wp\/v2\/product"}],"about":[{"href":"https:\/\/www.dressy.design\/de\/wp-json\/wp\/v2\/types\/product"}],"wp:featuredmedia":[{"embeddable":true,"href":"https:\/\/www.dressy.design\/de\/wp-json\/wp\/v2\/media\/4826"}],"wp:attachment":[{"href":"https:\/\/www.dressy.design\/de\/wp-json\/wp\/v2\/media?parent=6133"}],"wp:term":[{"taxonomy":"product_brand","embeddable":true,"href":"https:\/\/www.dressy.design\/de\/wp-json\/wp\/v2\/product_brand?post=6133"},{"taxonomy":"product_cat","embeddable":true,"href":"https:\/\/www.dressy.design\/de\/wp-json\/wp\/v2\/product_cat?post=6133"},{"taxonomy":"product_tag","embeddable":true,"href":"https:\/\/www.dressy.design\/de\/wp-json\/wp\/v2\/product_tag?post=6133"}],"curies":[{"name":"wp","href":"https:\/\/api.w.org\/{rel}","templated":true}]}}