{"id":6134,"date":"2021-12-24T12:10:22","date_gmt":"2021-12-24T12:10:22","guid":{"rendered":"https:\/\/www.dressy.design\/p\/miles-h77-consola-aparador-recubierta-de-ceramica-disenado\/"},"modified":"2022-09-20T10:19:01","modified_gmt":"2022-09-20T08:19:01","slug":"miles-h77-konsole-die-beiden-module-sind-mit-keramik-verkleidet","status":"publish","type":"product","link":"https:\/\/www.dressy.design\/de\/p\/miles-h77-konsole-die-beiden-module-sind-mit-keramik-verkleidet\/","title":{"rendered":"MILES H77"},"content":{"rendered":"\t<div id=\"gap-480919071\" class=\"gap-element clearfix hide-for-small\" style=\"display:block; height:auto;\">\n\t\t\n<style>\n#gap-480919071 {\n  padding-top: 50px;\n}\n<\/style>\n\t<\/div>\n\t\n<div class=\"row descripcion-parte-1\"  id=\"row-2013511293\">\n\n\t<div id=\"col-676312501\" class=\"col medium-6 small-12 large-6\"  data-animate=\"fadeInDown\">\n\t\t\t\t<div class=\"col-inner\"  >\n\t\t\t\n\t\t\t\n\t<div class=\"img has-hover x md-x lg-x y md-y lg-y\" id=\"image_1009411842\">\n\t\t\t\t\t\t\t\t<div class=\"img-inner image-zoom dark\" >\n\t\t\t<img loading=\"lazy\" decoding=\"async\" width=\"550\" height=\"800\" src=\"https:\/\/www.dressy.design\/wp-content\/uploads\/2021\/11\/Miles-H77_Galeria_01.webp\" class=\"attachment-large size-large\" alt=\"\" srcset=\"https:\/\/www.dressy.design\/wp-content\/uploads\/2021\/11\/Miles-H77_Galeria_01.webp 550w, https:\/\/www.dressy.design\/wp-content\/uploads\/2021\/11\/Miles-H77_Galeria_01-150x218.webp 150w, https:\/\/www.dressy.design\/wp-content\/uploads\/2021\/11\/Miles-H77_Galeria_01-34x50.webp 34w, https:\/\/www.dressy.design\/wp-content\/uploads\/2021\/11\/Miles-H77_Galeria_01-69x100.webp 69w, https:\/\/www.dressy.design\/wp-content\/uploads\/2021\/11\/Miles-H77_Galeria_01-300x436.webp 300w\" sizes=\"auto, (max-width: 550px) 100vw, 550px\" \/>\t\t\t\t\t\t\n\t\t\t\t\t<\/div>\n\t\t\t\t\t\t\t\t\n<style>\n#image_1009411842 {\n  width: 100%;\n}\n<\/style>\n\t<\/div>\n\t\n\t\t<\/div>\n\t\t\t\t\t<\/div>\n\n\t\n\n\t<div id=\"col-962195028\" class=\"col medium-6 small-12 large-6\"  data-animate=\"fadeInDown\">\n\t\t\t\t<div class=\"col-inner\"  >\n\t\t\t\n\t\t\t\n\t<div class=\"img has-hover x md-x lg-x y md-y lg-y\" id=\"image_1396698183\">\n\t\t\t\t\t\t\t\t<div class=\"img-inner image-zoom dark\" >\n\t\t\t<img loading=\"lazy\" decoding=\"async\" width=\"550\" height=\"800\" src=\"https:\/\/www.dressy.design\/wp-content\/uploads\/2021\/11\/Miles-H77_Galeria_02.webp\" class=\"attachment-large size-large\" alt=\"\" srcset=\"https:\/\/www.dressy.design\/wp-content\/uploads\/2021\/11\/Miles-H77_Galeria_02.webp 550w, https:\/\/www.dressy.design\/wp-content\/uploads\/2021\/11\/Miles-H77_Galeria_02-150x218.webp 150w, https:\/\/www.dressy.design\/wp-content\/uploads\/2021\/11\/Miles-H77_Galeria_02-34x50.webp 34w, https:\/\/www.dressy.design\/wp-content\/uploads\/2021\/11\/Miles-H77_Galeria_02-69x100.webp 69w, https:\/\/www.dressy.design\/wp-content\/uploads\/2021\/11\/Miles-H77_Galeria_02-300x436.webp 300w\" sizes=\"auto, (max-width: 550px) 100vw, 550px\" \/>\t\t\t\t\t\t\n\t\t\t\t\t<\/div>\n\t\t\t\t\t\t\t\t\n<style>\n#image_1396698183 {\n  width: 100%;\n}\n<\/style>\n\t<\/div>\n\t\n\t\t<\/div>\n\t\t\t\t\t<\/div>\n\n\t\n<\/div>\n<div class=\"row descripcion-parte-1\"  id=\"row-241206327\">\n\n\t<div id=\"col-373458620\" class=\"col small-12 large-12\"  data-animate=\"fadeInDown\">\n\t\t\t\t<div class=\"col-inner\"  >\n\t\t\t\n\t\t\t\n\t<div id=\"text-3371706380\" class=\"text justify\">\n\t\t\n<p>Miles ist das erste Stauraumm\u00f6bel von Dressy, das sowohl Sideboards als auch Schr\u00e4nke in verschiedenen Gr\u00f6\u00dfen umfasst. Die M\u00f6bel werden in drei verschiedenen H\u00f6hen angeboten: zum einen ein Bodengestell aus MDF und zum anderen eine Metallstruktur, die in zwei verschiedenen H\u00f6hen und zwei verschiedenen Formen (rund und rechteckig) angeboten wird. Das obere Modul kann lackiert oder mit Keramik verkleidet werden. Im Falle des Sideboards ist dieses Modul in zwei, drei oder vier Volumen unterteilt und in verschiedenen Abmessungen erh\u00e4ltlich. Es handelt sich um eine \u00e4u\u00dferst vielseitige Kollektion, die zahlreiche M\u00f6glichkeiten zur individuellen Gestaltung des gew\u00fcnschten M\u00f6belst\u00fccks bietet. Dar\u00fcber hinaus wurde das Sideboard mit den besten auf dem Markt erh\u00e4ltlichen Komponenten, wie z.B. den HETTICH\u00ae-Beschl\u00e4gen, entworfen.<\/p>\n\t\t\t<\/div>\n\t\n\t<div id=\"gap-302624287\" class=\"gap-element clearfix hide-for-small\" style=\"display:block; height:auto;\">\n\t\t\n<style>\n#gap-302624287 {\n  padding-top: 50px;\n}\n<\/style>\n\t<\/div>\n\t\n\t\t<\/div>\n\t\t\t\t\t<\/div>\n\n\t\n<\/div>\n","protected":false},"excerpt":{"rendered":"<p>Die Konsole ist 77 cm hoch und 124 cm breit. Die beiden Module sind mit Keramik verkleidet.<\/p>\n<p><strong>Designer<\/strong><br \/>\n<a href=\"\"><\/a><\/p>\n","protected":false},"featured_media":4834,"template":"","meta":{"_acf_changed":false},"product_brand":[],"product_cat":[324,325,267],"product_tag":[],"class_list":{"0":"post-6134","1":"product","2":"type-product","3":"status-publish","4":"has-post-thumbnail","6":"product_cat-consolas-de","7":"product_cat-miles-de","8":"product_cat-sergio-rochas","10":"first","11":"instock","12":"product-type-simple"},"acf":[],"yoast_head":"<!-- This site is optimized with the Yoast SEO plugin v27.2 - https:\/\/yoast.com\/product\/yoast-seo-wordpress\/ -->\n<title>MILES H77 - konsole die beiden module sind mit keramik verkleidet<\/title>\n<meta name=\"description\" content=\"MILES H77 von Sergio Rochas - Die Konsole ist 77 cm hoch und 124 cm breit. Die beiden Module sind mit Keramik verkleidet. Dressy\" \/>\n<meta name=\"robots\" content=\"index, follow, max-snippet:-1, max-image-preview:large, max-video-preview:-1\" \/>\n<link rel=\"canonical\" href=\"https:\/\/www.dressy.design\/de\/p\/miles-h77-konsole-die-beiden-module-sind-mit-keramik-verkleidet\/\" \/>\n<meta property=\"og:locale\" content=\"de_DE\" \/>\n<meta property=\"og:type\" content=\"article\" \/>\n<meta property=\"og:title\" content=\"MILES H77 - konsole die beiden module sind mit keramik verkleidet\" \/>\n<meta property=\"og:description\" content=\"MILES H77 von Sergio Rochas - Die Konsole ist 77 cm hoch und 124 cm breit. Die beiden Module sind mit Keramik verkleidet. Dressy\" \/>\n<meta property=\"og:url\" content=\"https:\/\/www.dressy.design\/de\/p\/miles-h77-konsole-die-beiden-module-sind-mit-keramik-verkleidet\/\" \/>\n<meta property=\"og:site_name\" content=\"Dressy\" \/>\n<meta property=\"article:modified_time\" content=\"2022-09-20T08:19:01+00:00\" \/>\n<meta property=\"og:image\" content=\"https:\/\/www.dressy.design\/wp-content\/uploads\/2021\/12\/p_Consola-Miles-H77-1.webp\" \/>\n\t<meta property=\"og:image:width\" content=\"1195\" \/>\n\t<meta property=\"og:image:height\" content=\"1195\" \/>\n\t<meta property=\"og:image:type\" content=\"image\/webp\" \/>\n<meta name=\"twitter:card\" content=\"summary_large_image\" \/>\n<meta name=\"twitter:label1\" content=\"Gesch\u00e4tzte Lesezeit\" \/>\n\t<meta name=\"twitter:data1\" content=\"1\u00a0Minute\" \/>\n<script type=\"application\/ld+json\" class=\"yoast-schema-graph\">{\"@context\":\"https:\/\/schema.org\",\"@graph\":[{\"@type\":\"WebPage\",\"@id\":\"https:\/\/www.dressy.design\/de\/p\/miles-h77-konsole-die-beiden-module-sind-mit-keramik-verkleidet\/\",\"url\":\"https:\/\/www.dressy.design\/de\/p\/miles-h77-konsole-die-beiden-module-sind-mit-keramik-verkleidet\/\",\"name\":\"MILES H77 - konsole die beiden module sind mit keramik verkleidet\",\"isPartOf\":{\"@id\":\"https:\/\/www.dressy.design\/de\/#website\"},\"primaryImageOfPage\":{\"@id\":\"https:\/\/www.dressy.design\/de\/p\/miles-h77-konsole-die-beiden-module-sind-mit-keramik-verkleidet\/#primaryimage\"},\"image\":{\"@id\":\"https:\/\/www.dressy.design\/de\/p\/miles-h77-konsole-die-beiden-module-sind-mit-keramik-verkleidet\/#primaryimage\"},\"thumbnailUrl\":\"https:\/\/www.dressy.design\/wp-content\/uploads\/2021\/12\/p_Consola-Miles-H77-1.webp\",\"datePublished\":\"2021-12-24T12:10:22+00:00\",\"dateModified\":\"2022-09-20T08:19:01+00:00\",\"description\":\"MILES H77 von Sergio Rochas - Die Konsole ist 77 cm hoch und 124 cm breit. Die beiden Module sind mit Keramik verkleidet. Dressy\",\"breadcrumb\":{\"@id\":\"https:\/\/www.dressy.design\/de\/p\/miles-h77-konsole-die-beiden-module-sind-mit-keramik-verkleidet\/#breadcrumb\"},\"inLanguage\":\"de\",\"potentialAction\":[{\"@type\":\"ReadAction\",\"target\":[\"https:\/\/www.dressy.design\/de\/p\/miles-h77-konsole-die-beiden-module-sind-mit-keramik-verkleidet\/\"]}]},{\"@type\":\"ImageObject\",\"inLanguage\":\"de\",\"@id\":\"https:\/\/www.dressy.design\/de\/p\/miles-h77-konsole-die-beiden-module-sind-mit-keramik-verkleidet\/#primaryimage\",\"url\":\"https:\/\/www.dressy.design\/wp-content\/uploads\/2021\/12\/p_Consola-Miles-H77-1.webp\",\"contentUrl\":\"https:\/\/www.dressy.design\/wp-content\/uploads\/2021\/12\/p_Consola-Miles-H77-1.webp\",\"width\":1195,\"height\":1195},{\"@type\":\"BreadcrumbList\",\"@id\":\"https:\/\/www.dressy.design\/de\/p\/miles-h77-konsole-die-beiden-module-sind-mit-keramik-verkleidet\/#breadcrumb\",\"itemListElement\":[{\"@type\":\"ListItem\",\"position\":1,\"name\":\"Portada\",\"item\":\"https:\/\/www.dressy.design\/de\/\"},{\"@type\":\"ListItem\",\"position\":2,\"name\":\"Tienda\",\"item\":\"https:\/\/www.dressy.design\/es\/?page_id=180\"},{\"@type\":\"ListItem\",\"position\":3,\"name\":\"MILES H77\"}]},{\"@type\":\"WebSite\",\"@id\":\"https:\/\/www.dressy.design\/de\/#website\",\"url\":\"https:\/\/www.dressy.design\/de\/\",\"name\":\"Dressy\",\"description\":\"Sillas y mesas de m\u00e1xima calidad y dise\u00f1o\",\"potentialAction\":[{\"@type\":\"SearchAction\",\"target\":{\"@type\":\"EntryPoint\",\"urlTemplate\":\"https:\/\/www.dressy.design\/de\/?s={search_term_string}\"},\"query-input\":{\"@type\":\"PropertyValueSpecification\",\"valueRequired\":true,\"valueName\":\"search_term_string\"}}],\"inLanguage\":\"de\"}]}<\/script>\n<!-- \/ Yoast SEO plugin. -->","yoast_head_json":{"title":"MILES H77 - konsole die beiden module sind mit keramik verkleidet","description":"MILES H77 von Sergio Rochas - Die Konsole ist 77 cm hoch und 124 cm breit. Die beiden Module sind mit Keramik verkleidet. Dressy","robots":{"index":"index","follow":"follow","max-snippet":"max-snippet:-1","max-image-preview":"max-image-preview:large","max-video-preview":"max-video-preview:-1"},"canonical":"https:\/\/www.dressy.design\/de\/p\/miles-h77-konsole-die-beiden-module-sind-mit-keramik-verkleidet\/","og_locale":"de_DE","og_type":"article","og_title":"MILES H77 - konsole die beiden module sind mit keramik verkleidet","og_description":"MILES H77 von Sergio Rochas - Die Konsole ist 77 cm hoch und 124 cm breit. Die beiden Module sind mit Keramik verkleidet. Dressy","og_url":"https:\/\/www.dressy.design\/de\/p\/miles-h77-konsole-die-beiden-module-sind-mit-keramik-verkleidet\/","og_site_name":"Dressy","article_modified_time":"2022-09-20T08:19:01+00:00","og_image":[{"width":1195,"height":1195,"url":"https:\/\/www.dressy.design\/wp-content\/uploads\/2021\/12\/p_Consola-Miles-H77-1.webp","type":"image\/webp"}],"twitter_card":"summary_large_image","twitter_misc":{"Gesch\u00e4tzte Lesezeit":"1\u00a0Minute"},"schema":{"@context":"https:\/\/schema.org","@graph":[{"@type":"WebPage","@id":"https:\/\/www.dressy.design\/de\/p\/miles-h77-konsole-die-beiden-module-sind-mit-keramik-verkleidet\/","url":"https:\/\/www.dressy.design\/de\/p\/miles-h77-konsole-die-beiden-module-sind-mit-keramik-verkleidet\/","name":"MILES H77 - konsole die beiden module sind mit keramik verkleidet","isPartOf":{"@id":"https:\/\/www.dressy.design\/de\/#website"},"primaryImageOfPage":{"@id":"https:\/\/www.dressy.design\/de\/p\/miles-h77-konsole-die-beiden-module-sind-mit-keramik-verkleidet\/#primaryimage"},"image":{"@id":"https:\/\/www.dressy.design\/de\/p\/miles-h77-konsole-die-beiden-module-sind-mit-keramik-verkleidet\/#primaryimage"},"thumbnailUrl":"https:\/\/www.dressy.design\/wp-content\/uploads\/2021\/12\/p_Consola-Miles-H77-1.webp","datePublished":"2021-12-24T12:10:22+00:00","dateModified":"2022-09-20T08:19:01+00:00","description":"MILES H77 von Sergio Rochas - Die Konsole ist 77 cm hoch und 124 cm breit. Die beiden Module sind mit Keramik verkleidet. Dressy","breadcrumb":{"@id":"https:\/\/www.dressy.design\/de\/p\/miles-h77-konsole-die-beiden-module-sind-mit-keramik-verkleidet\/#breadcrumb"},"inLanguage":"de","potentialAction":[{"@type":"ReadAction","target":["https:\/\/www.dressy.design\/de\/p\/miles-h77-konsole-die-beiden-module-sind-mit-keramik-verkleidet\/"]}]},{"@type":"ImageObject","inLanguage":"de","@id":"https:\/\/www.dressy.design\/de\/p\/miles-h77-konsole-die-beiden-module-sind-mit-keramik-verkleidet\/#primaryimage","url":"https:\/\/www.dressy.design\/wp-content\/uploads\/2021\/12\/p_Consola-Miles-H77-1.webp","contentUrl":"https:\/\/www.dressy.design\/wp-content\/uploads\/2021\/12\/p_Consola-Miles-H77-1.webp","width":1195,"height":1195},{"@type":"BreadcrumbList","@id":"https:\/\/www.dressy.design\/de\/p\/miles-h77-konsole-die-beiden-module-sind-mit-keramik-verkleidet\/#breadcrumb","itemListElement":[{"@type":"ListItem","position":1,"name":"Portada","item":"https:\/\/www.dressy.design\/de\/"},{"@type":"ListItem","position":2,"name":"Tienda","item":"https:\/\/www.dressy.design\/es\/?page_id=180"},{"@type":"ListItem","position":3,"name":"MILES H77"}]},{"@type":"WebSite","@id":"https:\/\/www.dressy.design\/de\/#website","url":"https:\/\/www.dressy.design\/de\/","name":"Dressy","description":"Sillas y mesas de m\u00e1xima calidad y dise\u00f1o","potentialAction":[{"@type":"SearchAction","target":{"@type":"EntryPoint","urlTemplate":"https:\/\/www.dressy.design\/de\/?s={search_term_string}"},"query-input":{"@type":"PropertyValueSpecification","valueRequired":true,"valueName":"search_term_string"}}],"inLanguage":"de"}]}},"_links":{"self":[{"href":"https:\/\/www.dressy.design\/de\/wp-json\/wp\/v2\/product\/6134","targetHints":{"allow":["GET"]}}],"collection":[{"href":"https:\/\/www.dressy.design\/de\/wp-json\/wp\/v2\/product"}],"about":[{"href":"https:\/\/www.dressy.design\/de\/wp-json\/wp\/v2\/types\/product"}],"wp:featuredmedia":[{"embeddable":true,"href":"https:\/\/www.dressy.design\/de\/wp-json\/wp\/v2\/media\/4834"}],"wp:attachment":[{"href":"https:\/\/www.dressy.design\/de\/wp-json\/wp\/v2\/media?parent=6134"}],"wp:term":[{"taxonomy":"product_brand","embeddable":true,"href":"https:\/\/www.dressy.design\/de\/wp-json\/wp\/v2\/product_brand?post=6134"},{"taxonomy":"product_cat","embeddable":true,"href":"https:\/\/www.dressy.design\/de\/wp-json\/wp\/v2\/product_cat?post=6134"},{"taxonomy":"product_tag","embeddable":true,"href":"https:\/\/www.dressy.design\/de\/wp-json\/wp\/v2\/product_tag?post=6134"}],"curies":[{"name":"wp","href":"https:\/\/api.w.org\/{rel}","templated":true}]}}