{"id":6136,"date":"2021-12-24T12:10:22","date_gmt":"2021-12-24T12:10:22","guid":{"rendered":"https:\/\/www.dressy.design\/p\/miles-h170-alacena-moderna-recubierta-de-ceramica\/"},"modified":"2022-09-20T11:31:50","modified_gmt":"2022-09-20T09:31:50","slug":"miles-h170-schrank-mit-metallboden-und-einer-gesamthoehe","status":"publish","type":"product","link":"https:\/\/www.dressy.design\/de\/p\/miles-h170-schrank-mit-metallboden-und-einer-gesamthoehe\/","title":{"rendered":"MILES H170"},"content":{"rendered":"\t<div id=\"gap-554021676\" class=\"gap-element clearfix hide-for-small\" style=\"display:block; height:auto;\">\n\t\t\n<style>\n#gap-554021676 {\n  padding-top: 50px;\n}\n<\/style>\n\t<\/div>\n\t\n<div class=\"row descripcion-parte-1\"  id=\"row-1807617220\">\n\n\t<div id=\"col-1339274654\" class=\"col medium-6 small-12 large-6\"  data-animate=\"fadeInDown\">\n\t\t\t\t<div class=\"col-inner\"  >\n\t\t\t\n\t\t\t\n\t<div class=\"img has-hover x md-x lg-x y md-y lg-y\" id=\"image_2054133671\">\n\t\t\t\t\t\t\t\t<div class=\"img-inner image-zoom dark\" >\n\t\t\t<img loading=\"lazy\" decoding=\"async\" width=\"550\" height=\"800\" src=\"https:\/\/www.dressy.design\/wp-content\/uploads\/2021\/11\/Alacena-Miles_Producto_01.webp\" class=\"attachment-large size-large\" alt=\"\" srcset=\"https:\/\/www.dressy.design\/wp-content\/uploads\/2021\/11\/Alacena-Miles_Producto_01.webp 550w, https:\/\/www.dressy.design\/wp-content\/uploads\/2021\/11\/Alacena-Miles_Producto_01-150x218.webp 150w, https:\/\/www.dressy.design\/wp-content\/uploads\/2021\/11\/Alacena-Miles_Producto_01-34x50.webp 34w, https:\/\/www.dressy.design\/wp-content\/uploads\/2021\/11\/Alacena-Miles_Producto_01-69x100.webp 69w, https:\/\/www.dressy.design\/wp-content\/uploads\/2021\/11\/Alacena-Miles_Producto_01-300x436.webp 300w\" sizes=\"auto, (max-width: 550px) 100vw, 550px\" \/>\t\t\t\t\t\t\n\t\t\t\t\t<\/div>\n\t\t\t\t\t\t\t\t\n<style>\n#image_2054133671 {\n  width: 100%;\n}\n<\/style>\n\t<\/div>\n\t\n\t\t<\/div>\n\t\t\t\t\t<\/div>\n\n\t\n\n\t<div id=\"col-1578236290\" class=\"col hide-for-small medium-6 small-12 large-6\"  >\n\t\t\t\t<div class=\"col-inner\"  >\n\t\t\t\n\t\t\t\n<div class=\"row\"  id=\"row-2054291569\">\n\n\t<div id=\"col-1536295375\" class=\"col medium-8 small-12 large-8\"  >\n\t\t\t\t<div class=\"col-inner\"  >\n\t\t\t\n\t\t\t\n\t<div class=\"img has-hover x md-x lg-x y md-y lg-y\" id=\"image_1021513368\">\n\t\t\t\t\t\t\t\t<div class=\"img-inner dark\" >\n\t\t\t<img loading=\"lazy\" decoding=\"async\" width=\"800\" height=\"800\" src=\"https:\/\/www.dressy.design\/wp-content\/uploads\/2021\/11\/Alacena-Miles_Producto_02.webp\" class=\"attachment-large size-large\" alt=\"\" srcset=\"https:\/\/www.dressy.design\/wp-content\/uploads\/2021\/11\/Alacena-Miles_Producto_02.webp 800w, https:\/\/www.dressy.design\/wp-content\/uploads\/2021\/11\/Alacena-Miles_Producto_02-150x150.webp 150w, https:\/\/www.dressy.design\/wp-content\/uploads\/2021\/11\/Alacena-Miles_Producto_02-768x768.webp 768w, https:\/\/www.dressy.design\/wp-content\/uploads\/2021\/11\/Alacena-Miles_Producto_02-300x300.webp 300w, https:\/\/www.dressy.design\/wp-content\/uploads\/2021\/11\/Alacena-Miles_Producto_02-640x640.webp 640w, https:\/\/www.dressy.design\/wp-content\/uploads\/2021\/11\/Alacena-Miles_Producto_02-50x50.webp 50w, https:\/\/www.dressy.design\/wp-content\/uploads\/2021\/11\/Alacena-Miles_Producto_02-100x100.webp 100w, https:\/\/www.dressy.design\/wp-content\/uploads\/2021\/11\/Alacena-Miles_Producto_02-600x600.webp 600w\" sizes=\"auto, (max-width: 800px) 100vw, 800px\" \/>\t\t\t\t\t\t\n\t\t\t\t\t<\/div>\n\t\t\t\t\t\t\t\t\n<style>\n#image_1021513368 {\n  width: 100%;\n}\n<\/style>\n\t<\/div>\n\t\n<p>Miles ist das erste Stauraumm\u00f6bel von Dressy, das sowohl Sideboards als auch Schr\u00e4nke in verschiedenen Gr\u00f6\u00dfen umfasst. Die M\u00f6bel werden in drei verschiedenen H\u00f6hen angeboten: zum einen ein Bodengestell aus MDF und zum anderen eine Metallstruktur, die in zwei verschiedenen H\u00f6hen und zwei verschiedenen Formen (rund und rechteckig) angeboten wird. Das obere Modul kann lackiert oder mit Keramik verkleidet werden. Im Falle des Sideboards ist dieses Modul in zwei, drei oder vier Volumen unterteilt und in verschiedenen Abmessungen erh\u00e4ltlich. Es handelt sich um eine \u00e4u\u00dferst vielseitige Kollektion, die zahlreiche M\u00f6glichkeiten zur individuellen Gestaltung des gew\u00fcnschten M\u00f6belst\u00fccks bietet. Dar\u00fcber hinaus wurde das Sideboard mit den besten auf dem Markt erh\u00e4ltlichen Komponenten, wie z.B. den HETTICH\u00ae-Beschl\u00e4gen, ausgestattet.<\/p>\n\t\t<\/div>\n\t\t\t\t\t<\/div>\n\n\t\n<\/div>\n\t\t<\/div>\n\t\t\t\t\t<\/div>\n\n\t\n<\/div>\n<div class=\"row descripcion-parte-1\"  id=\"row-730841180\">\n\n\t<div id=\"col-2104566895\" class=\"col hide-for-small medium-2 small-12 large-2\"  >\n\t\t\t\t<div class=\"col-inner\"  >\n\t\t\t\n\t\t\t\n\t\t<\/div>\n\t\t\t\t\t<\/div>\n\n\t\n\n\t<div id=\"col-159036216\" class=\"col medium-8 small-12 large-8\"  data-animate=\"fadeInDown\">\n\t\t\t\t<div class=\"col-inner\"  >\n\t\t\t\n\t\t\t\n\t\t<\/div>\n\t\t\t\t\t<\/div>\n\n\t\n<\/div>\n","protected":false},"excerpt":{"rendered":"<p>Schrank mit Metallboden und einer Gesamth\u00f6he von 170 cm.<\/p>\n<p><strong>Designer<\/strong><br \/>\n<a href=\"\"><\/a><\/p>\n","protected":false},"featured_media":4820,"template":"","meta":{"_acf_changed":false},"product_brand":[],"product_cat":[326,325,267],"product_tag":[],"class_list":{"0":"post-6136","1":"product","2":"type-product","3":"status-publish","4":"has-post-thumbnail","6":"product_cat-alacenas-de","7":"product_cat-miles-de","8":"product_cat-sergio-rochas","10":"first","11":"instock","12":"product-type-simple"},"acf":[],"yoast_head":"<!-- This site is optimized with the Yoast SEO plugin v27.2 - https:\/\/yoast.com\/product\/yoast-seo-wordpress\/ -->\n<title>MILES H170 - Schrank mit Metallboden von Sergio Rochas. Dressy<\/title>\n<meta name=\"description\" content=\"MILES H170 - Schrank mit Metallboden und einer Gesamth\u00f6he von 170 cm. Sie ist vollst\u00e4ndig mit Keramik verkleidet von Sergio Rochas.\" \/>\n<meta name=\"robots\" content=\"index, follow, max-snippet:-1, max-image-preview:large, max-video-preview:-1\" \/>\n<link rel=\"canonical\" href=\"https:\/\/www.dressy.design\/de\/p\/miles-h170-schrank-mit-metallboden-und-einer-gesamthoehe\/\" \/>\n<meta property=\"og:locale\" content=\"de_DE\" \/>\n<meta property=\"og:type\" content=\"article\" \/>\n<meta property=\"og:title\" content=\"MILES H170 - Schrank mit Metallboden von Sergio Rochas. Dressy\" \/>\n<meta property=\"og:description\" content=\"MILES H170 - Schrank mit Metallboden und einer Gesamth\u00f6he von 170 cm. Sie ist vollst\u00e4ndig mit Keramik verkleidet von Sergio Rochas.\" \/>\n<meta property=\"og:url\" content=\"https:\/\/www.dressy.design\/de\/p\/miles-h170-schrank-mit-metallboden-und-einer-gesamthoehe\/\" \/>\n<meta property=\"og:site_name\" content=\"Dressy\" \/>\n<meta property=\"article:modified_time\" content=\"2022-09-20T09:31:50+00:00\" \/>\n<meta property=\"og:image\" content=\"https:\/\/www.dressy.design\/wp-content\/uploads\/2021\/12\/p_Alacena-Miles-H170-1.webp\" \/>\n\t<meta property=\"og:image:width\" content=\"1195\" \/>\n\t<meta property=\"og:image:height\" content=\"1195\" \/>\n\t<meta property=\"og:image:type\" content=\"image\/webp\" \/>\n<meta name=\"twitter:card\" content=\"summary_large_image\" \/>\n<meta name=\"twitter:label1\" content=\"Gesch\u00e4tzte Lesezeit\" \/>\n\t<meta name=\"twitter:data1\" content=\"1\u00a0Minute\" \/>\n<script type=\"application\/ld+json\" class=\"yoast-schema-graph\">{\"@context\":\"https:\/\/schema.org\",\"@graph\":[{\"@type\":\"WebPage\",\"@id\":\"https:\/\/www.dressy.design\/de\/p\/miles-h170-schrank-mit-metallboden-und-einer-gesamthoehe\/\",\"url\":\"https:\/\/www.dressy.design\/de\/p\/miles-h170-schrank-mit-metallboden-und-einer-gesamthoehe\/\",\"name\":\"MILES H170 - Schrank mit Metallboden von Sergio Rochas. Dressy\",\"isPartOf\":{\"@id\":\"https:\/\/www.dressy.design\/de\/#website\"},\"primaryImageOfPage\":{\"@id\":\"https:\/\/www.dressy.design\/de\/p\/miles-h170-schrank-mit-metallboden-und-einer-gesamthoehe\/#primaryimage\"},\"image\":{\"@id\":\"https:\/\/www.dressy.design\/de\/p\/miles-h170-schrank-mit-metallboden-und-einer-gesamthoehe\/#primaryimage\"},\"thumbnailUrl\":\"https:\/\/www.dressy.design\/wp-content\/uploads\/2021\/12\/p_Alacena-Miles-H170-1.webp\",\"datePublished\":\"2021-12-24T12:10:22+00:00\",\"dateModified\":\"2022-09-20T09:31:50+00:00\",\"description\":\"MILES H170 - Schrank mit Metallboden und einer Gesamth\u00f6he von 170 cm. Sie ist vollst\u00e4ndig mit Keramik verkleidet von Sergio Rochas.\",\"breadcrumb\":{\"@id\":\"https:\/\/www.dressy.design\/de\/p\/miles-h170-schrank-mit-metallboden-und-einer-gesamthoehe\/#breadcrumb\"},\"inLanguage\":\"de\",\"potentialAction\":[{\"@type\":\"ReadAction\",\"target\":[\"https:\/\/www.dressy.design\/de\/p\/miles-h170-schrank-mit-metallboden-und-einer-gesamthoehe\/\"]}]},{\"@type\":\"ImageObject\",\"inLanguage\":\"de\",\"@id\":\"https:\/\/www.dressy.design\/de\/p\/miles-h170-schrank-mit-metallboden-und-einer-gesamthoehe\/#primaryimage\",\"url\":\"https:\/\/www.dressy.design\/wp-content\/uploads\/2021\/12\/p_Alacena-Miles-H170-1.webp\",\"contentUrl\":\"https:\/\/www.dressy.design\/wp-content\/uploads\/2021\/12\/p_Alacena-Miles-H170-1.webp\",\"width\":1195,\"height\":1195},{\"@type\":\"BreadcrumbList\",\"@id\":\"https:\/\/www.dressy.design\/de\/p\/miles-h170-schrank-mit-metallboden-und-einer-gesamthoehe\/#breadcrumb\",\"itemListElement\":[{\"@type\":\"ListItem\",\"position\":1,\"name\":\"Portada\",\"item\":\"https:\/\/www.dressy.design\/de\/\"},{\"@type\":\"ListItem\",\"position\":2,\"name\":\"Tienda\",\"item\":\"https:\/\/www.dressy.design\/es\/?page_id=180\"},{\"@type\":\"ListItem\",\"position\":3,\"name\":\"MILES H170\"}]},{\"@type\":\"WebSite\",\"@id\":\"https:\/\/www.dressy.design\/de\/#website\",\"url\":\"https:\/\/www.dressy.design\/de\/\",\"name\":\"Dressy\",\"description\":\"Sillas y mesas de m\u00e1xima calidad y dise\u00f1o\",\"potentialAction\":[{\"@type\":\"SearchAction\",\"target\":{\"@type\":\"EntryPoint\",\"urlTemplate\":\"https:\/\/www.dressy.design\/de\/?s={search_term_string}\"},\"query-input\":{\"@type\":\"PropertyValueSpecification\",\"valueRequired\":true,\"valueName\":\"search_term_string\"}}],\"inLanguage\":\"de\"}]}<\/script>\n<!-- \/ Yoast SEO plugin. -->","yoast_head_json":{"title":"MILES H170 - Schrank mit Metallboden von Sergio Rochas. Dressy","description":"MILES H170 - Schrank mit Metallboden und einer Gesamth\u00f6he von 170 cm. Sie ist vollst\u00e4ndig mit Keramik verkleidet von Sergio Rochas.","robots":{"index":"index","follow":"follow","max-snippet":"max-snippet:-1","max-image-preview":"max-image-preview:large","max-video-preview":"max-video-preview:-1"},"canonical":"https:\/\/www.dressy.design\/de\/p\/miles-h170-schrank-mit-metallboden-und-einer-gesamthoehe\/","og_locale":"de_DE","og_type":"article","og_title":"MILES H170 - Schrank mit Metallboden von Sergio Rochas. Dressy","og_description":"MILES H170 - Schrank mit Metallboden und einer Gesamth\u00f6he von 170 cm. Sie ist vollst\u00e4ndig mit Keramik verkleidet von Sergio Rochas.","og_url":"https:\/\/www.dressy.design\/de\/p\/miles-h170-schrank-mit-metallboden-und-einer-gesamthoehe\/","og_site_name":"Dressy","article_modified_time":"2022-09-20T09:31:50+00:00","og_image":[{"width":1195,"height":1195,"url":"https:\/\/www.dressy.design\/wp-content\/uploads\/2021\/12\/p_Alacena-Miles-H170-1.webp","type":"image\/webp"}],"twitter_card":"summary_large_image","twitter_misc":{"Gesch\u00e4tzte Lesezeit":"1\u00a0Minute"},"schema":{"@context":"https:\/\/schema.org","@graph":[{"@type":"WebPage","@id":"https:\/\/www.dressy.design\/de\/p\/miles-h170-schrank-mit-metallboden-und-einer-gesamthoehe\/","url":"https:\/\/www.dressy.design\/de\/p\/miles-h170-schrank-mit-metallboden-und-einer-gesamthoehe\/","name":"MILES H170 - Schrank mit Metallboden von Sergio Rochas. Dressy","isPartOf":{"@id":"https:\/\/www.dressy.design\/de\/#website"},"primaryImageOfPage":{"@id":"https:\/\/www.dressy.design\/de\/p\/miles-h170-schrank-mit-metallboden-und-einer-gesamthoehe\/#primaryimage"},"image":{"@id":"https:\/\/www.dressy.design\/de\/p\/miles-h170-schrank-mit-metallboden-und-einer-gesamthoehe\/#primaryimage"},"thumbnailUrl":"https:\/\/www.dressy.design\/wp-content\/uploads\/2021\/12\/p_Alacena-Miles-H170-1.webp","datePublished":"2021-12-24T12:10:22+00:00","dateModified":"2022-09-20T09:31:50+00:00","description":"MILES H170 - Schrank mit Metallboden und einer Gesamth\u00f6he von 170 cm. Sie ist vollst\u00e4ndig mit Keramik verkleidet von Sergio Rochas.","breadcrumb":{"@id":"https:\/\/www.dressy.design\/de\/p\/miles-h170-schrank-mit-metallboden-und-einer-gesamthoehe\/#breadcrumb"},"inLanguage":"de","potentialAction":[{"@type":"ReadAction","target":["https:\/\/www.dressy.design\/de\/p\/miles-h170-schrank-mit-metallboden-und-einer-gesamthoehe\/"]}]},{"@type":"ImageObject","inLanguage":"de","@id":"https:\/\/www.dressy.design\/de\/p\/miles-h170-schrank-mit-metallboden-und-einer-gesamthoehe\/#primaryimage","url":"https:\/\/www.dressy.design\/wp-content\/uploads\/2021\/12\/p_Alacena-Miles-H170-1.webp","contentUrl":"https:\/\/www.dressy.design\/wp-content\/uploads\/2021\/12\/p_Alacena-Miles-H170-1.webp","width":1195,"height":1195},{"@type":"BreadcrumbList","@id":"https:\/\/www.dressy.design\/de\/p\/miles-h170-schrank-mit-metallboden-und-einer-gesamthoehe\/#breadcrumb","itemListElement":[{"@type":"ListItem","position":1,"name":"Portada","item":"https:\/\/www.dressy.design\/de\/"},{"@type":"ListItem","position":2,"name":"Tienda","item":"https:\/\/www.dressy.design\/es\/?page_id=180"},{"@type":"ListItem","position":3,"name":"MILES H170"}]},{"@type":"WebSite","@id":"https:\/\/www.dressy.design\/de\/#website","url":"https:\/\/www.dressy.design\/de\/","name":"Dressy","description":"Sillas y mesas de m\u00e1xima calidad y dise\u00f1o","potentialAction":[{"@type":"SearchAction","target":{"@type":"EntryPoint","urlTemplate":"https:\/\/www.dressy.design\/de\/?s={search_term_string}"},"query-input":{"@type":"PropertyValueSpecification","valueRequired":true,"valueName":"search_term_string"}}],"inLanguage":"de"}]}},"_links":{"self":[{"href":"https:\/\/www.dressy.design\/de\/wp-json\/wp\/v2\/product\/6136","targetHints":{"allow":["GET"]}}],"collection":[{"href":"https:\/\/www.dressy.design\/de\/wp-json\/wp\/v2\/product"}],"about":[{"href":"https:\/\/www.dressy.design\/de\/wp-json\/wp\/v2\/types\/product"}],"wp:featuredmedia":[{"embeddable":true,"href":"https:\/\/www.dressy.design\/de\/wp-json\/wp\/v2\/media\/4820"}],"wp:attachment":[{"href":"https:\/\/www.dressy.design\/de\/wp-json\/wp\/v2\/media?parent=6136"}],"wp:term":[{"taxonomy":"product_brand","embeddable":true,"href":"https:\/\/www.dressy.design\/de\/wp-json\/wp\/v2\/product_brand?post=6136"},{"taxonomy":"product_cat","embeddable":true,"href":"https:\/\/www.dressy.design\/de\/wp-json\/wp\/v2\/product_cat?post=6136"},{"taxonomy":"product_tag","embeddable":true,"href":"https:\/\/www.dressy.design\/de\/wp-json\/wp\/v2\/product_tag?post=6136"}],"curies":[{"name":"wp","href":"https:\/\/api.w.org\/{rel}","templated":true}]}}