{"id":6137,"date":"2021-12-23T12:30:01","date_gmt":"2021-12-23T12:30:01","guid":{"rendered":"https:\/\/www.dressy.design\/p\/bertiz-mesa-extensible-tapa-ceramica\/"},"modified":"2025-05-15T09:55:26","modified_gmt":"2025-05-15T07:55:26","slug":"bertiz-ausziehbarer-tisch-mit-keramikplatte-und-holzbein","status":"publish","type":"product","link":"https:\/\/www.dressy.design\/de\/p\/bertiz-ausziehbarer-tisch-mit-keramikplatte-und-holzbein\/","title":{"rendered":"BERTIZ"},"content":{"rendered":"\t<div id=\"gap-1935881288\" class=\"gap-element clearfix hide-for-small\" style=\"display:block; height:auto;\">\n\t\t\n<style>\n#gap-1935881288 {\n  padding-top: 50px;\n}\n<\/style>\n\t<\/div>\n\t\n\t<div id=\"text-2251812964\" class=\"text justify\">\n\t\t\n<p>Bertiz harmonisiert die Sch\u00f6nheit des nat\u00fcrlichen Holzes mit der Eleganz unserer Keramik und bietet uns einen anspruchsvollen Tisch, bei dem die Liebe zum Detail das Markenzeichen ist. Besteht aus Holzbeinen mit variablem Querschnitt, in die eine abgeschr\u00e4gte Keramikplatte eingelassen ist. Bertiz ist in einer Vielzahl von Gr\u00f6\u00dfen sowohl in fester als auch in ausziehbarer Ausf\u00fchrung mit verschiebbaren Beinen erh\u00e4ltlich. Die Beine sind in RO-Farben erh\u00e4ltlich und wir werden unseren EP-Farbkatalog f\u00fcr die Struktur und Dressy-Keramik f\u00fcr die Platte haben.<\/p>\n\t\t\t<\/div>\n\t\n\t<div id=\"gap-1213596321\" class=\"gap-element clearfix hide-for-small\" style=\"display:block; height:auto;\">\n\t\t\n<style>\n#gap-1213596321 {\n  padding-top: 10px;\n}\n<\/style>\n\t<\/div>\n\t\n<div class=\"row descripcion-parte-1\"  id=\"row-1736622981\">\n\n\t<div id=\"col-964214053\" class=\"col medium-6 small-12 large-6\"  data-animate=\"fadeInDown\">\n\t\t\t\t<div class=\"col-inner\"  >\n\t\t\t\n\t\t\t\n\t<div class=\"img has-hover x md-x lg-x y md-y lg-y\" id=\"image_2033649537\">\n\t\t\t\t\t\t\t\t<div class=\"img-inner image-zoom image-cover dark\" style=\"padding-top:390px;\">\n\t\t\t<img loading=\"lazy\" decoding=\"async\" width=\"1170\" height=\"800\" src=\"https:\/\/www.dressy.design\/wp-content\/uploads\/2021\/12\/Mesa-bertiz_Galeria_04.jpg\" class=\"attachment-large size-large\" alt=\"\" srcset=\"https:\/\/www.dressy.design\/wp-content\/uploads\/2021\/12\/Mesa-bertiz_Galeria_04.jpg 1170w, https:\/\/www.dressy.design\/wp-content\/uploads\/2021\/12\/Mesa-bertiz_Galeria_04-150x103.jpg 150w, https:\/\/www.dressy.design\/wp-content\/uploads\/2021\/12\/Mesa-bertiz_Galeria_04-768x525.jpg 768w, https:\/\/www.dressy.design\/wp-content\/uploads\/2021\/12\/Mesa-bertiz_Galeria_04-50x34.jpg 50w, https:\/\/www.dressy.design\/wp-content\/uploads\/2021\/12\/Mesa-bertiz_Galeria_04-100x68.jpg 100w, https:\/\/www.dressy.design\/wp-content\/uploads\/2021\/12\/Mesa-bertiz_Galeria_04-300x205.jpg 300w, https:\/\/www.dressy.design\/wp-content\/uploads\/2021\/12\/Mesa-bertiz_Galeria_04-600x410.jpg 600w\" sizes=\"auto, (max-width: 1170px) 100vw, 1170px\" \/>\t\t\t\t\t\t\n\t\t\t\t\t<\/div>\n\t\t\t\t\t\t\t\t\n<style>\n#image_2033649537 {\n  width: 100%;\n}\n<\/style>\n\t<\/div>\n\t\n\t<div class=\"img has-hover x md-x lg-x y md-y lg-y\" id=\"image_864307676\">\n\t\t\t\t\t\t\t\t<div class=\"img-inner image-zoom image-cover dark\" style=\"padding-top:388px;\">\n\t\t\t<img loading=\"lazy\" decoding=\"async\" width=\"1170\" height=\"800\" src=\"https:\/\/www.dressy.design\/wp-content\/uploads\/2021\/12\/Mesa-bertiz_Galeria_06.jpg\" class=\"attachment-large size-large\" alt=\"\" srcset=\"https:\/\/www.dressy.design\/wp-content\/uploads\/2021\/12\/Mesa-bertiz_Galeria_06.jpg 1170w, https:\/\/www.dressy.design\/wp-content\/uploads\/2021\/12\/Mesa-bertiz_Galeria_06-150x103.jpg 150w, https:\/\/www.dressy.design\/wp-content\/uploads\/2021\/12\/Mesa-bertiz_Galeria_06-768x525.jpg 768w, https:\/\/www.dressy.design\/wp-content\/uploads\/2021\/12\/Mesa-bertiz_Galeria_06-50x34.jpg 50w, https:\/\/www.dressy.design\/wp-content\/uploads\/2021\/12\/Mesa-bertiz_Galeria_06-100x68.jpg 100w, https:\/\/www.dressy.design\/wp-content\/uploads\/2021\/12\/Mesa-bertiz_Galeria_06-300x205.jpg 300w, https:\/\/www.dressy.design\/wp-content\/uploads\/2021\/12\/Mesa-bertiz_Galeria_06-600x410.jpg 600w\" sizes=\"auto, (max-width: 1170px) 100vw, 1170px\" \/>\t\t\t\t\t\t\n\t\t\t\t\t<\/div>\n\t\t\t\t\t\t\t\t\n<style>\n#image_864307676 {\n  width: 100%;\n}\n<\/style>\n\t<\/div>\n\t\n\t\t<\/div>\n\t\t\t\t\t<\/div>\n\n\t\n\n\t<div id=\"col-1100807278\" class=\"col medium-6 small-12 large-6\"  data-animate=\"fadeInDown\">\n\t\t\t\t<div class=\"col-inner\"  >\n\t\t\t\n\t\t\t\n\t<div class=\"img has-hover x md-x lg-x y md-y lg-y\" id=\"image_1271415332\">\n\t\t\t\t\t\t\t\t<div class=\"img-inner image-zoom dark\" >\n\t\t\t<img loading=\"lazy\" decoding=\"async\" width=\"600\" height=\"800\" src=\"https:\/\/www.dressy.design\/wp-content\/uploads\/2021\/12\/Mesa-bertiz_Galeria_05.jpg\" class=\"attachment-large size-large\" alt=\"\" srcset=\"https:\/\/www.dressy.design\/wp-content\/uploads\/2021\/12\/Mesa-bertiz_Galeria_05.jpg 600w, https:\/\/www.dressy.design\/wp-content\/uploads\/2021\/12\/Mesa-bertiz_Galeria_05-150x200.jpg 150w, https:\/\/www.dressy.design\/wp-content\/uploads\/2021\/12\/Mesa-bertiz_Galeria_05-38x50.jpg 38w, https:\/\/www.dressy.design\/wp-content\/uploads\/2021\/12\/Mesa-bertiz_Galeria_05-75x100.jpg 75w, https:\/\/www.dressy.design\/wp-content\/uploads\/2021\/12\/Mesa-bertiz_Galeria_05-300x400.jpg 300w\" sizes=\"auto, (max-width: 600px) 100vw, 600px\" \/>\t\t\t\t\t\t\n\t\t\t\t\t<\/div>\n\t\t\t\t\t\t\t\t\n<style>\n#image_1271415332 {\n  width: 100%;\n}\n<\/style>\n\t<\/div>\n\t\n\t\t<\/div>\n\t\t\t\t\t<\/div>\n\n\t\n<\/div>\n<div class=\"row descripcion-parte-1\"  id=\"row-1455522955\">\n\n\t<div id=\"col-794826124\" class=\"col small-12 large-12\"  data-animate=\"fadeInDown\">\n\t\t\t\t<div class=\"col-inner\"  >\n\t\t\t\n\t\t\t\n\t<div id=\"gap-199731239\" class=\"gap-element clearfix hide-for-small\" style=\"display:block; height:auto;\">\n\t\t\n<style>\n#gap-199731239 {\n  padding-top: 50px;\n}\n<\/style>\n\t<\/div>\n\t\n\t\t<\/div>\n\t\t\t\t\t<\/div>\n\n\t\n<\/div>\n","protected":false},"excerpt":{"rendered":"<p>Ausziehbarer Tisch mit Keramikplatte und Holzbein. Erh\u00e4ltlich in 8 verschiedenen Gr\u00f6\u00dfen.<\/p>\n","protected":false},"featured_media":4840,"template":"","meta":{"_acf_changed":false},"product_brand":[],"product_cat":[327,328],"product_tag":[],"class_list":{"0":"post-6137","1":"product","2":"type-product","3":"status-publish","4":"has-post-thumbnail","6":"product_cat-bertiz-de","7":"product_cat-mesa-extensible-de","9":"first","10":"instock","11":"product-type-simple"},"acf":[],"yoast_head":"<!-- This site is optimized with the Yoast SEO plugin v27.2 - https:\/\/yoast.com\/product\/yoast-seo-wordpress\/ -->\n<title>Ausziehbarer Tisch mit Keramikplatte und Holzbein Dressy<\/title>\n<meta name=\"description\" content=\"BERTIZ ist eine Ausziehbarer Tisch mit Keramikplatte und Holzbein. Erh\u00e4ltlich in 10 verschiedenen Gr\u00f6\u00dfen. Dressy\" \/>\n<meta name=\"robots\" content=\"index, follow, max-snippet:-1, max-image-preview:large, max-video-preview:-1\" \/>\n<link rel=\"canonical\" href=\"https:\/\/www.dressy.design\/de\/p\/bertiz-ausziehbarer-tisch-mit-keramikplatte-und-holzbein\/\" \/>\n<meta property=\"og:locale\" content=\"de_DE\" \/>\n<meta property=\"og:type\" content=\"article\" \/>\n<meta property=\"og:title\" content=\"Ausziehbarer Tisch mit Keramikplatte und Holzbein Dressy\" \/>\n<meta property=\"og:description\" content=\"BERTIZ ist eine Ausziehbarer Tisch mit Keramikplatte und Holzbein. Erh\u00e4ltlich in 10 verschiedenen Gr\u00f6\u00dfen. Dressy\" \/>\n<meta property=\"og:url\" content=\"https:\/\/www.dressy.design\/de\/p\/bertiz-ausziehbarer-tisch-mit-keramikplatte-und-holzbein\/\" \/>\n<meta property=\"og:site_name\" content=\"Dressy\" \/>\n<meta property=\"article:modified_time\" content=\"2025-05-15T07:55:26+00:00\" \/>\n<meta property=\"og:image\" content=\"https:\/\/www.dressy.design\/wp-content\/uploads\/2021\/12\/p_Mesa-Bertiz-1.webp\" \/>\n\t<meta property=\"og:image:width\" content=\"1195\" \/>\n\t<meta property=\"og:image:height\" content=\"1195\" \/>\n\t<meta property=\"og:image:type\" content=\"image\/webp\" \/>\n<meta name=\"twitter:card\" content=\"summary_large_image\" \/>\n<meta name=\"twitter:label1\" content=\"Gesch\u00e4tzte Lesezeit\" \/>\n\t<meta name=\"twitter:data1\" content=\"1\u00a0Minute\" \/>\n<script type=\"application\/ld+json\" class=\"yoast-schema-graph\">{\"@context\":\"https:\/\/schema.org\",\"@graph\":[{\"@type\":\"WebPage\",\"@id\":\"https:\/\/www.dressy.design\/de\/p\/bertiz-ausziehbarer-tisch-mit-keramikplatte-und-holzbein\/\",\"url\":\"https:\/\/www.dressy.design\/de\/p\/bertiz-ausziehbarer-tisch-mit-keramikplatte-und-holzbein\/\",\"name\":\"Ausziehbarer Tisch mit Keramikplatte und Holzbein Dressy\",\"isPartOf\":{\"@id\":\"https:\/\/www.dressy.design\/de\/#website\"},\"primaryImageOfPage\":{\"@id\":\"https:\/\/www.dressy.design\/de\/p\/bertiz-ausziehbarer-tisch-mit-keramikplatte-und-holzbein\/#primaryimage\"},\"image\":{\"@id\":\"https:\/\/www.dressy.design\/de\/p\/bertiz-ausziehbarer-tisch-mit-keramikplatte-und-holzbein\/#primaryimage\"},\"thumbnailUrl\":\"https:\/\/www.dressy.design\/wp-content\/uploads\/2021\/12\/p_Mesa-Bertiz-1.webp\",\"datePublished\":\"2021-12-23T12:30:01+00:00\",\"dateModified\":\"2025-05-15T07:55:26+00:00\",\"description\":\"BERTIZ ist eine Ausziehbarer Tisch mit Keramikplatte und Holzbein. Erh\u00e4ltlich in 10 verschiedenen Gr\u00f6\u00dfen. Dressy\",\"breadcrumb\":{\"@id\":\"https:\/\/www.dressy.design\/de\/p\/bertiz-ausziehbarer-tisch-mit-keramikplatte-und-holzbein\/#breadcrumb\"},\"inLanguage\":\"de\",\"potentialAction\":[{\"@type\":\"ReadAction\",\"target\":[\"https:\/\/www.dressy.design\/de\/p\/bertiz-ausziehbarer-tisch-mit-keramikplatte-und-holzbein\/\"]}]},{\"@type\":\"ImageObject\",\"inLanguage\":\"de\",\"@id\":\"https:\/\/www.dressy.design\/de\/p\/bertiz-ausziehbarer-tisch-mit-keramikplatte-und-holzbein\/#primaryimage\",\"url\":\"https:\/\/www.dressy.design\/wp-content\/uploads\/2021\/12\/p_Mesa-Bertiz-1.webp\",\"contentUrl\":\"https:\/\/www.dressy.design\/wp-content\/uploads\/2021\/12\/p_Mesa-Bertiz-1.webp\",\"width\":1195,\"height\":1195},{\"@type\":\"BreadcrumbList\",\"@id\":\"https:\/\/www.dressy.design\/de\/p\/bertiz-ausziehbarer-tisch-mit-keramikplatte-und-holzbein\/#breadcrumb\",\"itemListElement\":[{\"@type\":\"ListItem\",\"position\":1,\"name\":\"Portada\",\"item\":\"https:\/\/www.dressy.design\/de\/\"},{\"@type\":\"ListItem\",\"position\":2,\"name\":\"Tienda\",\"item\":\"https:\/\/www.dressy.design\/es\/?page_id=180\"},{\"@type\":\"ListItem\",\"position\":3,\"name\":\"BERTIZ\"}]},{\"@type\":\"WebSite\",\"@id\":\"https:\/\/www.dressy.design\/de\/#website\",\"url\":\"https:\/\/www.dressy.design\/de\/\",\"name\":\"Dressy\",\"description\":\"Sillas y mesas de m\u00e1xima calidad y dise\u00f1o\",\"potentialAction\":[{\"@type\":\"SearchAction\",\"target\":{\"@type\":\"EntryPoint\",\"urlTemplate\":\"https:\/\/www.dressy.design\/de\/?s={search_term_string}\"},\"query-input\":{\"@type\":\"PropertyValueSpecification\",\"valueRequired\":true,\"valueName\":\"search_term_string\"}}],\"inLanguage\":\"de\"}]}<\/script>\n<!-- \/ Yoast SEO plugin. -->","yoast_head_json":{"title":"Ausziehbarer Tisch mit Keramikplatte und Holzbein Dressy","description":"BERTIZ ist eine Ausziehbarer Tisch mit Keramikplatte und Holzbein. Erh\u00e4ltlich in 10 verschiedenen Gr\u00f6\u00dfen. Dressy","robots":{"index":"index","follow":"follow","max-snippet":"max-snippet:-1","max-image-preview":"max-image-preview:large","max-video-preview":"max-video-preview:-1"},"canonical":"https:\/\/www.dressy.design\/de\/p\/bertiz-ausziehbarer-tisch-mit-keramikplatte-und-holzbein\/","og_locale":"de_DE","og_type":"article","og_title":"Ausziehbarer Tisch mit Keramikplatte und Holzbein Dressy","og_description":"BERTIZ ist eine Ausziehbarer Tisch mit Keramikplatte und Holzbein. Erh\u00e4ltlich in 10 verschiedenen Gr\u00f6\u00dfen. Dressy","og_url":"https:\/\/www.dressy.design\/de\/p\/bertiz-ausziehbarer-tisch-mit-keramikplatte-und-holzbein\/","og_site_name":"Dressy","article_modified_time":"2025-05-15T07:55:26+00:00","og_image":[{"width":1195,"height":1195,"url":"https:\/\/www.dressy.design\/wp-content\/uploads\/2021\/12\/p_Mesa-Bertiz-1.webp","type":"image\/webp"}],"twitter_card":"summary_large_image","twitter_misc":{"Gesch\u00e4tzte Lesezeit":"1\u00a0Minute"},"schema":{"@context":"https:\/\/schema.org","@graph":[{"@type":"WebPage","@id":"https:\/\/www.dressy.design\/de\/p\/bertiz-ausziehbarer-tisch-mit-keramikplatte-und-holzbein\/","url":"https:\/\/www.dressy.design\/de\/p\/bertiz-ausziehbarer-tisch-mit-keramikplatte-und-holzbein\/","name":"Ausziehbarer Tisch mit Keramikplatte und Holzbein Dressy","isPartOf":{"@id":"https:\/\/www.dressy.design\/de\/#website"},"primaryImageOfPage":{"@id":"https:\/\/www.dressy.design\/de\/p\/bertiz-ausziehbarer-tisch-mit-keramikplatte-und-holzbein\/#primaryimage"},"image":{"@id":"https:\/\/www.dressy.design\/de\/p\/bertiz-ausziehbarer-tisch-mit-keramikplatte-und-holzbein\/#primaryimage"},"thumbnailUrl":"https:\/\/www.dressy.design\/wp-content\/uploads\/2021\/12\/p_Mesa-Bertiz-1.webp","datePublished":"2021-12-23T12:30:01+00:00","dateModified":"2025-05-15T07:55:26+00:00","description":"BERTIZ ist eine Ausziehbarer Tisch mit Keramikplatte und Holzbein. Erh\u00e4ltlich in 10 verschiedenen Gr\u00f6\u00dfen. Dressy","breadcrumb":{"@id":"https:\/\/www.dressy.design\/de\/p\/bertiz-ausziehbarer-tisch-mit-keramikplatte-und-holzbein\/#breadcrumb"},"inLanguage":"de","potentialAction":[{"@type":"ReadAction","target":["https:\/\/www.dressy.design\/de\/p\/bertiz-ausziehbarer-tisch-mit-keramikplatte-und-holzbein\/"]}]},{"@type":"ImageObject","inLanguage":"de","@id":"https:\/\/www.dressy.design\/de\/p\/bertiz-ausziehbarer-tisch-mit-keramikplatte-und-holzbein\/#primaryimage","url":"https:\/\/www.dressy.design\/wp-content\/uploads\/2021\/12\/p_Mesa-Bertiz-1.webp","contentUrl":"https:\/\/www.dressy.design\/wp-content\/uploads\/2021\/12\/p_Mesa-Bertiz-1.webp","width":1195,"height":1195},{"@type":"BreadcrumbList","@id":"https:\/\/www.dressy.design\/de\/p\/bertiz-ausziehbarer-tisch-mit-keramikplatte-und-holzbein\/#breadcrumb","itemListElement":[{"@type":"ListItem","position":1,"name":"Portada","item":"https:\/\/www.dressy.design\/de\/"},{"@type":"ListItem","position":2,"name":"Tienda","item":"https:\/\/www.dressy.design\/es\/?page_id=180"},{"@type":"ListItem","position":3,"name":"BERTIZ"}]},{"@type":"WebSite","@id":"https:\/\/www.dressy.design\/de\/#website","url":"https:\/\/www.dressy.design\/de\/","name":"Dressy","description":"Sillas y mesas de m\u00e1xima calidad y dise\u00f1o","potentialAction":[{"@type":"SearchAction","target":{"@type":"EntryPoint","urlTemplate":"https:\/\/www.dressy.design\/de\/?s={search_term_string}"},"query-input":{"@type":"PropertyValueSpecification","valueRequired":true,"valueName":"search_term_string"}}],"inLanguage":"de"}]}},"_links":{"self":[{"href":"https:\/\/www.dressy.design\/de\/wp-json\/wp\/v2\/product\/6137","targetHints":{"allow":["GET"]}}],"collection":[{"href":"https:\/\/www.dressy.design\/de\/wp-json\/wp\/v2\/product"}],"about":[{"href":"https:\/\/www.dressy.design\/de\/wp-json\/wp\/v2\/types\/product"}],"wp:featuredmedia":[{"embeddable":true,"href":"https:\/\/www.dressy.design\/de\/wp-json\/wp\/v2\/media\/4840"}],"wp:attachment":[{"href":"https:\/\/www.dressy.design\/de\/wp-json\/wp\/v2\/media?parent=6137"}],"wp:term":[{"taxonomy":"product_brand","embeddable":true,"href":"https:\/\/www.dressy.design\/de\/wp-json\/wp\/v2\/product_brand?post=6137"},{"taxonomy":"product_cat","embeddable":true,"href":"https:\/\/www.dressy.design\/de\/wp-json\/wp\/v2\/product_cat?post=6137"},{"taxonomy":"product_tag","embeddable":true,"href":"https:\/\/www.dressy.design\/de\/wp-json\/wp\/v2\/product_tag?post=6137"}],"curies":[{"name":"wp","href":"https:\/\/api.w.org\/{rel}","templated":true}]}}