{"id":6139,"date":"2021-12-23T12:29:52","date_gmt":"2021-12-23T12:29:52","guid":{"rendered":"https:\/\/www.dressy.design\/p\/merlot-mesa-extensible-tapa-ceramica\/"},"modified":"2022-07-19T12:03:22","modified_gmt":"2022-07-19T10:03:22","slug":"merlot-ausziehbarer-tisch-mit-keramikplatte","status":"publish","type":"product","link":"https:\/\/www.dressy.design\/de\/p\/merlot-ausziehbarer-tisch-mit-keramikplatte\/","title":{"rendered":"MERLOT"},"content":{"rendered":"\t<div id=\"gap-500385656\" class=\"gap-element clearfix hide-for-small\" style=\"display:block; height:auto;\">\n\t\t\n<style>\n#gap-500385656 {\n  padding-top: 30px;\n}\n<\/style>\n\t<\/div>\n\t\n\t<div class=\"img has-hover x md-x lg-x y md-y lg-y\" id=\"image_731732044\">\n\t\t\t\t\t\t\t\t<div class=\"img-inner image-zoom dark\" >\n\t\t\t<img loading=\"lazy\" decoding=\"async\" width=\"1270\" height=\"800\" src=\"https:\/\/www.dressy.design\/wp-content\/uploads\/2021\/11\/Mesa-extensible-Merlot_Galeria_01.webp\" class=\"attachment-large size-large\" alt=\"\" srcset=\"https:\/\/www.dressy.design\/wp-content\/uploads\/2021\/11\/Mesa-extensible-Merlot_Galeria_01.webp 1270w, https:\/\/www.dressy.design\/wp-content\/uploads\/2021\/11\/Mesa-extensible-Merlot_Galeria_01-150x94.webp 150w, https:\/\/www.dressy.design\/wp-content\/uploads\/2021\/11\/Mesa-extensible-Merlot_Galeria_01-768x484.webp 768w, https:\/\/www.dressy.design\/wp-content\/uploads\/2021\/11\/Mesa-extensible-Merlot_Galeria_01-50x31.webp 50w, https:\/\/www.dressy.design\/wp-content\/uploads\/2021\/11\/Mesa-extensible-Merlot_Galeria_01-100x63.webp 100w, https:\/\/www.dressy.design\/wp-content\/uploads\/2021\/11\/Mesa-extensible-Merlot_Galeria_01-300x189.webp 300w, https:\/\/www.dressy.design\/wp-content\/uploads\/2021\/11\/Mesa-extensible-Merlot_Galeria_01-600x378.webp 600w\" sizes=\"auto, (max-width: 1270px) 100vw, 1270px\" \/>\t\t\t\t\t\t\n\t\t\t\t\t<\/div>\n\t\t\t\t\t\t\t\t\n<style>\n#image_731732044 {\n  width: 100%;\n}\n<\/style>\n\t<\/div>\n\t\n\t<div id=\"gap-2146655015\" class=\"gap-element clearfix hide-for-small\" style=\"display:block; height:auto;\">\n\t\t\n<style>\n#gap-2146655015 {\n  padding-top: 30px;\n}\n<\/style>\n\t<\/div>\n\t\n\t<div id=\"text-2751993069\" class=\"text justify\">\n\t\t\n<p>Mit seinem avantgardistischen und attraktiven Design wurde der Tisch Merlot mit dem klaren Ziel geschaffen, sich von der Masse abzuheben. Um sich von den Klischees abzuheben. Dar\u00fcber hinaus zu gehen. Es wurde mit dem Ziel geschaffen, auf den ersten Blick zu fesseln, um die Sehnsucht nach einem unvergesslichen Abend mit ihm zu wecken.<\/p>\n<p>Die stilisierte Form seiner 6&#215;6 cm gro\u00dfen Beine begeistert alle, die ihn betrachten, mit einer Leichtigkeit, die f\u00fcr Tische dieses Stils untypisch ist. Sie ist zierlich und schlank, ohne jedoch auf die Stabilit\u00e4t und die Qualit\u00e4t der Details zu verzichten, die f\u00fcr die Kollektion Dressy by Mobliberica charakteristisch sind.<\/p>\n<p>Die Schwerelosigkeit des Kreisels, die durch das Zusammenschieben der Struktur erreicht wird, \u00fcbt eine faszinierende Wirkung auf seine Betrachter aus. Ein wunderbares Gef\u00fchl, das Sie sich in jeder Ecke Ihres Hauses vorstellen k\u00f6nnen, umgeben von Ihren wertvollsten Gegenst\u00e4nden und Ihren Lieben. Zu diesem Zweck ist er in 18 Gr\u00f6\u00dfen f\u00fcr die feste Option und in 18 Gr\u00f6\u00dfen f\u00fcr die ausziehbare Option erh\u00e4ltlich. Dar\u00fcber hinaus werden hochwertige Abdeckungen und eine interessante Farbpalette f\u00fcr die Struktur angeboten, um Ihnen zu helfen, das perfekte Modell zu entwerfen.<\/p>\n\t\t\t<\/div>\n\t\n<div class=\"row descripcion-parte-1\"  id=\"row-1437884975\">\n\n\t<div id=\"col-89921233\" class=\"col hide-for-small medium-6 small-12 large-6\"  >\n\t\t\t\t<div class=\"col-inner text-center\"  >\n\t\t\t\n\t\t\t\n\t<div class=\"img has-hover x md-x lg-x y md-y lg-y\" id=\"image_1124803786\">\n\t\t\t\t\t\t\t\t<div class=\"img-inner image-zoom image-cover dark\" style=\"padding-top:681px;\">\n\t\t\t<img loading=\"lazy\" decoding=\"async\" width=\"600\" height=\"800\" src=\"https:\/\/www.dressy.design\/wp-content\/uploads\/2021\/11\/Mesa-extensible-Merlot_Galeria_02.webp\" class=\"attachment-large size-large\" alt=\"\" srcset=\"https:\/\/www.dressy.design\/wp-content\/uploads\/2021\/11\/Mesa-extensible-Merlot_Galeria_02.webp 600w, https:\/\/www.dressy.design\/wp-content\/uploads\/2021\/11\/Mesa-extensible-Merlot_Galeria_02-150x200.webp 150w, https:\/\/www.dressy.design\/wp-content\/uploads\/2021\/11\/Mesa-extensible-Merlot_Galeria_02-38x50.webp 38w, https:\/\/www.dressy.design\/wp-content\/uploads\/2021\/11\/Mesa-extensible-Merlot_Galeria_02-75x100.webp 75w, https:\/\/www.dressy.design\/wp-content\/uploads\/2021\/11\/Mesa-extensible-Merlot_Galeria_02-300x400.webp 300w\" sizes=\"auto, (max-width: 600px) 100vw, 600px\" \/>\t\t\t\t\t\t\n\t\t\t\t\t<\/div>\n\t\t\t\t\t\t\t\t\n<style>\n#image_1124803786 {\n  width: 100%;\n}\n<\/style>\n\t<\/div>\n\t\n\t\t<\/div>\n\t\t\t\t\t<\/div>\n\n\t\n\n\t<div id=\"col-784452339\" class=\"col medium-6 small-12 large-6\"  data-animate=\"fadeInDown\">\n\t\t\t\t<div class=\"col-inner\"  >\n\t\t\t\n\t\t\t\n\t<div class=\"img has-hover x md-x lg-x y md-y lg-y\" id=\"image_662987461\">\n\t\t\t\t\t\t\t\t<div class=\"img-inner image-zoom dark\" >\n\t\t\t<img loading=\"lazy\" decoding=\"async\" width=\"700\" height=\"800\" src=\"https:\/\/www.dressy.design\/wp-content\/uploads\/2021\/11\/Mesa-extensible-Merlot_Galeria_03.webp\" class=\"attachment-large size-large\" alt=\"\" srcset=\"https:\/\/www.dressy.design\/wp-content\/uploads\/2021\/11\/Mesa-extensible-Merlot_Galeria_03.webp 700w, https:\/\/www.dressy.design\/wp-content\/uploads\/2021\/11\/Mesa-extensible-Merlot_Galeria_03-150x171.webp 150w, https:\/\/www.dressy.design\/wp-content\/uploads\/2021\/11\/Mesa-extensible-Merlot_Galeria_03-44x50.webp 44w, https:\/\/www.dressy.design\/wp-content\/uploads\/2021\/11\/Mesa-extensible-Merlot_Galeria_03-88x100.webp 88w, https:\/\/www.dressy.design\/wp-content\/uploads\/2021\/11\/Mesa-extensible-Merlot_Galeria_03-300x343.webp 300w, https:\/\/www.dressy.design\/wp-content\/uploads\/2021\/11\/Mesa-extensible-Merlot_Galeria_03-600x686.webp 600w\" sizes=\"auto, (max-width: 700px) 100vw, 700px\" \/>\t\t\t\t\t\t\n\t\t\t\t\t<\/div>\n\t\t\t\t\t\t\t\t\n<style>\n#image_662987461 {\n  width: 100%;\n}\n<\/style>\n\t<\/div>\n\t\n\t\t<\/div>\n\t\t\t\t\t<\/div>\n\n\t\n<\/div>\n\t<div id=\"gap-774767230\" class=\"gap-element clearfix hide-for-small\" style=\"display:block; height:auto;\">\n\t\t\n<style>\n#gap-774767230 {\n  padding-top: 30px;\n}\n<\/style>\n\t<\/div>\n\t\n<div class=\"row descripcion-parte-1\"  id=\"row-189486806\">\n<\/div>\n","protected":false},"excerpt":{"rendered":"<p>Ausziehbarer Tisch mit Keramikplatte, erh\u00e4ltlich in bis zu 14 Gr\u00f6\u00dfen.<\/p>\n","protected":false},"featured_media":4850,"template":"","meta":{"_acf_changed":false},"product_brand":[],"product_cat":[329,328],"product_tag":[],"class_list":{"0":"post-6139","1":"product","2":"type-product","3":"status-publish","4":"has-post-thumbnail","6":"product_cat-merlot-de","7":"product_cat-mesa-extensible-de","9":"first","10":"instock","11":"product-type-simple"},"acf":[],"yoast_head":"<!-- This site is optimized with the Yoast SEO plugin v27.2 - https:\/\/yoast.com\/product\/yoast-seo-wordpress\/ -->\n<title>MERLOT - Ausziehbarer Tisch mit Keramikplatte<\/title>\n<meta name=\"description\" content=\"Mit seinem avantgardistischen und attraktiven Design, Tisch Merlot Es wurde mit dem Ziel geschaffen, auf den ersten Blick zu fesseln\" \/>\n<meta name=\"robots\" content=\"index, follow, max-snippet:-1, max-image-preview:large, max-video-preview:-1\" \/>\n<link rel=\"canonical\" href=\"https:\/\/www.dressy.design\/de\/p\/merlot-ausziehbarer-tisch-mit-keramikplatte\/\" \/>\n<meta property=\"og:locale\" content=\"de_DE\" \/>\n<meta property=\"og:type\" content=\"article\" \/>\n<meta property=\"og:title\" content=\"MERLOT - Ausziehbarer Tisch mit Keramikplatte\" \/>\n<meta property=\"og:description\" content=\"Mit seinem avantgardistischen und attraktiven Design, Tisch Merlot Es wurde mit dem Ziel geschaffen, auf den ersten Blick zu fesseln\" \/>\n<meta property=\"og:url\" content=\"https:\/\/www.dressy.design\/de\/p\/merlot-ausziehbarer-tisch-mit-keramikplatte\/\" \/>\n<meta property=\"og:site_name\" content=\"Dressy\" \/>\n<meta property=\"article:modified_time\" content=\"2022-07-19T10:03:22+00:00\" \/>\n<meta property=\"og:image\" content=\"https:\/\/www.dressy.design\/wp-content\/uploads\/2021\/12\/p_Mesa-Merlot-ext-1.webp\" \/>\n\t<meta property=\"og:image:width\" content=\"1195\" \/>\n\t<meta property=\"og:image:height\" content=\"1195\" \/>\n\t<meta property=\"og:image:type\" content=\"image\/webp\" \/>\n<meta name=\"twitter:card\" content=\"summary_large_image\" \/>\n<meta name=\"twitter:label1\" content=\"Gesch\u00e4tzte Lesezeit\" \/>\n\t<meta name=\"twitter:data1\" content=\"1\u00a0Minute\" \/>\n<script type=\"application\/ld+json\" class=\"yoast-schema-graph\">{\"@context\":\"https:\/\/schema.org\",\"@graph\":[{\"@type\":\"WebPage\",\"@id\":\"https:\/\/www.dressy.design\/de\/p\/merlot-ausziehbarer-tisch-mit-keramikplatte\/\",\"url\":\"https:\/\/www.dressy.design\/de\/p\/merlot-ausziehbarer-tisch-mit-keramikplatte\/\",\"name\":\"MERLOT - Ausziehbarer Tisch mit Keramikplatte\",\"isPartOf\":{\"@id\":\"https:\/\/www.dressy.design\/de\/#website\"},\"primaryImageOfPage\":{\"@id\":\"https:\/\/www.dressy.design\/de\/p\/merlot-ausziehbarer-tisch-mit-keramikplatte\/#primaryimage\"},\"image\":{\"@id\":\"https:\/\/www.dressy.design\/de\/p\/merlot-ausziehbarer-tisch-mit-keramikplatte\/#primaryimage\"},\"thumbnailUrl\":\"https:\/\/www.dressy.design\/wp-content\/uploads\/2021\/12\/p_Mesa-Merlot-ext-1.webp\",\"datePublished\":\"2021-12-23T12:29:52+00:00\",\"dateModified\":\"2022-07-19T10:03:22+00:00\",\"description\":\"Mit seinem avantgardistischen und attraktiven Design, Tisch Merlot Es wurde mit dem Ziel geschaffen, auf den ersten Blick zu fesseln\",\"breadcrumb\":{\"@id\":\"https:\/\/www.dressy.design\/de\/p\/merlot-ausziehbarer-tisch-mit-keramikplatte\/#breadcrumb\"},\"inLanguage\":\"de\",\"potentialAction\":[{\"@type\":\"ReadAction\",\"target\":[\"https:\/\/www.dressy.design\/de\/p\/merlot-ausziehbarer-tisch-mit-keramikplatte\/\"]}]},{\"@type\":\"ImageObject\",\"inLanguage\":\"de\",\"@id\":\"https:\/\/www.dressy.design\/de\/p\/merlot-ausziehbarer-tisch-mit-keramikplatte\/#primaryimage\",\"url\":\"https:\/\/www.dressy.design\/wp-content\/uploads\/2021\/12\/p_Mesa-Merlot-ext-1.webp\",\"contentUrl\":\"https:\/\/www.dressy.design\/wp-content\/uploads\/2021\/12\/p_Mesa-Merlot-ext-1.webp\",\"width\":1195,\"height\":1195},{\"@type\":\"BreadcrumbList\",\"@id\":\"https:\/\/www.dressy.design\/de\/p\/merlot-ausziehbarer-tisch-mit-keramikplatte\/#breadcrumb\",\"itemListElement\":[{\"@type\":\"ListItem\",\"position\":1,\"name\":\"Portada\",\"item\":\"https:\/\/www.dressy.design\/de\/\"},{\"@type\":\"ListItem\",\"position\":2,\"name\":\"Tienda\",\"item\":\"https:\/\/www.dressy.design\/es\/?page_id=180\"},{\"@type\":\"ListItem\",\"position\":3,\"name\":\"MERLOT\"}]},{\"@type\":\"WebSite\",\"@id\":\"https:\/\/www.dressy.design\/de\/#website\",\"url\":\"https:\/\/www.dressy.design\/de\/\",\"name\":\"Dressy\",\"description\":\"Sillas y mesas de m\u00e1xima calidad y dise\u00f1o\",\"potentialAction\":[{\"@type\":\"SearchAction\",\"target\":{\"@type\":\"EntryPoint\",\"urlTemplate\":\"https:\/\/www.dressy.design\/de\/?s={search_term_string}\"},\"query-input\":{\"@type\":\"PropertyValueSpecification\",\"valueRequired\":true,\"valueName\":\"search_term_string\"}}],\"inLanguage\":\"de\"}]}<\/script>\n<!-- \/ Yoast SEO plugin. -->","yoast_head_json":{"title":"MERLOT - Ausziehbarer Tisch mit Keramikplatte","description":"Mit seinem avantgardistischen und attraktiven Design, Tisch Merlot Es wurde mit dem Ziel geschaffen, auf den ersten Blick zu fesseln","robots":{"index":"index","follow":"follow","max-snippet":"max-snippet:-1","max-image-preview":"max-image-preview:large","max-video-preview":"max-video-preview:-1"},"canonical":"https:\/\/www.dressy.design\/de\/p\/merlot-ausziehbarer-tisch-mit-keramikplatte\/","og_locale":"de_DE","og_type":"article","og_title":"MERLOT - Ausziehbarer Tisch mit Keramikplatte","og_description":"Mit seinem avantgardistischen und attraktiven Design, Tisch Merlot Es wurde mit dem Ziel geschaffen, auf den ersten Blick zu fesseln","og_url":"https:\/\/www.dressy.design\/de\/p\/merlot-ausziehbarer-tisch-mit-keramikplatte\/","og_site_name":"Dressy","article_modified_time":"2022-07-19T10:03:22+00:00","og_image":[{"width":1195,"height":1195,"url":"https:\/\/www.dressy.design\/wp-content\/uploads\/2021\/12\/p_Mesa-Merlot-ext-1.webp","type":"image\/webp"}],"twitter_card":"summary_large_image","twitter_misc":{"Gesch\u00e4tzte Lesezeit":"1\u00a0Minute"},"schema":{"@context":"https:\/\/schema.org","@graph":[{"@type":"WebPage","@id":"https:\/\/www.dressy.design\/de\/p\/merlot-ausziehbarer-tisch-mit-keramikplatte\/","url":"https:\/\/www.dressy.design\/de\/p\/merlot-ausziehbarer-tisch-mit-keramikplatte\/","name":"MERLOT - Ausziehbarer Tisch mit Keramikplatte","isPartOf":{"@id":"https:\/\/www.dressy.design\/de\/#website"},"primaryImageOfPage":{"@id":"https:\/\/www.dressy.design\/de\/p\/merlot-ausziehbarer-tisch-mit-keramikplatte\/#primaryimage"},"image":{"@id":"https:\/\/www.dressy.design\/de\/p\/merlot-ausziehbarer-tisch-mit-keramikplatte\/#primaryimage"},"thumbnailUrl":"https:\/\/www.dressy.design\/wp-content\/uploads\/2021\/12\/p_Mesa-Merlot-ext-1.webp","datePublished":"2021-12-23T12:29:52+00:00","dateModified":"2022-07-19T10:03:22+00:00","description":"Mit seinem avantgardistischen und attraktiven Design, Tisch Merlot Es wurde mit dem Ziel geschaffen, auf den ersten Blick zu fesseln","breadcrumb":{"@id":"https:\/\/www.dressy.design\/de\/p\/merlot-ausziehbarer-tisch-mit-keramikplatte\/#breadcrumb"},"inLanguage":"de","potentialAction":[{"@type":"ReadAction","target":["https:\/\/www.dressy.design\/de\/p\/merlot-ausziehbarer-tisch-mit-keramikplatte\/"]}]},{"@type":"ImageObject","inLanguage":"de","@id":"https:\/\/www.dressy.design\/de\/p\/merlot-ausziehbarer-tisch-mit-keramikplatte\/#primaryimage","url":"https:\/\/www.dressy.design\/wp-content\/uploads\/2021\/12\/p_Mesa-Merlot-ext-1.webp","contentUrl":"https:\/\/www.dressy.design\/wp-content\/uploads\/2021\/12\/p_Mesa-Merlot-ext-1.webp","width":1195,"height":1195},{"@type":"BreadcrumbList","@id":"https:\/\/www.dressy.design\/de\/p\/merlot-ausziehbarer-tisch-mit-keramikplatte\/#breadcrumb","itemListElement":[{"@type":"ListItem","position":1,"name":"Portada","item":"https:\/\/www.dressy.design\/de\/"},{"@type":"ListItem","position":2,"name":"Tienda","item":"https:\/\/www.dressy.design\/es\/?page_id=180"},{"@type":"ListItem","position":3,"name":"MERLOT"}]},{"@type":"WebSite","@id":"https:\/\/www.dressy.design\/de\/#website","url":"https:\/\/www.dressy.design\/de\/","name":"Dressy","description":"Sillas y mesas de m\u00e1xima calidad y dise\u00f1o","potentialAction":[{"@type":"SearchAction","target":{"@type":"EntryPoint","urlTemplate":"https:\/\/www.dressy.design\/de\/?s={search_term_string}"},"query-input":{"@type":"PropertyValueSpecification","valueRequired":true,"valueName":"search_term_string"}}],"inLanguage":"de"}]}},"_links":{"self":[{"href":"https:\/\/www.dressy.design\/de\/wp-json\/wp\/v2\/product\/6139","targetHints":{"allow":["GET"]}}],"collection":[{"href":"https:\/\/www.dressy.design\/de\/wp-json\/wp\/v2\/product"}],"about":[{"href":"https:\/\/www.dressy.design\/de\/wp-json\/wp\/v2\/types\/product"}],"wp:featuredmedia":[{"embeddable":true,"href":"https:\/\/www.dressy.design\/de\/wp-json\/wp\/v2\/media\/4850"}],"wp:attachment":[{"href":"https:\/\/www.dressy.design\/de\/wp-json\/wp\/v2\/media?parent=6139"}],"wp:term":[{"taxonomy":"product_brand","embeddable":true,"href":"https:\/\/www.dressy.design\/de\/wp-json\/wp\/v2\/product_brand?post=6139"},{"taxonomy":"product_cat","embeddable":true,"href":"https:\/\/www.dressy.design\/de\/wp-json\/wp\/v2\/product_cat?post=6139"},{"taxonomy":"product_tag","embeddable":true,"href":"https:\/\/www.dressy.design\/de\/wp-json\/wp\/v2\/product_tag?post=6139"}],"curies":[{"name":"wp","href":"https:\/\/api.w.org\/{rel}","templated":true}]}}