{"id":6140,"date":"2021-12-23T12:29:52","date_gmt":"2021-12-23T12:29:52","guid":{"rendered":"https:\/\/www.dressy.design\/p\/doo-mesa-fija-tapa-ceramica-estructura-aluminio\/"},"modified":"2022-09-20T10:12:11","modified_gmt":"2022-09-20T08:12:11","slug":"doo-feststehender-mit-keramikplatte","status":"publish","type":"product","link":"https:\/\/www.dressy.design\/de\/p\/doo-feststehender-mit-keramikplatte\/","title":{"rendered":"DOO"},"content":{"rendered":"\t<div id=\"gap-1847741132\" class=\"gap-element clearfix hide-for-small\" style=\"display:block; height:auto;\">\n\t\t\n<style>\n#gap-1847741132 {\n  padding-top: 50px;\n}\n<\/style>\n\t<\/div>\n\t\n\t<div id=\"text-2384645786\" class=\"text justify\">\n\t\t\n<p>Doo ist einer der ersten Dressy-Tische, der sich durch seine Eleganz und Schlichtheit auszeichnet. Der Name stammt von den beiden &#8222;O&#8220;, die mit ihrer Form die beiden stranggepressten Aluminiumprofile andeuten und die mit einem Rahmen verbunden sind, auf dem das mit Glas beschichtete technische Porzellan ruht. Die Platte dieses Tisches von gro\u00dfer Pers\u00f6nlichkeit ist in verschiedenen Gr\u00f6\u00dfen und in rechteckiger und tonnenf\u00f6rmiger Form erh\u00e4ltlich.<\/p>\n\t\t\t<\/div>\n\t\n<div class=\"row descripcion-parte-1\"  id=\"row-153766542\">\n\n\t<div id=\"col-1408411806\" class=\"col medium-5 small-12 large-5\"  data-animate=\"fadeInDown\">\n\t\t\t\t<div class=\"col-inner\"  >\n\t\t\t\n\t\t\t\n\t<div class=\"img has-hover x md-x lg-x y md-y lg-y\" id=\"image_1529225123\">\n\t\t\t\t\t\t\t\t<div class=\"img-inner image-zoom dark\" >\n\t\t\t<img loading=\"lazy\" decoding=\"async\" width=\"600\" height=\"800\" src=\"https:\/\/www.dressy.design\/wp-content\/uploads\/2021\/11\/Mesa-Doo_Galeria_02.webp\" class=\"attachment-large size-large\" alt=\"\" srcset=\"https:\/\/www.dressy.design\/wp-content\/uploads\/2021\/11\/Mesa-Doo_Galeria_02.webp 600w, https:\/\/www.dressy.design\/wp-content\/uploads\/2021\/11\/Mesa-Doo_Galeria_02-150x200.webp 150w, https:\/\/www.dressy.design\/wp-content\/uploads\/2021\/11\/Mesa-Doo_Galeria_02-38x50.webp 38w, https:\/\/www.dressy.design\/wp-content\/uploads\/2021\/11\/Mesa-Doo_Galeria_02-75x100.webp 75w, https:\/\/www.dressy.design\/wp-content\/uploads\/2021\/11\/Mesa-Doo_Galeria_02-300x400.webp 300w\" sizes=\"auto, (max-width: 600px) 100vw, 600px\" \/>\t\t\t\t\t\t\n\t\t\t\t\t<\/div>\n\t\t\t\t\t\t\t\t\n<style>\n#image_1529225123 {\n  width: 100%;\n}\n<\/style>\n\t<\/div>\n\t\n\t\t<\/div>\n\t\t\t\t\t<\/div>\n\n\t\n\n\t<div id=\"col-1693757181\" class=\"col medium-7 small-12 large-7\"  data-animate=\"fadeInDown\">\n\t\t\t\t<div class=\"col-inner\"  >\n\t\t\t\n\t\t\t\n\t<div class=\"img has-hover x md-x lg-x y md-y lg-y\" id=\"image_1925357407\">\n\t\t\t\t\t\t\t\t<div class=\"img-inner image-zoom dark\" >\n\t\t\t<img loading=\"lazy\" decoding=\"async\" width=\"1170\" height=\"800\" src=\"https:\/\/www.dressy.design\/wp-content\/uploads\/2021\/11\/Mesa-Doo_Galeria_01.webp\" class=\"attachment-large size-large\" alt=\"\" srcset=\"https:\/\/www.dressy.design\/wp-content\/uploads\/2021\/11\/Mesa-Doo_Galeria_01.webp 1170w, https:\/\/www.dressy.design\/wp-content\/uploads\/2021\/11\/Mesa-Doo_Galeria_01-150x103.webp 150w, https:\/\/www.dressy.design\/wp-content\/uploads\/2021\/11\/Mesa-Doo_Galeria_01-768x525.webp 768w, https:\/\/www.dressy.design\/wp-content\/uploads\/2021\/11\/Mesa-Doo_Galeria_01-50x34.webp 50w, https:\/\/www.dressy.design\/wp-content\/uploads\/2021\/11\/Mesa-Doo_Galeria_01-100x68.webp 100w, https:\/\/www.dressy.design\/wp-content\/uploads\/2021\/11\/Mesa-Doo_Galeria_01-300x205.webp 300w, https:\/\/www.dressy.design\/wp-content\/uploads\/2021\/11\/Mesa-Doo_Galeria_01-600x410.webp 600w\" sizes=\"auto, (max-width: 1170px) 100vw, 1170px\" \/>\t\t\t\t\t\t\n\t\t\t\t\t<\/div>\n\t\t\t\t\t\t\t\t\n<style>\n#image_1925357407 {\n  width: 100%;\n}\n<\/style>\n\t<\/div>\n\t\n\t\t<\/div>\n\t\t\t\t\t<\/div>\n\n\t\n<\/div>\n<div class=\"row descripcion-parte-1\"  id=\"row-1837157686\">\n\n\t<div id=\"col-316208050\" class=\"col small-12 large-12\"  data-animate=\"fadeInDown\">\n\t\t\t\t<div class=\"col-inner\"  >\n\t\t\t\n\t\t\t\n\t<div id=\"gap-1714302537\" class=\"gap-element clearfix hide-for-small\" style=\"display:block; height:auto;\">\n\t\t\n<style>\n#gap-1714302537 {\n  padding-top: 50px;\n}\n<\/style>\n\t<\/div>\n\t\n\t\t<\/div>\n\t\t\t\t\t<\/div>\n\n\t\n<\/div>\n","protected":false},"excerpt":{"rendered":"<p>Feststehender Tisch mit Keramikplatte, die sowohl in rechteckiger als auch in tonnenf\u00f6rmiger Ausf\u00fchrung erh\u00e4ltlich ist. Die Struktur ist aus Aluminium gefertigt.<\/p>\n","protected":false},"featured_media":4842,"template":"","meta":{"_acf_changed":false},"product_brand":[],"product_cat":[331,330],"product_tag":[],"class_list":{"0":"post-6140","1":"product","2":"type-product","3":"status-publish","4":"has-post-thumbnail","6":"product_cat-doo-de","7":"product_cat-mesa-fija-de","9":"first","10":"instock","11":"product-type-simple"},"acf":[],"yoast_head":"<!-- This site is optimized with the Yoast SEO plugin v27.2 - https:\/\/yoast.com\/product\/yoast-seo-wordpress\/ -->\n<title>DOO - Feststehender Tisch mit Keramikplatte.<\/title>\n<meta name=\"description\" content=\"Feststehender Tisch mit Keramikplatte, die sowohl in rechteckiger als auch in tonnenf\u00f6rmiger Ausf\u00fchrung erh\u00e4ltlich ist. Die Struktur ist aus Aluminium gefertigt.\" \/>\n<meta name=\"robots\" content=\"index, follow, max-snippet:-1, max-image-preview:large, max-video-preview:-1\" \/>\n<link rel=\"canonical\" href=\"https:\/\/www.dressy.design\/de\/p\/doo-feststehender-mit-keramikplatte\/\" \/>\n<meta property=\"og:locale\" content=\"de_DE\" \/>\n<meta property=\"og:type\" content=\"article\" \/>\n<meta property=\"og:title\" content=\"DOO - Feststehender Tisch mit Keramikplatte.\" \/>\n<meta property=\"og:description\" content=\"Feststehender Tisch mit Keramikplatte, die sowohl in rechteckiger als auch in tonnenf\u00f6rmiger Ausf\u00fchrung erh\u00e4ltlich ist. Die Struktur ist aus Aluminium gefertigt.\" \/>\n<meta property=\"og:url\" content=\"https:\/\/www.dressy.design\/de\/p\/doo-feststehender-mit-keramikplatte\/\" \/>\n<meta property=\"og:site_name\" content=\"Dressy\" \/>\n<meta property=\"article:modified_time\" content=\"2022-09-20T08:12:11+00:00\" \/>\n<meta property=\"og:image\" content=\"https:\/\/www.dressy.design\/wp-content\/uploads\/2021\/12\/p_Mesa-Doo-1.webp\" \/>\n\t<meta property=\"og:image:width\" content=\"1195\" \/>\n\t<meta property=\"og:image:height\" content=\"1195\" \/>\n\t<meta property=\"og:image:type\" content=\"image\/webp\" \/>\n<meta name=\"twitter:card\" content=\"summary_large_image\" \/>\n<meta name=\"twitter:label1\" content=\"Gesch\u00e4tzte Lesezeit\" \/>\n\t<meta name=\"twitter:data1\" content=\"1\u00a0Minute\" \/>\n<script type=\"application\/ld+json\" class=\"yoast-schema-graph\">{\"@context\":\"https:\/\/schema.org\",\"@graph\":[{\"@type\":\"WebPage\",\"@id\":\"https:\/\/www.dressy.design\/de\/p\/doo-feststehender-mit-keramikplatte\/\",\"url\":\"https:\/\/www.dressy.design\/de\/p\/doo-feststehender-mit-keramikplatte\/\",\"name\":\"DOO - Feststehender Tisch mit Keramikplatte.\",\"isPartOf\":{\"@id\":\"https:\/\/www.dressy.design\/de\/#website\"},\"primaryImageOfPage\":{\"@id\":\"https:\/\/www.dressy.design\/de\/p\/doo-feststehender-mit-keramikplatte\/#primaryimage\"},\"image\":{\"@id\":\"https:\/\/www.dressy.design\/de\/p\/doo-feststehender-mit-keramikplatte\/#primaryimage\"},\"thumbnailUrl\":\"https:\/\/www.dressy.design\/wp-content\/uploads\/2021\/12\/p_Mesa-Doo-1.webp\",\"datePublished\":\"2021-12-23T12:29:52+00:00\",\"dateModified\":\"2022-09-20T08:12:11+00:00\",\"description\":\"Feststehender Tisch mit Keramikplatte, die sowohl in rechteckiger als auch in tonnenf\u00f6rmiger Ausf\u00fchrung erh\u00e4ltlich ist. Die Struktur ist aus Aluminium gefertigt.\",\"breadcrumb\":{\"@id\":\"https:\/\/www.dressy.design\/de\/p\/doo-feststehender-mit-keramikplatte\/#breadcrumb\"},\"inLanguage\":\"de\",\"potentialAction\":[{\"@type\":\"ReadAction\",\"target\":[\"https:\/\/www.dressy.design\/de\/p\/doo-feststehender-mit-keramikplatte\/\"]}]},{\"@type\":\"ImageObject\",\"inLanguage\":\"de\",\"@id\":\"https:\/\/www.dressy.design\/de\/p\/doo-feststehender-mit-keramikplatte\/#primaryimage\",\"url\":\"https:\/\/www.dressy.design\/wp-content\/uploads\/2021\/12\/p_Mesa-Doo-1.webp\",\"contentUrl\":\"https:\/\/www.dressy.design\/wp-content\/uploads\/2021\/12\/p_Mesa-Doo-1.webp\",\"width\":1195,\"height\":1195},{\"@type\":\"BreadcrumbList\",\"@id\":\"https:\/\/www.dressy.design\/de\/p\/doo-feststehender-mit-keramikplatte\/#breadcrumb\",\"itemListElement\":[{\"@type\":\"ListItem\",\"position\":1,\"name\":\"Portada\",\"item\":\"https:\/\/www.dressy.design\/de\/\"},{\"@type\":\"ListItem\",\"position\":2,\"name\":\"Tienda\",\"item\":\"https:\/\/www.dressy.design\/es\/?page_id=180\"},{\"@type\":\"ListItem\",\"position\":3,\"name\":\"DOO\"}]},{\"@type\":\"WebSite\",\"@id\":\"https:\/\/www.dressy.design\/de\/#website\",\"url\":\"https:\/\/www.dressy.design\/de\/\",\"name\":\"Dressy\",\"description\":\"Sillas y mesas de m\u00e1xima calidad y dise\u00f1o\",\"potentialAction\":[{\"@type\":\"SearchAction\",\"target\":{\"@type\":\"EntryPoint\",\"urlTemplate\":\"https:\/\/www.dressy.design\/de\/?s={search_term_string}\"},\"query-input\":{\"@type\":\"PropertyValueSpecification\",\"valueRequired\":true,\"valueName\":\"search_term_string\"}}],\"inLanguage\":\"de\"}]}<\/script>\n<!-- \/ Yoast SEO plugin. -->","yoast_head_json":{"title":"DOO - Feststehender Tisch mit Keramikplatte.","description":"Feststehender Tisch mit Keramikplatte, die sowohl in rechteckiger als auch in tonnenf\u00f6rmiger Ausf\u00fchrung erh\u00e4ltlich ist. Die Struktur ist aus Aluminium gefertigt.","robots":{"index":"index","follow":"follow","max-snippet":"max-snippet:-1","max-image-preview":"max-image-preview:large","max-video-preview":"max-video-preview:-1"},"canonical":"https:\/\/www.dressy.design\/de\/p\/doo-feststehender-mit-keramikplatte\/","og_locale":"de_DE","og_type":"article","og_title":"DOO - Feststehender Tisch mit Keramikplatte.","og_description":"Feststehender Tisch mit Keramikplatte, die sowohl in rechteckiger als auch in tonnenf\u00f6rmiger Ausf\u00fchrung erh\u00e4ltlich ist. Die Struktur ist aus Aluminium gefertigt.","og_url":"https:\/\/www.dressy.design\/de\/p\/doo-feststehender-mit-keramikplatte\/","og_site_name":"Dressy","article_modified_time":"2022-09-20T08:12:11+00:00","og_image":[{"width":1195,"height":1195,"url":"https:\/\/www.dressy.design\/wp-content\/uploads\/2021\/12\/p_Mesa-Doo-1.webp","type":"image\/webp"}],"twitter_card":"summary_large_image","twitter_misc":{"Gesch\u00e4tzte Lesezeit":"1\u00a0Minute"},"schema":{"@context":"https:\/\/schema.org","@graph":[{"@type":"WebPage","@id":"https:\/\/www.dressy.design\/de\/p\/doo-feststehender-mit-keramikplatte\/","url":"https:\/\/www.dressy.design\/de\/p\/doo-feststehender-mit-keramikplatte\/","name":"DOO - Feststehender Tisch mit Keramikplatte.","isPartOf":{"@id":"https:\/\/www.dressy.design\/de\/#website"},"primaryImageOfPage":{"@id":"https:\/\/www.dressy.design\/de\/p\/doo-feststehender-mit-keramikplatte\/#primaryimage"},"image":{"@id":"https:\/\/www.dressy.design\/de\/p\/doo-feststehender-mit-keramikplatte\/#primaryimage"},"thumbnailUrl":"https:\/\/www.dressy.design\/wp-content\/uploads\/2021\/12\/p_Mesa-Doo-1.webp","datePublished":"2021-12-23T12:29:52+00:00","dateModified":"2022-09-20T08:12:11+00:00","description":"Feststehender Tisch mit Keramikplatte, die sowohl in rechteckiger als auch in tonnenf\u00f6rmiger Ausf\u00fchrung erh\u00e4ltlich ist. Die Struktur ist aus Aluminium gefertigt.","breadcrumb":{"@id":"https:\/\/www.dressy.design\/de\/p\/doo-feststehender-mit-keramikplatte\/#breadcrumb"},"inLanguage":"de","potentialAction":[{"@type":"ReadAction","target":["https:\/\/www.dressy.design\/de\/p\/doo-feststehender-mit-keramikplatte\/"]}]},{"@type":"ImageObject","inLanguage":"de","@id":"https:\/\/www.dressy.design\/de\/p\/doo-feststehender-mit-keramikplatte\/#primaryimage","url":"https:\/\/www.dressy.design\/wp-content\/uploads\/2021\/12\/p_Mesa-Doo-1.webp","contentUrl":"https:\/\/www.dressy.design\/wp-content\/uploads\/2021\/12\/p_Mesa-Doo-1.webp","width":1195,"height":1195},{"@type":"BreadcrumbList","@id":"https:\/\/www.dressy.design\/de\/p\/doo-feststehender-mit-keramikplatte\/#breadcrumb","itemListElement":[{"@type":"ListItem","position":1,"name":"Portada","item":"https:\/\/www.dressy.design\/de\/"},{"@type":"ListItem","position":2,"name":"Tienda","item":"https:\/\/www.dressy.design\/es\/?page_id=180"},{"@type":"ListItem","position":3,"name":"DOO"}]},{"@type":"WebSite","@id":"https:\/\/www.dressy.design\/de\/#website","url":"https:\/\/www.dressy.design\/de\/","name":"Dressy","description":"Sillas y mesas de m\u00e1xima calidad y dise\u00f1o","potentialAction":[{"@type":"SearchAction","target":{"@type":"EntryPoint","urlTemplate":"https:\/\/www.dressy.design\/de\/?s={search_term_string}"},"query-input":{"@type":"PropertyValueSpecification","valueRequired":true,"valueName":"search_term_string"}}],"inLanguage":"de"}]}},"_links":{"self":[{"href":"https:\/\/www.dressy.design\/de\/wp-json\/wp\/v2\/product\/6140","targetHints":{"allow":["GET"]}}],"collection":[{"href":"https:\/\/www.dressy.design\/de\/wp-json\/wp\/v2\/product"}],"about":[{"href":"https:\/\/www.dressy.design\/de\/wp-json\/wp\/v2\/types\/product"}],"wp:featuredmedia":[{"embeddable":true,"href":"https:\/\/www.dressy.design\/de\/wp-json\/wp\/v2\/media\/4842"}],"wp:attachment":[{"href":"https:\/\/www.dressy.design\/de\/wp-json\/wp\/v2\/media?parent=6140"}],"wp:term":[{"taxonomy":"product_brand","embeddable":true,"href":"https:\/\/www.dressy.design\/de\/wp-json\/wp\/v2\/product_brand?post=6140"},{"taxonomy":"product_cat","embeddable":true,"href":"https:\/\/www.dressy.design\/de\/wp-json\/wp\/v2\/product_cat?post=6140"},{"taxonomy":"product_tag","embeddable":true,"href":"https:\/\/www.dressy.design\/de\/wp-json\/wp\/v2\/product_tag?post=6140"}],"curies":[{"name":"wp","href":"https:\/\/api.w.org\/{rel}","templated":true}]}}