{"id":6141,"date":"2021-12-23T12:29:52","date_gmt":"2021-12-23T12:29:52","guid":{"rendered":"https:\/\/www.dressy.design\/p\/stay-mesa-fija-tapa-ceramica\/"},"modified":"2022-09-20T10:13:00","modified_gmt":"2022-09-20T08:13:00","slug":"stay-fester-tisch-mit-keramikplatte","status":"publish","type":"product","link":"https:\/\/www.dressy.design\/de\/p\/stay-fester-tisch-mit-keramikplatte\/","title":{"rendered":"STAY"},"content":{"rendered":"\t<div id=\"gap-1048796107\" class=\"gap-element clearfix hide-for-small\" style=\"display:block; height:auto;\">\n\t\t\n<style>\n#gap-1048796107 {\n  padding-top: 50px;\n}\n<\/style>\n\t<\/div>\n\t\n<div class=\"row descripcion-parte-1\"  id=\"row-689787005\">\n\n\t<div id=\"col-721484721\" class=\"col hide-for-small medium-2 small-12 large-2\"  >\n\t\t\t\t<div class=\"col-inner\"  >\n\t\t\t\n\t\t\t\n\t\t<\/div>\n\t\t\t\t\t<\/div>\n\n\t\n\n\t<div id=\"col-21536349\" class=\"col medium-5 small-12 large-5\"  data-animate=\"fadeInDown\">\n\t\t\t\t<div class=\"col-inner\"  >\n\t\t\t\n\t\t\t\n\t<div class=\"img has-hover x md-x lg-x y md-y lg-y\" id=\"image_259793677\">\n\t\t\t\t\t\t\t\t<div class=\"img-inner image-zoom dark\" >\n\t\t\t<img loading=\"lazy\" decoding=\"async\" width=\"700\" height=\"800\" src=\"https:\/\/www.dressy.design\/wp-content\/uploads\/2021\/11\/Mesa-Stay_Producto_01.webp\" class=\"attachment-large size-large\" alt=\"\" srcset=\"https:\/\/www.dressy.design\/wp-content\/uploads\/2021\/11\/Mesa-Stay_Producto_01.webp 700w, https:\/\/www.dressy.design\/wp-content\/uploads\/2021\/11\/Mesa-Stay_Producto_01-150x171.webp 150w, https:\/\/www.dressy.design\/wp-content\/uploads\/2021\/11\/Mesa-Stay_Producto_01-44x50.webp 44w, https:\/\/www.dressy.design\/wp-content\/uploads\/2021\/11\/Mesa-Stay_Producto_01-88x100.webp 88w, https:\/\/www.dressy.design\/wp-content\/uploads\/2021\/11\/Mesa-Stay_Producto_01-300x343.webp 300w, https:\/\/www.dressy.design\/wp-content\/uploads\/2021\/11\/Mesa-Stay_Producto_01-600x686.webp 600w\" sizes=\"auto, (max-width: 700px) 100vw, 700px\" \/>\t\t\t\t\t\t\n\t\t\t\t\t<\/div>\n\t\t\t\t\t\t\t\t\n<style>\n#image_259793677 {\n  width: 100%;\n}\n<\/style>\n\t<\/div>\n\t\n\t\t<\/div>\n\t\t\t\t\t<\/div>\n\n\t\n\n\t<div id=\"col-1765952163\" class=\"col medium-5 small-12 large-5\"  data-animate=\"fadeInDown\">\n\t\t\t\t<div class=\"col-inner\"  >\n\t\t\t\n\t\t\t\n\t<div class=\"img has-hover x md-x lg-x y md-y lg-y\" id=\"image_1355373998\">\n\t\t\t\t\t\t\t\t<div class=\"img-inner image-zoom dark\" >\n\t\t\t<img loading=\"lazy\" decoding=\"async\" width=\"700\" height=\"800\" src=\"https:\/\/www.dressy.design\/wp-content\/uploads\/2021\/11\/Mesa-Stay_Producto_03.webp\" class=\"attachment-large size-large\" alt=\"\" srcset=\"https:\/\/www.dressy.design\/wp-content\/uploads\/2021\/11\/Mesa-Stay_Producto_03.webp 700w, https:\/\/www.dressy.design\/wp-content\/uploads\/2021\/11\/Mesa-Stay_Producto_03-150x171.webp 150w, https:\/\/www.dressy.design\/wp-content\/uploads\/2021\/11\/Mesa-Stay_Producto_03-44x50.webp 44w, https:\/\/www.dressy.design\/wp-content\/uploads\/2021\/11\/Mesa-Stay_Producto_03-88x100.webp 88w, https:\/\/www.dressy.design\/wp-content\/uploads\/2021\/11\/Mesa-Stay_Producto_03-300x343.webp 300w, https:\/\/www.dressy.design\/wp-content\/uploads\/2021\/11\/Mesa-Stay_Producto_03-600x686.webp 600w\" sizes=\"auto, (max-width: 700px) 100vw, 700px\" \/>\t\t\t\t\t\t\n\t\t\t\t\t<\/div>\n\t\t\t\t\t\t\t\t\n<style>\n#image_1355373998 {\n  width: 100%;\n}\n<\/style>\n\t<\/div>\n\t\n\t\t<\/div>\n\t\t\t\t\t<\/div>\n\n\t\n<\/div>\n<div class=\"row descripcion-parte-1\"  id=\"row-574292396\">\n\n\t<div id=\"col-1894210333\" class=\"col hide-for-small medium-2 small-12 large-2\"  >\n\t\t\t\t<div class=\"col-inner\"  >\n\t\t\t\n\t\t\t\n\t\t<\/div>\n\t\t\t\t\t<\/div>\n\n\t\n\n\t<div id=\"col-1042291468\" class=\"col medium-10 small-12 large-10\"  data-animate=\"fadeInDown\">\n\t\t\t\t<div class=\"col-inner\"  >\n\t\t\t\n\t\t\t\n<p>Stay steht f\u00fcr Charakter und St\u00e4rke. Ein attraktiver Tisch, der jeden Raum vervollst\u00e4ndigt und ihm eine besondere Identit\u00e4t verleiht, und der dank seiner Struktur gro\u00dfe Erwartungen weckt: zwei stranggepresste Aluminiumprofile mit innovativem Design. Die erstaunliche Stabilit\u00e4t, die den Tisch Stay auszeichnet, wird durch die L\u00f6sung der Verbindung dieser Profile mit der Platte aus technischem Porzellan und Glas erreicht, die rechteckig, oval oder tonnenf\u00f6rmig sein kann.<\/p>\n\t\t<\/div>\n\t\t\t\t\t<\/div>\n\n\t\n<\/div>\n","protected":false},"excerpt":{"rendered":"<p>Fester Tisch mit Keramikplatte, erh\u00e4ltlich mit rechteckigen, ovalen und tonnenf\u00f6rmigen Platten. Die Struktur ist aus stranggepresstem Aluminium gefertigt.<\/p>\n","protected":false},"featured_media":4856,"template":"","meta":{"_acf_changed":false},"product_brand":[],"product_cat":[330,332],"product_tag":[],"class_list":{"0":"post-6141","1":"product","2":"type-product","3":"status-publish","4":"has-post-thumbnail","6":"product_cat-mesa-fija-de","7":"product_cat-stay-de","9":"first","10":"instock","11":"product-type-simple"},"acf":[],"yoast_head":"<!-- This site is optimized with the Yoast SEO plugin v27.2 - https:\/\/yoast.com\/product\/yoast-seo-wordpress\/ -->\n<title>STAY festertisch mit Keramikplatte<\/title>\n<meta name=\"description\" content=\"Tisch mit Keramikplatte, erh\u00e4ltlich mit rechteckigen, ovalen und tonnenf\u00f6rmigen Platten. Die Struktur ist aus stranggepresstem Aluminium gefertigt.\" \/>\n<meta name=\"robots\" content=\"index, follow, max-snippet:-1, max-image-preview:large, max-video-preview:-1\" \/>\n<link rel=\"canonical\" href=\"https:\/\/www.dressy.design\/de\/p\/stay-fester-tisch-mit-keramikplatte\/\" \/>\n<meta property=\"og:locale\" content=\"de_DE\" \/>\n<meta property=\"og:type\" content=\"article\" \/>\n<meta property=\"og:title\" content=\"STAY festertisch mit Keramikplatte\" \/>\n<meta property=\"og:description\" content=\"Tisch mit Keramikplatte, erh\u00e4ltlich mit rechteckigen, ovalen und tonnenf\u00f6rmigen Platten. Die Struktur ist aus stranggepresstem Aluminium gefertigt.\" \/>\n<meta property=\"og:url\" content=\"https:\/\/www.dressy.design\/de\/p\/stay-fester-tisch-mit-keramikplatte\/\" \/>\n<meta property=\"og:site_name\" content=\"Dressy\" \/>\n<meta property=\"article:modified_time\" content=\"2022-09-20T08:13:00+00:00\" \/>\n<meta property=\"og:image\" content=\"https:\/\/www.dressy.design\/wp-content\/uploads\/2021\/12\/p_Mesa-Stay-1.webp\" \/>\n\t<meta property=\"og:image:width\" content=\"1195\" \/>\n\t<meta property=\"og:image:height\" content=\"1195\" \/>\n\t<meta property=\"og:image:type\" content=\"image\/webp\" \/>\n<meta name=\"twitter:card\" content=\"summary_large_image\" \/>\n<meta name=\"twitter:label1\" content=\"Gesch\u00e4tzte Lesezeit\" \/>\n\t<meta name=\"twitter:data1\" content=\"1\u00a0Minute\" \/>\n<script type=\"application\/ld+json\" class=\"yoast-schema-graph\">{\"@context\":\"https:\/\/schema.org\",\"@graph\":[{\"@type\":\"WebPage\",\"@id\":\"https:\/\/www.dressy.design\/de\/p\/stay-fester-tisch-mit-keramikplatte\/\",\"url\":\"https:\/\/www.dressy.design\/de\/p\/stay-fester-tisch-mit-keramikplatte\/\",\"name\":\"STAY festertisch mit Keramikplatte\",\"isPartOf\":{\"@id\":\"https:\/\/www.dressy.design\/de\/#website\"},\"primaryImageOfPage\":{\"@id\":\"https:\/\/www.dressy.design\/de\/p\/stay-fester-tisch-mit-keramikplatte\/#primaryimage\"},\"image\":{\"@id\":\"https:\/\/www.dressy.design\/de\/p\/stay-fester-tisch-mit-keramikplatte\/#primaryimage\"},\"thumbnailUrl\":\"https:\/\/www.dressy.design\/wp-content\/uploads\/2021\/12\/p_Mesa-Stay-1.webp\",\"datePublished\":\"2021-12-23T12:29:52+00:00\",\"dateModified\":\"2022-09-20T08:13:00+00:00\",\"description\":\"Tisch mit Keramikplatte, erh\u00e4ltlich mit rechteckigen, ovalen und tonnenf\u00f6rmigen Platten. Die Struktur ist aus stranggepresstem Aluminium gefertigt.\",\"breadcrumb\":{\"@id\":\"https:\/\/www.dressy.design\/de\/p\/stay-fester-tisch-mit-keramikplatte\/#breadcrumb\"},\"inLanguage\":\"de\",\"potentialAction\":[{\"@type\":\"ReadAction\",\"target\":[\"https:\/\/www.dressy.design\/de\/p\/stay-fester-tisch-mit-keramikplatte\/\"]}]},{\"@type\":\"ImageObject\",\"inLanguage\":\"de\",\"@id\":\"https:\/\/www.dressy.design\/de\/p\/stay-fester-tisch-mit-keramikplatte\/#primaryimage\",\"url\":\"https:\/\/www.dressy.design\/wp-content\/uploads\/2021\/12\/p_Mesa-Stay-1.webp\",\"contentUrl\":\"https:\/\/www.dressy.design\/wp-content\/uploads\/2021\/12\/p_Mesa-Stay-1.webp\",\"width\":1195,\"height\":1195},{\"@type\":\"BreadcrumbList\",\"@id\":\"https:\/\/www.dressy.design\/de\/p\/stay-fester-tisch-mit-keramikplatte\/#breadcrumb\",\"itemListElement\":[{\"@type\":\"ListItem\",\"position\":1,\"name\":\"Portada\",\"item\":\"https:\/\/www.dressy.design\/de\/\"},{\"@type\":\"ListItem\",\"position\":2,\"name\":\"Tienda\",\"item\":\"https:\/\/www.dressy.design\/es\/?page_id=180\"},{\"@type\":\"ListItem\",\"position\":3,\"name\":\"STAY\"}]},{\"@type\":\"WebSite\",\"@id\":\"https:\/\/www.dressy.design\/de\/#website\",\"url\":\"https:\/\/www.dressy.design\/de\/\",\"name\":\"Dressy\",\"description\":\"Sillas y mesas de m\u00e1xima calidad y dise\u00f1o\",\"potentialAction\":[{\"@type\":\"SearchAction\",\"target\":{\"@type\":\"EntryPoint\",\"urlTemplate\":\"https:\/\/www.dressy.design\/de\/?s={search_term_string}\"},\"query-input\":{\"@type\":\"PropertyValueSpecification\",\"valueRequired\":true,\"valueName\":\"search_term_string\"}}],\"inLanguage\":\"de\"}]}<\/script>\n<!-- \/ Yoast SEO plugin. -->","yoast_head_json":{"title":"STAY festertisch mit Keramikplatte","description":"Tisch mit Keramikplatte, erh\u00e4ltlich mit rechteckigen, ovalen und tonnenf\u00f6rmigen Platten. Die Struktur ist aus stranggepresstem Aluminium gefertigt.","robots":{"index":"index","follow":"follow","max-snippet":"max-snippet:-1","max-image-preview":"max-image-preview:large","max-video-preview":"max-video-preview:-1"},"canonical":"https:\/\/www.dressy.design\/de\/p\/stay-fester-tisch-mit-keramikplatte\/","og_locale":"de_DE","og_type":"article","og_title":"STAY festertisch mit Keramikplatte","og_description":"Tisch mit Keramikplatte, erh\u00e4ltlich mit rechteckigen, ovalen und tonnenf\u00f6rmigen Platten. Die Struktur ist aus stranggepresstem Aluminium gefertigt.","og_url":"https:\/\/www.dressy.design\/de\/p\/stay-fester-tisch-mit-keramikplatte\/","og_site_name":"Dressy","article_modified_time":"2022-09-20T08:13:00+00:00","og_image":[{"width":1195,"height":1195,"url":"https:\/\/www.dressy.design\/wp-content\/uploads\/2021\/12\/p_Mesa-Stay-1.webp","type":"image\/webp"}],"twitter_card":"summary_large_image","twitter_misc":{"Gesch\u00e4tzte Lesezeit":"1\u00a0Minute"},"schema":{"@context":"https:\/\/schema.org","@graph":[{"@type":"WebPage","@id":"https:\/\/www.dressy.design\/de\/p\/stay-fester-tisch-mit-keramikplatte\/","url":"https:\/\/www.dressy.design\/de\/p\/stay-fester-tisch-mit-keramikplatte\/","name":"STAY festertisch mit Keramikplatte","isPartOf":{"@id":"https:\/\/www.dressy.design\/de\/#website"},"primaryImageOfPage":{"@id":"https:\/\/www.dressy.design\/de\/p\/stay-fester-tisch-mit-keramikplatte\/#primaryimage"},"image":{"@id":"https:\/\/www.dressy.design\/de\/p\/stay-fester-tisch-mit-keramikplatte\/#primaryimage"},"thumbnailUrl":"https:\/\/www.dressy.design\/wp-content\/uploads\/2021\/12\/p_Mesa-Stay-1.webp","datePublished":"2021-12-23T12:29:52+00:00","dateModified":"2022-09-20T08:13:00+00:00","description":"Tisch mit Keramikplatte, erh\u00e4ltlich mit rechteckigen, ovalen und tonnenf\u00f6rmigen Platten. Die Struktur ist aus stranggepresstem Aluminium gefertigt.","breadcrumb":{"@id":"https:\/\/www.dressy.design\/de\/p\/stay-fester-tisch-mit-keramikplatte\/#breadcrumb"},"inLanguage":"de","potentialAction":[{"@type":"ReadAction","target":["https:\/\/www.dressy.design\/de\/p\/stay-fester-tisch-mit-keramikplatte\/"]}]},{"@type":"ImageObject","inLanguage":"de","@id":"https:\/\/www.dressy.design\/de\/p\/stay-fester-tisch-mit-keramikplatte\/#primaryimage","url":"https:\/\/www.dressy.design\/wp-content\/uploads\/2021\/12\/p_Mesa-Stay-1.webp","contentUrl":"https:\/\/www.dressy.design\/wp-content\/uploads\/2021\/12\/p_Mesa-Stay-1.webp","width":1195,"height":1195},{"@type":"BreadcrumbList","@id":"https:\/\/www.dressy.design\/de\/p\/stay-fester-tisch-mit-keramikplatte\/#breadcrumb","itemListElement":[{"@type":"ListItem","position":1,"name":"Portada","item":"https:\/\/www.dressy.design\/de\/"},{"@type":"ListItem","position":2,"name":"Tienda","item":"https:\/\/www.dressy.design\/es\/?page_id=180"},{"@type":"ListItem","position":3,"name":"STAY"}]},{"@type":"WebSite","@id":"https:\/\/www.dressy.design\/de\/#website","url":"https:\/\/www.dressy.design\/de\/","name":"Dressy","description":"Sillas y mesas de m\u00e1xima calidad y dise\u00f1o","potentialAction":[{"@type":"SearchAction","target":{"@type":"EntryPoint","urlTemplate":"https:\/\/www.dressy.design\/de\/?s={search_term_string}"},"query-input":{"@type":"PropertyValueSpecification","valueRequired":true,"valueName":"search_term_string"}}],"inLanguage":"de"}]}},"_links":{"self":[{"href":"https:\/\/www.dressy.design\/de\/wp-json\/wp\/v2\/product\/6141","targetHints":{"allow":["GET"]}}],"collection":[{"href":"https:\/\/www.dressy.design\/de\/wp-json\/wp\/v2\/product"}],"about":[{"href":"https:\/\/www.dressy.design\/de\/wp-json\/wp\/v2\/types\/product"}],"wp:featuredmedia":[{"embeddable":true,"href":"https:\/\/www.dressy.design\/de\/wp-json\/wp\/v2\/media\/4856"}],"wp:attachment":[{"href":"https:\/\/www.dressy.design\/de\/wp-json\/wp\/v2\/media?parent=6141"}],"wp:term":[{"taxonomy":"product_brand","embeddable":true,"href":"https:\/\/www.dressy.design\/de\/wp-json\/wp\/v2\/product_brand?post=6141"},{"taxonomy":"product_cat","embeddable":true,"href":"https:\/\/www.dressy.design\/de\/wp-json\/wp\/v2\/product_cat?post=6141"},{"taxonomy":"product_tag","embeddable":true,"href":"https:\/\/www.dressy.design\/de\/wp-json\/wp\/v2\/product_tag?post=6141"}],"curies":[{"name":"wp","href":"https:\/\/api.w.org\/{rel}","templated":true}]}}