{"id":6175,"date":"2021-12-23T12:29:43","date_gmt":"2021-12-23T12:29:43","guid":{"rendered":"https:\/\/www.dressy.design\/p\/joplin-mesa-fija-de-estructura-metalica-tapa-ceramica\/"},"modified":"2025-05-19T10:03:36","modified_gmt":"2025-05-19T08:03:36","slug":"joplin-fester-tisch-mit-metallgestell-und-keramikplatten","status":"publish","type":"product","link":"https:\/\/www.dressy.design\/de\/p\/joplin-fester-tisch-mit-metallgestell-und-keramikplatten\/","title":{"rendered":"JOPLIN"},"content":{"rendered":"\t<div id=\"gap-175333219\" class=\"gap-element clearfix hide-for-small\" style=\"display:block; height:auto;\">\n\t\t\n<style>\n#gap-175333219 {\n  padding-top: 50px;\n}\n<\/style>\n\t<\/div>\n\t\n\t<div class=\"img has-hover x md-x lg-x y md-y lg-y\" id=\"image_587066516\">\n\t\t\t\t\t\t\t\t<div class=\"img-inner image-zoom dark\" >\n\t\t\t<img loading=\"lazy\" decoding=\"async\" width=\"1270\" height=\"800\" src=\"https:\/\/www.dressy.design\/wp-content\/uploads\/2021\/11\/Mesa-Joplin_Producto_06.webp\" class=\"attachment-large size-large\" alt=\"\" srcset=\"https:\/\/www.dressy.design\/wp-content\/uploads\/2021\/11\/Mesa-Joplin_Producto_06.webp 1270w, https:\/\/www.dressy.design\/wp-content\/uploads\/2021\/11\/Mesa-Joplin_Producto_06-150x94.webp 150w, https:\/\/www.dressy.design\/wp-content\/uploads\/2021\/11\/Mesa-Joplin_Producto_06-768x484.webp 768w, https:\/\/www.dressy.design\/wp-content\/uploads\/2021\/11\/Mesa-Joplin_Producto_06-50x31.webp 50w, https:\/\/www.dressy.design\/wp-content\/uploads\/2021\/11\/Mesa-Joplin_Producto_06-100x63.webp 100w, https:\/\/www.dressy.design\/wp-content\/uploads\/2021\/11\/Mesa-Joplin_Producto_06-300x189.webp 300w, https:\/\/www.dressy.design\/wp-content\/uploads\/2021\/11\/Mesa-Joplin_Producto_06-600x378.webp 600w\" sizes=\"auto, (max-width: 1270px) 100vw, 1270px\" \/>\t\t\t\t\t\t\n\t\t\t\t\t<\/div>\n\t\t\t\t\t\t\t\t\n<style>\n#image_587066516 {\n  width: 100%;\n}\n<\/style>\n\t<\/div>\n\t\n\t<div id=\"gap-1035436368\" class=\"gap-element clearfix hide-for-small\" style=\"display:block; height:auto;\">\n\t\t\n<style>\n#gap-1035436368 {\n  padding-top: 30px;\n}\n<\/style>\n\t<\/div>\n\t\n\t<div id=\"text-1664330982\" class=\"text justify\">\n\t\t\n<p>Joplin ist eine Kollektion fester und ausziehbarer Tische mit amerikanischen Mid-Century-Urspr\u00fcngen, der nach einem ber\u00fchmten Jazz-K\u00fcnstler benannt ist. Dieser Tisch bietet f\u00fcnf verschiedene Formen in seiner Platte aus technischem Keramik mit Glasbeschichtung, die auf zwei innovativ gestalteten Beinen ruhen. Die Beine sind genau das Element, das die Tische Joplin und Parker voneinander unterscheidet. Scott Joplin, einer der einflussreichsten Pianisten in den Anf\u00e4ngen des Jazz, inspirierte das Design eines Beins, dessen Form an die Tasten eines Klaviers erinnert.<\/p>\n\t\t\t<\/div>\n\t\n<div class=\"row descripcion-parte-1\"  id=\"row-1966260727\">\n\n\t<div id=\"col-1194130652\" class=\"col medium-6 small-12 large-6\"  data-animate=\"fadeInDown\">\n\t\t\t\t<div class=\"col-inner\"  >\n\t\t\t\n\t\t\t\n\t<div class=\"img has-hover x md-x lg-x y md-y lg-y\" id=\"image_812043488\">\n\t\t\t\t\t\t\t\t<div class=\"img-inner image-zoom dark\" >\n\t\t\t<img loading=\"lazy\" decoding=\"async\" width=\"600\" height=\"800\" src=\"https:\/\/www.dressy.design\/wp-content\/uploads\/2021\/11\/Mesa-Joplin_Producto_01.webp\" class=\"attachment-large size-large\" alt=\"\" srcset=\"https:\/\/www.dressy.design\/wp-content\/uploads\/2021\/11\/Mesa-Joplin_Producto_01.webp 600w, https:\/\/www.dressy.design\/wp-content\/uploads\/2021\/11\/Mesa-Joplin_Producto_01-150x200.webp 150w, https:\/\/www.dressy.design\/wp-content\/uploads\/2021\/11\/Mesa-Joplin_Producto_01-38x50.webp 38w, https:\/\/www.dressy.design\/wp-content\/uploads\/2021\/11\/Mesa-Joplin_Producto_01-75x100.webp 75w, https:\/\/www.dressy.design\/wp-content\/uploads\/2021\/11\/Mesa-Joplin_Producto_01-300x400.webp 300w\" sizes=\"auto, (max-width: 600px) 100vw, 600px\" \/>\t\t\t\t\t\t\n\t\t\t\t\t<\/div>\n\t\t\t\t\t\t\t\t\n<style>\n#image_812043488 {\n  width: 100%;\n}\n<\/style>\n\t<\/div>\n\t\n\t\t<\/div>\n\t\t\t\t\t<\/div>\n\n\t\n\n\t<div id=\"col-124005288\" class=\"col medium-6 small-12 large-6\"  data-animate=\"fadeInDown\">\n\t\t\t\t<div class=\"col-inner\"  >\n\t\t\t\n\t\t\t\n\t<div class=\"img has-hover x md-x lg-x y md-y lg-y\" id=\"image_1726404146\">\n\t\t\t\t\t\t\t\t<div class=\"img-inner image-zoom image-cover dark\" style=\"padding-top:794px;\">\n\t\t\t<img loading=\"lazy\" decoding=\"async\" width=\"550\" height=\"800\" src=\"https:\/\/www.dressy.design\/wp-content\/uploads\/2021\/11\/Mesa-Joplin_Producto_02.webp\" class=\"attachment-large size-large\" alt=\"\" srcset=\"https:\/\/www.dressy.design\/wp-content\/uploads\/2021\/11\/Mesa-Joplin_Producto_02.webp 550w, https:\/\/www.dressy.design\/wp-content\/uploads\/2021\/11\/Mesa-Joplin_Producto_02-150x218.webp 150w, https:\/\/www.dressy.design\/wp-content\/uploads\/2021\/11\/Mesa-Joplin_Producto_02-34x50.webp 34w, https:\/\/www.dressy.design\/wp-content\/uploads\/2021\/11\/Mesa-Joplin_Producto_02-69x100.webp 69w, https:\/\/www.dressy.design\/wp-content\/uploads\/2021\/11\/Mesa-Joplin_Producto_02-300x436.webp 300w\" sizes=\"auto, (max-width: 550px) 100vw, 550px\" \/>\t\t\t\t\t\t\n\t\t\t\t\t<\/div>\n\t\t\t\t\t\t\t\t\n<style>\n#image_1726404146 {\n  width: 100%;\n}\n<\/style>\n\t<\/div>\n\t\n\t\t<\/div>\n\t\t\t\t\t<\/div>\n\n\t\n<\/div>\n<div class=\"row descripcion-parte-1\"  id=\"row-176536879\">\n\n\t<div id=\"col-181265066\" class=\"col small-12 large-12\"  data-animate=\"fadeInDown\">\n\t\t\t\t<div class=\"col-inner\"  >\n\t\t\t\n\t\t\t\n\t<div id=\"gap-1899716012\" class=\"gap-element clearfix hide-for-small\" style=\"display:block; height:auto;\">\n\t\t\n<style>\n#gap-1899716012 {\n  padding-top: 50px;\n}\n<\/style>\n\t<\/div>\n\t\n\t\t<\/div>\n\t\t\t\t\t<\/div>\n\n\t\n<\/div>\n","protected":false},"excerpt":{"rendered":"<p>Fester Tisch mit Metallgestell, erh\u00e4ltlich mit vier verschiedenen Formen von Keramikplatten.<\/p>\n<p><strong>Designer<\/strong><br \/>\n<a href=\"\"><\/a><\/p>\n","protected":false},"featured_media":4848,"template":"","meta":{"_acf_changed":false},"product_brand":[],"product_cat":[347,330,267],"product_tag":[],"class_list":{"0":"post-6175","1":"product","2":"type-product","3":"status-publish","4":"has-post-thumbnail","6":"product_cat-joplin-de","7":"product_cat-mesa-fija-de","8":"product_cat-sergio-rochas","10":"first","11":"instock","12":"product-type-simple"},"acf":[],"yoast_head":"<!-- This site is optimized with the Yoast SEO plugin v27.2 - https:\/\/yoast.com\/product\/yoast-seo-wordpress\/ -->\n<title>JOPLIN | fester Tisch mit Metallgestell und Keramikplatten.<\/title>\n<meta name=\"description\" content=\"JOPLIN | Fester Tisch mit Metallgestell, erh\u00e4ltlich mit f\u00fcnf verschiedenen Formen von Keramikplatten entworfen von Sergio Rochas Dressy\" \/>\n<meta name=\"robots\" content=\"index, follow, max-snippet:-1, max-image-preview:large, max-video-preview:-1\" \/>\n<link rel=\"canonical\" href=\"https:\/\/www.dressy.design\/de\/p\/joplin-fester-tisch-mit-metallgestell-und-keramikplatten\/\" \/>\n<meta property=\"og:locale\" content=\"de_DE\" \/>\n<meta property=\"og:type\" content=\"article\" \/>\n<meta property=\"og:title\" content=\"JOPLIN | fester Tisch mit Metallgestell und Keramikplatten.\" \/>\n<meta property=\"og:description\" content=\"JOPLIN | Fester Tisch mit Metallgestell, erh\u00e4ltlich mit f\u00fcnf verschiedenen Formen von Keramikplatten entworfen von Sergio Rochas Dressy\" \/>\n<meta property=\"og:url\" content=\"https:\/\/www.dressy.design\/de\/p\/joplin-fester-tisch-mit-metallgestell-und-keramikplatten\/\" \/>\n<meta property=\"og:site_name\" content=\"Dressy\" \/>\n<meta property=\"article:modified_time\" content=\"2025-05-19T08:03:36+00:00\" \/>\n<meta property=\"og:image\" content=\"https:\/\/www.dressy.design\/wp-content\/uploads\/2021\/12\/p_Mesa-Joplin-1.webp\" \/>\n\t<meta property=\"og:image:width\" content=\"1195\" \/>\n\t<meta property=\"og:image:height\" content=\"1195\" \/>\n\t<meta property=\"og:image:type\" content=\"image\/webp\" \/>\n<meta name=\"twitter:card\" content=\"summary_large_image\" \/>\n<meta name=\"twitter:label1\" content=\"Gesch\u00e4tzte Lesezeit\" \/>\n\t<meta name=\"twitter:data1\" content=\"1\u00a0Minute\" \/>\n<script type=\"application\/ld+json\" class=\"yoast-schema-graph\">{\"@context\":\"https:\/\/schema.org\",\"@graph\":[{\"@type\":\"WebPage\",\"@id\":\"https:\/\/www.dressy.design\/de\/p\/joplin-fester-tisch-mit-metallgestell-und-keramikplatten\/\",\"url\":\"https:\/\/www.dressy.design\/de\/p\/joplin-fester-tisch-mit-metallgestell-und-keramikplatten\/\",\"name\":\"JOPLIN | fester Tisch mit Metallgestell und Keramikplatten.\",\"isPartOf\":{\"@id\":\"https:\/\/www.dressy.design\/de\/#website\"},\"primaryImageOfPage\":{\"@id\":\"https:\/\/www.dressy.design\/de\/p\/joplin-fester-tisch-mit-metallgestell-und-keramikplatten\/#primaryimage\"},\"image\":{\"@id\":\"https:\/\/www.dressy.design\/de\/p\/joplin-fester-tisch-mit-metallgestell-und-keramikplatten\/#primaryimage\"},\"thumbnailUrl\":\"https:\/\/www.dressy.design\/wp-content\/uploads\/2021\/12\/p_Mesa-Joplin-1.webp\",\"datePublished\":\"2021-12-23T12:29:43+00:00\",\"dateModified\":\"2025-05-19T08:03:36+00:00\",\"description\":\"JOPLIN | Fester Tisch mit Metallgestell, erh\u00e4ltlich mit f\u00fcnf verschiedenen Formen von Keramikplatten entworfen von Sergio Rochas Dressy\",\"breadcrumb\":{\"@id\":\"https:\/\/www.dressy.design\/de\/p\/joplin-fester-tisch-mit-metallgestell-und-keramikplatten\/#breadcrumb\"},\"inLanguage\":\"de\",\"potentialAction\":[{\"@type\":\"ReadAction\",\"target\":[\"https:\/\/www.dressy.design\/de\/p\/joplin-fester-tisch-mit-metallgestell-und-keramikplatten\/\"]}]},{\"@type\":\"ImageObject\",\"inLanguage\":\"de\",\"@id\":\"https:\/\/www.dressy.design\/de\/p\/joplin-fester-tisch-mit-metallgestell-und-keramikplatten\/#primaryimage\",\"url\":\"https:\/\/www.dressy.design\/wp-content\/uploads\/2021\/12\/p_Mesa-Joplin-1.webp\",\"contentUrl\":\"https:\/\/www.dressy.design\/wp-content\/uploads\/2021\/12\/p_Mesa-Joplin-1.webp\",\"width\":1195,\"height\":1195},{\"@type\":\"BreadcrumbList\",\"@id\":\"https:\/\/www.dressy.design\/de\/p\/joplin-fester-tisch-mit-metallgestell-und-keramikplatten\/#breadcrumb\",\"itemListElement\":[{\"@type\":\"ListItem\",\"position\":1,\"name\":\"Portada\",\"item\":\"https:\/\/www.dressy.design\/de\/\"},{\"@type\":\"ListItem\",\"position\":2,\"name\":\"Tienda\",\"item\":\"https:\/\/www.dressy.design\/es\/?page_id=180\"},{\"@type\":\"ListItem\",\"position\":3,\"name\":\"JOPLIN\"}]},{\"@type\":\"WebSite\",\"@id\":\"https:\/\/www.dressy.design\/de\/#website\",\"url\":\"https:\/\/www.dressy.design\/de\/\",\"name\":\"Dressy\",\"description\":\"Sillas y mesas de m\u00e1xima calidad y dise\u00f1o\",\"potentialAction\":[{\"@type\":\"SearchAction\",\"target\":{\"@type\":\"EntryPoint\",\"urlTemplate\":\"https:\/\/www.dressy.design\/de\/?s={search_term_string}\"},\"query-input\":{\"@type\":\"PropertyValueSpecification\",\"valueRequired\":true,\"valueName\":\"search_term_string\"}}],\"inLanguage\":\"de\"}]}<\/script>\n<!-- \/ Yoast SEO plugin. -->","yoast_head_json":{"title":"JOPLIN | fester Tisch mit Metallgestell und Keramikplatten.","description":"JOPLIN | Fester Tisch mit Metallgestell, erh\u00e4ltlich mit f\u00fcnf verschiedenen Formen von Keramikplatten entworfen von Sergio Rochas Dressy","robots":{"index":"index","follow":"follow","max-snippet":"max-snippet:-1","max-image-preview":"max-image-preview:large","max-video-preview":"max-video-preview:-1"},"canonical":"https:\/\/www.dressy.design\/de\/p\/joplin-fester-tisch-mit-metallgestell-und-keramikplatten\/","og_locale":"de_DE","og_type":"article","og_title":"JOPLIN | fester Tisch mit Metallgestell und Keramikplatten.","og_description":"JOPLIN | Fester Tisch mit Metallgestell, erh\u00e4ltlich mit f\u00fcnf verschiedenen Formen von Keramikplatten entworfen von Sergio Rochas Dressy","og_url":"https:\/\/www.dressy.design\/de\/p\/joplin-fester-tisch-mit-metallgestell-und-keramikplatten\/","og_site_name":"Dressy","article_modified_time":"2025-05-19T08:03:36+00:00","og_image":[{"width":1195,"height":1195,"url":"https:\/\/www.dressy.design\/wp-content\/uploads\/2021\/12\/p_Mesa-Joplin-1.webp","type":"image\/webp"}],"twitter_card":"summary_large_image","twitter_misc":{"Gesch\u00e4tzte Lesezeit":"1\u00a0Minute"},"schema":{"@context":"https:\/\/schema.org","@graph":[{"@type":"WebPage","@id":"https:\/\/www.dressy.design\/de\/p\/joplin-fester-tisch-mit-metallgestell-und-keramikplatten\/","url":"https:\/\/www.dressy.design\/de\/p\/joplin-fester-tisch-mit-metallgestell-und-keramikplatten\/","name":"JOPLIN | fester Tisch mit Metallgestell und Keramikplatten.","isPartOf":{"@id":"https:\/\/www.dressy.design\/de\/#website"},"primaryImageOfPage":{"@id":"https:\/\/www.dressy.design\/de\/p\/joplin-fester-tisch-mit-metallgestell-und-keramikplatten\/#primaryimage"},"image":{"@id":"https:\/\/www.dressy.design\/de\/p\/joplin-fester-tisch-mit-metallgestell-und-keramikplatten\/#primaryimage"},"thumbnailUrl":"https:\/\/www.dressy.design\/wp-content\/uploads\/2021\/12\/p_Mesa-Joplin-1.webp","datePublished":"2021-12-23T12:29:43+00:00","dateModified":"2025-05-19T08:03:36+00:00","description":"JOPLIN | Fester Tisch mit Metallgestell, erh\u00e4ltlich mit f\u00fcnf verschiedenen Formen von Keramikplatten entworfen von Sergio Rochas Dressy","breadcrumb":{"@id":"https:\/\/www.dressy.design\/de\/p\/joplin-fester-tisch-mit-metallgestell-und-keramikplatten\/#breadcrumb"},"inLanguage":"de","potentialAction":[{"@type":"ReadAction","target":["https:\/\/www.dressy.design\/de\/p\/joplin-fester-tisch-mit-metallgestell-und-keramikplatten\/"]}]},{"@type":"ImageObject","inLanguage":"de","@id":"https:\/\/www.dressy.design\/de\/p\/joplin-fester-tisch-mit-metallgestell-und-keramikplatten\/#primaryimage","url":"https:\/\/www.dressy.design\/wp-content\/uploads\/2021\/12\/p_Mesa-Joplin-1.webp","contentUrl":"https:\/\/www.dressy.design\/wp-content\/uploads\/2021\/12\/p_Mesa-Joplin-1.webp","width":1195,"height":1195},{"@type":"BreadcrumbList","@id":"https:\/\/www.dressy.design\/de\/p\/joplin-fester-tisch-mit-metallgestell-und-keramikplatten\/#breadcrumb","itemListElement":[{"@type":"ListItem","position":1,"name":"Portada","item":"https:\/\/www.dressy.design\/de\/"},{"@type":"ListItem","position":2,"name":"Tienda","item":"https:\/\/www.dressy.design\/es\/?page_id=180"},{"@type":"ListItem","position":3,"name":"JOPLIN"}]},{"@type":"WebSite","@id":"https:\/\/www.dressy.design\/de\/#website","url":"https:\/\/www.dressy.design\/de\/","name":"Dressy","description":"Sillas y mesas de m\u00e1xima calidad y dise\u00f1o","potentialAction":[{"@type":"SearchAction","target":{"@type":"EntryPoint","urlTemplate":"https:\/\/www.dressy.design\/de\/?s={search_term_string}"},"query-input":{"@type":"PropertyValueSpecification","valueRequired":true,"valueName":"search_term_string"}}],"inLanguage":"de"}]}},"_links":{"self":[{"href":"https:\/\/www.dressy.design\/de\/wp-json\/wp\/v2\/product\/6175","targetHints":{"allow":["GET"]}}],"collection":[{"href":"https:\/\/www.dressy.design\/de\/wp-json\/wp\/v2\/product"}],"about":[{"href":"https:\/\/www.dressy.design\/de\/wp-json\/wp\/v2\/types\/product"}],"wp:featuredmedia":[{"embeddable":true,"href":"https:\/\/www.dressy.design\/de\/wp-json\/wp\/v2\/media\/4848"}],"wp:attachment":[{"href":"https:\/\/www.dressy.design\/de\/wp-json\/wp\/v2\/media?parent=6175"}],"wp:term":[{"taxonomy":"product_brand","embeddable":true,"href":"https:\/\/www.dressy.design\/de\/wp-json\/wp\/v2\/product_brand?post=6175"},{"taxonomy":"product_cat","embeddable":true,"href":"https:\/\/www.dressy.design\/de\/wp-json\/wp\/v2\/product_cat?post=6175"},{"taxonomy":"product_tag","embeddable":true,"href":"https:\/\/www.dressy.design\/de\/wp-json\/wp\/v2\/product_tag?post=6175"}],"curies":[{"name":"wp","href":"https:\/\/api.w.org\/{rel}","templated":true}]}}