{"id":6176,"date":"2021-12-23T12:29:34","date_gmt":"2021-12-23T12:29:34","guid":{"rendered":"https:\/\/www.dressy.design\/p\/simone-mesa-auxiliar-tapa-ceramica-disenado\/"},"modified":"2022-09-20T09:36:41","modified_gmt":"2022-09-20T07:36:41","slug":"simone-beistelltisch-mit-keramikplatte-h43","status":"publish","type":"product","link":"https:\/\/www.dressy.design\/de\/p\/simone-beistelltisch-mit-keramikplatte-h43\/","title":{"rendered":"SIMONE"},"content":{"rendered":"\t<div id=\"gap-1117659112\" class=\"gap-element clearfix hide-for-small\" style=\"display:block; height:auto;\">\n\t\t\n<style>\n#gap-1117659112 {\n  padding-top: 50px;\n}\n<\/style>\n\t<\/div>\n\t\n<div class=\"row descripcion-parte-1\"  id=\"row-652235532\">\n\n\t<div id=\"col-1965522440\" class=\"col medium-2 small-12 large-2\"  data-animate=\"fadeInDown\">\n\t\t\t\t<div class=\"col-inner\"  >\n\t\t\t\n\t\t\t\n\t\t<\/div>\n\t\t\t\t\t<\/div>\n\n\t\n\n\t<div id=\"col-1007595577\" class=\"col medium-5 small-12 large-5\"  data-animate=\"fadeInDown\">\n\t\t\t\t<div class=\"col-inner\"  >\n\t\t\t\n\t\t\t\n\t<div class=\"img has-hover x md-x lg-x y md-y lg-y\" id=\"image_1539241296\">\n\t\t\t\t\t\t\t\t<div class=\"img-inner image-zoom dark\" >\n\t\t\t<img loading=\"lazy\" decoding=\"async\" width=\"1270\" height=\"800\" src=\"https:\/\/www.dressy.design\/wp-content\/uploads\/2021\/11\/Mesa-auxiliar-Simone_Producto_06.webp\" class=\"attachment-large size-large\" alt=\"\" srcset=\"https:\/\/www.dressy.design\/wp-content\/uploads\/2021\/11\/Mesa-auxiliar-Simone_Producto_06.webp 1270w, https:\/\/www.dressy.design\/wp-content\/uploads\/2021\/11\/Mesa-auxiliar-Simone_Producto_06-150x94.webp 150w, https:\/\/www.dressy.design\/wp-content\/uploads\/2021\/11\/Mesa-auxiliar-Simone_Producto_06-768x484.webp 768w, https:\/\/www.dressy.design\/wp-content\/uploads\/2021\/11\/Mesa-auxiliar-Simone_Producto_06-50x31.webp 50w, https:\/\/www.dressy.design\/wp-content\/uploads\/2021\/11\/Mesa-auxiliar-Simone_Producto_06-100x63.webp 100w, https:\/\/www.dressy.design\/wp-content\/uploads\/2021\/11\/Mesa-auxiliar-Simone_Producto_06-300x189.webp 300w, https:\/\/www.dressy.design\/wp-content\/uploads\/2021\/11\/Mesa-auxiliar-Simone_Producto_06-600x378.webp 600w\" sizes=\"auto, (max-width: 1270px) 100vw, 1270px\" \/>\t\t\t\t\t\t\n\t\t\t\t\t<\/div>\n\t\t\t\t\t\t\t\t\n<style>\n#image_1539241296 {\n  width: 100%;\n}\n<\/style>\n\t<\/div>\n\t\n\t\t<\/div>\n\t\t\t\t\t<\/div>\n\n\t\n\n\t<div id=\"col-1824150578\" class=\"col hide-for-small medium-5 small-12 large-5\"  >\n\t\t\t\t<div class=\"col-inner\"  >\n\t\t\t\n\t\t\t\n\t<div class=\"img has-hover x md-x lg-x y md-y lg-y\" id=\"image_907634041\">\n\t\t\t\t\t\t\t\t<div class=\"img-inner image-zoom dark\" >\n\t\t\t<img loading=\"lazy\" decoding=\"async\" width=\"1170\" height=\"800\" src=\"https:\/\/www.dressy.design\/wp-content\/uploads\/2021\/11\/Mesa-auxiliar-Simone_Producto_05.webp\" class=\"attachment-large size-large\" alt=\"\" srcset=\"https:\/\/www.dressy.design\/wp-content\/uploads\/2021\/11\/Mesa-auxiliar-Simone_Producto_05.webp 1170w, https:\/\/www.dressy.design\/wp-content\/uploads\/2021\/11\/Mesa-auxiliar-Simone_Producto_05-150x103.webp 150w, https:\/\/www.dressy.design\/wp-content\/uploads\/2021\/11\/Mesa-auxiliar-Simone_Producto_05-768x525.webp 768w, https:\/\/www.dressy.design\/wp-content\/uploads\/2021\/11\/Mesa-auxiliar-Simone_Producto_05-50x34.webp 50w, https:\/\/www.dressy.design\/wp-content\/uploads\/2021\/11\/Mesa-auxiliar-Simone_Producto_05-100x68.webp 100w, https:\/\/www.dressy.design\/wp-content\/uploads\/2021\/11\/Mesa-auxiliar-Simone_Producto_05-300x205.webp 300w, https:\/\/www.dressy.design\/wp-content\/uploads\/2021\/11\/Mesa-auxiliar-Simone_Producto_05-600x410.webp 600w\" sizes=\"auto, (max-width: 1170px) 100vw, 1170px\" \/>\t\t\t\t\t\t\n\t\t\t\t\t<\/div>\n\t\t\t\t\t\t\t\t\n<style>\n#image_907634041 {\n  width: 92%;\n}\n<\/style>\n\t<\/div>\n\t\n\t\t<\/div>\n\t\t\t\t\t<\/div>\n\n\t\n<\/div>\n<div class=\"row descripcion-parte-1\"  id=\"row-1531999362\">\n\n\t<div id=\"col-155124651\" class=\"col medium-2 small-12 large-2\"  data-animate=\"fadeInDown\">\n\t\t\t\t<div class=\"col-inner\"  >\n\t\t\t\n\t\t\t\n\t\t<\/div>\n\t\t\t\t\t<\/div>\n\n\t\n\n\t<div id=\"col-2028811298\" class=\"col hide-for-small medium-9 small-12 large-9\"  >\n\t\t\t\t<div class=\"col-inner\"  >\n\t\t\t\n\t\t\t\n<p>Simone ist der Name des Beistelltisches mit Keramikplatte. Eines der Hauptmerkmale von Nina Simone war die Improvisation, die sie bei ihren Kompositionen einsetzte. Dieser Tisch kann auch als eine Komposition betrachtet werden, die jeder Benutzer dank der gro\u00dfen Auswahl an Oberfl\u00e4chen und der verschiedenen Erg\u00e4nzungen, die hinzugef\u00fcgt werden k\u00f6nnen, improvisieren kann: Zeitschriftenst\u00e4nder aus Metall und Holzablage.<\/p>\n\t\t<\/div>\n\t\t\t\t\t<\/div>\n\n\t\n<\/div>\n","protected":false},"excerpt":{"rendered":"<p>Beistelltisch mit Keramikplatte und 43 cm H\u00f6he. Kann mit Holz- und\/oder Metalltabletts erg\u00e4nzt werden.<\/p>\n<p><strong>Designer<\/strong><br \/>\n<a href=\"\"><\/a><\/p>\n","protected":false},"featured_media":4838,"template":"","meta":{"_acf_changed":false},"product_brand":[],"product_cat":[345,267,348],"product_tag":[],"class_list":{"0":"post-6176","1":"product","2":"type-product","3":"status-publish","4":"has-post-thumbnail","6":"product_cat-mesa-auxiliar-de","7":"product_cat-sergio-rochas","8":"product_cat-simone-de","10":"first","11":"instock","12":"product-type-simple"},"acf":[],"yoast_head":"<!-- This site is optimized with the Yoast SEO plugin v27.2 - https:\/\/yoast.com\/product\/yoast-seo-wordpress\/ -->\n<title>SIMONE - Beistelltisch mit Keramikplatte und 43 cm H\u00f6he Dressy<\/title>\n<meta name=\"description\" content=\"SIMONE - Beistelltisch mit Keramikplatte und 43 cm H\u00f6he. Kann mit Holz- und\/oder Metalltabletts erg\u00e4nzt werden entworfen von Sergio Rochas\" \/>\n<meta name=\"robots\" content=\"index, follow, max-snippet:-1, max-image-preview:large, max-video-preview:-1\" \/>\n<link rel=\"canonical\" href=\"https:\/\/www.dressy.design\/de\/p\/simone-beistelltisch-mit-keramikplatte-h43\/\" \/>\n<meta property=\"og:locale\" content=\"de_DE\" \/>\n<meta property=\"og:type\" content=\"article\" \/>\n<meta property=\"og:title\" content=\"SIMONE - Beistelltisch mit Keramikplatte und 43 cm H\u00f6he Dressy\" \/>\n<meta property=\"og:description\" content=\"SIMONE - Beistelltisch mit Keramikplatte und 43 cm H\u00f6he. Kann mit Holz- und\/oder Metalltabletts erg\u00e4nzt werden entworfen von Sergio Rochas\" \/>\n<meta property=\"og:url\" content=\"https:\/\/www.dressy.design\/de\/p\/simone-beistelltisch-mit-keramikplatte-h43\/\" \/>\n<meta property=\"og:site_name\" content=\"Dressy\" \/>\n<meta property=\"article:modified_time\" content=\"2022-09-20T07:36:41+00:00\" \/>\n<meta property=\"og:image\" content=\"https:\/\/www.dressy.design\/wp-content\/uploads\/2021\/12\/p_Mesa-auxiliar-Simone-1.webp\" \/>\n\t<meta property=\"og:image:width\" content=\"1195\" \/>\n\t<meta property=\"og:image:height\" content=\"1195\" \/>\n\t<meta property=\"og:image:type\" content=\"image\/webp\" \/>\n<meta name=\"twitter:card\" content=\"summary_large_image\" \/>\n<meta name=\"twitter:label1\" content=\"Gesch\u00e4tzte Lesezeit\" \/>\n\t<meta name=\"twitter:data1\" content=\"1\u00a0Minute\" \/>\n<script type=\"application\/ld+json\" class=\"yoast-schema-graph\">{\"@context\":\"https:\/\/schema.org\",\"@graph\":[{\"@type\":\"WebPage\",\"@id\":\"https:\/\/www.dressy.design\/de\/p\/simone-beistelltisch-mit-keramikplatte-h43\/\",\"url\":\"https:\/\/www.dressy.design\/de\/p\/simone-beistelltisch-mit-keramikplatte-h43\/\",\"name\":\"SIMONE - Beistelltisch mit Keramikplatte und 43 cm H\u00f6he Dressy\",\"isPartOf\":{\"@id\":\"https:\/\/www.dressy.design\/de\/#website\"},\"primaryImageOfPage\":{\"@id\":\"https:\/\/www.dressy.design\/de\/p\/simone-beistelltisch-mit-keramikplatte-h43\/#primaryimage\"},\"image\":{\"@id\":\"https:\/\/www.dressy.design\/de\/p\/simone-beistelltisch-mit-keramikplatte-h43\/#primaryimage\"},\"thumbnailUrl\":\"https:\/\/www.dressy.design\/wp-content\/uploads\/2021\/12\/p_Mesa-auxiliar-Simone-1.webp\",\"datePublished\":\"2021-12-23T12:29:34+00:00\",\"dateModified\":\"2022-09-20T07:36:41+00:00\",\"description\":\"SIMONE - Beistelltisch mit Keramikplatte und 43 cm H\u00f6he. Kann mit Holz- und\/oder Metalltabletts erg\u00e4nzt werden entworfen von Sergio Rochas\",\"breadcrumb\":{\"@id\":\"https:\/\/www.dressy.design\/de\/p\/simone-beistelltisch-mit-keramikplatte-h43\/#breadcrumb\"},\"inLanguage\":\"de\",\"potentialAction\":[{\"@type\":\"ReadAction\",\"target\":[\"https:\/\/www.dressy.design\/de\/p\/simone-beistelltisch-mit-keramikplatte-h43\/\"]}]},{\"@type\":\"ImageObject\",\"inLanguage\":\"de\",\"@id\":\"https:\/\/www.dressy.design\/de\/p\/simone-beistelltisch-mit-keramikplatte-h43\/#primaryimage\",\"url\":\"https:\/\/www.dressy.design\/wp-content\/uploads\/2021\/12\/p_Mesa-auxiliar-Simone-1.webp\",\"contentUrl\":\"https:\/\/www.dressy.design\/wp-content\/uploads\/2021\/12\/p_Mesa-auxiliar-Simone-1.webp\",\"width\":1195,\"height\":1195},{\"@type\":\"BreadcrumbList\",\"@id\":\"https:\/\/www.dressy.design\/de\/p\/simone-beistelltisch-mit-keramikplatte-h43\/#breadcrumb\",\"itemListElement\":[{\"@type\":\"ListItem\",\"position\":1,\"name\":\"Portada\",\"item\":\"https:\/\/www.dressy.design\/de\/\"},{\"@type\":\"ListItem\",\"position\":2,\"name\":\"Tienda\",\"item\":\"https:\/\/www.dressy.design\/es\/?page_id=180\"},{\"@type\":\"ListItem\",\"position\":3,\"name\":\"SIMONE\"}]},{\"@type\":\"WebSite\",\"@id\":\"https:\/\/www.dressy.design\/de\/#website\",\"url\":\"https:\/\/www.dressy.design\/de\/\",\"name\":\"Dressy\",\"description\":\"Sillas y mesas de m\u00e1xima calidad y dise\u00f1o\",\"potentialAction\":[{\"@type\":\"SearchAction\",\"target\":{\"@type\":\"EntryPoint\",\"urlTemplate\":\"https:\/\/www.dressy.design\/de\/?s={search_term_string}\"},\"query-input\":{\"@type\":\"PropertyValueSpecification\",\"valueRequired\":true,\"valueName\":\"search_term_string\"}}],\"inLanguage\":\"de\"}]}<\/script>\n<!-- \/ Yoast SEO plugin. -->","yoast_head_json":{"title":"SIMONE - Beistelltisch mit Keramikplatte und 43 cm H\u00f6he Dressy","description":"SIMONE - Beistelltisch mit Keramikplatte und 43 cm H\u00f6he. Kann mit Holz- und\/oder Metalltabletts erg\u00e4nzt werden entworfen von Sergio Rochas","robots":{"index":"index","follow":"follow","max-snippet":"max-snippet:-1","max-image-preview":"max-image-preview:large","max-video-preview":"max-video-preview:-1"},"canonical":"https:\/\/www.dressy.design\/de\/p\/simone-beistelltisch-mit-keramikplatte-h43\/","og_locale":"de_DE","og_type":"article","og_title":"SIMONE - Beistelltisch mit Keramikplatte und 43 cm H\u00f6he Dressy","og_description":"SIMONE - Beistelltisch mit Keramikplatte und 43 cm H\u00f6he. Kann mit Holz- und\/oder Metalltabletts erg\u00e4nzt werden entworfen von Sergio Rochas","og_url":"https:\/\/www.dressy.design\/de\/p\/simone-beistelltisch-mit-keramikplatte-h43\/","og_site_name":"Dressy","article_modified_time":"2022-09-20T07:36:41+00:00","og_image":[{"width":1195,"height":1195,"url":"https:\/\/www.dressy.design\/wp-content\/uploads\/2021\/12\/p_Mesa-auxiliar-Simone-1.webp","type":"image\/webp"}],"twitter_card":"summary_large_image","twitter_misc":{"Gesch\u00e4tzte Lesezeit":"1\u00a0Minute"},"schema":{"@context":"https:\/\/schema.org","@graph":[{"@type":"WebPage","@id":"https:\/\/www.dressy.design\/de\/p\/simone-beistelltisch-mit-keramikplatte-h43\/","url":"https:\/\/www.dressy.design\/de\/p\/simone-beistelltisch-mit-keramikplatte-h43\/","name":"SIMONE - Beistelltisch mit Keramikplatte und 43 cm H\u00f6he Dressy","isPartOf":{"@id":"https:\/\/www.dressy.design\/de\/#website"},"primaryImageOfPage":{"@id":"https:\/\/www.dressy.design\/de\/p\/simone-beistelltisch-mit-keramikplatte-h43\/#primaryimage"},"image":{"@id":"https:\/\/www.dressy.design\/de\/p\/simone-beistelltisch-mit-keramikplatte-h43\/#primaryimage"},"thumbnailUrl":"https:\/\/www.dressy.design\/wp-content\/uploads\/2021\/12\/p_Mesa-auxiliar-Simone-1.webp","datePublished":"2021-12-23T12:29:34+00:00","dateModified":"2022-09-20T07:36:41+00:00","description":"SIMONE - Beistelltisch mit Keramikplatte und 43 cm H\u00f6he. Kann mit Holz- und\/oder Metalltabletts erg\u00e4nzt werden entworfen von Sergio Rochas","breadcrumb":{"@id":"https:\/\/www.dressy.design\/de\/p\/simone-beistelltisch-mit-keramikplatte-h43\/#breadcrumb"},"inLanguage":"de","potentialAction":[{"@type":"ReadAction","target":["https:\/\/www.dressy.design\/de\/p\/simone-beistelltisch-mit-keramikplatte-h43\/"]}]},{"@type":"ImageObject","inLanguage":"de","@id":"https:\/\/www.dressy.design\/de\/p\/simone-beistelltisch-mit-keramikplatte-h43\/#primaryimage","url":"https:\/\/www.dressy.design\/wp-content\/uploads\/2021\/12\/p_Mesa-auxiliar-Simone-1.webp","contentUrl":"https:\/\/www.dressy.design\/wp-content\/uploads\/2021\/12\/p_Mesa-auxiliar-Simone-1.webp","width":1195,"height":1195},{"@type":"BreadcrumbList","@id":"https:\/\/www.dressy.design\/de\/p\/simone-beistelltisch-mit-keramikplatte-h43\/#breadcrumb","itemListElement":[{"@type":"ListItem","position":1,"name":"Portada","item":"https:\/\/www.dressy.design\/de\/"},{"@type":"ListItem","position":2,"name":"Tienda","item":"https:\/\/www.dressy.design\/es\/?page_id=180"},{"@type":"ListItem","position":3,"name":"SIMONE"}]},{"@type":"WebSite","@id":"https:\/\/www.dressy.design\/de\/#website","url":"https:\/\/www.dressy.design\/de\/","name":"Dressy","description":"Sillas y mesas de m\u00e1xima calidad y dise\u00f1o","potentialAction":[{"@type":"SearchAction","target":{"@type":"EntryPoint","urlTemplate":"https:\/\/www.dressy.design\/de\/?s={search_term_string}"},"query-input":{"@type":"PropertyValueSpecification","valueRequired":true,"valueName":"search_term_string"}}],"inLanguage":"de"}]}},"_links":{"self":[{"href":"https:\/\/www.dressy.design\/de\/wp-json\/wp\/v2\/product\/6176","targetHints":{"allow":["GET"]}}],"collection":[{"href":"https:\/\/www.dressy.design\/de\/wp-json\/wp\/v2\/product"}],"about":[{"href":"https:\/\/www.dressy.design\/de\/wp-json\/wp\/v2\/types\/product"}],"wp:featuredmedia":[{"embeddable":true,"href":"https:\/\/www.dressy.design\/de\/wp-json\/wp\/v2\/media\/4838"}],"wp:attachment":[{"href":"https:\/\/www.dressy.design\/de\/wp-json\/wp\/v2\/media?parent=6176"}],"wp:term":[{"taxonomy":"product_brand","embeddable":true,"href":"https:\/\/www.dressy.design\/de\/wp-json\/wp\/v2\/product_brand?post=6176"},{"taxonomy":"product_cat","embeddable":true,"href":"https:\/\/www.dressy.design\/de\/wp-json\/wp\/v2\/product_cat?post=6176"},{"taxonomy":"product_tag","embeddable":true,"href":"https:\/\/www.dressy.design\/de\/wp-json\/wp\/v2\/product_tag?post=6176"}],"curies":[{"name":"wp","href":"https:\/\/api.w.org\/{rel}","templated":true}]}}