{"id":6184,"date":"2021-12-23T12:29:25","date_gmt":"2021-12-23T12:29:25","guid":{"rendered":"https:\/\/www.dressy.design\/p\/miles-h43-mueble-tv-recubierto-de-ceramico\/"},"modified":"2022-09-20T11:40:27","modified_gmt":"2022-09-20T09:40:27","slug":"miles-h43-tv-schrank","status":"publish","type":"product","link":"https:\/\/www.dressy.design\/de\/p\/miles-h43-tv-schrank\/","title":{"rendered":"MILES H43"},"content":{"rendered":"\t<div id=\"gap-883012906\" class=\"gap-element clearfix hide-for-small\" style=\"display:block; height:auto;\">\n\t\t\n<style>\n#gap-883012906 {\n  padding-top: 50px;\n}\n<\/style>\n\t<\/div>\n\t\n<div class=\"row descripcion-parte-1\"  id=\"row-216684482\">\n\n\t<div id=\"col-2125699805\" class=\"col small-12 large-12\"  data-animate=\"fadeInDown\">\n\t\t\t\t<div class=\"col-inner\"  >\n\t\t\t\n\t\t\t\n\t<div class=\"img has-hover x md-x lg-x y md-y lg-y\" id=\"image_1132033397\">\n\t\t\t\t\t\t\t\t<div class=\"img-inner dark\" >\n\t\t\t<img loading=\"lazy\" decoding=\"async\" width=\"1170\" height=\"800\" src=\"https:\/\/www.dressy.design\/wp-content\/uploads\/2021\/11\/Miles-H56_Galeria_01.webp\" class=\"attachment-large size-large\" alt=\"\" srcset=\"https:\/\/www.dressy.design\/wp-content\/uploads\/2021\/11\/Miles-H56_Galeria_01.webp 1170w, https:\/\/www.dressy.design\/wp-content\/uploads\/2021\/11\/Miles-H56_Galeria_01-150x103.webp 150w, https:\/\/www.dressy.design\/wp-content\/uploads\/2021\/11\/Miles-H56_Galeria_01-768x525.webp 768w, https:\/\/www.dressy.design\/wp-content\/uploads\/2021\/11\/Miles-H56_Galeria_01-50x34.webp 50w, https:\/\/www.dressy.design\/wp-content\/uploads\/2021\/11\/Miles-H56_Galeria_01-100x68.webp 100w, https:\/\/www.dressy.design\/wp-content\/uploads\/2021\/11\/Miles-H56_Galeria_01-300x205.webp 300w, https:\/\/www.dressy.design\/wp-content\/uploads\/2021\/11\/Miles-H56_Galeria_01-600x410.webp 600w\" sizes=\"auto, (max-width: 1170px) 100vw, 1170px\" \/>\t\t\t\t\t\t\n\t\t\t\t\t<\/div>\n\t\t\t\t\t\t\t\t\n<style>\n#image_1132033397 {\n  width: 100%;\n}\n<\/style>\n\t<\/div>\n\t\n\t\t<\/div>\n\t\t\t\t\t<\/div>\n\n\t\n<\/div>\n<div class=\"row descripcion-parte-1\"  id=\"row-1090523077\">\n\n\t<div id=\"col-870734218\" class=\"col small-12 large-12\"  data-animate=\"fadeInDown\">\n\t\t\t\t<div class=\"col-inner\"  >\n\t\t\t\n\t\t\t\n\t<div id=\"text-1374493798\" class=\"text justify\">\n\t\t\n<p>Miles ist das erste Stauraumm\u00f6bel von Dressy, das sowohl Sideboards als auch Schr\u00e4nke in verschiedenen Gr\u00f6\u00dfen umfasst. Die M\u00f6bel werden in drei verschiedenen H\u00f6hen angeboten: zum einen ein Bodengestell aus MDF und zum anderen eine Metallstruktur, die in zwei verschiedenen H\u00f6hen und zwei verschiedenen Formen (rund und rechteckig) angeboten wird. Das obere Modul kann lackiert oder mit Keramik verkleidet werden. Im Falle des Sideboards ist dieses Modul in zwei, drei oder vier Volumen unterteilt und in verschiedenen Abmessungen erh\u00e4ltlich. Es handelt sich um eine \u00e4u\u00dferst vielseitige Kollektion, die zahlreiche M\u00f6glichkeiten zur individuellen Gestaltung des gew\u00fcnschten M\u00f6belst\u00fccks bietet. Dar\u00fcber hinaus wurde das Sideboard mit den besten auf dem Markt erh\u00e4ltlichen Komponenten, wie z.B. BLUM\u00ae und HETTICH\u00ae-Beschl\u00e4gen, ausgestattet.<\/p>\n\t\t\t<\/div>\n\t\n\t<div id=\"gap-936988116\" class=\"gap-element clearfix hide-for-small\" style=\"display:block; height:auto;\">\n\t\t\n<style>\n#gap-936988116 {\n  padding-top: 50px;\n}\n<\/style>\n\t<\/div>\n\t\n\t\t<\/div>\n\t\t\t\t\t<\/div>\n\n\t\n<\/div>\n","protected":false},"excerpt":{"rendered":"<p>TV-Schrank mit Sockel direkt auf dem Boden und drei gleichen Modulen, die mit Keramik bedeckt sind. Seine Gesamth\u00f6he betr\u00e4gt 43 cm<\/p>\n<p><strong>Designer<\/strong><br \/>\n<a href=\"\"><\/a><\/p>\n","protected":false},"featured_media":4858,"template":"","meta":{"_acf_changed":false},"product_brand":[],"product_cat":[325,350,267],"product_tag":[],"class_list":{"0":"post-6184","1":"product","2":"type-product","3":"status-publish","4":"has-post-thumbnail","6":"product_cat-miles-de","7":"product_cat-mueble-tv-de","8":"product_cat-sergio-rochas","10":"first","11":"instock","12":"product-type-simple"},"acf":[],"yoast_head":"<!-- This site is optimized with the Yoast SEO plugin v27.2 - https:\/\/yoast.com\/product\/yoast-seo-wordpress\/ -->\n<title>MILES H73 - TV-Schrank entworfen von Sergio Rochas.<\/title>\n<meta name=\"description\" content=\"TV-Schrank mit Sockel direkt auf dem Boden und drei gleichen Modulen, die mit Keramik bedeckt sind. Seine Gesamth\u00f6he betr\u00e4gt 43 cm Dressy\" \/>\n<meta name=\"robots\" content=\"index, follow, max-snippet:-1, max-image-preview:large, max-video-preview:-1\" \/>\n<link rel=\"canonical\" href=\"https:\/\/www.dressy.design\/de\/p\/miles-h43-tv-schrank\/\" \/>\n<meta property=\"og:locale\" content=\"de_DE\" \/>\n<meta property=\"og:type\" content=\"article\" \/>\n<meta property=\"og:title\" content=\"MILES H73 - TV-Schrank entworfen von Sergio Rochas.\" \/>\n<meta property=\"og:description\" content=\"TV-Schrank mit Sockel direkt auf dem Boden und drei gleichen Modulen, die mit Keramik bedeckt sind. Seine Gesamth\u00f6he betr\u00e4gt 43 cm Dressy\" \/>\n<meta property=\"og:url\" content=\"https:\/\/www.dressy.design\/de\/p\/miles-h43-tv-schrank\/\" \/>\n<meta property=\"og:site_name\" content=\"Dressy\" \/>\n<meta property=\"article:modified_time\" content=\"2022-09-20T09:40:27+00:00\" \/>\n<meta property=\"og:image\" content=\"https:\/\/www.dressy.design\/wp-content\/uploads\/2021\/12\/p_Mueble-TV-Miles-H43-1.webp\" \/>\n\t<meta property=\"og:image:width\" content=\"1195\" \/>\n\t<meta property=\"og:image:height\" content=\"1195\" \/>\n\t<meta property=\"og:image:type\" content=\"image\/webp\" \/>\n<meta name=\"twitter:card\" content=\"summary_large_image\" \/>\n<meta name=\"twitter:label1\" content=\"Gesch\u00e4tzte Lesezeit\" \/>\n\t<meta name=\"twitter:data1\" content=\"1\u00a0Minute\" \/>\n<script type=\"application\/ld+json\" class=\"yoast-schema-graph\">{\"@context\":\"https:\/\/schema.org\",\"@graph\":[{\"@type\":\"WebPage\",\"@id\":\"https:\/\/www.dressy.design\/de\/p\/miles-h43-tv-schrank\/\",\"url\":\"https:\/\/www.dressy.design\/de\/p\/miles-h43-tv-schrank\/\",\"name\":\"MILES H73 - TV-Schrank entworfen von Sergio Rochas.\",\"isPartOf\":{\"@id\":\"https:\/\/www.dressy.design\/de\/#website\"},\"primaryImageOfPage\":{\"@id\":\"https:\/\/www.dressy.design\/de\/p\/miles-h43-tv-schrank\/#primaryimage\"},\"image\":{\"@id\":\"https:\/\/www.dressy.design\/de\/p\/miles-h43-tv-schrank\/#primaryimage\"},\"thumbnailUrl\":\"https:\/\/www.dressy.design\/wp-content\/uploads\/2021\/12\/p_Mueble-TV-Miles-H43-1.webp\",\"datePublished\":\"2021-12-23T12:29:25+00:00\",\"dateModified\":\"2022-09-20T09:40:27+00:00\",\"description\":\"TV-Schrank mit Sockel direkt auf dem Boden und drei gleichen Modulen, die mit Keramik bedeckt sind. Seine Gesamth\u00f6he betr\u00e4gt 43 cm Dressy\",\"breadcrumb\":{\"@id\":\"https:\/\/www.dressy.design\/de\/p\/miles-h43-tv-schrank\/#breadcrumb\"},\"inLanguage\":\"de\",\"potentialAction\":[{\"@type\":\"ReadAction\",\"target\":[\"https:\/\/www.dressy.design\/de\/p\/miles-h43-tv-schrank\/\"]}]},{\"@type\":\"ImageObject\",\"inLanguage\":\"de\",\"@id\":\"https:\/\/www.dressy.design\/de\/p\/miles-h43-tv-schrank\/#primaryimage\",\"url\":\"https:\/\/www.dressy.design\/wp-content\/uploads\/2021\/12\/p_Mueble-TV-Miles-H43-1.webp\",\"contentUrl\":\"https:\/\/www.dressy.design\/wp-content\/uploads\/2021\/12\/p_Mueble-TV-Miles-H43-1.webp\",\"width\":1195,\"height\":1195},{\"@type\":\"BreadcrumbList\",\"@id\":\"https:\/\/www.dressy.design\/de\/p\/miles-h43-tv-schrank\/#breadcrumb\",\"itemListElement\":[{\"@type\":\"ListItem\",\"position\":1,\"name\":\"Portada\",\"item\":\"https:\/\/www.dressy.design\/de\/\"},{\"@type\":\"ListItem\",\"position\":2,\"name\":\"Tienda\",\"item\":\"https:\/\/www.dressy.design\/es\/?page_id=180\"},{\"@type\":\"ListItem\",\"position\":3,\"name\":\"MILES H43\"}]},{\"@type\":\"WebSite\",\"@id\":\"https:\/\/www.dressy.design\/de\/#website\",\"url\":\"https:\/\/www.dressy.design\/de\/\",\"name\":\"Dressy\",\"description\":\"Sillas y mesas de m\u00e1xima calidad y dise\u00f1o\",\"potentialAction\":[{\"@type\":\"SearchAction\",\"target\":{\"@type\":\"EntryPoint\",\"urlTemplate\":\"https:\/\/www.dressy.design\/de\/?s={search_term_string}\"},\"query-input\":{\"@type\":\"PropertyValueSpecification\",\"valueRequired\":true,\"valueName\":\"search_term_string\"}}],\"inLanguage\":\"de\"}]}<\/script>\n<!-- \/ Yoast SEO plugin. -->","yoast_head_json":{"title":"MILES H73 - TV-Schrank entworfen von Sergio Rochas.","description":"TV-Schrank mit Sockel direkt auf dem Boden und drei gleichen Modulen, die mit Keramik bedeckt sind. Seine Gesamth\u00f6he betr\u00e4gt 43 cm Dressy","robots":{"index":"index","follow":"follow","max-snippet":"max-snippet:-1","max-image-preview":"max-image-preview:large","max-video-preview":"max-video-preview:-1"},"canonical":"https:\/\/www.dressy.design\/de\/p\/miles-h43-tv-schrank\/","og_locale":"de_DE","og_type":"article","og_title":"MILES H73 - TV-Schrank entworfen von Sergio Rochas.","og_description":"TV-Schrank mit Sockel direkt auf dem Boden und drei gleichen Modulen, die mit Keramik bedeckt sind. Seine Gesamth\u00f6he betr\u00e4gt 43 cm Dressy","og_url":"https:\/\/www.dressy.design\/de\/p\/miles-h43-tv-schrank\/","og_site_name":"Dressy","article_modified_time":"2022-09-20T09:40:27+00:00","og_image":[{"width":1195,"height":1195,"url":"https:\/\/www.dressy.design\/wp-content\/uploads\/2021\/12\/p_Mueble-TV-Miles-H43-1.webp","type":"image\/webp"}],"twitter_card":"summary_large_image","twitter_misc":{"Gesch\u00e4tzte Lesezeit":"1\u00a0Minute"},"schema":{"@context":"https:\/\/schema.org","@graph":[{"@type":"WebPage","@id":"https:\/\/www.dressy.design\/de\/p\/miles-h43-tv-schrank\/","url":"https:\/\/www.dressy.design\/de\/p\/miles-h43-tv-schrank\/","name":"MILES H73 - TV-Schrank entworfen von Sergio Rochas.","isPartOf":{"@id":"https:\/\/www.dressy.design\/de\/#website"},"primaryImageOfPage":{"@id":"https:\/\/www.dressy.design\/de\/p\/miles-h43-tv-schrank\/#primaryimage"},"image":{"@id":"https:\/\/www.dressy.design\/de\/p\/miles-h43-tv-schrank\/#primaryimage"},"thumbnailUrl":"https:\/\/www.dressy.design\/wp-content\/uploads\/2021\/12\/p_Mueble-TV-Miles-H43-1.webp","datePublished":"2021-12-23T12:29:25+00:00","dateModified":"2022-09-20T09:40:27+00:00","description":"TV-Schrank mit Sockel direkt auf dem Boden und drei gleichen Modulen, die mit Keramik bedeckt sind. Seine Gesamth\u00f6he betr\u00e4gt 43 cm Dressy","breadcrumb":{"@id":"https:\/\/www.dressy.design\/de\/p\/miles-h43-tv-schrank\/#breadcrumb"},"inLanguage":"de","potentialAction":[{"@type":"ReadAction","target":["https:\/\/www.dressy.design\/de\/p\/miles-h43-tv-schrank\/"]}]},{"@type":"ImageObject","inLanguage":"de","@id":"https:\/\/www.dressy.design\/de\/p\/miles-h43-tv-schrank\/#primaryimage","url":"https:\/\/www.dressy.design\/wp-content\/uploads\/2021\/12\/p_Mueble-TV-Miles-H43-1.webp","contentUrl":"https:\/\/www.dressy.design\/wp-content\/uploads\/2021\/12\/p_Mueble-TV-Miles-H43-1.webp","width":1195,"height":1195},{"@type":"BreadcrumbList","@id":"https:\/\/www.dressy.design\/de\/p\/miles-h43-tv-schrank\/#breadcrumb","itemListElement":[{"@type":"ListItem","position":1,"name":"Portada","item":"https:\/\/www.dressy.design\/de\/"},{"@type":"ListItem","position":2,"name":"Tienda","item":"https:\/\/www.dressy.design\/es\/?page_id=180"},{"@type":"ListItem","position":3,"name":"MILES H43"}]},{"@type":"WebSite","@id":"https:\/\/www.dressy.design\/de\/#website","url":"https:\/\/www.dressy.design\/de\/","name":"Dressy","description":"Sillas y mesas de m\u00e1xima calidad y dise\u00f1o","potentialAction":[{"@type":"SearchAction","target":{"@type":"EntryPoint","urlTemplate":"https:\/\/www.dressy.design\/de\/?s={search_term_string}"},"query-input":{"@type":"PropertyValueSpecification","valueRequired":true,"valueName":"search_term_string"}}],"inLanguage":"de"}]}},"_links":{"self":[{"href":"https:\/\/www.dressy.design\/de\/wp-json\/wp\/v2\/product\/6184","targetHints":{"allow":["GET"]}}],"collection":[{"href":"https:\/\/www.dressy.design\/de\/wp-json\/wp\/v2\/product"}],"about":[{"href":"https:\/\/www.dressy.design\/de\/wp-json\/wp\/v2\/types\/product"}],"wp:featuredmedia":[{"embeddable":true,"href":"https:\/\/www.dressy.design\/de\/wp-json\/wp\/v2\/media\/4858"}],"wp:attachment":[{"href":"https:\/\/www.dressy.design\/de\/wp-json\/wp\/v2\/media?parent=6184"}],"wp:term":[{"taxonomy":"product_brand","embeddable":true,"href":"https:\/\/www.dressy.design\/de\/wp-json\/wp\/v2\/product_brand?post=6184"},{"taxonomy":"product_cat","embeddable":true,"href":"https:\/\/www.dressy.design\/de\/wp-json\/wp\/v2\/product_cat?post=6184"},{"taxonomy":"product_tag","embeddable":true,"href":"https:\/\/www.dressy.design\/de\/wp-json\/wp\/v2\/product_tag?post=6184"}],"curies":[{"name":"wp","href":"https:\/\/api.w.org\/{rel}","templated":true}]}}