{"id":6186,"date":"2021-12-23T12:29:17","date_gmt":"2021-12-23T12:29:17","guid":{"rendered":"https:\/\/www.dressy.design\/p\/lugga-puf-moderno-asiento-adicional-reposapies\/"},"modified":"2022-09-20T13:02:11","modified_gmt":"2022-09-20T11:02:11","slug":"lugga-pouffe","status":"publish","type":"product","link":"https:\/\/www.dressy.design\/de\/p\/lugga-pouffe\/","title":{"rendered":"LUGGA"},"content":{"rendered":"\t<div id=\"gap-1406937133\" class=\"gap-element clearfix hide-for-small\" style=\"display:block; height:auto;\">\n\t\t\n<style>\n#gap-1406937133 {\n  padding-top: 50px;\n}\n<\/style>\n\t<\/div>\n\t\n<div class=\"row descripcion-parte-1\"  id=\"row-378318384\">\n\n\t<div id=\"col-1347110468\" class=\"col hide-for-small medium-1 small-12 large-1\"  >\n\t\t\t\t<div class=\"col-inner\"  >\n\t\t\t\n\t\t\t\n\t\t<\/div>\n\t\t\t\t\t<\/div>\n\n\t\n\n\t<div id=\"col-152281495\" class=\"col medium-6 small-12 large-6\"  data-animate=\"fadeInDown\">\n\t\t\t\t<div class=\"col-inner\"  >\n\t\t\t\n\t\t\t\n\t<div class=\"img has-hover x md-x lg-x y md-y lg-y\" id=\"image_1489251117\">\n\t\t\t\t\t\t\t\t<div class=\"img-inner image-zoom dark\" >\n\t\t\t<img loading=\"lazy\" decoding=\"async\" width=\"800\" height=\"800\" src=\"https:\/\/www.dressy.design\/wp-content\/uploads\/2021\/11\/Pouf-Lugga_Galeria_01.webp\" class=\"attachment-large size-large\" alt=\"\" srcset=\"https:\/\/www.dressy.design\/wp-content\/uploads\/2021\/11\/Pouf-Lugga_Galeria_01.webp 800w, https:\/\/www.dressy.design\/wp-content\/uploads\/2021\/11\/Pouf-Lugga_Galeria_01-150x150.webp 150w, https:\/\/www.dressy.design\/wp-content\/uploads\/2021\/11\/Pouf-Lugga_Galeria_01-768x768.webp 768w, https:\/\/www.dressy.design\/wp-content\/uploads\/2021\/11\/Pouf-Lugga_Galeria_01-300x300.webp 300w, https:\/\/www.dressy.design\/wp-content\/uploads\/2021\/11\/Pouf-Lugga_Galeria_01-640x640.webp 640w, https:\/\/www.dressy.design\/wp-content\/uploads\/2021\/11\/Pouf-Lugga_Galeria_01-50x50.webp 50w, https:\/\/www.dressy.design\/wp-content\/uploads\/2021\/11\/Pouf-Lugga_Galeria_01-100x100.webp 100w, https:\/\/www.dressy.design\/wp-content\/uploads\/2021\/11\/Pouf-Lugga_Galeria_01-600x600.webp 600w\" sizes=\"auto, (max-width: 800px) 100vw, 800px\" \/>\t\t\t\t\t\t\n\t\t\t\t\t<\/div>\n\t\t\t\t\t\t\t\t\n<style>\n#image_1489251117 {\n  width: 100%;\n}\n<\/style>\n\t<\/div>\n\t\n\t\t<\/div>\n\t\t\t\t\t<\/div>\n\n\t\n\n\t<div id=\"col-1782551716\" class=\"col medium-3 small-12 large-3\"  data-animate=\"fadeInDown\">\n\t\t\t\t<div class=\"col-inner\"  >\n\t\t\t\n\t\t\t\n\t<div id=\"text-4017818171\" class=\"text justify\">\n\t\t\n<p>Die Lugga-Kollektion von Hockern bezieht sich auf die Gegenst\u00e4nde, die Reisende auf ihren Fahrten begleiten. Seine kontrastierenden N\u00e4hte bilden ein charakteristisches geometrisches Muster, das an alte Lederkoffer erinnert. Lugga wurde so konzipiert, dass er handlich ist und mit seinen Griffen transportiert werden kann. Er ist der perfekte Verb\u00fcndete f\u00fcr jede Art von Umgebung, da er als zus\u00e4tzlicher Sitz, Fu\u00dfst\u00fctze oder als praktische Auflagefl\u00e4che verwendet werden kann. \t\t\t<\/div>\n\t\n\t\t<\/div>\n\t\t\t\t\t<\/div>\n\n\t\n<\/div>\n\t<div id=\"gap-816814395\" class=\"gap-element clearfix hide-for-small\" style=\"display:block; height:auto;\">\n\t\t\n<style>\n#gap-816814395 {\n  padding-top: 50px;\n}\n<\/style>\n\t<\/div>\n\t\n<div class=\"row descripcion-parte-1\"  id=\"row-249288029\">\n<\/div>\n","protected":false},"excerpt":{"rendered":"<p>60&#215;60 oder 90&#215;90 Pouffe, die als zus\u00e4tzliche Sitzfl\u00e4che, Fu\u00dfst\u00fctze oder praktische Auflagefl\u00e4che verwendet werden kann.<\/p>\n<p><strong>Designer<\/strong><br \/>\n<a href=\"\"><\/a><\/p>\n","protected":false},"featured_media":4862,"template":"","meta":{"_acf_changed":false},"product_brand":[],"product_cat":[268,351,352],"product_tag":[],"class_list":{"0":"post-6186","1":"product","2":"type-product","3":"status-publish","4":"has-post-thumbnail","6":"product_cat-arnau-y-reyna","7":"product_cat-lugga-de","8":"product_cat-puf-de","10":"first","11":"instock","12":"product-type-simple"},"acf":[],"yoast_head":"<!-- This site is optimized with the Yoast SEO plugin v27.2 - https:\/\/yoast.com\/product\/yoast-seo-wordpress\/ -->\n<title>LUGGA - Pouffe entworfen von Arnau y Reyna<\/title>\n<meta name=\"description\" content=\"60x60 oder 90x90 Pouffe, die als zus\u00e4tzliche Sitzfl\u00e4che, Fu\u00dfst\u00fctze oder praktische Auflagefl\u00e4che verwendet werden kann. Entworfen von Arnau y Reyna\" \/>\n<meta name=\"robots\" content=\"index, follow, max-snippet:-1, max-image-preview:large, max-video-preview:-1\" \/>\n<link rel=\"canonical\" href=\"https:\/\/www.dressy.design\/de\/p\/lugga-pouffe\/\" \/>\n<meta property=\"og:locale\" content=\"de_DE\" \/>\n<meta property=\"og:type\" content=\"article\" \/>\n<meta property=\"og:title\" content=\"LUGGA - Pouffe entworfen von Arnau y Reyna\" \/>\n<meta property=\"og:description\" content=\"60x60 oder 90x90 Pouffe, die als zus\u00e4tzliche Sitzfl\u00e4che, Fu\u00dfst\u00fctze oder praktische Auflagefl\u00e4che verwendet werden kann. Entworfen von Arnau y Reyna\" \/>\n<meta property=\"og:url\" content=\"https:\/\/www.dressy.design\/de\/p\/lugga-pouffe\/\" \/>\n<meta property=\"og:site_name\" content=\"Dressy\" \/>\n<meta property=\"article:modified_time\" content=\"2022-09-20T11:02:11+00:00\" \/>\n<meta property=\"og:image\" content=\"https:\/\/www.dressy.design\/wp-content\/uploads\/2021\/12\/p_Pouf-Lugga-1.webp\" \/>\n\t<meta property=\"og:image:width\" content=\"1195\" \/>\n\t<meta property=\"og:image:height\" content=\"1195\" \/>\n\t<meta property=\"og:image:type\" content=\"image\/webp\" \/>\n<meta name=\"twitter:card\" content=\"summary_large_image\" \/>\n<meta name=\"twitter:label1\" content=\"Gesch\u00e4tzte Lesezeit\" \/>\n\t<meta name=\"twitter:data1\" content=\"1\u00a0Minute\" \/>\n<script type=\"application\/ld+json\" class=\"yoast-schema-graph\">{\"@context\":\"https:\/\/schema.org\",\"@graph\":[{\"@type\":\"WebPage\",\"@id\":\"https:\/\/www.dressy.design\/de\/p\/lugga-pouffe\/\",\"url\":\"https:\/\/www.dressy.design\/de\/p\/lugga-pouffe\/\",\"name\":\"LUGGA - Pouffe entworfen von Arnau y Reyna\",\"isPartOf\":{\"@id\":\"https:\/\/www.dressy.design\/de\/#website\"},\"primaryImageOfPage\":{\"@id\":\"https:\/\/www.dressy.design\/de\/p\/lugga-pouffe\/#primaryimage\"},\"image\":{\"@id\":\"https:\/\/www.dressy.design\/de\/p\/lugga-pouffe\/#primaryimage\"},\"thumbnailUrl\":\"https:\/\/www.dressy.design\/wp-content\/uploads\/2021\/12\/p_Pouf-Lugga-1.webp\",\"datePublished\":\"2021-12-23T12:29:17+00:00\",\"dateModified\":\"2022-09-20T11:02:11+00:00\",\"description\":\"60x60 oder 90x90 Pouffe, die als zus\u00e4tzliche Sitzfl\u00e4che, Fu\u00dfst\u00fctze oder praktische Auflagefl\u00e4che verwendet werden kann. Entworfen von Arnau y Reyna\",\"breadcrumb\":{\"@id\":\"https:\/\/www.dressy.design\/de\/p\/lugga-pouffe\/#breadcrumb\"},\"inLanguage\":\"de\",\"potentialAction\":[{\"@type\":\"ReadAction\",\"target\":[\"https:\/\/www.dressy.design\/de\/p\/lugga-pouffe\/\"]}]},{\"@type\":\"ImageObject\",\"inLanguage\":\"de\",\"@id\":\"https:\/\/www.dressy.design\/de\/p\/lugga-pouffe\/#primaryimage\",\"url\":\"https:\/\/www.dressy.design\/wp-content\/uploads\/2021\/12\/p_Pouf-Lugga-1.webp\",\"contentUrl\":\"https:\/\/www.dressy.design\/wp-content\/uploads\/2021\/12\/p_Pouf-Lugga-1.webp\",\"width\":1195,\"height\":1195},{\"@type\":\"BreadcrumbList\",\"@id\":\"https:\/\/www.dressy.design\/de\/p\/lugga-pouffe\/#breadcrumb\",\"itemListElement\":[{\"@type\":\"ListItem\",\"position\":1,\"name\":\"Portada\",\"item\":\"https:\/\/www.dressy.design\/de\/\"},{\"@type\":\"ListItem\",\"position\":2,\"name\":\"Tienda\",\"item\":\"https:\/\/www.dressy.design\/es\/?page_id=180\"},{\"@type\":\"ListItem\",\"position\":3,\"name\":\"LUGGA\"}]},{\"@type\":\"WebSite\",\"@id\":\"https:\/\/www.dressy.design\/de\/#website\",\"url\":\"https:\/\/www.dressy.design\/de\/\",\"name\":\"Dressy\",\"description\":\"Sillas y mesas de m\u00e1xima calidad y dise\u00f1o\",\"potentialAction\":[{\"@type\":\"SearchAction\",\"target\":{\"@type\":\"EntryPoint\",\"urlTemplate\":\"https:\/\/www.dressy.design\/de\/?s={search_term_string}\"},\"query-input\":{\"@type\":\"PropertyValueSpecification\",\"valueRequired\":true,\"valueName\":\"search_term_string\"}}],\"inLanguage\":\"de\"}]}<\/script>\n<!-- \/ Yoast SEO plugin. -->","yoast_head_json":{"title":"LUGGA - Pouffe entworfen von Arnau y Reyna","description":"60x60 oder 90x90 Pouffe, die als zus\u00e4tzliche Sitzfl\u00e4che, Fu\u00dfst\u00fctze oder praktische Auflagefl\u00e4che verwendet werden kann. Entworfen von Arnau y Reyna","robots":{"index":"index","follow":"follow","max-snippet":"max-snippet:-1","max-image-preview":"max-image-preview:large","max-video-preview":"max-video-preview:-1"},"canonical":"https:\/\/www.dressy.design\/de\/p\/lugga-pouffe\/","og_locale":"de_DE","og_type":"article","og_title":"LUGGA - Pouffe entworfen von Arnau y Reyna","og_description":"60x60 oder 90x90 Pouffe, die als zus\u00e4tzliche Sitzfl\u00e4che, Fu\u00dfst\u00fctze oder praktische Auflagefl\u00e4che verwendet werden kann. Entworfen von Arnau y Reyna","og_url":"https:\/\/www.dressy.design\/de\/p\/lugga-pouffe\/","og_site_name":"Dressy","article_modified_time":"2022-09-20T11:02:11+00:00","og_image":[{"width":1195,"height":1195,"url":"https:\/\/www.dressy.design\/wp-content\/uploads\/2021\/12\/p_Pouf-Lugga-1.webp","type":"image\/webp"}],"twitter_card":"summary_large_image","twitter_misc":{"Gesch\u00e4tzte Lesezeit":"1\u00a0Minute"},"schema":{"@context":"https:\/\/schema.org","@graph":[{"@type":"WebPage","@id":"https:\/\/www.dressy.design\/de\/p\/lugga-pouffe\/","url":"https:\/\/www.dressy.design\/de\/p\/lugga-pouffe\/","name":"LUGGA - Pouffe entworfen von Arnau y Reyna","isPartOf":{"@id":"https:\/\/www.dressy.design\/de\/#website"},"primaryImageOfPage":{"@id":"https:\/\/www.dressy.design\/de\/p\/lugga-pouffe\/#primaryimage"},"image":{"@id":"https:\/\/www.dressy.design\/de\/p\/lugga-pouffe\/#primaryimage"},"thumbnailUrl":"https:\/\/www.dressy.design\/wp-content\/uploads\/2021\/12\/p_Pouf-Lugga-1.webp","datePublished":"2021-12-23T12:29:17+00:00","dateModified":"2022-09-20T11:02:11+00:00","description":"60x60 oder 90x90 Pouffe, die als zus\u00e4tzliche Sitzfl\u00e4che, Fu\u00dfst\u00fctze oder praktische Auflagefl\u00e4che verwendet werden kann. Entworfen von Arnau y Reyna","breadcrumb":{"@id":"https:\/\/www.dressy.design\/de\/p\/lugga-pouffe\/#breadcrumb"},"inLanguage":"de","potentialAction":[{"@type":"ReadAction","target":["https:\/\/www.dressy.design\/de\/p\/lugga-pouffe\/"]}]},{"@type":"ImageObject","inLanguage":"de","@id":"https:\/\/www.dressy.design\/de\/p\/lugga-pouffe\/#primaryimage","url":"https:\/\/www.dressy.design\/wp-content\/uploads\/2021\/12\/p_Pouf-Lugga-1.webp","contentUrl":"https:\/\/www.dressy.design\/wp-content\/uploads\/2021\/12\/p_Pouf-Lugga-1.webp","width":1195,"height":1195},{"@type":"BreadcrumbList","@id":"https:\/\/www.dressy.design\/de\/p\/lugga-pouffe\/#breadcrumb","itemListElement":[{"@type":"ListItem","position":1,"name":"Portada","item":"https:\/\/www.dressy.design\/de\/"},{"@type":"ListItem","position":2,"name":"Tienda","item":"https:\/\/www.dressy.design\/es\/?page_id=180"},{"@type":"ListItem","position":3,"name":"LUGGA"}]},{"@type":"WebSite","@id":"https:\/\/www.dressy.design\/de\/#website","url":"https:\/\/www.dressy.design\/de\/","name":"Dressy","description":"Sillas y mesas de m\u00e1xima calidad y dise\u00f1o","potentialAction":[{"@type":"SearchAction","target":{"@type":"EntryPoint","urlTemplate":"https:\/\/www.dressy.design\/de\/?s={search_term_string}"},"query-input":{"@type":"PropertyValueSpecification","valueRequired":true,"valueName":"search_term_string"}}],"inLanguage":"de"}]}},"_links":{"self":[{"href":"https:\/\/www.dressy.design\/de\/wp-json\/wp\/v2\/product\/6186","targetHints":{"allow":["GET"]}}],"collection":[{"href":"https:\/\/www.dressy.design\/de\/wp-json\/wp\/v2\/product"}],"about":[{"href":"https:\/\/www.dressy.design\/de\/wp-json\/wp\/v2\/types\/product"}],"wp:featuredmedia":[{"embeddable":true,"href":"https:\/\/www.dressy.design\/de\/wp-json\/wp\/v2\/media\/4862"}],"wp:attachment":[{"href":"https:\/\/www.dressy.design\/de\/wp-json\/wp\/v2\/media?parent=6186"}],"wp:term":[{"taxonomy":"product_brand","embeddable":true,"href":"https:\/\/www.dressy.design\/de\/wp-json\/wp\/v2\/product_brand?post=6186"},{"taxonomy":"product_cat","embeddable":true,"href":"https:\/\/www.dressy.design\/de\/wp-json\/wp\/v2\/product_cat?post=6186"},{"taxonomy":"product_tag","embeddable":true,"href":"https:\/\/www.dressy.design\/de\/wp-json\/wp\/v2\/product_tag?post=6186"}],"curies":[{"name":"wp","href":"https:\/\/api.w.org\/{rel}","templated":true}]}}