{"id":6198,"date":"2021-12-23T12:29:07","date_gmt":"2021-12-23T12:29:07","guid":{"rendered":"https:\/\/www.dressy.design\/p\/nubo-4103-silla-giratoria-de-respaldo-alto-de-diseno-moderno-para-salon\/"},"modified":"2022-09-20T14:52:35","modified_gmt":"2022-09-20T12:52:35","slug":"nubo-4103-drehstuhl-mit-hoher-rueckenlehne","status":"publish","type":"product","link":"https:\/\/www.dressy.design\/de\/p\/nubo-4103-drehstuhl-mit-hoher-rueckenlehne\/","title":{"rendered":"NUBO 4103"},"content":{"rendered":"\t<div id=\"gap-1204190142\" class=\"gap-element clearfix hide-for-small\" style=\"display:block; height:auto;\">\n\t\t\n<style>\n#gap-1204190142 {\n  padding-top: 50px;\n}\n<\/style>\n\t<\/div>\n\t\n<div class=\"row descripcion-parte-1\"  id=\"row-1155358193\">\n\n\t<div id=\"col-914788656\" class=\"col hide-for-small medium-3 small-12 large-3\"  >\n\t\t\t\t<div class=\"col-inner\"  >\n\t\t\t\n\t\t\t\n\t\t<\/div>\n\t\t\t\t\t<\/div>\n\n\t\n\n\t<div id=\"col-480273383\" class=\"col medium-5 small-12 large-5\"  data-animate=\"fadeInDown\">\n\t\t\t\t<div class=\"col-inner\"  >\n\t\t\t\n\t\t\t\n\t<div class=\"img has-hover x md-x lg-x y md-y lg-y\" id=\"image_1927893419\">\n\t\t\t\t\t\t\t\t<div class=\"img-inner image-zoom dark\" >\n\t\t\t<img loading=\"lazy\" decoding=\"async\" width=\"800\" height=\"800\" src=\"https:\/\/www.dressy.design\/wp-content\/uploads\/2021\/11\/Silla-Nubo-4102_Galeria_02.webp\" class=\"attachment-large size-large\" alt=\"\" srcset=\"https:\/\/www.dressy.design\/wp-content\/uploads\/2021\/11\/Silla-Nubo-4102_Galeria_02.webp 800w, https:\/\/www.dressy.design\/wp-content\/uploads\/2021\/11\/Silla-Nubo-4102_Galeria_02-150x150.webp 150w, https:\/\/www.dressy.design\/wp-content\/uploads\/2021\/11\/Silla-Nubo-4102_Galeria_02-768x768.webp 768w, https:\/\/www.dressy.design\/wp-content\/uploads\/2021\/11\/Silla-Nubo-4102_Galeria_02-300x300.webp 300w, https:\/\/www.dressy.design\/wp-content\/uploads\/2021\/11\/Silla-Nubo-4102_Galeria_02-640x640.webp 640w, https:\/\/www.dressy.design\/wp-content\/uploads\/2021\/11\/Silla-Nubo-4102_Galeria_02-50x50.webp 50w, https:\/\/www.dressy.design\/wp-content\/uploads\/2021\/11\/Silla-Nubo-4102_Galeria_02-100x100.webp 100w, https:\/\/www.dressy.design\/wp-content\/uploads\/2021\/11\/Silla-Nubo-4102_Galeria_02-600x600.webp 600w\" sizes=\"auto, (max-width: 800px) 100vw, 800px\" \/>\t\t\t\t\t\t\n\t\t\t\t\t<\/div>\n\t\t\t\t\t\t\t\t\n<style>\n#image_1927893419 {\n  width: 100%;\n}\n<\/style>\n\t<\/div>\n\t\n\t\t<\/div>\n\t\t\t\t\t<\/div>\n\n\t\n\n\t<div id=\"col-493181433\" class=\"col medium-4 small-12 large-4\"  >\n\t\t\t\t<div class=\"col-inner\"  >\n\t\t\t\n\t\t\t\n\t<div class=\"img has-hover x md-x lg-x y md-y lg-y\" id=\"image_2031650520\">\n\t\t\t\t\t\t\t\t<div class=\"img-inner dark\" >\n\t\t\t<img loading=\"lazy\" decoding=\"async\" width=\"550\" height=\"800\" src=\"https:\/\/www.dressy.design\/wp-content\/uploads\/2021\/11\/Silla-Nubo-4103_Galeria_01.webp\" class=\"attachment-large size-large\" alt=\"\" srcset=\"https:\/\/www.dressy.design\/wp-content\/uploads\/2021\/11\/Silla-Nubo-4103_Galeria_01.webp 550w, https:\/\/www.dressy.design\/wp-content\/uploads\/2021\/11\/Silla-Nubo-4103_Galeria_01-150x218.webp 150w, https:\/\/www.dressy.design\/wp-content\/uploads\/2021\/11\/Silla-Nubo-4103_Galeria_01-34x50.webp 34w, https:\/\/www.dressy.design\/wp-content\/uploads\/2021\/11\/Silla-Nubo-4103_Galeria_01-69x100.webp 69w, https:\/\/www.dressy.design\/wp-content\/uploads\/2021\/11\/Silla-Nubo-4103_Galeria_01-300x436.webp 300w\" sizes=\"auto, (max-width: 550px) 100vw, 550px\" \/>\t\t\t\t\t\t\n\t\t\t\t\t<\/div>\n\t\t\t\t\t\t\t\t\n<style>\n#image_2031650520 {\n  width: 87.5%;\n}\n<\/style>\n\t<\/div>\n\t\n\t\t<\/div>\n\t\t\t\t\t<\/div>\n\n\t\n<\/div>\n<div class=\"row descripcion-parte-1\"  id=\"row-900347751\">\n\n\t<div id=\"col-699703544\" class=\"col hide-for-small medium-3 small-12 large-3\"  >\n\t\t\t\t<div class=\"col-inner\"  >\n\t\t\t\n\t\t\t\n\t\t<\/div>\n\t\t\t\t\t<\/div>\n\n\t\n\n\t<div id=\"col-1056461243\" class=\"col medium-8 small-12 large-8\"  data-animate=\"fadeInDown\">\n\t\t\t\t<div class=\"col-inner\"  >\n\t\t\t\n\t\t\t\n<p>Nubo ist die neue Sitzm\u00f6belkollektion von Santiago Sevillano, das Ergebnis einer sorgf\u00e4ltigen handwerklichen Arbeit, die immer wieder neue Ausdrucksformen findet. Eines seiner wichtigsten formalen Merkmale ist das Zusammentreffen der Teile der R\u00fcckenlehne, die dem St\u00fcck Volumen verleihen, als w\u00e4ren es drei miteinander verschmolzene Wolken. Erh\u00e4ltlich mit vier Fu\u00dftypen, von denen einer drehbar ist, was der Kollektion eine gro\u00dfe Vielseitigkeit bei der Konfiguration des Produkts verleiht. Die R\u00fcckenlehne kann hoch oder niedrig sein. Zur Kollektion geh\u00f6rt auch ein Sessel mit Lounge-Charakter.<\/p>\n\t\t<\/div>\n\t\t\t\t\t<\/div>\n\n\t\n<\/div>\n","protected":false},"excerpt":{"rendered":"<p>Drehstuhl mit hoher R\u00fcckenlehne und vollst\u00e4ndig gepolsterter Polyurethan-Spritzgussschale. M\u00f6glichkeit des selbstzentrierenden Drehens.<\/p>\n<p><strong>Designer<\/strong><br \/>\n<a href=\"\"><\/a><\/p>\n","protected":false},"featured_media":7626,"template":"","meta":{"_acf_changed":false},"product_brand":[],"product_cat":[353,270,354],"product_tag":[342,340,338,343,341,356,359,358,357],"class_list":{"0":"post-6198","1":"product","2":"type-product","3":"status-publish","4":"has-post-thumbnail","6":"product_cat-nubo-de","7":"product_cat-santiago-sevillano","8":"product_cat-silla-de","9":"product_tag-design","10":"product_tag-dressy","11":"product_tag-esszimmer","12":"product_tag-innenarchitektur","13":"product_tag-moebel","14":"product_tag-nubo","15":"product_tag-santiagosevillano","16":"product_tag-sessel","17":"product_tag-stuhl","19":"first","20":"instock","21":"product-type-simple"},"acf":[],"yoast_head":"<!-- This site is optimized with the Yoast SEO plugin v27.2 - https:\/\/yoast.com\/product\/yoast-seo-wordpress\/ -->\n<title>NUBO 4103 - Drehstuhl entworfen von Santiago Sevillano<\/title>\n<meta name=\"description\" content=\"Drehstuhl mit hoher R\u00fcckenlehne und vollst\u00e4ndig gepolsterter Polyurethan-Spritzgussschale. M\u00f6glichkeit des selbstzentrierenden Drehens.\" \/>\n<meta name=\"robots\" content=\"index, follow, max-snippet:-1, max-image-preview:large, max-video-preview:-1\" \/>\n<link rel=\"canonical\" href=\"https:\/\/www.dressy.design\/de\/p\/nubo-4103-drehstuhl-mit-hoher-rueckenlehne\/\" \/>\n<meta property=\"og:locale\" content=\"de_DE\" \/>\n<meta property=\"og:type\" content=\"article\" \/>\n<meta property=\"og:title\" content=\"NUBO 4103 - Drehstuhl entworfen von Santiago Sevillano\" \/>\n<meta property=\"og:description\" content=\"Drehstuhl mit hoher R\u00fcckenlehne und vollst\u00e4ndig gepolsterter Polyurethan-Spritzgussschale. M\u00f6glichkeit des selbstzentrierenden Drehens.\" \/>\n<meta property=\"og:url\" content=\"https:\/\/www.dressy.design\/de\/p\/nubo-4103-drehstuhl-mit-hoher-rueckenlehne\/\" \/>\n<meta property=\"og:site_name\" content=\"Dressy\" \/>\n<meta property=\"article:modified_time\" content=\"2022-09-20T12:52:35+00:00\" \/>\n<meta property=\"og:image\" content=\"https:\/\/www.dressy.design\/wp-content\/uploads\/2021\/12\/p_Silla-Nubo-4103-4104.webp\" \/>\n\t<meta property=\"og:image:width\" content=\"1195\" \/>\n\t<meta property=\"og:image:height\" content=\"1195\" \/>\n\t<meta property=\"og:image:type\" content=\"image\/webp\" \/>\n<meta name=\"twitter:card\" content=\"summary_large_image\" \/>\n<meta name=\"twitter:label1\" content=\"Gesch\u00e4tzte Lesezeit\" \/>\n\t<meta name=\"twitter:data1\" content=\"1\u00a0Minute\" \/>\n<script type=\"application\/ld+json\" class=\"yoast-schema-graph\">{\"@context\":\"https:\/\/schema.org\",\"@graph\":[{\"@type\":\"WebPage\",\"@id\":\"https:\/\/www.dressy.design\/de\/p\/nubo-4103-drehstuhl-mit-hoher-rueckenlehne\/\",\"url\":\"https:\/\/www.dressy.design\/de\/p\/nubo-4103-drehstuhl-mit-hoher-rueckenlehne\/\",\"name\":\"NUBO 4103 - Drehstuhl entworfen von Santiago Sevillano\",\"isPartOf\":{\"@id\":\"https:\/\/www.dressy.design\/de\/#website\"},\"primaryImageOfPage\":{\"@id\":\"https:\/\/www.dressy.design\/de\/p\/nubo-4103-drehstuhl-mit-hoher-rueckenlehne\/#primaryimage\"},\"image\":{\"@id\":\"https:\/\/www.dressy.design\/de\/p\/nubo-4103-drehstuhl-mit-hoher-rueckenlehne\/#primaryimage\"},\"thumbnailUrl\":\"https:\/\/www.dressy.design\/wp-content\/uploads\/2021\/12\/0-Silla-Nubo-4103-4104.jpg\",\"datePublished\":\"2021-12-23T12:29:07+00:00\",\"dateModified\":\"2022-09-20T12:52:35+00:00\",\"description\":\"Drehstuhl mit hoher R\u00fcckenlehne und vollst\u00e4ndig gepolsterter Polyurethan-Spritzgussschale. M\u00f6glichkeit des selbstzentrierenden Drehens.\",\"breadcrumb\":{\"@id\":\"https:\/\/www.dressy.design\/de\/p\/nubo-4103-drehstuhl-mit-hoher-rueckenlehne\/#breadcrumb\"},\"inLanguage\":\"de\",\"potentialAction\":[{\"@type\":\"ReadAction\",\"target\":[\"https:\/\/www.dressy.design\/de\/p\/nubo-4103-drehstuhl-mit-hoher-rueckenlehne\/\"]}]},{\"@type\":\"ImageObject\",\"inLanguage\":\"de\",\"@id\":\"https:\/\/www.dressy.design\/de\/p\/nubo-4103-drehstuhl-mit-hoher-rueckenlehne\/#primaryimage\",\"url\":\"https:\/\/www.dressy.design\/wp-content\/uploads\/2021\/12\/0-Silla-Nubo-4103-4104.jpg\",\"contentUrl\":\"https:\/\/www.dressy.design\/wp-content\/uploads\/2021\/12\/0-Silla-Nubo-4103-4104.jpg\",\"width\":1195,\"height\":1195},{\"@type\":\"BreadcrumbList\",\"@id\":\"https:\/\/www.dressy.design\/de\/p\/nubo-4103-drehstuhl-mit-hoher-rueckenlehne\/#breadcrumb\",\"itemListElement\":[{\"@type\":\"ListItem\",\"position\":1,\"name\":\"Portada\",\"item\":\"https:\/\/www.dressy.design\/de\/\"},{\"@type\":\"ListItem\",\"position\":2,\"name\":\"Tienda\",\"item\":\"https:\/\/www.dressy.design\/es\/?page_id=180\"},{\"@type\":\"ListItem\",\"position\":3,\"name\":\"NUBO 4103\"}]},{\"@type\":\"WebSite\",\"@id\":\"https:\/\/www.dressy.design\/de\/#website\",\"url\":\"https:\/\/www.dressy.design\/de\/\",\"name\":\"Dressy\",\"description\":\"Sillas y mesas de m\u00e1xima calidad y dise\u00f1o\",\"potentialAction\":[{\"@type\":\"SearchAction\",\"target\":{\"@type\":\"EntryPoint\",\"urlTemplate\":\"https:\/\/www.dressy.design\/de\/?s={search_term_string}\"},\"query-input\":{\"@type\":\"PropertyValueSpecification\",\"valueRequired\":true,\"valueName\":\"search_term_string\"}}],\"inLanguage\":\"de\"}]}<\/script>\n<!-- \/ Yoast SEO plugin. -->","yoast_head_json":{"title":"NUBO 4103 - Drehstuhl entworfen von Santiago Sevillano","description":"Drehstuhl mit hoher R\u00fcckenlehne und vollst\u00e4ndig gepolsterter Polyurethan-Spritzgussschale. M\u00f6glichkeit des selbstzentrierenden Drehens.","robots":{"index":"index","follow":"follow","max-snippet":"max-snippet:-1","max-image-preview":"max-image-preview:large","max-video-preview":"max-video-preview:-1"},"canonical":"https:\/\/www.dressy.design\/de\/p\/nubo-4103-drehstuhl-mit-hoher-rueckenlehne\/","og_locale":"de_DE","og_type":"article","og_title":"NUBO 4103 - Drehstuhl entworfen von Santiago Sevillano","og_description":"Drehstuhl mit hoher R\u00fcckenlehne und vollst\u00e4ndig gepolsterter Polyurethan-Spritzgussschale. M\u00f6glichkeit des selbstzentrierenden Drehens.","og_url":"https:\/\/www.dressy.design\/de\/p\/nubo-4103-drehstuhl-mit-hoher-rueckenlehne\/","og_site_name":"Dressy","article_modified_time":"2022-09-20T12:52:35+00:00","og_image":[{"width":1195,"height":1195,"url":"https:\/\/www.dressy.design\/wp-content\/uploads\/2021\/12\/p_Silla-Nubo-4103-4104.webp","type":"image\/webp"}],"twitter_card":"summary_large_image","twitter_misc":{"Gesch\u00e4tzte Lesezeit":"1\u00a0Minute"},"schema":{"@context":"https:\/\/schema.org","@graph":[{"@type":"WebPage","@id":"https:\/\/www.dressy.design\/de\/p\/nubo-4103-drehstuhl-mit-hoher-rueckenlehne\/","url":"https:\/\/www.dressy.design\/de\/p\/nubo-4103-drehstuhl-mit-hoher-rueckenlehne\/","name":"NUBO 4103 - Drehstuhl entworfen von Santiago Sevillano","isPartOf":{"@id":"https:\/\/www.dressy.design\/de\/#website"},"primaryImageOfPage":{"@id":"https:\/\/www.dressy.design\/de\/p\/nubo-4103-drehstuhl-mit-hoher-rueckenlehne\/#primaryimage"},"image":{"@id":"https:\/\/www.dressy.design\/de\/p\/nubo-4103-drehstuhl-mit-hoher-rueckenlehne\/#primaryimage"},"thumbnailUrl":"https:\/\/www.dressy.design\/wp-content\/uploads\/2021\/12\/0-Silla-Nubo-4103-4104.jpg","datePublished":"2021-12-23T12:29:07+00:00","dateModified":"2022-09-20T12:52:35+00:00","description":"Drehstuhl mit hoher R\u00fcckenlehne und vollst\u00e4ndig gepolsterter Polyurethan-Spritzgussschale. M\u00f6glichkeit des selbstzentrierenden Drehens.","breadcrumb":{"@id":"https:\/\/www.dressy.design\/de\/p\/nubo-4103-drehstuhl-mit-hoher-rueckenlehne\/#breadcrumb"},"inLanguage":"de","potentialAction":[{"@type":"ReadAction","target":["https:\/\/www.dressy.design\/de\/p\/nubo-4103-drehstuhl-mit-hoher-rueckenlehne\/"]}]},{"@type":"ImageObject","inLanguage":"de","@id":"https:\/\/www.dressy.design\/de\/p\/nubo-4103-drehstuhl-mit-hoher-rueckenlehne\/#primaryimage","url":"https:\/\/www.dressy.design\/wp-content\/uploads\/2021\/12\/0-Silla-Nubo-4103-4104.jpg","contentUrl":"https:\/\/www.dressy.design\/wp-content\/uploads\/2021\/12\/0-Silla-Nubo-4103-4104.jpg","width":1195,"height":1195},{"@type":"BreadcrumbList","@id":"https:\/\/www.dressy.design\/de\/p\/nubo-4103-drehstuhl-mit-hoher-rueckenlehne\/#breadcrumb","itemListElement":[{"@type":"ListItem","position":1,"name":"Portada","item":"https:\/\/www.dressy.design\/de\/"},{"@type":"ListItem","position":2,"name":"Tienda","item":"https:\/\/www.dressy.design\/es\/?page_id=180"},{"@type":"ListItem","position":3,"name":"NUBO 4103"}]},{"@type":"WebSite","@id":"https:\/\/www.dressy.design\/de\/#website","url":"https:\/\/www.dressy.design\/de\/","name":"Dressy","description":"Sillas y mesas de m\u00e1xima calidad y dise\u00f1o","potentialAction":[{"@type":"SearchAction","target":{"@type":"EntryPoint","urlTemplate":"https:\/\/www.dressy.design\/de\/?s={search_term_string}"},"query-input":{"@type":"PropertyValueSpecification","valueRequired":true,"valueName":"search_term_string"}}],"inLanguage":"de"}]}},"_links":{"self":[{"href":"https:\/\/www.dressy.design\/de\/wp-json\/wp\/v2\/product\/6198","targetHints":{"allow":["GET"]}}],"collection":[{"href":"https:\/\/www.dressy.design\/de\/wp-json\/wp\/v2\/product"}],"about":[{"href":"https:\/\/www.dressy.design\/de\/wp-json\/wp\/v2\/types\/product"}],"wp:featuredmedia":[{"embeddable":true,"href":"https:\/\/www.dressy.design\/de\/wp-json\/wp\/v2\/media\/7626"}],"wp:attachment":[{"href":"https:\/\/www.dressy.design\/de\/wp-json\/wp\/v2\/media?parent=6198"}],"wp:term":[{"taxonomy":"product_brand","embeddable":true,"href":"https:\/\/www.dressy.design\/de\/wp-json\/wp\/v2\/product_brand?post=6198"},{"taxonomy":"product_cat","embeddable":true,"href":"https:\/\/www.dressy.design\/de\/wp-json\/wp\/v2\/product_cat?post=6198"},{"taxonomy":"product_tag","embeddable":true,"href":"https:\/\/www.dressy.design\/de\/wp-json\/wp\/v2\/product_tag?post=6198"}],"curies":[{"name":"wp","href":"https:\/\/api.w.org\/{rel}","templated":true}]}}