{"id":6214,"date":"2021-12-23T12:28:59","date_gmt":"2021-12-23T12:28:59","guid":{"rendered":"https:\/\/www.dressy.design\/p\/lap-4054-silla-giratoria-asiento-carcasa-lacada\/"},"modified":"2022-09-20T17:00:04","modified_gmt":"2022-09-20T15:00:04","slug":"lap-4054-silla-giratoria-asiento-carcasa-lacada","status":"publish","type":"product","link":"https:\/\/www.dressy.design\/de\/p\/lap-4054-silla-giratoria-asiento-carcasa-lacada\/","title":{"rendered":"LAP 4054"},"content":{"rendered":"\t<div id=\"gap-467960287\" class=\"gap-element clearfix hide-for-small\" style=\"display:block; height:auto;\">\n\t\t\n<style>\n#gap-467960287 {\n  padding-top: 50px;\n}\n<\/style>\n\t<\/div>\n\t\n\t<div id=\"text-4098795580\" class=\"text justify\">\n\t\t\n<p>Lap ist eine Kollektion von 4 Sesseln, entworfen von Santiago Sevillano. Zwei Arten von Beinen (massives Eschenholz oder Metall) und zwei Arten von Sitzm\u00f6glichkeiten (lackierte oder gepolsterte Schale) zusammen mit der Vielfalt der Oberfl\u00e4chen bieten zahlreiche M\u00f6glichkeiten, ein einzigartiges St\u00fcck zu schaffen, das perfekt in jede Umgebung passt. Eine feste oder schwenkbare Option mit oder ohne automatischen R\u00fccklauf ist ebenfalls erh\u00e4ltlich.<br \/>\n\t\t\t<\/div>\n\t\n<div class=\"row descripcion-parte-1\"  id=\"row-651747966\">\n\n\t<div id=\"col-824259984\" class=\"col medium-6 small-12 large-6\"  data-animate=\"fadeInDown\">\n\t\t\t\t<div class=\"col-inner\"  >\n\t\t\t\n\t\t\t\n\t<div class=\"img has-hover x md-x lg-x y md-y lg-y\" id=\"image_1795326143\">\n\t\t\t\t\t\t\t\t<div class=\"img-inner dark\" >\n\t\t\t<img loading=\"lazy\" decoding=\"async\" width=\"550\" height=\"800\" src=\"https:\/\/www.dressy.design\/wp-content\/uploads\/2021\/11\/Silla-Lap-4054-4058_01.webp\" class=\"attachment-large size-large\" alt=\"\" srcset=\"https:\/\/www.dressy.design\/wp-content\/uploads\/2021\/11\/Silla-Lap-4054-4058_01.webp 550w, https:\/\/www.dressy.design\/wp-content\/uploads\/2021\/11\/Silla-Lap-4054-4058_01-150x218.webp 150w, https:\/\/www.dressy.design\/wp-content\/uploads\/2021\/11\/Silla-Lap-4054-4058_01-34x50.webp 34w, https:\/\/www.dressy.design\/wp-content\/uploads\/2021\/11\/Silla-Lap-4054-4058_01-69x100.webp 69w, https:\/\/www.dressy.design\/wp-content\/uploads\/2021\/11\/Silla-Lap-4054-4058_01-300x436.webp 300w\" sizes=\"auto, (max-width: 550px) 100vw, 550px\" \/>\t\t\t\t\t\t\n\t\t\t\t\t<\/div>\n\t\t\t\t\t\t\t\t\n<style>\n#image_1795326143 {\n  width: 100%;\n}\n<\/style>\n\t<\/div>\n\t\n\t\t<\/div>\n\t\t\t\t\t<\/div>\n\n\t\n\n\t<div id=\"col-1462450671\" class=\"col medium-6 small-12 large-6\"  data-animate=\"fadeInDown\">\n\t\t\t\t<div class=\"col-inner\"  >\n\t\t\t\n\t\t\t\n\t<div class=\"img has-hover x md-x lg-x y md-y lg-y\" id=\"image_1325408449\">\n\t\t\t\t\t\t\t\t<div class=\"img-inner dark\" >\n\t\t\t<img loading=\"lazy\" decoding=\"async\" width=\"550\" height=\"800\" src=\"https:\/\/www.dressy.design\/wp-content\/uploads\/2021\/11\/Silla-Lap-4054-4058_02.webp\" class=\"attachment-large size-large\" alt=\"\" srcset=\"https:\/\/www.dressy.design\/wp-content\/uploads\/2021\/11\/Silla-Lap-4054-4058_02.webp 550w, https:\/\/www.dressy.design\/wp-content\/uploads\/2021\/11\/Silla-Lap-4054-4058_02-150x218.webp 150w, https:\/\/www.dressy.design\/wp-content\/uploads\/2021\/11\/Silla-Lap-4054-4058_02-34x50.webp 34w, https:\/\/www.dressy.design\/wp-content\/uploads\/2021\/11\/Silla-Lap-4054-4058_02-69x100.webp 69w, https:\/\/www.dressy.design\/wp-content\/uploads\/2021\/11\/Silla-Lap-4054-4058_02-300x436.webp 300w\" sizes=\"auto, (max-width: 550px) 100vw, 550px\" \/>\t\t\t\t\t\t\n\t\t\t\t\t<\/div>\n\t\t\t\t\t\t\t\t\n<style>\n#image_1325408449 {\n  width: 100%;\n}\n<\/style>\n\t<\/div>\n\t\n\t\t<\/div>\n\t\t\t\t\t<\/div>\n\n\t\n<\/div>\n<div class=\"row descripcion-parte-1\"  id=\"row-32080099\">\n\n\t<div id=\"col-1346382548\" class=\"col small-12 large-12\"  data-animate=\"fadeInDown\">\n\t\t\t\t<div class=\"col-inner\"  >\n\t\t\t\n\t\t\t\n\t<div id=\"gap-815232723\" class=\"gap-element clearfix hide-for-small\" style=\"display:block; height:auto;\">\n\t\t\n<style>\n#gap-815232723 {\n  padding-top: 50px;\n}\n<\/style>\n\t<\/div>\n\t\n\t\t<\/div>\n\t\t\t\t\t<\/div>\n\n\t\n<\/div>\n","protected":false},"excerpt":{"rendered":"<p>Drehstuhl und Sitz mit lackierter Schale und abnehmbarem Polster, erh\u00e4ltlich in 30 Unifarben und 6 Sonderfarben (Glanz, Zement, Stahl, Kupfer, Perlmutt und Schwarzgold).<\/p>\n<p><strong>Designer<\/strong><br \/>\n<a href=\"\"><\/a><\/p>\n","protected":false},"featured_media":4892,"template":"","meta":{"_acf_changed":false},"product_brand":[],"product_cat":[360,270,354],"product_tag":[342,340,338,343,361,341,359,357],"class_list":{"0":"post-6214","1":"product","2":"type-product","3":"status-publish","4":"has-post-thumbnail","6":"product_cat-lap-de","7":"product_cat-santiago-sevillano","8":"product_cat-silla-de","9":"product_tag-design","10":"product_tag-dressy","11":"product_tag-esszimmer","12":"product_tag-innenarchitektur","13":"product_tag-lap","14":"product_tag-moebel","15":"product_tag-santiagosevillano","16":"product_tag-stuhl","18":"first","19":"instock","20":"product-type-simple"},"acf":[],"yoast_head":"<!-- This site is optimized with the Yoast SEO plugin v27.2 - https:\/\/yoast.com\/product\/yoast-seo-wordpress\/ -->\n<title>LAP 4054 - Drehstuhl entworfen von Santiago Sevillano<\/title>\n<meta name=\"description\" content=\"Drehstuhl und Sitz mit lackierter Schale und abnehmbarem Polster, erh\u00e4ltlich in 30 Unifarben und 6 Sonderfarben entworfen von Santiago Sevillano.\" \/>\n<meta name=\"robots\" content=\"index, follow, max-snippet:-1, max-image-preview:large, max-video-preview:-1\" \/>\n<link rel=\"canonical\" href=\"https:\/\/www.dressy.design\/de\/p\/lap-4054-silla-giratoria-asiento-carcasa-lacada\/\" \/>\n<meta property=\"og:locale\" content=\"de_DE\" \/>\n<meta property=\"og:type\" content=\"article\" \/>\n<meta property=\"og:title\" content=\"LAP 4054 - Drehstuhl entworfen von Santiago Sevillano\" \/>\n<meta property=\"og:description\" content=\"Drehstuhl und Sitz mit lackierter Schale und abnehmbarem Polster, erh\u00e4ltlich in 30 Unifarben und 6 Sonderfarben entworfen von Santiago Sevillano.\" \/>\n<meta property=\"og:url\" content=\"https:\/\/www.dressy.design\/de\/p\/lap-4054-silla-giratoria-asiento-carcasa-lacada\/\" \/>\n<meta property=\"og:site_name\" content=\"Dressy\" \/>\n<meta property=\"article:modified_time\" content=\"2022-09-20T15:00:04+00:00\" \/>\n<meta property=\"og:image\" content=\"https:\/\/www.dressy.design\/wp-content\/uploads\/2021\/12\/p_Silla-Lap-4054-4058.webp\" \/>\n\t<meta property=\"og:image:width\" content=\"1195\" \/>\n\t<meta property=\"og:image:height\" content=\"1195\" \/>\n\t<meta property=\"og:image:type\" content=\"image\/webp\" \/>\n<meta name=\"twitter:card\" content=\"summary_large_image\" \/>\n<meta name=\"twitter:label1\" content=\"Gesch\u00e4tzte Lesezeit\" \/>\n\t<meta name=\"twitter:data1\" content=\"1\u00a0Minute\" \/>\n<script type=\"application\/ld+json\" class=\"yoast-schema-graph\">{\"@context\":\"https:\/\/schema.org\",\"@graph\":[{\"@type\":\"WebPage\",\"@id\":\"https:\/\/www.dressy.design\/de\/p\/lap-4054-silla-giratoria-asiento-carcasa-lacada\/\",\"url\":\"https:\/\/www.dressy.design\/de\/p\/lap-4054-silla-giratoria-asiento-carcasa-lacada\/\",\"name\":\"LAP 4054 - Drehstuhl entworfen von Santiago Sevillano\",\"isPartOf\":{\"@id\":\"https:\/\/www.dressy.design\/de\/#website\"},\"primaryImageOfPage\":{\"@id\":\"https:\/\/www.dressy.design\/de\/p\/lap-4054-silla-giratoria-asiento-carcasa-lacada\/#primaryimage\"},\"image\":{\"@id\":\"https:\/\/www.dressy.design\/de\/p\/lap-4054-silla-giratoria-asiento-carcasa-lacada\/#primaryimage\"},\"thumbnailUrl\":\"https:\/\/www.dressy.design\/wp-content\/uploads\/2021\/12\/p_Silla-Lap-4054-4058.webp\",\"datePublished\":\"2021-12-23T12:28:59+00:00\",\"dateModified\":\"2022-09-20T15:00:04+00:00\",\"description\":\"Drehstuhl und Sitz mit lackierter Schale und abnehmbarem Polster, erh\u00e4ltlich in 30 Unifarben und 6 Sonderfarben entworfen von Santiago Sevillano.\",\"breadcrumb\":{\"@id\":\"https:\/\/www.dressy.design\/de\/p\/lap-4054-silla-giratoria-asiento-carcasa-lacada\/#breadcrumb\"},\"inLanguage\":\"de\",\"potentialAction\":[{\"@type\":\"ReadAction\",\"target\":[\"https:\/\/www.dressy.design\/de\/p\/lap-4054-silla-giratoria-asiento-carcasa-lacada\/\"]}]},{\"@type\":\"ImageObject\",\"inLanguage\":\"de\",\"@id\":\"https:\/\/www.dressy.design\/de\/p\/lap-4054-silla-giratoria-asiento-carcasa-lacada\/#primaryimage\",\"url\":\"https:\/\/www.dressy.design\/wp-content\/uploads\/2021\/12\/p_Silla-Lap-4054-4058.webp\",\"contentUrl\":\"https:\/\/www.dressy.design\/wp-content\/uploads\/2021\/12\/p_Silla-Lap-4054-4058.webp\",\"width\":1195,\"height\":1195},{\"@type\":\"BreadcrumbList\",\"@id\":\"https:\/\/www.dressy.design\/de\/p\/lap-4054-silla-giratoria-asiento-carcasa-lacada\/#breadcrumb\",\"itemListElement\":[{\"@type\":\"ListItem\",\"position\":1,\"name\":\"Portada\",\"item\":\"https:\/\/www.dressy.design\/de\/\"},{\"@type\":\"ListItem\",\"position\":2,\"name\":\"Tienda\",\"item\":\"https:\/\/www.dressy.design\/es\/?page_id=180\"},{\"@type\":\"ListItem\",\"position\":3,\"name\":\"LAP 4054\"}]},{\"@type\":\"WebSite\",\"@id\":\"https:\/\/www.dressy.design\/de\/#website\",\"url\":\"https:\/\/www.dressy.design\/de\/\",\"name\":\"Dressy\",\"description\":\"Sillas y mesas de m\u00e1xima calidad y dise\u00f1o\",\"potentialAction\":[{\"@type\":\"SearchAction\",\"target\":{\"@type\":\"EntryPoint\",\"urlTemplate\":\"https:\/\/www.dressy.design\/de\/?s={search_term_string}\"},\"query-input\":{\"@type\":\"PropertyValueSpecification\",\"valueRequired\":true,\"valueName\":\"search_term_string\"}}],\"inLanguage\":\"de\"}]}<\/script>\n<!-- \/ Yoast SEO plugin. -->","yoast_head_json":{"title":"LAP 4054 - Drehstuhl entworfen von Santiago Sevillano","description":"Drehstuhl und Sitz mit lackierter Schale und abnehmbarem Polster, erh\u00e4ltlich in 30 Unifarben und 6 Sonderfarben entworfen von Santiago Sevillano.","robots":{"index":"index","follow":"follow","max-snippet":"max-snippet:-1","max-image-preview":"max-image-preview:large","max-video-preview":"max-video-preview:-1"},"canonical":"https:\/\/www.dressy.design\/de\/p\/lap-4054-silla-giratoria-asiento-carcasa-lacada\/","og_locale":"de_DE","og_type":"article","og_title":"LAP 4054 - Drehstuhl entworfen von Santiago Sevillano","og_description":"Drehstuhl und Sitz mit lackierter Schale und abnehmbarem Polster, erh\u00e4ltlich in 30 Unifarben und 6 Sonderfarben entworfen von Santiago Sevillano.","og_url":"https:\/\/www.dressy.design\/de\/p\/lap-4054-silla-giratoria-asiento-carcasa-lacada\/","og_site_name":"Dressy","article_modified_time":"2022-09-20T15:00:04+00:00","og_image":[{"width":1195,"height":1195,"url":"https:\/\/www.dressy.design\/wp-content\/uploads\/2021\/12\/p_Silla-Lap-4054-4058.webp","type":"image\/webp"}],"twitter_card":"summary_large_image","twitter_misc":{"Gesch\u00e4tzte Lesezeit":"1\u00a0Minute"},"schema":{"@context":"https:\/\/schema.org","@graph":[{"@type":"WebPage","@id":"https:\/\/www.dressy.design\/de\/p\/lap-4054-silla-giratoria-asiento-carcasa-lacada\/","url":"https:\/\/www.dressy.design\/de\/p\/lap-4054-silla-giratoria-asiento-carcasa-lacada\/","name":"LAP 4054 - Drehstuhl entworfen von Santiago Sevillano","isPartOf":{"@id":"https:\/\/www.dressy.design\/de\/#website"},"primaryImageOfPage":{"@id":"https:\/\/www.dressy.design\/de\/p\/lap-4054-silla-giratoria-asiento-carcasa-lacada\/#primaryimage"},"image":{"@id":"https:\/\/www.dressy.design\/de\/p\/lap-4054-silla-giratoria-asiento-carcasa-lacada\/#primaryimage"},"thumbnailUrl":"https:\/\/www.dressy.design\/wp-content\/uploads\/2021\/12\/p_Silla-Lap-4054-4058.webp","datePublished":"2021-12-23T12:28:59+00:00","dateModified":"2022-09-20T15:00:04+00:00","description":"Drehstuhl und Sitz mit lackierter Schale und abnehmbarem Polster, erh\u00e4ltlich in 30 Unifarben und 6 Sonderfarben entworfen von Santiago Sevillano.","breadcrumb":{"@id":"https:\/\/www.dressy.design\/de\/p\/lap-4054-silla-giratoria-asiento-carcasa-lacada\/#breadcrumb"},"inLanguage":"de","potentialAction":[{"@type":"ReadAction","target":["https:\/\/www.dressy.design\/de\/p\/lap-4054-silla-giratoria-asiento-carcasa-lacada\/"]}]},{"@type":"ImageObject","inLanguage":"de","@id":"https:\/\/www.dressy.design\/de\/p\/lap-4054-silla-giratoria-asiento-carcasa-lacada\/#primaryimage","url":"https:\/\/www.dressy.design\/wp-content\/uploads\/2021\/12\/p_Silla-Lap-4054-4058.webp","contentUrl":"https:\/\/www.dressy.design\/wp-content\/uploads\/2021\/12\/p_Silla-Lap-4054-4058.webp","width":1195,"height":1195},{"@type":"BreadcrumbList","@id":"https:\/\/www.dressy.design\/de\/p\/lap-4054-silla-giratoria-asiento-carcasa-lacada\/#breadcrumb","itemListElement":[{"@type":"ListItem","position":1,"name":"Portada","item":"https:\/\/www.dressy.design\/de\/"},{"@type":"ListItem","position":2,"name":"Tienda","item":"https:\/\/www.dressy.design\/es\/?page_id=180"},{"@type":"ListItem","position":3,"name":"LAP 4054"}]},{"@type":"WebSite","@id":"https:\/\/www.dressy.design\/de\/#website","url":"https:\/\/www.dressy.design\/de\/","name":"Dressy","description":"Sillas y mesas de m\u00e1xima calidad y dise\u00f1o","potentialAction":[{"@type":"SearchAction","target":{"@type":"EntryPoint","urlTemplate":"https:\/\/www.dressy.design\/de\/?s={search_term_string}"},"query-input":{"@type":"PropertyValueSpecification","valueRequired":true,"valueName":"search_term_string"}}],"inLanguage":"de"}]}},"_links":{"self":[{"href":"https:\/\/www.dressy.design\/de\/wp-json\/wp\/v2\/product\/6214","targetHints":{"allow":["GET"]}}],"collection":[{"href":"https:\/\/www.dressy.design\/de\/wp-json\/wp\/v2\/product"}],"about":[{"href":"https:\/\/www.dressy.design\/de\/wp-json\/wp\/v2\/types\/product"}],"wp:featuredmedia":[{"embeddable":true,"href":"https:\/\/www.dressy.design\/de\/wp-json\/wp\/v2\/media\/4892"}],"wp:attachment":[{"href":"https:\/\/www.dressy.design\/de\/wp-json\/wp\/v2\/media?parent=6214"}],"wp:term":[{"taxonomy":"product_brand","embeddable":true,"href":"https:\/\/www.dressy.design\/de\/wp-json\/wp\/v2\/product_brand?post=6214"},{"taxonomy":"product_cat","embeddable":true,"href":"https:\/\/www.dressy.design\/de\/wp-json\/wp\/v2\/product_cat?post=6214"},{"taxonomy":"product_tag","embeddable":true,"href":"https:\/\/www.dressy.design\/de\/wp-json\/wp\/v2\/product_tag?post=6214"}],"curies":[{"name":"wp","href":"https:\/\/api.w.org\/{rel}","templated":true}]}}