{"id":6216,"date":"2021-12-23T12:28:49","date_gmt":"2021-12-23T12:28:49","guid":{"rendered":"https:\/\/www.dressy.design\/p\/lap-4052-butaca-moderna-pie-metalico\/"},"modified":"2022-09-20T17:09:01","modified_gmt":"2022-09-20T15:09:01","slug":"lap-4052-stuhl-metallrohrgestell-sitz-mit-lackierter-schale","status":"publish","type":"product","link":"https:\/\/www.dressy.design\/de\/p\/lap-4052-stuhl-metallrohrgestell-sitz-mit-lackierter-schale\/","title":{"rendered":"LAP 4052"},"content":{"rendered":"\t<div id=\"gap-1060478694\" class=\"gap-element clearfix hide-for-small\" style=\"display:block; height:auto;\">\n\t\t\n<style>\n#gap-1060478694 {\n  padding-top: 30px;\n}\n<\/style>\n\t<\/div>\n\t\n\t<div id=\"text-205165468\" class=\"text justify\">\n\t\t\n<p>Lap ist eine Kollektion von 4 Sesseln, entworfen von Santiago Sevillano. Zwei Arten von Beinen (massives Eschenholz oder Metall) und zwei Arten von Sitzm\u00f6glichkeiten (lackierte oder gepolsterte Schale) zusammen mit der Vielfalt der Oberfl\u00e4chen bieten zahlreiche M\u00f6glichkeiten, ein einzigartiges St\u00fcck zu schaffen, das perfekt in jede Umgebung passt. Eine feste oder schwenkbare Option mit oder ohne automatischen R\u00fccklauf ist ebenfalls erh\u00e4ltlich.<\/p>\n\t\t\t<\/div>\n\t\n<div class=\"row descripcion-parte-1\"  id=\"row-1842964276\">\n\n\t<div id=\"col-1484364787\" class=\"col medium-6 small-12 large-6\"  data-animate=\"fadeInDown\">\n\t\t\t\t<div class=\"col-inner\"  >\n\t\t\t\n\t\t\t\n\t<div class=\"img has-hover x md-x lg-x y md-y lg-y\" id=\"image_1877204408\">\n\t\t\t\t\t\t\t\t<div class=\"img-inner image-cover dark\" style=\"padding-top:653px;\">\n\t\t\t<img loading=\"lazy\" decoding=\"async\" width=\"700\" height=\"800\" src=\"https:\/\/www.dressy.design\/wp-content\/uploads\/2021\/11\/Silla-Lap-4052_07.webp\" class=\"attachment-large size-large\" alt=\"\" srcset=\"https:\/\/www.dressy.design\/wp-content\/uploads\/2021\/11\/Silla-Lap-4052_07.webp 700w, https:\/\/www.dressy.design\/wp-content\/uploads\/2021\/11\/Silla-Lap-4052_07-150x171.webp 150w, https:\/\/www.dressy.design\/wp-content\/uploads\/2021\/11\/Silla-Lap-4052_07-44x50.webp 44w, https:\/\/www.dressy.design\/wp-content\/uploads\/2021\/11\/Silla-Lap-4052_07-88x100.webp 88w, https:\/\/www.dressy.design\/wp-content\/uploads\/2021\/11\/Silla-Lap-4052_07-300x343.webp 300w, https:\/\/www.dressy.design\/wp-content\/uploads\/2021\/11\/Silla-Lap-4052_07-600x686.webp 600w\" sizes=\"auto, (max-width: 700px) 100vw, 700px\" \/>\t\t\t\t\t\t\n\t\t\t\t\t<\/div>\n\t\t\t\t\t\t\t\t\n<style>\n#image_1877204408 {\n  width: 100%;\n}\n<\/style>\n\t<\/div>\n\t\n\t\t<\/div>\n\t\t\t\t\t<\/div>\n\n\t\n\n\t<div id=\"col-1489010066\" class=\"col medium-5 small-12 large-5\"  data-animate=\"fadeInDown\">\n\t\t\t\t<div class=\"col-inner\"  >\n\t\t\t\n\t\t\t\n\t<div class=\"img has-hover x md-x lg-x y md-y lg-y\" id=\"image_475629660\">\n\t\t\t\t\t\t\t\t<div class=\"img-inner dark\" >\n\t\t\t<img loading=\"lazy\" decoding=\"async\" width=\"600\" height=\"800\" src=\"https:\/\/www.dressy.design\/wp-content\/uploads\/2021\/11\/Silla-Lap-4052_04.webp\" class=\"attachment-large size-large\" alt=\"\" srcset=\"https:\/\/www.dressy.design\/wp-content\/uploads\/2021\/11\/Silla-Lap-4052_04.webp 600w, https:\/\/www.dressy.design\/wp-content\/uploads\/2021\/11\/Silla-Lap-4052_04-150x200.webp 150w, https:\/\/www.dressy.design\/wp-content\/uploads\/2021\/11\/Silla-Lap-4052_04-38x50.webp 38w, https:\/\/www.dressy.design\/wp-content\/uploads\/2021\/11\/Silla-Lap-4052_04-75x100.webp 75w, https:\/\/www.dressy.design\/wp-content\/uploads\/2021\/11\/Silla-Lap-4052_04-300x400.webp 300w\" sizes=\"auto, (max-width: 600px) 100vw, 600px\" \/>\t\t\t\t\t\t\n\t\t\t\t\t<\/div>\n\t\t\t\t\t\t\t\t\n<style>\n#image_475629660 {\n  width: 100%;\n}\n<\/style>\n\t<\/div>\n\t\n\t\t<\/div>\n\t\t\t\t\t<\/div>\n\n\t\n<\/div>\n<div class=\"row descripcion-parte-1\"  id=\"row-1661910718\">\n\n\t<div id=\"col-1150171830\" class=\"col medium-11 small-12 large-11\"  data-animate=\"fadeInDown\">\n\t\t\t\t<div class=\"col-inner\"  >\n\t\t\t\n\t\t\t\n\t<div id=\"gap-1707527620\" class=\"gap-element clearfix hide-for-small\" style=\"display:block; height:auto;\">\n\t\t\n<style>\n#gap-1707527620 {\n  padding-top: 30px;\n}\n<\/style>\n\t<\/div>\n\t\n\t\t<\/div>\n\t\t\t\t\t<\/div>\n\n\t\n<\/div>\n","protected":false},"excerpt":{"rendered":"<p>Stuhl mit Metallrohrgestell \u00d814 mm und Sitz mit lackierter Schale und abnehmbarem Polster, erh\u00e4ltlich in 30 Unifarben und 6 Sonderfarben (Glanz, Zement, Stahl, Kupfer, Perlmutt und Schwarzgold).<\/p>\n<p><strong>Designer<\/strong><br \/>\n<a href=\"\"><\/a><\/p>\n","protected":false},"featured_media":4888,"template":"","meta":{"_acf_changed":false},"product_brand":[],"product_cat":[360,270,354],"product_tag":[342,340,338,343,361,341,359,357],"class_list":{"0":"post-6216","1":"product","2":"type-product","3":"status-publish","4":"has-post-thumbnail","6":"product_cat-lap-de","7":"product_cat-santiago-sevillano","8":"product_cat-silla-de","9":"product_tag-design","10":"product_tag-dressy","11":"product_tag-esszimmer","12":"product_tag-innenarchitektur","13":"product_tag-lap","14":"product_tag-moebel","15":"product_tag-santiagosevillano","16":"product_tag-stuhl","18":"first","19":"instock","20":"product-type-simple"},"acf":[],"yoast_head":"<!-- This site is optimized with the Yoast SEO plugin v27.2 - https:\/\/yoast.com\/product\/yoast-seo-wordpress\/ -->\n<title>LAP 4052 - Stuhl mit Metallrohrgestell von Santiago Sevillano<\/title>\n<meta name=\"description\" content=\"Stuhl mit Metallrohrgestell \u00d814 mm und Sitz mit lackierter Schale und abnehmbarem Polster, erh\u00e4ltlich in 30 Unifarben und 6 Sonderfarben.\" \/>\n<meta name=\"robots\" content=\"index, follow, max-snippet:-1, max-image-preview:large, max-video-preview:-1\" \/>\n<link rel=\"canonical\" href=\"https:\/\/www.dressy.design\/de\/p\/lap-4052-stuhl-metallrohrgestell-sitz-mit-lackierter-schale\/\" \/>\n<meta property=\"og:locale\" content=\"de_DE\" \/>\n<meta property=\"og:type\" content=\"article\" \/>\n<meta property=\"og:title\" content=\"LAP 4052 - Stuhl mit Metallrohrgestell von Santiago Sevillano\" \/>\n<meta property=\"og:description\" content=\"Stuhl mit Metallrohrgestell \u00d814 mm und Sitz mit lackierter Schale und abnehmbarem Polster, erh\u00e4ltlich in 30 Unifarben und 6 Sonderfarben.\" \/>\n<meta property=\"og:url\" content=\"https:\/\/www.dressy.design\/de\/p\/lap-4052-stuhl-metallrohrgestell-sitz-mit-lackierter-schale\/\" \/>\n<meta property=\"og:site_name\" content=\"Dressy\" \/>\n<meta property=\"article:modified_time\" content=\"2022-09-20T15:09:01+00:00\" \/>\n<meta property=\"og:image\" content=\"https:\/\/www.dressy.design\/wp-content\/uploads\/2021\/12\/p_Silla-Lap-4052.webp\" \/>\n\t<meta property=\"og:image:width\" content=\"1195\" \/>\n\t<meta property=\"og:image:height\" content=\"1195\" \/>\n\t<meta property=\"og:image:type\" content=\"image\/webp\" \/>\n<meta name=\"twitter:card\" content=\"summary_large_image\" \/>\n<meta name=\"twitter:label1\" content=\"Gesch\u00e4tzte Lesezeit\" \/>\n\t<meta name=\"twitter:data1\" content=\"1\u00a0Minute\" \/>\n<script type=\"application\/ld+json\" class=\"yoast-schema-graph\">{\"@context\":\"https:\/\/schema.org\",\"@graph\":[{\"@type\":\"WebPage\",\"@id\":\"https:\/\/www.dressy.design\/de\/p\/lap-4052-stuhl-metallrohrgestell-sitz-mit-lackierter-schale\/\",\"url\":\"https:\/\/www.dressy.design\/de\/p\/lap-4052-stuhl-metallrohrgestell-sitz-mit-lackierter-schale\/\",\"name\":\"LAP 4052 - Stuhl mit Metallrohrgestell von Santiago Sevillano\",\"isPartOf\":{\"@id\":\"https:\/\/www.dressy.design\/de\/#website\"},\"primaryImageOfPage\":{\"@id\":\"https:\/\/www.dressy.design\/de\/p\/lap-4052-stuhl-metallrohrgestell-sitz-mit-lackierter-schale\/#primaryimage\"},\"image\":{\"@id\":\"https:\/\/www.dressy.design\/de\/p\/lap-4052-stuhl-metallrohrgestell-sitz-mit-lackierter-schale\/#primaryimage\"},\"thumbnailUrl\":\"https:\/\/www.dressy.design\/wp-content\/uploads\/2021\/12\/p_Silla-Lap-4052.webp\",\"datePublished\":\"2021-12-23T12:28:49+00:00\",\"dateModified\":\"2022-09-20T15:09:01+00:00\",\"description\":\"Stuhl mit Metallrohrgestell \u00d814 mm und Sitz mit lackierter Schale und abnehmbarem Polster, erh\u00e4ltlich in 30 Unifarben und 6 Sonderfarben.\",\"breadcrumb\":{\"@id\":\"https:\/\/www.dressy.design\/de\/p\/lap-4052-stuhl-metallrohrgestell-sitz-mit-lackierter-schale\/#breadcrumb\"},\"inLanguage\":\"de\",\"potentialAction\":[{\"@type\":\"ReadAction\",\"target\":[\"https:\/\/www.dressy.design\/de\/p\/lap-4052-stuhl-metallrohrgestell-sitz-mit-lackierter-schale\/\"]}]},{\"@type\":\"ImageObject\",\"inLanguage\":\"de\",\"@id\":\"https:\/\/www.dressy.design\/de\/p\/lap-4052-stuhl-metallrohrgestell-sitz-mit-lackierter-schale\/#primaryimage\",\"url\":\"https:\/\/www.dressy.design\/wp-content\/uploads\/2021\/12\/p_Silla-Lap-4052.webp\",\"contentUrl\":\"https:\/\/www.dressy.design\/wp-content\/uploads\/2021\/12\/p_Silla-Lap-4052.webp\",\"width\":1195,\"height\":1195},{\"@type\":\"BreadcrumbList\",\"@id\":\"https:\/\/www.dressy.design\/de\/p\/lap-4052-stuhl-metallrohrgestell-sitz-mit-lackierter-schale\/#breadcrumb\",\"itemListElement\":[{\"@type\":\"ListItem\",\"position\":1,\"name\":\"Portada\",\"item\":\"https:\/\/www.dressy.design\/de\/\"},{\"@type\":\"ListItem\",\"position\":2,\"name\":\"Tienda\",\"item\":\"https:\/\/www.dressy.design\/es\/?page_id=180\"},{\"@type\":\"ListItem\",\"position\":3,\"name\":\"LAP 4052\"}]},{\"@type\":\"WebSite\",\"@id\":\"https:\/\/www.dressy.design\/de\/#website\",\"url\":\"https:\/\/www.dressy.design\/de\/\",\"name\":\"Dressy\",\"description\":\"Sillas y mesas de m\u00e1xima calidad y dise\u00f1o\",\"potentialAction\":[{\"@type\":\"SearchAction\",\"target\":{\"@type\":\"EntryPoint\",\"urlTemplate\":\"https:\/\/www.dressy.design\/de\/?s={search_term_string}\"},\"query-input\":{\"@type\":\"PropertyValueSpecification\",\"valueRequired\":true,\"valueName\":\"search_term_string\"}}],\"inLanguage\":\"de\"}]}<\/script>\n<!-- \/ Yoast SEO plugin. -->","yoast_head_json":{"title":"LAP 4052 - Stuhl mit Metallrohrgestell von Santiago Sevillano","description":"Stuhl mit Metallrohrgestell \u00d814 mm und Sitz mit lackierter Schale und abnehmbarem Polster, erh\u00e4ltlich in 30 Unifarben und 6 Sonderfarben.","robots":{"index":"index","follow":"follow","max-snippet":"max-snippet:-1","max-image-preview":"max-image-preview:large","max-video-preview":"max-video-preview:-1"},"canonical":"https:\/\/www.dressy.design\/de\/p\/lap-4052-stuhl-metallrohrgestell-sitz-mit-lackierter-schale\/","og_locale":"de_DE","og_type":"article","og_title":"LAP 4052 - Stuhl mit Metallrohrgestell von Santiago Sevillano","og_description":"Stuhl mit Metallrohrgestell \u00d814 mm und Sitz mit lackierter Schale und abnehmbarem Polster, erh\u00e4ltlich in 30 Unifarben und 6 Sonderfarben.","og_url":"https:\/\/www.dressy.design\/de\/p\/lap-4052-stuhl-metallrohrgestell-sitz-mit-lackierter-schale\/","og_site_name":"Dressy","article_modified_time":"2022-09-20T15:09:01+00:00","og_image":[{"width":1195,"height":1195,"url":"https:\/\/www.dressy.design\/wp-content\/uploads\/2021\/12\/p_Silla-Lap-4052.webp","type":"image\/webp"}],"twitter_card":"summary_large_image","twitter_misc":{"Gesch\u00e4tzte Lesezeit":"1\u00a0Minute"},"schema":{"@context":"https:\/\/schema.org","@graph":[{"@type":"WebPage","@id":"https:\/\/www.dressy.design\/de\/p\/lap-4052-stuhl-metallrohrgestell-sitz-mit-lackierter-schale\/","url":"https:\/\/www.dressy.design\/de\/p\/lap-4052-stuhl-metallrohrgestell-sitz-mit-lackierter-schale\/","name":"LAP 4052 - Stuhl mit Metallrohrgestell von Santiago Sevillano","isPartOf":{"@id":"https:\/\/www.dressy.design\/de\/#website"},"primaryImageOfPage":{"@id":"https:\/\/www.dressy.design\/de\/p\/lap-4052-stuhl-metallrohrgestell-sitz-mit-lackierter-schale\/#primaryimage"},"image":{"@id":"https:\/\/www.dressy.design\/de\/p\/lap-4052-stuhl-metallrohrgestell-sitz-mit-lackierter-schale\/#primaryimage"},"thumbnailUrl":"https:\/\/www.dressy.design\/wp-content\/uploads\/2021\/12\/p_Silla-Lap-4052.webp","datePublished":"2021-12-23T12:28:49+00:00","dateModified":"2022-09-20T15:09:01+00:00","description":"Stuhl mit Metallrohrgestell \u00d814 mm und Sitz mit lackierter Schale und abnehmbarem Polster, erh\u00e4ltlich in 30 Unifarben und 6 Sonderfarben.","breadcrumb":{"@id":"https:\/\/www.dressy.design\/de\/p\/lap-4052-stuhl-metallrohrgestell-sitz-mit-lackierter-schale\/#breadcrumb"},"inLanguage":"de","potentialAction":[{"@type":"ReadAction","target":["https:\/\/www.dressy.design\/de\/p\/lap-4052-stuhl-metallrohrgestell-sitz-mit-lackierter-schale\/"]}]},{"@type":"ImageObject","inLanguage":"de","@id":"https:\/\/www.dressy.design\/de\/p\/lap-4052-stuhl-metallrohrgestell-sitz-mit-lackierter-schale\/#primaryimage","url":"https:\/\/www.dressy.design\/wp-content\/uploads\/2021\/12\/p_Silla-Lap-4052.webp","contentUrl":"https:\/\/www.dressy.design\/wp-content\/uploads\/2021\/12\/p_Silla-Lap-4052.webp","width":1195,"height":1195},{"@type":"BreadcrumbList","@id":"https:\/\/www.dressy.design\/de\/p\/lap-4052-stuhl-metallrohrgestell-sitz-mit-lackierter-schale\/#breadcrumb","itemListElement":[{"@type":"ListItem","position":1,"name":"Portada","item":"https:\/\/www.dressy.design\/de\/"},{"@type":"ListItem","position":2,"name":"Tienda","item":"https:\/\/www.dressy.design\/es\/?page_id=180"},{"@type":"ListItem","position":3,"name":"LAP 4052"}]},{"@type":"WebSite","@id":"https:\/\/www.dressy.design\/de\/#website","url":"https:\/\/www.dressy.design\/de\/","name":"Dressy","description":"Sillas y mesas de m\u00e1xima calidad y dise\u00f1o","potentialAction":[{"@type":"SearchAction","target":{"@type":"EntryPoint","urlTemplate":"https:\/\/www.dressy.design\/de\/?s={search_term_string}"},"query-input":{"@type":"PropertyValueSpecification","valueRequired":true,"valueName":"search_term_string"}}],"inLanguage":"de"}]}},"_links":{"self":[{"href":"https:\/\/www.dressy.design\/de\/wp-json\/wp\/v2\/product\/6216","targetHints":{"allow":["GET"]}}],"collection":[{"href":"https:\/\/www.dressy.design\/de\/wp-json\/wp\/v2\/product"}],"about":[{"href":"https:\/\/www.dressy.design\/de\/wp-json\/wp\/v2\/types\/product"}],"wp:featuredmedia":[{"embeddable":true,"href":"https:\/\/www.dressy.design\/de\/wp-json\/wp\/v2\/media\/4888"}],"wp:attachment":[{"href":"https:\/\/www.dressy.design\/de\/wp-json\/wp\/v2\/media?parent=6216"}],"wp:term":[{"taxonomy":"product_brand","embeddable":true,"href":"https:\/\/www.dressy.design\/de\/wp-json\/wp\/v2\/product_brand?post=6216"},{"taxonomy":"product_cat","embeddable":true,"href":"https:\/\/www.dressy.design\/de\/wp-json\/wp\/v2\/product_cat?post=6216"},{"taxonomy":"product_tag","embeddable":true,"href":"https:\/\/www.dressy.design\/de\/wp-json\/wp\/v2\/product_tag?post=6216"}],"curies":[{"name":"wp","href":"https:\/\/api.w.org\/{rel}","templated":true}]}}