{"id":6229,"date":"2021-12-23T12:28:49","date_gmt":"2021-12-23T12:28:49","guid":{"rendered":"https:\/\/www.dressy.design\/p\/taiga-h3-silla-respaldo-alto-carcasa-tapizada\/"},"modified":"2022-09-21T16:56:30","modified_gmt":"2022-09-21T14:56:30","slug":"taiga-h3-hochlehniger-stuhl-mit-gepolsterter-schale-und-gepolstertem-kissen","status":"publish","type":"product","link":"https:\/\/www.dressy.design\/de\/p\/taiga-h3-hochlehniger-stuhl-mit-gepolsterter-schale-und-gepolstertem-kissen\/","title":{"rendered":"TAIGA H3"},"content":{"rendered":"\t<div id=\"gap-833530098\" class=\"gap-element clearfix hide-for-small\" style=\"display:block; height:auto;\">\n\t\t\n<style>\n#gap-833530098 {\n  padding-top: 30px;\n}\n<\/style>\n\t<\/div>\n\t\n\t<div class=\"img has-hover x md-x lg-x y md-y lg-y\" id=\"image_246749703\">\n\t\t\t\t\t\t\t\t<div class=\"img-inner image-zoom dark\" >\n\t\t\t<img loading=\"lazy\" decoding=\"async\" width=\"1270\" height=\"800\" src=\"https:\/\/www.dressy.design\/wp-content\/uploads\/2021\/11\/Silla-Taiga_Galeria_01_1270x800px.webp\" class=\"attachment-large size-large\" alt=\"\" srcset=\"https:\/\/www.dressy.design\/wp-content\/uploads\/2021\/11\/Silla-Taiga_Galeria_01_1270x800px.webp 1270w, https:\/\/www.dressy.design\/wp-content\/uploads\/2021\/11\/Silla-Taiga_Galeria_01_1270x800px-150x94.webp 150w, https:\/\/www.dressy.design\/wp-content\/uploads\/2021\/11\/Silla-Taiga_Galeria_01_1270x800px-768x484.webp 768w, https:\/\/www.dressy.design\/wp-content\/uploads\/2021\/11\/Silla-Taiga_Galeria_01_1270x800px-50x31.webp 50w, https:\/\/www.dressy.design\/wp-content\/uploads\/2021\/11\/Silla-Taiga_Galeria_01_1270x800px-100x63.webp 100w, https:\/\/www.dressy.design\/wp-content\/uploads\/2021\/11\/Silla-Taiga_Galeria_01_1270x800px-300x189.webp 300w, https:\/\/www.dressy.design\/wp-content\/uploads\/2021\/11\/Silla-Taiga_Galeria_01_1270x800px-600x378.webp 600w\" sizes=\"auto, (max-width: 1270px) 100vw, 1270px\" \/>\t\t\t\t\t\t\n\t\t\t\t\t<\/div>\n\t\t\t\t\t\t\t\t\n<style>\n#image_246749703 {\n  width: 100%;\n}\n<\/style>\n\t<\/div>\n\t\n\t<div id=\"gap-548507405\" class=\"gap-element clearfix hide-for-small\" style=\"display:block; height:auto;\">\n\t\t\n<style>\n#gap-548507405 {\n  padding-top: 30px;\n}\n<\/style>\n\t<\/div>\n\t\n\t<div id=\"text-3142651774\" class=\"text justify\">\n\t\t\n<p>Taiga ist eine Stuhlkollektion mit Holzgestell, die 8 Sitztypen umfasst, die sich in der H\u00f6he und der Polsterung der R\u00fcckenlehne unterscheiden. Das Besondere an ihm ist die W\u00e4rme, die er dank des Fu\u00dfes, der aus der Sitzfl\u00e4che herausragt, ausstrahlt. Er ist aus massivem Eschenholz gefertigt und kann in verschiedenen nat\u00fcrlichen Farben hergestellt werden, die das Wesen des Holzes bewahren und perfekt f\u00fcr eine entspannte Atmosph\u00e4re sind. Wenn hingegen ein lebendigerer Effekt gew\u00fcnscht wird, kann das Holzbein in jeder der im Katalog der Oberfl\u00e4chen angebotenen Farben hergestellt werden.<br \/>\n\t\t\t<\/div>\n\t\n<div class=\"row descripcion-parte-1\"  id=\"row-873469954\">\n\n\t<div id=\"col-750122733\" class=\"col hide-for-small medium-6 small-12 large-6\"  >\n\t\t\t\t<div class=\"col-inner\"  >\n\t\t\t\n\t\t\t\n\t<div class=\"img has-hover x md-x lg-x y md-y lg-y\" id=\"image_647971228\">\n\t\t\t\t\t\t\t\t<div class=\"img-inner image-zoom dark\" >\n\t\t\t<img loading=\"lazy\" decoding=\"async\" width=\"600\" height=\"800\" src=\"https:\/\/www.dressy.design\/wp-content\/uploads\/2021\/11\/Silla-Taiga_Galeria_02_600x800px.webp\" class=\"attachment-large size-large\" alt=\"\" srcset=\"https:\/\/www.dressy.design\/wp-content\/uploads\/2021\/11\/Silla-Taiga_Galeria_02_600x800px.webp 600w, https:\/\/www.dressy.design\/wp-content\/uploads\/2021\/11\/Silla-Taiga_Galeria_02_600x800px-150x200.webp 150w, https:\/\/www.dressy.design\/wp-content\/uploads\/2021\/11\/Silla-Taiga_Galeria_02_600x800px-38x50.webp 38w, https:\/\/www.dressy.design\/wp-content\/uploads\/2021\/11\/Silla-Taiga_Galeria_02_600x800px-75x100.webp 75w, https:\/\/www.dressy.design\/wp-content\/uploads\/2021\/11\/Silla-Taiga_Galeria_02_600x800px-300x400.webp 300w\" sizes=\"auto, (max-width: 600px) 100vw, 600px\" \/>\t\t\t\t\t\t\n\t\t\t\t\t<\/div>\n\t\t\t\t\t\t\t\t\n<style>\n#image_647971228 {\n  width: 100%;\n}\n<\/style>\n\t<\/div>\n\t\n\t\t<\/div>\n\t\t\t\t\t<\/div>\n\n\t\n\n\t<div id=\"col-1562671600\" class=\"col medium-6 small-12 large-6\"  data-animate=\"fadeInDown\">\n\t\t\t\t<div class=\"col-inner\"  >\n\t\t\t\n\t\t\t\n\t<div class=\"img has-hover x md-x lg-x y md-y lg-y\" id=\"image_679370496\">\n\t\t\t\t\t\t\t\t<div class=\"img-inner image-zoom dark\" >\n\t\t\t<img loading=\"lazy\" decoding=\"async\" width=\"600\" height=\"800\" src=\"https:\/\/www.dressy.design\/wp-content\/uploads\/2021\/11\/Silla-Taiga_Galeria_03_600x800px.webp\" class=\"attachment-large size-large\" alt=\"\" srcset=\"https:\/\/www.dressy.design\/wp-content\/uploads\/2021\/11\/Silla-Taiga_Galeria_03_600x800px.webp 600w, https:\/\/www.dressy.design\/wp-content\/uploads\/2021\/11\/Silla-Taiga_Galeria_03_600x800px-150x200.webp 150w, https:\/\/www.dressy.design\/wp-content\/uploads\/2021\/11\/Silla-Taiga_Galeria_03_600x800px-38x50.webp 38w, https:\/\/www.dressy.design\/wp-content\/uploads\/2021\/11\/Silla-Taiga_Galeria_03_600x800px-75x100.webp 75w, https:\/\/www.dressy.design\/wp-content\/uploads\/2021\/11\/Silla-Taiga_Galeria_03_600x800px-300x400.webp 300w\" sizes=\"auto, (max-width: 600px) 100vw, 600px\" \/>\t\t\t\t\t\t\n\t\t\t\t\t<\/div>\n\t\t\t\t\t\t\t\t\n<style>\n#image_679370496 {\n  width: 100%;\n}\n<\/style>\n\t<\/div>\n\t\n\t\t<\/div>\n\t\t\t\t\t<\/div>\n\n\t\n<\/div>\n\t<div id=\"gap-322478607\" class=\"gap-element clearfix hide-for-small\" style=\"display:block; height:auto;\">\n\t\t\n<style>\n#gap-322478607 {\n  padding-top: 30px;\n}\n<\/style>\n\t<\/div>\n\t\n<div class=\"row descripcion-parte-1\"  id=\"row-1990861276\">\n\n\t<div id=\"col-786841685\" class=\"col hide-for-small medium-2 small-12 large-2\"  >\n\t\t\t\t<div class=\"col-inner\"  >\n\t\t\t\n\t\t\t\n\t\t<\/div>\n\t\t\t\t\t<\/div>\n\n\t\n\n\t<div id=\"col-237247256\" class=\"col medium-8 small-12 large-8\"  data-animate=\"fadeInDown\">\n\t\t\t\t<div class=\"col-inner\"  >\n\t\t\t\n\t\t\t\n\t\t<\/div>\n\t\t\t\t\t<\/div>\n\n\t\n<\/div>\n","protected":false},"excerpt":{"rendered":"<p>Hochlehniger Stuhl mit gepolsterter Schale und gepolstertem Kissen, zentrales Holzgestell.<\/p>\n","protected":false},"featured_media":4942,"template":"","meta":{"_acf_changed":false},"product_brand":[],"product_cat":[354,362],"product_tag":[342,340,338,365,343,341,357,364],"class_list":{"0":"post-6229","1":"product","2":"type-product","3":"status-publish","4":"has-post-thumbnail","6":"product_cat-silla-de","7":"product_cat-taiga-de","8":"product_tag-design","9":"product_tag-dressy","10":"product_tag-esszimmer","11":"product_tag-holz","12":"product_tag-innenarchitektur","13":"product_tag-moebel","14":"product_tag-stuhl","15":"product_tag-taiga","17":"first","18":"instock","19":"product-type-simple"},"acf":[],"yoast_head":"<!-- This site is optimized with the Yoast SEO plugin v27.2 - https:\/\/yoast.com\/product\/yoast-seo-wordpress\/ -->\n<title>TAIGA H3 - Hochlehniger Stuhl mit gepolsterter Schale und Kissen<\/title>\n<meta name=\"description\" content=\"Er ist aus massivem Eschenholz gefertigt und kann in verschiedenen nat\u00fcrlichen Farben hergestellt werden, die das Wesen des Holzes bewahren.\" \/>\n<meta name=\"robots\" content=\"index, follow, max-snippet:-1, max-image-preview:large, max-video-preview:-1\" \/>\n<link rel=\"canonical\" href=\"https:\/\/www.dressy.design\/de\/p\/taiga-h3-hochlehniger-stuhl-mit-gepolsterter-schale-und-gepolstertem-kissen\/\" \/>\n<meta property=\"og:locale\" content=\"de_DE\" \/>\n<meta property=\"og:type\" content=\"article\" \/>\n<meta property=\"og:title\" content=\"TAIGA H3 - Hochlehniger Stuhl mit gepolsterter Schale und Kissen\" \/>\n<meta property=\"og:description\" content=\"Er ist aus massivem Eschenholz gefertigt und kann in verschiedenen nat\u00fcrlichen Farben hergestellt werden, die das Wesen des Holzes bewahren.\" \/>\n<meta property=\"og:url\" content=\"https:\/\/www.dressy.design\/de\/p\/taiga-h3-hochlehniger-stuhl-mit-gepolsterter-schale-und-gepolstertem-kissen\/\" \/>\n<meta property=\"og:site_name\" content=\"Dressy\" \/>\n<meta property=\"article:modified_time\" content=\"2022-09-21T14:56:30+00:00\" \/>\n<meta property=\"og:image\" content=\"https:\/\/www.dressy.design\/wp-content\/uploads\/2021\/12\/p_Silla-Taiga-H3.webp\" \/>\n\t<meta property=\"og:image:width\" content=\"1195\" \/>\n\t<meta property=\"og:image:height\" content=\"1195\" \/>\n\t<meta property=\"og:image:type\" content=\"image\/webp\" \/>\n<meta name=\"twitter:card\" content=\"summary_large_image\" \/>\n<meta name=\"twitter:label1\" content=\"Gesch\u00e4tzte Lesezeit\" \/>\n\t<meta name=\"twitter:data1\" content=\"1\u00a0Minute\" \/>\n<script type=\"application\/ld+json\" class=\"yoast-schema-graph\">{\"@context\":\"https:\/\/schema.org\",\"@graph\":[{\"@type\":\"WebPage\",\"@id\":\"https:\/\/www.dressy.design\/de\/p\/taiga-h3-hochlehniger-stuhl-mit-gepolsterter-schale-und-gepolstertem-kissen\/\",\"url\":\"https:\/\/www.dressy.design\/de\/p\/taiga-h3-hochlehniger-stuhl-mit-gepolsterter-schale-und-gepolstertem-kissen\/\",\"name\":\"TAIGA H3 - Hochlehniger Stuhl mit gepolsterter Schale und Kissen\",\"isPartOf\":{\"@id\":\"https:\/\/www.dressy.design\/de\/#website\"},\"primaryImageOfPage\":{\"@id\":\"https:\/\/www.dressy.design\/de\/p\/taiga-h3-hochlehniger-stuhl-mit-gepolsterter-schale-und-gepolstertem-kissen\/#primaryimage\"},\"image\":{\"@id\":\"https:\/\/www.dressy.design\/de\/p\/taiga-h3-hochlehniger-stuhl-mit-gepolsterter-schale-und-gepolstertem-kissen\/#primaryimage\"},\"thumbnailUrl\":\"https:\/\/www.dressy.design\/wp-content\/uploads\/2021\/12\/p_Silla-Taiga-H3.webp\",\"datePublished\":\"2021-12-23T12:28:49+00:00\",\"dateModified\":\"2022-09-21T14:56:30+00:00\",\"description\":\"Er ist aus massivem Eschenholz gefertigt und kann in verschiedenen nat\u00fcrlichen Farben hergestellt werden, die das Wesen des Holzes bewahren.\",\"breadcrumb\":{\"@id\":\"https:\/\/www.dressy.design\/de\/p\/taiga-h3-hochlehniger-stuhl-mit-gepolsterter-schale-und-gepolstertem-kissen\/#breadcrumb\"},\"inLanguage\":\"de\",\"potentialAction\":[{\"@type\":\"ReadAction\",\"target\":[\"https:\/\/www.dressy.design\/de\/p\/taiga-h3-hochlehniger-stuhl-mit-gepolsterter-schale-und-gepolstertem-kissen\/\"]}]},{\"@type\":\"ImageObject\",\"inLanguage\":\"de\",\"@id\":\"https:\/\/www.dressy.design\/de\/p\/taiga-h3-hochlehniger-stuhl-mit-gepolsterter-schale-und-gepolstertem-kissen\/#primaryimage\",\"url\":\"https:\/\/www.dressy.design\/wp-content\/uploads\/2021\/12\/p_Silla-Taiga-H3.webp\",\"contentUrl\":\"https:\/\/www.dressy.design\/wp-content\/uploads\/2021\/12\/p_Silla-Taiga-H3.webp\",\"width\":1195,\"height\":1195},{\"@type\":\"BreadcrumbList\",\"@id\":\"https:\/\/www.dressy.design\/de\/p\/taiga-h3-hochlehniger-stuhl-mit-gepolsterter-schale-und-gepolstertem-kissen\/#breadcrumb\",\"itemListElement\":[{\"@type\":\"ListItem\",\"position\":1,\"name\":\"Portada\",\"item\":\"https:\/\/www.dressy.design\/de\/\"},{\"@type\":\"ListItem\",\"position\":2,\"name\":\"Tienda\",\"item\":\"https:\/\/www.dressy.design\/es\/?page_id=180\"},{\"@type\":\"ListItem\",\"position\":3,\"name\":\"TAIGA H3\"}]},{\"@type\":\"WebSite\",\"@id\":\"https:\/\/www.dressy.design\/de\/#website\",\"url\":\"https:\/\/www.dressy.design\/de\/\",\"name\":\"Dressy\",\"description\":\"Sillas y mesas de m\u00e1xima calidad y dise\u00f1o\",\"potentialAction\":[{\"@type\":\"SearchAction\",\"target\":{\"@type\":\"EntryPoint\",\"urlTemplate\":\"https:\/\/www.dressy.design\/de\/?s={search_term_string}\"},\"query-input\":{\"@type\":\"PropertyValueSpecification\",\"valueRequired\":true,\"valueName\":\"search_term_string\"}}],\"inLanguage\":\"de\"}]}<\/script>\n<!-- \/ Yoast SEO plugin. -->","yoast_head_json":{"title":"TAIGA H3 - Hochlehniger Stuhl mit gepolsterter Schale und Kissen","description":"Er ist aus massivem Eschenholz gefertigt und kann in verschiedenen nat\u00fcrlichen Farben hergestellt werden, die das Wesen des Holzes bewahren.","robots":{"index":"index","follow":"follow","max-snippet":"max-snippet:-1","max-image-preview":"max-image-preview:large","max-video-preview":"max-video-preview:-1"},"canonical":"https:\/\/www.dressy.design\/de\/p\/taiga-h3-hochlehniger-stuhl-mit-gepolsterter-schale-und-gepolstertem-kissen\/","og_locale":"de_DE","og_type":"article","og_title":"TAIGA H3 - Hochlehniger Stuhl mit gepolsterter Schale und Kissen","og_description":"Er ist aus massivem Eschenholz gefertigt und kann in verschiedenen nat\u00fcrlichen Farben hergestellt werden, die das Wesen des Holzes bewahren.","og_url":"https:\/\/www.dressy.design\/de\/p\/taiga-h3-hochlehniger-stuhl-mit-gepolsterter-schale-und-gepolstertem-kissen\/","og_site_name":"Dressy","article_modified_time":"2022-09-21T14:56:30+00:00","og_image":[{"width":1195,"height":1195,"url":"https:\/\/www.dressy.design\/wp-content\/uploads\/2021\/12\/p_Silla-Taiga-H3.webp","type":"image\/webp"}],"twitter_card":"summary_large_image","twitter_misc":{"Gesch\u00e4tzte Lesezeit":"1\u00a0Minute"},"schema":{"@context":"https:\/\/schema.org","@graph":[{"@type":"WebPage","@id":"https:\/\/www.dressy.design\/de\/p\/taiga-h3-hochlehniger-stuhl-mit-gepolsterter-schale-und-gepolstertem-kissen\/","url":"https:\/\/www.dressy.design\/de\/p\/taiga-h3-hochlehniger-stuhl-mit-gepolsterter-schale-und-gepolstertem-kissen\/","name":"TAIGA H3 - Hochlehniger Stuhl mit gepolsterter Schale und Kissen","isPartOf":{"@id":"https:\/\/www.dressy.design\/de\/#website"},"primaryImageOfPage":{"@id":"https:\/\/www.dressy.design\/de\/p\/taiga-h3-hochlehniger-stuhl-mit-gepolsterter-schale-und-gepolstertem-kissen\/#primaryimage"},"image":{"@id":"https:\/\/www.dressy.design\/de\/p\/taiga-h3-hochlehniger-stuhl-mit-gepolsterter-schale-und-gepolstertem-kissen\/#primaryimage"},"thumbnailUrl":"https:\/\/www.dressy.design\/wp-content\/uploads\/2021\/12\/p_Silla-Taiga-H3.webp","datePublished":"2021-12-23T12:28:49+00:00","dateModified":"2022-09-21T14:56:30+00:00","description":"Er ist aus massivem Eschenholz gefertigt und kann in verschiedenen nat\u00fcrlichen Farben hergestellt werden, die das Wesen des Holzes bewahren.","breadcrumb":{"@id":"https:\/\/www.dressy.design\/de\/p\/taiga-h3-hochlehniger-stuhl-mit-gepolsterter-schale-und-gepolstertem-kissen\/#breadcrumb"},"inLanguage":"de","potentialAction":[{"@type":"ReadAction","target":["https:\/\/www.dressy.design\/de\/p\/taiga-h3-hochlehniger-stuhl-mit-gepolsterter-schale-und-gepolstertem-kissen\/"]}]},{"@type":"ImageObject","inLanguage":"de","@id":"https:\/\/www.dressy.design\/de\/p\/taiga-h3-hochlehniger-stuhl-mit-gepolsterter-schale-und-gepolstertem-kissen\/#primaryimage","url":"https:\/\/www.dressy.design\/wp-content\/uploads\/2021\/12\/p_Silla-Taiga-H3.webp","contentUrl":"https:\/\/www.dressy.design\/wp-content\/uploads\/2021\/12\/p_Silla-Taiga-H3.webp","width":1195,"height":1195},{"@type":"BreadcrumbList","@id":"https:\/\/www.dressy.design\/de\/p\/taiga-h3-hochlehniger-stuhl-mit-gepolsterter-schale-und-gepolstertem-kissen\/#breadcrumb","itemListElement":[{"@type":"ListItem","position":1,"name":"Portada","item":"https:\/\/www.dressy.design\/de\/"},{"@type":"ListItem","position":2,"name":"Tienda","item":"https:\/\/www.dressy.design\/es\/?page_id=180"},{"@type":"ListItem","position":3,"name":"TAIGA H3"}]},{"@type":"WebSite","@id":"https:\/\/www.dressy.design\/de\/#website","url":"https:\/\/www.dressy.design\/de\/","name":"Dressy","description":"Sillas y mesas de m\u00e1xima calidad y dise\u00f1o","potentialAction":[{"@type":"SearchAction","target":{"@type":"EntryPoint","urlTemplate":"https:\/\/www.dressy.design\/de\/?s={search_term_string}"},"query-input":{"@type":"PropertyValueSpecification","valueRequired":true,"valueName":"search_term_string"}}],"inLanguage":"de"}]}},"_links":{"self":[{"href":"https:\/\/www.dressy.design\/de\/wp-json\/wp\/v2\/product\/6229","targetHints":{"allow":["GET"]}}],"collection":[{"href":"https:\/\/www.dressy.design\/de\/wp-json\/wp\/v2\/product"}],"about":[{"href":"https:\/\/www.dressy.design\/de\/wp-json\/wp\/v2\/types\/product"}],"wp:featuredmedia":[{"embeddable":true,"href":"https:\/\/www.dressy.design\/de\/wp-json\/wp\/v2\/media\/4942"}],"wp:attachment":[{"href":"https:\/\/www.dressy.design\/de\/wp-json\/wp\/v2\/media?parent=6229"}],"wp:term":[{"taxonomy":"product_brand","embeddable":true,"href":"https:\/\/www.dressy.design\/de\/wp-json\/wp\/v2\/product_brand?post=6229"},{"taxonomy":"product_cat","embeddable":true,"href":"https:\/\/www.dressy.design\/de\/wp-json\/wp\/v2\/product_cat?post=6229"},{"taxonomy":"product_tag","embeddable":true,"href":"https:\/\/www.dressy.design\/de\/wp-json\/wp\/v2\/product_tag?post=6229"}],"curies":[{"name":"wp","href":"https:\/\/api.w.org\/{rel}","templated":true}]}}