{"id":7466,"date":"2025-05-15T13:59:08","date_gmt":"2025-05-15T11:59:08","guid":{"rendered":"https:\/\/www.dressy.design\/p\/bertiz-mesa-auxiliar\/"},"modified":"2025-05-16T10:43:26","modified_gmt":"2025-05-16T08:43:26","slug":"bertiz-beisteltisch","status":"publish","type":"product","link":"https:\/\/www.dressy.design\/de\/p\/bertiz-beisteltisch\/","title":{"rendered":"BERTIZ"},"content":{"rendered":"\t<div id=\"gap-540800971\" class=\"gap-element clearfix hide-for-small\" style=\"display:block; height:auto;\">\n\t\t\n<style>\n#gap-540800971 {\n  padding-top: 50px;\n}\n<\/style>\n\t<\/div>\n\t\n\t<div id=\"text-3321239073\" class=\"text justify\">\n\t\t\n<p>Die Bertiz-Kollektion fester und ausziehbarer Tische beinhaltet jetzt eine zus\u00e4tzliche Version mit. Bertiz harmonisiert die Sch\u00f6nheit des nat\u00fcrlichen Holzes mit der Eleganz unserer Keramik, um uns einen anspruchsvollen Tisch zu bieten, bei dem die Liebe zum Detail das Markenzeichen ist. Besteht aus Massivholzf\u00fc\u00dfe, auf denen die Keramikplatte mit passenden abgeschr\u00e4gten Kanten ruht. Die Massivholzf\u00fc\u00dfe sind in RO-Ausf\u00fchrungen erh\u00e4ltlich, sowie unser gesamter Katalog an Dressy-Keramiken f\u00fcr die Platte.<br \/>\n\t\t\t<\/div>\n\t\n\t<div class=\"img has-hover x md-x lg-x y md-y lg-y\" id=\"image_566201391\">\n\t\t\t\t\t\t\t\t<div class=\"img-inner image-zoom dark\" >\n\t\t\t<img loading=\"lazy\" decoding=\"async\" width=\"1270\" height=\"800\" src=\"https:\/\/www.dressy.design\/wp-content\/uploads\/2025\/05\/Mesa-auxiliar-Bertiz_Galeria_04.jpg\" class=\"attachment-large size-large\" alt=\"\" srcset=\"https:\/\/www.dressy.design\/wp-content\/uploads\/2025\/05\/Mesa-auxiliar-Bertiz_Galeria_04.jpg 1270w, https:\/\/www.dressy.design\/wp-content\/uploads\/2025\/05\/Mesa-auxiliar-Bertiz_Galeria_04-150x94.jpg 150w, https:\/\/www.dressy.design\/wp-content\/uploads\/2025\/05\/Mesa-auxiliar-Bertiz_Galeria_04-768x484.jpg 768w, https:\/\/www.dressy.design\/wp-content\/uploads\/2025\/05\/Mesa-auxiliar-Bertiz_Galeria_04-300x189.jpg 300w, https:\/\/www.dressy.design\/wp-content\/uploads\/2025\/05\/Mesa-auxiliar-Bertiz_Galeria_04-600x378.jpg 600w\" sizes=\"auto, (max-width: 1270px) 100vw, 1270px\" \/>\t\t\t\t\t\t\n\t\t\t\t\t<\/div>\n\t\t\t\t\t\t\t\t\n<style>\n#image_566201391 {\n  width: 100%;\n}\n<\/style>\n\t<\/div>\n\t\n\t<div id=\"gap-1858233549\" class=\"gap-element clearfix hide-for-small\" style=\"display:block; height:auto;\">\n\t\t\n<style>\n#gap-1858233549 {\n  padding-top: 50px;\n}\n<\/style>\n\t<\/div>\n\t\n\t<div id=\"gap-81050027\" class=\"gap-element clearfix hide-for-small\" style=\"display:block; height:auto;\">\n\t\t\n<style>\n#gap-81050027 {\n  padding-top: 10px;\n}\n<\/style>\n\t<\/div>\n\t\n<div class=\"row descripcion-parte-1\"  id=\"row-1928207020\">\n\n\t<div id=\"col-587808466\" class=\"col small-12 large-12\"  data-animate=\"fadeInDown\">\n\t\t\t\t<div class=\"col-inner\"  >\n\t\t\t\n\t\t\t\n\t<div id=\"gap-2039100665\" class=\"gap-element clearfix hide-for-small\" style=\"display:block; height:auto;\">\n\t\t\n<style>\n#gap-2039100665 {\n  padding-top: 50px;\n}\n<\/style>\n\t<\/div>\n\t\n\t\t<\/div>\n\t\t\t\t\t<\/div>\n\n\t\n<\/div>\n","protected":false},"excerpt":{"rendered":"<p>Beistelltisch mit Keramikplatte und Eschenholzbein, erh\u00e4ltlich in 4 verschiedenen Gr\u00f6\u00dfen.<\/p>\n","protected":false},"featured_media":7444,"template":"","meta":{"_acf_changed":false},"product_brand":[],"product_cat":[327,345],"product_tag":[],"class_list":{"0":"post-7466","1":"product","2":"type-product","3":"status-publish","4":"has-post-thumbnail","6":"product_cat-bertiz-de","7":"product_cat-mesa-auxiliar-de","9":"first","10":"instock","11":"product-type-simple"},"acf":[],"yoast_head":"<!-- This site is optimized with the Yoast SEO plugin v27.2 - https:\/\/yoast.com\/product\/yoast-seo-wordpress\/ -->\n<title>BERTIZ | Beistelltisch mit Keramikplatte und Holzbeinen<\/title>\n<meta name=\"description\" content=\"Beistelltisch mit Keramikplatte und Eschenholzbein, erh\u00e4ltlich in 4 verschiedenen Gr\u00f6\u00dfen. Seine H\u00f6he betr\u00e4gt 43 cm.\" \/>\n<meta name=\"robots\" content=\"index, follow, max-snippet:-1, max-image-preview:large, max-video-preview:-1\" \/>\n<link rel=\"canonical\" href=\"https:\/\/www.dressy.design\/de\/p\/bertiz-beisteltisch\/\" \/>\n<meta property=\"og:locale\" content=\"de_DE\" \/>\n<meta property=\"og:type\" content=\"article\" \/>\n<meta property=\"og:title\" content=\"BERTIZ | Beistelltisch mit Keramikplatte und Holzbeinen\" \/>\n<meta property=\"og:description\" content=\"Beistelltisch mit Keramikplatte und Eschenholzbein, erh\u00e4ltlich in 4 verschiedenen Gr\u00f6\u00dfen. Seine H\u00f6he betr\u00e4gt 43 cm.\" \/>\n<meta property=\"og:url\" content=\"https:\/\/www.dressy.design\/de\/p\/bertiz-beisteltisch\/\" \/>\n<meta property=\"og:site_name\" content=\"Dressy\" \/>\n<meta property=\"article:modified_time\" content=\"2025-05-16T08:43:26+00:00\" \/>\n<meta property=\"og:image\" content=\"https:\/\/www.dressy.design\/wp-content\/uploads\/2025\/05\/0_Mesa-AUX-Bertiz_1195x1195-px.jpg\" \/>\n\t<meta property=\"og:image:width\" content=\"1195\" \/>\n\t<meta property=\"og:image:height\" content=\"1195\" \/>\n\t<meta property=\"og:image:type\" content=\"image\/jpeg\" \/>\n<meta name=\"twitter:card\" content=\"summary_large_image\" \/>\n<meta name=\"twitter:label1\" content=\"Gesch\u00e4tzte Lesezeit\" \/>\n\t<meta name=\"twitter:data1\" content=\"1\u00a0Minute\" \/>\n<script type=\"application\/ld+json\" class=\"yoast-schema-graph\">{\"@context\":\"https:\/\/schema.org\",\"@graph\":[{\"@type\":\"WebPage\",\"@id\":\"https:\/\/www.dressy.design\/de\/p\/bertiz-beisteltisch\/\",\"url\":\"https:\/\/www.dressy.design\/de\/p\/bertiz-beisteltisch\/\",\"name\":\"BERTIZ | Beistelltisch mit Keramikplatte und Holzbeinen\",\"isPartOf\":{\"@id\":\"https:\/\/www.dressy.design\/de\/#website\"},\"primaryImageOfPage\":{\"@id\":\"https:\/\/www.dressy.design\/de\/p\/bertiz-beisteltisch\/#primaryimage\"},\"image\":{\"@id\":\"https:\/\/www.dressy.design\/de\/p\/bertiz-beisteltisch\/#primaryimage\"},\"thumbnailUrl\":\"https:\/\/www.dressy.design\/wp-content\/uploads\/2025\/05\/0_Mesa-AUX-Bertiz_1195x1195-px.jpg\",\"datePublished\":\"2025-05-15T11:59:08+00:00\",\"dateModified\":\"2025-05-16T08:43:26+00:00\",\"description\":\"Beistelltisch mit Keramikplatte und Eschenholzbein, erh\u00e4ltlich in 4 verschiedenen Gr\u00f6\u00dfen. Seine H\u00f6he betr\u00e4gt 43 cm.\",\"breadcrumb\":{\"@id\":\"https:\/\/www.dressy.design\/de\/p\/bertiz-beisteltisch\/#breadcrumb\"},\"inLanguage\":\"de\",\"potentialAction\":[{\"@type\":\"ReadAction\",\"target\":[\"https:\/\/www.dressy.design\/de\/p\/bertiz-beisteltisch\/\"]}]},{\"@type\":\"ImageObject\",\"inLanguage\":\"de\",\"@id\":\"https:\/\/www.dressy.design\/de\/p\/bertiz-beisteltisch\/#primaryimage\",\"url\":\"https:\/\/www.dressy.design\/wp-content\/uploads\/2025\/05\/0_Mesa-AUX-Bertiz_1195x1195-px.jpg\",\"contentUrl\":\"https:\/\/www.dressy.design\/wp-content\/uploads\/2025\/05\/0_Mesa-AUX-Bertiz_1195x1195-px.jpg\",\"width\":1195,\"height\":1195},{\"@type\":\"BreadcrumbList\",\"@id\":\"https:\/\/www.dressy.design\/de\/p\/bertiz-beisteltisch\/#breadcrumb\",\"itemListElement\":[{\"@type\":\"ListItem\",\"position\":1,\"name\":\"Portada\",\"item\":\"https:\/\/www.dressy.design\/de\/\"},{\"@type\":\"ListItem\",\"position\":2,\"name\":\"Tienda\",\"item\":\"https:\/\/www.dressy.design\/es\/?page_id=180\"},{\"@type\":\"ListItem\",\"position\":3,\"name\":\"BERTIZ\"}]},{\"@type\":\"WebSite\",\"@id\":\"https:\/\/www.dressy.design\/de\/#website\",\"url\":\"https:\/\/www.dressy.design\/de\/\",\"name\":\"Dressy\",\"description\":\"Sillas y mesas de m\u00e1xima calidad y dise\u00f1o\",\"potentialAction\":[{\"@type\":\"SearchAction\",\"target\":{\"@type\":\"EntryPoint\",\"urlTemplate\":\"https:\/\/www.dressy.design\/de\/?s={search_term_string}\"},\"query-input\":{\"@type\":\"PropertyValueSpecification\",\"valueRequired\":true,\"valueName\":\"search_term_string\"}}],\"inLanguage\":\"de\"}]}<\/script>\n<!-- \/ Yoast SEO plugin. -->","yoast_head_json":{"title":"BERTIZ | Beistelltisch mit Keramikplatte und Holzbeinen","description":"Beistelltisch mit Keramikplatte und Eschenholzbein, erh\u00e4ltlich in 4 verschiedenen Gr\u00f6\u00dfen. Seine H\u00f6he betr\u00e4gt 43 cm.","robots":{"index":"index","follow":"follow","max-snippet":"max-snippet:-1","max-image-preview":"max-image-preview:large","max-video-preview":"max-video-preview:-1"},"canonical":"https:\/\/www.dressy.design\/de\/p\/bertiz-beisteltisch\/","og_locale":"de_DE","og_type":"article","og_title":"BERTIZ | Beistelltisch mit Keramikplatte und Holzbeinen","og_description":"Beistelltisch mit Keramikplatte und Eschenholzbein, erh\u00e4ltlich in 4 verschiedenen Gr\u00f6\u00dfen. Seine H\u00f6he betr\u00e4gt 43 cm.","og_url":"https:\/\/www.dressy.design\/de\/p\/bertiz-beisteltisch\/","og_site_name":"Dressy","article_modified_time":"2025-05-16T08:43:26+00:00","og_image":[{"width":1195,"height":1195,"url":"https:\/\/www.dressy.design\/wp-content\/uploads\/2025\/05\/0_Mesa-AUX-Bertiz_1195x1195-px.jpg","type":"image\/jpeg"}],"twitter_card":"summary_large_image","twitter_misc":{"Gesch\u00e4tzte Lesezeit":"1\u00a0Minute"},"schema":{"@context":"https:\/\/schema.org","@graph":[{"@type":"WebPage","@id":"https:\/\/www.dressy.design\/de\/p\/bertiz-beisteltisch\/","url":"https:\/\/www.dressy.design\/de\/p\/bertiz-beisteltisch\/","name":"BERTIZ | Beistelltisch mit Keramikplatte und Holzbeinen","isPartOf":{"@id":"https:\/\/www.dressy.design\/de\/#website"},"primaryImageOfPage":{"@id":"https:\/\/www.dressy.design\/de\/p\/bertiz-beisteltisch\/#primaryimage"},"image":{"@id":"https:\/\/www.dressy.design\/de\/p\/bertiz-beisteltisch\/#primaryimage"},"thumbnailUrl":"https:\/\/www.dressy.design\/wp-content\/uploads\/2025\/05\/0_Mesa-AUX-Bertiz_1195x1195-px.jpg","datePublished":"2025-05-15T11:59:08+00:00","dateModified":"2025-05-16T08:43:26+00:00","description":"Beistelltisch mit Keramikplatte und Eschenholzbein, erh\u00e4ltlich in 4 verschiedenen Gr\u00f6\u00dfen. Seine H\u00f6he betr\u00e4gt 43 cm.","breadcrumb":{"@id":"https:\/\/www.dressy.design\/de\/p\/bertiz-beisteltisch\/#breadcrumb"},"inLanguage":"de","potentialAction":[{"@type":"ReadAction","target":["https:\/\/www.dressy.design\/de\/p\/bertiz-beisteltisch\/"]}]},{"@type":"ImageObject","inLanguage":"de","@id":"https:\/\/www.dressy.design\/de\/p\/bertiz-beisteltisch\/#primaryimage","url":"https:\/\/www.dressy.design\/wp-content\/uploads\/2025\/05\/0_Mesa-AUX-Bertiz_1195x1195-px.jpg","contentUrl":"https:\/\/www.dressy.design\/wp-content\/uploads\/2025\/05\/0_Mesa-AUX-Bertiz_1195x1195-px.jpg","width":1195,"height":1195},{"@type":"BreadcrumbList","@id":"https:\/\/www.dressy.design\/de\/p\/bertiz-beisteltisch\/#breadcrumb","itemListElement":[{"@type":"ListItem","position":1,"name":"Portada","item":"https:\/\/www.dressy.design\/de\/"},{"@type":"ListItem","position":2,"name":"Tienda","item":"https:\/\/www.dressy.design\/es\/?page_id=180"},{"@type":"ListItem","position":3,"name":"BERTIZ"}]},{"@type":"WebSite","@id":"https:\/\/www.dressy.design\/de\/#website","url":"https:\/\/www.dressy.design\/de\/","name":"Dressy","description":"Sillas y mesas de m\u00e1xima calidad y dise\u00f1o","potentialAction":[{"@type":"SearchAction","target":{"@type":"EntryPoint","urlTemplate":"https:\/\/www.dressy.design\/de\/?s={search_term_string}"},"query-input":{"@type":"PropertyValueSpecification","valueRequired":true,"valueName":"search_term_string"}}],"inLanguage":"de"}]}},"_links":{"self":[{"href":"https:\/\/www.dressy.design\/de\/wp-json\/wp\/v2\/product\/7466","targetHints":{"allow":["GET"]}}],"collection":[{"href":"https:\/\/www.dressy.design\/de\/wp-json\/wp\/v2\/product"}],"about":[{"href":"https:\/\/www.dressy.design\/de\/wp-json\/wp\/v2\/types\/product"}],"wp:featuredmedia":[{"embeddable":true,"href":"https:\/\/www.dressy.design\/de\/wp-json\/wp\/v2\/media\/7444"}],"wp:attachment":[{"href":"https:\/\/www.dressy.design\/de\/wp-json\/wp\/v2\/media?parent=7466"}],"wp:term":[{"taxonomy":"product_brand","embeddable":true,"href":"https:\/\/www.dressy.design\/de\/wp-json\/wp\/v2\/product_brand?post=7466"},{"taxonomy":"product_cat","embeddable":true,"href":"https:\/\/www.dressy.design\/de\/wp-json\/wp\/v2\/product_cat?post=7466"},{"taxonomy":"product_tag","embeddable":true,"href":"https:\/\/www.dressy.design\/de\/wp-json\/wp\/v2\/product_tag?post=7466"}],"curies":[{"name":"wp","href":"https:\/\/api.w.org\/{rel}","templated":true}]}}