{"id":7650,"date":"2025-11-13T14:17:27","date_gmt":"2025-11-13T13:17:27","guid":{"rendered":"https:\/\/www.dressy.design\/p\/joplin-mesa-auxiliar\/"},"modified":"2025-11-19T08:26:23","modified_gmt":"2025-11-19T07:26:23","slug":"joplin-couchtische","status":"publish","type":"product","link":"https:\/\/www.dressy.design\/de\/p\/joplin-couchtische\/","title":{"rendered":"JOPLIN"},"content":{"rendered":"\t<div id=\"gap-1613094436\" class=\"gap-element clearfix hide-for-small\" style=\"display:block; height:auto;\">\n\t\t\n<style>\n#gap-1613094436 {\n  padding-top: 50px;\n}\n<\/style>\n\t<\/div>\n\t\n\t<div id=\"gap-692477204\" class=\"gap-element clearfix hide-for-small\" style=\"display:block; height:auto;\">\n\t\t\n<style>\n#gap-692477204 {\n  padding-top: 30px;\n}\n<\/style>\n\t<\/div>\n\t\n\t<div id=\"text-375349902\" class=\"text justify\">\n\t\t\n<p>Der Beistelltisch Joplin reiht sich in die Kollektion der von Sergio Rochas entworfenen Tische ein, die sich an der Tischbasis und den 10 mm starken Blechen orientieren. Ein runder Metallsockel (\u00d830 cm) und ein quadratischer Metallsockel (30&#215;30 cm), die in drei verschiedenen H\u00f6hen (H33\/H40\/H55) erh\u00e4ltlich sind, bilden diese Beistelltischkollektion. Die Keramikplatte ist in 8 Gr\u00f6\u00dfen erh\u00e4ltlich.<\/p>\n\t\t\t<\/div>\n\t\n<div class=\"row descripcion-parte-1\"  id=\"row-1757248571\">\n\n\t<div id=\"col-1080344609\" class=\"col medium-6 small-12 large-6\"  data-animate=\"fadeInDown\">\n\t\t\t\t<div class=\"col-inner\"  >\n\t\t\t\n\t\t\t\n\t<div class=\"img has-hover x md-x lg-x y md-y lg-y\" id=\"image_1902289972\">\n\t\t\t\t\t\t\t\t<div class=\"img-inner image-zoom dark\" >\n\t\t\t<img loading=\"lazy\" decoding=\"async\" width=\"700\" height=\"800\" src=\"https:\/\/www.dressy.design\/wp-content\/uploads\/2025\/11\/Mesa-Auxiliar-Joplin_Galeria_10.jpg\" class=\"attachment-large size-large\" alt=\"\" srcset=\"https:\/\/www.dressy.design\/wp-content\/uploads\/2025\/11\/Mesa-Auxiliar-Joplin_Galeria_10.jpg 700w, https:\/\/www.dressy.design\/wp-content\/uploads\/2025\/11\/Mesa-Auxiliar-Joplin_Galeria_10-150x171.jpg 150w, https:\/\/www.dressy.design\/wp-content\/uploads\/2025\/11\/Mesa-Auxiliar-Joplin_Galeria_10-300x343.jpg 300w, https:\/\/www.dressy.design\/wp-content\/uploads\/2025\/11\/Mesa-Auxiliar-Joplin_Galeria_10-600x686.jpg 600w\" sizes=\"auto, (max-width: 700px) 100vw, 700px\" \/>\t\t\t\t\t\t\n\t\t\t\t\t<\/div>\n\t\t\t\t\t\t\t\t\n<style>\n#image_1902289972 {\n  width: 100%;\n}\n<\/style>\n\t<\/div>\n\t\n\t\t<\/div>\n\t\t\t\t\t<\/div>\n\n\t\n\n\t<div id=\"col-274946254\" class=\"col medium-6 small-12 large-6\"  data-animate=\"fadeInDown\">\n\t\t\t\t<div class=\"col-inner\"  >\n\t\t\t\n\t\t\t\n\t<div class=\"img has-hover x md-x lg-x y md-y lg-y\" id=\"image_1033596937\">\n\t\t\t\t\t\t\t\t<div class=\"img-inner image-zoom image-cover dark\" style=\"padding-top:794px;\">\n\t\t\t<img loading=\"lazy\" decoding=\"async\" width=\"550\" height=\"800\" src=\"https:\/\/www.dressy.design\/wp-content\/uploads\/2025\/11\/Mesa-Auxiliar-Joplin_Galeria_08.jpg\" class=\"attachment-large size-large\" alt=\"\" srcset=\"https:\/\/www.dressy.design\/wp-content\/uploads\/2025\/11\/Mesa-Auxiliar-Joplin_Galeria_08.jpg 550w, https:\/\/www.dressy.design\/wp-content\/uploads\/2025\/11\/Mesa-Auxiliar-Joplin_Galeria_08-150x218.jpg 150w, https:\/\/www.dressy.design\/wp-content\/uploads\/2025\/11\/Mesa-Auxiliar-Joplin_Galeria_08-300x436.jpg 300w\" sizes=\"auto, (max-width: 550px) 100vw, 550px\" \/>\t\t\t\t\t\t\n\t\t\t\t\t<\/div>\n\t\t\t\t\t\t\t\t\n<style>\n#image_1033596937 {\n  width: 100%;\n}\n<\/style>\n\t<\/div>\n\t\n\t\t<\/div>\n\t\t\t\t\t<\/div>\n\n\t\n<\/div>\n","protected":false},"excerpt":{"rendered":"<p>Beistelltisch mit Keramikplatte und Metallfu\u00df, erh\u00e4ltlich in acht Gr\u00f6\u00dfen und drei verschiedenen H\u00f6hen.<\/p>\n<p><strong>Designer<\/strong><br \/>\n<a href=\"\"><\/a><\/p>\n","protected":false},"featured_media":7568,"template":"","meta":{"_acf_changed":false},"product_brand":[],"product_cat":[347,345,267],"product_tag":[],"class_list":{"0":"post-7650","1":"product","2":"type-product","3":"status-publish","4":"has-post-thumbnail","6":"product_cat-joplin-de","7":"product_cat-mesa-auxiliar-de","8":"product_cat-sergio-rochas","10":"first","11":"instock","12":"product-type-simple"},"acf":[],"yoast_head":"<!-- This site is optimized with the Yoast SEO plugin v27.2 - https:\/\/yoast.com\/product\/yoast-seo-wordpress\/ -->\n<title>JOPLIN | Couchtische by Sergio Rochas<\/title>\n<meta name=\"description\" content=\"Der Beistelltisch Joplin reiht sich in die Kollektion der von Sergio Rochas entworfenen Tische ein, die sich an der Tischbasis und den 10 mm starken Blechen orientieren.\" \/>\n<meta name=\"robots\" content=\"index, follow, max-snippet:-1, max-image-preview:large, max-video-preview:-1\" \/>\n<link rel=\"canonical\" href=\"https:\/\/www.dressy.design\/de\/p\/joplin-couchtische\/\" \/>\n<meta property=\"og:locale\" content=\"de_DE\" \/>\n<meta property=\"og:type\" content=\"article\" \/>\n<meta property=\"og:title\" content=\"JOPLIN | Couchtische by Sergio Rochas\" \/>\n<meta property=\"og:description\" content=\"Der Beistelltisch Joplin reiht sich in die Kollektion der von Sergio Rochas entworfenen Tische ein, die sich an der Tischbasis und den 10 mm starken Blechen orientieren.\" \/>\n<meta property=\"og:url\" content=\"https:\/\/www.dressy.design\/de\/p\/joplin-couchtische\/\" \/>\n<meta property=\"og:site_name\" content=\"Dressy\" \/>\n<meta property=\"article:modified_time\" content=\"2025-11-19T07:26:23+00:00\" \/>\n<meta property=\"og:image\" content=\"https:\/\/www.dressy.design\/wp-content\/uploads\/2025\/11\/0_Mesa-Aux-Joplin_1195x1195-px.jpg\" \/>\n\t<meta property=\"og:image:width\" content=\"1195\" \/>\n\t<meta property=\"og:image:height\" content=\"1195\" \/>\n\t<meta property=\"og:image:type\" content=\"image\/jpeg\" \/>\n<meta name=\"twitter:card\" content=\"summary_large_image\" \/>\n<meta name=\"twitter:label1\" content=\"Gesch\u00e4tzte Lesezeit\" \/>\n\t<meta name=\"twitter:data1\" content=\"1\u00a0Minute\" \/>\n<script type=\"application\/ld+json\" class=\"yoast-schema-graph\">{\"@context\":\"https:\/\/schema.org\",\"@graph\":[{\"@type\":\"WebPage\",\"@id\":\"https:\/\/www.dressy.design\/de\/p\/joplin-couchtische\/\",\"url\":\"https:\/\/www.dressy.design\/de\/p\/joplin-couchtische\/\",\"name\":\"JOPLIN | Couchtische by Sergio Rochas\",\"isPartOf\":{\"@id\":\"https:\/\/www.dressy.design\/de\/#website\"},\"primaryImageOfPage\":{\"@id\":\"https:\/\/www.dressy.design\/de\/p\/joplin-couchtische\/#primaryimage\"},\"image\":{\"@id\":\"https:\/\/www.dressy.design\/de\/p\/joplin-couchtische\/#primaryimage\"},\"thumbnailUrl\":\"https:\/\/www.dressy.design\/wp-content\/uploads\/2025\/11\/0_Mesa-Aux-Joplin_1195x1195-px.jpg\",\"datePublished\":\"2025-11-13T13:17:27+00:00\",\"dateModified\":\"2025-11-19T07:26:23+00:00\",\"description\":\"Der Beistelltisch Joplin reiht sich in die Kollektion der von Sergio Rochas entworfenen Tische ein, die sich an der Tischbasis und den 10 mm starken Blechen orientieren.\",\"breadcrumb\":{\"@id\":\"https:\/\/www.dressy.design\/de\/p\/joplin-couchtische\/#breadcrumb\"},\"inLanguage\":\"de\",\"potentialAction\":[{\"@type\":\"ReadAction\",\"target\":[\"https:\/\/www.dressy.design\/de\/p\/joplin-couchtische\/\"]}]},{\"@type\":\"ImageObject\",\"inLanguage\":\"de\",\"@id\":\"https:\/\/www.dressy.design\/de\/p\/joplin-couchtische\/#primaryimage\",\"url\":\"https:\/\/www.dressy.design\/wp-content\/uploads\/2025\/11\/0_Mesa-Aux-Joplin_1195x1195-px.jpg\",\"contentUrl\":\"https:\/\/www.dressy.design\/wp-content\/uploads\/2025\/11\/0_Mesa-Aux-Joplin_1195x1195-px.jpg\",\"width\":1195,\"height\":1195},{\"@type\":\"BreadcrumbList\",\"@id\":\"https:\/\/www.dressy.design\/de\/p\/joplin-couchtische\/#breadcrumb\",\"itemListElement\":[{\"@type\":\"ListItem\",\"position\":1,\"name\":\"Portada\",\"item\":\"https:\/\/www.dressy.design\/de\/\"},{\"@type\":\"ListItem\",\"position\":2,\"name\":\"Tienda\",\"item\":\"https:\/\/www.dressy.design\/es\/?page_id=180\"},{\"@type\":\"ListItem\",\"position\":3,\"name\":\"JOPLIN\"}]},{\"@type\":\"WebSite\",\"@id\":\"https:\/\/www.dressy.design\/de\/#website\",\"url\":\"https:\/\/www.dressy.design\/de\/\",\"name\":\"Dressy\",\"description\":\"Sillas y mesas de m\u00e1xima calidad y dise\u00f1o\",\"potentialAction\":[{\"@type\":\"SearchAction\",\"target\":{\"@type\":\"EntryPoint\",\"urlTemplate\":\"https:\/\/www.dressy.design\/de\/?s={search_term_string}\"},\"query-input\":{\"@type\":\"PropertyValueSpecification\",\"valueRequired\":true,\"valueName\":\"search_term_string\"}}],\"inLanguage\":\"de\"}]}<\/script>\n<!-- \/ Yoast SEO plugin. -->","yoast_head_json":{"title":"JOPLIN | Couchtische by Sergio Rochas","description":"Der Beistelltisch Joplin reiht sich in die Kollektion der von Sergio Rochas entworfenen Tische ein, die sich an der Tischbasis und den 10 mm starken Blechen orientieren.","robots":{"index":"index","follow":"follow","max-snippet":"max-snippet:-1","max-image-preview":"max-image-preview:large","max-video-preview":"max-video-preview:-1"},"canonical":"https:\/\/www.dressy.design\/de\/p\/joplin-couchtische\/","og_locale":"de_DE","og_type":"article","og_title":"JOPLIN | Couchtische by Sergio Rochas","og_description":"Der Beistelltisch Joplin reiht sich in die Kollektion der von Sergio Rochas entworfenen Tische ein, die sich an der Tischbasis und den 10 mm starken Blechen orientieren.","og_url":"https:\/\/www.dressy.design\/de\/p\/joplin-couchtische\/","og_site_name":"Dressy","article_modified_time":"2025-11-19T07:26:23+00:00","og_image":[{"width":1195,"height":1195,"url":"https:\/\/www.dressy.design\/wp-content\/uploads\/2025\/11\/0_Mesa-Aux-Joplin_1195x1195-px.jpg","type":"image\/jpeg"}],"twitter_card":"summary_large_image","twitter_misc":{"Gesch\u00e4tzte Lesezeit":"1\u00a0Minute"},"schema":{"@context":"https:\/\/schema.org","@graph":[{"@type":"WebPage","@id":"https:\/\/www.dressy.design\/de\/p\/joplin-couchtische\/","url":"https:\/\/www.dressy.design\/de\/p\/joplin-couchtische\/","name":"JOPLIN | Couchtische by Sergio Rochas","isPartOf":{"@id":"https:\/\/www.dressy.design\/de\/#website"},"primaryImageOfPage":{"@id":"https:\/\/www.dressy.design\/de\/p\/joplin-couchtische\/#primaryimage"},"image":{"@id":"https:\/\/www.dressy.design\/de\/p\/joplin-couchtische\/#primaryimage"},"thumbnailUrl":"https:\/\/www.dressy.design\/wp-content\/uploads\/2025\/11\/0_Mesa-Aux-Joplin_1195x1195-px.jpg","datePublished":"2025-11-13T13:17:27+00:00","dateModified":"2025-11-19T07:26:23+00:00","description":"Der Beistelltisch Joplin reiht sich in die Kollektion der von Sergio Rochas entworfenen Tische ein, die sich an der Tischbasis und den 10 mm starken Blechen orientieren.","breadcrumb":{"@id":"https:\/\/www.dressy.design\/de\/p\/joplin-couchtische\/#breadcrumb"},"inLanguage":"de","potentialAction":[{"@type":"ReadAction","target":["https:\/\/www.dressy.design\/de\/p\/joplin-couchtische\/"]}]},{"@type":"ImageObject","inLanguage":"de","@id":"https:\/\/www.dressy.design\/de\/p\/joplin-couchtische\/#primaryimage","url":"https:\/\/www.dressy.design\/wp-content\/uploads\/2025\/11\/0_Mesa-Aux-Joplin_1195x1195-px.jpg","contentUrl":"https:\/\/www.dressy.design\/wp-content\/uploads\/2025\/11\/0_Mesa-Aux-Joplin_1195x1195-px.jpg","width":1195,"height":1195},{"@type":"BreadcrumbList","@id":"https:\/\/www.dressy.design\/de\/p\/joplin-couchtische\/#breadcrumb","itemListElement":[{"@type":"ListItem","position":1,"name":"Portada","item":"https:\/\/www.dressy.design\/de\/"},{"@type":"ListItem","position":2,"name":"Tienda","item":"https:\/\/www.dressy.design\/es\/?page_id=180"},{"@type":"ListItem","position":3,"name":"JOPLIN"}]},{"@type":"WebSite","@id":"https:\/\/www.dressy.design\/de\/#website","url":"https:\/\/www.dressy.design\/de\/","name":"Dressy","description":"Sillas y mesas de m\u00e1xima calidad y dise\u00f1o","potentialAction":[{"@type":"SearchAction","target":{"@type":"EntryPoint","urlTemplate":"https:\/\/www.dressy.design\/de\/?s={search_term_string}"},"query-input":{"@type":"PropertyValueSpecification","valueRequired":true,"valueName":"search_term_string"}}],"inLanguage":"de"}]}},"_links":{"self":[{"href":"https:\/\/www.dressy.design\/de\/wp-json\/wp\/v2\/product\/7650","targetHints":{"allow":["GET"]}}],"collection":[{"href":"https:\/\/www.dressy.design\/de\/wp-json\/wp\/v2\/product"}],"about":[{"href":"https:\/\/www.dressy.design\/de\/wp-json\/wp\/v2\/types\/product"}],"wp:featuredmedia":[{"embeddable":true,"href":"https:\/\/www.dressy.design\/de\/wp-json\/wp\/v2\/media\/7568"}],"wp:attachment":[{"href":"https:\/\/www.dressy.design\/de\/wp-json\/wp\/v2\/media?parent=7650"}],"wp:term":[{"taxonomy":"product_brand","embeddable":true,"href":"https:\/\/www.dressy.design\/de\/wp-json\/wp\/v2\/product_brand?post=7650"},{"taxonomy":"product_cat","embeddable":true,"href":"https:\/\/www.dressy.design\/de\/wp-json\/wp\/v2\/product_cat?post=7650"},{"taxonomy":"product_tag","embeddable":true,"href":"https:\/\/www.dressy.design\/de\/wp-json\/wp\/v2\/product_tag?post=7650"}],"curies":[{"name":"wp","href":"https:\/\/api.w.org\/{rel}","templated":true}]}}