{"id":5573,"date":"2022-06-02T08:34:35","date_gmt":"2022-06-02T06:34:35","guid":{"rendered":"https:\/\/www.dressy.design\/?page_id=5573"},"modified":"2022-06-02T08:35:10","modified_gmt":"2022-06-02T06:35:10","slug":"privacy-policy","status":"publish","type":"page","link":"https:\/\/www.dressy.design\/en\/privacy-policy\/","title":{"rendered":"Privacy policy"},"content":{"rendered":"\n\t<div id=\"gap-1802972251\" class=\"gap-element clearfix\" style=\"display:block; height:auto;\">\n\t\t\n<style>\n#gap-1802972251 {\n  padding-top: 180px;\n}\n<\/style>\n\t<\/div>\n\t\n\n\t<section class=\"section\" id=\"section_453551508\">\n\t\t<div class=\"bg section-bg fill bg-fill  bg-loaded\" >\n\n\t\t\t\n\t\t\t\n\t\t\t\n\n\t\t<\/div>\n\n\t\t<div class=\"section-content relative\">\n\t\t\t\n\n<div class=\"row align-center\"  id=\"row-2005534885\">\n\n\n\t<div id=\"col-1715637338\" class=\"col descargas medium-9 small-12 large-9\"  >\n\t\t\t\t<div class=\"col-inner\"  >\n\t\t\t\n\t\t\t\n\n\t<div id=\"text-1597769641\" class=\"text\">\n\t\t\n\n<h1 class=\"nmb\">Privacy policy<\/h1>\n\n\t\t\n<style>\n#text-1597769641 {\n  font-size: 1.5rem;\n  line-height: 0.75;\n}\n<\/style>\n\t<\/div>\n\t\n<div class=\"is-divider divider clearfix\" style=\"max-width:100%;background-color:rgb(0, 0, 0);\"><\/div>\n\n\t<div id=\"gap-593859860\" class=\"gap-element clearfix\" style=\"display:block; height:auto;\">\n\t\t\n<style>\n#gap-593859860 {\n  padding-top: 50px;\n}\n<\/style>\n\t<\/div>\n\t\n\n\n\n<p>\n<b>\u00bfQUI\u00c9N ES EL RESPONSABLE DEL TRATAMIENTO DE SUS DATOS?<\/b><br><br>\n\nRESPONSABLE DEL TRATAMIENTO de sus datos es: MOBILIARIO AUXILIAR\nDE DISE\u00d1O,S.L<br>\nCIF: B03502911<br>\nDirecci\u00f3n Postal: CTRA. N-340, KM. 704,4, 03330, Crevillent, ALICANTE<br>\nCorreo electr\u00f3nico: protecciondedatos@mobliberica.com<br>\n<\/p>\n<p>\n<br><b>\u00bfQU\u00c9 TIPO DE DATOS TRATAMOS?<\/b><br><br>\nDependiendo de los productos, servicios o funcionalidades de los que quiera disfrutar en cada\nmomento necesitaremos tratar unos datos u otros. En general dichos datos, ser\u00e1n, seg\u00fan el caso,\nlos siguientes:\n<\/p><ul>\n<li>Sus datos identificativos (Por ejemplo: Su nombre, apellido, idioma, pa\u00eds desde el que\ninteract\u00faas con nosotros, datos de contacto, etc.)<\/li>\n<li>Datos de conexi\u00f3n, geolocalizaci\u00f3n y navegaci\u00f3n (en caso de que interact\u00faes con nosotros\ndesde el m\u00f3vil, por ejemplo).<\/li>\n<li> Datos sobre sus gustos y preferencias.<\/li>\n<\/ul>\n<p> Recuerda que, cuando le pidamos que rellene sus datos personales para darle acceso a alguna\nfuncionalidad o servicio de la web, marcaremos algunos campos como obligatorios, puesto que\nson datos que necesitamos para poder prestarle el servicio o darle acceso a la funcionalidad en\ncuesti\u00f3n.<br>\nPor favor, tenga en cuenta que, si decide no facilitarnos esos datos, es posible que no pueda\ncompletar su registro como usuario o que no pueda disfrutar de esos servicios o funcionalidades.\n<\/p>\n\n<p>\n<br><b>\u00bfCON QU\u00c9 FINALIDAD TRATAMOS SUS DATOS PERSONALES?<\/b><br><br>\nDependiendo de c\u00f3mo interact\u00fae con nuestra web, trataremos sus datos personales para las\nsiguientes finalidades:<br>\n1. Para atender las solicitudes o peticiones que realice a trav\u00e9s de los distintos medios\nincorporados a nuestra web.<br>\nS\u00f3lo tratamos los datos personales que sean estrictamente necesarios para gestionar o resolver su\nsolicitud o petici\u00f3n.<br>\n2. An\u00e1lisis de usabilidad y de calidad para la mejora de nuestros servicios (Cookies)<br>\n\nSi accede a nuestra Plataforma, le informamos de que trataremos sus datos de navegaci\u00f3n para\nfines anal\u00edticos y estad\u00edsticos, es decir, para entender la forma en la que los usuarios interact\u00faan\ncon nuestra Plataforma y as\u00ed ser capaces de introducir mejoras en la misma. As\u00ed mismo, en\nocasiones, realizamos acciones y encuestas de calidad destinadas a conocer el grado de\nsatisfacci\u00f3n de nuestros clientes y usuarios y detectar aquellas \u00e1reas en las que podemos mejorar.\n<br>\n<\/p>\n<p>\n<br><b>\u00bfCU\u00c1L ES LA LEGITIMACI\u00d3N PARA EL TRATAMIENTO DE SUS DATOS?<\/b><br><br>\nLa base legal que nos permite tratar sus datos personales tambi\u00e9n depende de la finalidad para la\nque los tratemos, de este modo encontraremos distintas bases legales en virtud de las siguientes\nfinalidades:<br>\n1. Atenci\u00f3n solicitudes de informaci\u00f3n.<br>\nLa base legal para el tratamiento de sus datos es el consentimiento informado para dar respuesta\na las consultas planteadas a trav\u00e9s de la p\u00e1gina web, lo que supone la aceptaci\u00f3n de estas\ncondiciones por parte del interesado.<br>\n2. An\u00e1lisis de usabilidad y de calidad (Cookies)<br>\nConsentimiento del usuario para la implantaci\u00f3n de cookies.\n<br>\n<\/p>\n<p>\n<br><b>\u00bfDURANTE CU\u00c1NTO TIEMPO CONSERVAREMOS SUS DATOS?<\/b><br><br>\n1. Solicitud de informaci\u00f3n.<br>\nTrataremos sus datos durante el tiempo que sea necesario para atender su solicitud o petici\u00f3n y\nposteriormente 1 a\u00f1o.<br>\n<br><b>\u00bfCOMPARTIREMOS SUS DATOS CON TERCEROS?<\/b><br><br>\nPara cumplir las finalidades indicadas en la presente Pol\u00edtica de Privacidad, es necesario que\ndemos acceso a sus datos personales a terceras partes que nos presten apoyo en los servicios que\nle ofrecemos y que detallamos a continuaci\u00f3n:<br>\n<\/p><ul>\n<li> Para llevar a cabo la prestaci\u00f3n del servicio correspondiente y poner en contacto a los\nsolicitantes con ofertantes de servicios.<\/li>\n<li> Proveedores de servicios tecnol\u00f3gicos<\/li>\n<\/ul>\n<p><\/p>\n<p>\n<br><b>\u00bfCU\u00c1LES SON TUS DERECHOS CUANDO NOS FACILITA TUS DATOS?<\/b><br><br>\nNos comprometemos a respetar la confidencialidad de sus datos personales y a garantizarle el\nejercicio de sus derechos.<br>\nPodr\u00e1 ejercitarlos sin coste alguno remiti\u00e9ndonos un correo electr\u00f3nico a nuestra direcci\u00f3n ,\nsimplemente indic\u00e1ndonos el motivo de su solicitud y el derecho que quiere ejercitar.\nEn caso de que lo consideremos necesario para poder identificarle, podremos solicitarle copia de\nun documento acreditativo de su identidad. En particular, independientemente de la finalidad o la\nbase legal en virtud de la que tratemos sus datos, usted tiene derecho a:\nPedirnos acceso a los datos suyos de los que disponemos.<br>\n\nPedirnos que rectifiquemos los datos de los que ya disponemos. Tenga en cuenta que, al\nfacilitarnos activamente sus datos personales por cualquier v\u00eda, garantiza que son ciertos y exactos\ny se comprometes a notificarnos cualquier cambio o modificaci\u00f3n de los mismos.\nPedirnos que suprimamos sus datos en la medida en que ya no sean necesarios para la finalidad\npara los que necesitemos tratarlos seg\u00fan te hemos informado con anterioridad, o en que ya no\ncontemos con legitimaci\u00f3n para hacerlo.<br>\nPedirnos que limitemos el tratamiento de sus datos, lo que supone que en determinados casos\npueda solicitarnos que suspendamos temporalmente el tratamiento de los datos o que los\nconservemos m\u00e1s all\u00e1 del tiempo necesario cuando puedas necesitarlo. Si nos ha proporcionado\nsu consentimiento para el tratamiento de sus datos para cualquier finalidad, tambi\u00e9n tiene\nderecho a retirarlo en cualquier momento.<br>\nPor otra parte, cuando el tratamiento de sus datos est\u00e9 basado en nuestro inter\u00e9s leg\u00edtimo,\ntambi\u00e9n tendr\u00e1s derecho a oponerte al tratamiento de sus datos.\nPor \u00faltimo, le informamos de su derecho a presentar una reclamaci\u00f3n ante la autoridad de control\nen materia de protecci\u00f3n de datos pertinente, en particular, ante la Agencia Espa\u00f1ola de\nProtecci\u00f3n de Datos <a href=\"https:\/\/www.agpd.es\/portalwebAGPD\/index-ides-idphp.php\"> https:\/\/www.agpd.es\/portalwebAGPD\/index-ides-idphp.php <\/a><br>\n<br><b>CAMBIOS A LA POL\u00cdTICA DE PRIVACIDAD.<\/b><br><br>\nEs posible que modifiquemos la informaci\u00f3n contenida en esta Pol\u00edtica de Privacidad cuando lo\nestimemos conveniente. En caso de que lo hagamos, se lo notificaremos por distintas v\u00edas a trav\u00e9s\nde la Plataforma, o incluso se lo comunicaremos a tu direcci\u00f3n de correo electr\u00f3nico cuando el\ncambio en cuesti\u00f3n sea significativo para con su privacidad, de manera que pueda revisar los\ncambios, valorarlos y, en su caso, oponerse o darse de baja en alg\u00fan servicio o funcionalidad.<br>\n<br><b>INFORMACI\u00d3N SOBRE COOKIES<\/b><br><br>\nUtilizamos cookies y dispositivos similares para facilitar su navegaci\u00f3n en la Plataforma, conocer\nc\u00f3mo interact\u00faas con nosotros y, en determinados casos, poder mostrarte publicidad en funci\u00f3n\nde tus h\u00e1bitos de navegaci\u00f3n. Por favor, lee nuestra Pol\u00edtica de Cookies para conocer con mayor\ndetalle las cookies y dispositivos similares que usamos, su finalidad y otra informaci\u00f3n de inter\u00e9s.\n<br>\n<\/p>\n\n\n\t\t<\/div>\n\t\t\t\t\t<\/div>\n\n\t\n\n<\/div>\n\n\t\t<\/div>\n\n\t\t\n<style>\n#section_453551508 {\n  padding-top: 30px;\n  padding-bottom: 30px;\n}\n<\/style>\n\t<\/section>\n\t\n\n","protected":false},"excerpt":{"rendered":"","protected":false},"author":7,"featured_media":0,"parent":0,"menu_order":0,"comment_status":"closed","ping_status":"closed","template":"page-transparent-header.php","meta":{"_acf_changed":false,"footnotes":""},"class_list":["post-5573","page","type-page","status-publish","hentry"],"acf":[],"yoast_head":"<!-- This site is optimized with the Yoast SEO plugin v27.2 - https:\/\/yoast.com\/product\/yoast-seo-wordpress\/ -->\n<title>Privacy policy | Dressy<\/title>\n<meta name=\"robots\" content=\"noindex, follow\" \/>\n<meta property=\"og:locale\" content=\"en_US\" \/>\n<meta property=\"og:type\" content=\"article\" \/>\n<meta property=\"og:title\" content=\"Privacy policy | Dressy\" \/>\n<meta property=\"og:url\" content=\"https:\/\/www.dressy.design\/en\/privacy-policy\/\" \/>\n<meta property=\"og:site_name\" content=\"Dressy\" \/>\n<meta property=\"article:modified_time\" content=\"2022-06-02T06:35:10+00:00\" \/>\n<meta property=\"og:image\" content=\"https:\/\/www.dressy.design\/wp-content\/uploads\/2025\/01\/IMAGEN-SEO-DRESSY.jpg\" \/>\n\t<meta property=\"og:image:width\" content=\"1200\" \/>\n\t<meta property=\"og:image:height\" content=\"628\" \/>\n\t<meta property=\"og:image:type\" content=\"image\/jpeg\" \/>\n<meta name=\"twitter:card\" content=\"summary_large_image\" \/>\n<meta name=\"twitter:label1\" content=\"Est. reading time\" \/>\n\t<meta name=\"twitter:data1\" content=\"5 minutes\" \/>\n<script type=\"application\/ld+json\" class=\"yoast-schema-graph\">{\"@context\":\"https:\/\/schema.org\",\"@graph\":[{\"@type\":\"WebPage\",\"@id\":\"https:\/\/www.dressy.design\/en\/privacy-policy\/\",\"url\":\"https:\/\/www.dressy.design\/en\/privacy-policy\/\",\"name\":\"Privacy policy | Dressy\",\"isPartOf\":{\"@id\":\"https:\/\/www.dressy.design\/en\/#website\"},\"datePublished\":\"2022-06-02T06:34:35+00:00\",\"dateModified\":\"2022-06-02T06:35:10+00:00\",\"breadcrumb\":{\"@id\":\"https:\/\/www.dressy.design\/en\/privacy-policy\/#breadcrumb\"},\"inLanguage\":\"en-US\",\"potentialAction\":[{\"@type\":\"ReadAction\",\"target\":[\"https:\/\/www.dressy.design\/en\/privacy-policy\/\"]}]},{\"@type\":\"BreadcrumbList\",\"@id\":\"https:\/\/www.dressy.design\/en\/privacy-policy\/#breadcrumb\",\"itemListElement\":[{\"@type\":\"ListItem\",\"position\":1,\"name\":\"Portada\",\"item\":\"https:\/\/www.dressy.design\/en\/\"},{\"@type\":\"ListItem\",\"position\":2,\"name\":\"Privacy policy\"}]},{\"@type\":\"WebSite\",\"@id\":\"https:\/\/www.dressy.design\/en\/#website\",\"url\":\"https:\/\/www.dressy.design\/en\/\",\"name\":\"Dressy\",\"description\":\"Sillas y mesas de m\u00e1xima calidad y dise\u00f1o\",\"potentialAction\":[{\"@type\":\"SearchAction\",\"target\":{\"@type\":\"EntryPoint\",\"urlTemplate\":\"https:\/\/www.dressy.design\/en\/?s={search_term_string}\"},\"query-input\":{\"@type\":\"PropertyValueSpecification\",\"valueRequired\":true,\"valueName\":\"search_term_string\"}}],\"inLanguage\":\"en-US\"}]}<\/script>\n<!-- \/ Yoast SEO plugin. -->","yoast_head_json":{"title":"Privacy policy | Dressy","robots":{"index":"noindex","follow":"follow"},"og_locale":"en_US","og_type":"article","og_title":"Privacy policy | Dressy","og_url":"https:\/\/www.dressy.design\/en\/privacy-policy\/","og_site_name":"Dressy","article_modified_time":"2022-06-02T06:35:10+00:00","og_image":[{"width":1200,"height":628,"url":"https:\/\/www.dressy.design\/wp-content\/uploads\/2025\/01\/IMAGEN-SEO-DRESSY.jpg","type":"image\/jpeg"}],"twitter_card":"summary_large_image","twitter_misc":{"Est. reading time":"5 minutes"},"schema":{"@context":"https:\/\/schema.org","@graph":[{"@type":"WebPage","@id":"https:\/\/www.dressy.design\/en\/privacy-policy\/","url":"https:\/\/www.dressy.design\/en\/privacy-policy\/","name":"Privacy policy | Dressy","isPartOf":{"@id":"https:\/\/www.dressy.design\/en\/#website"},"datePublished":"2022-06-02T06:34:35+00:00","dateModified":"2022-06-02T06:35:10+00:00","breadcrumb":{"@id":"https:\/\/www.dressy.design\/en\/privacy-policy\/#breadcrumb"},"inLanguage":"en-US","potentialAction":[{"@type":"ReadAction","target":["https:\/\/www.dressy.design\/en\/privacy-policy\/"]}]},{"@type":"BreadcrumbList","@id":"https:\/\/www.dressy.design\/en\/privacy-policy\/#breadcrumb","itemListElement":[{"@type":"ListItem","position":1,"name":"Portada","item":"https:\/\/www.dressy.design\/en\/"},{"@type":"ListItem","position":2,"name":"Privacy policy"}]},{"@type":"WebSite","@id":"https:\/\/www.dressy.design\/en\/#website","url":"https:\/\/www.dressy.design\/en\/","name":"Dressy","description":"Sillas y mesas de m\u00e1xima calidad y dise\u00f1o","potentialAction":[{"@type":"SearchAction","target":{"@type":"EntryPoint","urlTemplate":"https:\/\/www.dressy.design\/en\/?s={search_term_string}"},"query-input":{"@type":"PropertyValueSpecification","valueRequired":true,"valueName":"search_term_string"}}],"inLanguage":"en-US"}]}},"_links":{"self":[{"href":"https:\/\/www.dressy.design\/en\/wp-json\/wp\/v2\/pages\/5573","targetHints":{"allow":["GET"]}}],"collection":[{"href":"https:\/\/www.dressy.design\/en\/wp-json\/wp\/v2\/pages"}],"about":[{"href":"https:\/\/www.dressy.design\/en\/wp-json\/wp\/v2\/types\/page"}],"author":[{"embeddable":true,"href":"https:\/\/www.dressy.design\/en\/wp-json\/wp\/v2\/users\/7"}],"replies":[{"embeddable":true,"href":"https:\/\/www.dressy.design\/en\/wp-json\/wp\/v2\/comments?post=5573"}],"version-history":[{"count":2,"href":"https:\/\/www.dressy.design\/en\/wp-json\/wp\/v2\/pages\/5573\/revisions"}],"predecessor-version":[{"id":5575,"href":"https:\/\/www.dressy.design\/en\/wp-json\/wp\/v2\/pages\/5573\/revisions\/5575"}],"wp:attachment":[{"href":"https:\/\/www.dressy.design\/en\/wp-json\/wp\/v2\/media?parent=5573"}],"curies":[{"name":"wp","href":"https:\/\/api.w.org\/{rel}","templated":true}]}}