{"id":5680,"date":"2021-12-23T12:28:40","date_gmt":"2021-12-23T12:28:40","guid":{"rendered":"https:\/\/www.dressy.design\/p\/taiga-h1-silla-moderna-pie-madera\/"},"modified":"2022-06-02T13:21:53","modified_gmt":"2022-06-02T11:21:53","slug":"taiga-h1-silla-moderna-pie-madera","status":"publish","type":"product","link":"https:\/\/www.dressy.design\/en\/p\/taiga-h1-silla-moderna-pie-madera\/","title":{"rendered":"TAIGA H1"},"content":{"rendered":"\t<div id=\"gap-1793225825\" class=\"gap-element clearfix hide-for-small\" style=\"display:block; height:auto;\">\n\t\t\n<style>\n#gap-1793225825 {\n  padding-top: 30px;\n}\n<\/style>\n\t<\/div>\n\t\n\t<div class=\"img has-hover x md-x lg-x y md-y lg-y\" id=\"image_302774444\">\n\t\t\t\t\t\t\t\t<div class=\"img-inner image-zoom dark\" >\n\t\t\t<img loading=\"lazy\" decoding=\"async\" width=\"1270\" height=\"800\" src=\"https:\/\/www.dressy.design\/wp-content\/uploads\/2021\/11\/Silla-Taiga_Galeria_01_1270x800px.webp\" class=\"attachment-large size-large\" alt=\"\" srcset=\"https:\/\/www.dressy.design\/wp-content\/uploads\/2021\/11\/Silla-Taiga_Galeria_01_1270x800px.webp 1270w, https:\/\/www.dressy.design\/wp-content\/uploads\/2021\/11\/Silla-Taiga_Galeria_01_1270x800px-150x94.webp 150w, https:\/\/www.dressy.design\/wp-content\/uploads\/2021\/11\/Silla-Taiga_Galeria_01_1270x800px-768x484.webp 768w, https:\/\/www.dressy.design\/wp-content\/uploads\/2021\/11\/Silla-Taiga_Galeria_01_1270x800px-50x31.webp 50w, https:\/\/www.dressy.design\/wp-content\/uploads\/2021\/11\/Silla-Taiga_Galeria_01_1270x800px-100x63.webp 100w, https:\/\/www.dressy.design\/wp-content\/uploads\/2021\/11\/Silla-Taiga_Galeria_01_1270x800px-300x189.webp 300w, https:\/\/www.dressy.design\/wp-content\/uploads\/2021\/11\/Silla-Taiga_Galeria_01_1270x800px-600x378.webp 600w\" sizes=\"auto, (max-width: 1270px) 100vw, 1270px\" \/>\t\t\t\t\t\t\n\t\t\t\t\t<\/div>\n\t\t\t\t\t\t\t\t\n<style>\n#image_302774444 {\n  width: 100%;\n}\n<\/style>\n\t<\/div>\n\t\n\t<div id=\"gap-570970861\" class=\"gap-element clearfix hide-for-small\" style=\"display:block; height:auto;\">\n\t\t\n<style>\n#gap-570970861 {\n  padding-top: 30px;\n}\n<\/style>\n\t<\/div>\n\t\n\t<div id=\"text-3325459506\" class=\"text justify\">\n\t\t\n<p>Taiga is a collection of wooden leg chairs that features 8 seat types that differ in height and backrest upholstery solution. Its most differentiating aspect with respect to the other Dressy models is the warmth transmitted by its design, such as the legs that born from the base of the seat. These legs are made of solid ash wood and can be manufactured in various natural colours that maintain the essence of the wood. Perfect for a relaxed atmosphere. If you want to achieve a more vibrant effect, the wooden leg can be offered in any of the colours offered in the finishes catalogue.<\/p>\n\t\t\t<\/div>\n\t\n<div class=\"row descripcion-parte-1\"  id=\"row-1727497954\">\n\n\t<div id=\"col-990848600\" class=\"col hide-for-small medium-6 small-12 large-6\"  >\n\t\t\t\t<div class=\"col-inner\"  >\n\t\t\t\n\t\t\t\n\t<div class=\"img has-hover x md-x lg-x y md-y lg-y\" id=\"image_1639518945\">\n\t\t\t\t\t\t\t\t<div class=\"img-inner image-zoom dark\" >\n\t\t\t<img loading=\"lazy\" decoding=\"async\" width=\"600\" height=\"800\" src=\"https:\/\/www.dressy.design\/wp-content\/uploads\/2021\/11\/Silla-Taiga_Galeria_02_600x800px.webp\" class=\"attachment-large size-large\" alt=\"\" srcset=\"https:\/\/www.dressy.design\/wp-content\/uploads\/2021\/11\/Silla-Taiga_Galeria_02_600x800px.webp 600w, https:\/\/www.dressy.design\/wp-content\/uploads\/2021\/11\/Silla-Taiga_Galeria_02_600x800px-150x200.webp 150w, https:\/\/www.dressy.design\/wp-content\/uploads\/2021\/11\/Silla-Taiga_Galeria_02_600x800px-38x50.webp 38w, https:\/\/www.dressy.design\/wp-content\/uploads\/2021\/11\/Silla-Taiga_Galeria_02_600x800px-75x100.webp 75w, https:\/\/www.dressy.design\/wp-content\/uploads\/2021\/11\/Silla-Taiga_Galeria_02_600x800px-300x400.webp 300w\" sizes=\"auto, (max-width: 600px) 100vw, 600px\" \/>\t\t\t\t\t\t\n\t\t\t\t\t<\/div>\n\t\t\t\t\t\t\t\t\n<style>\n#image_1639518945 {\n  width: 100%;\n}\n<\/style>\n\t<\/div>\n\t\n\t\t<\/div>\n\t\t\t\t\t<\/div>\n\n\t\n\n\t<div id=\"col-2013508657\" class=\"col medium-6 small-12 large-6\"  data-animate=\"fadeInDown\">\n\t\t\t\t<div class=\"col-inner\"  >\n\t\t\t\n\t\t\t\n\t<div class=\"img has-hover x md-x lg-x y md-y lg-y\" id=\"image_504436088\">\n\t\t\t\t\t\t\t\t<div class=\"img-inner image-zoom dark\" >\n\t\t\t<img loading=\"lazy\" decoding=\"async\" width=\"600\" height=\"800\" src=\"https:\/\/www.dressy.design\/wp-content\/uploads\/2021\/11\/Silla-Taiga_Galeria_03_600x800px.webp\" class=\"attachment-large size-large\" alt=\"\" srcset=\"https:\/\/www.dressy.design\/wp-content\/uploads\/2021\/11\/Silla-Taiga_Galeria_03_600x800px.webp 600w, https:\/\/www.dressy.design\/wp-content\/uploads\/2021\/11\/Silla-Taiga_Galeria_03_600x800px-150x200.webp 150w, https:\/\/www.dressy.design\/wp-content\/uploads\/2021\/11\/Silla-Taiga_Galeria_03_600x800px-38x50.webp 38w, https:\/\/www.dressy.design\/wp-content\/uploads\/2021\/11\/Silla-Taiga_Galeria_03_600x800px-75x100.webp 75w, https:\/\/www.dressy.design\/wp-content\/uploads\/2021\/11\/Silla-Taiga_Galeria_03_600x800px-300x400.webp 300w\" sizes=\"auto, (max-width: 600px) 100vw, 600px\" \/>\t\t\t\t\t\t\n\t\t\t\t\t<\/div>\n\t\t\t\t\t\t\t\t\n<style>\n#image_504436088 {\n  width: 100%;\n}\n<\/style>\n\t<\/div>\n\t\n\t\t<\/div>\n\t\t\t\t\t<\/div>\n\n\t\n<\/div>\n\t<div id=\"gap-911380227\" class=\"gap-element clearfix hide-for-small\" style=\"display:block; height:auto;\">\n\t\t\n<style>\n#gap-911380227 {\n  padding-top: 30px;\n}\n<\/style>\n\t<\/div>\n\t\n<div class=\"row descripcion-parte-1\"  id=\"row-2060698256\">\n\n\t<div id=\"col-940449519\" class=\"col hide-for-small medium-2 small-12 large-2\"  >\n\t\t\t\t<div class=\"col-inner\"  >\n\t\t\t\n\t\t\t\n\t\t<\/div>\n\t\t\t\t\t<\/div>\n\n\t\n\n\t<div id=\"col-730885037\" class=\"col medium-8 small-12 large-8\"  data-animate=\"fadeInDown\">\n\t\t\t\t<div class=\"col-inner\"  >\n\t\t\t\n\t\t\t\n\t\t<\/div>\n\t\t\t\t\t<\/div>\n\n\t\n<\/div>\n","protected":false},"excerpt":{"rendered":"<p>Low back chair with upholstered shell. Wooden legs.<\/p>\n","protected":false},"featured_media":4937,"template":"","meta":{"_acf_changed":false},"product_brand":[],"product_cat":[237,255],"product_tag":[],"class_list":{"0":"post-5680","1":"product","2":"type-product","3":"status-publish","4":"has-post-thumbnail","6":"product_cat-chair","7":"product_cat-taiga-en","9":"first","10":"instock","11":"product-type-simple"},"acf":[],"yoast_head":"<!-- This site is optimized with the Yoast SEO plugin v27.2 - https:\/\/yoast.com\/product\/yoast-seo-wordpress\/ -->\n<title>Taiga es una colecci\u00f3n de sillas de pie de madera de dise\u00f1o moderno<\/title>\n<meta name=\"description\" content=\"Taiga es una colecci\u00f3n de sillas de pie de madera que presenta 8 tipos de asiento que se diferencian por la altura y el tapizado del respaldo\" \/>\n<meta name=\"robots\" content=\"index, follow, max-snippet:-1, max-image-preview:large, max-video-preview:-1\" \/>\n<link rel=\"canonical\" href=\"https:\/\/www.dressy.design\/en\/p\/taiga-h1-silla-moderna-pie-madera\/\" \/>\n<meta property=\"og:locale\" content=\"en_US\" \/>\n<meta property=\"og:type\" content=\"article\" \/>\n<meta property=\"og:title\" content=\"Taiga es una colecci\u00f3n de sillas de pie de madera de dise\u00f1o moderno\" \/>\n<meta property=\"og:description\" content=\"Taiga es una colecci\u00f3n de sillas de pie de madera que presenta 8 tipos de asiento que se diferencian por la altura y el tapizado del respaldo\" \/>\n<meta property=\"og:url\" content=\"https:\/\/www.dressy.design\/en\/p\/taiga-h1-silla-moderna-pie-madera\/\" \/>\n<meta property=\"og:site_name\" content=\"Dressy\" \/>\n<meta property=\"article:modified_time\" content=\"2022-06-02T11:21:53+00:00\" \/>\n<meta property=\"og:image\" content=\"https:\/\/www.dressy.design\/wp-content\/uploads\/2021\/12\/p_Silla-Taiga-H1.webp\" \/>\n\t<meta property=\"og:image:width\" content=\"1195\" \/>\n\t<meta property=\"og:image:height\" content=\"1195\" \/>\n\t<meta property=\"og:image:type\" content=\"image\/webp\" \/>\n<meta name=\"twitter:card\" content=\"summary_large_image\" \/>\n<meta name=\"twitter:label1\" content=\"Est. reading time\" \/>\n\t<meta name=\"twitter:data1\" content=\"1 minute\" \/>\n<script type=\"application\/ld+json\" class=\"yoast-schema-graph\">{\"@context\":\"https:\/\/schema.org\",\"@graph\":[{\"@type\":\"WebPage\",\"@id\":\"https:\/\/www.dressy.design\/en\/p\/taiga-h1-silla-moderna-pie-madera\/\",\"url\":\"https:\/\/www.dressy.design\/en\/p\/taiga-h1-silla-moderna-pie-madera\/\",\"name\":\"Taiga es una colecci\u00f3n de sillas de pie de madera de dise\u00f1o moderno\",\"isPartOf\":{\"@id\":\"https:\/\/www.dressy.design\/en\/#website\"},\"primaryImageOfPage\":{\"@id\":\"https:\/\/www.dressy.design\/en\/p\/taiga-h1-silla-moderna-pie-madera\/#primaryimage\"},\"image\":{\"@id\":\"https:\/\/www.dressy.design\/en\/p\/taiga-h1-silla-moderna-pie-madera\/#primaryimage\"},\"thumbnailUrl\":\"https:\/\/www.dressy.design\/wp-content\/uploads\/2021\/12\/p_Silla-Taiga-H1.webp\",\"datePublished\":\"2021-12-23T12:28:40+00:00\",\"dateModified\":\"2022-06-02T11:21:53+00:00\",\"description\":\"Taiga es una colecci\u00f3n de sillas de pie de madera que presenta 8 tipos de asiento que se diferencian por la altura y el tapizado del respaldo\",\"breadcrumb\":{\"@id\":\"https:\/\/www.dressy.design\/en\/p\/taiga-h1-silla-moderna-pie-madera\/#breadcrumb\"},\"inLanguage\":\"en-US\",\"potentialAction\":[{\"@type\":\"ReadAction\",\"target\":[\"https:\/\/www.dressy.design\/en\/p\/taiga-h1-silla-moderna-pie-madera\/\"]}]},{\"@type\":\"ImageObject\",\"inLanguage\":\"en-US\",\"@id\":\"https:\/\/www.dressy.design\/en\/p\/taiga-h1-silla-moderna-pie-madera\/#primaryimage\",\"url\":\"https:\/\/www.dressy.design\/wp-content\/uploads\/2021\/12\/p_Silla-Taiga-H1.webp\",\"contentUrl\":\"https:\/\/www.dressy.design\/wp-content\/uploads\/2021\/12\/p_Silla-Taiga-H1.webp\",\"width\":1195,\"height\":1195},{\"@type\":\"BreadcrumbList\",\"@id\":\"https:\/\/www.dressy.design\/en\/p\/taiga-h1-silla-moderna-pie-madera\/#breadcrumb\",\"itemListElement\":[{\"@type\":\"ListItem\",\"position\":1,\"name\":\"Portada\",\"item\":\"https:\/\/www.dressy.design\/en\/\"},{\"@type\":\"ListItem\",\"position\":2,\"name\":\"Tienda\",\"item\":\"https:\/\/www.dressy.design\/es\/?page_id=180\"},{\"@type\":\"ListItem\",\"position\":3,\"name\":\"TAIGA H1\"}]},{\"@type\":\"WebSite\",\"@id\":\"https:\/\/www.dressy.design\/en\/#website\",\"url\":\"https:\/\/www.dressy.design\/en\/\",\"name\":\"Dressy\",\"description\":\"Sillas y mesas de m\u00e1xima calidad y dise\u00f1o\",\"potentialAction\":[{\"@type\":\"SearchAction\",\"target\":{\"@type\":\"EntryPoint\",\"urlTemplate\":\"https:\/\/www.dressy.design\/en\/?s={search_term_string}\"},\"query-input\":{\"@type\":\"PropertyValueSpecification\",\"valueRequired\":true,\"valueName\":\"search_term_string\"}}],\"inLanguage\":\"en-US\"}]}<\/script>\n<!-- \/ Yoast SEO plugin. -->","yoast_head_json":{"title":"Taiga es una colecci\u00f3n de sillas de pie de madera de dise\u00f1o moderno","description":"Taiga es una colecci\u00f3n de sillas de pie de madera que presenta 8 tipos de asiento que se diferencian por la altura y el tapizado del respaldo","robots":{"index":"index","follow":"follow","max-snippet":"max-snippet:-1","max-image-preview":"max-image-preview:large","max-video-preview":"max-video-preview:-1"},"canonical":"https:\/\/www.dressy.design\/en\/p\/taiga-h1-silla-moderna-pie-madera\/","og_locale":"en_US","og_type":"article","og_title":"Taiga es una colecci\u00f3n de sillas de pie de madera de dise\u00f1o moderno","og_description":"Taiga es una colecci\u00f3n de sillas de pie de madera que presenta 8 tipos de asiento que se diferencian por la altura y el tapizado del respaldo","og_url":"https:\/\/www.dressy.design\/en\/p\/taiga-h1-silla-moderna-pie-madera\/","og_site_name":"Dressy","article_modified_time":"2022-06-02T11:21:53+00:00","og_image":[{"width":1195,"height":1195,"url":"https:\/\/www.dressy.design\/wp-content\/uploads\/2021\/12\/p_Silla-Taiga-H1.webp","type":"image\/webp"}],"twitter_card":"summary_large_image","twitter_misc":{"Est. reading time":"1 minute"},"schema":{"@context":"https:\/\/schema.org","@graph":[{"@type":"WebPage","@id":"https:\/\/www.dressy.design\/en\/p\/taiga-h1-silla-moderna-pie-madera\/","url":"https:\/\/www.dressy.design\/en\/p\/taiga-h1-silla-moderna-pie-madera\/","name":"Taiga es una colecci\u00f3n de sillas de pie de madera de dise\u00f1o moderno","isPartOf":{"@id":"https:\/\/www.dressy.design\/en\/#website"},"primaryImageOfPage":{"@id":"https:\/\/www.dressy.design\/en\/p\/taiga-h1-silla-moderna-pie-madera\/#primaryimage"},"image":{"@id":"https:\/\/www.dressy.design\/en\/p\/taiga-h1-silla-moderna-pie-madera\/#primaryimage"},"thumbnailUrl":"https:\/\/www.dressy.design\/wp-content\/uploads\/2021\/12\/p_Silla-Taiga-H1.webp","datePublished":"2021-12-23T12:28:40+00:00","dateModified":"2022-06-02T11:21:53+00:00","description":"Taiga es una colecci\u00f3n de sillas de pie de madera que presenta 8 tipos de asiento que se diferencian por la altura y el tapizado del respaldo","breadcrumb":{"@id":"https:\/\/www.dressy.design\/en\/p\/taiga-h1-silla-moderna-pie-madera\/#breadcrumb"},"inLanguage":"en-US","potentialAction":[{"@type":"ReadAction","target":["https:\/\/www.dressy.design\/en\/p\/taiga-h1-silla-moderna-pie-madera\/"]}]},{"@type":"ImageObject","inLanguage":"en-US","@id":"https:\/\/www.dressy.design\/en\/p\/taiga-h1-silla-moderna-pie-madera\/#primaryimage","url":"https:\/\/www.dressy.design\/wp-content\/uploads\/2021\/12\/p_Silla-Taiga-H1.webp","contentUrl":"https:\/\/www.dressy.design\/wp-content\/uploads\/2021\/12\/p_Silla-Taiga-H1.webp","width":1195,"height":1195},{"@type":"BreadcrumbList","@id":"https:\/\/www.dressy.design\/en\/p\/taiga-h1-silla-moderna-pie-madera\/#breadcrumb","itemListElement":[{"@type":"ListItem","position":1,"name":"Portada","item":"https:\/\/www.dressy.design\/en\/"},{"@type":"ListItem","position":2,"name":"Tienda","item":"https:\/\/www.dressy.design\/es\/?page_id=180"},{"@type":"ListItem","position":3,"name":"TAIGA H1"}]},{"@type":"WebSite","@id":"https:\/\/www.dressy.design\/en\/#website","url":"https:\/\/www.dressy.design\/en\/","name":"Dressy","description":"Sillas y mesas de m\u00e1xima calidad y dise\u00f1o","potentialAction":[{"@type":"SearchAction","target":{"@type":"EntryPoint","urlTemplate":"https:\/\/www.dressy.design\/en\/?s={search_term_string}"},"query-input":{"@type":"PropertyValueSpecification","valueRequired":true,"valueName":"search_term_string"}}],"inLanguage":"en-US"}]}},"_links":{"self":[{"href":"https:\/\/www.dressy.design\/en\/wp-json\/wp\/v2\/product\/5680","targetHints":{"allow":["GET"]}}],"collection":[{"href":"https:\/\/www.dressy.design\/en\/wp-json\/wp\/v2\/product"}],"about":[{"href":"https:\/\/www.dressy.design\/en\/wp-json\/wp\/v2\/types\/product"}],"wp:featuredmedia":[{"embeddable":true,"href":"https:\/\/www.dressy.design\/en\/wp-json\/wp\/v2\/media\/4937"}],"wp:attachment":[{"href":"https:\/\/www.dressy.design\/en\/wp-json\/wp\/v2\/media?parent=5680"}],"wp:term":[{"taxonomy":"product_brand","embeddable":true,"href":"https:\/\/www.dressy.design\/en\/wp-json\/wp\/v2\/product_brand?post=5680"},{"taxonomy":"product_cat","embeddable":true,"href":"https:\/\/www.dressy.design\/en\/wp-json\/wp\/v2\/product_cat?post=5680"},{"taxonomy":"product_tag","embeddable":true,"href":"https:\/\/www.dressy.design\/en\/wp-json\/wp\/v2\/product_tag?post=5680"}],"curies":[{"name":"wp","href":"https:\/\/api.w.org\/{rel}","templated":true}]}}