{"id":5745,"date":"2021-12-23T12:29:17","date_gmt":"2021-12-23T12:29:17","guid":{"rendered":"https:\/\/www.dressy.design\/p\/nubo-4107-butaca-moderna-estructura-metalica-central\/"},"modified":"2022-06-08T09:29:49","modified_gmt":"2022-06-08T07:29:49","slug":"nubo-4107-butaca-moderna-estructura-metalica-central","status":"publish","type":"product","link":"https:\/\/www.dressy.design\/en\/p\/nubo-4107-butaca-moderna-estructura-metalica-central\/","title":{"rendered":"NUBO 4107"},"content":{"rendered":"\t<div id=\"gap-1561076922\" class=\"gap-element clearfix hide-for-small\" style=\"display:block; height:auto;\">\n\t\t\n<style>\n#gap-1561076922 {\n  padding-top: 50px;\n}\n<\/style>\n\t<\/div>\n\t\n<div class=\"row descripcion-parte-1\"  id=\"row-528933063\">\n\n\t<div id=\"col-2122472942\" class=\"col hide-for-small medium-2 small-12 large-2\"  >\n\t\t\t\t<div class=\"col-inner\"  >\n\t\t\t\n\t\t\t\n\t\t<\/div>\n\t\t\t\t\t<\/div>\n\n\t\n\n\t<div id=\"col-1364125868\" class=\"col medium-4 small-12 large-4\"  data-animate=\"fadeInDown\">\n\t\t\t\t<div class=\"col-inner\"  >\n\t\t\t\n\t\t\t\n\t<div class=\"img has-hover x md-x lg-x y md-y lg-y\" id=\"image_428587957\">\n\t\t\t\t\t\t\t\t<div class=\"img-inner image-zoom dark\" >\n\t\t\t<img loading=\"lazy\" decoding=\"async\" width=\"600\" height=\"800\" src=\"https:\/\/www.dressy.design\/wp-content\/uploads\/2021\/11\/Silla-Nubo-4107-Galeria_01.webp\" class=\"attachment-large size-large\" alt=\"\" srcset=\"https:\/\/www.dressy.design\/wp-content\/uploads\/2021\/11\/Silla-Nubo-4107-Galeria_01.webp 600w, https:\/\/www.dressy.design\/wp-content\/uploads\/2021\/11\/Silla-Nubo-4107-Galeria_01-150x200.webp 150w, https:\/\/www.dressy.design\/wp-content\/uploads\/2021\/11\/Silla-Nubo-4107-Galeria_01-38x50.webp 38w, https:\/\/www.dressy.design\/wp-content\/uploads\/2021\/11\/Silla-Nubo-4107-Galeria_01-75x100.webp 75w, https:\/\/www.dressy.design\/wp-content\/uploads\/2021\/11\/Silla-Nubo-4107-Galeria_01-300x400.webp 300w\" sizes=\"auto, (max-width: 600px) 100vw, 600px\" \/>\t\t\t\t\t\t\n\t\t\t\t\t<\/div>\n\t\t\t\t\t\t\t\t\n<style>\n#image_428587957 {\n  width: 100%;\n}\n<\/style>\n\t<\/div>\n\t\n\t\t<\/div>\n\t\t\t\t\t<\/div>\n\n\t\n\n\t<div id=\"col-1539378299\" class=\"col medium-5 small-12 large-5\"  data-animate=\"fadeInDown\">\n\t\t\t\t<div class=\"col-inner\"  >\n\t\t\t\n\t\t\t\n\t<div class=\"img has-hover x md-x lg-x y md-y lg-y\" id=\"image_665330619\">\n\t\t\t\t\t\t\t\t<div class=\"img-inner image-zoom dark\" >\n\t\t\t<img loading=\"lazy\" decoding=\"async\" width=\"700\" height=\"800\" src=\"https:\/\/www.dressy.design\/wp-content\/uploads\/2021\/11\/Silla-Nubo-4107-Galeria_02.webp\" class=\"attachment-large size-large\" alt=\"\" srcset=\"https:\/\/www.dressy.design\/wp-content\/uploads\/2021\/11\/Silla-Nubo-4107-Galeria_02.webp 700w, https:\/\/www.dressy.design\/wp-content\/uploads\/2021\/11\/Silla-Nubo-4107-Galeria_02-150x171.webp 150w, https:\/\/www.dressy.design\/wp-content\/uploads\/2021\/11\/Silla-Nubo-4107-Galeria_02-44x50.webp 44w, https:\/\/www.dressy.design\/wp-content\/uploads\/2021\/11\/Silla-Nubo-4107-Galeria_02-88x100.webp 88w, https:\/\/www.dressy.design\/wp-content\/uploads\/2021\/11\/Silla-Nubo-4107-Galeria_02-300x343.webp 300w, https:\/\/www.dressy.design\/wp-content\/uploads\/2021\/11\/Silla-Nubo-4107-Galeria_02-600x686.webp 600w\" sizes=\"auto, (max-width: 700px) 100vw, 700px\" \/>\t\t\t\t\t\t\n\t\t\t\t\t<\/div>\n\t\t\t\t\t\t\t\t\n<style>\n#image_665330619 {\n  width: 92%;\n}\n<\/style>\n\t<\/div>\n\t\n\t\t<\/div>\n\t\t\t\t\t<\/div>\n\n\t\n<\/div>\n<div class=\"row descripcion-parte-1\"  id=\"row-1501850885\">\n\n\t<div id=\"col-1381169690\" class=\"col hide-for-small medium-2 small-12 large-2\"  >\n\t\t\t\t<div class=\"col-inner\"  >\n\t\t\t\n\t\t\t\n\t\t<\/div>\n\t\t\t\t\t<\/div>\n\n\t\n\n\t<div id=\"col-1868995620\" class=\"col medium-8 small-12 large-8\"  data-animate=\"fadeInDown\">\n\t\t\t\t<div class=\"col-inner\"  >\n\t\t\t\n\t\t\t\n<p>Nubo designed by Santiago Sevillano, it is the new seats collection for Dressy, the result of a careful craftsmanship that continues to find new expressions. One of its main significant characteristics is the meeting of the parts of the backrest, which gives volume to the piece as if it were three merged clouds. It is available in three types of legs, giving the collection great versatility when configuring the product. The backrest can be high or low. There is also a lounge chair included in the collection.<\/p>\n\t\t<\/div>\n\t\t\t\t\t<\/div>\n\n\t\n<\/div>\n","protected":false},"excerpt":{"rendered":"<p>Low-back fixed central metal leg chair with injected polyurethane shell, fully upholstered.<\/p>\n<p><strong>Designer<\/strong><br \/>\n<a href=\"https:\/\/www.dressy.design\/en\/c\/designers\/santiago-sevillano\/\">Santiago Sevillano<\/a><\/p>\n","protected":false},"featured_media":4925,"template":"","meta":{"_acf_changed":false},"product_brand":[],"product_cat":[237,251,262],"product_tag":[],"class_list":{"0":"post-5745","1":"product","2":"type-product","3":"status-publish","4":"has-post-thumbnail","6":"product_cat-chair","7":"product_cat-nubo-en","8":"product_cat-santiago-sevillano","10":"first","11":"instock","12":"product-type-simple"},"acf":[],"yoast_head":"<!-- This site is optimized with the Yoast SEO plugin v27.2 - https:\/\/yoast.com\/product\/yoast-seo-wordpress\/ -->\n<title>NUBO 4107 - Butaca moderna con estructura met\u00e1lica central y respaldo<\/title>\n<meta name=\"description\" content=\"NUBO 4107 - Butaca moderna con estructura met\u00e1lica central y respaldo bajo con carcasa de poliuretano inyectado \u00edntegramente tapizada en gris.\" \/>\n<meta name=\"robots\" content=\"index, follow, max-snippet:-1, max-image-preview:large, max-video-preview:-1\" \/>\n<link rel=\"canonical\" href=\"https:\/\/www.dressy.design\/en\/p\/nubo-4107-butaca-moderna-estructura-metalica-central\/\" \/>\n<meta property=\"og:locale\" content=\"en_US\" \/>\n<meta property=\"og:type\" content=\"article\" \/>\n<meta property=\"og:title\" content=\"NUBO 4107 - Butaca moderna con estructura met\u00e1lica central y respaldo\" \/>\n<meta property=\"og:description\" content=\"NUBO 4107 - Butaca moderna con estructura met\u00e1lica central y respaldo bajo con carcasa de poliuretano inyectado \u00edntegramente tapizada en gris.\" \/>\n<meta property=\"og:url\" content=\"https:\/\/www.dressy.design\/en\/p\/nubo-4107-butaca-moderna-estructura-metalica-central\/\" \/>\n<meta property=\"og:site_name\" content=\"Dressy\" \/>\n<meta property=\"article:modified_time\" content=\"2022-06-08T07:29:49+00:00\" \/>\n<meta property=\"og:image\" content=\"https:\/\/www.dressy.design\/wp-content\/uploads\/2021\/12\/p_Silla-Nubo-4107.webp\" \/>\n\t<meta property=\"og:image:width\" content=\"1195\" \/>\n\t<meta property=\"og:image:height\" content=\"1195\" \/>\n\t<meta property=\"og:image:type\" content=\"image\/webp\" \/>\n<meta name=\"twitter:card\" content=\"summary_large_image\" \/>\n<meta name=\"twitter:label1\" content=\"Est. reading time\" \/>\n\t<meta name=\"twitter:data1\" content=\"1 minute\" \/>\n<script type=\"application\/ld+json\" class=\"yoast-schema-graph\">{\"@context\":\"https:\/\/schema.org\",\"@graph\":[{\"@type\":\"WebPage\",\"@id\":\"https:\/\/www.dressy.design\/en\/p\/nubo-4107-butaca-moderna-estructura-metalica-central\/\",\"url\":\"https:\/\/www.dressy.design\/en\/p\/nubo-4107-butaca-moderna-estructura-metalica-central\/\",\"name\":\"NUBO 4107 - Butaca moderna con estructura met\u00e1lica central y respaldo\",\"isPartOf\":{\"@id\":\"https:\/\/www.dressy.design\/en\/#website\"},\"primaryImageOfPage\":{\"@id\":\"https:\/\/www.dressy.design\/en\/p\/nubo-4107-butaca-moderna-estructura-metalica-central\/#primaryimage\"},\"image\":{\"@id\":\"https:\/\/www.dressy.design\/en\/p\/nubo-4107-butaca-moderna-estructura-metalica-central\/#primaryimage\"},\"thumbnailUrl\":\"https:\/\/www.dressy.design\/wp-content\/uploads\/2021\/12\/p_Silla-Nubo-4107.webp\",\"datePublished\":\"2021-12-23T12:29:17+00:00\",\"dateModified\":\"2022-06-08T07:29:49+00:00\",\"description\":\"NUBO 4107 - Butaca moderna con estructura met\u00e1lica central y respaldo bajo con carcasa de poliuretano inyectado \u00edntegramente tapizada en gris.\",\"breadcrumb\":{\"@id\":\"https:\/\/www.dressy.design\/en\/p\/nubo-4107-butaca-moderna-estructura-metalica-central\/#breadcrumb\"},\"inLanguage\":\"en-US\",\"potentialAction\":[{\"@type\":\"ReadAction\",\"target\":[\"https:\/\/www.dressy.design\/en\/p\/nubo-4107-butaca-moderna-estructura-metalica-central\/\"]}]},{\"@type\":\"ImageObject\",\"inLanguage\":\"en-US\",\"@id\":\"https:\/\/www.dressy.design\/en\/p\/nubo-4107-butaca-moderna-estructura-metalica-central\/#primaryimage\",\"url\":\"https:\/\/www.dressy.design\/wp-content\/uploads\/2021\/12\/p_Silla-Nubo-4107.webp\",\"contentUrl\":\"https:\/\/www.dressy.design\/wp-content\/uploads\/2021\/12\/p_Silla-Nubo-4107.webp\",\"width\":1195,\"height\":1195},{\"@type\":\"BreadcrumbList\",\"@id\":\"https:\/\/www.dressy.design\/en\/p\/nubo-4107-butaca-moderna-estructura-metalica-central\/#breadcrumb\",\"itemListElement\":[{\"@type\":\"ListItem\",\"position\":1,\"name\":\"Portada\",\"item\":\"https:\/\/www.dressy.design\/en\/\"},{\"@type\":\"ListItem\",\"position\":2,\"name\":\"Tienda\",\"item\":\"https:\/\/www.dressy.design\/es\/?page_id=180\"},{\"@type\":\"ListItem\",\"position\":3,\"name\":\"NUBO 4107\"}]},{\"@type\":\"WebSite\",\"@id\":\"https:\/\/www.dressy.design\/en\/#website\",\"url\":\"https:\/\/www.dressy.design\/en\/\",\"name\":\"Dressy\",\"description\":\"Sillas y mesas de m\u00e1xima calidad y dise\u00f1o\",\"potentialAction\":[{\"@type\":\"SearchAction\",\"target\":{\"@type\":\"EntryPoint\",\"urlTemplate\":\"https:\/\/www.dressy.design\/en\/?s={search_term_string}\"},\"query-input\":{\"@type\":\"PropertyValueSpecification\",\"valueRequired\":true,\"valueName\":\"search_term_string\"}}],\"inLanguage\":\"en-US\"}]}<\/script>\n<!-- \/ Yoast SEO plugin. -->","yoast_head_json":{"title":"NUBO 4107 - Butaca moderna con estructura met\u00e1lica central y respaldo","description":"NUBO 4107 - Butaca moderna con estructura met\u00e1lica central y respaldo bajo con carcasa de poliuretano inyectado \u00edntegramente tapizada en gris.","robots":{"index":"index","follow":"follow","max-snippet":"max-snippet:-1","max-image-preview":"max-image-preview:large","max-video-preview":"max-video-preview:-1"},"canonical":"https:\/\/www.dressy.design\/en\/p\/nubo-4107-butaca-moderna-estructura-metalica-central\/","og_locale":"en_US","og_type":"article","og_title":"NUBO 4107 - Butaca moderna con estructura met\u00e1lica central y respaldo","og_description":"NUBO 4107 - Butaca moderna con estructura met\u00e1lica central y respaldo bajo con carcasa de poliuretano inyectado \u00edntegramente tapizada en gris.","og_url":"https:\/\/www.dressy.design\/en\/p\/nubo-4107-butaca-moderna-estructura-metalica-central\/","og_site_name":"Dressy","article_modified_time":"2022-06-08T07:29:49+00:00","og_image":[{"width":1195,"height":1195,"url":"https:\/\/www.dressy.design\/wp-content\/uploads\/2021\/12\/p_Silla-Nubo-4107.webp","type":"image\/webp"}],"twitter_card":"summary_large_image","twitter_misc":{"Est. reading time":"1 minute"},"schema":{"@context":"https:\/\/schema.org","@graph":[{"@type":"WebPage","@id":"https:\/\/www.dressy.design\/en\/p\/nubo-4107-butaca-moderna-estructura-metalica-central\/","url":"https:\/\/www.dressy.design\/en\/p\/nubo-4107-butaca-moderna-estructura-metalica-central\/","name":"NUBO 4107 - Butaca moderna con estructura met\u00e1lica central y respaldo","isPartOf":{"@id":"https:\/\/www.dressy.design\/en\/#website"},"primaryImageOfPage":{"@id":"https:\/\/www.dressy.design\/en\/p\/nubo-4107-butaca-moderna-estructura-metalica-central\/#primaryimage"},"image":{"@id":"https:\/\/www.dressy.design\/en\/p\/nubo-4107-butaca-moderna-estructura-metalica-central\/#primaryimage"},"thumbnailUrl":"https:\/\/www.dressy.design\/wp-content\/uploads\/2021\/12\/p_Silla-Nubo-4107.webp","datePublished":"2021-12-23T12:29:17+00:00","dateModified":"2022-06-08T07:29:49+00:00","description":"NUBO 4107 - Butaca moderna con estructura met\u00e1lica central y respaldo bajo con carcasa de poliuretano inyectado \u00edntegramente tapizada en gris.","breadcrumb":{"@id":"https:\/\/www.dressy.design\/en\/p\/nubo-4107-butaca-moderna-estructura-metalica-central\/#breadcrumb"},"inLanguage":"en-US","potentialAction":[{"@type":"ReadAction","target":["https:\/\/www.dressy.design\/en\/p\/nubo-4107-butaca-moderna-estructura-metalica-central\/"]}]},{"@type":"ImageObject","inLanguage":"en-US","@id":"https:\/\/www.dressy.design\/en\/p\/nubo-4107-butaca-moderna-estructura-metalica-central\/#primaryimage","url":"https:\/\/www.dressy.design\/wp-content\/uploads\/2021\/12\/p_Silla-Nubo-4107.webp","contentUrl":"https:\/\/www.dressy.design\/wp-content\/uploads\/2021\/12\/p_Silla-Nubo-4107.webp","width":1195,"height":1195},{"@type":"BreadcrumbList","@id":"https:\/\/www.dressy.design\/en\/p\/nubo-4107-butaca-moderna-estructura-metalica-central\/#breadcrumb","itemListElement":[{"@type":"ListItem","position":1,"name":"Portada","item":"https:\/\/www.dressy.design\/en\/"},{"@type":"ListItem","position":2,"name":"Tienda","item":"https:\/\/www.dressy.design\/es\/?page_id=180"},{"@type":"ListItem","position":3,"name":"NUBO 4107"}]},{"@type":"WebSite","@id":"https:\/\/www.dressy.design\/en\/#website","url":"https:\/\/www.dressy.design\/en\/","name":"Dressy","description":"Sillas y mesas de m\u00e1xima calidad y dise\u00f1o","potentialAction":[{"@type":"SearchAction","target":{"@type":"EntryPoint","urlTemplate":"https:\/\/www.dressy.design\/en\/?s={search_term_string}"},"query-input":{"@type":"PropertyValueSpecification","valueRequired":true,"valueName":"search_term_string"}}],"inLanguage":"en-US"}]}},"_links":{"self":[{"href":"https:\/\/www.dressy.design\/en\/wp-json\/wp\/v2\/product\/5745","targetHints":{"allow":["GET"]}}],"collection":[{"href":"https:\/\/www.dressy.design\/en\/wp-json\/wp\/v2\/product"}],"about":[{"href":"https:\/\/www.dressy.design\/en\/wp-json\/wp\/v2\/types\/product"}],"wp:featuredmedia":[{"embeddable":true,"href":"https:\/\/www.dressy.design\/en\/wp-json\/wp\/v2\/media\/4925"}],"wp:attachment":[{"href":"https:\/\/www.dressy.design\/en\/wp-json\/wp\/v2\/media?parent=5745"}],"wp:term":[{"taxonomy":"product_brand","embeddable":true,"href":"https:\/\/www.dressy.design\/en\/wp-json\/wp\/v2\/product_brand?post=5745"},{"taxonomy":"product_cat","embeddable":true,"href":"https:\/\/www.dressy.design\/en\/wp-json\/wp\/v2\/product_cat?post=5745"},{"taxonomy":"product_tag","embeddable":true,"href":"https:\/\/www.dressy.design\/en\/wp-json\/wp\/v2\/product_tag?post=5745"}],"curies":[{"name":"wp","href":"https:\/\/api.w.org\/{rel}","templated":true}]}}