{"id":5752,"date":"2021-12-23T12:28:59","date_gmt":"2021-12-23T12:28:59","guid":{"rendered":"https:\/\/www.dressy.design\/p\/nubo-410101-butaca-tipo-lounge-de-altura-40-con-carcasa-integramente-tapizada\/"},"modified":"2022-06-08T09:38:24","modified_gmt":"2022-06-08T07:38:24","slug":"nubo-410101-butaca-tipo-lounge-de-altura-40-con-carcasa-integramente-tapizada","status":"publish","type":"product","link":"https:\/\/www.dressy.design\/en\/p\/nubo-410101-butaca-tipo-lounge-de-altura-40-con-carcasa-integramente-tapizada\/","title":{"rendered":"NUBO 410101"},"content":{"rendered":"\t<div id=\"gap-1459642620\" class=\"gap-element clearfix hide-for-small\" style=\"display:block; height:auto;\">\n\t\t\n<style>\n#gap-1459642620 {\n  padding-top: 50px;\n}\n<\/style>\n\t<\/div>\n\t\n<div class=\"row descripcion-parte-1\"  id=\"row-343525248\">\n\n\t<div id=\"col-1009888510\" class=\"col hide-for-small medium-2 small-12 large-2\"  >\n\t\t\t\t<div class=\"col-inner\"  >\n\t\t\t\n\t\t\t\n\t\t<\/div>\n\t\t\t\t\t<\/div>\n\n\t\n\n\t<div id=\"col-731538954\" class=\"col medium-7 small-12 large-7\"  data-animate=\"fadeInDown\">\n\t\t\t\t<div class=\"col-inner\"  >\n\t\t\t\n\t\t\t\n\t<div class=\"img has-hover x md-x lg-x y md-y lg-y\" id=\"image_144121006\">\n\t\t\t\t\t\t\t\t<div class=\"img-inner image-zoom dark\" >\n\t\t\t<img loading=\"lazy\" decoding=\"async\" width=\"800\" height=\"800\" src=\"https:\/\/www.dressy.design\/wp-content\/uploads\/2021\/11\/Butaca-Nubo-410101_Galeria_01.webp\" class=\"attachment-large size-large\" alt=\"\" srcset=\"https:\/\/www.dressy.design\/wp-content\/uploads\/2021\/11\/Butaca-Nubo-410101_Galeria_01.webp 800w, https:\/\/www.dressy.design\/wp-content\/uploads\/2021\/11\/Butaca-Nubo-410101_Galeria_01-150x150.webp 150w, https:\/\/www.dressy.design\/wp-content\/uploads\/2021\/11\/Butaca-Nubo-410101_Galeria_01-768x768.webp 768w, https:\/\/www.dressy.design\/wp-content\/uploads\/2021\/11\/Butaca-Nubo-410101_Galeria_01-300x300.webp 300w, https:\/\/www.dressy.design\/wp-content\/uploads\/2021\/11\/Butaca-Nubo-410101_Galeria_01-640x640.webp 640w, https:\/\/www.dressy.design\/wp-content\/uploads\/2021\/11\/Butaca-Nubo-410101_Galeria_01-50x50.webp 50w, https:\/\/www.dressy.design\/wp-content\/uploads\/2021\/11\/Butaca-Nubo-410101_Galeria_01-100x100.webp 100w, https:\/\/www.dressy.design\/wp-content\/uploads\/2021\/11\/Butaca-Nubo-410101_Galeria_01-600x600.webp 600w\" sizes=\"auto, (max-width: 800px) 100vw, 800px\" \/>\t\t\t\t\t\t\n\t\t\t\t\t<\/div>\n\t\t\t\t\t\t\t\t\n<style>\n#image_144121006 {\n  width: 100%;\n}\n<\/style>\n\t<\/div>\n\t\n\t<div id=\"gap-1507862365\" class=\"gap-element clearfix hide-for-small\" style=\"display:block; height:auto;\">\n\t\t\n<style>\n#gap-1507862365 {\n  padding-top: 50px;\n}\n<\/style>\n\t<\/div>\n\t\n\t\t<\/div>\n\t\t\t\t\t<\/div>\n\n\t\n\n\t<div id=\"col-1278616948\" class=\"col medium-3 small-12 large-3\"  data-animate=\"fadeInDown\">\n\t\t\t\t<div class=\"col-inner\"  >\n\t\t\t\n\t\t\t\n<p>Nubo designed by Santiago Sevillano, it is the new seats collection for Dressy, the result of a careful craftsmanship that continues to find new expressions. One of its main significant characteristics is the meeting of the parts of the backrest, which gives volume to the piece as if it were three merged clouds. It is available in three types of legs, giving the collection great versatility when configuring the product. The backrest can be high or low. There is also a lounge chair included in the collection.<\/p>\n\t\t<\/div>\n\t\t\t\t\t<\/div>\n\n\t\n<\/div>\n<div class=\"row descripcion-parte-1\"  id=\"row-505272180\">\n\n\t<div id=\"col-472188767\" class=\"col hide-for-small medium-2 small-12 large-2\"  >\n\t\t\t\t<div class=\"col-inner\"  >\n\t\t\t\n\t\t\t\n\t\t<\/div>\n\t\t\t\t\t<\/div>\n\n\t\n\n\t<div id=\"col-1320601534\" class=\"col medium-8 small-12 large-8\"  data-animate=\"fadeInDown\">\n\t\t\t\t<div class=\"col-inner\"  >\n\t\t\t\n\t\t\t\n\t\t<\/div>\n\t\t\t\t\t<\/div>\n\n\t\n<\/div>\n","protected":false},"excerpt":{"rendered":"<p>40 cm high lounge chair with fully upholstered shell and conical metal base.<\/p>\n<p><strong>Designer<\/strong><br \/>\n<a href=\"https:\/\/www.dressy.design\/en\/c\/designers\/santiago-sevillano\/\">Santiago Sevillano<\/a><\/p>\n","protected":false},"featured_media":4831,"template":"","meta":{"_acf_changed":false},"product_brand":[],"product_cat":[230,251,262],"product_tag":[],"class_list":{"0":"post-5752","1":"product","2":"type-product","3":"status-publish","4":"has-post-thumbnail","6":"product_cat-armchair","7":"product_cat-nubo-en","8":"product_cat-santiago-sevillano","10":"first","11":"instock","12":"product-type-simple"},"acf":[],"yoast_head":"<!-- This site is optimized with the Yoast SEO plugin v27.2 - https:\/\/yoast.com\/product\/yoast-seo-wordpress\/ -->\n<title>Butaca tipo lounge de altura 40 con carcasa \u00edntegramente tapizada Dressy<\/title>\n<meta name=\"description\" content=\"NUBO 410101 - Butaca tipo lounge de altura 40 con carcasa \u00edntegramente tapizada y pie met\u00e1lico conificado, dise\u00f1ado por Santiago Sevillano.\" \/>\n<meta name=\"robots\" content=\"index, follow, max-snippet:-1, max-image-preview:large, max-video-preview:-1\" \/>\n<link rel=\"canonical\" href=\"https:\/\/www.dressy.design\/en\/p\/nubo-410101-butaca-tipo-lounge-de-altura-40-con-carcasa-integramente-tapizada\/\" \/>\n<meta property=\"og:locale\" content=\"en_US\" \/>\n<meta property=\"og:type\" content=\"article\" \/>\n<meta property=\"og:title\" content=\"Butaca tipo lounge de altura 40 con carcasa \u00edntegramente tapizada Dressy\" \/>\n<meta property=\"og:description\" content=\"NUBO 410101 - Butaca tipo lounge de altura 40 con carcasa \u00edntegramente tapizada y pie met\u00e1lico conificado, dise\u00f1ado por Santiago Sevillano.\" \/>\n<meta property=\"og:url\" content=\"https:\/\/www.dressy.design\/en\/p\/nubo-410101-butaca-tipo-lounge-de-altura-40-con-carcasa-integramente-tapizada\/\" \/>\n<meta property=\"og:site_name\" content=\"Dressy\" \/>\n<meta property=\"article:modified_time\" content=\"2022-06-08T07:38:24+00:00\" \/>\n<meta property=\"og:image\" content=\"https:\/\/www.dressy.design\/wp-content\/uploads\/2021\/12\/p_Butaca-Nubo-410101-1.webp\" \/>\n\t<meta property=\"og:image:width\" content=\"1195\" \/>\n\t<meta property=\"og:image:height\" content=\"1195\" \/>\n\t<meta property=\"og:image:type\" content=\"image\/webp\" \/>\n<meta name=\"twitter:card\" content=\"summary_large_image\" \/>\n<meta name=\"twitter:label1\" content=\"Est. reading time\" \/>\n\t<meta name=\"twitter:data1\" content=\"1 minute\" \/>\n<script type=\"application\/ld+json\" class=\"yoast-schema-graph\">{\"@context\":\"https:\/\/schema.org\",\"@graph\":[{\"@type\":\"WebPage\",\"@id\":\"https:\/\/www.dressy.design\/en\/p\/nubo-410101-butaca-tipo-lounge-de-altura-40-con-carcasa-integramente-tapizada\/\",\"url\":\"https:\/\/www.dressy.design\/en\/p\/nubo-410101-butaca-tipo-lounge-de-altura-40-con-carcasa-integramente-tapizada\/\",\"name\":\"Butaca tipo lounge de altura 40 con carcasa \u00edntegramente tapizada Dressy\",\"isPartOf\":{\"@id\":\"https:\/\/www.dressy.design\/en\/#website\"},\"primaryImageOfPage\":{\"@id\":\"https:\/\/www.dressy.design\/en\/p\/nubo-410101-butaca-tipo-lounge-de-altura-40-con-carcasa-integramente-tapizada\/#primaryimage\"},\"image\":{\"@id\":\"https:\/\/www.dressy.design\/en\/p\/nubo-410101-butaca-tipo-lounge-de-altura-40-con-carcasa-integramente-tapizada\/#primaryimage\"},\"thumbnailUrl\":\"https:\/\/www.dressy.design\/wp-content\/uploads\/2021\/12\/p_Butaca-Nubo-410101-1.webp\",\"datePublished\":\"2021-12-23T12:28:59+00:00\",\"dateModified\":\"2022-06-08T07:38:24+00:00\",\"description\":\"NUBO 410101 - Butaca tipo lounge de altura 40 con carcasa \u00edntegramente tapizada y pie met\u00e1lico conificado, dise\u00f1ado por Santiago Sevillano.\",\"breadcrumb\":{\"@id\":\"https:\/\/www.dressy.design\/en\/p\/nubo-410101-butaca-tipo-lounge-de-altura-40-con-carcasa-integramente-tapizada\/#breadcrumb\"},\"inLanguage\":\"en-US\",\"potentialAction\":[{\"@type\":\"ReadAction\",\"target\":[\"https:\/\/www.dressy.design\/en\/p\/nubo-410101-butaca-tipo-lounge-de-altura-40-con-carcasa-integramente-tapizada\/\"]}]},{\"@type\":\"ImageObject\",\"inLanguage\":\"en-US\",\"@id\":\"https:\/\/www.dressy.design\/en\/p\/nubo-410101-butaca-tipo-lounge-de-altura-40-con-carcasa-integramente-tapizada\/#primaryimage\",\"url\":\"https:\/\/www.dressy.design\/wp-content\/uploads\/2021\/12\/p_Butaca-Nubo-410101-1.webp\",\"contentUrl\":\"https:\/\/www.dressy.design\/wp-content\/uploads\/2021\/12\/p_Butaca-Nubo-410101-1.webp\",\"width\":1195,\"height\":1195},{\"@type\":\"BreadcrumbList\",\"@id\":\"https:\/\/www.dressy.design\/en\/p\/nubo-410101-butaca-tipo-lounge-de-altura-40-con-carcasa-integramente-tapizada\/#breadcrumb\",\"itemListElement\":[{\"@type\":\"ListItem\",\"position\":1,\"name\":\"Portada\",\"item\":\"https:\/\/www.dressy.design\/en\/\"},{\"@type\":\"ListItem\",\"position\":2,\"name\":\"Tienda\",\"item\":\"https:\/\/www.dressy.design\/es\/?page_id=180\"},{\"@type\":\"ListItem\",\"position\":3,\"name\":\"NUBO 410101\"}]},{\"@type\":\"WebSite\",\"@id\":\"https:\/\/www.dressy.design\/en\/#website\",\"url\":\"https:\/\/www.dressy.design\/en\/\",\"name\":\"Dressy\",\"description\":\"Sillas y mesas de m\u00e1xima calidad y dise\u00f1o\",\"potentialAction\":[{\"@type\":\"SearchAction\",\"target\":{\"@type\":\"EntryPoint\",\"urlTemplate\":\"https:\/\/www.dressy.design\/en\/?s={search_term_string}\"},\"query-input\":{\"@type\":\"PropertyValueSpecification\",\"valueRequired\":true,\"valueName\":\"search_term_string\"}}],\"inLanguage\":\"en-US\"}]}<\/script>\n<!-- \/ Yoast SEO plugin. -->","yoast_head_json":{"title":"Butaca tipo lounge de altura 40 con carcasa \u00edntegramente tapizada Dressy","description":"NUBO 410101 - Butaca tipo lounge de altura 40 con carcasa \u00edntegramente tapizada y pie met\u00e1lico conificado, dise\u00f1ado por Santiago Sevillano.","robots":{"index":"index","follow":"follow","max-snippet":"max-snippet:-1","max-image-preview":"max-image-preview:large","max-video-preview":"max-video-preview:-1"},"canonical":"https:\/\/www.dressy.design\/en\/p\/nubo-410101-butaca-tipo-lounge-de-altura-40-con-carcasa-integramente-tapizada\/","og_locale":"en_US","og_type":"article","og_title":"Butaca tipo lounge de altura 40 con carcasa \u00edntegramente tapizada Dressy","og_description":"NUBO 410101 - Butaca tipo lounge de altura 40 con carcasa \u00edntegramente tapizada y pie met\u00e1lico conificado, dise\u00f1ado por Santiago Sevillano.","og_url":"https:\/\/www.dressy.design\/en\/p\/nubo-410101-butaca-tipo-lounge-de-altura-40-con-carcasa-integramente-tapizada\/","og_site_name":"Dressy","article_modified_time":"2022-06-08T07:38:24+00:00","og_image":[{"width":1195,"height":1195,"url":"https:\/\/www.dressy.design\/wp-content\/uploads\/2021\/12\/p_Butaca-Nubo-410101-1.webp","type":"image\/webp"}],"twitter_card":"summary_large_image","twitter_misc":{"Est. reading time":"1 minute"},"schema":{"@context":"https:\/\/schema.org","@graph":[{"@type":"WebPage","@id":"https:\/\/www.dressy.design\/en\/p\/nubo-410101-butaca-tipo-lounge-de-altura-40-con-carcasa-integramente-tapizada\/","url":"https:\/\/www.dressy.design\/en\/p\/nubo-410101-butaca-tipo-lounge-de-altura-40-con-carcasa-integramente-tapizada\/","name":"Butaca tipo lounge de altura 40 con carcasa \u00edntegramente tapizada Dressy","isPartOf":{"@id":"https:\/\/www.dressy.design\/en\/#website"},"primaryImageOfPage":{"@id":"https:\/\/www.dressy.design\/en\/p\/nubo-410101-butaca-tipo-lounge-de-altura-40-con-carcasa-integramente-tapizada\/#primaryimage"},"image":{"@id":"https:\/\/www.dressy.design\/en\/p\/nubo-410101-butaca-tipo-lounge-de-altura-40-con-carcasa-integramente-tapizada\/#primaryimage"},"thumbnailUrl":"https:\/\/www.dressy.design\/wp-content\/uploads\/2021\/12\/p_Butaca-Nubo-410101-1.webp","datePublished":"2021-12-23T12:28:59+00:00","dateModified":"2022-06-08T07:38:24+00:00","description":"NUBO 410101 - Butaca tipo lounge de altura 40 con carcasa \u00edntegramente tapizada y pie met\u00e1lico conificado, dise\u00f1ado por Santiago Sevillano.","breadcrumb":{"@id":"https:\/\/www.dressy.design\/en\/p\/nubo-410101-butaca-tipo-lounge-de-altura-40-con-carcasa-integramente-tapizada\/#breadcrumb"},"inLanguage":"en-US","potentialAction":[{"@type":"ReadAction","target":["https:\/\/www.dressy.design\/en\/p\/nubo-410101-butaca-tipo-lounge-de-altura-40-con-carcasa-integramente-tapizada\/"]}]},{"@type":"ImageObject","inLanguage":"en-US","@id":"https:\/\/www.dressy.design\/en\/p\/nubo-410101-butaca-tipo-lounge-de-altura-40-con-carcasa-integramente-tapizada\/#primaryimage","url":"https:\/\/www.dressy.design\/wp-content\/uploads\/2021\/12\/p_Butaca-Nubo-410101-1.webp","contentUrl":"https:\/\/www.dressy.design\/wp-content\/uploads\/2021\/12\/p_Butaca-Nubo-410101-1.webp","width":1195,"height":1195},{"@type":"BreadcrumbList","@id":"https:\/\/www.dressy.design\/en\/p\/nubo-410101-butaca-tipo-lounge-de-altura-40-con-carcasa-integramente-tapizada\/#breadcrumb","itemListElement":[{"@type":"ListItem","position":1,"name":"Portada","item":"https:\/\/www.dressy.design\/en\/"},{"@type":"ListItem","position":2,"name":"Tienda","item":"https:\/\/www.dressy.design\/es\/?page_id=180"},{"@type":"ListItem","position":3,"name":"NUBO 410101"}]},{"@type":"WebSite","@id":"https:\/\/www.dressy.design\/en\/#website","url":"https:\/\/www.dressy.design\/en\/","name":"Dressy","description":"Sillas y mesas de m\u00e1xima calidad y dise\u00f1o","potentialAction":[{"@type":"SearchAction","target":{"@type":"EntryPoint","urlTemplate":"https:\/\/www.dressy.design\/en\/?s={search_term_string}"},"query-input":{"@type":"PropertyValueSpecification","valueRequired":true,"valueName":"search_term_string"}}],"inLanguage":"en-US"}]}},"_links":{"self":[{"href":"https:\/\/www.dressy.design\/en\/wp-json\/wp\/v2\/product\/5752","targetHints":{"allow":["GET"]}}],"collection":[{"href":"https:\/\/www.dressy.design\/en\/wp-json\/wp\/v2\/product"}],"about":[{"href":"https:\/\/www.dressy.design\/en\/wp-json\/wp\/v2\/types\/product"}],"wp:featuredmedia":[{"embeddable":true,"href":"https:\/\/www.dressy.design\/en\/wp-json\/wp\/v2\/media\/4831"}],"wp:attachment":[{"href":"https:\/\/www.dressy.design\/en\/wp-json\/wp\/v2\/media?parent=5752"}],"wp:term":[{"taxonomy":"product_brand","embeddable":true,"href":"https:\/\/www.dressy.design\/en\/wp-json\/wp\/v2\/product_brand?post=5752"},{"taxonomy":"product_cat","embeddable":true,"href":"https:\/\/www.dressy.design\/en\/wp-json\/wp\/v2\/product_cat?post=5752"},{"taxonomy":"product_tag","embeddable":true,"href":"https:\/\/www.dressy.design\/en\/wp-json\/wp\/v2\/product_tag?post=5752"}],"curies":[{"name":"wp","href":"https:\/\/api.w.org\/{rel}","templated":true}]}}