{"id":5753,"date":"2021-12-23T12:28:59","date_gmt":"2021-12-23T12:28:59","guid":{"rendered":"https:\/\/www.dressy.design\/p\/nubo-4100-butaca-moderna-pie-metalico\/"},"modified":"2022-06-08T09:39:02","modified_gmt":"2022-06-08T07:39:02","slug":"nubo-4100-butaca-moderna-pie-metalico","status":"publish","type":"product","link":"https:\/\/www.dressy.design\/en\/p\/nubo-4100-butaca-moderna-pie-metalico\/","title":{"rendered":"NUBO 4100"},"content":{"rendered":"\t<div id=\"gap-1126828290\" class=\"gap-element clearfix hide-for-small\" style=\"display:block; height:auto;\">\n\t\t\n<style>\n#gap-1126828290 {\n  padding-top: 30px;\n}\n<\/style>\n\t<\/div>\n\t\n\t<div class=\"img has-hover x md-x lg-x y md-y lg-y\" id=\"image_1236892083\">\n\t\t\t\t\t\t\t\t<div class=\"img-inner image-zoom dark\" >\n\t\t\t<img loading=\"lazy\" decoding=\"async\" width=\"1170\" height=\"800\" src=\"https:\/\/www.dressy.design\/wp-content\/uploads\/2021\/12\/Silla-Nubo-4100-Producto_01-1.jpg\" class=\"attachment-large size-large\" alt=\"\" srcset=\"https:\/\/www.dressy.design\/wp-content\/uploads\/2021\/12\/Silla-Nubo-4100-Producto_01-1.jpg 1170w, https:\/\/www.dressy.design\/wp-content\/uploads\/2021\/12\/Silla-Nubo-4100-Producto_01-1-150x103.jpg 150w, https:\/\/www.dressy.design\/wp-content\/uploads\/2021\/12\/Silla-Nubo-4100-Producto_01-1-768x525.jpg 768w, https:\/\/www.dressy.design\/wp-content\/uploads\/2021\/12\/Silla-Nubo-4100-Producto_01-1-50x34.jpg 50w, https:\/\/www.dressy.design\/wp-content\/uploads\/2021\/12\/Silla-Nubo-4100-Producto_01-1-100x68.jpg 100w, https:\/\/www.dressy.design\/wp-content\/uploads\/2021\/12\/Silla-Nubo-4100-Producto_01-1-300x205.jpg 300w, https:\/\/www.dressy.design\/wp-content\/uploads\/2021\/12\/Silla-Nubo-4100-Producto_01-1-600x410.jpg 600w\" sizes=\"auto, (max-width: 1170px) 100vw, 1170px\" \/>\t\t\t\t\t\t\n\t\t\t\t\t<\/div>\n\t\t\t\t\t\t\t\t\n<style>\n#image_1236892083 {\n  width: 100%;\n}\n<\/style>\n\t<\/div>\n\t\n\t<div id=\"gap-765087824\" class=\"gap-element clearfix hide-for-small\" style=\"display:block; height:auto;\">\n\t\t\n<style>\n#gap-765087824 {\n  padding-top: 30px;\n}\n<\/style>\n\t<\/div>\n\t\n\t<div id=\"text-2394359108\" class=\"text justify\">\n\t\t\n<p>Nubo designed by Santiago Sevillano, it is the new seats collection for Dressy, the result of a careful craftsmanship that continues to find new expressions. One of its main significant characteristics is the meeting of the parts of the backrest, which gives volume to the piece as if it were three merged clouds. It is available in three types of legs, giving the collection great versatility when configuring the product. The backrest can be high or low. There is also a lounge chair included in the collection.<\/p>\n\t\t\t<\/div>\n\t\n<div class=\"row descripcion-parte-1\"  id=\"row-676299105\">\n\n\t<div id=\"col-275670653\" class=\"col medium-6 small-12 large-6\"  data-animate=\"fadeInDown\">\n\t\t\t\t<div class=\"col-inner\"  >\n\t\t\t\n\t\t\t\n\t<div class=\"img has-hover x md-x lg-x y md-y lg-y\" id=\"image_615960756\">\n\t\t\t\t\t\t\t\t<div class=\"img-inner image-zoom dark\" >\n\t\t\t<img loading=\"lazy\" decoding=\"async\" width=\"550\" height=\"800\" src=\"https:\/\/www.dressy.design\/wp-content\/uploads\/2021\/11\/Silla-Nubo-4100-Producto_03.webp\" class=\"attachment-large size-large\" alt=\"\" srcset=\"https:\/\/www.dressy.design\/wp-content\/uploads\/2021\/11\/Silla-Nubo-4100-Producto_03.webp 550w, https:\/\/www.dressy.design\/wp-content\/uploads\/2021\/11\/Silla-Nubo-4100-Producto_03-150x218.webp 150w, https:\/\/www.dressy.design\/wp-content\/uploads\/2021\/11\/Silla-Nubo-4100-Producto_03-34x50.webp 34w, https:\/\/www.dressy.design\/wp-content\/uploads\/2021\/11\/Silla-Nubo-4100-Producto_03-69x100.webp 69w, https:\/\/www.dressy.design\/wp-content\/uploads\/2021\/11\/Silla-Nubo-4100-Producto_03-300x436.webp 300w\" sizes=\"auto, (max-width: 550px) 100vw, 550px\" \/>\t\t\t\t\t\t\n\t\t\t\t\t<\/div>\n\t\t\t\t\t\t\t\t\n<style>\n#image_615960756 {\n  width: 100%;\n}\n<\/style>\n\t<\/div>\n\t\n\t\t<\/div>\n\t\t\t\t\t<\/div>\n\n\t\n\n\t<div id=\"col-1999718205\" class=\"col medium-6 small-12 large-6\"  >\n\t\t\t\t<div class=\"col-inner\"  >\n\t\t\t\n\t\t\t\n\t<div class=\"img has-hover x md-x lg-x y md-y lg-y\" id=\"image_336354134\">\n\t\t\t\t\t\t\t\t<div class=\"img-inner image-zoom dark\" >\n\t\t\t<img loading=\"lazy\" decoding=\"async\" width=\"550\" height=\"800\" src=\"https:\/\/www.dressy.design\/wp-content\/uploads\/2021\/11\/Silla-Nubo-4100-Producto_02.webp\" class=\"attachment-large size-large\" alt=\"\" srcset=\"https:\/\/www.dressy.design\/wp-content\/uploads\/2021\/11\/Silla-Nubo-4100-Producto_02.webp 550w, https:\/\/www.dressy.design\/wp-content\/uploads\/2021\/11\/Silla-Nubo-4100-Producto_02-150x218.webp 150w, https:\/\/www.dressy.design\/wp-content\/uploads\/2021\/11\/Silla-Nubo-4100-Producto_02-34x50.webp 34w, https:\/\/www.dressy.design\/wp-content\/uploads\/2021\/11\/Silla-Nubo-4100-Producto_02-69x100.webp 69w, https:\/\/www.dressy.design\/wp-content\/uploads\/2021\/11\/Silla-Nubo-4100-Producto_02-300x436.webp 300w\" sizes=\"auto, (max-width: 550px) 100vw, 550px\" \/>\t\t\t\t\t\t\n\t\t\t\t\t<\/div>\n\t\t\t\t\t\t\t\t\n<style>\n#image_336354134 {\n  width: 100%;\n}\n<\/style>\n\t<\/div>\n\t\n\t\t<\/div>\n\t\t\t\t\t<\/div>\n\n\t\n<\/div>\n\t<div id=\"gap-288878334\" class=\"gap-element clearfix hide-for-small\" style=\"display:block; height:auto;\">\n\t\t\n<style>\n#gap-288878334 {\n  padding-top: 30px;\n}\n<\/style>\n\t<\/div>\n\t\n<div class=\"row descripcion-parte-1\"  id=\"row-182880859\">\n\n\t<div id=\"col-1247242976\" class=\"col small-12 large-12\"  data-animate=\"fadeInDown\">\n\t\t\t\t<div class=\"col-inner\"  >\n\t\t\t\n\t\t\t\n\t\t<\/div>\n\t\t\t\t\t<\/div>\n\n\t\n<\/div>\n","protected":false},"excerpt":{"rendered":"<p>High-back chair with \u00d816 mm metal base and fully upholstered injected polyurethane shell.<\/p>\n<p><strong>Designer<\/strong><br \/>\n<a href=\"https:\/\/www.dressy.design\/en\/c\/designers\/santiago-sevillano\/\">Santiago Sevillano<\/a><\/p>\n","protected":false},"featured_media":7619,"template":"","meta":{"_acf_changed":false},"product_brand":[],"product_cat":[237,251,262],"product_tag":[],"class_list":{"0":"post-5753","1":"product","2":"type-product","3":"status-publish","4":"has-post-thumbnail","6":"product_cat-chair","7":"product_cat-nubo-en","8":"product_cat-santiago-sevillano","10":"first","11":"instock","12":"product-type-simple"},"acf":[],"yoast_head":"<!-- This site is optimized with the Yoast SEO plugin v27.2 - https:\/\/yoast.com\/product\/yoast-seo-wordpress\/ -->\n<title>Butaca moderna de dise\u00f1o con pie met\u00e1lico para sal\u00f3n y relax Dressy<\/title>\n<meta name=\"description\" content=\"NUBO 4100 - Butaca moderna de pie met\u00e1lico de \u00d816 mm de respaldo alto con carcasa de poliuretano inyectado \u00edntegramente tapizada\u200e Dressy\" \/>\n<meta name=\"robots\" content=\"index, follow, max-snippet:-1, max-image-preview:large, max-video-preview:-1\" \/>\n<link rel=\"canonical\" href=\"https:\/\/www.dressy.design\/en\/p\/nubo-4100-butaca-moderna-pie-metalico\/\" \/>\n<meta property=\"og:locale\" content=\"en_US\" \/>\n<meta property=\"og:type\" content=\"article\" \/>\n<meta property=\"og:title\" content=\"Butaca moderna de dise\u00f1o con pie met\u00e1lico para sal\u00f3n y relax Dressy\" \/>\n<meta property=\"og:description\" content=\"NUBO 4100 - Butaca moderna de pie met\u00e1lico de \u00d816 mm de respaldo alto con carcasa de poliuretano inyectado \u00edntegramente tapizada\u200e Dressy\" \/>\n<meta property=\"og:url\" content=\"https:\/\/www.dressy.design\/en\/p\/nubo-4100-butaca-moderna-pie-metalico\/\" \/>\n<meta property=\"og:site_name\" content=\"Dressy\" \/>\n<meta property=\"article:modified_time\" content=\"2022-06-08T07:39:02+00:00\" \/>\n<meta property=\"og:image\" content=\"https:\/\/www.dressy.design\/wp-content\/uploads\/2021\/12\/p_Silla-Nubo-4100.webp\" \/>\n\t<meta property=\"og:image:width\" content=\"1195\" \/>\n\t<meta property=\"og:image:height\" content=\"1195\" \/>\n\t<meta property=\"og:image:type\" content=\"image\/webp\" \/>\n<meta name=\"twitter:card\" content=\"summary_large_image\" \/>\n<meta name=\"twitter:label1\" content=\"Est. reading time\" \/>\n\t<meta name=\"twitter:data1\" content=\"1 minute\" \/>\n<script type=\"application\/ld+json\" class=\"yoast-schema-graph\">{\"@context\":\"https:\/\/schema.org\",\"@graph\":[{\"@type\":\"WebPage\",\"@id\":\"https:\/\/www.dressy.design\/en\/p\/nubo-4100-butaca-moderna-pie-metalico\/\",\"url\":\"https:\/\/www.dressy.design\/en\/p\/nubo-4100-butaca-moderna-pie-metalico\/\",\"name\":\"Butaca moderna de dise\u00f1o con pie met\u00e1lico para sal\u00f3n y relax Dressy\",\"isPartOf\":{\"@id\":\"https:\/\/www.dressy.design\/en\/#website\"},\"primaryImageOfPage\":{\"@id\":\"https:\/\/www.dressy.design\/en\/p\/nubo-4100-butaca-moderna-pie-metalico\/#primaryimage\"},\"image\":{\"@id\":\"https:\/\/www.dressy.design\/en\/p\/nubo-4100-butaca-moderna-pie-metalico\/#primaryimage\"},\"thumbnailUrl\":\"https:\/\/www.dressy.design\/wp-content\/uploads\/2021\/12\/0-Silla-Nubo-4100.jpg\",\"datePublished\":\"2021-12-23T12:28:59+00:00\",\"dateModified\":\"2022-06-08T07:39:02+00:00\",\"description\":\"NUBO 4100 - Butaca moderna de pie met\u00e1lico de \u00d816 mm de respaldo alto con carcasa de poliuretano inyectado \u00edntegramente tapizada\u200e Dressy\",\"breadcrumb\":{\"@id\":\"https:\/\/www.dressy.design\/en\/p\/nubo-4100-butaca-moderna-pie-metalico\/#breadcrumb\"},\"inLanguage\":\"en-US\",\"potentialAction\":[{\"@type\":\"ReadAction\",\"target\":[\"https:\/\/www.dressy.design\/en\/p\/nubo-4100-butaca-moderna-pie-metalico\/\"]}]},{\"@type\":\"ImageObject\",\"inLanguage\":\"en-US\",\"@id\":\"https:\/\/www.dressy.design\/en\/p\/nubo-4100-butaca-moderna-pie-metalico\/#primaryimage\",\"url\":\"https:\/\/www.dressy.design\/wp-content\/uploads\/2021\/12\/0-Silla-Nubo-4100.jpg\",\"contentUrl\":\"https:\/\/www.dressy.design\/wp-content\/uploads\/2021\/12\/0-Silla-Nubo-4100.jpg\",\"width\":1195,\"height\":1195},{\"@type\":\"BreadcrumbList\",\"@id\":\"https:\/\/www.dressy.design\/en\/p\/nubo-4100-butaca-moderna-pie-metalico\/#breadcrumb\",\"itemListElement\":[{\"@type\":\"ListItem\",\"position\":1,\"name\":\"Portada\",\"item\":\"https:\/\/www.dressy.design\/en\/\"},{\"@type\":\"ListItem\",\"position\":2,\"name\":\"Tienda\",\"item\":\"https:\/\/www.dressy.design\/es\/?page_id=180\"},{\"@type\":\"ListItem\",\"position\":3,\"name\":\"NUBO 4100\"}]},{\"@type\":\"WebSite\",\"@id\":\"https:\/\/www.dressy.design\/en\/#website\",\"url\":\"https:\/\/www.dressy.design\/en\/\",\"name\":\"Dressy\",\"description\":\"Sillas y mesas de m\u00e1xima calidad y dise\u00f1o\",\"potentialAction\":[{\"@type\":\"SearchAction\",\"target\":{\"@type\":\"EntryPoint\",\"urlTemplate\":\"https:\/\/www.dressy.design\/en\/?s={search_term_string}\"},\"query-input\":{\"@type\":\"PropertyValueSpecification\",\"valueRequired\":true,\"valueName\":\"search_term_string\"}}],\"inLanguage\":\"en-US\"}]}<\/script>\n<!-- \/ Yoast SEO plugin. -->","yoast_head_json":{"title":"Butaca moderna de dise\u00f1o con pie met\u00e1lico para sal\u00f3n y relax Dressy","description":"NUBO 4100 - Butaca moderna de pie met\u00e1lico de \u00d816 mm de respaldo alto con carcasa de poliuretano inyectado \u00edntegramente tapizada\u200e Dressy","robots":{"index":"index","follow":"follow","max-snippet":"max-snippet:-1","max-image-preview":"max-image-preview:large","max-video-preview":"max-video-preview:-1"},"canonical":"https:\/\/www.dressy.design\/en\/p\/nubo-4100-butaca-moderna-pie-metalico\/","og_locale":"en_US","og_type":"article","og_title":"Butaca moderna de dise\u00f1o con pie met\u00e1lico para sal\u00f3n y relax Dressy","og_description":"NUBO 4100 - Butaca moderna de pie met\u00e1lico de \u00d816 mm de respaldo alto con carcasa de poliuretano inyectado \u00edntegramente tapizada\u200e Dressy","og_url":"https:\/\/www.dressy.design\/en\/p\/nubo-4100-butaca-moderna-pie-metalico\/","og_site_name":"Dressy","article_modified_time":"2022-06-08T07:39:02+00:00","og_image":[{"width":1195,"height":1195,"url":"https:\/\/www.dressy.design\/wp-content\/uploads\/2021\/12\/p_Silla-Nubo-4100.webp","type":"image\/webp"}],"twitter_card":"summary_large_image","twitter_misc":{"Est. reading time":"1 minute"},"schema":{"@context":"https:\/\/schema.org","@graph":[{"@type":"WebPage","@id":"https:\/\/www.dressy.design\/en\/p\/nubo-4100-butaca-moderna-pie-metalico\/","url":"https:\/\/www.dressy.design\/en\/p\/nubo-4100-butaca-moderna-pie-metalico\/","name":"Butaca moderna de dise\u00f1o con pie met\u00e1lico para sal\u00f3n y relax Dressy","isPartOf":{"@id":"https:\/\/www.dressy.design\/en\/#website"},"primaryImageOfPage":{"@id":"https:\/\/www.dressy.design\/en\/p\/nubo-4100-butaca-moderna-pie-metalico\/#primaryimage"},"image":{"@id":"https:\/\/www.dressy.design\/en\/p\/nubo-4100-butaca-moderna-pie-metalico\/#primaryimage"},"thumbnailUrl":"https:\/\/www.dressy.design\/wp-content\/uploads\/2021\/12\/0-Silla-Nubo-4100.jpg","datePublished":"2021-12-23T12:28:59+00:00","dateModified":"2022-06-08T07:39:02+00:00","description":"NUBO 4100 - Butaca moderna de pie met\u00e1lico de \u00d816 mm de respaldo alto con carcasa de poliuretano inyectado \u00edntegramente tapizada\u200e Dressy","breadcrumb":{"@id":"https:\/\/www.dressy.design\/en\/p\/nubo-4100-butaca-moderna-pie-metalico\/#breadcrumb"},"inLanguage":"en-US","potentialAction":[{"@type":"ReadAction","target":["https:\/\/www.dressy.design\/en\/p\/nubo-4100-butaca-moderna-pie-metalico\/"]}]},{"@type":"ImageObject","inLanguage":"en-US","@id":"https:\/\/www.dressy.design\/en\/p\/nubo-4100-butaca-moderna-pie-metalico\/#primaryimage","url":"https:\/\/www.dressy.design\/wp-content\/uploads\/2021\/12\/0-Silla-Nubo-4100.jpg","contentUrl":"https:\/\/www.dressy.design\/wp-content\/uploads\/2021\/12\/0-Silla-Nubo-4100.jpg","width":1195,"height":1195},{"@type":"BreadcrumbList","@id":"https:\/\/www.dressy.design\/en\/p\/nubo-4100-butaca-moderna-pie-metalico\/#breadcrumb","itemListElement":[{"@type":"ListItem","position":1,"name":"Portada","item":"https:\/\/www.dressy.design\/en\/"},{"@type":"ListItem","position":2,"name":"Tienda","item":"https:\/\/www.dressy.design\/es\/?page_id=180"},{"@type":"ListItem","position":3,"name":"NUBO 4100"}]},{"@type":"WebSite","@id":"https:\/\/www.dressy.design\/en\/#website","url":"https:\/\/www.dressy.design\/en\/","name":"Dressy","description":"Sillas y mesas de m\u00e1xima calidad y dise\u00f1o","potentialAction":[{"@type":"SearchAction","target":{"@type":"EntryPoint","urlTemplate":"https:\/\/www.dressy.design\/en\/?s={search_term_string}"},"query-input":{"@type":"PropertyValueSpecification","valueRequired":true,"valueName":"search_term_string"}}],"inLanguage":"en-US"}]}},"_links":{"self":[{"href":"https:\/\/www.dressy.design\/en\/wp-json\/wp\/v2\/product\/5753","targetHints":{"allow":["GET"]}}],"collection":[{"href":"https:\/\/www.dressy.design\/en\/wp-json\/wp\/v2\/product"}],"about":[{"href":"https:\/\/www.dressy.design\/en\/wp-json\/wp\/v2\/types\/product"}],"wp:featuredmedia":[{"embeddable":true,"href":"https:\/\/www.dressy.design\/en\/wp-json\/wp\/v2\/media\/7619"}],"wp:attachment":[{"href":"https:\/\/www.dressy.design\/en\/wp-json\/wp\/v2\/media?parent=5753"}],"wp:term":[{"taxonomy":"product_brand","embeddable":true,"href":"https:\/\/www.dressy.design\/en\/wp-json\/wp\/v2\/product_brand?post=5753"},{"taxonomy":"product_cat","embeddable":true,"href":"https:\/\/www.dressy.design\/en\/wp-json\/wp\/v2\/product_cat?post=5753"},{"taxonomy":"product_tag","embeddable":true,"href":"https:\/\/www.dressy.design\/en\/wp-json\/wp\/v2\/product_tag?post=5753"}],"curies":[{"name":"wp","href":"https:\/\/api.w.org\/{rel}","templated":true}]}}