{"id":5774,"date":"2021-12-23T12:28:21","date_gmt":"2021-12-23T12:28:21","guid":{"rendered":"https:\/\/www.dressy.design\/p\/marais-b3-silla-respaldo-bajo-carcasa-madera\/"},"modified":"2022-06-02T15:36:34","modified_gmt":"2022-06-02T13:36:34","slug":"marais-b3-silla-respaldo-bajo-carcasa-madera","status":"publish","type":"product","link":"https:\/\/www.dressy.design\/en\/p\/marais-b3-silla-respaldo-bajo-carcasa-madera\/","title":{"rendered":"MARAIS B3"},"content":{"rendered":"\t<div id=\"gap-777543755\" class=\"gap-element clearfix hide-for-small\" style=\"display:block; height:auto;\">\n\t\t\n<style>\n#gap-777543755 {\n  padding-top: 30px;\n}\n<\/style>\n\t<\/div>\n\t\n\t<div class=\"img has-hover x md-x lg-x y md-y lg-y\" id=\"image_66841210\">\n\t\t\t\t\t\t\t\t<div class=\"img-inner image-zoom dark\" >\n\t\t\t<img loading=\"lazy\" decoding=\"async\" width=\"1270\" height=\"800\" src=\"https:\/\/www.dressy.design\/wp-content\/uploads\/2021\/11\/Silla-Marais-Galeria_01_1270x800px.webp\" class=\"attachment-large size-large\" alt=\"\" srcset=\"https:\/\/www.dressy.design\/wp-content\/uploads\/2021\/11\/Silla-Marais-Galeria_01_1270x800px.webp 1270w, https:\/\/www.dressy.design\/wp-content\/uploads\/2021\/11\/Silla-Marais-Galeria_01_1270x800px-150x94.webp 150w, https:\/\/www.dressy.design\/wp-content\/uploads\/2021\/11\/Silla-Marais-Galeria_01_1270x800px-768x484.webp 768w, https:\/\/www.dressy.design\/wp-content\/uploads\/2021\/11\/Silla-Marais-Galeria_01_1270x800px-50x31.webp 50w, https:\/\/www.dressy.design\/wp-content\/uploads\/2021\/11\/Silla-Marais-Galeria_01_1270x800px-100x63.webp 100w, https:\/\/www.dressy.design\/wp-content\/uploads\/2021\/11\/Silla-Marais-Galeria_01_1270x800px-300x189.webp 300w, https:\/\/www.dressy.design\/wp-content\/uploads\/2021\/11\/Silla-Marais-Galeria_01_1270x800px-600x378.webp 600w\" sizes=\"auto, (max-width: 1270px) 100vw, 1270px\" \/>\t\t\t\t\t\t\n\t\t\t\t\t<\/div>\n\t\t\t\t\t\t\t\t\n<style>\n#image_66841210 {\n  width: 100%;\n}\n<\/style>\n\t<\/div>\n\t\n\t<div id=\"gap-760799745\" class=\"gap-element clearfix hide-for-small\" style=\"display:block; height:auto;\">\n\t\t\n<style>\n#gap-760799745 {\n  padding-top: 30px;\n}\n<\/style>\n\t<\/div>\n\t\n\t<div id=\"text-4094066770\" class=\"text justify\">\n\t\t\n<p>The Marais chair collection consists of 8 metal-leg chairs with different heights and upholstered backrest. Marais is characterized by its elegant style and the magnificent details it hides. A fantastic option to complete any space that<br \/>\nseeks a sophisticated touch.<\/p>\n\t\t\t<\/div>\n\t\n<div class=\"row descripcion-parte-1\"  id=\"row-334742047\">\n\n\t<div id=\"col-105461079\" class=\"col hide-for-small medium-6 small-12 large-6\"  >\n\t\t\t\t<div class=\"col-inner\"  >\n\t\t\t\n\t\t\t\n\t<div class=\"img has-hover x md-x lg-x y md-y lg-y\" id=\"image_651351093\">\n\t\t\t\t\t\t\t\t<div class=\"img-inner image-zoom dark\" >\n\t\t\t<img loading=\"lazy\" decoding=\"async\" width=\"600\" height=\"800\" src=\"https:\/\/www.dressy.design\/wp-content\/uploads\/2021\/11\/Silla-Marais-Galeria_02_600x800px.webp\" class=\"attachment-large size-large\" alt=\"\" srcset=\"https:\/\/www.dressy.design\/wp-content\/uploads\/2021\/11\/Silla-Marais-Galeria_02_600x800px.webp 600w, https:\/\/www.dressy.design\/wp-content\/uploads\/2021\/11\/Silla-Marais-Galeria_02_600x800px-150x200.webp 150w, https:\/\/www.dressy.design\/wp-content\/uploads\/2021\/11\/Silla-Marais-Galeria_02_600x800px-38x50.webp 38w, https:\/\/www.dressy.design\/wp-content\/uploads\/2021\/11\/Silla-Marais-Galeria_02_600x800px-75x100.webp 75w, https:\/\/www.dressy.design\/wp-content\/uploads\/2021\/11\/Silla-Marais-Galeria_02_600x800px-300x400.webp 300w\" sizes=\"auto, (max-width: 600px) 100vw, 600px\" \/>\t\t\t\t\t\t\n\t\t\t\t\t<\/div>\n\t\t\t\t\t\t\t\t\n<style>\n#image_651351093 {\n  width: 100%;\n}\n<\/style>\n\t<\/div>\n\t\n\t\t<\/div>\n\t\t\t\t\t<\/div>\n\n\t\n\n\t<div id=\"col-1081161235\" class=\"col medium-6 small-12 large-6\"  data-animate=\"fadeInDown\">\n\t\t\t\t<div class=\"col-inner\"  >\n\t\t\t\n\t\t\t\n\t<div class=\"img has-hover x md-x lg-x y md-y lg-y\" id=\"image_757402976\">\n\t\t\t\t\t\t\t\t<div class=\"img-inner image-zoom dark\" >\n\t\t\t<img loading=\"lazy\" decoding=\"async\" width=\"600\" height=\"800\" src=\"https:\/\/www.dressy.design\/wp-content\/uploads\/2021\/11\/Silla-Marais-Galeria_03_600x800px.webp\" class=\"attachment-large size-large\" alt=\"\" srcset=\"https:\/\/www.dressy.design\/wp-content\/uploads\/2021\/11\/Silla-Marais-Galeria_03_600x800px.webp 600w, https:\/\/www.dressy.design\/wp-content\/uploads\/2021\/11\/Silla-Marais-Galeria_03_600x800px-150x200.webp 150w, https:\/\/www.dressy.design\/wp-content\/uploads\/2021\/11\/Silla-Marais-Galeria_03_600x800px-38x50.webp 38w, https:\/\/www.dressy.design\/wp-content\/uploads\/2021\/11\/Silla-Marais-Galeria_03_600x800px-75x100.webp 75w, https:\/\/www.dressy.design\/wp-content\/uploads\/2021\/11\/Silla-Marais-Galeria_03_600x800px-300x400.webp 300w\" sizes=\"auto, (max-width: 600px) 100vw, 600px\" \/>\t\t\t\t\t\t\n\t\t\t\t\t<\/div>\n\t\t\t\t\t\t\t\t\n<style>\n#image_757402976 {\n  width: 100%;\n}\n<\/style>\n\t<\/div>\n\t\n\t\t<\/div>\n\t\t\t\t\t<\/div>\n\n\t\n<\/div>\n\t<div id=\"gap-193239884\" class=\"gap-element clearfix hide-for-small\" style=\"display:block; height:auto;\">\n\t\t\n<style>\n#gap-193239884 {\n  padding-top: 30px;\n}\n<\/style>\n\t<\/div>\n\t\n<div class=\"row descripcion-parte-1\"  id=\"row-1571789081\">\n\n\t<div id=\"col-409832111\" class=\"col hide-for-small medium-2 small-12 large-2\"  >\n\t\t\t\t<div class=\"col-inner\"  >\n\t\t\t\n\t\t\t\n\t\t<\/div>\n\t\t\t\t\t<\/div>\n\n\t\n\n\t<div id=\"col-79791067\" class=\"col medium-8 small-12 large-8\"  data-animate=\"fadeInDown\">\n\t\t\t\t<div class=\"col-inner\"  >\n\t\t\t\n\t\t\t\n\t\t<\/div>\n\t\t\t\t\t<\/div>\n\n\t\n<\/div>\n","protected":false},"excerpt":{"rendered":"<p>Low back chair with wooden shell. Metal legs.<\/p>\n","protected":false},"featured_media":4901,"template":"","meta":{"_acf_changed":false},"product_brand":[],"product_cat":[237,248],"product_tag":[],"class_list":{"0":"post-5774","1":"product","2":"type-product","3":"status-publish","4":"has-post-thumbnail","6":"product_cat-chair","7":"product_cat-marais-en","9":"first","10":"instock","11":"product-type-simple"},"acf":[],"yoast_head":"<!-- This site is optimized with the Yoast SEO plugin v27.2 - https:\/\/yoast.com\/product\/yoast-seo-wordpress\/ -->\n<title>Marais B3 Silla respaldo bajo y carcasa en madera con\u200e pie met\u00e1lico central<\/title>\n<meta name=\"description\" content=\"MARAIS B3 se caracteriza por su estilo elegante, bien cuidado y por los magn\u00edficos detalles, descubre la nueva colecci\u00f3n de sillas Marais B3\" \/>\n<meta name=\"robots\" content=\"index, follow, max-snippet:-1, max-image-preview:large, max-video-preview:-1\" \/>\n<link rel=\"canonical\" href=\"https:\/\/www.dressy.design\/en\/p\/marais-b3-silla-respaldo-bajo-carcasa-madera\/\" \/>\n<meta property=\"og:locale\" content=\"en_US\" \/>\n<meta property=\"og:type\" content=\"article\" \/>\n<meta property=\"og:title\" content=\"Marais B3 Silla respaldo bajo y carcasa en madera con\u200e pie met\u00e1lico central\" \/>\n<meta property=\"og:description\" content=\"MARAIS B3 se caracteriza por su estilo elegante, bien cuidado y por los magn\u00edficos detalles, descubre la nueva colecci\u00f3n de sillas Marais B3\" \/>\n<meta property=\"og:url\" content=\"https:\/\/www.dressy.design\/en\/p\/marais-b3-silla-respaldo-bajo-carcasa-madera\/\" \/>\n<meta property=\"og:site_name\" content=\"Dressy\" \/>\n<meta property=\"article:modified_time\" content=\"2022-06-02T13:36:34+00:00\" \/>\n<meta property=\"og:image\" content=\"https:\/\/www.dressy.design\/wp-content\/uploads\/2021\/12\/p_Silla-Marais-B3.webp\" \/>\n\t<meta property=\"og:image:width\" content=\"1195\" \/>\n\t<meta property=\"og:image:height\" content=\"1195\" \/>\n\t<meta property=\"og:image:type\" content=\"image\/webp\" \/>\n<meta name=\"twitter:card\" content=\"summary_large_image\" \/>\n<meta name=\"twitter:label1\" content=\"Est. reading time\" \/>\n\t<meta name=\"twitter:data1\" content=\"1 minute\" \/>\n<script type=\"application\/ld+json\" class=\"yoast-schema-graph\">{\"@context\":\"https:\/\/schema.org\",\"@graph\":[{\"@type\":\"WebPage\",\"@id\":\"https:\/\/www.dressy.design\/en\/p\/marais-b3-silla-respaldo-bajo-carcasa-madera\/\",\"url\":\"https:\/\/www.dressy.design\/en\/p\/marais-b3-silla-respaldo-bajo-carcasa-madera\/\",\"name\":\"Marais B3 Silla respaldo bajo y carcasa en madera con\u200e pie met\u00e1lico central\",\"isPartOf\":{\"@id\":\"https:\/\/www.dressy.design\/en\/#website\"},\"primaryImageOfPage\":{\"@id\":\"https:\/\/www.dressy.design\/en\/p\/marais-b3-silla-respaldo-bajo-carcasa-madera\/#primaryimage\"},\"image\":{\"@id\":\"https:\/\/www.dressy.design\/en\/p\/marais-b3-silla-respaldo-bajo-carcasa-madera\/#primaryimage\"},\"thumbnailUrl\":\"https:\/\/www.dressy.design\/wp-content\/uploads\/2021\/12\/p_Silla-Marais-B3.webp\",\"datePublished\":\"2021-12-23T12:28:21+00:00\",\"dateModified\":\"2022-06-02T13:36:34+00:00\",\"description\":\"MARAIS B3 se caracteriza por su estilo elegante, bien cuidado y por los magn\u00edficos detalles, descubre la nueva colecci\u00f3n de sillas Marais B3\",\"breadcrumb\":{\"@id\":\"https:\/\/www.dressy.design\/en\/p\/marais-b3-silla-respaldo-bajo-carcasa-madera\/#breadcrumb\"},\"inLanguage\":\"en-US\",\"potentialAction\":[{\"@type\":\"ReadAction\",\"target\":[\"https:\/\/www.dressy.design\/en\/p\/marais-b3-silla-respaldo-bajo-carcasa-madera\/\"]}]},{\"@type\":\"ImageObject\",\"inLanguage\":\"en-US\",\"@id\":\"https:\/\/www.dressy.design\/en\/p\/marais-b3-silla-respaldo-bajo-carcasa-madera\/#primaryimage\",\"url\":\"https:\/\/www.dressy.design\/wp-content\/uploads\/2021\/12\/p_Silla-Marais-B3.webp\",\"contentUrl\":\"https:\/\/www.dressy.design\/wp-content\/uploads\/2021\/12\/p_Silla-Marais-B3.webp\",\"width\":1195,\"height\":1195},{\"@type\":\"BreadcrumbList\",\"@id\":\"https:\/\/www.dressy.design\/en\/p\/marais-b3-silla-respaldo-bajo-carcasa-madera\/#breadcrumb\",\"itemListElement\":[{\"@type\":\"ListItem\",\"position\":1,\"name\":\"Portada\",\"item\":\"https:\/\/www.dressy.design\/en\/\"},{\"@type\":\"ListItem\",\"position\":2,\"name\":\"Tienda\",\"item\":\"https:\/\/www.dressy.design\/es\/?page_id=180\"},{\"@type\":\"ListItem\",\"position\":3,\"name\":\"MARAIS B3\"}]},{\"@type\":\"WebSite\",\"@id\":\"https:\/\/www.dressy.design\/en\/#website\",\"url\":\"https:\/\/www.dressy.design\/en\/\",\"name\":\"Dressy\",\"description\":\"Sillas y mesas de m\u00e1xima calidad y dise\u00f1o\",\"potentialAction\":[{\"@type\":\"SearchAction\",\"target\":{\"@type\":\"EntryPoint\",\"urlTemplate\":\"https:\/\/www.dressy.design\/en\/?s={search_term_string}\"},\"query-input\":{\"@type\":\"PropertyValueSpecification\",\"valueRequired\":true,\"valueName\":\"search_term_string\"}}],\"inLanguage\":\"en-US\"}]}<\/script>\n<!-- \/ Yoast SEO plugin. -->","yoast_head_json":{"title":"Marais B3 Silla respaldo bajo y carcasa en madera con\u200e pie met\u00e1lico central","description":"MARAIS B3 se caracteriza por su estilo elegante, bien cuidado y por los magn\u00edficos detalles, descubre la nueva colecci\u00f3n de sillas Marais B3","robots":{"index":"index","follow":"follow","max-snippet":"max-snippet:-1","max-image-preview":"max-image-preview:large","max-video-preview":"max-video-preview:-1"},"canonical":"https:\/\/www.dressy.design\/en\/p\/marais-b3-silla-respaldo-bajo-carcasa-madera\/","og_locale":"en_US","og_type":"article","og_title":"Marais B3 Silla respaldo bajo y carcasa en madera con\u200e pie met\u00e1lico central","og_description":"MARAIS B3 se caracteriza por su estilo elegante, bien cuidado y por los magn\u00edficos detalles, descubre la nueva colecci\u00f3n de sillas Marais B3","og_url":"https:\/\/www.dressy.design\/en\/p\/marais-b3-silla-respaldo-bajo-carcasa-madera\/","og_site_name":"Dressy","article_modified_time":"2022-06-02T13:36:34+00:00","og_image":[{"width":1195,"height":1195,"url":"https:\/\/www.dressy.design\/wp-content\/uploads\/2021\/12\/p_Silla-Marais-B3.webp","type":"image\/webp"}],"twitter_card":"summary_large_image","twitter_misc":{"Est. reading time":"1 minute"},"schema":{"@context":"https:\/\/schema.org","@graph":[{"@type":"WebPage","@id":"https:\/\/www.dressy.design\/en\/p\/marais-b3-silla-respaldo-bajo-carcasa-madera\/","url":"https:\/\/www.dressy.design\/en\/p\/marais-b3-silla-respaldo-bajo-carcasa-madera\/","name":"Marais B3 Silla respaldo bajo y carcasa en madera con\u200e pie met\u00e1lico central","isPartOf":{"@id":"https:\/\/www.dressy.design\/en\/#website"},"primaryImageOfPage":{"@id":"https:\/\/www.dressy.design\/en\/p\/marais-b3-silla-respaldo-bajo-carcasa-madera\/#primaryimage"},"image":{"@id":"https:\/\/www.dressy.design\/en\/p\/marais-b3-silla-respaldo-bajo-carcasa-madera\/#primaryimage"},"thumbnailUrl":"https:\/\/www.dressy.design\/wp-content\/uploads\/2021\/12\/p_Silla-Marais-B3.webp","datePublished":"2021-12-23T12:28:21+00:00","dateModified":"2022-06-02T13:36:34+00:00","description":"MARAIS B3 se caracteriza por su estilo elegante, bien cuidado y por los magn\u00edficos detalles, descubre la nueva colecci\u00f3n de sillas Marais B3","breadcrumb":{"@id":"https:\/\/www.dressy.design\/en\/p\/marais-b3-silla-respaldo-bajo-carcasa-madera\/#breadcrumb"},"inLanguage":"en-US","potentialAction":[{"@type":"ReadAction","target":["https:\/\/www.dressy.design\/en\/p\/marais-b3-silla-respaldo-bajo-carcasa-madera\/"]}]},{"@type":"ImageObject","inLanguage":"en-US","@id":"https:\/\/www.dressy.design\/en\/p\/marais-b3-silla-respaldo-bajo-carcasa-madera\/#primaryimage","url":"https:\/\/www.dressy.design\/wp-content\/uploads\/2021\/12\/p_Silla-Marais-B3.webp","contentUrl":"https:\/\/www.dressy.design\/wp-content\/uploads\/2021\/12\/p_Silla-Marais-B3.webp","width":1195,"height":1195},{"@type":"BreadcrumbList","@id":"https:\/\/www.dressy.design\/en\/p\/marais-b3-silla-respaldo-bajo-carcasa-madera\/#breadcrumb","itemListElement":[{"@type":"ListItem","position":1,"name":"Portada","item":"https:\/\/www.dressy.design\/en\/"},{"@type":"ListItem","position":2,"name":"Tienda","item":"https:\/\/www.dressy.design\/es\/?page_id=180"},{"@type":"ListItem","position":3,"name":"MARAIS B3"}]},{"@type":"WebSite","@id":"https:\/\/www.dressy.design\/en\/#website","url":"https:\/\/www.dressy.design\/en\/","name":"Dressy","description":"Sillas y mesas de m\u00e1xima calidad y dise\u00f1o","potentialAction":[{"@type":"SearchAction","target":{"@type":"EntryPoint","urlTemplate":"https:\/\/www.dressy.design\/en\/?s={search_term_string}"},"query-input":{"@type":"PropertyValueSpecification","valueRequired":true,"valueName":"search_term_string"}}],"inLanguage":"en-US"}]}},"_links":{"self":[{"href":"https:\/\/www.dressy.design\/en\/wp-json\/wp\/v2\/product\/5774","targetHints":{"allow":["GET"]}}],"collection":[{"href":"https:\/\/www.dressy.design\/en\/wp-json\/wp\/v2\/product"}],"about":[{"href":"https:\/\/www.dressy.design\/en\/wp-json\/wp\/v2\/types\/product"}],"wp:featuredmedia":[{"embeddable":true,"href":"https:\/\/www.dressy.design\/en\/wp-json\/wp\/v2\/media\/4901"}],"wp:attachment":[{"href":"https:\/\/www.dressy.design\/en\/wp-json\/wp\/v2\/media?parent=5774"}],"wp:term":[{"taxonomy":"product_brand","embeddable":true,"href":"https:\/\/www.dressy.design\/en\/wp-json\/wp\/v2\/product_brand?post=5774"},{"taxonomy":"product_cat","embeddable":true,"href":"https:\/\/www.dressy.design\/en\/wp-json\/wp\/v2\/product_cat?post=5774"},{"taxonomy":"product_tag","embeddable":true,"href":"https:\/\/www.dressy.design\/en\/wp-json\/wp\/v2\/product_tag?post=5774"}],"curies":[{"name":"wp","href":"https:\/\/api.w.org\/{rel}","templated":true}]}}