{"id":5783,"date":"2021-12-23T12:28:03","date_gmt":"2021-12-23T12:28:03","guid":{"rendered":"https:\/\/www.dressy.design\/p\/lap-4051-butaca-asiento-desenfundable-con-pie-tubo-metalico\/"},"modified":"2022-06-08T09:41:27","modified_gmt":"2022-06-08T07:41:27","slug":"lap-4051-butaca-asiento-desenfundable-con-pie-tubo-metalico","status":"publish","type":"product","link":"https:\/\/www.dressy.design\/en\/p\/lap-4051-butaca-asiento-desenfundable-con-pie-tubo-metalico\/","title":{"rendered":"LAP 4051"},"content":{"rendered":"\t<div id=\"gap-1027538439\" class=\"gap-element clearfix hide-for-small\" style=\"display:block; height:auto;\">\n\t\t\n<style>\n#gap-1027538439 {\n  padding-top: 50px;\n}\n<\/style>\n\t<\/div>\n\t\n<div class=\"row descripcion-parte-1\"  id=\"row-1551696624\">\n\n\t<div id=\"col-1028229743\" class=\"col medium-6 small-12 large-6\"  data-animate=\"fadeInDown\">\n\t\t\t\t<div class=\"col-inner\"  >\n\t\t\t\n\t\t\t\n\t<div class=\"img has-hover x md-x lg-x y md-y lg-y\" id=\"image_748051246\">\n\t\t\t\t\t\t\t\t<div class=\"img-inner dark\" >\n\t\t\t<img loading=\"lazy\" decoding=\"async\" width=\"700\" height=\"800\" src=\"https:\/\/www.dressy.design\/wp-content\/uploads\/2021\/12\/Silla-Lap-4051_06.jpg\" class=\"attachment-large size-large\" alt=\"\" srcset=\"https:\/\/www.dressy.design\/wp-content\/uploads\/2021\/12\/Silla-Lap-4051_06.jpg 700w, https:\/\/www.dressy.design\/wp-content\/uploads\/2021\/12\/Silla-Lap-4051_06-150x171.jpg 150w, https:\/\/www.dressy.design\/wp-content\/uploads\/2021\/12\/Silla-Lap-4051_06-44x50.jpg 44w, https:\/\/www.dressy.design\/wp-content\/uploads\/2021\/12\/Silla-Lap-4051_06-88x100.jpg 88w, https:\/\/www.dressy.design\/wp-content\/uploads\/2021\/12\/Silla-Lap-4051_06-300x343.jpg 300w, https:\/\/www.dressy.design\/wp-content\/uploads\/2021\/12\/Silla-Lap-4051_06-600x686.jpg 600w\" sizes=\"auto, (max-width: 700px) 100vw, 700px\" \/>\t\t\t\t\t\t\n\t\t\t\t\t<\/div>\n\t\t\t\t\t\t\t\t\n<style>\n#image_748051246 {\n  width: 100%;\n}\n<\/style>\n\t<\/div>\n\t\n\t\t<\/div>\n\t\t\t\t\t<\/div>\n\n\t\n\n\t<div id=\"col-1899752657\" class=\"col medium-6 small-12 large-6\"  data-animate=\"fadeInDown\">\n\t\t\t\t<div class=\"col-inner text-left\"  >\n\t\t\t\n\t\t\t\n\t<div class=\"img has-hover x md-x lg-x y md-y lg-y\" id=\"image_135180627\">\n\t\t\t\t\t\t\t\t<div class=\"img-inner dark\" >\n\t\t\t<img loading=\"lazy\" decoding=\"async\" width=\"1270\" height=\"800\" src=\"https:\/\/www.dressy.design\/wp-content\/uploads\/2021\/12\/Silla-Lap-4051_05.jpg\" class=\"attachment-large size-large\" alt=\"\" srcset=\"https:\/\/www.dressy.design\/wp-content\/uploads\/2021\/12\/Silla-Lap-4051_05.jpg 1270w, https:\/\/www.dressy.design\/wp-content\/uploads\/2021\/12\/Silla-Lap-4051_05-150x94.jpg 150w, https:\/\/www.dressy.design\/wp-content\/uploads\/2021\/12\/Silla-Lap-4051_05-768x484.jpg 768w, https:\/\/www.dressy.design\/wp-content\/uploads\/2021\/12\/Silla-Lap-4051_05-50x31.jpg 50w, https:\/\/www.dressy.design\/wp-content\/uploads\/2021\/12\/Silla-Lap-4051_05-100x63.jpg 100w, https:\/\/www.dressy.design\/wp-content\/uploads\/2021\/12\/Silla-Lap-4051_05-300x189.jpg 300w, https:\/\/www.dressy.design\/wp-content\/uploads\/2021\/12\/Silla-Lap-4051_05-600x378.jpg 600w\" sizes=\"auto, (max-width: 1270px) 100vw, 1270px\" \/>\t\t\t\t\t\t\n\t\t\t\t\t<\/div>\n\t\t\t\t\t\t\t\t\n<style>\n#image_135180627 {\n  width: 100%;\n}\n<\/style>\n\t<\/div>\n\t\n\t<div id=\"text-1411356650\" class=\"text justify\">\n\t\t\n<p>Lap is a collection of 4 armchairs designed by Santiago Sevillano. Two types of legs (solid ash wood or metal) and two types of seating options (lacquered or upholstered shell) together with the variety of finishes offer multiple options to create that unique piece that fits perfectly in each environment. A fixed or rotating option with or without automatic return is also available.<\/p>\n\t\t\t<\/div>\n\t\n\t\t<\/div>\n\t\t\t\t\t<\/div>\n\n\t\n<\/div>\n\t<div id=\"gap-1301914134\" class=\"gap-element clearfix hide-for-small\" style=\"display:block; height:auto;\">\n\t\t\n<style>\n#gap-1301914134 {\n  padding-top: 50px;\n}\n<\/style>\n\t<\/div>\n\t\n<div class=\"row descripcion-parte-1\"  id=\"row-1036182564\">\n\n\t<div id=\"col-1327928767\" class=\"col hide-for-small medium-2 small-12 large-2\"  >\n\t\t\t\t<div class=\"col-inner\"  >\n\t\t\t\n\t\t\t\n\t\t<\/div>\n\t\t\t\t\t<\/div>\n\n\t\n\n\t<div id=\"col-1506483006\" class=\"col medium-8 small-12 large-8\"  data-animate=\"fadeInDown\">\n\t\t\t\t<div class=\"col-inner\"  >\n\t\t\t\n\t\t\t\n\t\t<\/div>\n\t\t\t\t\t<\/div>\n\n\t\n<\/div>\n","protected":false},"excerpt":{"rendered":"<p>Chair with \u00d814 mm metal tube legs with fully upholstered shell and removable seat cover.<\/p>\n<p><strong>Designer<\/strong><br \/>\n<a href=\"https:\/\/www.dressy.design\/en\/c\/designers\/santiago-sevillano\/\">Santiago Sevillano<\/a><\/p>\n","protected":false},"featured_media":4885,"template":"","meta":{"_acf_changed":false},"product_brand":[],"product_cat":[237,257,262],"product_tag":[],"class_list":{"0":"post-5783","1":"product","2":"type-product","3":"status-publish","4":"has-post-thumbnail","6":"product_cat-chair","7":"product_cat-lap-en","8":"product_cat-santiago-sevillano","10":"first","11":"instock","12":"product-type-simple"},"acf":[],"yoast_head":"<!-- This site is optimized with the Yoast SEO plugin v27.2 - https:\/\/yoast.com\/product\/yoast-seo-wordpress\/ -->\n<title>LAP 4051 Butaca asiento desenfundable con pie tubo met\u00e1lico Dressy<\/title>\n<meta name=\"description\" content=\"Silla con pie tubo met\u00e1lico de \u00d814 mm con carcasa \u00edntegramente tapizada y asiento desenfundable dise\u00f1ada por Santiago Sevillano Dressy\" \/>\n<meta name=\"robots\" content=\"index, follow, max-snippet:-1, max-image-preview:large, max-video-preview:-1\" \/>\n<link rel=\"canonical\" href=\"https:\/\/www.dressy.design\/en\/p\/lap-4051-butaca-asiento-desenfundable-con-pie-tubo-metalico\/\" \/>\n<meta property=\"og:locale\" content=\"en_US\" \/>\n<meta property=\"og:type\" content=\"article\" \/>\n<meta property=\"og:title\" content=\"LAP 4051 Butaca asiento desenfundable con pie tubo met\u00e1lico Dressy\" \/>\n<meta property=\"og:description\" content=\"Silla con pie tubo met\u00e1lico de \u00d814 mm con carcasa \u00edntegramente tapizada y asiento desenfundable dise\u00f1ada por Santiago Sevillano Dressy\" \/>\n<meta property=\"og:url\" content=\"https:\/\/www.dressy.design\/en\/p\/lap-4051-butaca-asiento-desenfundable-con-pie-tubo-metalico\/\" \/>\n<meta property=\"og:site_name\" content=\"Dressy\" \/>\n<meta property=\"article:modified_time\" content=\"2022-06-08T07:41:27+00:00\" \/>\n<meta property=\"og:image\" content=\"https:\/\/www.dressy.design\/wp-content\/uploads\/2021\/12\/p_Silla-Lap-4051.webp\" \/>\n\t<meta property=\"og:image:width\" content=\"1195\" \/>\n\t<meta property=\"og:image:height\" content=\"1195\" \/>\n\t<meta property=\"og:image:type\" content=\"image\/webp\" \/>\n<meta name=\"twitter:card\" content=\"summary_large_image\" \/>\n<meta name=\"twitter:label1\" content=\"Est. reading time\" \/>\n\t<meta name=\"twitter:data1\" content=\"1 minute\" \/>\n<script type=\"application\/ld+json\" class=\"yoast-schema-graph\">{\"@context\":\"https:\/\/schema.org\",\"@graph\":[{\"@type\":\"WebPage\",\"@id\":\"https:\/\/www.dressy.design\/en\/p\/lap-4051-butaca-asiento-desenfundable-con-pie-tubo-metalico\/\",\"url\":\"https:\/\/www.dressy.design\/en\/p\/lap-4051-butaca-asiento-desenfundable-con-pie-tubo-metalico\/\",\"name\":\"LAP 4051 Butaca asiento desenfundable con pie tubo met\u00e1lico Dressy\",\"isPartOf\":{\"@id\":\"https:\/\/www.dressy.design\/en\/#website\"},\"primaryImageOfPage\":{\"@id\":\"https:\/\/www.dressy.design\/en\/p\/lap-4051-butaca-asiento-desenfundable-con-pie-tubo-metalico\/#primaryimage\"},\"image\":{\"@id\":\"https:\/\/www.dressy.design\/en\/p\/lap-4051-butaca-asiento-desenfundable-con-pie-tubo-metalico\/#primaryimage\"},\"thumbnailUrl\":\"https:\/\/www.dressy.design\/wp-content\/uploads\/2021\/12\/p_Silla-Lap-4051.webp\",\"datePublished\":\"2021-12-23T12:28:03+00:00\",\"dateModified\":\"2022-06-08T07:41:27+00:00\",\"description\":\"Silla con pie tubo met\u00e1lico de \u00d814 mm con carcasa \u00edntegramente tapizada y asiento desenfundable dise\u00f1ada por Santiago Sevillano Dressy\",\"breadcrumb\":{\"@id\":\"https:\/\/www.dressy.design\/en\/p\/lap-4051-butaca-asiento-desenfundable-con-pie-tubo-metalico\/#breadcrumb\"},\"inLanguage\":\"en-US\",\"potentialAction\":[{\"@type\":\"ReadAction\",\"target\":[\"https:\/\/www.dressy.design\/en\/p\/lap-4051-butaca-asiento-desenfundable-con-pie-tubo-metalico\/\"]}]},{\"@type\":\"ImageObject\",\"inLanguage\":\"en-US\",\"@id\":\"https:\/\/www.dressy.design\/en\/p\/lap-4051-butaca-asiento-desenfundable-con-pie-tubo-metalico\/#primaryimage\",\"url\":\"https:\/\/www.dressy.design\/wp-content\/uploads\/2021\/12\/p_Silla-Lap-4051.webp\",\"contentUrl\":\"https:\/\/www.dressy.design\/wp-content\/uploads\/2021\/12\/p_Silla-Lap-4051.webp\",\"width\":1195,\"height\":1195},{\"@type\":\"BreadcrumbList\",\"@id\":\"https:\/\/www.dressy.design\/en\/p\/lap-4051-butaca-asiento-desenfundable-con-pie-tubo-metalico\/#breadcrumb\",\"itemListElement\":[{\"@type\":\"ListItem\",\"position\":1,\"name\":\"Portada\",\"item\":\"https:\/\/www.dressy.design\/en\/\"},{\"@type\":\"ListItem\",\"position\":2,\"name\":\"Tienda\",\"item\":\"https:\/\/www.dressy.design\/es\/?page_id=180\"},{\"@type\":\"ListItem\",\"position\":3,\"name\":\"LAP 4051\"}]},{\"@type\":\"WebSite\",\"@id\":\"https:\/\/www.dressy.design\/en\/#website\",\"url\":\"https:\/\/www.dressy.design\/en\/\",\"name\":\"Dressy\",\"description\":\"Sillas y mesas de m\u00e1xima calidad y dise\u00f1o\",\"potentialAction\":[{\"@type\":\"SearchAction\",\"target\":{\"@type\":\"EntryPoint\",\"urlTemplate\":\"https:\/\/www.dressy.design\/en\/?s={search_term_string}\"},\"query-input\":{\"@type\":\"PropertyValueSpecification\",\"valueRequired\":true,\"valueName\":\"search_term_string\"}}],\"inLanguage\":\"en-US\"}]}<\/script>\n<!-- \/ Yoast SEO plugin. -->","yoast_head_json":{"title":"LAP 4051 Butaca asiento desenfundable con pie tubo met\u00e1lico Dressy","description":"Silla con pie tubo met\u00e1lico de \u00d814 mm con carcasa \u00edntegramente tapizada y asiento desenfundable dise\u00f1ada por Santiago Sevillano Dressy","robots":{"index":"index","follow":"follow","max-snippet":"max-snippet:-1","max-image-preview":"max-image-preview:large","max-video-preview":"max-video-preview:-1"},"canonical":"https:\/\/www.dressy.design\/en\/p\/lap-4051-butaca-asiento-desenfundable-con-pie-tubo-metalico\/","og_locale":"en_US","og_type":"article","og_title":"LAP 4051 Butaca asiento desenfundable con pie tubo met\u00e1lico Dressy","og_description":"Silla con pie tubo met\u00e1lico de \u00d814 mm con carcasa \u00edntegramente tapizada y asiento desenfundable dise\u00f1ada por Santiago Sevillano Dressy","og_url":"https:\/\/www.dressy.design\/en\/p\/lap-4051-butaca-asiento-desenfundable-con-pie-tubo-metalico\/","og_site_name":"Dressy","article_modified_time":"2022-06-08T07:41:27+00:00","og_image":[{"width":1195,"height":1195,"url":"https:\/\/www.dressy.design\/wp-content\/uploads\/2021\/12\/p_Silla-Lap-4051.webp","type":"image\/webp"}],"twitter_card":"summary_large_image","twitter_misc":{"Est. reading time":"1 minute"},"schema":{"@context":"https:\/\/schema.org","@graph":[{"@type":"WebPage","@id":"https:\/\/www.dressy.design\/en\/p\/lap-4051-butaca-asiento-desenfundable-con-pie-tubo-metalico\/","url":"https:\/\/www.dressy.design\/en\/p\/lap-4051-butaca-asiento-desenfundable-con-pie-tubo-metalico\/","name":"LAP 4051 Butaca asiento desenfundable con pie tubo met\u00e1lico Dressy","isPartOf":{"@id":"https:\/\/www.dressy.design\/en\/#website"},"primaryImageOfPage":{"@id":"https:\/\/www.dressy.design\/en\/p\/lap-4051-butaca-asiento-desenfundable-con-pie-tubo-metalico\/#primaryimage"},"image":{"@id":"https:\/\/www.dressy.design\/en\/p\/lap-4051-butaca-asiento-desenfundable-con-pie-tubo-metalico\/#primaryimage"},"thumbnailUrl":"https:\/\/www.dressy.design\/wp-content\/uploads\/2021\/12\/p_Silla-Lap-4051.webp","datePublished":"2021-12-23T12:28:03+00:00","dateModified":"2022-06-08T07:41:27+00:00","description":"Silla con pie tubo met\u00e1lico de \u00d814 mm con carcasa \u00edntegramente tapizada y asiento desenfundable dise\u00f1ada por Santiago Sevillano Dressy","breadcrumb":{"@id":"https:\/\/www.dressy.design\/en\/p\/lap-4051-butaca-asiento-desenfundable-con-pie-tubo-metalico\/#breadcrumb"},"inLanguage":"en-US","potentialAction":[{"@type":"ReadAction","target":["https:\/\/www.dressy.design\/en\/p\/lap-4051-butaca-asiento-desenfundable-con-pie-tubo-metalico\/"]}]},{"@type":"ImageObject","inLanguage":"en-US","@id":"https:\/\/www.dressy.design\/en\/p\/lap-4051-butaca-asiento-desenfundable-con-pie-tubo-metalico\/#primaryimage","url":"https:\/\/www.dressy.design\/wp-content\/uploads\/2021\/12\/p_Silla-Lap-4051.webp","contentUrl":"https:\/\/www.dressy.design\/wp-content\/uploads\/2021\/12\/p_Silla-Lap-4051.webp","width":1195,"height":1195},{"@type":"BreadcrumbList","@id":"https:\/\/www.dressy.design\/en\/p\/lap-4051-butaca-asiento-desenfundable-con-pie-tubo-metalico\/#breadcrumb","itemListElement":[{"@type":"ListItem","position":1,"name":"Portada","item":"https:\/\/www.dressy.design\/en\/"},{"@type":"ListItem","position":2,"name":"Tienda","item":"https:\/\/www.dressy.design\/es\/?page_id=180"},{"@type":"ListItem","position":3,"name":"LAP 4051"}]},{"@type":"WebSite","@id":"https:\/\/www.dressy.design\/en\/#website","url":"https:\/\/www.dressy.design\/en\/","name":"Dressy","description":"Sillas y mesas de m\u00e1xima calidad y dise\u00f1o","potentialAction":[{"@type":"SearchAction","target":{"@type":"EntryPoint","urlTemplate":"https:\/\/www.dressy.design\/en\/?s={search_term_string}"},"query-input":{"@type":"PropertyValueSpecification","valueRequired":true,"valueName":"search_term_string"}}],"inLanguage":"en-US"}]}},"_links":{"self":[{"href":"https:\/\/www.dressy.design\/en\/wp-json\/wp\/v2\/product\/5783","targetHints":{"allow":["GET"]}}],"collection":[{"href":"https:\/\/www.dressy.design\/en\/wp-json\/wp\/v2\/product"}],"about":[{"href":"https:\/\/www.dressy.design\/en\/wp-json\/wp\/v2\/types\/product"}],"wp:featuredmedia":[{"embeddable":true,"href":"https:\/\/www.dressy.design\/en\/wp-json\/wp\/v2\/media\/4885"}],"wp:attachment":[{"href":"https:\/\/www.dressy.design\/en\/wp-json\/wp\/v2\/media?parent=5783"}],"wp:term":[{"taxonomy":"product_brand","embeddable":true,"href":"https:\/\/www.dressy.design\/en\/wp-json\/wp\/v2\/product_brand?post=5783"},{"taxonomy":"product_cat","embeddable":true,"href":"https:\/\/www.dressy.design\/en\/wp-json\/wp\/v2\/product_cat?post=5783"},{"taxonomy":"product_tag","embeddable":true,"href":"https:\/\/www.dressy.design\/en\/wp-json\/wp\/v2\/product_tag?post=5783"}],"curies":[{"name":"wp","href":"https:\/\/api.w.org\/{rel}","templated":true}]}}