{"id":5812,"date":"2021-12-24T12:10:22","date_gmt":"2021-12-24T12:10:22","guid":{"rendered":"https:\/\/www.dressy.design\/p\/miles-h77-consola-aparador-recubierta-de-ceramica-disenado\/"},"modified":"2022-06-08T09:12:44","modified_gmt":"2022-06-08T07:12:44","slug":"miles-h77-consola-aparador-recubierta-de-ceramica-disenado","status":"publish","type":"product","link":"https:\/\/www.dressy.design\/en\/p\/miles-h77-consola-aparador-recubierta-de-ceramica-disenado\/","title":{"rendered":"MILES H77"},"content":{"rendered":"\t<div id=\"gap-1431701084\" class=\"gap-element clearfix hide-for-small\" style=\"display:block; height:auto;\">\n\t\t\n<style>\n#gap-1431701084 {\n  padding-top: 50px;\n}\n<\/style>\n\t<\/div>\n\t\n<div class=\"row descripcion-parte-1\"  id=\"row-1908412605\">\n\n\t<div id=\"col-1460702913\" class=\"col medium-6 small-12 large-6\"  data-animate=\"fadeInDown\">\n\t\t\t\t<div class=\"col-inner\"  >\n\t\t\t\n\t\t\t\n\t<div class=\"img has-hover x md-x lg-x y md-y lg-y\" id=\"image_2119219007\">\n\t\t\t\t\t\t\t\t<div class=\"img-inner image-zoom dark\" >\n\t\t\t<img loading=\"lazy\" decoding=\"async\" width=\"550\" height=\"800\" src=\"https:\/\/www.dressy.design\/wp-content\/uploads\/2021\/11\/Miles-H77_Galeria_01.webp\" class=\"attachment-large size-large\" alt=\"\" srcset=\"https:\/\/www.dressy.design\/wp-content\/uploads\/2021\/11\/Miles-H77_Galeria_01.webp 550w, https:\/\/www.dressy.design\/wp-content\/uploads\/2021\/11\/Miles-H77_Galeria_01-150x218.webp 150w, https:\/\/www.dressy.design\/wp-content\/uploads\/2021\/11\/Miles-H77_Galeria_01-34x50.webp 34w, https:\/\/www.dressy.design\/wp-content\/uploads\/2021\/11\/Miles-H77_Galeria_01-69x100.webp 69w, https:\/\/www.dressy.design\/wp-content\/uploads\/2021\/11\/Miles-H77_Galeria_01-300x436.webp 300w\" sizes=\"auto, (max-width: 550px) 100vw, 550px\" \/>\t\t\t\t\t\t\n\t\t\t\t\t<\/div>\n\t\t\t\t\t\t\t\t\n<style>\n#image_2119219007 {\n  width: 100%;\n}\n<\/style>\n\t<\/div>\n\t\n\t\t<\/div>\n\t\t\t\t\t<\/div>\n\n\t\n\n\t<div id=\"col-1329297967\" class=\"col medium-6 small-12 large-6\"  data-animate=\"fadeInDown\">\n\t\t\t\t<div class=\"col-inner\"  >\n\t\t\t\n\t\t\t\n\t<div class=\"img has-hover x md-x lg-x y md-y lg-y\" id=\"image_1559367167\">\n\t\t\t\t\t\t\t\t<div class=\"img-inner image-zoom dark\" >\n\t\t\t<img loading=\"lazy\" decoding=\"async\" width=\"550\" height=\"800\" src=\"https:\/\/www.dressy.design\/wp-content\/uploads\/2021\/11\/Miles-H77_Galeria_02.webp\" class=\"attachment-large size-large\" alt=\"\" srcset=\"https:\/\/www.dressy.design\/wp-content\/uploads\/2021\/11\/Miles-H77_Galeria_02.webp 550w, https:\/\/www.dressy.design\/wp-content\/uploads\/2021\/11\/Miles-H77_Galeria_02-150x218.webp 150w, https:\/\/www.dressy.design\/wp-content\/uploads\/2021\/11\/Miles-H77_Galeria_02-34x50.webp 34w, https:\/\/www.dressy.design\/wp-content\/uploads\/2021\/11\/Miles-H77_Galeria_02-69x100.webp 69w, https:\/\/www.dressy.design\/wp-content\/uploads\/2021\/11\/Miles-H77_Galeria_02-300x436.webp 300w\" sizes=\"auto, (max-width: 550px) 100vw, 550px\" \/>\t\t\t\t\t\t\n\t\t\t\t\t<\/div>\n\t\t\t\t\t\t\t\t\n<style>\n#image_1559367167 {\n  width: 100%;\n}\n<\/style>\n\t<\/div>\n\t\n\t\t<\/div>\n\t\t\t\t\t<\/div>\n\n\t\n<\/div>\n<div class=\"row descripcion-parte-1\"  id=\"row-111464144\">\n\n\t<div id=\"col-298379469\" class=\"col small-12 large-12\"  data-animate=\"fadeInDown\">\n\t\t\t\t<div class=\"col-inner\"  >\n\t\t\t\n\t\t\t\n\t<div id=\"text-2593393831\" class=\"text justify\">\n\t\t\n<p>Miles is Dressy\u2019s first storage furniture collection that includes both sideboards and highboards in different sizes. The sideboard is offered in three different heights. On the one hand, Floor standing made of MDF and on the other hand a metal structure that is offered in two different heights and two different shapes (circular and rectangular). The upper module can be lacquered or covered in ceramic. This module is divided into two, three or four volumes and is available in several dimensions. It is a highly versatile collection that offers many customisation possibilities to configure the desired piece of furniture. In addition, the sideboard has been designed with the best components on the market, such as BLUM \u00ae and HETTICH \u00ae ironwork.<\/p>\n\t\t\t<\/div>\n\t\n\t<div id=\"gap-1059177803\" class=\"gap-element clearfix hide-for-small\" style=\"display:block; height:auto;\">\n\t\t\n<style>\n#gap-1059177803 {\n  padding-top: 50px;\n}\n<\/style>\n\t<\/div>\n\t\n\t\t<\/div>\n\t\t\t\t\t<\/div>\n\n\t\n<\/div>\n","protected":false},"excerpt":{"rendered":"<p>77 cm high and 124 cm wide console.<\/p>\n<p><strong>Designer<\/strong><br \/>\n<a href=\"https:\/\/www.dressy.design\/en\/c\/designers\/sergio-rochas\/\">Sergio Rochas<\/a><\/p>\n","protected":false},"featured_media":4833,"template":"","meta":{"_acf_changed":false},"product_brand":[],"product_cat":[231,250,260],"product_tag":[],"class_list":{"0":"post-5812","1":"product","2":"type-product","3":"status-publish","4":"has-post-thumbnail","6":"product_cat-console-en","7":"product_cat-miles-en","8":"product_cat-sergio-rochas","10":"first","11":"instock","12":"product-type-simple"},"acf":[],"yoast_head":"<!-- This site is optimized with the Yoast SEO plugin v27.2 - https:\/\/yoast.com\/product\/yoast-seo-wordpress\/ -->\n<title>MILES H77 - consola aparador recubierta de cer\u00e1mica Dressy<\/title>\n<meta name=\"description\" content=\"MILES H77 - Consola de 77 cm de altura y 124 cm de ancho. Los dos m\u00f3dulos est\u00e1n recubiertos por cer\u00e1mico, dise\u00f1ado por Sergio Rochas.\" \/>\n<meta name=\"robots\" content=\"index, follow, max-snippet:-1, max-image-preview:large, max-video-preview:-1\" \/>\n<link rel=\"canonical\" href=\"https:\/\/www.dressy.design\/en\/p\/miles-h77-consola-aparador-recubierta-de-ceramica-disenado\/\" \/>\n<meta property=\"og:locale\" content=\"en_US\" \/>\n<meta property=\"og:type\" content=\"article\" \/>\n<meta property=\"og:title\" content=\"MILES H77 - consola aparador recubierta de cer\u00e1mica Dressy\" \/>\n<meta property=\"og:description\" content=\"MILES H77 - Consola de 77 cm de altura y 124 cm de ancho. Los dos m\u00f3dulos est\u00e1n recubiertos por cer\u00e1mico, dise\u00f1ado por Sergio Rochas.\" \/>\n<meta property=\"og:url\" content=\"https:\/\/www.dressy.design\/en\/p\/miles-h77-consola-aparador-recubierta-de-ceramica-disenado\/\" \/>\n<meta property=\"og:site_name\" content=\"Dressy\" \/>\n<meta property=\"article:modified_time\" content=\"2022-06-08T07:12:44+00:00\" \/>\n<meta property=\"og:image\" content=\"https:\/\/www.dressy.design\/wp-content\/uploads\/2021\/12\/p_Consola-Miles-H77-1.webp\" \/>\n\t<meta property=\"og:image:width\" content=\"1195\" \/>\n\t<meta property=\"og:image:height\" content=\"1195\" \/>\n\t<meta property=\"og:image:type\" content=\"image\/webp\" \/>\n<meta name=\"twitter:card\" content=\"summary_large_image\" \/>\n<meta name=\"twitter:label1\" content=\"Est. reading time\" \/>\n\t<meta name=\"twitter:data1\" content=\"1 minute\" \/>\n<script type=\"application\/ld+json\" class=\"yoast-schema-graph\">{\"@context\":\"https:\/\/schema.org\",\"@graph\":[{\"@type\":\"WebPage\",\"@id\":\"https:\/\/www.dressy.design\/en\/p\/miles-h77-consola-aparador-recubierta-de-ceramica-disenado\/\",\"url\":\"https:\/\/www.dressy.design\/en\/p\/miles-h77-consola-aparador-recubierta-de-ceramica-disenado\/\",\"name\":\"MILES H77 - consola aparador recubierta de cer\u00e1mica Dressy\",\"isPartOf\":{\"@id\":\"https:\/\/www.dressy.design\/en\/#website\"},\"primaryImageOfPage\":{\"@id\":\"https:\/\/www.dressy.design\/en\/p\/miles-h77-consola-aparador-recubierta-de-ceramica-disenado\/#primaryimage\"},\"image\":{\"@id\":\"https:\/\/www.dressy.design\/en\/p\/miles-h77-consola-aparador-recubierta-de-ceramica-disenado\/#primaryimage\"},\"thumbnailUrl\":\"https:\/\/www.dressy.design\/wp-content\/uploads\/2021\/12\/p_Consola-Miles-H77-1.webp\",\"datePublished\":\"2021-12-24T12:10:22+00:00\",\"dateModified\":\"2022-06-08T07:12:44+00:00\",\"description\":\"MILES H77 - Consola de 77 cm de altura y 124 cm de ancho. Los dos m\u00f3dulos est\u00e1n recubiertos por cer\u00e1mico, dise\u00f1ado por Sergio Rochas.\",\"breadcrumb\":{\"@id\":\"https:\/\/www.dressy.design\/en\/p\/miles-h77-consola-aparador-recubierta-de-ceramica-disenado\/#breadcrumb\"},\"inLanguage\":\"en-US\",\"potentialAction\":[{\"@type\":\"ReadAction\",\"target\":[\"https:\/\/www.dressy.design\/en\/p\/miles-h77-consola-aparador-recubierta-de-ceramica-disenado\/\"]}]},{\"@type\":\"ImageObject\",\"inLanguage\":\"en-US\",\"@id\":\"https:\/\/www.dressy.design\/en\/p\/miles-h77-consola-aparador-recubierta-de-ceramica-disenado\/#primaryimage\",\"url\":\"https:\/\/www.dressy.design\/wp-content\/uploads\/2021\/12\/p_Consola-Miles-H77-1.webp\",\"contentUrl\":\"https:\/\/www.dressy.design\/wp-content\/uploads\/2021\/12\/p_Consola-Miles-H77-1.webp\",\"width\":1195,\"height\":1195},{\"@type\":\"BreadcrumbList\",\"@id\":\"https:\/\/www.dressy.design\/en\/p\/miles-h77-consola-aparador-recubierta-de-ceramica-disenado\/#breadcrumb\",\"itemListElement\":[{\"@type\":\"ListItem\",\"position\":1,\"name\":\"Portada\",\"item\":\"https:\/\/www.dressy.design\/en\/\"},{\"@type\":\"ListItem\",\"position\":2,\"name\":\"Tienda\",\"item\":\"https:\/\/www.dressy.design\/es\/?page_id=180\"},{\"@type\":\"ListItem\",\"position\":3,\"name\":\"MILES H77\"}]},{\"@type\":\"WebSite\",\"@id\":\"https:\/\/www.dressy.design\/en\/#website\",\"url\":\"https:\/\/www.dressy.design\/en\/\",\"name\":\"Dressy\",\"description\":\"Sillas y mesas de m\u00e1xima calidad y dise\u00f1o\",\"potentialAction\":[{\"@type\":\"SearchAction\",\"target\":{\"@type\":\"EntryPoint\",\"urlTemplate\":\"https:\/\/www.dressy.design\/en\/?s={search_term_string}\"},\"query-input\":{\"@type\":\"PropertyValueSpecification\",\"valueRequired\":true,\"valueName\":\"search_term_string\"}}],\"inLanguage\":\"en-US\"}]}<\/script>\n<!-- \/ Yoast SEO plugin. -->","yoast_head_json":{"title":"MILES H77 - consola aparador recubierta de cer\u00e1mica Dressy","description":"MILES H77 - Consola de 77 cm de altura y 124 cm de ancho. Los dos m\u00f3dulos est\u00e1n recubiertos por cer\u00e1mico, dise\u00f1ado por Sergio Rochas.","robots":{"index":"index","follow":"follow","max-snippet":"max-snippet:-1","max-image-preview":"max-image-preview:large","max-video-preview":"max-video-preview:-1"},"canonical":"https:\/\/www.dressy.design\/en\/p\/miles-h77-consola-aparador-recubierta-de-ceramica-disenado\/","og_locale":"en_US","og_type":"article","og_title":"MILES H77 - consola aparador recubierta de cer\u00e1mica Dressy","og_description":"MILES H77 - Consola de 77 cm de altura y 124 cm de ancho. Los dos m\u00f3dulos est\u00e1n recubiertos por cer\u00e1mico, dise\u00f1ado por Sergio Rochas.","og_url":"https:\/\/www.dressy.design\/en\/p\/miles-h77-consola-aparador-recubierta-de-ceramica-disenado\/","og_site_name":"Dressy","article_modified_time":"2022-06-08T07:12:44+00:00","og_image":[{"width":1195,"height":1195,"url":"https:\/\/www.dressy.design\/wp-content\/uploads\/2021\/12\/p_Consola-Miles-H77-1.webp","type":"image\/webp"}],"twitter_card":"summary_large_image","twitter_misc":{"Est. reading time":"1 minute"},"schema":{"@context":"https:\/\/schema.org","@graph":[{"@type":"WebPage","@id":"https:\/\/www.dressy.design\/en\/p\/miles-h77-consola-aparador-recubierta-de-ceramica-disenado\/","url":"https:\/\/www.dressy.design\/en\/p\/miles-h77-consola-aparador-recubierta-de-ceramica-disenado\/","name":"MILES H77 - consola aparador recubierta de cer\u00e1mica Dressy","isPartOf":{"@id":"https:\/\/www.dressy.design\/en\/#website"},"primaryImageOfPage":{"@id":"https:\/\/www.dressy.design\/en\/p\/miles-h77-consola-aparador-recubierta-de-ceramica-disenado\/#primaryimage"},"image":{"@id":"https:\/\/www.dressy.design\/en\/p\/miles-h77-consola-aparador-recubierta-de-ceramica-disenado\/#primaryimage"},"thumbnailUrl":"https:\/\/www.dressy.design\/wp-content\/uploads\/2021\/12\/p_Consola-Miles-H77-1.webp","datePublished":"2021-12-24T12:10:22+00:00","dateModified":"2022-06-08T07:12:44+00:00","description":"MILES H77 - Consola de 77 cm de altura y 124 cm de ancho. Los dos m\u00f3dulos est\u00e1n recubiertos por cer\u00e1mico, dise\u00f1ado por Sergio Rochas.","breadcrumb":{"@id":"https:\/\/www.dressy.design\/en\/p\/miles-h77-consola-aparador-recubierta-de-ceramica-disenado\/#breadcrumb"},"inLanguage":"en-US","potentialAction":[{"@type":"ReadAction","target":["https:\/\/www.dressy.design\/en\/p\/miles-h77-consola-aparador-recubierta-de-ceramica-disenado\/"]}]},{"@type":"ImageObject","inLanguage":"en-US","@id":"https:\/\/www.dressy.design\/en\/p\/miles-h77-consola-aparador-recubierta-de-ceramica-disenado\/#primaryimage","url":"https:\/\/www.dressy.design\/wp-content\/uploads\/2021\/12\/p_Consola-Miles-H77-1.webp","contentUrl":"https:\/\/www.dressy.design\/wp-content\/uploads\/2021\/12\/p_Consola-Miles-H77-1.webp","width":1195,"height":1195},{"@type":"BreadcrumbList","@id":"https:\/\/www.dressy.design\/en\/p\/miles-h77-consola-aparador-recubierta-de-ceramica-disenado\/#breadcrumb","itemListElement":[{"@type":"ListItem","position":1,"name":"Portada","item":"https:\/\/www.dressy.design\/en\/"},{"@type":"ListItem","position":2,"name":"Tienda","item":"https:\/\/www.dressy.design\/es\/?page_id=180"},{"@type":"ListItem","position":3,"name":"MILES H77"}]},{"@type":"WebSite","@id":"https:\/\/www.dressy.design\/en\/#website","url":"https:\/\/www.dressy.design\/en\/","name":"Dressy","description":"Sillas y mesas de m\u00e1xima calidad y dise\u00f1o","potentialAction":[{"@type":"SearchAction","target":{"@type":"EntryPoint","urlTemplate":"https:\/\/www.dressy.design\/en\/?s={search_term_string}"},"query-input":{"@type":"PropertyValueSpecification","valueRequired":true,"valueName":"search_term_string"}}],"inLanguage":"en-US"}]}},"_links":{"self":[{"href":"https:\/\/www.dressy.design\/en\/wp-json\/wp\/v2\/product\/5812","targetHints":{"allow":["GET"]}}],"collection":[{"href":"https:\/\/www.dressy.design\/en\/wp-json\/wp\/v2\/product"}],"about":[{"href":"https:\/\/www.dressy.design\/en\/wp-json\/wp\/v2\/types\/product"}],"wp:featuredmedia":[{"embeddable":true,"href":"https:\/\/www.dressy.design\/en\/wp-json\/wp\/v2\/media\/4833"}],"wp:attachment":[{"href":"https:\/\/www.dressy.design\/en\/wp-json\/wp\/v2\/media?parent=5812"}],"wp:term":[{"taxonomy":"product_brand","embeddable":true,"href":"https:\/\/www.dressy.design\/en\/wp-json\/wp\/v2\/product_brand?post=5812"},{"taxonomy":"product_cat","embeddable":true,"href":"https:\/\/www.dressy.design\/en\/wp-json\/wp\/v2\/product_cat?post=5812"},{"taxonomy":"product_tag","embeddable":true,"href":"https:\/\/www.dressy.design\/en\/wp-json\/wp\/v2\/product_tag?post=5812"}],"curies":[{"name":"wp","href":"https:\/\/api.w.org\/{rel}","templated":true}]}}