{"id":40,"date":"2021-10-16T15:00:40","date_gmt":"2021-10-16T13:00:40","guid":{"rendered":"https:\/\/www.dressy.design\/?page_id=40"},"modified":"2022-05-27T08:23:28","modified_gmt":"2022-05-27T06:23:28","slug":"aviso-legal","status":"publish","type":"page","link":"https:\/\/www.dressy.design\/es\/aviso-legal\/","title":{"rendered":"Aviso legal"},"content":{"rendered":"\n\t<div id=\"gap-1233185757\" class=\"gap-element clearfix\" style=\"display:block; height:auto;\">\n\t\t\n<style>\n#gap-1233185757 {\n  padding-top: 180px;\n}\n<\/style>\n\t<\/div>\n\t\n\n\t<section class=\"section\" id=\"section_1516164506\">\n\t\t<div class=\"bg section-bg fill bg-fill  bg-loaded\" >\n\n\t\t\t\n\t\t\t\n\t\t\t\n\n\t\t<\/div>\n\n\t\t<div class=\"section-content relative\">\n\t\t\t\n\n<div class=\"row align-center\"  id=\"row-953350200\">\n\n\n\t<div id=\"col-2005876620\" class=\"col descargas medium-9 small-12 large-9\"  >\n\t\t\t\t<div class=\"col-inner\"  >\n\t\t\t\n\t\t\t\n\n\t<div id=\"text-3322913442\" class=\"text\">\n\t\t\n\n<h1 class=\"nmb\">Aviso legal<\/h1>\n\t\t\n<style>\n#text-3322913442 {\n  font-size: 1.5rem;\n  line-height: 0.75;\n}\n<\/style>\n\t<\/div>\n\t\n<div class=\"is-divider divider clearfix\" style=\"max-width:100%;background-color:rgb(0, 0, 0);\"><\/div>\n\n\t<div id=\"gap-731976612\" class=\"gap-element clearfix\" style=\"display:block; height:auto;\">\n\t\t\n<style>\n#gap-731976612 {\n  padding-top: 50px;\n}\n<\/style>\n\t<\/div>\n\t\n\n\n\n<h2>AVISO LEGAL MOBILIARIO AUXILIAR DE DISE\u00d1O, S.L.<\/h2>\n<p>Por favor, lea todos los apartados del presente Aviso Legal antes de utilizar este sitio web. Las\nsiguientes condiciones son vinculantes para cualquier usuario del mismo.<\/p>\n<p>En cumplimiento con el deber de informaci\u00f3n dispuesto en la Ley 34\/2002 de Servicios de la\nSociedad de la Informaci\u00f3n y el Comercio Electr\u00f3nico (LSSI-CE) de 11 de julio, se facilitan a\ncontinuaci\u00f3n los siguientes datos de informaci\u00f3n general de este sitio web.<\/p>\n<p>\nLa raz\u00f3n de este texto es explicarle de manera detallada las funcionalidades de esta web y\naportarle aquella informaci\u00f3n relacionada con el Responsable del Tratamiento y la finalidad de\nlos contenidos incluidos en ella.\n<\/p>\n<h2> 1. DATOS IDENTIFICATIVOS <\/h2>\n<p>\nEl presente Aviso Legal regula el uso del servicio del sitio web inform\u00e1ndole en cumplimiento\nde la Ley 34\/2002, de 11 de julio, de Servicios de la Sociedad de la Informaci\u00f3n y de Comercio\nElectr\u00f3nico, de los siguientes extremos:\n<br><br>\n<b>Responsable del Tratamiento:<\/b> MOBILIARIO AUXILIAR DE DISE\u00d1O,S.L<br><br>\n<b>CIF:<\/b> B03502911<br><br>\n<b>Domicilio:<\/b> CTRA. N-340, KM. 704,4, 03330, Crevillent, ALICANTE<br><br>\n<b>Tel\u00e9fono:<\/b> 965407005<br><br>\n<b>Correo Electr\u00f3nico:<\/b> protecciondedatos@mobliberica.com<br><br>\n<b>Datos de inscripci\u00f3n en el Registro Mercantil: 1182 general, folio 100, hoja A-1215, inscrip. 1\u00aa<\/b><br><br>\nMOBILIARIO AUXILIAR DE DISE\u00d1O,S.L pretende a trav\u00e9s de su sitio web dar a\nconocer su actividad y ofrecer la posibilidad de ponerse en contacto, realizar consultas,\nsuscribirse a nuestra revista, as\u00ed como informarnos sobre sus reclamaciones y quejas.\nEl presente documento tiene por objeto establecer los t\u00e9rminos y condiciones generales de\nuso del sitio web. Los t\u00e9rminos y condiciones generales son de obligada aceptaci\u00f3n y\ncumplimiento por parte de todos los usuarios que deseen hacer uso del mismo.\n<\/p>\n\n<h2>2. USO DEL SITIO WEB Y OBLIGACIONES DE LOS USUARIOS.<\/h2>\n<p>El usuario se compromete a utilizar el sitio web, el contenido y servicios, sin contravenir la\nlegislaci\u00f3n vigente, los usos generalmente aceptados y el orden p\u00fablico. Queda prohibido el\nuso del sitio web con fines il\u00edcitos o lesivos contra MOBILIARIO AUXILIAR DE\nDISE\u00d1O,S.L o un tercero, que, de cualquier forma, puedan causar perjuicio o impedir el normal\nuso del sitio web.<br><br>\nMOBILIARIO AUXILIAR DE DISE\u00d1O,S.L garantiza que los contenidos y servicios\nque ofrece el portal respetan el principio de dignidad de la persona, de protecci\u00f3n de la\njuventud y la infancia, de no-discriminaci\u00f3n pormotivos de raza, sexo, religi\u00f3n, opini\u00f3n,\nnacionalidad, discapacidad o cualquier otro aspecto personal y social.\nLas presentes Condiciones Generales de Uso del sitio web no confieren al usuario ning\u00fan otro\nderecho de uso, alteraci\u00f3n, explotaci\u00f3n, reproducci\u00f3n, distribuci\u00f3n o comunicaci\u00f3n p\u00fablica de\nlos contenidos del sitio web distintos de los aqu\u00ed expresamente previstos.\n<br><br>\nLos contenidos (informaci\u00f3n, archivos de sonido y\/o imagen, fotograf\u00edas, dise\u00f1os, etc.)\nrecogidos en el portal, son propiedad de MOBILIARIO AUXILIAR DE DISE\u00d1O,S.L o\nla misma se encuentra debidamente autorizada para su difusi\u00f3n por sus leg\u00edtimos titulares.\n<br><br>\nMOBILIARIO AUXILIAR DE DISE\u00d1O,S.L se compromete a no realizar publicidad\nenga\u00f1osay por tanto, queda prohibido:\n<br><br>\n<\/p>\n<ul>\n<li> El uso para todo tipo de fines comerciales o publicitarios, distintos de los estrictamente\npermitidos.<\/li>\n<li> Su reproducci\u00f3n, publicaci\u00f3n, distribuci\u00f3n o modificaci\u00f3n, total o parcial a menos que se\ncuente con la autorizaci\u00f3n previa y por escrito de sus leg\u00edtimos titulares o resulte\nlegalmente permitido.<\/li>\n<li> Cualquier vulneraci\u00f3n de los derechos de MOBILIARIO AUXILIAR DE\nDISE\u00d1O,S.L o de sus leg\u00edtimos titulares sobre los mismos.<\/li>\n<\/ul>\n\n<h2> 3. PROPIEDAD INTELECTUAL E INDUSTRIAL <\/h2>\n<p>\nEl usuario reconoce y acepta que todos los derechos de propiedad industrial e intelectual\nsobre los contenidos y\/o cualesquiera otros elementos insertados en el sitio web pertenecen a\nMOBILIARIO AUXILIAR DE DISE\u00d1O,S.L o la misma se encuentra debidamente\nautorizada para su difusi\u00f3n en el presente website.<br><br>\nEn el caso de que un usuario o un tercero consideren que se ha producido una violaci\u00f3n de sus\nleg\u00edtimos derechos de propiedad intelectual por la introducci\u00f3n de un determinado contenido\nen el website, deber\u00e1 notificar dicha circunstancia a MOBILIARIO AUXILIAR DE\nDISE\u00d1O,S.L indicando:<br><br>\n<\/p>\n<ul>\n<li> Datos personales del interesado titular de los derechos presuntamente infringidos, o\nindicar la representaci\u00f3n con la que act\u00faa en caso de que la reclamaci\u00f3n la presente un\ntercero distinto del interesado.<\/li>\n<li> Se\u00f1alar los contenidos protegidos por los derechos de propiedad intelectual y su ubicaci\u00f3n\nen el Web, la acreditaci\u00f3n de los derechos de propiedad intelectual se\u00f1alados y\ndeclaraci\u00f3n expresa en la que el interesado se responsabiliza de la veracidad de las\ninformaciones facilitadas en la notificaci\u00f3n.<\/li>\n<\/ul>\n\n<h2> 4. ENLACES <\/h2>\n<p>El presente sitio web proporciona enlaces a otros sitios web propios y contenidos que son\npropiedad de terceros.<br><br>\nEl \u00fanico objeto de los enlaces es proporcionar al usuario la posibilidad de acceder a dichos\nenlaces. MOBILIARIO AUXILIAR DE DISE\u00d1O,S.L no se responsabiliza en ning\u00fan\ncaso de los resultados que puedan derivarse al usuario por el acceso a dichos enlaces.<br><br>\nEl usuario que se proponga establecer cualquier dispositivo t\u00e9cnico de enlace desde su sitio\nweb al portal deber\u00e1 obtener la autorizaci\u00f3n previa y escrita de MOBILIARIO\nAUXILIAR DE DISE\u00d1O,S.L. El establecimiento del enlace no implica en ning\u00fan caso la existencia\nde relaciones entre MOBILIARIO AUXILIAR DE DISE\u00d1O,S.L y el propietario del\nsitio en el que se establezca el enlace, ni la aceptaci\u00f3n o aprobaci\u00f3n por parte de\nMOBILIARIO AUXILIAR DE DISE\u00d1O,S.L de sus contenidos o servicios.<br><br>\nEl sitio web en el que se establezca el enlace no contendr\u00e1 ninguna marca, denominaci\u00f3n,\nlogotipo, eslogan u otros signos distintivos pertenecientes a MOBILIARIO\nAUXILIAR DE DISE\u00d1O,S.L, salvo los expresamente autorizados.<\/p>\n<h2> 5. MODIFICACI\u00d3N UNILATERAL Y DURACI\u00d3N <\/h2>\n<p>MOBILIARIO AUXILIAR DE DISE\u00d1O,S.L se reserva el derecho de modificar, en\ncualquier momento y sin necesidad de previo aviso, la presentaci\u00f3n y configuraci\u00f3n del\nsitio web as\u00ed como el presente Aviso Legal.<\/p>\n<h2> 6. EXCLUSI\u00d3N DE GARANT\u00cdAS Y RESPONSABILIDAD <\/h2>\n<p>MOBILIARIO AUXILIAR DE DISE\u00d1O,S.L no otorga ninguna garant\u00eda ni se hace\nresponsable, en ning\u00fan caso, de los da\u00f1os y perjuicios de cualquier naturaleza que pudieran\nacarrear a causa de:<br><br>\n<\/p>\n<ul>\n<li> La falta disponibilidad, mantenimiento y efectivo funcionamiento del Web y\/o de sus\nservicios o contenidos.<\/li>\n<li> La existencia de virus, programas maliciosos o lesivos en los contenidos.<\/li>\n<li> El uso il\u00edcito, negligente, fraudulento, contrario a las presentes condiciones, a la buena fe,\na los usos generalmente aceptados o al orden p\u00fablico, del sitio Web, sus servicios o\ncontenidos, por parte de los usuarios.<\/li>\n<\/ul>\n<p><\/p>\n<h2> 7. TRATAMIENTO DE DATOS PERSONALES <\/h2>\n<p>\nMOBILIARIO AUXILIAR DE DISE\u00d1O,S.L tal y como recoge en su \u201cPOL\u00cdTICA DE\nPRIVACIDAD\u201d que puede consultar en este sitio web, ha adoptado los niveles de seguridad\nadecuados a los datos que trata y gestiona, incorporando todos los medios y medidas t\u00e9cnicas\na su alcance para garantizar su confidencialidad, evitar su mal uso, p\u00e9rdida, alteraci\u00f3n, acceso\nno autorizado y robo.<\/p>\n<h2> 8. LEGISLACI\u00d3N APLICABLE Y JURISDICCI\u00d3N <\/h2>\n<p>Las presentes Condiciones se regir\u00e1n por la legislaci\u00f3n espa\u00f1ola, sometidas a los juzgados y\ntribunales de la ciudad de ALICANTE (Espa\u00f1a) ante cualquier controversia derivada del acceso\nal sitio web.<\/p>\n<h2> 9. CONTACTO <\/h2>\n<p>En caso de que cualquier usuario tuviese alguna duda acerca del presente aviso legal o\ncualquier comentario sobre el mismo puede dirigirse a o enviar una comunicaci\u00f3n escrita a la\ndirecci\u00f3n que consta en el encabezado.<\/p>\n\n\n\t\t<\/div>\n\t\t\t\t\t<\/div>\n\n\t\n\n<\/div>\n\n\t\t<\/div>\n\n\t\t\n<style>\n#section_1516164506 {\n  padding-top: 30px;\n  padding-bottom: 30px;\n}\n<\/style>\n\t<\/section>\n\t\n\n","protected":false},"excerpt":{"rendered":"","protected":false},"author":5,"featured_media":0,"parent":0,"menu_order":0,"comment_status":"closed","ping_status":"closed","template":"page-transparent-header.php","meta":{"_acf_changed":false,"footnotes":""},"class_list":["post-40","page","type-page","status-publish","hentry"],"acf":[],"yoast_head":"<!-- This site is optimized with the Yoast SEO plugin v27.2 - https:\/\/yoast.com\/product\/yoast-seo-wordpress\/ -->\n<title>Aviso legal | Dressy<\/title>\n<meta name=\"robots\" content=\"noindex, follow\" \/>\n<meta property=\"og:locale\" content=\"es_ES\" \/>\n<meta property=\"og:type\" content=\"article\" \/>\n<meta property=\"og:title\" content=\"Aviso legal | Dressy\" \/>\n<meta property=\"og:url\" content=\"https:\/\/www.dressy.design\/es\/aviso-legal\/\" \/>\n<meta property=\"og:site_name\" content=\"Dressy\" \/>\n<meta property=\"article:modified_time\" content=\"2022-05-27T06:23:28+00:00\" \/>\n<meta property=\"og:image\" content=\"https:\/\/www.dressy.design\/wp-content\/uploads\/2025\/01\/IMAGEN-SEO-DRESSY.jpg\" \/>\n\t<meta property=\"og:image:width\" content=\"1200\" \/>\n\t<meta property=\"og:image:height\" content=\"628\" \/>\n\t<meta property=\"og:image:type\" content=\"image\/jpeg\" \/>\n<meta name=\"twitter:card\" content=\"summary_large_image\" \/>\n<meta name=\"twitter:label1\" content=\"Tiempo de lectura\" \/>\n\t<meta name=\"twitter:data1\" content=\"6 minutos\" \/>\n<script type=\"application\/ld+json\" class=\"yoast-schema-graph\">{\"@context\":\"https:\/\/schema.org\",\"@graph\":[{\"@type\":\"WebPage\",\"@id\":\"https:\/\/www.dressy.design\/es\/aviso-legal\/\",\"url\":\"https:\/\/www.dressy.design\/es\/aviso-legal\/\",\"name\":\"Aviso legal | Dressy\",\"isPartOf\":{\"@id\":\"https:\/\/www.dressy.design\/es\/#website\"},\"datePublished\":\"2021-10-16T13:00:40+00:00\",\"dateModified\":\"2022-05-27T06:23:28+00:00\",\"breadcrumb\":{\"@id\":\"https:\/\/www.dressy.design\/es\/aviso-legal\/#breadcrumb\"},\"inLanguage\":\"es\",\"potentialAction\":[{\"@type\":\"ReadAction\",\"target\":[\"https:\/\/www.dressy.design\/es\/aviso-legal\/\"]}]},{\"@type\":\"BreadcrumbList\",\"@id\":\"https:\/\/www.dressy.design\/es\/aviso-legal\/#breadcrumb\",\"itemListElement\":[{\"@type\":\"ListItem\",\"position\":1,\"name\":\"Portada\",\"item\":\"https:\/\/www.dressy.design\/es\/\"},{\"@type\":\"ListItem\",\"position\":2,\"name\":\"Aviso legal\"}]},{\"@type\":\"WebSite\",\"@id\":\"https:\/\/www.dressy.design\/es\/#website\",\"url\":\"https:\/\/www.dressy.design\/es\/\",\"name\":\"Dressy\",\"description\":\"Sillas y mesas de m\u00e1xima calidad y dise\u00f1o\",\"potentialAction\":[{\"@type\":\"SearchAction\",\"target\":{\"@type\":\"EntryPoint\",\"urlTemplate\":\"https:\/\/www.dressy.design\/es\/?s={search_term_string}\"},\"query-input\":{\"@type\":\"PropertyValueSpecification\",\"valueRequired\":true,\"valueName\":\"search_term_string\"}}],\"inLanguage\":\"es\"}]}<\/script>\n<!-- \/ Yoast SEO plugin. -->","yoast_head_json":{"title":"Aviso legal | Dressy","robots":{"index":"noindex","follow":"follow"},"og_locale":"es_ES","og_type":"article","og_title":"Aviso legal | Dressy","og_url":"https:\/\/www.dressy.design\/es\/aviso-legal\/","og_site_name":"Dressy","article_modified_time":"2022-05-27T06:23:28+00:00","og_image":[{"width":1200,"height":628,"url":"https:\/\/www.dressy.design\/wp-content\/uploads\/2025\/01\/IMAGEN-SEO-DRESSY.jpg","type":"image\/jpeg"}],"twitter_card":"summary_large_image","twitter_misc":{"Tiempo de lectura":"6 minutos"},"schema":{"@context":"https:\/\/schema.org","@graph":[{"@type":"WebPage","@id":"https:\/\/www.dressy.design\/es\/aviso-legal\/","url":"https:\/\/www.dressy.design\/es\/aviso-legal\/","name":"Aviso legal | Dressy","isPartOf":{"@id":"https:\/\/www.dressy.design\/es\/#website"},"datePublished":"2021-10-16T13:00:40+00:00","dateModified":"2022-05-27T06:23:28+00:00","breadcrumb":{"@id":"https:\/\/www.dressy.design\/es\/aviso-legal\/#breadcrumb"},"inLanguage":"es","potentialAction":[{"@type":"ReadAction","target":["https:\/\/www.dressy.design\/es\/aviso-legal\/"]}]},{"@type":"BreadcrumbList","@id":"https:\/\/www.dressy.design\/es\/aviso-legal\/#breadcrumb","itemListElement":[{"@type":"ListItem","position":1,"name":"Portada","item":"https:\/\/www.dressy.design\/es\/"},{"@type":"ListItem","position":2,"name":"Aviso legal"}]},{"@type":"WebSite","@id":"https:\/\/www.dressy.design\/es\/#website","url":"https:\/\/www.dressy.design\/es\/","name":"Dressy","description":"Sillas y mesas de m\u00e1xima calidad y dise\u00f1o","potentialAction":[{"@type":"SearchAction","target":{"@type":"EntryPoint","urlTemplate":"https:\/\/www.dressy.design\/es\/?s={search_term_string}"},"query-input":{"@type":"PropertyValueSpecification","valueRequired":true,"valueName":"search_term_string"}}],"inLanguage":"es"}]}},"_links":{"self":[{"href":"https:\/\/www.dressy.design\/es\/wp-json\/wp\/v2\/pages\/40","targetHints":{"allow":["GET"]}}],"collection":[{"href":"https:\/\/www.dressy.design\/es\/wp-json\/wp\/v2\/pages"}],"about":[{"href":"https:\/\/www.dressy.design\/es\/wp-json\/wp\/v2\/types\/page"}],"author":[{"embeddable":true,"href":"https:\/\/www.dressy.design\/es\/wp-json\/wp\/v2\/users\/5"}],"replies":[{"embeddable":true,"href":"https:\/\/www.dressy.design\/es\/wp-json\/wp\/v2\/comments?post=40"}],"version-history":[{"count":5,"href":"https:\/\/www.dressy.design\/es\/wp-json\/wp\/v2\/pages\/40\/revisions"}],"predecessor-version":[{"id":3719,"href":"https:\/\/www.dressy.design\/es\/wp-json\/wp\/v2\/pages\/40\/revisions\/3719"}],"wp:attachment":[{"href":"https:\/\/www.dressy.design\/es\/wp-json\/wp\/v2\/media?parent=40"}],"curies":[{"name":"wp","href":"https:\/\/api.w.org\/{rel}","templated":true}]}}