{"id":1305,"date":"2021-12-23T12:28:03","date_gmt":"2021-12-23T12:28:03","guid":{"rendered":"https:\/\/www.dressy.design\/p\/ara-b1\/"},"modified":"2022-07-19T11:11:59","modified_gmt":"2022-07-19T09:11:59","slug":"ara-b1-silla-respaldo-bajo-madera","status":"publish","type":"product","link":"https:\/\/www.dressy.design\/es\/p\/ara-b1-silla-respaldo-bajo-madera\/","title":{"rendered":"ARA B1"},"content":{"rendered":"\t<div id=\"gap-2048619283\" class=\"gap-element clearfix hide-for-small\" style=\"display:block; height:auto;\">\n\t\t\n<style>\n#gap-2048619283 {\n  padding-top: 50px;\n}\n<\/style>\n\t<\/div>\n\t\n\t<div class=\"img has-hover x md-x lg-x y md-y lg-y\" id=\"image_517433389\">\n\t\t\t\t\t\t\t\t<div class=\"img-inner image-zoom dark\" >\n\t\t\t<img loading=\"lazy\" decoding=\"async\" width=\"1170\" height=\"800\" src=\"https:\/\/www.dressy.design\/wp-content\/uploads\/2021\/11\/Silla-Ara_Producto_03_1170x800px.webp\" class=\"attachment-large size-large\" alt=\"\" srcset=\"https:\/\/www.dressy.design\/wp-content\/uploads\/2021\/11\/Silla-Ara_Producto_03_1170x800px.webp 1170w, https:\/\/www.dressy.design\/wp-content\/uploads\/2021\/11\/Silla-Ara_Producto_03_1170x800px-150x103.webp 150w, https:\/\/www.dressy.design\/wp-content\/uploads\/2021\/11\/Silla-Ara_Producto_03_1170x800px-768x525.webp 768w, https:\/\/www.dressy.design\/wp-content\/uploads\/2021\/11\/Silla-Ara_Producto_03_1170x800px-50x34.webp 50w, https:\/\/www.dressy.design\/wp-content\/uploads\/2021\/11\/Silla-Ara_Producto_03_1170x800px-100x68.webp 100w, https:\/\/www.dressy.design\/wp-content\/uploads\/2021\/11\/Silla-Ara_Producto_03_1170x800px-300x205.webp 300w, https:\/\/www.dressy.design\/wp-content\/uploads\/2021\/11\/Silla-Ara_Producto_03_1170x800px-600x410.webp 600w\" sizes=\"auto, (max-width: 1170px) 100vw, 1170px\" \/>\t\t\t\t\t\t\n\t\t\t\t\t<\/div>\n\t\t\t\t\t\t\t\t\n<style>\n#image_517433389 {\n  width: 100%;\n}\n<\/style>\n\t<\/div>\n\t\n\t<div id=\"gap-652703716\" class=\"gap-element clearfix hide-for-small\" style=\"display:block; height:auto;\">\n\t\t\n<style>\n#gap-652703716 {\n  padding-top: 30px;\n}\n<\/style>\n\t<\/div>\n\t\n<p>La colecci\u00f3n de sillas\u00a0Ara\u00a0combina la madera de la carcasa y telas de altas prestaciones t\u00e9cnicas para conseguir 8 diferentes tipos de asiento que var\u00edan en altura del respaldo y en la soluci\u00f3n del tapizado.\u200e Las patas son met\u00e1licas y forman una silueta muy caracter\u00edstica que se ajustar\u00e1 perfectamente a las necesidades de cualquier hogar.\u200e<\/p>\n<div class=\"row descripcion-parte-1\"  id=\"row-416861888\">\n\n\t<div id=\"col-1173476537\" class=\"col medium-5 small-12 large-5\"  data-animate=\"fadeInDown\">\n\t\t\t\t<div class=\"col-inner\"  >\n\t\t\t\n\t\t\t\n\t<div class=\"img has-hover x md-x lg-x y md-y lg-y\" id=\"image_1062476614\">\n\t\t\t\t\t\t\t\t<div class=\"img-inner image-zoom image-cover dark\" style=\"padding-top:479px;\">\n\t\t\t<img loading=\"lazy\" decoding=\"async\" width=\"700\" height=\"800\" src=\"https:\/\/www.dressy.design\/wp-content\/uploads\/2021\/11\/Silla-Ara_Producto_01_700x800px.webp\" class=\"attachment-large size-large\" alt=\"\" srcset=\"https:\/\/www.dressy.design\/wp-content\/uploads\/2021\/11\/Silla-Ara_Producto_01_700x800px.webp 700w, https:\/\/www.dressy.design\/wp-content\/uploads\/2021\/11\/Silla-Ara_Producto_01_700x800px-150x171.webp 150w, https:\/\/www.dressy.design\/wp-content\/uploads\/2021\/11\/Silla-Ara_Producto_01_700x800px-44x50.webp 44w, https:\/\/www.dressy.design\/wp-content\/uploads\/2021\/11\/Silla-Ara_Producto_01_700x800px-88x100.webp 88w, https:\/\/www.dressy.design\/wp-content\/uploads\/2021\/11\/Silla-Ara_Producto_01_700x800px-300x343.webp 300w, https:\/\/www.dressy.design\/wp-content\/uploads\/2021\/11\/Silla-Ara_Producto_01_700x800px-600x686.webp 600w\" sizes=\"auto, (max-width: 700px) 100vw, 700px\" \/>\t\t\t\t\t\t\n\t\t\t\t\t<\/div>\n\t\t\t\t\t\t\t\t\n<style>\n#image_1062476614 {\n  width: 100%;\n}\n<\/style>\n\t<\/div>\n\t\n\t\t<\/div>\n\t\t\t\t\t<\/div>\n\n\t\n\n\t<div id=\"col-143135297\" class=\"col medium-7 small-12 large-7\"  data-animate=\"fadeInDown\">\n\t\t\t\t<div class=\"col-inner\"  >\n\t\t\t\n\t\t\t\n\t<div class=\"img has-hover x md-x lg-x y md-y lg-y\" id=\"image_515436525\">\n\t\t\t\t\t\t\t\t<div class=\"img-inner image-zoom dark\" >\n\t\t\t<img loading=\"lazy\" decoding=\"async\" width=\"1170\" height=\"800\" src=\"https:\/\/www.dressy.design\/wp-content\/uploads\/2021\/11\/Silla-Ara_Producto_02_1170x800px.webp\" class=\"attachment-large size-large\" alt=\"\" srcset=\"https:\/\/www.dressy.design\/wp-content\/uploads\/2021\/11\/Silla-Ara_Producto_02_1170x800px.webp 1170w, https:\/\/www.dressy.design\/wp-content\/uploads\/2021\/11\/Silla-Ara_Producto_02_1170x800px-150x103.webp 150w, https:\/\/www.dressy.design\/wp-content\/uploads\/2021\/11\/Silla-Ara_Producto_02_1170x800px-768x525.webp 768w, https:\/\/www.dressy.design\/wp-content\/uploads\/2021\/11\/Silla-Ara_Producto_02_1170x800px-50x34.webp 50w, https:\/\/www.dressy.design\/wp-content\/uploads\/2021\/11\/Silla-Ara_Producto_02_1170x800px-100x68.webp 100w, https:\/\/www.dressy.design\/wp-content\/uploads\/2021\/11\/Silla-Ara_Producto_02_1170x800px-300x205.webp 300w, https:\/\/www.dressy.design\/wp-content\/uploads\/2021\/11\/Silla-Ara_Producto_02_1170x800px-600x410.webp 600w\" sizes=\"auto, (max-width: 1170px) 100vw, 1170px\" \/>\t\t\t\t\t\t\n\t\t\t\t\t<\/div>\n\t\t\t\t\t\t\t\t\n<style>\n#image_515436525 {\n  width: 100%;\n}\n<\/style>\n\t<\/div>\n\t\n\t\t<\/div>\n\t\t\t\t\t<\/div>\n\n\t\n<\/div>\n<div class=\"row descripcion-parte-1\"  id=\"row-2134888717\">\n\n\t<div id=\"col-2058644187\" class=\"col hide-for-small medium-2 small-12 large-2\"  >\n\t\t\t\t<div class=\"col-inner\"  >\n\t\t\t\n\t\t\t\n\t\t<\/div>\n\t\t\t\t\t<\/div>\n\n\t\n\n\t<div id=\"col-909235695\" class=\"col medium-8 small-12 large-8\"  data-animate=\"fadeInDown\">\n\t\t\t\t<div class=\"col-inner\"  >\n\t\t\t\n\t\t\t\n\t\t<\/div>\n\t\t\t\t\t<\/div>\n\n\t\n<\/div>\n","protected":false},"excerpt":{"rendered":"<p>Silla de respaldo bajo con carcasa en madera y acolchado tapizado.\u200e Pie met\u00e1lico central.<\/p>\n","protected":false},"featured_media":2642,"template":"","meta":{"_acf_changed":false},"product_brand":[],"product_cat":[27,130],"product_tag":[],"class_list":{"0":"post-1305","1":"product","2":"type-product","3":"status-publish","4":"has-post-thumbnail","6":"product_cat-ara","7":"product_cat-silla","9":"first","10":"instock","11":"product-type-simple"},"acf":[],"yoast_head":"<!-- This site is optimized with the Yoast SEO plugin v27.2 - https:\/\/yoast.com\/product\/yoast-seo-wordpress\/ -->\n<title>Silla de respaldo bajo con carcasa en madera y acolchado tapizado<\/title>\n<meta name=\"description\" content=\"Silla de dise\u00f1o de color negro y de respaldo bajo con carcasa en madera y acolchado tapizado.\u200e Pie met\u00e1lico central.\" \/>\n<meta name=\"robots\" content=\"index, follow, max-snippet:-1, max-image-preview:large, max-video-preview:-1\" \/>\n<link rel=\"canonical\" href=\"https:\/\/www.dressy.design\/es\/p\/ara-b1-silla-respaldo-bajo-madera\/\" \/>\n<meta property=\"og:locale\" content=\"es_ES\" \/>\n<meta property=\"og:type\" content=\"article\" \/>\n<meta property=\"og:title\" content=\"Silla de respaldo bajo con carcasa en madera y acolchado tapizado\" \/>\n<meta property=\"og:description\" content=\"Silla de dise\u00f1o de color negro y de respaldo bajo con carcasa en madera y acolchado tapizado.\u200e Pie met\u00e1lico central.\" \/>\n<meta property=\"og:url\" content=\"https:\/\/www.dressy.design\/es\/p\/ara-b1-silla-respaldo-bajo-madera\/\" \/>\n<meta property=\"og:site_name\" content=\"Dressy\" \/>\n<meta property=\"article:modified_time\" content=\"2022-07-19T09:11:59+00:00\" \/>\n<meta property=\"og:image\" content=\"https:\/\/www.dressy.design\/wp-content\/uploads\/2021\/12\/p_Silla-Ara-B1-1.webp\" \/>\n\t<meta property=\"og:image:width\" content=\"1195\" \/>\n\t<meta property=\"og:image:height\" content=\"1195\" \/>\n\t<meta property=\"og:image:type\" content=\"image\/webp\" \/>\n<meta name=\"twitter:card\" content=\"summary_large_image\" \/>\n<meta name=\"twitter:label1\" content=\"Tiempo de lectura\" \/>\n\t<meta name=\"twitter:data1\" content=\"1 minuto\" \/>\n<script type=\"application\/ld+json\" class=\"yoast-schema-graph\">{\"@context\":\"https:\/\/schema.org\",\"@graph\":[{\"@type\":\"WebPage\",\"@id\":\"https:\/\/www.dressy.design\/es\/p\/ara-b1-silla-respaldo-bajo-madera\/\",\"url\":\"https:\/\/www.dressy.design\/es\/p\/ara-b1-silla-respaldo-bajo-madera\/\",\"name\":\"Silla de respaldo bajo con carcasa en madera y acolchado tapizado\",\"isPartOf\":{\"@id\":\"https:\/\/www.dressy.design\/es\/#website\"},\"primaryImageOfPage\":{\"@id\":\"https:\/\/www.dressy.design\/es\/p\/ara-b1-silla-respaldo-bajo-madera\/#primaryimage\"},\"image\":{\"@id\":\"https:\/\/www.dressy.design\/es\/p\/ara-b1-silla-respaldo-bajo-madera\/#primaryimage\"},\"thumbnailUrl\":\"https:\/\/www.dressy.design\/wp-content\/uploads\/2021\/12\/p_Silla-Ara-B1-1.webp\",\"datePublished\":\"2021-12-23T12:28:03+00:00\",\"dateModified\":\"2022-07-19T09:11:59+00:00\",\"description\":\"Silla de dise\u00f1o de color negro y de respaldo bajo con carcasa en madera y acolchado tapizado.\u200e Pie met\u00e1lico central.\",\"breadcrumb\":{\"@id\":\"https:\/\/www.dressy.design\/es\/p\/ara-b1-silla-respaldo-bajo-madera\/#breadcrumb\"},\"inLanguage\":\"es\",\"potentialAction\":[{\"@type\":\"ReadAction\",\"target\":[\"https:\/\/www.dressy.design\/es\/p\/ara-b1-silla-respaldo-bajo-madera\/\"]}]},{\"@type\":\"ImageObject\",\"inLanguage\":\"es\",\"@id\":\"https:\/\/www.dressy.design\/es\/p\/ara-b1-silla-respaldo-bajo-madera\/#primaryimage\",\"url\":\"https:\/\/www.dressy.design\/wp-content\/uploads\/2021\/12\/p_Silla-Ara-B1-1.webp\",\"contentUrl\":\"https:\/\/www.dressy.design\/wp-content\/uploads\/2021\/12\/p_Silla-Ara-B1-1.webp\",\"width\":1195,\"height\":1195},{\"@type\":\"BreadcrumbList\",\"@id\":\"https:\/\/www.dressy.design\/es\/p\/ara-b1-silla-respaldo-bajo-madera\/#breadcrumb\",\"itemListElement\":[{\"@type\":\"ListItem\",\"position\":1,\"name\":\"Portada\",\"item\":\"https:\/\/www.dressy.design\/es\/\"},{\"@type\":\"ListItem\",\"position\":2,\"name\":\"Tienda\",\"item\":\"https:\/\/www.dressy.design\/es\/?page_id=180\"},{\"@type\":\"ListItem\",\"position\":3,\"name\":\"ARA B1\"}]},{\"@type\":\"WebSite\",\"@id\":\"https:\/\/www.dressy.design\/es\/#website\",\"url\":\"https:\/\/www.dressy.design\/es\/\",\"name\":\"Dressy\",\"description\":\"Sillas y mesas de m\u00e1xima calidad y dise\u00f1o\",\"potentialAction\":[{\"@type\":\"SearchAction\",\"target\":{\"@type\":\"EntryPoint\",\"urlTemplate\":\"https:\/\/www.dressy.design\/es\/?s={search_term_string}\"},\"query-input\":{\"@type\":\"PropertyValueSpecification\",\"valueRequired\":true,\"valueName\":\"search_term_string\"}}],\"inLanguage\":\"es\"}]}<\/script>\n<!-- \/ Yoast SEO plugin. -->","yoast_head_json":{"title":"Silla de respaldo bajo con carcasa en madera y acolchado tapizado","description":"Silla de dise\u00f1o de color negro y de respaldo bajo con carcasa en madera y acolchado tapizado.\u200e Pie met\u00e1lico central.","robots":{"index":"index","follow":"follow","max-snippet":"max-snippet:-1","max-image-preview":"max-image-preview:large","max-video-preview":"max-video-preview:-1"},"canonical":"https:\/\/www.dressy.design\/es\/p\/ara-b1-silla-respaldo-bajo-madera\/","og_locale":"es_ES","og_type":"article","og_title":"Silla de respaldo bajo con carcasa en madera y acolchado tapizado","og_description":"Silla de dise\u00f1o de color negro y de respaldo bajo con carcasa en madera y acolchado tapizado.\u200e Pie met\u00e1lico central.","og_url":"https:\/\/www.dressy.design\/es\/p\/ara-b1-silla-respaldo-bajo-madera\/","og_site_name":"Dressy","article_modified_time":"2022-07-19T09:11:59+00:00","og_image":[{"width":1195,"height":1195,"url":"https:\/\/www.dressy.design\/wp-content\/uploads\/2021\/12\/p_Silla-Ara-B1-1.webp","type":"image\/webp"}],"twitter_card":"summary_large_image","twitter_misc":{"Tiempo de lectura":"1 minuto"},"schema":{"@context":"https:\/\/schema.org","@graph":[{"@type":"WebPage","@id":"https:\/\/www.dressy.design\/es\/p\/ara-b1-silla-respaldo-bajo-madera\/","url":"https:\/\/www.dressy.design\/es\/p\/ara-b1-silla-respaldo-bajo-madera\/","name":"Silla de respaldo bajo con carcasa en madera y acolchado tapizado","isPartOf":{"@id":"https:\/\/www.dressy.design\/es\/#website"},"primaryImageOfPage":{"@id":"https:\/\/www.dressy.design\/es\/p\/ara-b1-silla-respaldo-bajo-madera\/#primaryimage"},"image":{"@id":"https:\/\/www.dressy.design\/es\/p\/ara-b1-silla-respaldo-bajo-madera\/#primaryimage"},"thumbnailUrl":"https:\/\/www.dressy.design\/wp-content\/uploads\/2021\/12\/p_Silla-Ara-B1-1.webp","datePublished":"2021-12-23T12:28:03+00:00","dateModified":"2022-07-19T09:11:59+00:00","description":"Silla de dise\u00f1o de color negro y de respaldo bajo con carcasa en madera y acolchado tapizado.\u200e Pie met\u00e1lico central.","breadcrumb":{"@id":"https:\/\/www.dressy.design\/es\/p\/ara-b1-silla-respaldo-bajo-madera\/#breadcrumb"},"inLanguage":"es","potentialAction":[{"@type":"ReadAction","target":["https:\/\/www.dressy.design\/es\/p\/ara-b1-silla-respaldo-bajo-madera\/"]}]},{"@type":"ImageObject","inLanguage":"es","@id":"https:\/\/www.dressy.design\/es\/p\/ara-b1-silla-respaldo-bajo-madera\/#primaryimage","url":"https:\/\/www.dressy.design\/wp-content\/uploads\/2021\/12\/p_Silla-Ara-B1-1.webp","contentUrl":"https:\/\/www.dressy.design\/wp-content\/uploads\/2021\/12\/p_Silla-Ara-B1-1.webp","width":1195,"height":1195},{"@type":"BreadcrumbList","@id":"https:\/\/www.dressy.design\/es\/p\/ara-b1-silla-respaldo-bajo-madera\/#breadcrumb","itemListElement":[{"@type":"ListItem","position":1,"name":"Portada","item":"https:\/\/www.dressy.design\/es\/"},{"@type":"ListItem","position":2,"name":"Tienda","item":"https:\/\/www.dressy.design\/es\/?page_id=180"},{"@type":"ListItem","position":3,"name":"ARA B1"}]},{"@type":"WebSite","@id":"https:\/\/www.dressy.design\/es\/#website","url":"https:\/\/www.dressy.design\/es\/","name":"Dressy","description":"Sillas y mesas de m\u00e1xima calidad y dise\u00f1o","potentialAction":[{"@type":"SearchAction","target":{"@type":"EntryPoint","urlTemplate":"https:\/\/www.dressy.design\/es\/?s={search_term_string}"},"query-input":{"@type":"PropertyValueSpecification","valueRequired":true,"valueName":"search_term_string"}}],"inLanguage":"es"}]}},"_links":{"self":[{"href":"https:\/\/www.dressy.design\/es\/wp-json\/wp\/v2\/product\/1305","targetHints":{"allow":["GET"]}}],"collection":[{"href":"https:\/\/www.dressy.design\/es\/wp-json\/wp\/v2\/product"}],"about":[{"href":"https:\/\/www.dressy.design\/es\/wp-json\/wp\/v2\/types\/product"}],"wp:featuredmedia":[{"embeddable":true,"href":"https:\/\/www.dressy.design\/es\/wp-json\/wp\/v2\/media\/2642"}],"wp:attachment":[{"href":"https:\/\/www.dressy.design\/es\/wp-json\/wp\/v2\/media?parent=1305"}],"wp:term":[{"taxonomy":"product_brand","embeddable":true,"href":"https:\/\/www.dressy.design\/es\/wp-json\/wp\/v2\/product_brand?post=1305"},{"taxonomy":"product_cat","embeddable":true,"href":"https:\/\/www.dressy.design\/es\/wp-json\/wp\/v2\/product_cat?post=1305"},{"taxonomy":"product_tag","embeddable":true,"href":"https:\/\/www.dressy.design\/es\/wp-json\/wp\/v2\/product_tag?post=1305"}],"curies":[{"name":"wp","href":"https:\/\/api.w.org\/{rel}","templated":true}]}}