{"id":1328,"date":"2021-12-23T12:28:49","date_gmt":"2021-12-23T12:28:49","guid":{"rendered":"https:\/\/www.dressy.design\/p\/taiga-h4\/"},"modified":"2022-05-24T15:12:58","modified_gmt":"2022-05-24T13:12:58","slug":"taiga-h4-silla-de-respaldo-alto-asiento-tapizado","status":"publish","type":"product","link":"https:\/\/www.dressy.design\/es\/p\/taiga-h4-silla-de-respaldo-alto-asiento-tapizado\/","title":{"rendered":"TAIGA H4"},"content":{"rendered":"\t<div id=\"gap-780288340\" class=\"gap-element clearfix hide-for-small\" style=\"display:block; height:auto;\">\n\t\t\n<style>\n#gap-780288340 {\n  padding-top: 30px;\n}\n<\/style>\n\t<\/div>\n\t\n\t<div class=\"img has-hover x md-x lg-x y md-y lg-y\" id=\"image_1683678036\">\n\t\t\t\t\t\t\t\t<div class=\"img-inner image-zoom dark\" >\n\t\t\t<img loading=\"lazy\" decoding=\"async\" width=\"1270\" height=\"800\" src=\"https:\/\/www.dressy.design\/wp-content\/uploads\/2021\/11\/Silla-Taiga_Galeria_01_1270x800px.webp\" class=\"attachment-large size-large\" alt=\"\" srcset=\"https:\/\/www.dressy.design\/wp-content\/uploads\/2021\/11\/Silla-Taiga_Galeria_01_1270x800px.webp 1270w, https:\/\/www.dressy.design\/wp-content\/uploads\/2021\/11\/Silla-Taiga_Galeria_01_1270x800px-150x94.webp 150w, https:\/\/www.dressy.design\/wp-content\/uploads\/2021\/11\/Silla-Taiga_Galeria_01_1270x800px-768x484.webp 768w, https:\/\/www.dressy.design\/wp-content\/uploads\/2021\/11\/Silla-Taiga_Galeria_01_1270x800px-50x31.webp 50w, https:\/\/www.dressy.design\/wp-content\/uploads\/2021\/11\/Silla-Taiga_Galeria_01_1270x800px-100x63.webp 100w, https:\/\/www.dressy.design\/wp-content\/uploads\/2021\/11\/Silla-Taiga_Galeria_01_1270x800px-300x189.webp 300w, https:\/\/www.dressy.design\/wp-content\/uploads\/2021\/11\/Silla-Taiga_Galeria_01_1270x800px-600x378.webp 600w\" sizes=\"auto, (max-width: 1270px) 100vw, 1270px\" \/>\t\t\t\t\t\t\n\t\t\t\t\t<\/div>\n\t\t\t\t\t\t\t\t\n<style>\n#image_1683678036 {\n  width: 100%;\n}\n<\/style>\n\t<\/div>\n\t\n\t<div id=\"gap-388948004\" class=\"gap-element clearfix hide-for-small\" style=\"display:block; height:auto;\">\n\t\t\n<style>\n#gap-388948004 {\n  padding-top: 30px;\n}\n<\/style>\n\t<\/div>\n\t\n\t<div id=\"text-1875196700\" class=\"text justify\">\n\t\t\n<p>Taiga es una colecci\u00f3n de sillas de pie de madera que presenta 8 tipos de asiento que se diferencian por la altura y la soluci\u00f3n de tapizado del respaldo. Su aspecto m\u00e1s diferenciador es la calidez que transmite su dise\u00f1o gracias al pie que nace de la base del asiento. Este est\u00e1 planteado en madera de fresno macizo y permite su fabricaci\u00f3n en varios colores naturales que permiten mantener la esencia de la madera y que son perfectos para un ambiente relajado. Si por el contrario se quiere conseguir un efecto m\u00e1s vibrante, la pata de madera se puede plantear en cualquiera de los colores que ofrece el cat\u00e1logo de acabados.<br \/>\n\t\t\t<\/div>\n\t\n<div class=\"row descripcion-parte-1\"  id=\"row-133308775\">\n\n\t<div id=\"col-1833402757\" class=\"col hide-for-small medium-6 small-12 large-6\"  >\n\t\t\t\t<div class=\"col-inner\"  >\n\t\t\t\n\t\t\t\n\t<div class=\"img has-hover x md-x lg-x y md-y lg-y\" id=\"image_392384882\">\n\t\t\t\t\t\t\t\t<div class=\"img-inner image-zoom dark\" >\n\t\t\t<img loading=\"lazy\" decoding=\"async\" width=\"600\" height=\"800\" src=\"https:\/\/www.dressy.design\/wp-content\/uploads\/2021\/11\/Silla-Taiga_Galeria_02_600x800px.webp\" class=\"attachment-large size-large\" alt=\"\" srcset=\"https:\/\/www.dressy.design\/wp-content\/uploads\/2021\/11\/Silla-Taiga_Galeria_02_600x800px.webp 600w, https:\/\/www.dressy.design\/wp-content\/uploads\/2021\/11\/Silla-Taiga_Galeria_02_600x800px-150x200.webp 150w, https:\/\/www.dressy.design\/wp-content\/uploads\/2021\/11\/Silla-Taiga_Galeria_02_600x800px-38x50.webp 38w, https:\/\/www.dressy.design\/wp-content\/uploads\/2021\/11\/Silla-Taiga_Galeria_02_600x800px-75x100.webp 75w, https:\/\/www.dressy.design\/wp-content\/uploads\/2021\/11\/Silla-Taiga_Galeria_02_600x800px-300x400.webp 300w\" sizes=\"auto, (max-width: 600px) 100vw, 600px\" \/>\t\t\t\t\t\t\n\t\t\t\t\t<\/div>\n\t\t\t\t\t\t\t\t\n<style>\n#image_392384882 {\n  width: 100%;\n}\n<\/style>\n\t<\/div>\n\t\n\t\t<\/div>\n\t\t\t\t\t<\/div>\n\n\t\n\n\t<div id=\"col-1040544614\" class=\"col medium-6 small-12 large-6\"  data-animate=\"fadeInDown\">\n\t\t\t\t<div class=\"col-inner\"  >\n\t\t\t\n\t\t\t\n\t<div class=\"img has-hover x md-x lg-x y md-y lg-y\" id=\"image_911712697\">\n\t\t\t\t\t\t\t\t<div class=\"img-inner image-zoom dark\" >\n\t\t\t<img loading=\"lazy\" decoding=\"async\" width=\"600\" height=\"800\" src=\"https:\/\/www.dressy.design\/wp-content\/uploads\/2021\/11\/Silla-Taiga_Galeria_03_600x800px.webp\" class=\"attachment-large size-large\" alt=\"\" srcset=\"https:\/\/www.dressy.design\/wp-content\/uploads\/2021\/11\/Silla-Taiga_Galeria_03_600x800px.webp 600w, https:\/\/www.dressy.design\/wp-content\/uploads\/2021\/11\/Silla-Taiga_Galeria_03_600x800px-150x200.webp 150w, https:\/\/www.dressy.design\/wp-content\/uploads\/2021\/11\/Silla-Taiga_Galeria_03_600x800px-38x50.webp 38w, https:\/\/www.dressy.design\/wp-content\/uploads\/2021\/11\/Silla-Taiga_Galeria_03_600x800px-75x100.webp 75w, https:\/\/www.dressy.design\/wp-content\/uploads\/2021\/11\/Silla-Taiga_Galeria_03_600x800px-300x400.webp 300w\" sizes=\"auto, (max-width: 600px) 100vw, 600px\" \/>\t\t\t\t\t\t\n\t\t\t\t\t<\/div>\n\t\t\t\t\t\t\t\t\n<style>\n#image_911712697 {\n  width: 100%;\n}\n<\/style>\n\t<\/div>\n\t\n\t\t<\/div>\n\t\t\t\t\t<\/div>\n\n\t\n<\/div>\n\t<div id=\"gap-392899729\" class=\"gap-element clearfix hide-for-small\" style=\"display:block; height:auto;\">\n\t\t\n<style>\n#gap-392899729 {\n  padding-top: 30px;\n}\n<\/style>\n\t<\/div>\n\t\n<div class=\"row descripcion-parte-1\"  id=\"row-1430755598\">\n\n\t<div id=\"col-1243827431\" class=\"col hide-for-small medium-2 small-12 large-2\"  >\n\t\t\t\t<div class=\"col-inner\"  >\n\t\t\t\n\t\t\t\n\t\t<\/div>\n\t\t\t\t\t<\/div>\n\n\t\n\n\t<div id=\"col-764075581\" class=\"col medium-8 small-12 large-8\"  data-animate=\"fadeInDown\">\n\t\t\t\t<div class=\"col-inner\"  >\n\t\t\t\n\t\t\t\n\t\t<\/div>\n\t\t\t\t\t<\/div>\n\n\t\n<\/div>\n","protected":false},"excerpt":{"rendered":"<p>Silla de respaldo alto con asiento totalmente tapizado.\u200e\u200e Pie de madera central.<\/p>\n","protected":false},"featured_media":2722,"template":"","meta":{"_acf_changed":false},"product_brand":[],"product_cat":[130,64],"product_tag":[],"class_list":{"0":"post-1328","1":"product","2":"type-product","3":"status-publish","4":"has-post-thumbnail","6":"product_cat-silla","7":"product_cat-taiga","9":"first","10":"instock","11":"product-type-simple"},"acf":[],"yoast_head":"<!-- This site is optimized with the Yoast SEO plugin v27.2 - https:\/\/yoast.com\/product\/yoast-seo-wordpress\/ -->\n<title>Silla de respaldo alto con asiento totalmente tapizado en varios colores<\/title>\n<meta name=\"description\" content=\"Butacas de sal\u00f3n de dise\u00f1o moderno con respaldo alto y con asiento totalmente tapizado en diferentes colores Dressy\" \/>\n<meta name=\"robots\" content=\"index, follow, max-snippet:-1, max-image-preview:large, max-video-preview:-1\" \/>\n<link rel=\"canonical\" href=\"https:\/\/www.dressy.design\/es\/p\/taiga-h4-silla-de-respaldo-alto-asiento-tapizado\/\" \/>\n<meta property=\"og:locale\" content=\"es_ES\" \/>\n<meta property=\"og:type\" content=\"article\" \/>\n<meta property=\"og:title\" content=\"Silla de respaldo alto con asiento totalmente tapizado en varios colores\" \/>\n<meta property=\"og:description\" content=\"Butacas de sal\u00f3n de dise\u00f1o moderno con respaldo alto y con asiento totalmente tapizado en diferentes colores Dressy\" \/>\n<meta property=\"og:url\" content=\"https:\/\/www.dressy.design\/es\/p\/taiga-h4-silla-de-respaldo-alto-asiento-tapizado\/\" \/>\n<meta property=\"og:site_name\" content=\"Dressy\" \/>\n<meta property=\"article:modified_time\" content=\"2022-05-24T13:12:58+00:00\" \/>\n<meta property=\"og:image\" content=\"https:\/\/www.dressy.design\/wp-content\/uploads\/2021\/12\/p_Silla-Taiga-H4.webp\" \/>\n\t<meta property=\"og:image:width\" content=\"1195\" \/>\n\t<meta property=\"og:image:height\" content=\"1195\" \/>\n\t<meta property=\"og:image:type\" content=\"image\/webp\" \/>\n<meta name=\"twitter:card\" content=\"summary_large_image\" \/>\n<meta name=\"twitter:label1\" content=\"Tiempo de lectura\" \/>\n\t<meta name=\"twitter:data1\" content=\"1 minuto\" \/>\n<script type=\"application\/ld+json\" class=\"yoast-schema-graph\">{\"@context\":\"https:\/\/schema.org\",\"@graph\":[{\"@type\":\"WebPage\",\"@id\":\"https:\/\/www.dressy.design\/es\/p\/taiga-h4-silla-de-respaldo-alto-asiento-tapizado\/\",\"url\":\"https:\/\/www.dressy.design\/es\/p\/taiga-h4-silla-de-respaldo-alto-asiento-tapizado\/\",\"name\":\"Silla de respaldo alto con asiento totalmente tapizado en varios colores\",\"isPartOf\":{\"@id\":\"https:\/\/www.dressy.design\/es\/#website\"},\"primaryImageOfPage\":{\"@id\":\"https:\/\/www.dressy.design\/es\/p\/taiga-h4-silla-de-respaldo-alto-asiento-tapizado\/#primaryimage\"},\"image\":{\"@id\":\"https:\/\/www.dressy.design\/es\/p\/taiga-h4-silla-de-respaldo-alto-asiento-tapizado\/#primaryimage\"},\"thumbnailUrl\":\"https:\/\/www.dressy.design\/wp-content\/uploads\/2021\/12\/p_Silla-Taiga-H4.webp\",\"datePublished\":\"2021-12-23T12:28:49+00:00\",\"dateModified\":\"2022-05-24T13:12:58+00:00\",\"description\":\"Butacas de sal\u00f3n de dise\u00f1o moderno con respaldo alto y con asiento totalmente tapizado en diferentes colores Dressy\",\"breadcrumb\":{\"@id\":\"https:\/\/www.dressy.design\/es\/p\/taiga-h4-silla-de-respaldo-alto-asiento-tapizado\/#breadcrumb\"},\"inLanguage\":\"es\",\"potentialAction\":[{\"@type\":\"ReadAction\",\"target\":[\"https:\/\/www.dressy.design\/es\/p\/taiga-h4-silla-de-respaldo-alto-asiento-tapizado\/\"]}]},{\"@type\":\"ImageObject\",\"inLanguage\":\"es\",\"@id\":\"https:\/\/www.dressy.design\/es\/p\/taiga-h4-silla-de-respaldo-alto-asiento-tapizado\/#primaryimage\",\"url\":\"https:\/\/www.dressy.design\/wp-content\/uploads\/2021\/12\/p_Silla-Taiga-H4.webp\",\"contentUrl\":\"https:\/\/www.dressy.design\/wp-content\/uploads\/2021\/12\/p_Silla-Taiga-H4.webp\",\"width\":1195,\"height\":1195},{\"@type\":\"BreadcrumbList\",\"@id\":\"https:\/\/www.dressy.design\/es\/p\/taiga-h4-silla-de-respaldo-alto-asiento-tapizado\/#breadcrumb\",\"itemListElement\":[{\"@type\":\"ListItem\",\"position\":1,\"name\":\"Portada\",\"item\":\"https:\/\/www.dressy.design\/es\/\"},{\"@type\":\"ListItem\",\"position\":2,\"name\":\"Tienda\",\"item\":\"https:\/\/www.dressy.design\/es\/?page_id=180\"},{\"@type\":\"ListItem\",\"position\":3,\"name\":\"TAIGA H4\"}]},{\"@type\":\"WebSite\",\"@id\":\"https:\/\/www.dressy.design\/es\/#website\",\"url\":\"https:\/\/www.dressy.design\/es\/\",\"name\":\"Dressy\",\"description\":\"Sillas y mesas de m\u00e1xima calidad y dise\u00f1o\",\"potentialAction\":[{\"@type\":\"SearchAction\",\"target\":{\"@type\":\"EntryPoint\",\"urlTemplate\":\"https:\/\/www.dressy.design\/es\/?s={search_term_string}\"},\"query-input\":{\"@type\":\"PropertyValueSpecification\",\"valueRequired\":true,\"valueName\":\"search_term_string\"}}],\"inLanguage\":\"es\"}]}<\/script>\n<!-- \/ Yoast SEO plugin. -->","yoast_head_json":{"title":"Silla de respaldo alto con asiento totalmente tapizado en varios colores","description":"Butacas de sal\u00f3n de dise\u00f1o moderno con respaldo alto y con asiento totalmente tapizado en diferentes colores Dressy","robots":{"index":"index","follow":"follow","max-snippet":"max-snippet:-1","max-image-preview":"max-image-preview:large","max-video-preview":"max-video-preview:-1"},"canonical":"https:\/\/www.dressy.design\/es\/p\/taiga-h4-silla-de-respaldo-alto-asiento-tapizado\/","og_locale":"es_ES","og_type":"article","og_title":"Silla de respaldo alto con asiento totalmente tapizado en varios colores","og_description":"Butacas de sal\u00f3n de dise\u00f1o moderno con respaldo alto y con asiento totalmente tapizado en diferentes colores Dressy","og_url":"https:\/\/www.dressy.design\/es\/p\/taiga-h4-silla-de-respaldo-alto-asiento-tapizado\/","og_site_name":"Dressy","article_modified_time":"2022-05-24T13:12:58+00:00","og_image":[{"width":1195,"height":1195,"url":"https:\/\/www.dressy.design\/wp-content\/uploads\/2021\/12\/p_Silla-Taiga-H4.webp","type":"image\/webp"}],"twitter_card":"summary_large_image","twitter_misc":{"Tiempo de lectura":"1 minuto"},"schema":{"@context":"https:\/\/schema.org","@graph":[{"@type":"WebPage","@id":"https:\/\/www.dressy.design\/es\/p\/taiga-h4-silla-de-respaldo-alto-asiento-tapizado\/","url":"https:\/\/www.dressy.design\/es\/p\/taiga-h4-silla-de-respaldo-alto-asiento-tapizado\/","name":"Silla de respaldo alto con asiento totalmente tapizado en varios colores","isPartOf":{"@id":"https:\/\/www.dressy.design\/es\/#website"},"primaryImageOfPage":{"@id":"https:\/\/www.dressy.design\/es\/p\/taiga-h4-silla-de-respaldo-alto-asiento-tapizado\/#primaryimage"},"image":{"@id":"https:\/\/www.dressy.design\/es\/p\/taiga-h4-silla-de-respaldo-alto-asiento-tapizado\/#primaryimage"},"thumbnailUrl":"https:\/\/www.dressy.design\/wp-content\/uploads\/2021\/12\/p_Silla-Taiga-H4.webp","datePublished":"2021-12-23T12:28:49+00:00","dateModified":"2022-05-24T13:12:58+00:00","description":"Butacas de sal\u00f3n de dise\u00f1o moderno con respaldo alto y con asiento totalmente tapizado en diferentes colores Dressy","breadcrumb":{"@id":"https:\/\/www.dressy.design\/es\/p\/taiga-h4-silla-de-respaldo-alto-asiento-tapizado\/#breadcrumb"},"inLanguage":"es","potentialAction":[{"@type":"ReadAction","target":["https:\/\/www.dressy.design\/es\/p\/taiga-h4-silla-de-respaldo-alto-asiento-tapizado\/"]}]},{"@type":"ImageObject","inLanguage":"es","@id":"https:\/\/www.dressy.design\/es\/p\/taiga-h4-silla-de-respaldo-alto-asiento-tapizado\/#primaryimage","url":"https:\/\/www.dressy.design\/wp-content\/uploads\/2021\/12\/p_Silla-Taiga-H4.webp","contentUrl":"https:\/\/www.dressy.design\/wp-content\/uploads\/2021\/12\/p_Silla-Taiga-H4.webp","width":1195,"height":1195},{"@type":"BreadcrumbList","@id":"https:\/\/www.dressy.design\/es\/p\/taiga-h4-silla-de-respaldo-alto-asiento-tapizado\/#breadcrumb","itemListElement":[{"@type":"ListItem","position":1,"name":"Portada","item":"https:\/\/www.dressy.design\/es\/"},{"@type":"ListItem","position":2,"name":"Tienda","item":"https:\/\/www.dressy.design\/es\/?page_id=180"},{"@type":"ListItem","position":3,"name":"TAIGA H4"}]},{"@type":"WebSite","@id":"https:\/\/www.dressy.design\/es\/#website","url":"https:\/\/www.dressy.design\/es\/","name":"Dressy","description":"Sillas y mesas de m\u00e1xima calidad y dise\u00f1o","potentialAction":[{"@type":"SearchAction","target":{"@type":"EntryPoint","urlTemplate":"https:\/\/www.dressy.design\/es\/?s={search_term_string}"},"query-input":{"@type":"PropertyValueSpecification","valueRequired":true,"valueName":"search_term_string"}}],"inLanguage":"es"}]}},"_links":{"self":[{"href":"https:\/\/www.dressy.design\/es\/wp-json\/wp\/v2\/product\/1328","targetHints":{"allow":["GET"]}}],"collection":[{"href":"https:\/\/www.dressy.design\/es\/wp-json\/wp\/v2\/product"}],"about":[{"href":"https:\/\/www.dressy.design\/es\/wp-json\/wp\/v2\/types\/product"}],"wp:featuredmedia":[{"embeddable":true,"href":"https:\/\/www.dressy.design\/es\/wp-json\/wp\/v2\/media\/2722"}],"wp:attachment":[{"href":"https:\/\/www.dressy.design\/es\/wp-json\/wp\/v2\/media?parent=1328"}],"wp:term":[{"taxonomy":"product_brand","embeddable":true,"href":"https:\/\/www.dressy.design\/es\/wp-json\/wp\/v2\/product_brand?post=1328"},{"taxonomy":"product_cat","embeddable":true,"href":"https:\/\/www.dressy.design\/es\/wp-json\/wp\/v2\/product_cat?post=1328"},{"taxonomy":"product_tag","embeddable":true,"href":"https:\/\/www.dressy.design\/es\/wp-json\/wp\/v2\/product_tag?post=1328"}],"curies":[{"name":"wp","href":"https:\/\/api.w.org\/{rel}","templated":true}]}}