{"id":1393,"date":"2021-12-23T12:28:59","date_gmt":"2021-12-23T12:28:59","guid":{"rendered":"https:\/\/www.dressy.design\/p\/lap-4054\/"},"modified":"2022-06-08T10:52:02","modified_gmt":"2022-06-08T08:52:02","slug":"lap-4054-silla-giratoria-asiento-carcasa-lacada","status":"publish","type":"product","link":"https:\/\/www.dressy.design\/es\/p\/lap-4054-silla-giratoria-asiento-carcasa-lacada\/","title":{"rendered":"LAP 4054"},"content":{"rendered":"\t<div id=\"gap-1697792138\" class=\"gap-element clearfix hide-for-small\" style=\"display:block; height:auto;\">\n\t\t\n<style>\n#gap-1697792138 {\n  padding-top: 50px;\n}\n<\/style>\n\t<\/div>\n\t\n\t<div id=\"text-411215684\" class=\"text justify\">\n\t\t\n<p>Lap es una colecci\u00f3n de 4 sillones dise\u00f1ados por Santiago Sevillano. Dos tipos de patas (madera maciza de fresno o metal) y dos tipos de opciones de asiento (carcasa lacada o tapizada) junto con la variedad de acabados ofrecen m\u00faltiples opciones para crear esa pieza \u00fanica que encaja perfectamente en cada ambiente. Tambi\u00e9n est\u00e1 disponible una opci\u00f3n fija o giratoria con o sin retorno autom\u00e1tico.<br \/>\n\t\t\t<\/div>\n\t\n<div class=\"row descripcion-parte-1\"  id=\"row-312042013\">\n\n\t<div id=\"col-861182187\" class=\"col medium-6 small-12 large-6\"  data-animate=\"fadeInDown\">\n\t\t\t\t<div class=\"col-inner\"  >\n\t\t\t\n\t\t\t\n\t<div class=\"img has-hover x md-x lg-x y md-y lg-y\" id=\"image_1795358997\">\n\t\t\t\t\t\t\t\t<div class=\"img-inner dark\" >\n\t\t\t<img loading=\"lazy\" decoding=\"async\" width=\"550\" height=\"800\" src=\"https:\/\/www.dressy.design\/wp-content\/uploads\/2021\/11\/Silla-Lap-4054-4058_01.webp\" class=\"attachment-large size-large\" alt=\"\" srcset=\"https:\/\/www.dressy.design\/wp-content\/uploads\/2021\/11\/Silla-Lap-4054-4058_01.webp 550w, https:\/\/www.dressy.design\/wp-content\/uploads\/2021\/11\/Silla-Lap-4054-4058_01-150x218.webp 150w, https:\/\/www.dressy.design\/wp-content\/uploads\/2021\/11\/Silla-Lap-4054-4058_01-34x50.webp 34w, https:\/\/www.dressy.design\/wp-content\/uploads\/2021\/11\/Silla-Lap-4054-4058_01-69x100.webp 69w, https:\/\/www.dressy.design\/wp-content\/uploads\/2021\/11\/Silla-Lap-4054-4058_01-300x436.webp 300w\" sizes=\"auto, (max-width: 550px) 100vw, 550px\" \/>\t\t\t\t\t\t\n\t\t\t\t\t<\/div>\n\t\t\t\t\t\t\t\t\n<style>\n#image_1795358997 {\n  width: 100%;\n}\n<\/style>\n\t<\/div>\n\t\n\t\t<\/div>\n\t\t\t\t\t<\/div>\n\n\t\n\n\t<div id=\"col-475390547\" class=\"col medium-6 small-12 large-6\"  data-animate=\"fadeInDown\">\n\t\t\t\t<div class=\"col-inner\"  >\n\t\t\t\n\t\t\t\n\t<div class=\"img has-hover x md-x lg-x y md-y lg-y\" id=\"image_1651228574\">\n\t\t\t\t\t\t\t\t<div class=\"img-inner dark\" >\n\t\t\t<img loading=\"lazy\" decoding=\"async\" width=\"550\" height=\"800\" src=\"https:\/\/www.dressy.design\/wp-content\/uploads\/2021\/11\/Silla-Lap-4054-4058_02.webp\" class=\"attachment-large size-large\" alt=\"\" srcset=\"https:\/\/www.dressy.design\/wp-content\/uploads\/2021\/11\/Silla-Lap-4054-4058_02.webp 550w, https:\/\/www.dressy.design\/wp-content\/uploads\/2021\/11\/Silla-Lap-4054-4058_02-150x218.webp 150w, https:\/\/www.dressy.design\/wp-content\/uploads\/2021\/11\/Silla-Lap-4054-4058_02-34x50.webp 34w, https:\/\/www.dressy.design\/wp-content\/uploads\/2021\/11\/Silla-Lap-4054-4058_02-69x100.webp 69w, https:\/\/www.dressy.design\/wp-content\/uploads\/2021\/11\/Silla-Lap-4054-4058_02-300x436.webp 300w\" sizes=\"auto, (max-width: 550px) 100vw, 550px\" \/>\t\t\t\t\t\t\n\t\t\t\t\t<\/div>\n\t\t\t\t\t\t\t\t\n<style>\n#image_1651228574 {\n  width: 100%;\n}\n<\/style>\n\t<\/div>\n\t\n\t\t<\/div>\n\t\t\t\t\t<\/div>\n\n\t\n<\/div>\n<div class=\"row descripcion-parte-1\"  id=\"row-1848125749\">\n\n\t<div id=\"col-1813853131\" class=\"col small-12 large-12\"  data-animate=\"fadeInDown\">\n\t\t\t\t<div class=\"col-inner\"  >\n\t\t\t\n\t\t\t\n\t<div id=\"gap-716261474\" class=\"gap-element clearfix hide-for-small\" style=\"display:block; height:auto;\">\n\t\t\n<style>\n#gap-716261474 {\n  padding-top: 50px;\n}\n<\/style>\n\t<\/div>\n\t\n\t\t<\/div>\n\t\t\t\t\t<\/div>\n\n\t\n<\/div>\n","protected":false},"excerpt":{"rendered":"<p>Silla giratoria y asiento con carcasa lacada y tapizado desenfudable.\u200e Se puede lacar en 30 colores lisos y 6 especiales (brillo, cemento, acero, cobre, n\u00e1car y negro-oro)<\/p>\n<p><strong>Dise\u00f1ador<\/strong><br \/>\n<a href=\"https:\/\/www.dressy.design\/es\/c\/disenadores\/santiago-sevillano\/\">Santiago Sevillano<\/a><\/p>\n","protected":false},"featured_media":2670,"template":"","meta":{"_acf_changed":false},"product_brand":[],"product_cat":[26,25,130],"product_tag":[],"class_list":{"0":"post-1393","1":"product","2":"type-product","3":"status-publish","4":"has-post-thumbnail","6":"product_cat-lap","7":"product_cat-santiago-sevillano","8":"product_cat-silla","10":"first","11":"instock","12":"product-type-simple"},"acf":[],"yoast_head":"<!-- This site is optimized with the Yoast SEO plugin v27.2 - https:\/\/yoast.com\/product\/yoast-seo-wordpress\/ -->\n<title>Butaca moderna de dise\u00f1o giratoria y asiento con carcasa lacada Dressy<\/title>\n<meta name=\"description\" content=\"LAP 4054 Silla giratoria y asiento con carcasa lacada y tapizado desenfudable.\u200e Se puede lacar en 30 colores y brillo, cemento, acero y cobre\" \/>\n<meta name=\"robots\" content=\"index, follow, max-snippet:-1, max-image-preview:large, max-video-preview:-1\" \/>\n<link rel=\"canonical\" href=\"https:\/\/www.dressy.design\/es\/p\/lap-4054-silla-giratoria-asiento-carcasa-lacada\/\" \/>\n<meta property=\"og:locale\" content=\"es_ES\" \/>\n<meta property=\"og:type\" content=\"article\" \/>\n<meta property=\"og:title\" content=\"Butaca moderna de dise\u00f1o giratoria y asiento con carcasa lacada Dressy\" \/>\n<meta property=\"og:description\" content=\"LAP 4054 Silla giratoria y asiento con carcasa lacada y tapizado desenfudable.\u200e Se puede lacar en 30 colores y brillo, cemento, acero y cobre\" \/>\n<meta property=\"og:url\" content=\"https:\/\/www.dressy.design\/es\/p\/lap-4054-silla-giratoria-asiento-carcasa-lacada\/\" \/>\n<meta property=\"og:site_name\" content=\"Dressy\" \/>\n<meta property=\"article:modified_time\" content=\"2022-06-08T08:52:02+00:00\" \/>\n<meta property=\"og:image\" content=\"https:\/\/www.dressy.design\/wp-content\/uploads\/2021\/12\/p_Silla-Lap-4054-4058.webp\" \/>\n\t<meta property=\"og:image:width\" content=\"1195\" \/>\n\t<meta property=\"og:image:height\" content=\"1195\" \/>\n\t<meta property=\"og:image:type\" content=\"image\/webp\" \/>\n<meta name=\"twitter:card\" content=\"summary_large_image\" \/>\n<meta name=\"twitter:label1\" content=\"Tiempo de lectura\" \/>\n\t<meta name=\"twitter:data1\" content=\"1 minuto\" \/>\n<script type=\"application\/ld+json\" class=\"yoast-schema-graph\">{\"@context\":\"https:\/\/schema.org\",\"@graph\":[{\"@type\":\"WebPage\",\"@id\":\"https:\/\/www.dressy.design\/es\/p\/lap-4054-silla-giratoria-asiento-carcasa-lacada\/\",\"url\":\"https:\/\/www.dressy.design\/es\/p\/lap-4054-silla-giratoria-asiento-carcasa-lacada\/\",\"name\":\"Butaca moderna de dise\u00f1o giratoria y asiento con carcasa lacada Dressy\",\"isPartOf\":{\"@id\":\"https:\/\/www.dressy.design\/es\/#website\"},\"primaryImageOfPage\":{\"@id\":\"https:\/\/www.dressy.design\/es\/p\/lap-4054-silla-giratoria-asiento-carcasa-lacada\/#primaryimage\"},\"image\":{\"@id\":\"https:\/\/www.dressy.design\/es\/p\/lap-4054-silla-giratoria-asiento-carcasa-lacada\/#primaryimage\"},\"thumbnailUrl\":\"https:\/\/www.dressy.design\/wp-content\/uploads\/2021\/12\/p_Silla-Lap-4054-4058.webp\",\"datePublished\":\"2021-12-23T12:28:59+00:00\",\"dateModified\":\"2022-06-08T08:52:02+00:00\",\"description\":\"LAP 4054 Silla giratoria y asiento con carcasa lacada y tapizado desenfudable.\u200e Se puede lacar en 30 colores y brillo, cemento, acero y cobre\",\"breadcrumb\":{\"@id\":\"https:\/\/www.dressy.design\/es\/p\/lap-4054-silla-giratoria-asiento-carcasa-lacada\/#breadcrumb\"},\"inLanguage\":\"es\",\"potentialAction\":[{\"@type\":\"ReadAction\",\"target\":[\"https:\/\/www.dressy.design\/es\/p\/lap-4054-silla-giratoria-asiento-carcasa-lacada\/\"]}]},{\"@type\":\"ImageObject\",\"inLanguage\":\"es\",\"@id\":\"https:\/\/www.dressy.design\/es\/p\/lap-4054-silla-giratoria-asiento-carcasa-lacada\/#primaryimage\",\"url\":\"https:\/\/www.dressy.design\/wp-content\/uploads\/2021\/12\/p_Silla-Lap-4054-4058.webp\",\"contentUrl\":\"https:\/\/www.dressy.design\/wp-content\/uploads\/2021\/12\/p_Silla-Lap-4054-4058.webp\",\"width\":1195,\"height\":1195},{\"@type\":\"BreadcrumbList\",\"@id\":\"https:\/\/www.dressy.design\/es\/p\/lap-4054-silla-giratoria-asiento-carcasa-lacada\/#breadcrumb\",\"itemListElement\":[{\"@type\":\"ListItem\",\"position\":1,\"name\":\"Portada\",\"item\":\"https:\/\/www.dressy.design\/es\/\"},{\"@type\":\"ListItem\",\"position\":2,\"name\":\"Tienda\",\"item\":\"https:\/\/www.dressy.design\/es\/?page_id=180\"},{\"@type\":\"ListItem\",\"position\":3,\"name\":\"LAP 4054\"}]},{\"@type\":\"WebSite\",\"@id\":\"https:\/\/www.dressy.design\/es\/#website\",\"url\":\"https:\/\/www.dressy.design\/es\/\",\"name\":\"Dressy\",\"description\":\"Sillas y mesas de m\u00e1xima calidad y dise\u00f1o\",\"potentialAction\":[{\"@type\":\"SearchAction\",\"target\":{\"@type\":\"EntryPoint\",\"urlTemplate\":\"https:\/\/www.dressy.design\/es\/?s={search_term_string}\"},\"query-input\":{\"@type\":\"PropertyValueSpecification\",\"valueRequired\":true,\"valueName\":\"search_term_string\"}}],\"inLanguage\":\"es\"}]}<\/script>\n<!-- \/ Yoast SEO plugin. -->","yoast_head_json":{"title":"Butaca moderna de dise\u00f1o giratoria y asiento con carcasa lacada Dressy","description":"LAP 4054 Silla giratoria y asiento con carcasa lacada y tapizado desenfudable.\u200e Se puede lacar en 30 colores y brillo, cemento, acero y cobre","robots":{"index":"index","follow":"follow","max-snippet":"max-snippet:-1","max-image-preview":"max-image-preview:large","max-video-preview":"max-video-preview:-1"},"canonical":"https:\/\/www.dressy.design\/es\/p\/lap-4054-silla-giratoria-asiento-carcasa-lacada\/","og_locale":"es_ES","og_type":"article","og_title":"Butaca moderna de dise\u00f1o giratoria y asiento con carcasa lacada Dressy","og_description":"LAP 4054 Silla giratoria y asiento con carcasa lacada y tapizado desenfudable.\u200e Se puede lacar en 30 colores y brillo, cemento, acero y cobre","og_url":"https:\/\/www.dressy.design\/es\/p\/lap-4054-silla-giratoria-asiento-carcasa-lacada\/","og_site_name":"Dressy","article_modified_time":"2022-06-08T08:52:02+00:00","og_image":[{"width":1195,"height":1195,"url":"https:\/\/www.dressy.design\/wp-content\/uploads\/2021\/12\/p_Silla-Lap-4054-4058.webp","type":"image\/webp"}],"twitter_card":"summary_large_image","twitter_misc":{"Tiempo de lectura":"1 minuto"},"schema":{"@context":"https:\/\/schema.org","@graph":[{"@type":"WebPage","@id":"https:\/\/www.dressy.design\/es\/p\/lap-4054-silla-giratoria-asiento-carcasa-lacada\/","url":"https:\/\/www.dressy.design\/es\/p\/lap-4054-silla-giratoria-asiento-carcasa-lacada\/","name":"Butaca moderna de dise\u00f1o giratoria y asiento con carcasa lacada Dressy","isPartOf":{"@id":"https:\/\/www.dressy.design\/es\/#website"},"primaryImageOfPage":{"@id":"https:\/\/www.dressy.design\/es\/p\/lap-4054-silla-giratoria-asiento-carcasa-lacada\/#primaryimage"},"image":{"@id":"https:\/\/www.dressy.design\/es\/p\/lap-4054-silla-giratoria-asiento-carcasa-lacada\/#primaryimage"},"thumbnailUrl":"https:\/\/www.dressy.design\/wp-content\/uploads\/2021\/12\/p_Silla-Lap-4054-4058.webp","datePublished":"2021-12-23T12:28:59+00:00","dateModified":"2022-06-08T08:52:02+00:00","description":"LAP 4054 Silla giratoria y asiento con carcasa lacada y tapizado desenfudable.\u200e Se puede lacar en 30 colores y brillo, cemento, acero y cobre","breadcrumb":{"@id":"https:\/\/www.dressy.design\/es\/p\/lap-4054-silla-giratoria-asiento-carcasa-lacada\/#breadcrumb"},"inLanguage":"es","potentialAction":[{"@type":"ReadAction","target":["https:\/\/www.dressy.design\/es\/p\/lap-4054-silla-giratoria-asiento-carcasa-lacada\/"]}]},{"@type":"ImageObject","inLanguage":"es","@id":"https:\/\/www.dressy.design\/es\/p\/lap-4054-silla-giratoria-asiento-carcasa-lacada\/#primaryimage","url":"https:\/\/www.dressy.design\/wp-content\/uploads\/2021\/12\/p_Silla-Lap-4054-4058.webp","contentUrl":"https:\/\/www.dressy.design\/wp-content\/uploads\/2021\/12\/p_Silla-Lap-4054-4058.webp","width":1195,"height":1195},{"@type":"BreadcrumbList","@id":"https:\/\/www.dressy.design\/es\/p\/lap-4054-silla-giratoria-asiento-carcasa-lacada\/#breadcrumb","itemListElement":[{"@type":"ListItem","position":1,"name":"Portada","item":"https:\/\/www.dressy.design\/es\/"},{"@type":"ListItem","position":2,"name":"Tienda","item":"https:\/\/www.dressy.design\/es\/?page_id=180"},{"@type":"ListItem","position":3,"name":"LAP 4054"}]},{"@type":"WebSite","@id":"https:\/\/www.dressy.design\/es\/#website","url":"https:\/\/www.dressy.design\/es\/","name":"Dressy","description":"Sillas y mesas de m\u00e1xima calidad y dise\u00f1o","potentialAction":[{"@type":"SearchAction","target":{"@type":"EntryPoint","urlTemplate":"https:\/\/www.dressy.design\/es\/?s={search_term_string}"},"query-input":{"@type":"PropertyValueSpecification","valueRequired":true,"valueName":"search_term_string"}}],"inLanguage":"es"}]}},"_links":{"self":[{"href":"https:\/\/www.dressy.design\/es\/wp-json\/wp\/v2\/product\/1393","targetHints":{"allow":["GET"]}}],"collection":[{"href":"https:\/\/www.dressy.design\/es\/wp-json\/wp\/v2\/product"}],"about":[{"href":"https:\/\/www.dressy.design\/es\/wp-json\/wp\/v2\/types\/product"}],"wp:featuredmedia":[{"embeddable":true,"href":"https:\/\/www.dressy.design\/es\/wp-json\/wp\/v2\/media\/2670"}],"wp:attachment":[{"href":"https:\/\/www.dressy.design\/es\/wp-json\/wp\/v2\/media?parent=1393"}],"wp:term":[{"taxonomy":"product_brand","embeddable":true,"href":"https:\/\/www.dressy.design\/es\/wp-json\/wp\/v2\/product_brand?post=1393"},{"taxonomy":"product_cat","embeddable":true,"href":"https:\/\/www.dressy.design\/es\/wp-json\/wp\/v2\/product_cat?post=1393"},{"taxonomy":"product_tag","embeddable":true,"href":"https:\/\/www.dressy.design\/es\/wp-json\/wp\/v2\/product_tag?post=1393"}],"curies":[{"name":"wp","href":"https:\/\/api.w.org\/{rel}","templated":true}]}}