{"id":1397,"date":"2021-12-23T12:28:59","date_gmt":"2021-12-23T12:28:59","guid":{"rendered":"https:\/\/www.dressy.design\/p\/nubo-4100\/"},"modified":"2025-11-13T14:46:41","modified_gmt":"2025-11-13T13:46:41","slug":"nubo-4100-butaca-moderna-pie-metalico","status":"publish","type":"product","link":"https:\/\/www.dressy.design\/es\/p\/nubo-4100-butaca-moderna-pie-metalico\/","title":{"rendered":"NUBO 4100"},"content":{"rendered":"\t<div id=\"gap-1697821180\" class=\"gap-element clearfix hide-for-small\" style=\"display:block; height:auto;\">\n\t\t\n<style>\n#gap-1697821180 {\n  padding-top: 30px;\n}\n<\/style>\n\t<\/div>\n\t\n\t<div class=\"img has-hover x md-x lg-x y md-y lg-y\" id=\"image_537359630\">\n\t\t\t\t\t\t\t\t<div class=\"img-inner image-zoom dark\" >\n\t\t\t<img loading=\"lazy\" decoding=\"async\" width=\"1170\" height=\"800\" src=\"https:\/\/www.dressy.design\/wp-content\/uploads\/2021\/12\/Silla-Nubo-4100-Producto_01-1.jpg\" class=\"attachment-large size-large\" alt=\"\" srcset=\"https:\/\/www.dressy.design\/wp-content\/uploads\/2021\/12\/Silla-Nubo-4100-Producto_01-1.jpg 1170w, https:\/\/www.dressy.design\/wp-content\/uploads\/2021\/12\/Silla-Nubo-4100-Producto_01-1-150x103.jpg 150w, https:\/\/www.dressy.design\/wp-content\/uploads\/2021\/12\/Silla-Nubo-4100-Producto_01-1-768x525.jpg 768w, https:\/\/www.dressy.design\/wp-content\/uploads\/2021\/12\/Silla-Nubo-4100-Producto_01-1-50x34.jpg 50w, https:\/\/www.dressy.design\/wp-content\/uploads\/2021\/12\/Silla-Nubo-4100-Producto_01-1-100x68.jpg 100w, https:\/\/www.dressy.design\/wp-content\/uploads\/2021\/12\/Silla-Nubo-4100-Producto_01-1-300x205.jpg 300w, https:\/\/www.dressy.design\/wp-content\/uploads\/2021\/12\/Silla-Nubo-4100-Producto_01-1-600x410.jpg 600w\" sizes=\"auto, (max-width: 1170px) 100vw, 1170px\" \/>\t\t\t\t\t\t\n\t\t\t\t\t<\/div>\n\t\t\t\t\t\t\t\t\n<style>\n#image_537359630 {\n  width: 100%;\n}\n<\/style>\n\t<\/div>\n\t\n\t<div id=\"gap-44945670\" class=\"gap-element clearfix hide-for-small\" style=\"display:block; height:auto;\">\n\t\t\n<style>\n#gap-44945670 {\n  padding-top: 30px;\n}\n<\/style>\n\t<\/div>\n\t\n\t<div id=\"text-980784265\" class=\"text justify\">\n\t\t\n<p>Nubo es la nueva colecci\u00f3n de asientos dise\u00f1ada por Santiago Sevillano, resultado de una cuidada artesan\u00eda que sigue encontrando nuevas expresiones. Una de sus principales caracter\u00edsticas formales es el encuentro de las partes del respaldo, las cuales dan volumen a la pieza como si de tres nubes fusionadas se tratara. Disponible en cuatro tipos de pies, uno de ellos giratorio, dotando a la colecci\u00f3n de una gran versatilidad a la hora de configurar el producto. El respaldo puede ser alto o bajo. Adem\u00e1s, se incluye en la colecci\u00f3n una butaca tipo lounge.<\/p>\n\t\t\t<\/div>\n\t\n<div class=\"row descripcion-parte-1\"  id=\"row-198266200\">\n\n\t<div id=\"col-1189798075\" class=\"col medium-6 small-12 large-6\"  data-animate=\"fadeInDown\">\n\t\t\t\t<div class=\"col-inner\"  >\n\t\t\t\n\t\t\t\n\t<div class=\"img has-hover x md-x lg-x y md-y lg-y\" id=\"image_1844287522\">\n\t\t\t\t\t\t\t\t<div class=\"img-inner image-zoom dark\" >\n\t\t\t<img loading=\"lazy\" decoding=\"async\" width=\"550\" height=\"800\" src=\"https:\/\/www.dressy.design\/wp-content\/uploads\/2021\/11\/Silla-Nubo-4100-Producto_03.webp\" class=\"attachment-large size-large\" alt=\"\" srcset=\"https:\/\/www.dressy.design\/wp-content\/uploads\/2021\/11\/Silla-Nubo-4100-Producto_03.webp 550w, https:\/\/www.dressy.design\/wp-content\/uploads\/2021\/11\/Silla-Nubo-4100-Producto_03-150x218.webp 150w, https:\/\/www.dressy.design\/wp-content\/uploads\/2021\/11\/Silla-Nubo-4100-Producto_03-34x50.webp 34w, https:\/\/www.dressy.design\/wp-content\/uploads\/2021\/11\/Silla-Nubo-4100-Producto_03-69x100.webp 69w, https:\/\/www.dressy.design\/wp-content\/uploads\/2021\/11\/Silla-Nubo-4100-Producto_03-300x436.webp 300w\" sizes=\"auto, (max-width: 550px) 100vw, 550px\" \/>\t\t\t\t\t\t\n\t\t\t\t\t<\/div>\n\t\t\t\t\t\t\t\t\n<style>\n#image_1844287522 {\n  width: 100%;\n}\n<\/style>\n\t<\/div>\n\t\n\t\t<\/div>\n\t\t\t\t\t<\/div>\n\n\t\n\n\t<div id=\"col-1132010239\" class=\"col medium-6 small-12 large-6\"  >\n\t\t\t\t<div class=\"col-inner\"  >\n\t\t\t\n\t\t\t\n\t<div class=\"img has-hover x md-x lg-x y md-y lg-y\" id=\"image_1038738939\">\n\t\t\t\t\t\t\t\t<div class=\"img-inner image-zoom dark\" >\n\t\t\t<img loading=\"lazy\" decoding=\"async\" width=\"550\" height=\"800\" src=\"https:\/\/www.dressy.design\/wp-content\/uploads\/2021\/11\/Silla-Nubo-4100-Producto_02.webp\" class=\"attachment-large size-large\" alt=\"\" srcset=\"https:\/\/www.dressy.design\/wp-content\/uploads\/2021\/11\/Silla-Nubo-4100-Producto_02.webp 550w, https:\/\/www.dressy.design\/wp-content\/uploads\/2021\/11\/Silla-Nubo-4100-Producto_02-150x218.webp 150w, https:\/\/www.dressy.design\/wp-content\/uploads\/2021\/11\/Silla-Nubo-4100-Producto_02-34x50.webp 34w, https:\/\/www.dressy.design\/wp-content\/uploads\/2021\/11\/Silla-Nubo-4100-Producto_02-69x100.webp 69w, https:\/\/www.dressy.design\/wp-content\/uploads\/2021\/11\/Silla-Nubo-4100-Producto_02-300x436.webp 300w\" sizes=\"auto, (max-width: 550px) 100vw, 550px\" \/>\t\t\t\t\t\t\n\t\t\t\t\t<\/div>\n\t\t\t\t\t\t\t\t\n<style>\n#image_1038738939 {\n  width: 100%;\n}\n<\/style>\n\t<\/div>\n\t\n\t\t<\/div>\n\t\t\t\t\t<\/div>\n\n\t\n<\/div>\n\t<div id=\"gap-1121104537\" class=\"gap-element clearfix hide-for-small\" style=\"display:block; height:auto;\">\n\t\t\n<style>\n#gap-1121104537 {\n  padding-top: 30px;\n}\n<\/style>\n\t<\/div>\n\t\n<div class=\"row descripcion-parte-1\"  id=\"row-1581087499\">\n\n\t<div id=\"col-204633109\" class=\"col small-12 large-12\"  data-animate=\"fadeInDown\">\n\t\t\t\t<div class=\"col-inner\"  >\n\t\t\t\n\t\t\t\n\t\t<\/div>\n\t\t\t\t\t<\/div>\n\n\t\n<\/div>\n","protected":false},"excerpt":{"rendered":"<p>Silla de\u00a0<span style=\"font-size: 14.4px;\">respaldo alto con <\/span><span style=\"font-size: 14.4px;\">pie met\u00e1lico de \u00d816 mm y carcasa de poliuretano inyectado \u00edntegramente tapizada.\u200e<\/span><\/p>\n<p><strong>Dise\u00f1ador<\/strong><br \/>\n<a href=\"https:\/\/www.dressy.design\/es\/c\/disenadores\/santiago-sevillano\/\">Santiago Sevillano<\/a><\/p>\n","protected":false},"featured_media":7617,"template":"","meta":{"_acf_changed":false},"product_brand":[],"product_cat":[60,25,130],"product_tag":[],"class_list":{"0":"post-1397","1":"product","2":"type-product","3":"status-publish","4":"has-post-thumbnail","6":"product_cat-nubo","7":"product_cat-santiago-sevillano","8":"product_cat-silla","10":"first","11":"instock","12":"product-type-simple"},"acf":[],"yoast_head":"<!-- This site is optimized with the Yoast SEO plugin v27.2 - https:\/\/yoast.com\/product\/yoast-seo-wordpress\/ -->\n<title>Butaca moderna de dise\u00f1o con pie met\u00e1lico para sal\u00f3n y relax Dressy<\/title>\n<meta name=\"description\" content=\"NUBO 4100 - Butaca moderna de pie met\u00e1lico de \u00d816 mm de respaldo alto con carcasa de poliuretano inyectado \u00edntegramente tapizada\u200e Dressy\" \/>\n<meta name=\"robots\" content=\"index, follow, max-snippet:-1, max-image-preview:large, max-video-preview:-1\" \/>\n<link rel=\"canonical\" href=\"https:\/\/www.dressy.design\/es\/p\/nubo-4100-butaca-moderna-pie-metalico\/\" \/>\n<meta property=\"og:locale\" content=\"es_ES\" \/>\n<meta property=\"og:type\" content=\"article\" \/>\n<meta property=\"og:title\" content=\"Butaca moderna de dise\u00f1o con pie met\u00e1lico para sal\u00f3n y relax Dressy\" \/>\n<meta property=\"og:description\" content=\"NUBO 4100 - Butaca moderna de pie met\u00e1lico de \u00d816 mm de respaldo alto con carcasa de poliuretano inyectado \u00edntegramente tapizada\u200e Dressy\" \/>\n<meta property=\"og:url\" content=\"https:\/\/www.dressy.design\/es\/p\/nubo-4100-butaca-moderna-pie-metalico\/\" \/>\n<meta property=\"og:site_name\" content=\"Dressy\" \/>\n<meta property=\"article:modified_time\" content=\"2025-11-13T13:46:41+00:00\" \/>\n<meta property=\"og:image\" content=\"https:\/\/www.dressy.design\/wp-content\/uploads\/2021\/12\/0-Silla-Nubo-4100.jpg\" \/>\n\t<meta property=\"og:image:width\" content=\"1195\" \/>\n\t<meta property=\"og:image:height\" content=\"1195\" \/>\n\t<meta property=\"og:image:type\" content=\"image\/jpeg\" \/>\n<meta name=\"twitter:card\" content=\"summary_large_image\" \/>\n<meta name=\"twitter:label1\" content=\"Tiempo de lectura\" \/>\n\t<meta name=\"twitter:data1\" content=\"1 minuto\" \/>\n<script type=\"application\/ld+json\" class=\"yoast-schema-graph\">{\"@context\":\"https:\/\/schema.org\",\"@graph\":[{\"@type\":\"WebPage\",\"@id\":\"https:\/\/www.dressy.design\/es\/p\/nubo-4100-butaca-moderna-pie-metalico\/\",\"url\":\"https:\/\/www.dressy.design\/es\/p\/nubo-4100-butaca-moderna-pie-metalico\/\",\"name\":\"Butaca moderna de dise\u00f1o con pie met\u00e1lico para sal\u00f3n y relax Dressy\",\"isPartOf\":{\"@id\":\"https:\/\/www.dressy.design\/es\/#website\"},\"primaryImageOfPage\":{\"@id\":\"https:\/\/www.dressy.design\/es\/p\/nubo-4100-butaca-moderna-pie-metalico\/#primaryimage\"},\"image\":{\"@id\":\"https:\/\/www.dressy.design\/es\/p\/nubo-4100-butaca-moderna-pie-metalico\/#primaryimage\"},\"thumbnailUrl\":\"https:\/\/www.dressy.design\/wp-content\/uploads\/2021\/12\/0-Silla-Nubo-4100.jpg\",\"datePublished\":\"2021-12-23T12:28:59+00:00\",\"dateModified\":\"2025-11-13T13:46:41+00:00\",\"description\":\"NUBO 4100 - Butaca moderna de pie met\u00e1lico de \u00d816 mm de respaldo alto con carcasa de poliuretano inyectado \u00edntegramente tapizada\u200e Dressy\",\"breadcrumb\":{\"@id\":\"https:\/\/www.dressy.design\/es\/p\/nubo-4100-butaca-moderna-pie-metalico\/#breadcrumb\"},\"inLanguage\":\"es\",\"potentialAction\":[{\"@type\":\"ReadAction\",\"target\":[\"https:\/\/www.dressy.design\/es\/p\/nubo-4100-butaca-moderna-pie-metalico\/\"]}]},{\"@type\":\"ImageObject\",\"inLanguage\":\"es\",\"@id\":\"https:\/\/www.dressy.design\/es\/p\/nubo-4100-butaca-moderna-pie-metalico\/#primaryimage\",\"url\":\"https:\/\/www.dressy.design\/wp-content\/uploads\/2021\/12\/0-Silla-Nubo-4100.jpg\",\"contentUrl\":\"https:\/\/www.dressy.design\/wp-content\/uploads\/2021\/12\/0-Silla-Nubo-4100.jpg\",\"width\":1195,\"height\":1195},{\"@type\":\"BreadcrumbList\",\"@id\":\"https:\/\/www.dressy.design\/es\/p\/nubo-4100-butaca-moderna-pie-metalico\/#breadcrumb\",\"itemListElement\":[{\"@type\":\"ListItem\",\"position\":1,\"name\":\"Portada\",\"item\":\"https:\/\/www.dressy.design\/es\/\"},{\"@type\":\"ListItem\",\"position\":2,\"name\":\"Tienda\",\"item\":\"https:\/\/www.dressy.design\/es\/?page_id=180\"},{\"@type\":\"ListItem\",\"position\":3,\"name\":\"NUBO 4100\"}]},{\"@type\":\"WebSite\",\"@id\":\"https:\/\/www.dressy.design\/es\/#website\",\"url\":\"https:\/\/www.dressy.design\/es\/\",\"name\":\"Dressy\",\"description\":\"Sillas y mesas de m\u00e1xima calidad y dise\u00f1o\",\"potentialAction\":[{\"@type\":\"SearchAction\",\"target\":{\"@type\":\"EntryPoint\",\"urlTemplate\":\"https:\/\/www.dressy.design\/es\/?s={search_term_string}\"},\"query-input\":{\"@type\":\"PropertyValueSpecification\",\"valueRequired\":true,\"valueName\":\"search_term_string\"}}],\"inLanguage\":\"es\"}]}<\/script>\n<!-- \/ Yoast SEO plugin. -->","yoast_head_json":{"title":"Butaca moderna de dise\u00f1o con pie met\u00e1lico para sal\u00f3n y relax Dressy","description":"NUBO 4100 - Butaca moderna de pie met\u00e1lico de \u00d816 mm de respaldo alto con carcasa de poliuretano inyectado \u00edntegramente tapizada\u200e Dressy","robots":{"index":"index","follow":"follow","max-snippet":"max-snippet:-1","max-image-preview":"max-image-preview:large","max-video-preview":"max-video-preview:-1"},"canonical":"https:\/\/www.dressy.design\/es\/p\/nubo-4100-butaca-moderna-pie-metalico\/","og_locale":"es_ES","og_type":"article","og_title":"Butaca moderna de dise\u00f1o con pie met\u00e1lico para sal\u00f3n y relax Dressy","og_description":"NUBO 4100 - Butaca moderna de pie met\u00e1lico de \u00d816 mm de respaldo alto con carcasa de poliuretano inyectado \u00edntegramente tapizada\u200e Dressy","og_url":"https:\/\/www.dressy.design\/es\/p\/nubo-4100-butaca-moderna-pie-metalico\/","og_site_name":"Dressy","article_modified_time":"2025-11-13T13:46:41+00:00","og_image":[{"width":1195,"height":1195,"url":"https:\/\/www.dressy.design\/wp-content\/uploads\/2021\/12\/0-Silla-Nubo-4100.jpg","type":"image\/jpeg"}],"twitter_card":"summary_large_image","twitter_misc":{"Tiempo de lectura":"1 minuto"},"schema":{"@context":"https:\/\/schema.org","@graph":[{"@type":"WebPage","@id":"https:\/\/www.dressy.design\/es\/p\/nubo-4100-butaca-moderna-pie-metalico\/","url":"https:\/\/www.dressy.design\/es\/p\/nubo-4100-butaca-moderna-pie-metalico\/","name":"Butaca moderna de dise\u00f1o con pie met\u00e1lico para sal\u00f3n y relax Dressy","isPartOf":{"@id":"https:\/\/www.dressy.design\/es\/#website"},"primaryImageOfPage":{"@id":"https:\/\/www.dressy.design\/es\/p\/nubo-4100-butaca-moderna-pie-metalico\/#primaryimage"},"image":{"@id":"https:\/\/www.dressy.design\/es\/p\/nubo-4100-butaca-moderna-pie-metalico\/#primaryimage"},"thumbnailUrl":"https:\/\/www.dressy.design\/wp-content\/uploads\/2021\/12\/0-Silla-Nubo-4100.jpg","datePublished":"2021-12-23T12:28:59+00:00","dateModified":"2025-11-13T13:46:41+00:00","description":"NUBO 4100 - Butaca moderna de pie met\u00e1lico de \u00d816 mm de respaldo alto con carcasa de poliuretano inyectado \u00edntegramente tapizada\u200e Dressy","breadcrumb":{"@id":"https:\/\/www.dressy.design\/es\/p\/nubo-4100-butaca-moderna-pie-metalico\/#breadcrumb"},"inLanguage":"es","potentialAction":[{"@type":"ReadAction","target":["https:\/\/www.dressy.design\/es\/p\/nubo-4100-butaca-moderna-pie-metalico\/"]}]},{"@type":"ImageObject","inLanguage":"es","@id":"https:\/\/www.dressy.design\/es\/p\/nubo-4100-butaca-moderna-pie-metalico\/#primaryimage","url":"https:\/\/www.dressy.design\/wp-content\/uploads\/2021\/12\/0-Silla-Nubo-4100.jpg","contentUrl":"https:\/\/www.dressy.design\/wp-content\/uploads\/2021\/12\/0-Silla-Nubo-4100.jpg","width":1195,"height":1195},{"@type":"BreadcrumbList","@id":"https:\/\/www.dressy.design\/es\/p\/nubo-4100-butaca-moderna-pie-metalico\/#breadcrumb","itemListElement":[{"@type":"ListItem","position":1,"name":"Portada","item":"https:\/\/www.dressy.design\/es\/"},{"@type":"ListItem","position":2,"name":"Tienda","item":"https:\/\/www.dressy.design\/es\/?page_id=180"},{"@type":"ListItem","position":3,"name":"NUBO 4100"}]},{"@type":"WebSite","@id":"https:\/\/www.dressy.design\/es\/#website","url":"https:\/\/www.dressy.design\/es\/","name":"Dressy","description":"Sillas y mesas de m\u00e1xima calidad y dise\u00f1o","potentialAction":[{"@type":"SearchAction","target":{"@type":"EntryPoint","urlTemplate":"https:\/\/www.dressy.design\/es\/?s={search_term_string}"},"query-input":{"@type":"PropertyValueSpecification","valueRequired":true,"valueName":"search_term_string"}}],"inLanguage":"es"}]}},"_links":{"self":[{"href":"https:\/\/www.dressy.design\/es\/wp-json\/wp\/v2\/product\/1397","targetHints":{"allow":["GET"]}}],"collection":[{"href":"https:\/\/www.dressy.design\/es\/wp-json\/wp\/v2\/product"}],"about":[{"href":"https:\/\/www.dressy.design\/es\/wp-json\/wp\/v2\/types\/product"}],"wp:featuredmedia":[{"embeddable":true,"href":"https:\/\/www.dressy.design\/es\/wp-json\/wp\/v2\/media\/7617"}],"wp:attachment":[{"href":"https:\/\/www.dressy.design\/es\/wp-json\/wp\/v2\/media?parent=1397"}],"wp:term":[{"taxonomy":"product_brand","embeddable":true,"href":"https:\/\/www.dressy.design\/es\/wp-json\/wp\/v2\/product_brand?post=1397"},{"taxonomy":"product_cat","embeddable":true,"href":"https:\/\/www.dressy.design\/es\/wp-json\/wp\/v2\/product_cat?post=1397"},{"taxonomy":"product_tag","embeddable":true,"href":"https:\/\/www.dressy.design\/es\/wp-json\/wp\/v2\/product_tag?post=1397"}],"curies":[{"name":"wp","href":"https:\/\/api.w.org\/{rel}","templated":true}]}}