{"id":1399,"date":"2021-12-23T12:29:07","date_gmt":"2021-12-23T12:29:07","guid":{"rendered":"https:\/\/www.dressy.design\/p\/nubo-4102\/"},"modified":"2025-11-13T14:46:00","modified_gmt":"2025-11-13T13:46:00","slug":"nubo-4102-silla-moderna-de-pie-metalico-central","status":"publish","type":"product","link":"https:\/\/www.dressy.design\/es\/p\/nubo-4102-silla-moderna-de-pie-metalico-central\/","title":{"rendered":"NUBO 4102"},"content":{"rendered":"\t<div id=\"gap-1564446650\" class=\"gap-element clearfix hide-for-small\" style=\"display:block; height:auto;\">\n\t\t\n<style>\n#gap-1564446650 {\n  padding-top: 50px;\n}\n<\/style>\n\t<\/div>\n\t\n<div class=\"row descripcion-parte-1\"  id=\"row-959972627\">\n\n\t<div id=\"col-1572874408\" class=\"col hide-for-small medium-3 small-12 large-3\"  >\n\t\t\t\t<div class=\"col-inner\"  >\n\t\t\t\n\t\t\t\n\t\t<\/div>\n\t\t\t\t\t<\/div>\n\n\t\n\n\t<div id=\"col-503326318\" class=\"col medium-5 small-12 large-5\"  data-animate=\"fadeInDown\">\n\t\t\t\t<div class=\"col-inner\"  >\n\t\t\t\n\t\t\t\n\t<div class=\"img has-hover x md-x lg-x y md-y lg-y\" id=\"image_2041078669\">\n\t\t\t\t\t\t\t\t<div class=\"img-inner image-zoom dark\" >\n\t\t\t<img loading=\"lazy\" decoding=\"async\" width=\"800\" height=\"800\" src=\"https:\/\/www.dressy.design\/wp-content\/uploads\/2021\/11\/Silla-Nubo-4102_Galeria_02.webp\" class=\"attachment-large size-large\" alt=\"\" srcset=\"https:\/\/www.dressy.design\/wp-content\/uploads\/2021\/11\/Silla-Nubo-4102_Galeria_02.webp 800w, https:\/\/www.dressy.design\/wp-content\/uploads\/2021\/11\/Silla-Nubo-4102_Galeria_02-150x150.webp 150w, https:\/\/www.dressy.design\/wp-content\/uploads\/2021\/11\/Silla-Nubo-4102_Galeria_02-768x768.webp 768w, https:\/\/www.dressy.design\/wp-content\/uploads\/2021\/11\/Silla-Nubo-4102_Galeria_02-300x300.webp 300w, https:\/\/www.dressy.design\/wp-content\/uploads\/2021\/11\/Silla-Nubo-4102_Galeria_02-640x640.webp 640w, https:\/\/www.dressy.design\/wp-content\/uploads\/2021\/11\/Silla-Nubo-4102_Galeria_02-50x50.webp 50w, https:\/\/www.dressy.design\/wp-content\/uploads\/2021\/11\/Silla-Nubo-4102_Galeria_02-100x100.webp 100w, https:\/\/www.dressy.design\/wp-content\/uploads\/2021\/11\/Silla-Nubo-4102_Galeria_02-600x600.webp 600w\" sizes=\"auto, (max-width: 800px) 100vw, 800px\" \/>\t\t\t\t\t\t\n\t\t\t\t\t<\/div>\n\t\t\t\t\t\t\t\t\n<style>\n#image_2041078669 {\n  width: 100%;\n}\n<\/style>\n\t<\/div>\n\t\n\t\t<\/div>\n\t\t\t\t\t<\/div>\n\n\t\n\n\t<div id=\"col-1430549423\" class=\"col medium-4 small-12 large-4\"  >\n\t\t\t\t<div class=\"col-inner\"  >\n\t\t\t\n\t\t\t\n\t<div class=\"img has-hover x md-x lg-x y md-y lg-y\" id=\"image_852050326\">\n\t\t\t\t\t\t\t\t<div class=\"img-inner dark\" >\n\t\t\t<img loading=\"lazy\" decoding=\"async\" width=\"550\" height=\"800\" src=\"https:\/\/www.dressy.design\/wp-content\/uploads\/2021\/11\/Silla-Nubo-4103_Galeria_01.webp\" class=\"attachment-large size-large\" alt=\"\" srcset=\"https:\/\/www.dressy.design\/wp-content\/uploads\/2021\/11\/Silla-Nubo-4103_Galeria_01.webp 550w, https:\/\/www.dressy.design\/wp-content\/uploads\/2021\/11\/Silla-Nubo-4103_Galeria_01-150x218.webp 150w, https:\/\/www.dressy.design\/wp-content\/uploads\/2021\/11\/Silla-Nubo-4103_Galeria_01-34x50.webp 34w, https:\/\/www.dressy.design\/wp-content\/uploads\/2021\/11\/Silla-Nubo-4103_Galeria_01-69x100.webp 69w, https:\/\/www.dressy.design\/wp-content\/uploads\/2021\/11\/Silla-Nubo-4103_Galeria_01-300x436.webp 300w\" sizes=\"auto, (max-width: 550px) 100vw, 550px\" \/>\t\t\t\t\t\t\n\t\t\t\t\t<\/div>\n\t\t\t\t\t\t\t\t\n<style>\n#image_852050326 {\n  width: 87.5%;\n}\n<\/style>\n\t<\/div>\n\t\n\t\t<\/div>\n\t\t\t\t\t<\/div>\n\n\t\n<\/div>\n<div class=\"row descripcion-parte-1\"  id=\"row-1688878301\">\n\n\t<div id=\"col-1434912166\" class=\"col hide-for-small medium-3 small-12 large-3\"  >\n\t\t\t\t<div class=\"col-inner\"  >\n\t\t\t\n\t\t\t\n\t\t<\/div>\n\t\t\t\t\t<\/div>\n\n\t\n\n\t<div id=\"col-732665819\" class=\"col medium-8 small-12 large-8\"  data-animate=\"fadeInDown\">\n\t\t\t\t<div class=\"col-inner\"  >\n\t\t\t\n\t\t\t\n<p>Nubo es la nueva colecci\u00f3n de asientos dise\u00f1ada por Santiago Sevillano, resultado de una cuidada artesan\u00eda que sigue encontrando nuevas expresiones. Una de sus principales caracter\u00edsticas formales es el encuentro de las partes del respaldo, las cuales dan volumen a la pieza como si de tres nubes fusionadas se tratara. Disponible en cuatro tipos de pies, uno de ellos giratorio, dotando a la colecci\u00f3n de una gran versatilidad a la hora de configurar el producto. El respaldo puede ser alto o bajo. Adem\u00e1s, se incluye en la colecci\u00f3n una butaca tipo lounge.<\/p>\n\t\t<\/div>\n\t\t\t\t\t<\/div>\n\n\t\n<\/div>\n","protected":false},"excerpt":{"rendered":"<p>Silla de\u00a0<span style=\"font-size: 14.4px;\">respaldo alto con <\/span><span style=\"font-size: 14.4px;\">pie met\u00e1lico central fijo y carcasa de poliuretano inyectado \u00edntegramente tapizada.<\/span><\/p>\n<p><strong>Dise\u00f1ador<\/strong><br \/>\n<a href=\"https:\/\/www.dressy.design\/es\/c\/disenadores\/santiago-sevillano\/\">Santiago Sevillano<\/a><\/p>\n","protected":false},"featured_media":7621,"template":"","meta":{"_acf_changed":false},"product_brand":[],"product_cat":[60,25,130],"product_tag":[],"class_list":{"0":"post-1399","1":"product","2":"type-product","3":"status-publish","4":"has-post-thumbnail","6":"product_cat-nubo","7":"product_cat-santiago-sevillano","8":"product_cat-silla","10":"first","11":"instock","12":"product-type-simple"},"acf":[],"yoast_head":"<!-- This site is optimized with the Yoast SEO plugin v27.2 - https:\/\/yoast.com\/product\/yoast-seo-wordpress\/ -->\n<title>NUBO 4102 - Silla moderna sal\u00f3n de pie met\u00e1lico central Dressy<\/title>\n<meta name=\"description\" content=\"NUBO 4102 - Silla moderna de pie met\u00e1lico central fijo de respaldo alto con carcasa de poliuretano inyectado \u00edntegramente tapizada Dressy\" \/>\n<meta name=\"robots\" content=\"index, follow, max-snippet:-1, max-image-preview:large, max-video-preview:-1\" \/>\n<link rel=\"canonical\" href=\"https:\/\/www.dressy.design\/es\/p\/nubo-4102-silla-moderna-de-pie-metalico-central\/\" \/>\n<meta property=\"og:locale\" content=\"es_ES\" \/>\n<meta property=\"og:type\" content=\"article\" \/>\n<meta property=\"og:title\" content=\"NUBO 4102 - Silla moderna sal\u00f3n de pie met\u00e1lico central Dressy\" \/>\n<meta property=\"og:description\" content=\"NUBO 4102 - Silla moderna de pie met\u00e1lico central fijo de respaldo alto con carcasa de poliuretano inyectado \u00edntegramente tapizada Dressy\" \/>\n<meta property=\"og:url\" content=\"https:\/\/www.dressy.design\/es\/p\/nubo-4102-silla-moderna-de-pie-metalico-central\/\" \/>\n<meta property=\"og:site_name\" content=\"Dressy\" \/>\n<meta property=\"article:modified_time\" content=\"2025-11-13T13:46:00+00:00\" \/>\n<meta property=\"og:image\" content=\"https:\/\/www.dressy.design\/wp-content\/uploads\/2021\/12\/0-Silla-Nubo-4102.jpg\" \/>\n\t<meta property=\"og:image:width\" content=\"1195\" \/>\n\t<meta property=\"og:image:height\" content=\"1195\" \/>\n\t<meta property=\"og:image:type\" content=\"image\/jpeg\" \/>\n<meta name=\"twitter:card\" content=\"summary_large_image\" \/>\n<meta name=\"twitter:label1\" content=\"Tiempo de lectura\" \/>\n\t<meta name=\"twitter:data1\" content=\"1 minuto\" \/>\n<script type=\"application\/ld+json\" class=\"yoast-schema-graph\">{\"@context\":\"https:\/\/schema.org\",\"@graph\":[{\"@type\":\"WebPage\",\"@id\":\"https:\/\/www.dressy.design\/es\/p\/nubo-4102-silla-moderna-de-pie-metalico-central\/\",\"url\":\"https:\/\/www.dressy.design\/es\/p\/nubo-4102-silla-moderna-de-pie-metalico-central\/\",\"name\":\"NUBO 4102 - Silla moderna sal\u00f3n de pie met\u00e1lico central Dressy\",\"isPartOf\":{\"@id\":\"https:\/\/www.dressy.design\/es\/#website\"},\"primaryImageOfPage\":{\"@id\":\"https:\/\/www.dressy.design\/es\/p\/nubo-4102-silla-moderna-de-pie-metalico-central\/#primaryimage\"},\"image\":{\"@id\":\"https:\/\/www.dressy.design\/es\/p\/nubo-4102-silla-moderna-de-pie-metalico-central\/#primaryimage\"},\"thumbnailUrl\":\"https:\/\/www.dressy.design\/wp-content\/uploads\/2021\/12\/0-Silla-Nubo-4102.jpg\",\"datePublished\":\"2021-12-23T12:29:07+00:00\",\"dateModified\":\"2025-11-13T13:46:00+00:00\",\"description\":\"NUBO 4102 - Silla moderna de pie met\u00e1lico central fijo de respaldo alto con carcasa de poliuretano inyectado \u00edntegramente tapizada Dressy\",\"breadcrumb\":{\"@id\":\"https:\/\/www.dressy.design\/es\/p\/nubo-4102-silla-moderna-de-pie-metalico-central\/#breadcrumb\"},\"inLanguage\":\"es\",\"potentialAction\":[{\"@type\":\"ReadAction\",\"target\":[\"https:\/\/www.dressy.design\/es\/p\/nubo-4102-silla-moderna-de-pie-metalico-central\/\"]}]},{\"@type\":\"ImageObject\",\"inLanguage\":\"es\",\"@id\":\"https:\/\/www.dressy.design\/es\/p\/nubo-4102-silla-moderna-de-pie-metalico-central\/#primaryimage\",\"url\":\"https:\/\/www.dressy.design\/wp-content\/uploads\/2021\/12\/0-Silla-Nubo-4102.jpg\",\"contentUrl\":\"https:\/\/www.dressy.design\/wp-content\/uploads\/2021\/12\/0-Silla-Nubo-4102.jpg\",\"width\":1195,\"height\":1195},{\"@type\":\"BreadcrumbList\",\"@id\":\"https:\/\/www.dressy.design\/es\/p\/nubo-4102-silla-moderna-de-pie-metalico-central\/#breadcrumb\",\"itemListElement\":[{\"@type\":\"ListItem\",\"position\":1,\"name\":\"Portada\",\"item\":\"https:\/\/www.dressy.design\/es\/\"},{\"@type\":\"ListItem\",\"position\":2,\"name\":\"Tienda\",\"item\":\"https:\/\/www.dressy.design\/es\/?page_id=180\"},{\"@type\":\"ListItem\",\"position\":3,\"name\":\"NUBO 4102\"}]},{\"@type\":\"WebSite\",\"@id\":\"https:\/\/www.dressy.design\/es\/#website\",\"url\":\"https:\/\/www.dressy.design\/es\/\",\"name\":\"Dressy\",\"description\":\"Sillas y mesas de m\u00e1xima calidad y dise\u00f1o\",\"potentialAction\":[{\"@type\":\"SearchAction\",\"target\":{\"@type\":\"EntryPoint\",\"urlTemplate\":\"https:\/\/www.dressy.design\/es\/?s={search_term_string}\"},\"query-input\":{\"@type\":\"PropertyValueSpecification\",\"valueRequired\":true,\"valueName\":\"search_term_string\"}}],\"inLanguage\":\"es\"}]}<\/script>\n<!-- \/ Yoast SEO plugin. -->","yoast_head_json":{"title":"NUBO 4102 - Silla moderna sal\u00f3n de pie met\u00e1lico central Dressy","description":"NUBO 4102 - Silla moderna de pie met\u00e1lico central fijo de respaldo alto con carcasa de poliuretano inyectado \u00edntegramente tapizada Dressy","robots":{"index":"index","follow":"follow","max-snippet":"max-snippet:-1","max-image-preview":"max-image-preview:large","max-video-preview":"max-video-preview:-1"},"canonical":"https:\/\/www.dressy.design\/es\/p\/nubo-4102-silla-moderna-de-pie-metalico-central\/","og_locale":"es_ES","og_type":"article","og_title":"NUBO 4102 - Silla moderna sal\u00f3n de pie met\u00e1lico central Dressy","og_description":"NUBO 4102 - Silla moderna de pie met\u00e1lico central fijo de respaldo alto con carcasa de poliuretano inyectado \u00edntegramente tapizada Dressy","og_url":"https:\/\/www.dressy.design\/es\/p\/nubo-4102-silla-moderna-de-pie-metalico-central\/","og_site_name":"Dressy","article_modified_time":"2025-11-13T13:46:00+00:00","og_image":[{"width":1195,"height":1195,"url":"https:\/\/www.dressy.design\/wp-content\/uploads\/2021\/12\/0-Silla-Nubo-4102.jpg","type":"image\/jpeg"}],"twitter_card":"summary_large_image","twitter_misc":{"Tiempo de lectura":"1 minuto"},"schema":{"@context":"https:\/\/schema.org","@graph":[{"@type":"WebPage","@id":"https:\/\/www.dressy.design\/es\/p\/nubo-4102-silla-moderna-de-pie-metalico-central\/","url":"https:\/\/www.dressy.design\/es\/p\/nubo-4102-silla-moderna-de-pie-metalico-central\/","name":"NUBO 4102 - Silla moderna sal\u00f3n de pie met\u00e1lico central Dressy","isPartOf":{"@id":"https:\/\/www.dressy.design\/es\/#website"},"primaryImageOfPage":{"@id":"https:\/\/www.dressy.design\/es\/p\/nubo-4102-silla-moderna-de-pie-metalico-central\/#primaryimage"},"image":{"@id":"https:\/\/www.dressy.design\/es\/p\/nubo-4102-silla-moderna-de-pie-metalico-central\/#primaryimage"},"thumbnailUrl":"https:\/\/www.dressy.design\/wp-content\/uploads\/2021\/12\/0-Silla-Nubo-4102.jpg","datePublished":"2021-12-23T12:29:07+00:00","dateModified":"2025-11-13T13:46:00+00:00","description":"NUBO 4102 - Silla moderna de pie met\u00e1lico central fijo de respaldo alto con carcasa de poliuretano inyectado \u00edntegramente tapizada Dressy","breadcrumb":{"@id":"https:\/\/www.dressy.design\/es\/p\/nubo-4102-silla-moderna-de-pie-metalico-central\/#breadcrumb"},"inLanguage":"es","potentialAction":[{"@type":"ReadAction","target":["https:\/\/www.dressy.design\/es\/p\/nubo-4102-silla-moderna-de-pie-metalico-central\/"]}]},{"@type":"ImageObject","inLanguage":"es","@id":"https:\/\/www.dressy.design\/es\/p\/nubo-4102-silla-moderna-de-pie-metalico-central\/#primaryimage","url":"https:\/\/www.dressy.design\/wp-content\/uploads\/2021\/12\/0-Silla-Nubo-4102.jpg","contentUrl":"https:\/\/www.dressy.design\/wp-content\/uploads\/2021\/12\/0-Silla-Nubo-4102.jpg","width":1195,"height":1195},{"@type":"BreadcrumbList","@id":"https:\/\/www.dressy.design\/es\/p\/nubo-4102-silla-moderna-de-pie-metalico-central\/#breadcrumb","itemListElement":[{"@type":"ListItem","position":1,"name":"Portada","item":"https:\/\/www.dressy.design\/es\/"},{"@type":"ListItem","position":2,"name":"Tienda","item":"https:\/\/www.dressy.design\/es\/?page_id=180"},{"@type":"ListItem","position":3,"name":"NUBO 4102"}]},{"@type":"WebSite","@id":"https:\/\/www.dressy.design\/es\/#website","url":"https:\/\/www.dressy.design\/es\/","name":"Dressy","description":"Sillas y mesas de m\u00e1xima calidad y dise\u00f1o","potentialAction":[{"@type":"SearchAction","target":{"@type":"EntryPoint","urlTemplate":"https:\/\/www.dressy.design\/es\/?s={search_term_string}"},"query-input":{"@type":"PropertyValueSpecification","valueRequired":true,"valueName":"search_term_string"}}],"inLanguage":"es"}]}},"_links":{"self":[{"href":"https:\/\/www.dressy.design\/es\/wp-json\/wp\/v2\/product\/1399","targetHints":{"allow":["GET"]}}],"collection":[{"href":"https:\/\/www.dressy.design\/es\/wp-json\/wp\/v2\/product"}],"about":[{"href":"https:\/\/www.dressy.design\/es\/wp-json\/wp\/v2\/types\/product"}],"wp:featuredmedia":[{"embeddable":true,"href":"https:\/\/www.dressy.design\/es\/wp-json\/wp\/v2\/media\/7621"}],"wp:attachment":[{"href":"https:\/\/www.dressy.design\/es\/wp-json\/wp\/v2\/media?parent=1399"}],"wp:term":[{"taxonomy":"product_brand","embeddable":true,"href":"https:\/\/www.dressy.design\/es\/wp-json\/wp\/v2\/product_brand?post=1399"},{"taxonomy":"product_cat","embeddable":true,"href":"https:\/\/www.dressy.design\/es\/wp-json\/wp\/v2\/product_cat?post=1399"},{"taxonomy":"product_tag","embeddable":true,"href":"https:\/\/www.dressy.design\/es\/wp-json\/wp\/v2\/product_tag?post=1399"}],"curies":[{"name":"wp","href":"https:\/\/api.w.org\/{rel}","templated":true}]}}