{"id":1412,"date":"2021-12-24T12:10:22","date_gmt":"2021-12-24T12:10:22","guid":{"rendered":"https:\/\/www.dressy.design\/p\/miles-h153\/"},"modified":"2022-06-08T10:34:23","modified_gmt":"2022-06-08T08:34:23","slug":"miles-h153-alacena-recubierta-ceramico-base-suelo","status":"publish","type":"product","link":"https:\/\/www.dressy.design\/es\/p\/miles-h153-alacena-recubierta-ceramico-base-suelo\/","title":{"rendered":"MILES H153"},"content":{"rendered":"\t<div id=\"gap-1815781488\" class=\"gap-element clearfix hide-for-small\" style=\"display:block; height:auto;\">\n\t\t\n<style>\n#gap-1815781488 {\n  padding-top: 50px;\n}\n<\/style>\n\t<\/div>\n\t\n<div class=\"row descripcion-parte-1\"  id=\"row-1649225620\">\n\n\t<div id=\"col-499720053\" class=\"col medium-6 small-12 large-6\"  data-animate=\"fadeInDown\">\n\t\t\t\t<div class=\"col-inner\"  >\n\t\t\t\n\t\t\t\n\t<div class=\"img has-hover x md-x lg-x y md-y lg-y\" id=\"image_822921627\">\n\t\t\t\t\t\t\t\t<div class=\"img-inner image-zoom dark\" >\n\t\t\t<img loading=\"lazy\" decoding=\"async\" width=\"550\" height=\"800\" src=\"https:\/\/www.dressy.design\/wp-content\/uploads\/2021\/11\/Alacena-Miles_Producto_01.webp\" class=\"attachment-large size-large\" alt=\"\" srcset=\"https:\/\/www.dressy.design\/wp-content\/uploads\/2021\/11\/Alacena-Miles_Producto_01.webp 550w, https:\/\/www.dressy.design\/wp-content\/uploads\/2021\/11\/Alacena-Miles_Producto_01-150x218.webp 150w, https:\/\/www.dressy.design\/wp-content\/uploads\/2021\/11\/Alacena-Miles_Producto_01-34x50.webp 34w, https:\/\/www.dressy.design\/wp-content\/uploads\/2021\/11\/Alacena-Miles_Producto_01-69x100.webp 69w, https:\/\/www.dressy.design\/wp-content\/uploads\/2021\/11\/Alacena-Miles_Producto_01-300x436.webp 300w\" sizes=\"auto, (max-width: 550px) 100vw, 550px\" \/>\t\t\t\t\t\t\n\t\t\t\t\t<\/div>\n\t\t\t\t\t\t\t\t\n<style>\n#image_822921627 {\n  width: 100%;\n}\n<\/style>\n\t<\/div>\n\t\n\t\t<\/div>\n\t\t\t\t\t<\/div>\n\n\t\n\n\t<div id=\"col-481492752\" class=\"col hide-for-small medium-6 small-12 large-6\"  >\n\t\t\t\t<div class=\"col-inner\"  >\n\t\t\t\n\t\t\t\n<div class=\"row\"  id=\"row-412377209\">\n\n\t<div id=\"col-1280384613\" class=\"col medium-8 small-12 large-8\"  >\n\t\t\t\t<div class=\"col-inner\"  >\n\t\t\t\n\t\t\t\n\t<div class=\"img has-hover x md-x lg-x y md-y lg-y\" id=\"image_1946858147\">\n\t\t\t\t\t\t\t\t<div class=\"img-inner dark\" >\n\t\t\t<img loading=\"lazy\" decoding=\"async\" width=\"800\" height=\"800\" src=\"https:\/\/www.dressy.design\/wp-content\/uploads\/2021\/11\/Alacena-Miles_Producto_02.webp\" class=\"attachment-large size-large\" alt=\"\" srcset=\"https:\/\/www.dressy.design\/wp-content\/uploads\/2021\/11\/Alacena-Miles_Producto_02.webp 800w, https:\/\/www.dressy.design\/wp-content\/uploads\/2021\/11\/Alacena-Miles_Producto_02-150x150.webp 150w, https:\/\/www.dressy.design\/wp-content\/uploads\/2021\/11\/Alacena-Miles_Producto_02-768x768.webp 768w, https:\/\/www.dressy.design\/wp-content\/uploads\/2021\/11\/Alacena-Miles_Producto_02-300x300.webp 300w, https:\/\/www.dressy.design\/wp-content\/uploads\/2021\/11\/Alacena-Miles_Producto_02-640x640.webp 640w, https:\/\/www.dressy.design\/wp-content\/uploads\/2021\/11\/Alacena-Miles_Producto_02-50x50.webp 50w, https:\/\/www.dressy.design\/wp-content\/uploads\/2021\/11\/Alacena-Miles_Producto_02-100x100.webp 100w, https:\/\/www.dressy.design\/wp-content\/uploads\/2021\/11\/Alacena-Miles_Producto_02-600x600.webp 600w\" sizes=\"auto, (max-width: 800px) 100vw, 800px\" \/>\t\t\t\t\t\t\n\t\t\t\t\t<\/div>\n\t\t\t\t\t\t\t\t\n<style>\n#image_1946858147 {\n  width: 100%;\n}\n<\/style>\n\t<\/div>\n\t\n<p>Miles es la primera apuesta de Dressy en muebles de almacenaje que incluye tanto aparadores como alacenas en diferentes medidas. El mueble se ofrece en tres alturas distintas: por un lado, base al suelo fabricada en DM y por otro lado una estructura met\u00e1lica que se ofrece en dos alturas y dos formas diferentes (circular y rectangular). El m\u00f3dulo superior puede ser lacado o recubierto en cer\u00e1mico. En el caso del aparador, este m\u00f3dulo se divide en dos, tres o cuatro vol\u00famenes y est\u00e1 disponible en varias dimensiones. Es una colecci\u00f3n muy vers\u00e1til que ofrece muchas posibilidades de personalizaci\u00f3n para configurar el mueble deseado. Adem\u00e1s, el aparador ha sido dise\u00f1ado con los mejores componentes del mercado, como por ejemplo los herrajes de HETTICH \u00ae y BLUM \u00ae.<\/p>\n\t\t<\/div>\n\t\t\t\t\t<\/div>\n\n\t\n<\/div>\n\t\t<\/div>\n\t\t\t\t\t<\/div>\n\n\t\n<\/div>\n<div class=\"row descripcion-parte-1\"  id=\"row-1524394748\">\n\n\t<div id=\"col-1063228830\" class=\"col hide-for-small medium-2 small-12 large-2\"  >\n\t\t\t\t<div class=\"col-inner\"  >\n\t\t\t\n\t\t\t\n\t\t<\/div>\n\t\t\t\t\t<\/div>\n\n\t\n\n\t<div id=\"col-219412759\" class=\"col medium-8 small-12 large-8\"  data-animate=\"fadeInDown\">\n\t\t\t\t<div class=\"col-inner\"  >\n\t\t\t\n\t\t\t\n\t\t<\/div>\n\t\t\t\t\t<\/div>\n\n\t\n<\/div>\n","protected":false},"excerpt":{"rendered":"<p>Alacena con base directamente al suelo y altura total de 153 cm.<\/p>\n<p><strong>Dise\u00f1ador<\/strong><br \/>\n<a href=\"https:\/\/www.dressy.design\/es\/c\/disenadores\/sergio-rochas\/\">Sergio Rochas<\/a><\/p>\n","protected":false},"featured_media":2596,"template":"","meta":{"_acf_changed":false},"product_brand":[],"product_cat":[135,59,48],"product_tag":[],"class_list":{"0":"post-1412","1":"product","2":"type-product","3":"status-publish","4":"has-post-thumbnail","6":"product_cat-alacenas","7":"product_cat-miles","8":"product_cat-sergio-rochas","10":"first","11":"instock","12":"product-type-simple"},"acf":[],"yoast_head":"<!-- This site is optimized with the Yoast SEO plugin v27.2 - https:\/\/yoast.com\/product\/yoast-seo-wordpress\/ -->\n<title>Alacena recubierta de cer\u00e1mico con base al suelo y altura total de 153 cm<\/title>\n<meta name=\"description\" content=\"Alacena con base directamente al suelo y altura total de 153 cm. Est\u00e1 completamente recubierta por cer\u00e1mico. Dise\u00f1ado por Sergio Rochas\" \/>\n<meta name=\"robots\" content=\"index, follow, max-snippet:-1, max-image-preview:large, max-video-preview:-1\" \/>\n<link rel=\"canonical\" href=\"https:\/\/www.dressy.design\/es\/p\/miles-h153-alacena-recubierta-ceramico-base-suelo\/\" \/>\n<meta property=\"og:locale\" content=\"es_ES\" \/>\n<meta property=\"og:type\" content=\"article\" \/>\n<meta property=\"og:title\" content=\"Alacena recubierta de cer\u00e1mico con base al suelo y altura total de 153 cm\" \/>\n<meta property=\"og:description\" content=\"Alacena con base directamente al suelo y altura total de 153 cm. Est\u00e1 completamente recubierta por cer\u00e1mico. Dise\u00f1ado por Sergio Rochas\" \/>\n<meta property=\"og:url\" content=\"https:\/\/www.dressy.design\/es\/p\/miles-h153-alacena-recubierta-ceramico-base-suelo\/\" \/>\n<meta property=\"og:site_name\" content=\"Dressy\" \/>\n<meta property=\"article:modified_time\" content=\"2022-06-08T08:34:23+00:00\" \/>\n<meta property=\"og:image\" content=\"https:\/\/www.dressy.design\/wp-content\/uploads\/2021\/12\/p_Alacena-Miles-H153-1.webp\" \/>\n\t<meta property=\"og:image:width\" content=\"1195\" \/>\n\t<meta property=\"og:image:height\" content=\"1195\" \/>\n\t<meta property=\"og:image:type\" content=\"image\/webp\" \/>\n<meta name=\"twitter:card\" content=\"summary_large_image\" \/>\n<meta name=\"twitter:label1\" content=\"Tiempo de lectura\" \/>\n\t<meta name=\"twitter:data1\" content=\"1 minuto\" \/>\n<script type=\"application\/ld+json\" class=\"yoast-schema-graph\">{\"@context\":\"https:\/\/schema.org\",\"@graph\":[{\"@type\":\"WebPage\",\"@id\":\"https:\/\/www.dressy.design\/es\/p\/miles-h153-alacena-recubierta-ceramico-base-suelo\/\",\"url\":\"https:\/\/www.dressy.design\/es\/p\/miles-h153-alacena-recubierta-ceramico-base-suelo\/\",\"name\":\"Alacena recubierta de cer\u00e1mico con base al suelo y altura total de 153 cm\",\"isPartOf\":{\"@id\":\"https:\/\/www.dressy.design\/es\/#website\"},\"primaryImageOfPage\":{\"@id\":\"https:\/\/www.dressy.design\/es\/p\/miles-h153-alacena-recubierta-ceramico-base-suelo\/#primaryimage\"},\"image\":{\"@id\":\"https:\/\/www.dressy.design\/es\/p\/miles-h153-alacena-recubierta-ceramico-base-suelo\/#primaryimage\"},\"thumbnailUrl\":\"https:\/\/www.dressy.design\/wp-content\/uploads\/2021\/12\/p_Alacena-Miles-H153-1.webp\",\"datePublished\":\"2021-12-24T12:10:22+00:00\",\"dateModified\":\"2022-06-08T08:34:23+00:00\",\"description\":\"Alacena con base directamente al suelo y altura total de 153 cm. Est\u00e1 completamente recubierta por cer\u00e1mico. Dise\u00f1ado por Sergio Rochas\",\"breadcrumb\":{\"@id\":\"https:\/\/www.dressy.design\/es\/p\/miles-h153-alacena-recubierta-ceramico-base-suelo\/#breadcrumb\"},\"inLanguage\":\"es\",\"potentialAction\":[{\"@type\":\"ReadAction\",\"target\":[\"https:\/\/www.dressy.design\/es\/p\/miles-h153-alacena-recubierta-ceramico-base-suelo\/\"]}]},{\"@type\":\"ImageObject\",\"inLanguage\":\"es\",\"@id\":\"https:\/\/www.dressy.design\/es\/p\/miles-h153-alacena-recubierta-ceramico-base-suelo\/#primaryimage\",\"url\":\"https:\/\/www.dressy.design\/wp-content\/uploads\/2021\/12\/p_Alacena-Miles-H153-1.webp\",\"contentUrl\":\"https:\/\/www.dressy.design\/wp-content\/uploads\/2021\/12\/p_Alacena-Miles-H153-1.webp\",\"width\":1195,\"height\":1195},{\"@type\":\"BreadcrumbList\",\"@id\":\"https:\/\/www.dressy.design\/es\/p\/miles-h153-alacena-recubierta-ceramico-base-suelo\/#breadcrumb\",\"itemListElement\":[{\"@type\":\"ListItem\",\"position\":1,\"name\":\"Portada\",\"item\":\"https:\/\/www.dressy.design\/es\/\"},{\"@type\":\"ListItem\",\"position\":2,\"name\":\"Tienda\",\"item\":\"https:\/\/www.dressy.design\/es\/?page_id=180\"},{\"@type\":\"ListItem\",\"position\":3,\"name\":\"MILES H153\"}]},{\"@type\":\"WebSite\",\"@id\":\"https:\/\/www.dressy.design\/es\/#website\",\"url\":\"https:\/\/www.dressy.design\/es\/\",\"name\":\"Dressy\",\"description\":\"Sillas y mesas de m\u00e1xima calidad y dise\u00f1o\",\"potentialAction\":[{\"@type\":\"SearchAction\",\"target\":{\"@type\":\"EntryPoint\",\"urlTemplate\":\"https:\/\/www.dressy.design\/es\/?s={search_term_string}\"},\"query-input\":{\"@type\":\"PropertyValueSpecification\",\"valueRequired\":true,\"valueName\":\"search_term_string\"}}],\"inLanguage\":\"es\"}]}<\/script>\n<!-- \/ Yoast SEO plugin. -->","yoast_head_json":{"title":"Alacena recubierta de cer\u00e1mico con base al suelo y altura total de 153 cm","description":"Alacena con base directamente al suelo y altura total de 153 cm. Est\u00e1 completamente recubierta por cer\u00e1mico. Dise\u00f1ado por Sergio Rochas","robots":{"index":"index","follow":"follow","max-snippet":"max-snippet:-1","max-image-preview":"max-image-preview:large","max-video-preview":"max-video-preview:-1"},"canonical":"https:\/\/www.dressy.design\/es\/p\/miles-h153-alacena-recubierta-ceramico-base-suelo\/","og_locale":"es_ES","og_type":"article","og_title":"Alacena recubierta de cer\u00e1mico con base al suelo y altura total de 153 cm","og_description":"Alacena con base directamente al suelo y altura total de 153 cm. Est\u00e1 completamente recubierta por cer\u00e1mico. Dise\u00f1ado por Sergio Rochas","og_url":"https:\/\/www.dressy.design\/es\/p\/miles-h153-alacena-recubierta-ceramico-base-suelo\/","og_site_name":"Dressy","article_modified_time":"2022-06-08T08:34:23+00:00","og_image":[{"width":1195,"height":1195,"url":"https:\/\/www.dressy.design\/wp-content\/uploads\/2021\/12\/p_Alacena-Miles-H153-1.webp","type":"image\/webp"}],"twitter_card":"summary_large_image","twitter_misc":{"Tiempo de lectura":"1 minuto"},"schema":{"@context":"https:\/\/schema.org","@graph":[{"@type":"WebPage","@id":"https:\/\/www.dressy.design\/es\/p\/miles-h153-alacena-recubierta-ceramico-base-suelo\/","url":"https:\/\/www.dressy.design\/es\/p\/miles-h153-alacena-recubierta-ceramico-base-suelo\/","name":"Alacena recubierta de cer\u00e1mico con base al suelo y altura total de 153 cm","isPartOf":{"@id":"https:\/\/www.dressy.design\/es\/#website"},"primaryImageOfPage":{"@id":"https:\/\/www.dressy.design\/es\/p\/miles-h153-alacena-recubierta-ceramico-base-suelo\/#primaryimage"},"image":{"@id":"https:\/\/www.dressy.design\/es\/p\/miles-h153-alacena-recubierta-ceramico-base-suelo\/#primaryimage"},"thumbnailUrl":"https:\/\/www.dressy.design\/wp-content\/uploads\/2021\/12\/p_Alacena-Miles-H153-1.webp","datePublished":"2021-12-24T12:10:22+00:00","dateModified":"2022-06-08T08:34:23+00:00","description":"Alacena con base directamente al suelo y altura total de 153 cm. Est\u00e1 completamente recubierta por cer\u00e1mico. Dise\u00f1ado por Sergio Rochas","breadcrumb":{"@id":"https:\/\/www.dressy.design\/es\/p\/miles-h153-alacena-recubierta-ceramico-base-suelo\/#breadcrumb"},"inLanguage":"es","potentialAction":[{"@type":"ReadAction","target":["https:\/\/www.dressy.design\/es\/p\/miles-h153-alacena-recubierta-ceramico-base-suelo\/"]}]},{"@type":"ImageObject","inLanguage":"es","@id":"https:\/\/www.dressy.design\/es\/p\/miles-h153-alacena-recubierta-ceramico-base-suelo\/#primaryimage","url":"https:\/\/www.dressy.design\/wp-content\/uploads\/2021\/12\/p_Alacena-Miles-H153-1.webp","contentUrl":"https:\/\/www.dressy.design\/wp-content\/uploads\/2021\/12\/p_Alacena-Miles-H153-1.webp","width":1195,"height":1195},{"@type":"BreadcrumbList","@id":"https:\/\/www.dressy.design\/es\/p\/miles-h153-alacena-recubierta-ceramico-base-suelo\/#breadcrumb","itemListElement":[{"@type":"ListItem","position":1,"name":"Portada","item":"https:\/\/www.dressy.design\/es\/"},{"@type":"ListItem","position":2,"name":"Tienda","item":"https:\/\/www.dressy.design\/es\/?page_id=180"},{"@type":"ListItem","position":3,"name":"MILES H153"}]},{"@type":"WebSite","@id":"https:\/\/www.dressy.design\/es\/#website","url":"https:\/\/www.dressy.design\/es\/","name":"Dressy","description":"Sillas y mesas de m\u00e1xima calidad y dise\u00f1o","potentialAction":[{"@type":"SearchAction","target":{"@type":"EntryPoint","urlTemplate":"https:\/\/www.dressy.design\/es\/?s={search_term_string}"},"query-input":{"@type":"PropertyValueSpecification","valueRequired":true,"valueName":"search_term_string"}}],"inLanguage":"es"}]}},"_links":{"self":[{"href":"https:\/\/www.dressy.design\/es\/wp-json\/wp\/v2\/product\/1412","targetHints":{"allow":["GET"]}}],"collection":[{"href":"https:\/\/www.dressy.design\/es\/wp-json\/wp\/v2\/product"}],"about":[{"href":"https:\/\/www.dressy.design\/es\/wp-json\/wp\/v2\/types\/product"}],"wp:featuredmedia":[{"embeddable":true,"href":"https:\/\/www.dressy.design\/es\/wp-json\/wp\/v2\/media\/2596"}],"wp:attachment":[{"href":"https:\/\/www.dressy.design\/es\/wp-json\/wp\/v2\/media?parent=1412"}],"wp:term":[{"taxonomy":"product_brand","embeddable":true,"href":"https:\/\/www.dressy.design\/es\/wp-json\/wp\/v2\/product_brand?post=1412"},{"taxonomy":"product_cat","embeddable":true,"href":"https:\/\/www.dressy.design\/es\/wp-json\/wp\/v2\/product_cat?post=1412"},{"taxonomy":"product_tag","embeddable":true,"href":"https:\/\/www.dressy.design\/es\/wp-json\/wp\/v2\/product_tag?post=1412"}],"curies":[{"name":"wp","href":"https:\/\/api.w.org\/{rel}","templated":true}]}}