{"id":1413,"date":"2021-12-23T12:29:34","date_gmt":"2021-12-23T12:29:34","guid":{"rendered":"https:\/\/www.dressy.design\/p\/simone\/"},"modified":"2022-06-08T10:42:25","modified_gmt":"2022-06-08T08:42:25","slug":"simone-mesa-auxiliar-tapa-ceramica-disenado","status":"publish","type":"product","link":"https:\/\/www.dressy.design\/es\/p\/simone-mesa-auxiliar-tapa-ceramica-disenado\/","title":{"rendered":"SIMONE"},"content":{"rendered":"\t<div id=\"gap-1915711352\" class=\"gap-element clearfix hide-for-small\" style=\"display:block; height:auto;\">\n\t\t\n<style>\n#gap-1915711352 {\n  padding-top: 50px;\n}\n<\/style>\n\t<\/div>\n\t\n<div class=\"row descripcion-parte-1\"  id=\"row-1941958683\">\n\n\t<div id=\"col-918391781\" class=\"col medium-2 small-12 large-2\"  data-animate=\"fadeInDown\">\n\t\t\t\t<div class=\"col-inner\"  >\n\t\t\t\n\t\t\t\n\t\t<\/div>\n\t\t\t\t\t<\/div>\n\n\t\n\n\t<div id=\"col-674265057\" class=\"col medium-5 small-12 large-5\"  data-animate=\"fadeInDown\">\n\t\t\t\t<div class=\"col-inner\"  >\n\t\t\t\n\t\t\t\n\t<div class=\"img has-hover x md-x lg-x y md-y lg-y\" id=\"image_1521113177\">\n\t\t\t\t\t\t\t\t<div class=\"img-inner image-zoom dark\" >\n\t\t\t<img loading=\"lazy\" decoding=\"async\" width=\"1270\" height=\"800\" src=\"https:\/\/www.dressy.design\/wp-content\/uploads\/2021\/11\/Mesa-auxiliar-Simone_Producto_06.webp\" class=\"attachment-large size-large\" alt=\"\" srcset=\"https:\/\/www.dressy.design\/wp-content\/uploads\/2021\/11\/Mesa-auxiliar-Simone_Producto_06.webp 1270w, https:\/\/www.dressy.design\/wp-content\/uploads\/2021\/11\/Mesa-auxiliar-Simone_Producto_06-150x94.webp 150w, https:\/\/www.dressy.design\/wp-content\/uploads\/2021\/11\/Mesa-auxiliar-Simone_Producto_06-768x484.webp 768w, https:\/\/www.dressy.design\/wp-content\/uploads\/2021\/11\/Mesa-auxiliar-Simone_Producto_06-50x31.webp 50w, https:\/\/www.dressy.design\/wp-content\/uploads\/2021\/11\/Mesa-auxiliar-Simone_Producto_06-100x63.webp 100w, https:\/\/www.dressy.design\/wp-content\/uploads\/2021\/11\/Mesa-auxiliar-Simone_Producto_06-300x189.webp 300w, https:\/\/www.dressy.design\/wp-content\/uploads\/2021\/11\/Mesa-auxiliar-Simone_Producto_06-600x378.webp 600w\" sizes=\"auto, (max-width: 1270px) 100vw, 1270px\" \/>\t\t\t\t\t\t\n\t\t\t\t\t<\/div>\n\t\t\t\t\t\t\t\t\n<style>\n#image_1521113177 {\n  width: 100%;\n}\n<\/style>\n\t<\/div>\n\t\n\t\t<\/div>\n\t\t\t\t\t<\/div>\n\n\t\n\n\t<div id=\"col-284397011\" class=\"col hide-for-small medium-5 small-12 large-5\"  >\n\t\t\t\t<div class=\"col-inner\"  >\n\t\t\t\n\t\t\t\n\t<div class=\"img has-hover x md-x lg-x y md-y lg-y\" id=\"image_752857884\">\n\t\t\t\t\t\t\t\t<div class=\"img-inner image-zoom dark\" >\n\t\t\t<img loading=\"lazy\" decoding=\"async\" width=\"1170\" height=\"800\" src=\"https:\/\/www.dressy.design\/wp-content\/uploads\/2021\/11\/Mesa-auxiliar-Simone_Producto_05.webp\" class=\"attachment-large size-large\" alt=\"\" srcset=\"https:\/\/www.dressy.design\/wp-content\/uploads\/2021\/11\/Mesa-auxiliar-Simone_Producto_05.webp 1170w, https:\/\/www.dressy.design\/wp-content\/uploads\/2021\/11\/Mesa-auxiliar-Simone_Producto_05-150x103.webp 150w, https:\/\/www.dressy.design\/wp-content\/uploads\/2021\/11\/Mesa-auxiliar-Simone_Producto_05-768x525.webp 768w, https:\/\/www.dressy.design\/wp-content\/uploads\/2021\/11\/Mesa-auxiliar-Simone_Producto_05-50x34.webp 50w, https:\/\/www.dressy.design\/wp-content\/uploads\/2021\/11\/Mesa-auxiliar-Simone_Producto_05-100x68.webp 100w, https:\/\/www.dressy.design\/wp-content\/uploads\/2021\/11\/Mesa-auxiliar-Simone_Producto_05-300x205.webp 300w, https:\/\/www.dressy.design\/wp-content\/uploads\/2021\/11\/Mesa-auxiliar-Simone_Producto_05-600x410.webp 600w\" sizes=\"auto, (max-width: 1170px) 100vw, 1170px\" \/>\t\t\t\t\t\t\n\t\t\t\t\t<\/div>\n\t\t\t\t\t\t\t\t\n<style>\n#image_752857884 {\n  width: 92%;\n}\n<\/style>\n\t<\/div>\n\t\n\t\t<\/div>\n\t\t\t\t\t<\/div>\n\n\t\n<\/div>\n<div class=\"row descripcion-parte-1\"  id=\"row-1686702673\">\n\n\t<div id=\"col-953505954\" class=\"col medium-2 small-12 large-2\"  data-animate=\"fadeInDown\">\n\t\t\t\t<div class=\"col-inner\"  >\n\t\t\t\n\t\t\t\n\t\t<\/div>\n\t\t\t\t\t<\/div>\n\n\t\n\n\t<div id=\"col-1113935381\" class=\"col hide-for-small medium-9 small-12 large-9\"  >\n\t\t\t\t<div class=\"col-inner\"  >\n\t\t\t\n\t\t\t\n<p>Simone da nombre a la mesa auxiliar de tapa cer\u00e1mica. Una de las caracter\u00edsticas principales de Nina Simone era la improvisaci\u00f3n que aplicaba a sus composiciones. Esta mesa puede considerarse, tambi\u00e9n, como una composici\u00f3n que cada usuario puede improvisar gracias la gran variedad de acabados y a los diferentes complementos que se le pueden a\u00f1adir: revistero met\u00e1lico y bandeja de madera.<\/p>\n\t\t<\/div>\n\t\t\t\t\t<\/div>\n\n\t\n<\/div>\n","protected":false},"excerpt":{"rendered":"<p>Mesa auxiliar de tapa cer\u00e1mica y 43 cm de altura. Se puede completar con bandejas de madera y\/o metal.<\/p>\n<p><strong>Dise\u00f1ador<\/strong><br \/>\n<a href=\"https:\/\/www.dressy.design\/es\/c\/disenadores\/sergio-rochas\/\">Sergio Rochas<\/a><\/p>\n","protected":false},"featured_media":2616,"template":"","meta":{"_acf_changed":false},"product_brand":[],"product_cat":[136,48,62],"product_tag":[],"class_list":{"0":"post-1413","1":"product","2":"type-product","3":"status-publish","4":"has-post-thumbnail","6":"product_cat-mesa-auxiliar","7":"product_cat-sergio-rochas","8":"product_cat-simone","10":"first","11":"instock","12":"product-type-simple"},"acf":[],"yoast_head":"<!-- This site is optimized with the Yoast SEO plugin v27.2 - https:\/\/yoast.com\/product\/yoast-seo-wordpress\/ -->\n<title>SIMONE - Mesa auxiliar de tapa cer\u00e1mica y 43 cm de altura Dressy<\/title>\n<meta name=\"description\" content=\"SIMONE - Mesa auxiliar de tapa cer\u00e1mica y 43 cm de altura. Se puede completar con bandejas de madera y\/o metal dise\u00f1ado por Sergio Rochas\" \/>\n<meta name=\"robots\" content=\"index, follow, max-snippet:-1, max-image-preview:large, max-video-preview:-1\" \/>\n<link rel=\"canonical\" href=\"https:\/\/www.dressy.design\/es\/p\/simone-mesa-auxiliar-tapa-ceramica-disenado\/\" \/>\n<meta property=\"og:locale\" content=\"es_ES\" \/>\n<meta property=\"og:type\" content=\"article\" \/>\n<meta property=\"og:title\" content=\"SIMONE - Mesa auxiliar de tapa cer\u00e1mica y 43 cm de altura Dressy\" \/>\n<meta property=\"og:description\" content=\"SIMONE - Mesa auxiliar de tapa cer\u00e1mica y 43 cm de altura. Se puede completar con bandejas de madera y\/o metal dise\u00f1ado por Sergio Rochas\" \/>\n<meta property=\"og:url\" content=\"https:\/\/www.dressy.design\/es\/p\/simone-mesa-auxiliar-tapa-ceramica-disenado\/\" \/>\n<meta property=\"og:site_name\" content=\"Dressy\" \/>\n<meta property=\"article:modified_time\" content=\"2022-06-08T08:42:25+00:00\" \/>\n<meta property=\"og:image\" content=\"https:\/\/www.dressy.design\/wp-content\/uploads\/2021\/12\/p_Mesa-auxiliar-Simone-1.webp\" \/>\n\t<meta property=\"og:image:width\" content=\"1195\" \/>\n\t<meta property=\"og:image:height\" content=\"1195\" \/>\n\t<meta property=\"og:image:type\" content=\"image\/webp\" \/>\n<meta name=\"twitter:card\" content=\"summary_large_image\" \/>\n<meta name=\"twitter:label1\" content=\"Tiempo de lectura\" \/>\n\t<meta name=\"twitter:data1\" content=\"1 minuto\" \/>\n<script type=\"application\/ld+json\" class=\"yoast-schema-graph\">{\"@context\":\"https:\/\/schema.org\",\"@graph\":[{\"@type\":\"WebPage\",\"@id\":\"https:\/\/www.dressy.design\/es\/p\/simone-mesa-auxiliar-tapa-ceramica-disenado\/\",\"url\":\"https:\/\/www.dressy.design\/es\/p\/simone-mesa-auxiliar-tapa-ceramica-disenado\/\",\"name\":\"SIMONE - Mesa auxiliar de tapa cer\u00e1mica y 43 cm de altura Dressy\",\"isPartOf\":{\"@id\":\"https:\/\/www.dressy.design\/es\/#website\"},\"primaryImageOfPage\":{\"@id\":\"https:\/\/www.dressy.design\/es\/p\/simone-mesa-auxiliar-tapa-ceramica-disenado\/#primaryimage\"},\"image\":{\"@id\":\"https:\/\/www.dressy.design\/es\/p\/simone-mesa-auxiliar-tapa-ceramica-disenado\/#primaryimage\"},\"thumbnailUrl\":\"https:\/\/www.dressy.design\/wp-content\/uploads\/2021\/12\/p_Mesa-auxiliar-Simone-1.webp\",\"datePublished\":\"2021-12-23T12:29:34+00:00\",\"dateModified\":\"2022-06-08T08:42:25+00:00\",\"description\":\"SIMONE - Mesa auxiliar de tapa cer\u00e1mica y 43 cm de altura. Se puede completar con bandejas de madera y\/o metal dise\u00f1ado por Sergio Rochas\",\"breadcrumb\":{\"@id\":\"https:\/\/www.dressy.design\/es\/p\/simone-mesa-auxiliar-tapa-ceramica-disenado\/#breadcrumb\"},\"inLanguage\":\"es\",\"potentialAction\":[{\"@type\":\"ReadAction\",\"target\":[\"https:\/\/www.dressy.design\/es\/p\/simone-mesa-auxiliar-tapa-ceramica-disenado\/\"]}]},{\"@type\":\"ImageObject\",\"inLanguage\":\"es\",\"@id\":\"https:\/\/www.dressy.design\/es\/p\/simone-mesa-auxiliar-tapa-ceramica-disenado\/#primaryimage\",\"url\":\"https:\/\/www.dressy.design\/wp-content\/uploads\/2021\/12\/p_Mesa-auxiliar-Simone-1.webp\",\"contentUrl\":\"https:\/\/www.dressy.design\/wp-content\/uploads\/2021\/12\/p_Mesa-auxiliar-Simone-1.webp\",\"width\":1195,\"height\":1195},{\"@type\":\"BreadcrumbList\",\"@id\":\"https:\/\/www.dressy.design\/es\/p\/simone-mesa-auxiliar-tapa-ceramica-disenado\/#breadcrumb\",\"itemListElement\":[{\"@type\":\"ListItem\",\"position\":1,\"name\":\"Portada\",\"item\":\"https:\/\/www.dressy.design\/es\/\"},{\"@type\":\"ListItem\",\"position\":2,\"name\":\"Tienda\",\"item\":\"https:\/\/www.dressy.design\/es\/?page_id=180\"},{\"@type\":\"ListItem\",\"position\":3,\"name\":\"SIMONE\"}]},{\"@type\":\"WebSite\",\"@id\":\"https:\/\/www.dressy.design\/es\/#website\",\"url\":\"https:\/\/www.dressy.design\/es\/\",\"name\":\"Dressy\",\"description\":\"Sillas y mesas de m\u00e1xima calidad y dise\u00f1o\",\"potentialAction\":[{\"@type\":\"SearchAction\",\"target\":{\"@type\":\"EntryPoint\",\"urlTemplate\":\"https:\/\/www.dressy.design\/es\/?s={search_term_string}\"},\"query-input\":{\"@type\":\"PropertyValueSpecification\",\"valueRequired\":true,\"valueName\":\"search_term_string\"}}],\"inLanguage\":\"es\"}]}<\/script>\n<!-- \/ Yoast SEO plugin. -->","yoast_head_json":{"title":"SIMONE - Mesa auxiliar de tapa cer\u00e1mica y 43 cm de altura Dressy","description":"SIMONE - Mesa auxiliar de tapa cer\u00e1mica y 43 cm de altura. Se puede completar con bandejas de madera y\/o metal dise\u00f1ado por Sergio Rochas","robots":{"index":"index","follow":"follow","max-snippet":"max-snippet:-1","max-image-preview":"max-image-preview:large","max-video-preview":"max-video-preview:-1"},"canonical":"https:\/\/www.dressy.design\/es\/p\/simone-mesa-auxiliar-tapa-ceramica-disenado\/","og_locale":"es_ES","og_type":"article","og_title":"SIMONE - Mesa auxiliar de tapa cer\u00e1mica y 43 cm de altura Dressy","og_description":"SIMONE - Mesa auxiliar de tapa cer\u00e1mica y 43 cm de altura. Se puede completar con bandejas de madera y\/o metal dise\u00f1ado por Sergio Rochas","og_url":"https:\/\/www.dressy.design\/es\/p\/simone-mesa-auxiliar-tapa-ceramica-disenado\/","og_site_name":"Dressy","article_modified_time":"2022-06-08T08:42:25+00:00","og_image":[{"width":1195,"height":1195,"url":"https:\/\/www.dressy.design\/wp-content\/uploads\/2021\/12\/p_Mesa-auxiliar-Simone-1.webp","type":"image\/webp"}],"twitter_card":"summary_large_image","twitter_misc":{"Tiempo de lectura":"1 minuto"},"schema":{"@context":"https:\/\/schema.org","@graph":[{"@type":"WebPage","@id":"https:\/\/www.dressy.design\/es\/p\/simone-mesa-auxiliar-tapa-ceramica-disenado\/","url":"https:\/\/www.dressy.design\/es\/p\/simone-mesa-auxiliar-tapa-ceramica-disenado\/","name":"SIMONE - Mesa auxiliar de tapa cer\u00e1mica y 43 cm de altura Dressy","isPartOf":{"@id":"https:\/\/www.dressy.design\/es\/#website"},"primaryImageOfPage":{"@id":"https:\/\/www.dressy.design\/es\/p\/simone-mesa-auxiliar-tapa-ceramica-disenado\/#primaryimage"},"image":{"@id":"https:\/\/www.dressy.design\/es\/p\/simone-mesa-auxiliar-tapa-ceramica-disenado\/#primaryimage"},"thumbnailUrl":"https:\/\/www.dressy.design\/wp-content\/uploads\/2021\/12\/p_Mesa-auxiliar-Simone-1.webp","datePublished":"2021-12-23T12:29:34+00:00","dateModified":"2022-06-08T08:42:25+00:00","description":"SIMONE - Mesa auxiliar de tapa cer\u00e1mica y 43 cm de altura. Se puede completar con bandejas de madera y\/o metal dise\u00f1ado por Sergio Rochas","breadcrumb":{"@id":"https:\/\/www.dressy.design\/es\/p\/simone-mesa-auxiliar-tapa-ceramica-disenado\/#breadcrumb"},"inLanguage":"es","potentialAction":[{"@type":"ReadAction","target":["https:\/\/www.dressy.design\/es\/p\/simone-mesa-auxiliar-tapa-ceramica-disenado\/"]}]},{"@type":"ImageObject","inLanguage":"es","@id":"https:\/\/www.dressy.design\/es\/p\/simone-mesa-auxiliar-tapa-ceramica-disenado\/#primaryimage","url":"https:\/\/www.dressy.design\/wp-content\/uploads\/2021\/12\/p_Mesa-auxiliar-Simone-1.webp","contentUrl":"https:\/\/www.dressy.design\/wp-content\/uploads\/2021\/12\/p_Mesa-auxiliar-Simone-1.webp","width":1195,"height":1195},{"@type":"BreadcrumbList","@id":"https:\/\/www.dressy.design\/es\/p\/simone-mesa-auxiliar-tapa-ceramica-disenado\/#breadcrumb","itemListElement":[{"@type":"ListItem","position":1,"name":"Portada","item":"https:\/\/www.dressy.design\/es\/"},{"@type":"ListItem","position":2,"name":"Tienda","item":"https:\/\/www.dressy.design\/es\/?page_id=180"},{"@type":"ListItem","position":3,"name":"SIMONE"}]},{"@type":"WebSite","@id":"https:\/\/www.dressy.design\/es\/#website","url":"https:\/\/www.dressy.design\/es\/","name":"Dressy","description":"Sillas y mesas de m\u00e1xima calidad y dise\u00f1o","potentialAction":[{"@type":"SearchAction","target":{"@type":"EntryPoint","urlTemplate":"https:\/\/www.dressy.design\/es\/?s={search_term_string}"},"query-input":{"@type":"PropertyValueSpecification","valueRequired":true,"valueName":"search_term_string"}}],"inLanguage":"es"}]}},"_links":{"self":[{"href":"https:\/\/www.dressy.design\/es\/wp-json\/wp\/v2\/product\/1413","targetHints":{"allow":["GET"]}}],"collection":[{"href":"https:\/\/www.dressy.design\/es\/wp-json\/wp\/v2\/product"}],"about":[{"href":"https:\/\/www.dressy.design\/es\/wp-json\/wp\/v2\/types\/product"}],"wp:featuredmedia":[{"embeddable":true,"href":"https:\/\/www.dressy.design\/es\/wp-json\/wp\/v2\/media\/2616"}],"wp:attachment":[{"href":"https:\/\/www.dressy.design\/es\/wp-json\/wp\/v2\/media?parent=1413"}],"wp:term":[{"taxonomy":"product_brand","embeddable":true,"href":"https:\/\/www.dressy.design\/es\/wp-json\/wp\/v2\/product_brand?post=1413"},{"taxonomy":"product_cat","embeddable":true,"href":"https:\/\/www.dressy.design\/es\/wp-json\/wp\/v2\/product_cat?post=1413"},{"taxonomy":"product_tag","embeddable":true,"href":"https:\/\/www.dressy.design\/es\/wp-json\/wp\/v2\/product_tag?post=1413"}],"curies":[{"name":"wp","href":"https:\/\/api.w.org\/{rel}","templated":true}]}}