{"id":1420,"date":"2021-12-23T12:29:52","date_gmt":"2021-12-23T12:29:52","guid":{"rendered":"https:\/\/www.dressy.design\/p\/merlot-2\/"},"modified":"2022-05-24T12:31:54","modified_gmt":"2022-05-24T10:31:54","slug":"merlot-mesa-extensible-tapa-ceramica","status":"publish","type":"product","link":"https:\/\/www.dressy.design\/es\/p\/merlot-mesa-extensible-tapa-ceramica\/","title":{"rendered":"MERLOT"},"content":{"rendered":"\t<div id=\"gap-1412403864\" class=\"gap-element clearfix hide-for-small\" style=\"display:block; height:auto;\">\n\t\t\n<style>\n#gap-1412403864 {\n  padding-top: 30px;\n}\n<\/style>\n\t<\/div>\n\t\n\t<div class=\"img has-hover x md-x lg-x y md-y lg-y\" id=\"image_19453723\">\n\t\t\t\t\t\t\t\t<div class=\"img-inner image-zoom dark\" >\n\t\t\t<img loading=\"lazy\" decoding=\"async\" width=\"1270\" height=\"800\" src=\"https:\/\/www.dressy.design\/wp-content\/uploads\/2021\/11\/Mesa-extensible-Merlot_Galeria_01.webp\" class=\"attachment-large size-large\" alt=\"\" srcset=\"https:\/\/www.dressy.design\/wp-content\/uploads\/2021\/11\/Mesa-extensible-Merlot_Galeria_01.webp 1270w, https:\/\/www.dressy.design\/wp-content\/uploads\/2021\/11\/Mesa-extensible-Merlot_Galeria_01-150x94.webp 150w, https:\/\/www.dressy.design\/wp-content\/uploads\/2021\/11\/Mesa-extensible-Merlot_Galeria_01-768x484.webp 768w, https:\/\/www.dressy.design\/wp-content\/uploads\/2021\/11\/Mesa-extensible-Merlot_Galeria_01-50x31.webp 50w, https:\/\/www.dressy.design\/wp-content\/uploads\/2021\/11\/Mesa-extensible-Merlot_Galeria_01-100x63.webp 100w, https:\/\/www.dressy.design\/wp-content\/uploads\/2021\/11\/Mesa-extensible-Merlot_Galeria_01-300x189.webp 300w, https:\/\/www.dressy.design\/wp-content\/uploads\/2021\/11\/Mesa-extensible-Merlot_Galeria_01-600x378.webp 600w\" sizes=\"auto, (max-width: 1270px) 100vw, 1270px\" \/>\t\t\t\t\t\t\n\t\t\t\t\t<\/div>\n\t\t\t\t\t\t\t\t\n<style>\n#image_19453723 {\n  width: 100%;\n}\n<\/style>\n\t<\/div>\n\t\n\t<div id=\"gap-630616561\" class=\"gap-element clearfix hide-for-small\" style=\"display:block; height:auto;\">\n\t\t\n<style>\n#gap-630616561 {\n  padding-top: 30px;\n}\n<\/style>\n\t<\/div>\n\t\n\t<div id=\"text-1097651465\" class=\"text justify\">\n\t\t\n<p>De dise\u00f1o vanguardista y atractivo, la mesa Merlot nace con la idea clara de diferenciarse. De destacar olvidando los t\u00f3picos. De ir m\u00e1s all\u00e1. Surge con el objetivo de cautivar a primera vista para conseguir provocar el anhelo de una velada inolvidable junto a ella.<\/p>\n<p>La forma estilizada y con tirada de sus patas de 6&#215;6 cm inspira a todo el que la observa una ligereza impropia en mesas de su estilo. Se muestra delicada y fina, pero sin prescindir en absoluto de la estabilidad y calidad en los detalles caracter\u00edsticos de la colecci\u00f3n Dressy.<\/p>\n<p>La sensaci\u00f3n de ingravidez de la tapa que se consigue al remeter la estructura, provoca en sus admiradores un efecto fascinante. Una sensaci\u00f3n maravillosa que te lleva a imaginarla en cada rinc\u00f3n de tu hogar, rodeada de tus pertenencias m\u00e1s valiosas y de tus seres m\u00e1s queridos. Para ello, est\u00e1 disponible en 18 medidas para la opci\u00f3n fija y en otras tantas, para la opci\u00f3n en extensible. Adem\u00e1s, se ofrecen tapas de gran calidad y una interesante variedad de colores para la estructura que ayudan a concebir el modelo perfecto.<br \/>\n\t\t\t<\/div>\n\t\n<div class=\"row descripcion-parte-1\"  id=\"row-971493400\">\n\n\t<div id=\"col-1197705980\" class=\"col hide-for-small medium-6 small-12 large-6\"  >\n\t\t\t\t<div class=\"col-inner text-center\"  >\n\t\t\t\n\t\t\t\n\t<div class=\"img has-hover x md-x lg-x y md-y lg-y\" id=\"image_328423496\">\n\t\t\t\t\t\t\t\t<div class=\"img-inner image-zoom image-cover dark\" style=\"padding-top:681px;\">\n\t\t\t<img loading=\"lazy\" decoding=\"async\" width=\"600\" height=\"800\" src=\"https:\/\/www.dressy.design\/wp-content\/uploads\/2021\/11\/Mesa-extensible-Merlot_Galeria_02.webp\" class=\"attachment-large size-large\" alt=\"\" srcset=\"https:\/\/www.dressy.design\/wp-content\/uploads\/2021\/11\/Mesa-extensible-Merlot_Galeria_02.webp 600w, https:\/\/www.dressy.design\/wp-content\/uploads\/2021\/11\/Mesa-extensible-Merlot_Galeria_02-150x200.webp 150w, https:\/\/www.dressy.design\/wp-content\/uploads\/2021\/11\/Mesa-extensible-Merlot_Galeria_02-38x50.webp 38w, https:\/\/www.dressy.design\/wp-content\/uploads\/2021\/11\/Mesa-extensible-Merlot_Galeria_02-75x100.webp 75w, https:\/\/www.dressy.design\/wp-content\/uploads\/2021\/11\/Mesa-extensible-Merlot_Galeria_02-300x400.webp 300w\" sizes=\"auto, (max-width: 600px) 100vw, 600px\" \/>\t\t\t\t\t\t\n\t\t\t\t\t<\/div>\n\t\t\t\t\t\t\t\t\n<style>\n#image_328423496 {\n  width: 100%;\n}\n<\/style>\n\t<\/div>\n\t\n\t\t<\/div>\n\t\t\t\t\t<\/div>\n\n\t\n\n\t<div id=\"col-1494637247\" class=\"col medium-6 small-12 large-6\"  data-animate=\"fadeInDown\">\n\t\t\t\t<div class=\"col-inner\"  >\n\t\t\t\n\t\t\t\n\t<div class=\"img has-hover x md-x lg-x y md-y lg-y\" id=\"image_1407529297\">\n\t\t\t\t\t\t\t\t<div class=\"img-inner image-zoom dark\" >\n\t\t\t<img loading=\"lazy\" decoding=\"async\" width=\"700\" height=\"800\" src=\"https:\/\/www.dressy.design\/wp-content\/uploads\/2021\/11\/Mesa-extensible-Merlot_Galeria_03.webp\" class=\"attachment-large size-large\" alt=\"\" srcset=\"https:\/\/www.dressy.design\/wp-content\/uploads\/2021\/11\/Mesa-extensible-Merlot_Galeria_03.webp 700w, https:\/\/www.dressy.design\/wp-content\/uploads\/2021\/11\/Mesa-extensible-Merlot_Galeria_03-150x171.webp 150w, https:\/\/www.dressy.design\/wp-content\/uploads\/2021\/11\/Mesa-extensible-Merlot_Galeria_03-44x50.webp 44w, https:\/\/www.dressy.design\/wp-content\/uploads\/2021\/11\/Mesa-extensible-Merlot_Galeria_03-88x100.webp 88w, https:\/\/www.dressy.design\/wp-content\/uploads\/2021\/11\/Mesa-extensible-Merlot_Galeria_03-300x343.webp 300w, https:\/\/www.dressy.design\/wp-content\/uploads\/2021\/11\/Mesa-extensible-Merlot_Galeria_03-600x686.webp 600w\" sizes=\"auto, (max-width: 700px) 100vw, 700px\" \/>\t\t\t\t\t\t\n\t\t\t\t\t<\/div>\n\t\t\t\t\t\t\t\t\n<style>\n#image_1407529297 {\n  width: 100%;\n}\n<\/style>\n\t<\/div>\n\t\n\t\t<\/div>\n\t\t\t\t\t<\/div>\n\n\t\n<\/div>\n\t<div id=\"gap-92586403\" class=\"gap-element clearfix hide-for-small\" style=\"display:block; height:auto;\">\n\t\t\n<style>\n#gap-92586403 {\n  padding-top: 30px;\n}\n<\/style>\n\t<\/div>\n\t\n<div class=\"row descripcion-parte-1\"  id=\"row-1047486486\">\n<\/div>\n","protected":false},"excerpt":{"rendered":"<p>Mesa extensible de tapa cer\u00e1mica disponible en hasta 14 medidas.<\/p>\n","protected":false},"featured_media":2628,"template":"","meta":{"_acf_changed":false},"product_brand":[],"product_cat":[58,138],"product_tag":[],"class_list":{"0":"post-1420","1":"product","2":"type-product","3":"status-publish","4":"has-post-thumbnail","6":"product_cat-merlot","7":"product_cat-mesa-extensible","9":"first","10":"instock","11":"product-type-simple"},"acf":[],"yoast_head":"<!-- This site is optimized with the Yoast SEO plugin v27.2 - https:\/\/yoast.com\/product\/yoast-seo-wordpress\/ -->\n<title>Mesa MERLOT - Mesa extensible de tapa cer\u00e1mica disponible en hasta 14 medidas<\/title>\n<meta name=\"description\" content=\"Dise\u00f1o vanguardista y atractivo. La mesa nace con la idea de diferenciarse, de destacar olvidando los t\u00f3picos y cautivar a primera vista.\" \/>\n<meta name=\"robots\" content=\"index, follow, max-snippet:-1, max-image-preview:large, max-video-preview:-1\" \/>\n<link rel=\"canonical\" href=\"https:\/\/www.dressy.design\/es\/p\/merlot-mesa-extensible-tapa-ceramica\/\" \/>\n<meta property=\"og:locale\" content=\"es_ES\" \/>\n<meta property=\"og:type\" content=\"article\" \/>\n<meta property=\"og:title\" content=\"Mesa MERLOT - Mesa extensible de tapa cer\u00e1mica disponible en hasta 14 medidas\" \/>\n<meta property=\"og:description\" content=\"Dise\u00f1o vanguardista y atractivo. La mesa nace con la idea de diferenciarse, de destacar olvidando los t\u00f3picos y cautivar a primera vista.\" \/>\n<meta property=\"og:url\" content=\"https:\/\/www.dressy.design\/es\/p\/merlot-mesa-extensible-tapa-ceramica\/\" \/>\n<meta property=\"og:site_name\" content=\"Dressy\" \/>\n<meta property=\"article:modified_time\" content=\"2022-05-24T10:31:54+00:00\" \/>\n<meta property=\"og:image\" content=\"https:\/\/www.dressy.design\/wp-content\/uploads\/2021\/12\/p_Mesa-Merlot-ext-1.webp\" \/>\n\t<meta property=\"og:image:width\" content=\"1195\" \/>\n\t<meta property=\"og:image:height\" content=\"1195\" \/>\n\t<meta property=\"og:image:type\" content=\"image\/webp\" \/>\n<meta name=\"twitter:card\" content=\"summary_large_image\" \/>\n<meta name=\"twitter:label1\" content=\"Tiempo de lectura\" \/>\n\t<meta name=\"twitter:data1\" content=\"1 minuto\" \/>\n<script type=\"application\/ld+json\" class=\"yoast-schema-graph\">{\"@context\":\"https:\/\/schema.org\",\"@graph\":[{\"@type\":\"WebPage\",\"@id\":\"https:\/\/www.dressy.design\/es\/p\/merlot-mesa-extensible-tapa-ceramica\/\",\"url\":\"https:\/\/www.dressy.design\/es\/p\/merlot-mesa-extensible-tapa-ceramica\/\",\"name\":\"Mesa MERLOT - Mesa extensible de tapa cer\u00e1mica disponible en hasta 14 medidas\",\"isPartOf\":{\"@id\":\"https:\/\/www.dressy.design\/es\/#website\"},\"primaryImageOfPage\":{\"@id\":\"https:\/\/www.dressy.design\/es\/p\/merlot-mesa-extensible-tapa-ceramica\/#primaryimage\"},\"image\":{\"@id\":\"https:\/\/www.dressy.design\/es\/p\/merlot-mesa-extensible-tapa-ceramica\/#primaryimage\"},\"thumbnailUrl\":\"https:\/\/www.dressy.design\/wp-content\/uploads\/2021\/12\/p_Mesa-Merlot-ext-1.webp\",\"datePublished\":\"2021-12-23T12:29:52+00:00\",\"dateModified\":\"2022-05-24T10:31:54+00:00\",\"description\":\"Dise\u00f1o vanguardista y atractivo. La mesa nace con la idea de diferenciarse, de destacar olvidando los t\u00f3picos y cautivar a primera vista.\",\"breadcrumb\":{\"@id\":\"https:\/\/www.dressy.design\/es\/p\/merlot-mesa-extensible-tapa-ceramica\/#breadcrumb\"},\"inLanguage\":\"es\",\"potentialAction\":[{\"@type\":\"ReadAction\",\"target\":[\"https:\/\/www.dressy.design\/es\/p\/merlot-mesa-extensible-tapa-ceramica\/\"]}]},{\"@type\":\"ImageObject\",\"inLanguage\":\"es\",\"@id\":\"https:\/\/www.dressy.design\/es\/p\/merlot-mesa-extensible-tapa-ceramica\/#primaryimage\",\"url\":\"https:\/\/www.dressy.design\/wp-content\/uploads\/2021\/12\/p_Mesa-Merlot-ext-1.webp\",\"contentUrl\":\"https:\/\/www.dressy.design\/wp-content\/uploads\/2021\/12\/p_Mesa-Merlot-ext-1.webp\",\"width\":1195,\"height\":1195},{\"@type\":\"BreadcrumbList\",\"@id\":\"https:\/\/www.dressy.design\/es\/p\/merlot-mesa-extensible-tapa-ceramica\/#breadcrumb\",\"itemListElement\":[{\"@type\":\"ListItem\",\"position\":1,\"name\":\"Portada\",\"item\":\"https:\/\/www.dressy.design\/es\/\"},{\"@type\":\"ListItem\",\"position\":2,\"name\":\"Tienda\",\"item\":\"https:\/\/www.dressy.design\/es\/?page_id=180\"},{\"@type\":\"ListItem\",\"position\":3,\"name\":\"MERLOT\"}]},{\"@type\":\"WebSite\",\"@id\":\"https:\/\/www.dressy.design\/es\/#website\",\"url\":\"https:\/\/www.dressy.design\/es\/\",\"name\":\"Dressy\",\"description\":\"Sillas y mesas de m\u00e1xima calidad y dise\u00f1o\",\"potentialAction\":[{\"@type\":\"SearchAction\",\"target\":{\"@type\":\"EntryPoint\",\"urlTemplate\":\"https:\/\/www.dressy.design\/es\/?s={search_term_string}\"},\"query-input\":{\"@type\":\"PropertyValueSpecification\",\"valueRequired\":true,\"valueName\":\"search_term_string\"}}],\"inLanguage\":\"es\"}]}<\/script>\n<!-- \/ Yoast SEO plugin. -->","yoast_head_json":{"title":"Mesa MERLOT - Mesa extensible de tapa cer\u00e1mica disponible en hasta 14 medidas","description":"Dise\u00f1o vanguardista y atractivo. La mesa nace con la idea de diferenciarse, de destacar olvidando los t\u00f3picos y cautivar a primera vista.","robots":{"index":"index","follow":"follow","max-snippet":"max-snippet:-1","max-image-preview":"max-image-preview:large","max-video-preview":"max-video-preview:-1"},"canonical":"https:\/\/www.dressy.design\/es\/p\/merlot-mesa-extensible-tapa-ceramica\/","og_locale":"es_ES","og_type":"article","og_title":"Mesa MERLOT - Mesa extensible de tapa cer\u00e1mica disponible en hasta 14 medidas","og_description":"Dise\u00f1o vanguardista y atractivo. La mesa nace con la idea de diferenciarse, de destacar olvidando los t\u00f3picos y cautivar a primera vista.","og_url":"https:\/\/www.dressy.design\/es\/p\/merlot-mesa-extensible-tapa-ceramica\/","og_site_name":"Dressy","article_modified_time":"2022-05-24T10:31:54+00:00","og_image":[{"width":1195,"height":1195,"url":"https:\/\/www.dressy.design\/wp-content\/uploads\/2021\/12\/p_Mesa-Merlot-ext-1.webp","type":"image\/webp"}],"twitter_card":"summary_large_image","twitter_misc":{"Tiempo de lectura":"1 minuto"},"schema":{"@context":"https:\/\/schema.org","@graph":[{"@type":"WebPage","@id":"https:\/\/www.dressy.design\/es\/p\/merlot-mesa-extensible-tapa-ceramica\/","url":"https:\/\/www.dressy.design\/es\/p\/merlot-mesa-extensible-tapa-ceramica\/","name":"Mesa MERLOT - Mesa extensible de tapa cer\u00e1mica disponible en hasta 14 medidas","isPartOf":{"@id":"https:\/\/www.dressy.design\/es\/#website"},"primaryImageOfPage":{"@id":"https:\/\/www.dressy.design\/es\/p\/merlot-mesa-extensible-tapa-ceramica\/#primaryimage"},"image":{"@id":"https:\/\/www.dressy.design\/es\/p\/merlot-mesa-extensible-tapa-ceramica\/#primaryimage"},"thumbnailUrl":"https:\/\/www.dressy.design\/wp-content\/uploads\/2021\/12\/p_Mesa-Merlot-ext-1.webp","datePublished":"2021-12-23T12:29:52+00:00","dateModified":"2022-05-24T10:31:54+00:00","description":"Dise\u00f1o vanguardista y atractivo. La mesa nace con la idea de diferenciarse, de destacar olvidando los t\u00f3picos y cautivar a primera vista.","breadcrumb":{"@id":"https:\/\/www.dressy.design\/es\/p\/merlot-mesa-extensible-tapa-ceramica\/#breadcrumb"},"inLanguage":"es","potentialAction":[{"@type":"ReadAction","target":["https:\/\/www.dressy.design\/es\/p\/merlot-mesa-extensible-tapa-ceramica\/"]}]},{"@type":"ImageObject","inLanguage":"es","@id":"https:\/\/www.dressy.design\/es\/p\/merlot-mesa-extensible-tapa-ceramica\/#primaryimage","url":"https:\/\/www.dressy.design\/wp-content\/uploads\/2021\/12\/p_Mesa-Merlot-ext-1.webp","contentUrl":"https:\/\/www.dressy.design\/wp-content\/uploads\/2021\/12\/p_Mesa-Merlot-ext-1.webp","width":1195,"height":1195},{"@type":"BreadcrumbList","@id":"https:\/\/www.dressy.design\/es\/p\/merlot-mesa-extensible-tapa-ceramica\/#breadcrumb","itemListElement":[{"@type":"ListItem","position":1,"name":"Portada","item":"https:\/\/www.dressy.design\/es\/"},{"@type":"ListItem","position":2,"name":"Tienda","item":"https:\/\/www.dressy.design\/es\/?page_id=180"},{"@type":"ListItem","position":3,"name":"MERLOT"}]},{"@type":"WebSite","@id":"https:\/\/www.dressy.design\/es\/#website","url":"https:\/\/www.dressy.design\/es\/","name":"Dressy","description":"Sillas y mesas de m\u00e1xima calidad y dise\u00f1o","potentialAction":[{"@type":"SearchAction","target":{"@type":"EntryPoint","urlTemplate":"https:\/\/www.dressy.design\/es\/?s={search_term_string}"},"query-input":{"@type":"PropertyValueSpecification","valueRequired":true,"valueName":"search_term_string"}}],"inLanguage":"es"}]}},"_links":{"self":[{"href":"https:\/\/www.dressy.design\/es\/wp-json\/wp\/v2\/product\/1420","targetHints":{"allow":["GET"]}}],"collection":[{"href":"https:\/\/www.dressy.design\/es\/wp-json\/wp\/v2\/product"}],"about":[{"href":"https:\/\/www.dressy.design\/es\/wp-json\/wp\/v2\/types\/product"}],"wp:featuredmedia":[{"embeddable":true,"href":"https:\/\/www.dressy.design\/es\/wp-json\/wp\/v2\/media\/2628"}],"wp:attachment":[{"href":"https:\/\/www.dressy.design\/es\/wp-json\/wp\/v2\/media?parent=1420"}],"wp:term":[{"taxonomy":"product_brand","embeddable":true,"href":"https:\/\/www.dressy.design\/es\/wp-json\/wp\/v2\/product_brand?post=1420"},{"taxonomy":"product_cat","embeddable":true,"href":"https:\/\/www.dressy.design\/es\/wp-json\/wp\/v2\/product_cat?post=1420"},{"taxonomy":"product_tag","embeddable":true,"href":"https:\/\/www.dressy.design\/es\/wp-json\/wp\/v2\/product_tag?post=1420"}],"curies":[{"name":"wp","href":"https:\/\/api.w.org\/{rel}","templated":true}]}}