{"id":1421,"date":"2021-12-23T12:29:52","date_gmt":"2021-12-23T12:29:52","guid":{"rendered":"https:\/\/www.dressy.design\/p\/doo\/"},"modified":"2022-05-24T10:47:24","modified_gmt":"2022-05-24T08:47:24","slug":"doo-mesa-fija-tapa-ceramica-estructura-aluminio","status":"publish","type":"product","link":"https:\/\/www.dressy.design\/es\/p\/doo-mesa-fija-tapa-ceramica-estructura-aluminio\/","title":{"rendered":"DOO"},"content":{"rendered":"\t<div id=\"gap-2092790251\" class=\"gap-element clearfix hide-for-small\" style=\"display:block; height:auto;\">\n\t\t\n<style>\n#gap-2092790251 {\n  padding-top: 50px;\n}\n<\/style>\n\t<\/div>\n\t\n\t<div id=\"text-865915148\" class=\"text justify\">\n\t\t\n<p>Doo es una de las primeras mesas de Dressy que destaca por su elegancia y sencillez. Su nombre surge de las dos \u201cO\u201d que insin\u00faan con su forma los dos perfiles extrusionados de aluminio y que se unen a un marco sobre el que descansa el porcel\u00e1nico t\u00e9cnico laminado con cristal. La tapa de esta mesa de gran personalidad se ofrece en varias medidas y en forma rectangular y de tonel.<\/p>\n\t\t\t<\/div>\n\t\n<div class=\"row descripcion-parte-1\"  id=\"row-503227102\">\n\n\t<div id=\"col-1289057397\" class=\"col medium-5 small-12 large-5\"  data-animate=\"fadeInDown\">\n\t\t\t\t<div class=\"col-inner\"  >\n\t\t\t\n\t\t\t\n\t<div class=\"img has-hover x md-x lg-x y md-y lg-y\" id=\"image_1621241462\">\n\t\t\t\t\t\t\t\t<div class=\"img-inner image-zoom dark\" >\n\t\t\t<img loading=\"lazy\" decoding=\"async\" width=\"600\" height=\"800\" src=\"https:\/\/www.dressy.design\/wp-content\/uploads\/2021\/11\/Mesa-Doo_Galeria_02.webp\" class=\"attachment-large size-large\" alt=\"\" srcset=\"https:\/\/www.dressy.design\/wp-content\/uploads\/2021\/11\/Mesa-Doo_Galeria_02.webp 600w, https:\/\/www.dressy.design\/wp-content\/uploads\/2021\/11\/Mesa-Doo_Galeria_02-150x200.webp 150w, https:\/\/www.dressy.design\/wp-content\/uploads\/2021\/11\/Mesa-Doo_Galeria_02-38x50.webp 38w, https:\/\/www.dressy.design\/wp-content\/uploads\/2021\/11\/Mesa-Doo_Galeria_02-75x100.webp 75w, https:\/\/www.dressy.design\/wp-content\/uploads\/2021\/11\/Mesa-Doo_Galeria_02-300x400.webp 300w\" sizes=\"auto, (max-width: 600px) 100vw, 600px\" \/>\t\t\t\t\t\t\n\t\t\t\t\t<\/div>\n\t\t\t\t\t\t\t\t\n<style>\n#image_1621241462 {\n  width: 100%;\n}\n<\/style>\n\t<\/div>\n\t\n\t\t<\/div>\n\t\t\t\t\t<\/div>\n\n\t\n\n\t<div id=\"col-605839368\" class=\"col medium-7 small-12 large-7\"  data-animate=\"fadeInDown\">\n\t\t\t\t<div class=\"col-inner\"  >\n\t\t\t\n\t\t\t\n\t<div class=\"img has-hover x md-x lg-x y md-y lg-y\" id=\"image_1023829534\">\n\t\t\t\t\t\t\t\t<div class=\"img-inner image-zoom dark\" >\n\t\t\t<img loading=\"lazy\" decoding=\"async\" width=\"1170\" height=\"800\" src=\"https:\/\/www.dressy.design\/wp-content\/uploads\/2021\/11\/Mesa-Doo_Galeria_01.webp\" class=\"attachment-large size-large\" alt=\"\" srcset=\"https:\/\/www.dressy.design\/wp-content\/uploads\/2021\/11\/Mesa-Doo_Galeria_01.webp 1170w, https:\/\/www.dressy.design\/wp-content\/uploads\/2021\/11\/Mesa-Doo_Galeria_01-150x103.webp 150w, https:\/\/www.dressy.design\/wp-content\/uploads\/2021\/11\/Mesa-Doo_Galeria_01-768x525.webp 768w, https:\/\/www.dressy.design\/wp-content\/uploads\/2021\/11\/Mesa-Doo_Galeria_01-50x34.webp 50w, https:\/\/www.dressy.design\/wp-content\/uploads\/2021\/11\/Mesa-Doo_Galeria_01-100x68.webp 100w, https:\/\/www.dressy.design\/wp-content\/uploads\/2021\/11\/Mesa-Doo_Galeria_01-300x205.webp 300w, https:\/\/www.dressy.design\/wp-content\/uploads\/2021\/11\/Mesa-Doo_Galeria_01-600x410.webp 600w\" sizes=\"auto, (max-width: 1170px) 100vw, 1170px\" \/>\t\t\t\t\t\t\n\t\t\t\t\t<\/div>\n\t\t\t\t\t\t\t\t\n<style>\n#image_1023829534 {\n  width: 100%;\n}\n<\/style>\n\t<\/div>\n\t\n\t\t<\/div>\n\t\t\t\t\t<\/div>\n\n\t\n<\/div>\n<div class=\"row descripcion-parte-1\"  id=\"row-1599700641\">\n\n\t<div id=\"col-621199194\" class=\"col small-12 large-12\"  data-animate=\"fadeInDown\">\n\t\t\t\t<div class=\"col-inner\"  >\n\t\t\t\n\t\t\t\n\t<div id=\"gap-993466435\" class=\"gap-element clearfix hide-for-small\" style=\"display:block; height:auto;\">\n\t\t\n<style>\n#gap-993466435 {\n  padding-top: 50px;\n}\n<\/style>\n\t<\/div>\n\t\n\t\t<\/div>\n\t\t\t\t\t<\/div>\n\n\t\n<\/div>\n","protected":false},"excerpt":{"rendered":"<p>Mesa fija de tapa cer\u00e1mica disponible tanto en tapa rectangular como con forma de tonel. La estructura es de aluminio.<\/p>\n","protected":false},"featured_media":2620,"template":"","meta":{"_acf_changed":false},"product_brand":[],"product_cat":[52,137],"product_tag":[],"class_list":{"0":"post-1421","1":"product","2":"type-product","3":"status-publish","4":"has-post-thumbnail","6":"product_cat-doo","7":"product_cat-mesa-fija","9":"first","10":"instock","11":"product-type-simple"},"acf":[],"yoast_head":"<!-- This site is optimized with the Yoast SEO plugin v27.2 - https:\/\/yoast.com\/product\/yoast-seo-wordpress\/ -->\n<title>Mesa fija de tapa cer\u00e1mica con estructura de aluminio Dressy<\/title>\n<meta name=\"description\" content=\"Mesa fija de tapa cer\u00e1mica disponible tanto en tapa rectangular como con forma de tonel. La estructura es de aluminio. Dressy\" \/>\n<meta name=\"robots\" content=\"index, follow, max-snippet:-1, max-image-preview:large, max-video-preview:-1\" \/>\n<link rel=\"canonical\" href=\"https:\/\/www.dressy.design\/es\/p\/doo-mesa-fija-tapa-ceramica-estructura-aluminio\/\" \/>\n<meta property=\"og:locale\" content=\"es_ES\" \/>\n<meta property=\"og:type\" content=\"article\" \/>\n<meta property=\"og:title\" content=\"Mesa fija de tapa cer\u00e1mica con estructura de aluminio Dressy\" \/>\n<meta property=\"og:description\" content=\"Mesa fija de tapa cer\u00e1mica disponible tanto en tapa rectangular como con forma de tonel. La estructura es de aluminio. Dressy\" \/>\n<meta property=\"og:url\" content=\"https:\/\/www.dressy.design\/es\/p\/doo-mesa-fija-tapa-ceramica-estructura-aluminio\/\" \/>\n<meta property=\"og:site_name\" content=\"Dressy\" \/>\n<meta property=\"article:modified_time\" content=\"2022-05-24T08:47:24+00:00\" \/>\n<meta property=\"og:image\" content=\"https:\/\/www.dressy.design\/wp-content\/uploads\/2021\/12\/p_Mesa-Doo-1.webp\" \/>\n\t<meta property=\"og:image:width\" content=\"1195\" \/>\n\t<meta property=\"og:image:height\" content=\"1195\" \/>\n\t<meta property=\"og:image:type\" content=\"image\/webp\" \/>\n<meta name=\"twitter:card\" content=\"summary_large_image\" \/>\n<meta name=\"twitter:label1\" content=\"Tiempo de lectura\" \/>\n\t<meta name=\"twitter:data1\" content=\"1 minuto\" \/>\n<script type=\"application\/ld+json\" class=\"yoast-schema-graph\">{\"@context\":\"https:\/\/schema.org\",\"@graph\":[{\"@type\":\"WebPage\",\"@id\":\"https:\/\/www.dressy.design\/es\/p\/doo-mesa-fija-tapa-ceramica-estructura-aluminio\/\",\"url\":\"https:\/\/www.dressy.design\/es\/p\/doo-mesa-fija-tapa-ceramica-estructura-aluminio\/\",\"name\":\"Mesa fija de tapa cer\u00e1mica con estructura de aluminio Dressy\",\"isPartOf\":{\"@id\":\"https:\/\/www.dressy.design\/es\/#website\"},\"primaryImageOfPage\":{\"@id\":\"https:\/\/www.dressy.design\/es\/p\/doo-mesa-fija-tapa-ceramica-estructura-aluminio\/#primaryimage\"},\"image\":{\"@id\":\"https:\/\/www.dressy.design\/es\/p\/doo-mesa-fija-tapa-ceramica-estructura-aluminio\/#primaryimage\"},\"thumbnailUrl\":\"https:\/\/www.dressy.design\/wp-content\/uploads\/2021\/12\/p_Mesa-Doo-1.webp\",\"datePublished\":\"2021-12-23T12:29:52+00:00\",\"dateModified\":\"2022-05-24T08:47:24+00:00\",\"description\":\"Mesa fija de tapa cer\u00e1mica disponible tanto en tapa rectangular como con forma de tonel. La estructura es de aluminio. Dressy\",\"breadcrumb\":{\"@id\":\"https:\/\/www.dressy.design\/es\/p\/doo-mesa-fija-tapa-ceramica-estructura-aluminio\/#breadcrumb\"},\"inLanguage\":\"es\",\"potentialAction\":[{\"@type\":\"ReadAction\",\"target\":[\"https:\/\/www.dressy.design\/es\/p\/doo-mesa-fija-tapa-ceramica-estructura-aluminio\/\"]}]},{\"@type\":\"ImageObject\",\"inLanguage\":\"es\",\"@id\":\"https:\/\/www.dressy.design\/es\/p\/doo-mesa-fija-tapa-ceramica-estructura-aluminio\/#primaryimage\",\"url\":\"https:\/\/www.dressy.design\/wp-content\/uploads\/2021\/12\/p_Mesa-Doo-1.webp\",\"contentUrl\":\"https:\/\/www.dressy.design\/wp-content\/uploads\/2021\/12\/p_Mesa-Doo-1.webp\",\"width\":1195,\"height\":1195},{\"@type\":\"BreadcrumbList\",\"@id\":\"https:\/\/www.dressy.design\/es\/p\/doo-mesa-fija-tapa-ceramica-estructura-aluminio\/#breadcrumb\",\"itemListElement\":[{\"@type\":\"ListItem\",\"position\":1,\"name\":\"Portada\",\"item\":\"https:\/\/www.dressy.design\/es\/\"},{\"@type\":\"ListItem\",\"position\":2,\"name\":\"Tienda\",\"item\":\"https:\/\/www.dressy.design\/es\/?page_id=180\"},{\"@type\":\"ListItem\",\"position\":3,\"name\":\"DOO\"}]},{\"@type\":\"WebSite\",\"@id\":\"https:\/\/www.dressy.design\/es\/#website\",\"url\":\"https:\/\/www.dressy.design\/es\/\",\"name\":\"Dressy\",\"description\":\"Sillas y mesas de m\u00e1xima calidad y dise\u00f1o\",\"potentialAction\":[{\"@type\":\"SearchAction\",\"target\":{\"@type\":\"EntryPoint\",\"urlTemplate\":\"https:\/\/www.dressy.design\/es\/?s={search_term_string}\"},\"query-input\":{\"@type\":\"PropertyValueSpecification\",\"valueRequired\":true,\"valueName\":\"search_term_string\"}}],\"inLanguage\":\"es\"}]}<\/script>\n<!-- \/ Yoast SEO plugin. -->","yoast_head_json":{"title":"Mesa fija de tapa cer\u00e1mica con estructura de aluminio Dressy","description":"Mesa fija de tapa cer\u00e1mica disponible tanto en tapa rectangular como con forma de tonel. La estructura es de aluminio. Dressy","robots":{"index":"index","follow":"follow","max-snippet":"max-snippet:-1","max-image-preview":"max-image-preview:large","max-video-preview":"max-video-preview:-1"},"canonical":"https:\/\/www.dressy.design\/es\/p\/doo-mesa-fija-tapa-ceramica-estructura-aluminio\/","og_locale":"es_ES","og_type":"article","og_title":"Mesa fija de tapa cer\u00e1mica con estructura de aluminio Dressy","og_description":"Mesa fija de tapa cer\u00e1mica disponible tanto en tapa rectangular como con forma de tonel. La estructura es de aluminio. Dressy","og_url":"https:\/\/www.dressy.design\/es\/p\/doo-mesa-fija-tapa-ceramica-estructura-aluminio\/","og_site_name":"Dressy","article_modified_time":"2022-05-24T08:47:24+00:00","og_image":[{"width":1195,"height":1195,"url":"https:\/\/www.dressy.design\/wp-content\/uploads\/2021\/12\/p_Mesa-Doo-1.webp","type":"image\/webp"}],"twitter_card":"summary_large_image","twitter_misc":{"Tiempo de lectura":"1 minuto"},"schema":{"@context":"https:\/\/schema.org","@graph":[{"@type":"WebPage","@id":"https:\/\/www.dressy.design\/es\/p\/doo-mesa-fija-tapa-ceramica-estructura-aluminio\/","url":"https:\/\/www.dressy.design\/es\/p\/doo-mesa-fija-tapa-ceramica-estructura-aluminio\/","name":"Mesa fija de tapa cer\u00e1mica con estructura de aluminio Dressy","isPartOf":{"@id":"https:\/\/www.dressy.design\/es\/#website"},"primaryImageOfPage":{"@id":"https:\/\/www.dressy.design\/es\/p\/doo-mesa-fija-tapa-ceramica-estructura-aluminio\/#primaryimage"},"image":{"@id":"https:\/\/www.dressy.design\/es\/p\/doo-mesa-fija-tapa-ceramica-estructura-aluminio\/#primaryimage"},"thumbnailUrl":"https:\/\/www.dressy.design\/wp-content\/uploads\/2021\/12\/p_Mesa-Doo-1.webp","datePublished":"2021-12-23T12:29:52+00:00","dateModified":"2022-05-24T08:47:24+00:00","description":"Mesa fija de tapa cer\u00e1mica disponible tanto en tapa rectangular como con forma de tonel. La estructura es de aluminio. Dressy","breadcrumb":{"@id":"https:\/\/www.dressy.design\/es\/p\/doo-mesa-fija-tapa-ceramica-estructura-aluminio\/#breadcrumb"},"inLanguage":"es","potentialAction":[{"@type":"ReadAction","target":["https:\/\/www.dressy.design\/es\/p\/doo-mesa-fija-tapa-ceramica-estructura-aluminio\/"]}]},{"@type":"ImageObject","inLanguage":"es","@id":"https:\/\/www.dressy.design\/es\/p\/doo-mesa-fija-tapa-ceramica-estructura-aluminio\/#primaryimage","url":"https:\/\/www.dressy.design\/wp-content\/uploads\/2021\/12\/p_Mesa-Doo-1.webp","contentUrl":"https:\/\/www.dressy.design\/wp-content\/uploads\/2021\/12\/p_Mesa-Doo-1.webp","width":1195,"height":1195},{"@type":"BreadcrumbList","@id":"https:\/\/www.dressy.design\/es\/p\/doo-mesa-fija-tapa-ceramica-estructura-aluminio\/#breadcrumb","itemListElement":[{"@type":"ListItem","position":1,"name":"Portada","item":"https:\/\/www.dressy.design\/es\/"},{"@type":"ListItem","position":2,"name":"Tienda","item":"https:\/\/www.dressy.design\/es\/?page_id=180"},{"@type":"ListItem","position":3,"name":"DOO"}]},{"@type":"WebSite","@id":"https:\/\/www.dressy.design\/es\/#website","url":"https:\/\/www.dressy.design\/es\/","name":"Dressy","description":"Sillas y mesas de m\u00e1xima calidad y dise\u00f1o","potentialAction":[{"@type":"SearchAction","target":{"@type":"EntryPoint","urlTemplate":"https:\/\/www.dressy.design\/es\/?s={search_term_string}"},"query-input":{"@type":"PropertyValueSpecification","valueRequired":true,"valueName":"search_term_string"}}],"inLanguage":"es"}]}},"_links":{"self":[{"href":"https:\/\/www.dressy.design\/es\/wp-json\/wp\/v2\/product\/1421","targetHints":{"allow":["GET"]}}],"collection":[{"href":"https:\/\/www.dressy.design\/es\/wp-json\/wp\/v2\/product"}],"about":[{"href":"https:\/\/www.dressy.design\/es\/wp-json\/wp\/v2\/types\/product"}],"wp:featuredmedia":[{"embeddable":true,"href":"https:\/\/www.dressy.design\/es\/wp-json\/wp\/v2\/media\/2620"}],"wp:attachment":[{"href":"https:\/\/www.dressy.design\/es\/wp-json\/wp\/v2\/media?parent=1421"}],"wp:term":[{"taxonomy":"product_brand","embeddable":true,"href":"https:\/\/www.dressy.design\/es\/wp-json\/wp\/v2\/product_brand?post=1421"},{"taxonomy":"product_cat","embeddable":true,"href":"https:\/\/www.dressy.design\/es\/wp-json\/wp\/v2\/product_cat?post=1421"},{"taxonomy":"product_tag","embeddable":true,"href":"https:\/\/www.dressy.design\/es\/wp-json\/wp\/v2\/product_tag?post=1421"}],"curies":[{"name":"wp","href":"https:\/\/api.w.org\/{rel}","templated":true}]}}