{"id":1424,"date":"2021-12-23T12:30:01","date_gmt":"2021-12-23T12:30:01","guid":{"rendered":"https:\/\/www.dressy.design\/p\/bertiz-2\/"},"modified":"2025-05-15T09:53:42","modified_gmt":"2025-05-15T07:53:42","slug":"bertiz-mesa-extensible-tapa-ceramica","status":"publish","type":"product","link":"https:\/\/www.dressy.design\/es\/p\/bertiz-mesa-extensible-tapa-ceramica\/","title":{"rendered":"BERTIZ"},"content":{"rendered":"\t<div id=\"gap-1744105510\" class=\"gap-element clearfix hide-for-small\" style=\"display:block; height:auto;\">\n\t\t\n<style>\n#gap-1744105510 {\n  padding-top: 50px;\n}\n<\/style>\n\t<\/div>\n\t\n\t<div id=\"text-2284028519\" class=\"text justify\">\n\t\t\n<p>Bertiz armoniza la belleza de la madera natural con la elegancia de nuestros cer\u00e1micos para ofrecernos una sofisticada mesa en la que la atenci\u00f3n al detalle es la se\u00f1a de identidad. Compuesta por patas de madera de secci\u00f3n variable sobre las que empotra una tapa cer\u00e1mica biselada. Bertiz se ofrece en una amplia gama de medidas tanto en versi\u00f3n fija como extensible con desplazamiento de patas. Las patas se disponen en acabados RO y contaremos con nuestro cat\u00e1logo de colores EP para la estructura y cer\u00e1micos Dressy para la tapa.<\/p>\n\t\t\t<\/div>\n\t\n\t<div id=\"gap-1297370902\" class=\"gap-element clearfix hide-for-small\" style=\"display:block; height:auto;\">\n\t\t\n<style>\n#gap-1297370902 {\n  padding-top: 10px;\n}\n<\/style>\n\t<\/div>\n\t\n<div class=\"row descripcion-parte-1\"  id=\"row-1544771939\">\n\n\t<div id=\"col-16391224\" class=\"col medium-6 small-12 large-6\"  data-animate=\"fadeInDown\">\n\t\t\t\t<div class=\"col-inner\"  >\n\t\t\t\n\t\t\t\n\t<div class=\"img has-hover x md-x lg-x y md-y lg-y\" id=\"image_1944683245\">\n\t\t\t\t\t\t\t\t<div class=\"img-inner image-zoom image-cover dark\" style=\"padding-top:390px;\">\n\t\t\t<img loading=\"lazy\" decoding=\"async\" width=\"1170\" height=\"800\" src=\"https:\/\/www.dressy.design\/wp-content\/uploads\/2021\/12\/Mesa-bertiz_Galeria_04.jpg\" class=\"attachment-large size-large\" alt=\"\" srcset=\"https:\/\/www.dressy.design\/wp-content\/uploads\/2021\/12\/Mesa-bertiz_Galeria_04.jpg 1170w, https:\/\/www.dressy.design\/wp-content\/uploads\/2021\/12\/Mesa-bertiz_Galeria_04-150x103.jpg 150w, https:\/\/www.dressy.design\/wp-content\/uploads\/2021\/12\/Mesa-bertiz_Galeria_04-768x525.jpg 768w, https:\/\/www.dressy.design\/wp-content\/uploads\/2021\/12\/Mesa-bertiz_Galeria_04-50x34.jpg 50w, https:\/\/www.dressy.design\/wp-content\/uploads\/2021\/12\/Mesa-bertiz_Galeria_04-100x68.jpg 100w, https:\/\/www.dressy.design\/wp-content\/uploads\/2021\/12\/Mesa-bertiz_Galeria_04-300x205.jpg 300w, https:\/\/www.dressy.design\/wp-content\/uploads\/2021\/12\/Mesa-bertiz_Galeria_04-600x410.jpg 600w\" sizes=\"auto, (max-width: 1170px) 100vw, 1170px\" \/>\t\t\t\t\t\t\n\t\t\t\t\t<\/div>\n\t\t\t\t\t\t\t\t\n<style>\n#image_1944683245 {\n  width: 100%;\n}\n<\/style>\n\t<\/div>\n\t\n\t<div class=\"img has-hover x md-x lg-x y md-y lg-y\" id=\"image_1599350635\">\n\t\t\t\t\t\t\t\t<div class=\"img-inner image-zoom image-cover dark\" style=\"padding-top:388px;\">\n\t\t\t<img loading=\"lazy\" decoding=\"async\" width=\"1170\" height=\"800\" src=\"https:\/\/www.dressy.design\/wp-content\/uploads\/2021\/12\/Mesa-bertiz_Galeria_06.jpg\" class=\"attachment-large size-large\" alt=\"\" srcset=\"https:\/\/www.dressy.design\/wp-content\/uploads\/2021\/12\/Mesa-bertiz_Galeria_06.jpg 1170w, https:\/\/www.dressy.design\/wp-content\/uploads\/2021\/12\/Mesa-bertiz_Galeria_06-150x103.jpg 150w, https:\/\/www.dressy.design\/wp-content\/uploads\/2021\/12\/Mesa-bertiz_Galeria_06-768x525.jpg 768w, https:\/\/www.dressy.design\/wp-content\/uploads\/2021\/12\/Mesa-bertiz_Galeria_06-50x34.jpg 50w, https:\/\/www.dressy.design\/wp-content\/uploads\/2021\/12\/Mesa-bertiz_Galeria_06-100x68.jpg 100w, https:\/\/www.dressy.design\/wp-content\/uploads\/2021\/12\/Mesa-bertiz_Galeria_06-300x205.jpg 300w, https:\/\/www.dressy.design\/wp-content\/uploads\/2021\/12\/Mesa-bertiz_Galeria_06-600x410.jpg 600w\" sizes=\"auto, (max-width: 1170px) 100vw, 1170px\" \/>\t\t\t\t\t\t\n\t\t\t\t\t<\/div>\n\t\t\t\t\t\t\t\t\n<style>\n#image_1599350635 {\n  width: 100%;\n}\n<\/style>\n\t<\/div>\n\t\n\t\t<\/div>\n\t\t\t\t\t<\/div>\n\n\t\n\n\t<div id=\"col-456382531\" class=\"col medium-6 small-12 large-6\"  data-animate=\"fadeInDown\">\n\t\t\t\t<div class=\"col-inner\"  >\n\t\t\t\n\t\t\t\n\t<div class=\"img has-hover x md-x lg-x y md-y lg-y\" id=\"image_121085976\">\n\t\t\t\t\t\t\t\t<div class=\"img-inner image-zoom dark\" >\n\t\t\t<img loading=\"lazy\" decoding=\"async\" width=\"600\" height=\"800\" src=\"https:\/\/www.dressy.design\/wp-content\/uploads\/2021\/12\/Mesa-bertiz_Galeria_05.jpg\" class=\"attachment-large size-large\" alt=\"\" srcset=\"https:\/\/www.dressy.design\/wp-content\/uploads\/2021\/12\/Mesa-bertiz_Galeria_05.jpg 600w, https:\/\/www.dressy.design\/wp-content\/uploads\/2021\/12\/Mesa-bertiz_Galeria_05-150x200.jpg 150w, https:\/\/www.dressy.design\/wp-content\/uploads\/2021\/12\/Mesa-bertiz_Galeria_05-38x50.jpg 38w, https:\/\/www.dressy.design\/wp-content\/uploads\/2021\/12\/Mesa-bertiz_Galeria_05-75x100.jpg 75w, https:\/\/www.dressy.design\/wp-content\/uploads\/2021\/12\/Mesa-bertiz_Galeria_05-300x400.jpg 300w\" sizes=\"auto, (max-width: 600px) 100vw, 600px\" \/>\t\t\t\t\t\t\n\t\t\t\t\t<\/div>\n\t\t\t\t\t\t\t\t\n<style>\n#image_121085976 {\n  width: 100%;\n}\n<\/style>\n\t<\/div>\n\t\n\t\t<\/div>\n\t\t\t\t\t<\/div>\n\n\t\n<\/div>\n<div class=\"row descripcion-parte-1\"  id=\"row-509718208\">\n\n\t<div id=\"col-1457917974\" class=\"col small-12 large-12\"  data-animate=\"fadeInDown\">\n\t\t\t\t<div class=\"col-inner\"  >\n\t\t\t\n\t\t\t\n\t<div id=\"gap-1484279962\" class=\"gap-element clearfix hide-for-small\" style=\"display:block; height:auto;\">\n\t\t\n<style>\n#gap-1484279962 {\n  padding-top: 50px;\n}\n<\/style>\n\t<\/div>\n\t\n\t\t<\/div>\n\t\t\t\t\t<\/div>\n\n\t\n<\/div>\n","protected":false},"excerpt":{"rendered":"<p>Mesa extensible de tapa cer\u00e1mica y pata de madera. Disponible en 10 medidas diferentes.<\/p>\n","protected":false},"featured_media":2618,"template":"","meta":{"_acf_changed":false},"product_brand":[],"product_cat":[51,138],"product_tag":[],"class_list":{"0":"post-1424","1":"product","2":"type-product","3":"status-publish","4":"has-post-thumbnail","6":"product_cat-bertiz","7":"product_cat-mesa-extensible","9":"first","10":"instock","11":"product-type-simple"},"acf":[],"yoast_head":"<!-- This site is optimized with the Yoast SEO plugin v27.2 - https:\/\/yoast.com\/product\/yoast-seo-wordpress\/ -->\n<title>Mesa extensible de tapa cer\u00e1mica y patas de madera en 10 medidas<\/title>\n<meta name=\"description\" content=\"Mesa extensible de tapa cer\u00e1mica y pata de madera disponible en 10 medidas diferentes, armoniza la belleza de la madera natural con la elegancia de nuestros cer\u00e1micos\" \/>\n<meta name=\"robots\" content=\"index, follow, max-snippet:-1, max-image-preview:large, max-video-preview:-1\" \/>\n<link rel=\"canonical\" href=\"https:\/\/www.dressy.design\/es\/p\/bertiz-mesa-extensible-tapa-ceramica\/\" \/>\n<meta property=\"og:locale\" content=\"es_ES\" \/>\n<meta property=\"og:type\" content=\"article\" \/>\n<meta property=\"og:title\" content=\"Mesa extensible de tapa cer\u00e1mica y patas de madera en 10 medidas\" \/>\n<meta property=\"og:description\" content=\"Mesa extensible de tapa cer\u00e1mica y pata de madera disponible en 10 medidas diferentes, armoniza la belleza de la madera natural con la elegancia de nuestros cer\u00e1micos\" \/>\n<meta property=\"og:url\" content=\"https:\/\/www.dressy.design\/es\/p\/bertiz-mesa-extensible-tapa-ceramica\/\" \/>\n<meta property=\"og:site_name\" content=\"Dressy\" \/>\n<meta property=\"article:modified_time\" content=\"2025-05-15T07:53:42+00:00\" \/>\n<meta property=\"og:image\" content=\"https:\/\/www.dressy.design\/wp-content\/uploads\/2021\/12\/p_Mesa-Bertiz-1.webp\" \/>\n\t<meta property=\"og:image:width\" content=\"1195\" \/>\n\t<meta property=\"og:image:height\" content=\"1195\" \/>\n\t<meta property=\"og:image:type\" content=\"image\/webp\" \/>\n<meta name=\"twitter:card\" content=\"summary_large_image\" \/>\n<meta name=\"twitter:label1\" content=\"Tiempo de lectura\" \/>\n\t<meta name=\"twitter:data1\" content=\"1 minuto\" \/>\n<script type=\"application\/ld+json\" class=\"yoast-schema-graph\">{\"@context\":\"https:\/\/schema.org\",\"@graph\":[{\"@type\":\"WebPage\",\"@id\":\"https:\/\/www.dressy.design\/es\/p\/bertiz-mesa-extensible-tapa-ceramica\/\",\"url\":\"https:\/\/www.dressy.design\/es\/p\/bertiz-mesa-extensible-tapa-ceramica\/\",\"name\":\"Mesa extensible de tapa cer\u00e1mica y patas de madera en 10 medidas\",\"isPartOf\":{\"@id\":\"https:\/\/www.dressy.design\/es\/#website\"},\"primaryImageOfPage\":{\"@id\":\"https:\/\/www.dressy.design\/es\/p\/bertiz-mesa-extensible-tapa-ceramica\/#primaryimage\"},\"image\":{\"@id\":\"https:\/\/www.dressy.design\/es\/p\/bertiz-mesa-extensible-tapa-ceramica\/#primaryimage\"},\"thumbnailUrl\":\"https:\/\/www.dressy.design\/wp-content\/uploads\/2021\/12\/p_Mesa-Bertiz-1.webp\",\"datePublished\":\"2021-12-23T12:30:01+00:00\",\"dateModified\":\"2025-05-15T07:53:42+00:00\",\"description\":\"Mesa extensible de tapa cer\u00e1mica y pata de madera disponible en 10 medidas diferentes, armoniza la belleza de la madera natural con la elegancia de nuestros cer\u00e1micos\",\"breadcrumb\":{\"@id\":\"https:\/\/www.dressy.design\/es\/p\/bertiz-mesa-extensible-tapa-ceramica\/#breadcrumb\"},\"inLanguage\":\"es\",\"potentialAction\":[{\"@type\":\"ReadAction\",\"target\":[\"https:\/\/www.dressy.design\/es\/p\/bertiz-mesa-extensible-tapa-ceramica\/\"]}]},{\"@type\":\"ImageObject\",\"inLanguage\":\"es\",\"@id\":\"https:\/\/www.dressy.design\/es\/p\/bertiz-mesa-extensible-tapa-ceramica\/#primaryimage\",\"url\":\"https:\/\/www.dressy.design\/wp-content\/uploads\/2021\/12\/p_Mesa-Bertiz-1.webp\",\"contentUrl\":\"https:\/\/www.dressy.design\/wp-content\/uploads\/2021\/12\/p_Mesa-Bertiz-1.webp\",\"width\":1195,\"height\":1195},{\"@type\":\"BreadcrumbList\",\"@id\":\"https:\/\/www.dressy.design\/es\/p\/bertiz-mesa-extensible-tapa-ceramica\/#breadcrumb\",\"itemListElement\":[{\"@type\":\"ListItem\",\"position\":1,\"name\":\"Portada\",\"item\":\"https:\/\/www.dressy.design\/es\/\"},{\"@type\":\"ListItem\",\"position\":2,\"name\":\"Tienda\",\"item\":\"https:\/\/www.dressy.design\/es\/?page_id=180\"},{\"@type\":\"ListItem\",\"position\":3,\"name\":\"BERTIZ\"}]},{\"@type\":\"WebSite\",\"@id\":\"https:\/\/www.dressy.design\/es\/#website\",\"url\":\"https:\/\/www.dressy.design\/es\/\",\"name\":\"Dressy\",\"description\":\"Sillas y mesas de m\u00e1xima calidad y dise\u00f1o\",\"potentialAction\":[{\"@type\":\"SearchAction\",\"target\":{\"@type\":\"EntryPoint\",\"urlTemplate\":\"https:\/\/www.dressy.design\/es\/?s={search_term_string}\"},\"query-input\":{\"@type\":\"PropertyValueSpecification\",\"valueRequired\":true,\"valueName\":\"search_term_string\"}}],\"inLanguage\":\"es\"}]}<\/script>\n<!-- \/ Yoast SEO plugin. -->","yoast_head_json":{"title":"Mesa extensible de tapa cer\u00e1mica y patas de madera en 10 medidas","description":"Mesa extensible de tapa cer\u00e1mica y pata de madera disponible en 10 medidas diferentes, armoniza la belleza de la madera natural con la elegancia de nuestros cer\u00e1micos","robots":{"index":"index","follow":"follow","max-snippet":"max-snippet:-1","max-image-preview":"max-image-preview:large","max-video-preview":"max-video-preview:-1"},"canonical":"https:\/\/www.dressy.design\/es\/p\/bertiz-mesa-extensible-tapa-ceramica\/","og_locale":"es_ES","og_type":"article","og_title":"Mesa extensible de tapa cer\u00e1mica y patas de madera en 10 medidas","og_description":"Mesa extensible de tapa cer\u00e1mica y pata de madera disponible en 10 medidas diferentes, armoniza la belleza de la madera natural con la elegancia de nuestros cer\u00e1micos","og_url":"https:\/\/www.dressy.design\/es\/p\/bertiz-mesa-extensible-tapa-ceramica\/","og_site_name":"Dressy","article_modified_time":"2025-05-15T07:53:42+00:00","og_image":[{"width":1195,"height":1195,"url":"https:\/\/www.dressy.design\/wp-content\/uploads\/2021\/12\/p_Mesa-Bertiz-1.webp","type":"image\/webp"}],"twitter_card":"summary_large_image","twitter_misc":{"Tiempo de lectura":"1 minuto"},"schema":{"@context":"https:\/\/schema.org","@graph":[{"@type":"WebPage","@id":"https:\/\/www.dressy.design\/es\/p\/bertiz-mesa-extensible-tapa-ceramica\/","url":"https:\/\/www.dressy.design\/es\/p\/bertiz-mesa-extensible-tapa-ceramica\/","name":"Mesa extensible de tapa cer\u00e1mica y patas de madera en 10 medidas","isPartOf":{"@id":"https:\/\/www.dressy.design\/es\/#website"},"primaryImageOfPage":{"@id":"https:\/\/www.dressy.design\/es\/p\/bertiz-mesa-extensible-tapa-ceramica\/#primaryimage"},"image":{"@id":"https:\/\/www.dressy.design\/es\/p\/bertiz-mesa-extensible-tapa-ceramica\/#primaryimage"},"thumbnailUrl":"https:\/\/www.dressy.design\/wp-content\/uploads\/2021\/12\/p_Mesa-Bertiz-1.webp","datePublished":"2021-12-23T12:30:01+00:00","dateModified":"2025-05-15T07:53:42+00:00","description":"Mesa extensible de tapa cer\u00e1mica y pata de madera disponible en 10 medidas diferentes, armoniza la belleza de la madera natural con la elegancia de nuestros cer\u00e1micos","breadcrumb":{"@id":"https:\/\/www.dressy.design\/es\/p\/bertiz-mesa-extensible-tapa-ceramica\/#breadcrumb"},"inLanguage":"es","potentialAction":[{"@type":"ReadAction","target":["https:\/\/www.dressy.design\/es\/p\/bertiz-mesa-extensible-tapa-ceramica\/"]}]},{"@type":"ImageObject","inLanguage":"es","@id":"https:\/\/www.dressy.design\/es\/p\/bertiz-mesa-extensible-tapa-ceramica\/#primaryimage","url":"https:\/\/www.dressy.design\/wp-content\/uploads\/2021\/12\/p_Mesa-Bertiz-1.webp","contentUrl":"https:\/\/www.dressy.design\/wp-content\/uploads\/2021\/12\/p_Mesa-Bertiz-1.webp","width":1195,"height":1195},{"@type":"BreadcrumbList","@id":"https:\/\/www.dressy.design\/es\/p\/bertiz-mesa-extensible-tapa-ceramica\/#breadcrumb","itemListElement":[{"@type":"ListItem","position":1,"name":"Portada","item":"https:\/\/www.dressy.design\/es\/"},{"@type":"ListItem","position":2,"name":"Tienda","item":"https:\/\/www.dressy.design\/es\/?page_id=180"},{"@type":"ListItem","position":3,"name":"BERTIZ"}]},{"@type":"WebSite","@id":"https:\/\/www.dressy.design\/es\/#website","url":"https:\/\/www.dressy.design\/es\/","name":"Dressy","description":"Sillas y mesas de m\u00e1xima calidad y dise\u00f1o","potentialAction":[{"@type":"SearchAction","target":{"@type":"EntryPoint","urlTemplate":"https:\/\/www.dressy.design\/es\/?s={search_term_string}"},"query-input":{"@type":"PropertyValueSpecification","valueRequired":true,"valueName":"search_term_string"}}],"inLanguage":"es"}]}},"_links":{"self":[{"href":"https:\/\/www.dressy.design\/es\/wp-json\/wp\/v2\/product\/1424","targetHints":{"allow":["GET"]}}],"collection":[{"href":"https:\/\/www.dressy.design\/es\/wp-json\/wp\/v2\/product"}],"about":[{"href":"https:\/\/www.dressy.design\/es\/wp-json\/wp\/v2\/types\/product"}],"wp:featuredmedia":[{"embeddable":true,"href":"https:\/\/www.dressy.design\/es\/wp-json\/wp\/v2\/media\/2618"}],"wp:attachment":[{"href":"https:\/\/www.dressy.design\/es\/wp-json\/wp\/v2\/media?parent=1424"}],"wp:term":[{"taxonomy":"product_brand","embeddable":true,"href":"https:\/\/www.dressy.design\/es\/wp-json\/wp\/v2\/product_brand?post=1424"},{"taxonomy":"product_cat","embeddable":true,"href":"https:\/\/www.dressy.design\/es\/wp-json\/wp\/v2\/product_cat?post=1424"},{"taxonomy":"product_tag","embeddable":true,"href":"https:\/\/www.dressy.design\/es\/wp-json\/wp\/v2\/product_tag?post=1424"}],"curies":[{"name":"wp","href":"https:\/\/api.w.org\/{rel}","templated":true}]}}