{"id":7471,"date":"2025-05-19T09:14:59","date_gmt":"2025-05-19T07:14:59","guid":{"rendered":"https:\/\/www.dressy.design\/?post_type=product&#038;p=7471"},"modified":"2025-11-14T13:45:28","modified_gmt":"2025-11-14T12:45:28","slug":"joplin-extensible","status":"publish","type":"product","link":"https:\/\/www.dressy.design\/es\/p\/joplin-extensible\/","title":{"rendered":"JOPLIN"},"content":{"rendered":"\t<div id=\"gap-547067173\" class=\"gap-element clearfix hide-for-small\" style=\"display:block; height:auto;\">\n\t\t\n<style>\n#gap-547067173 {\n  padding-top: 50px;\n}\n<\/style>\n\t<\/div>\n\t\n\t<div class=\"img has-hover x md-x lg-x y md-y lg-y\" id=\"image_2065936457\">\n\t\t\t\t\t\t\t\t<div class=\"img-inner image-zoom dark\" >\n\t\t\t<img loading=\"lazy\" decoding=\"async\" width=\"1270\" height=\"800\" src=\"https:\/\/www.dressy.design\/wp-content\/uploads\/2021\/11\/Mesa-Joplin_Producto_06.webp\" class=\"attachment-large size-large\" alt=\"\" srcset=\"https:\/\/www.dressy.design\/wp-content\/uploads\/2021\/11\/Mesa-Joplin_Producto_06.webp 1270w, https:\/\/www.dressy.design\/wp-content\/uploads\/2021\/11\/Mesa-Joplin_Producto_06-150x94.webp 150w, https:\/\/www.dressy.design\/wp-content\/uploads\/2021\/11\/Mesa-Joplin_Producto_06-768x484.webp 768w, https:\/\/www.dressy.design\/wp-content\/uploads\/2021\/11\/Mesa-Joplin_Producto_06-50x31.webp 50w, https:\/\/www.dressy.design\/wp-content\/uploads\/2021\/11\/Mesa-Joplin_Producto_06-100x63.webp 100w, https:\/\/www.dressy.design\/wp-content\/uploads\/2021\/11\/Mesa-Joplin_Producto_06-300x189.webp 300w, https:\/\/www.dressy.design\/wp-content\/uploads\/2021\/11\/Mesa-Joplin_Producto_06-600x378.webp 600w\" sizes=\"auto, (max-width: 1270px) 100vw, 1270px\" \/>\t\t\t\t\t\t\n\t\t\t\t\t<\/div>\n\t\t\t\t\t\t\t\t\n<style>\n#image_2065936457 {\n  width: 100%;\n}\n<\/style>\n\t<\/div>\n\t\n\t<div id=\"gap-959353725\" class=\"gap-element clearfix hide-for-small\" style=\"display:block; height:auto;\">\n\t\t\n<style>\n#gap-959353725 {\n  padding-top: 30px;\n}\n<\/style>\n\t<\/div>\n\t\n\t<div id=\"text-3633392638\" class=\"text justify\">\n\t\t\n<p>Joplin es una colecci\u00f3n de mesas fijas y extensible que tiene como origen el Mid-Century estadounidense y a la que se le ha dado el nombre de un reconocido artista de jazz.\u200e Esta mesa ofrece cinco formas distintas en su tapa de porcel\u00e1nico t\u00e9cnico laminado con cristal que se sostienen sobre dos patas de dise\u00f1o innovador.\u200e Las patas, precisamente, son el elemento que diferencia a las mesas Joplin y Parker. Scott Joplin, que fue uno de los pianistas m\u00e1s influyentes en los inicios del Jazz ha inspirado el dise\u00f1o de una pata que por sus formas puede recordar a las teclas de un piano.<\/p>\n\t\t\t<\/div>\n\t\n<div class=\"row descripcion-parte-1\"  id=\"row-2060530811\">\n\n\t<div id=\"col-1943958072\" class=\"col medium-6 small-12 large-6\"  data-animate=\"fadeInDown\">\n\t\t\t\t<div class=\"col-inner\"  >\n\t\t\t\n\t\t\t\n\t<div class=\"img has-hover x md-x lg-x y md-y lg-y\" id=\"image_918795838\">\n\t\t\t\t\t\t\t\t<div class=\"img-inner image-zoom dark\" >\n\t\t\t<img loading=\"lazy\" decoding=\"async\" width=\"600\" height=\"800\" src=\"https:\/\/www.dressy.design\/wp-content\/uploads\/2021\/11\/Mesa-Joplin_Producto_01.webp\" class=\"attachment-large size-large\" alt=\"\" srcset=\"https:\/\/www.dressy.design\/wp-content\/uploads\/2021\/11\/Mesa-Joplin_Producto_01.webp 600w, https:\/\/www.dressy.design\/wp-content\/uploads\/2021\/11\/Mesa-Joplin_Producto_01-150x200.webp 150w, https:\/\/www.dressy.design\/wp-content\/uploads\/2021\/11\/Mesa-Joplin_Producto_01-38x50.webp 38w, https:\/\/www.dressy.design\/wp-content\/uploads\/2021\/11\/Mesa-Joplin_Producto_01-75x100.webp 75w, https:\/\/www.dressy.design\/wp-content\/uploads\/2021\/11\/Mesa-Joplin_Producto_01-300x400.webp 300w\" sizes=\"auto, (max-width: 600px) 100vw, 600px\" \/>\t\t\t\t\t\t\n\t\t\t\t\t<\/div>\n\t\t\t\t\t\t\t\t\n<style>\n#image_918795838 {\n  width: 100%;\n}\n<\/style>\n\t<\/div>\n\t\n\t\t<\/div>\n\t\t\t\t\t<\/div>\n\n\t\n\n\t<div id=\"col-1737521265\" class=\"col medium-6 small-12 large-6\"  data-animate=\"fadeInDown\">\n\t\t\t\t<div class=\"col-inner\"  >\n\t\t\t\n\t\t\t\n\t<div class=\"img has-hover x md-x lg-x y md-y lg-y\" id=\"image_31368343\">\n\t\t\t\t\t\t\t\t<div class=\"img-inner image-zoom image-cover dark\" style=\"padding-top:794px;\">\n\t\t\t<img loading=\"lazy\" decoding=\"async\" width=\"550\" height=\"800\" src=\"https:\/\/www.dressy.design\/wp-content\/uploads\/2021\/11\/Mesa-Joplin_Producto_02.webp\" class=\"attachment-large size-large\" alt=\"\" srcset=\"https:\/\/www.dressy.design\/wp-content\/uploads\/2021\/11\/Mesa-Joplin_Producto_02.webp 550w, https:\/\/www.dressy.design\/wp-content\/uploads\/2021\/11\/Mesa-Joplin_Producto_02-150x218.webp 150w, https:\/\/www.dressy.design\/wp-content\/uploads\/2021\/11\/Mesa-Joplin_Producto_02-34x50.webp 34w, https:\/\/www.dressy.design\/wp-content\/uploads\/2021\/11\/Mesa-Joplin_Producto_02-69x100.webp 69w, https:\/\/www.dressy.design\/wp-content\/uploads\/2021\/11\/Mesa-Joplin_Producto_02-300x436.webp 300w\" sizes=\"auto, (max-width: 550px) 100vw, 550px\" \/>\t\t\t\t\t\t\n\t\t\t\t\t<\/div>\n\t\t\t\t\t\t\t\t\n<style>\n#image_31368343 {\n  width: 100%;\n}\n<\/style>\n\t<\/div>\n\t\n\t\t<\/div>\n\t\t\t\t\t<\/div>\n\n\t\n<\/div>\n<div class=\"row descripcion-parte-1\"  id=\"row-1291909861\">\n\n\t<div id=\"col-451855861\" class=\"col small-12 large-12\"  data-animate=\"fadeInDown\">\n\t\t\t\t<div class=\"col-inner\"  >\n\t\t\t\n\t\t\t\n\t<div id=\"gap-1914577238\" class=\"gap-element clearfix hide-for-small\" style=\"display:block; height:auto;\">\n\t\t\n<style>\n#gap-1914577238 {\n  padding-top: 50px;\n}\n<\/style>\n\t<\/div>\n\t\n\t\t<\/div>\n\t\t\t\t\t<\/div>\n\n\t\n<\/div>\n","protected":false},"excerpt":{"rendered":"<p>Mesa extensible de estructura met\u00e1lica que se ofrece con cinco diferentes forma de tapa cer\u00e1mica.<\/p>\n<p><strong>Dise\u00f1ador<\/strong><br \/>\n<a href=\"https:\/\/www.dressy.design\/es\/c\/disenadores\/sergio-rochas\/\">Sergio Rochas<\/a><\/p>\n","protected":false},"featured_media":7472,"template":"","meta":{"_acf_changed":false},"product_brand":[],"product_cat":[55,138,48],"product_tag":[],"class_list":{"0":"post-7471","1":"product","2":"type-product","3":"status-publish","4":"has-post-thumbnail","6":"product_cat-joplin","7":"product_cat-mesa-extensible","8":"product_cat-sergio-rochas","10":"first","11":"instock","12":"product-type-simple"},"acf":[],"yoast_head":"<!-- This site is optimized with the Yoast SEO plugin v27.2 - https:\/\/yoast.com\/product\/yoast-seo-wordpress\/ -->\n<title>JOPLIN | Mesa extensible de estructura met\u00e1lica y tapa cer\u00e1mica<\/title>\n<meta name=\"description\" content=\"Mesa extensible de estructura met\u00e1lica que se ofrece con cinco diferentes forma de tapa cer\u00e1mica dise\u00f1ada por Sergio Rochas Dressy\" \/>\n<meta name=\"robots\" content=\"index, follow, max-snippet:-1, max-image-preview:large, max-video-preview:-1\" \/>\n<link rel=\"canonical\" href=\"https:\/\/www.dressy.design\/es\/p\/joplin-extensible\/\" \/>\n<meta property=\"og:locale\" content=\"es_ES\" \/>\n<meta property=\"og:type\" content=\"article\" \/>\n<meta property=\"og:title\" content=\"JOPLIN | Mesa extensible de estructura met\u00e1lica y tapa cer\u00e1mica\" \/>\n<meta property=\"og:description\" content=\"Mesa extensible de estructura met\u00e1lica que se ofrece con cinco diferentes forma de tapa cer\u00e1mica dise\u00f1ada por Sergio Rochas Dressy\" \/>\n<meta property=\"og:url\" content=\"https:\/\/www.dressy.design\/es\/p\/joplin-extensible\/\" \/>\n<meta property=\"og:site_name\" content=\"Dressy\" \/>\n<meta property=\"article:modified_time\" content=\"2025-11-14T12:45:28+00:00\" \/>\n<meta property=\"og:image\" content=\"https:\/\/www.dressy.design\/wp-content\/uploads\/2025\/05\/0_Mesa-Joplin-ext_1195x1195-px.jpg\" \/>\n\t<meta property=\"og:image:width\" content=\"1195\" \/>\n\t<meta property=\"og:image:height\" content=\"1195\" \/>\n\t<meta property=\"og:image:type\" content=\"image\/jpeg\" \/>\n<meta name=\"twitter:card\" content=\"summary_large_image\" \/>\n<meta name=\"twitter:label1\" content=\"Tiempo de lectura\" \/>\n\t<meta name=\"twitter:data1\" content=\"1 minuto\" \/>\n<script type=\"application\/ld+json\" class=\"yoast-schema-graph\">{\"@context\":\"https:\/\/schema.org\",\"@graph\":[{\"@type\":\"WebPage\",\"@id\":\"https:\/\/www.dressy.design\/es\/p\/joplin-extensible\/\",\"url\":\"https:\/\/www.dressy.design\/es\/p\/joplin-extensible\/\",\"name\":\"JOPLIN | Mesa extensible de estructura met\u00e1lica y tapa cer\u00e1mica\",\"isPartOf\":{\"@id\":\"https:\/\/www.dressy.design\/es\/#website\"},\"primaryImageOfPage\":{\"@id\":\"https:\/\/www.dressy.design\/es\/p\/joplin-extensible\/#primaryimage\"},\"image\":{\"@id\":\"https:\/\/www.dressy.design\/es\/p\/joplin-extensible\/#primaryimage\"},\"thumbnailUrl\":\"https:\/\/www.dressy.design\/wp-content\/uploads\/2025\/05\/0_Mesa-Joplin-ext_1195x1195-px.jpg\",\"datePublished\":\"2025-05-19T07:14:59+00:00\",\"dateModified\":\"2025-11-14T12:45:28+00:00\",\"description\":\"Mesa extensible de estructura met\u00e1lica que se ofrece con cinco diferentes forma de tapa cer\u00e1mica dise\u00f1ada por Sergio Rochas Dressy\",\"breadcrumb\":{\"@id\":\"https:\/\/www.dressy.design\/es\/p\/joplin-extensible\/#breadcrumb\"},\"inLanguage\":\"es\",\"potentialAction\":[{\"@type\":\"ReadAction\",\"target\":[\"https:\/\/www.dressy.design\/es\/p\/joplin-extensible\/\"]}]},{\"@type\":\"ImageObject\",\"inLanguage\":\"es\",\"@id\":\"https:\/\/www.dressy.design\/es\/p\/joplin-extensible\/#primaryimage\",\"url\":\"https:\/\/www.dressy.design\/wp-content\/uploads\/2025\/05\/0_Mesa-Joplin-ext_1195x1195-px.jpg\",\"contentUrl\":\"https:\/\/www.dressy.design\/wp-content\/uploads\/2025\/05\/0_Mesa-Joplin-ext_1195x1195-px.jpg\",\"width\":1195,\"height\":1195},{\"@type\":\"BreadcrumbList\",\"@id\":\"https:\/\/www.dressy.design\/es\/p\/joplin-extensible\/#breadcrumb\",\"itemListElement\":[{\"@type\":\"ListItem\",\"position\":1,\"name\":\"Portada\",\"item\":\"https:\/\/www.dressy.design\/es\/\"},{\"@type\":\"ListItem\",\"position\":2,\"name\":\"Tienda\",\"item\":\"https:\/\/www.dressy.design\/es\/?page_id=180\"},{\"@type\":\"ListItem\",\"position\":3,\"name\":\"JOPLIN\"}]},{\"@type\":\"WebSite\",\"@id\":\"https:\/\/www.dressy.design\/es\/#website\",\"url\":\"https:\/\/www.dressy.design\/es\/\",\"name\":\"Dressy\",\"description\":\"Sillas y mesas de m\u00e1xima calidad y dise\u00f1o\",\"potentialAction\":[{\"@type\":\"SearchAction\",\"target\":{\"@type\":\"EntryPoint\",\"urlTemplate\":\"https:\/\/www.dressy.design\/es\/?s={search_term_string}\"},\"query-input\":{\"@type\":\"PropertyValueSpecification\",\"valueRequired\":true,\"valueName\":\"search_term_string\"}}],\"inLanguage\":\"es\"}]}<\/script>\n<!-- \/ Yoast SEO plugin. -->","yoast_head_json":{"title":"JOPLIN | Mesa extensible de estructura met\u00e1lica y tapa cer\u00e1mica","description":"Mesa extensible de estructura met\u00e1lica que se ofrece con cinco diferentes forma de tapa cer\u00e1mica dise\u00f1ada por Sergio Rochas Dressy","robots":{"index":"index","follow":"follow","max-snippet":"max-snippet:-1","max-image-preview":"max-image-preview:large","max-video-preview":"max-video-preview:-1"},"canonical":"https:\/\/www.dressy.design\/es\/p\/joplin-extensible\/","og_locale":"es_ES","og_type":"article","og_title":"JOPLIN | Mesa extensible de estructura met\u00e1lica y tapa cer\u00e1mica","og_description":"Mesa extensible de estructura met\u00e1lica que se ofrece con cinco diferentes forma de tapa cer\u00e1mica dise\u00f1ada por Sergio Rochas Dressy","og_url":"https:\/\/www.dressy.design\/es\/p\/joplin-extensible\/","og_site_name":"Dressy","article_modified_time":"2025-11-14T12:45:28+00:00","og_image":[{"width":1195,"height":1195,"url":"https:\/\/www.dressy.design\/wp-content\/uploads\/2025\/05\/0_Mesa-Joplin-ext_1195x1195-px.jpg","type":"image\/jpeg"}],"twitter_card":"summary_large_image","twitter_misc":{"Tiempo de lectura":"1 minuto"},"schema":{"@context":"https:\/\/schema.org","@graph":[{"@type":"WebPage","@id":"https:\/\/www.dressy.design\/es\/p\/joplin-extensible\/","url":"https:\/\/www.dressy.design\/es\/p\/joplin-extensible\/","name":"JOPLIN | Mesa extensible de estructura met\u00e1lica y tapa cer\u00e1mica","isPartOf":{"@id":"https:\/\/www.dressy.design\/es\/#website"},"primaryImageOfPage":{"@id":"https:\/\/www.dressy.design\/es\/p\/joplin-extensible\/#primaryimage"},"image":{"@id":"https:\/\/www.dressy.design\/es\/p\/joplin-extensible\/#primaryimage"},"thumbnailUrl":"https:\/\/www.dressy.design\/wp-content\/uploads\/2025\/05\/0_Mesa-Joplin-ext_1195x1195-px.jpg","datePublished":"2025-05-19T07:14:59+00:00","dateModified":"2025-11-14T12:45:28+00:00","description":"Mesa extensible de estructura met\u00e1lica que se ofrece con cinco diferentes forma de tapa cer\u00e1mica dise\u00f1ada por Sergio Rochas Dressy","breadcrumb":{"@id":"https:\/\/www.dressy.design\/es\/p\/joplin-extensible\/#breadcrumb"},"inLanguage":"es","potentialAction":[{"@type":"ReadAction","target":["https:\/\/www.dressy.design\/es\/p\/joplin-extensible\/"]}]},{"@type":"ImageObject","inLanguage":"es","@id":"https:\/\/www.dressy.design\/es\/p\/joplin-extensible\/#primaryimage","url":"https:\/\/www.dressy.design\/wp-content\/uploads\/2025\/05\/0_Mesa-Joplin-ext_1195x1195-px.jpg","contentUrl":"https:\/\/www.dressy.design\/wp-content\/uploads\/2025\/05\/0_Mesa-Joplin-ext_1195x1195-px.jpg","width":1195,"height":1195},{"@type":"BreadcrumbList","@id":"https:\/\/www.dressy.design\/es\/p\/joplin-extensible\/#breadcrumb","itemListElement":[{"@type":"ListItem","position":1,"name":"Portada","item":"https:\/\/www.dressy.design\/es\/"},{"@type":"ListItem","position":2,"name":"Tienda","item":"https:\/\/www.dressy.design\/es\/?page_id=180"},{"@type":"ListItem","position":3,"name":"JOPLIN"}]},{"@type":"WebSite","@id":"https:\/\/www.dressy.design\/es\/#website","url":"https:\/\/www.dressy.design\/es\/","name":"Dressy","description":"Sillas y mesas de m\u00e1xima calidad y dise\u00f1o","potentialAction":[{"@type":"SearchAction","target":{"@type":"EntryPoint","urlTemplate":"https:\/\/www.dressy.design\/es\/?s={search_term_string}"},"query-input":{"@type":"PropertyValueSpecification","valueRequired":true,"valueName":"search_term_string"}}],"inLanguage":"es"}]}},"_links":{"self":[{"href":"https:\/\/www.dressy.design\/es\/wp-json\/wp\/v2\/product\/7471","targetHints":{"allow":["GET"]}}],"collection":[{"href":"https:\/\/www.dressy.design\/es\/wp-json\/wp\/v2\/product"}],"about":[{"href":"https:\/\/www.dressy.design\/es\/wp-json\/wp\/v2\/types\/product"}],"wp:featuredmedia":[{"embeddable":true,"href":"https:\/\/www.dressy.design\/es\/wp-json\/wp\/v2\/media\/7472"}],"wp:attachment":[{"href":"https:\/\/www.dressy.design\/es\/wp-json\/wp\/v2\/media?parent=7471"}],"wp:term":[{"taxonomy":"product_brand","embeddable":true,"href":"https:\/\/www.dressy.design\/es\/wp-json\/wp\/v2\/product_brand?post=7471"},{"taxonomy":"product_cat","embeddable":true,"href":"https:\/\/www.dressy.design\/es\/wp-json\/wp\/v2\/product_cat?post=7471"},{"taxonomy":"product_tag","embeddable":true,"href":"https:\/\/www.dressy.design\/es\/wp-json\/wp\/v2\/product_tag?post=7471"}],"curies":[{"name":"wp","href":"https:\/\/api.w.org\/{rel}","templated":true}]}}