{"id":7614,"date":"2025-11-13T14:17:27","date_gmt":"2025-11-13T13:17:27","guid":{"rendered":"https:\/\/www.dressy.design\/?post_type=product&#038;p=7614"},"modified":"2025-11-19T08:09:02","modified_gmt":"2025-11-19T07:09:02","slug":"joplin-mesa-auxiliar","status":"publish","type":"product","link":"https:\/\/www.dressy.design\/es\/p\/joplin-mesa-auxiliar\/","title":{"rendered":"JOPLIN"},"content":{"rendered":"\t<div id=\"gap-562850714\" class=\"gap-element clearfix hide-for-small\" style=\"display:block; height:auto;\">\n\t\t\n<style>\n#gap-562850714 {\n  padding-top: 50px;\n}\n<\/style>\n\t<\/div>\n\t\n\t<div id=\"gap-211081220\" class=\"gap-element clearfix hide-for-small\" style=\"display:block; height:auto;\">\n\t\t\n<style>\n#gap-211081220 {\n  padding-top: 30px;\n}\n<\/style>\n\t<\/div>\n\t\n\t<div id=\"text-4076257204\" class=\"text justify\">\n\t\t\n<p>La mesa auxiliar Joplin se suma a la colecci\u00f3n de mesas dise\u00f1ada por Sergio Rochas tomando como referencia el pie de la mesa y las chapas met\u00e1licas de 10 mm. Una base met\u00e1lica redonda (\u00d830 cm) y otra cuadrada (30&#215;30 cm) disponibles en tres alturas distintas (H33\/H40\/H55) conforman la serie de mesas. La tapa de cer\u00e1mico t\u00e9cnico laminado se ofrece en 8 medidas.<\/p>\n\t\t\t<\/div>\n\t\n<div class=\"row descripcion-parte-1\"  id=\"row-200991381\">\n\n\t<div id=\"col-264912723\" class=\"col medium-6 small-12 large-6\"  data-animate=\"fadeInDown\">\n\t\t\t\t<div class=\"col-inner\"  >\n\t\t\t\n\t\t\t\n\t<div class=\"img has-hover x md-x lg-x y md-y lg-y\" id=\"image_135739401\">\n\t\t\t\t\t\t\t\t<div class=\"img-inner image-zoom dark\" >\n\t\t\t<img loading=\"lazy\" decoding=\"async\" width=\"700\" height=\"800\" src=\"https:\/\/www.dressy.design\/wp-content\/uploads\/2025\/11\/Mesa-Auxiliar-Joplin_Galeria_10.jpg\" class=\"attachment-large size-large\" alt=\"\" srcset=\"https:\/\/www.dressy.design\/wp-content\/uploads\/2025\/11\/Mesa-Auxiliar-Joplin_Galeria_10.jpg 700w, https:\/\/www.dressy.design\/wp-content\/uploads\/2025\/11\/Mesa-Auxiliar-Joplin_Galeria_10-150x171.jpg 150w, https:\/\/www.dressy.design\/wp-content\/uploads\/2025\/11\/Mesa-Auxiliar-Joplin_Galeria_10-300x343.jpg 300w, https:\/\/www.dressy.design\/wp-content\/uploads\/2025\/11\/Mesa-Auxiliar-Joplin_Galeria_10-600x686.jpg 600w\" sizes=\"auto, (max-width: 700px) 100vw, 700px\" \/>\t\t\t\t\t\t\n\t\t\t\t\t<\/div>\n\t\t\t\t\t\t\t\t\n<style>\n#image_135739401 {\n  width: 100%;\n}\n<\/style>\n\t<\/div>\n\t\n\t\t<\/div>\n\t\t\t\t\t<\/div>\n\n\t\n\n\t<div id=\"col-93017103\" class=\"col medium-6 small-12 large-6\"  data-animate=\"fadeInDown\">\n\t\t\t\t<div class=\"col-inner\"  >\n\t\t\t\n\t\t\t\n\t<div class=\"img has-hover x md-x lg-x y md-y lg-y\" id=\"image_808132385\">\n\t\t\t\t\t\t\t\t<div class=\"img-inner image-zoom image-cover dark\" style=\"padding-top:794px;\">\n\t\t\t<img loading=\"lazy\" decoding=\"async\" width=\"550\" height=\"800\" src=\"https:\/\/www.dressy.design\/wp-content\/uploads\/2025\/11\/Mesa-Auxiliar-Joplin_Galeria_08.jpg\" class=\"attachment-large size-large\" alt=\"\" srcset=\"https:\/\/www.dressy.design\/wp-content\/uploads\/2025\/11\/Mesa-Auxiliar-Joplin_Galeria_08.jpg 550w, https:\/\/www.dressy.design\/wp-content\/uploads\/2025\/11\/Mesa-Auxiliar-Joplin_Galeria_08-150x218.jpg 150w, https:\/\/www.dressy.design\/wp-content\/uploads\/2025\/11\/Mesa-Auxiliar-Joplin_Galeria_08-300x436.jpg 300w\" sizes=\"auto, (max-width: 550px) 100vw, 550px\" \/>\t\t\t\t\t\t\n\t\t\t\t\t<\/div>\n\t\t\t\t\t\t\t\t\n<style>\n#image_808132385 {\n  width: 100%;\n}\n<\/style>\n\t<\/div>\n\t\n\t\t<\/div>\n\t\t\t\t\t<\/div>\n\n\t\n<\/div>\n","protected":false},"excerpt":{"rendered":"<p>Mesa auxiliar de tapa cer\u00e1mica y pie met\u00e1lico disponible en ocho medidas y tres alturas diferentes.<\/p>\n<p><strong>Dise\u00f1ador<\/strong><br \/>\n<a href=\"https:\/\/www.dressy.design\/es\/c\/disenadores\/sergio-rochas\/\">Sergio Rochas<\/a><\/p>\n","protected":false},"featured_media":7567,"template":"","meta":{"_acf_changed":false},"product_brand":[],"product_cat":[55,136,48],"product_tag":[],"class_list":{"0":"post-7614","1":"product","2":"type-product","3":"status-publish","4":"has-post-thumbnail","6":"product_cat-joplin","7":"product_cat-mesa-auxiliar","8":"product_cat-sergio-rochas","10":"first","11":"instock","12":"product-type-simple"},"acf":[],"yoast_head":"<!-- This site is optimized with the Yoast SEO plugin v27.2 - https:\/\/yoast.com\/product\/yoast-seo-wordpress\/ -->\n<title>JOPLIN | Mesa auxiliar by Sergio Rochas<\/title>\n<meta name=\"description\" content=\"La mesa auxiliar Joplin se suma a la colecci\u00f3n de mesas dise\u00f1ada por Sergio Rochas tomando como referencia elpie de la mesa y las chapas met\u00e1licas de 10 mm.\" \/>\n<meta name=\"robots\" content=\"index, follow, max-snippet:-1, max-image-preview:large, max-video-preview:-1\" \/>\n<link rel=\"canonical\" href=\"https:\/\/www.dressy.design\/es\/p\/joplin-mesa-auxiliar\/\" \/>\n<meta property=\"og:locale\" content=\"es_ES\" \/>\n<meta property=\"og:type\" content=\"article\" \/>\n<meta property=\"og:title\" content=\"JOPLIN | Mesa auxiliar by Sergio Rochas\" \/>\n<meta property=\"og:description\" content=\"La mesa auxiliar Joplin se suma a la colecci\u00f3n de mesas dise\u00f1ada por Sergio Rochas tomando como referencia elpie de la mesa y las chapas met\u00e1licas de 10 mm.\" \/>\n<meta property=\"og:url\" content=\"https:\/\/www.dressy.design\/es\/p\/joplin-mesa-auxiliar\/\" \/>\n<meta property=\"og:site_name\" content=\"Dressy\" \/>\n<meta property=\"article:modified_time\" content=\"2025-11-19T07:09:02+00:00\" \/>\n<meta property=\"og:image\" content=\"https:\/\/www.dressy.design\/wp-content\/uploads\/2025\/11\/0_Mesa-Aux-Joplin_1195x1195-px.jpg\" \/>\n\t<meta property=\"og:image:width\" content=\"1195\" \/>\n\t<meta property=\"og:image:height\" content=\"1195\" \/>\n\t<meta property=\"og:image:type\" content=\"image\/jpeg\" \/>\n<meta name=\"twitter:card\" content=\"summary_large_image\" \/>\n<meta name=\"twitter:label1\" content=\"Tiempo de lectura\" \/>\n\t<meta name=\"twitter:data1\" content=\"1 minuto\" \/>\n<script type=\"application\/ld+json\" class=\"yoast-schema-graph\">{\"@context\":\"https:\/\/schema.org\",\"@graph\":[{\"@type\":\"WebPage\",\"@id\":\"https:\/\/www.dressy.design\/es\/p\/joplin-mesa-auxiliar\/\",\"url\":\"https:\/\/www.dressy.design\/es\/p\/joplin-mesa-auxiliar\/\",\"name\":\"JOPLIN | Mesa auxiliar by Sergio Rochas\",\"isPartOf\":{\"@id\":\"https:\/\/www.dressy.design\/es\/#website\"},\"primaryImageOfPage\":{\"@id\":\"https:\/\/www.dressy.design\/es\/p\/joplin-mesa-auxiliar\/#primaryimage\"},\"image\":{\"@id\":\"https:\/\/www.dressy.design\/es\/p\/joplin-mesa-auxiliar\/#primaryimage\"},\"thumbnailUrl\":\"https:\/\/www.dressy.design\/wp-content\/uploads\/2025\/11\/0_Mesa-Aux-Joplin_1195x1195-px.jpg\",\"datePublished\":\"2025-11-13T13:17:27+00:00\",\"dateModified\":\"2025-11-19T07:09:02+00:00\",\"description\":\"La mesa auxiliar Joplin se suma a la colecci\u00f3n de mesas dise\u00f1ada por Sergio Rochas tomando como referencia elpie de la mesa y las chapas met\u00e1licas de 10 mm.\",\"breadcrumb\":{\"@id\":\"https:\/\/www.dressy.design\/es\/p\/joplin-mesa-auxiliar\/#breadcrumb\"},\"inLanguage\":\"es\",\"potentialAction\":[{\"@type\":\"ReadAction\",\"target\":[\"https:\/\/www.dressy.design\/es\/p\/joplin-mesa-auxiliar\/\"]}]},{\"@type\":\"ImageObject\",\"inLanguage\":\"es\",\"@id\":\"https:\/\/www.dressy.design\/es\/p\/joplin-mesa-auxiliar\/#primaryimage\",\"url\":\"https:\/\/www.dressy.design\/wp-content\/uploads\/2025\/11\/0_Mesa-Aux-Joplin_1195x1195-px.jpg\",\"contentUrl\":\"https:\/\/www.dressy.design\/wp-content\/uploads\/2025\/11\/0_Mesa-Aux-Joplin_1195x1195-px.jpg\",\"width\":1195,\"height\":1195},{\"@type\":\"BreadcrumbList\",\"@id\":\"https:\/\/www.dressy.design\/es\/p\/joplin-mesa-auxiliar\/#breadcrumb\",\"itemListElement\":[{\"@type\":\"ListItem\",\"position\":1,\"name\":\"Portada\",\"item\":\"https:\/\/www.dressy.design\/es\/\"},{\"@type\":\"ListItem\",\"position\":2,\"name\":\"Tienda\",\"item\":\"https:\/\/www.dressy.design\/es\/?page_id=180\"},{\"@type\":\"ListItem\",\"position\":3,\"name\":\"JOPLIN\"}]},{\"@type\":\"WebSite\",\"@id\":\"https:\/\/www.dressy.design\/es\/#website\",\"url\":\"https:\/\/www.dressy.design\/es\/\",\"name\":\"Dressy\",\"description\":\"Sillas y mesas de m\u00e1xima calidad y dise\u00f1o\",\"potentialAction\":[{\"@type\":\"SearchAction\",\"target\":{\"@type\":\"EntryPoint\",\"urlTemplate\":\"https:\/\/www.dressy.design\/es\/?s={search_term_string}\"},\"query-input\":{\"@type\":\"PropertyValueSpecification\",\"valueRequired\":true,\"valueName\":\"search_term_string\"}}],\"inLanguage\":\"es\"}]}<\/script>\n<!-- \/ Yoast SEO plugin. -->","yoast_head_json":{"title":"JOPLIN | Mesa auxiliar by Sergio Rochas","description":"La mesa auxiliar Joplin se suma a la colecci\u00f3n de mesas dise\u00f1ada por Sergio Rochas tomando como referencia elpie de la mesa y las chapas met\u00e1licas de 10 mm.","robots":{"index":"index","follow":"follow","max-snippet":"max-snippet:-1","max-image-preview":"max-image-preview:large","max-video-preview":"max-video-preview:-1"},"canonical":"https:\/\/www.dressy.design\/es\/p\/joplin-mesa-auxiliar\/","og_locale":"es_ES","og_type":"article","og_title":"JOPLIN | Mesa auxiliar by Sergio Rochas","og_description":"La mesa auxiliar Joplin se suma a la colecci\u00f3n de mesas dise\u00f1ada por Sergio Rochas tomando como referencia elpie de la mesa y las chapas met\u00e1licas de 10 mm.","og_url":"https:\/\/www.dressy.design\/es\/p\/joplin-mesa-auxiliar\/","og_site_name":"Dressy","article_modified_time":"2025-11-19T07:09:02+00:00","og_image":[{"width":1195,"height":1195,"url":"https:\/\/www.dressy.design\/wp-content\/uploads\/2025\/11\/0_Mesa-Aux-Joplin_1195x1195-px.jpg","type":"image\/jpeg"}],"twitter_card":"summary_large_image","twitter_misc":{"Tiempo de lectura":"1 minuto"},"schema":{"@context":"https:\/\/schema.org","@graph":[{"@type":"WebPage","@id":"https:\/\/www.dressy.design\/es\/p\/joplin-mesa-auxiliar\/","url":"https:\/\/www.dressy.design\/es\/p\/joplin-mesa-auxiliar\/","name":"JOPLIN | Mesa auxiliar by Sergio Rochas","isPartOf":{"@id":"https:\/\/www.dressy.design\/es\/#website"},"primaryImageOfPage":{"@id":"https:\/\/www.dressy.design\/es\/p\/joplin-mesa-auxiliar\/#primaryimage"},"image":{"@id":"https:\/\/www.dressy.design\/es\/p\/joplin-mesa-auxiliar\/#primaryimage"},"thumbnailUrl":"https:\/\/www.dressy.design\/wp-content\/uploads\/2025\/11\/0_Mesa-Aux-Joplin_1195x1195-px.jpg","datePublished":"2025-11-13T13:17:27+00:00","dateModified":"2025-11-19T07:09:02+00:00","description":"La mesa auxiliar Joplin se suma a la colecci\u00f3n de mesas dise\u00f1ada por Sergio Rochas tomando como referencia elpie de la mesa y las chapas met\u00e1licas de 10 mm.","breadcrumb":{"@id":"https:\/\/www.dressy.design\/es\/p\/joplin-mesa-auxiliar\/#breadcrumb"},"inLanguage":"es","potentialAction":[{"@type":"ReadAction","target":["https:\/\/www.dressy.design\/es\/p\/joplin-mesa-auxiliar\/"]}]},{"@type":"ImageObject","inLanguage":"es","@id":"https:\/\/www.dressy.design\/es\/p\/joplin-mesa-auxiliar\/#primaryimage","url":"https:\/\/www.dressy.design\/wp-content\/uploads\/2025\/11\/0_Mesa-Aux-Joplin_1195x1195-px.jpg","contentUrl":"https:\/\/www.dressy.design\/wp-content\/uploads\/2025\/11\/0_Mesa-Aux-Joplin_1195x1195-px.jpg","width":1195,"height":1195},{"@type":"BreadcrumbList","@id":"https:\/\/www.dressy.design\/es\/p\/joplin-mesa-auxiliar\/#breadcrumb","itemListElement":[{"@type":"ListItem","position":1,"name":"Portada","item":"https:\/\/www.dressy.design\/es\/"},{"@type":"ListItem","position":2,"name":"Tienda","item":"https:\/\/www.dressy.design\/es\/?page_id=180"},{"@type":"ListItem","position":3,"name":"JOPLIN"}]},{"@type":"WebSite","@id":"https:\/\/www.dressy.design\/es\/#website","url":"https:\/\/www.dressy.design\/es\/","name":"Dressy","description":"Sillas y mesas de m\u00e1xima calidad y dise\u00f1o","potentialAction":[{"@type":"SearchAction","target":{"@type":"EntryPoint","urlTemplate":"https:\/\/www.dressy.design\/es\/?s={search_term_string}"},"query-input":{"@type":"PropertyValueSpecification","valueRequired":true,"valueName":"search_term_string"}}],"inLanguage":"es"}]}},"_links":{"self":[{"href":"https:\/\/www.dressy.design\/es\/wp-json\/wp\/v2\/product\/7614","targetHints":{"allow":["GET"]}}],"collection":[{"href":"https:\/\/www.dressy.design\/es\/wp-json\/wp\/v2\/product"}],"about":[{"href":"https:\/\/www.dressy.design\/es\/wp-json\/wp\/v2\/types\/product"}],"wp:featuredmedia":[{"embeddable":true,"href":"https:\/\/www.dressy.design\/es\/wp-json\/wp\/v2\/media\/7567"}],"wp:attachment":[{"href":"https:\/\/www.dressy.design\/es\/wp-json\/wp\/v2\/media?parent=7614"}],"wp:term":[{"taxonomy":"product_brand","embeddable":true,"href":"https:\/\/www.dressy.design\/es\/wp-json\/wp\/v2\/product_brand?post=7614"},{"taxonomy":"product_cat","embeddable":true,"href":"https:\/\/www.dressy.design\/es\/wp-json\/wp\/v2\/product_cat?post=7614"},{"taxonomy":"product_tag","embeddable":true,"href":"https:\/\/www.dressy.design\/es\/wp-json\/wp\/v2\/product_tag?post=7614"}],"curies":[{"name":"wp","href":"https:\/\/api.w.org\/{rel}","templated":true}]}}