{"id":2228,"date":"2021-12-23T12:28:03","date_gmt":"2021-12-24T12:11:11","guid":{"rendered":"https:\/\/www.dressy.design\/p\/galera\/"},"modified":"2022-06-02T16:21:40","modified_gmt":"2022-06-02T14:21:40","slug":"chaise-galera-formes-arrondies-conviviales-confort","status":"publish","type":"product","link":"https:\/\/www.dressy.design\/fr\/p\/chaise-galera-formes-arrondies-conviviales-confort\/","title":{"rendered":"GALERA"},"content":{"rendered":"\t<div id=\"gap-245380056\" class=\"gap-element clearfix hide-for-small\" style=\"display:block; height:auto;\">\n\t\t\n<style>\n#gap-245380056 {\n  padding-top: 50px;\n}\n<\/style>\n\t<\/div>\n\t\n<p>La chaise Galera est une pi\u00e8ce qui captive dans toutes ses vues et vous invite \u00e0 vous laisser aller lorsque votre corps fusionne avec son assise. Galera a \u00e9t\u00e9 con\u00e7u avec une coque enti\u00e8rement rembourr\u00e9e et un coussin amovible pr\u00eate \u00e0 \u00eatre tapiss\u00e9 dans tous les tissus de notre catalogue de finitions telles que le cuir, le velours ou le synth\u00e9tique, entre autres. Ces coques ont \u00e9t\u00e9 con\u00e7u avec des formes rondes et conviviales, offrant ainsi un confort d\u2019assise impressionnant. Le dernier d\u00e9tail qui compl\u00e8te cette belle chaise est fourni par les pieds m\u00e9talliques et leurs sections coniques.<\/p>\n<div class=\"row descripcion-parte-1\"  id=\"row-801360999\">\n\n\t<div id=\"col-413611036\" class=\"col medium-6 small-12 large-6\"  data-animate=\"fadeInDown\">\n\t\t\t\t<div class=\"col-inner\"  >\n\t\t\t\n\t\t\t\n\t<div class=\"img has-hover x md-x lg-x y md-y lg-y\" id=\"image_107868581\">\n\t\t\t\t\t\t\t\t<div class=\"img-inner image-zoom dark\" >\n\t\t\t<img loading=\"lazy\" decoding=\"async\" width=\"585\" height=\"724\" src=\"https:\/\/www.dressy.design\/wp-content\/uploads\/2021\/11\/Silla-Galera_Galeria-Producto_04-1.jpg\" class=\"attachment-large size-large\" alt=\"\" srcset=\"https:\/\/www.dressy.design\/wp-content\/uploads\/2021\/11\/Silla-Galera_Galeria-Producto_04-1.jpg 585w, https:\/\/www.dressy.design\/wp-content\/uploads\/2021\/11\/Silla-Galera_Galeria-Producto_04-1-242x300.jpg 242w, https:\/\/www.dressy.design\/wp-content\/uploads\/2021\/11\/Silla-Galera_Galeria-Producto_04-1-300x371.jpg 300w\" sizes=\"auto, (max-width: 585px) 100vw, 585px\" \/>\t\t\t\t\t\t\n\t\t\t\t\t<\/div>\n\t\t\t\t\t\t\t\t\n<style>\n#image_107868581 {\n  width: 100%;\n}\n<\/style>\n\t<\/div>\n\t\n\t\t<\/div>\n\t\t\t\t\t<\/div>\n\n\t\n\n\t<div id=\"col-626154098\" class=\"col medium-6 small-12 large-6\"  data-animate=\"fadeInDown\">\n\t\t\t\t<div class=\"col-inner\"  >\n\t\t\t\n\t\t\t\n\t<div class=\"img has-hover x md-x lg-x y md-y lg-y\" id=\"image_641982762\">\n\t\t\t\t\t\t\t\t<div class=\"img-inner image-zoom dark\" >\n\t\t\t<img loading=\"lazy\" decoding=\"async\" width=\"585\" height=\"724\" src=\"https:\/\/www.dressy.design\/wp-content\/uploads\/2021\/11\/Silla-Galera_Galeria-Producto_05.jpg\" class=\"attachment-large size-large\" alt=\"\" srcset=\"https:\/\/www.dressy.design\/wp-content\/uploads\/2021\/11\/Silla-Galera_Galeria-Producto_05.jpg 585w, https:\/\/www.dressy.design\/wp-content\/uploads\/2021\/11\/Silla-Galera_Galeria-Producto_05-242x300.jpg 242w, https:\/\/www.dressy.design\/wp-content\/uploads\/2021\/11\/Silla-Galera_Galeria-Producto_05-300x371.jpg 300w\" sizes=\"auto, (max-width: 585px) 100vw, 585px\" \/>\t\t\t\t\t\t\n\t\t\t\t\t<\/div>\n\t\t\t\t\t\t\t\t\n<style>\n#image_641982762 {\n  width: 100%;\n}\n<\/style>\n\t<\/div>\n\t\n\t\t<\/div>\n\t\t\t\t\t<\/div>\n\n\t\n<\/div>\n<div class=\"row descripcion-parte-1\"  id=\"row-200067075\">\n\n\t<div id=\"col-263112609\" class=\"col small-12 large-12\"  data-animate=\"fadeInDown\">\n\t\t\t\t<div class=\"col-inner\"  >\n\t\t\t\n\t\t\t\n\t<div id=\"gap-391552407\" class=\"gap-element clearfix hide-for-small\" style=\"display:block; height:auto;\">\n\t\t\n<style>\n#gap-391552407 {\n  padding-top: 50px;\n}\n<\/style>\n\t<\/div>\n\t\n\t\t<\/div>\n\t\t\t\t\t<\/div>\n\n\t\n<\/div>\n","protected":false},"excerpt":{"rendered":"<p>Chaise avec pied en m\u00e9tal de tube conique et coque en mousse de polyur\u00e9thane inject\u00e9e enti\u00e8rement tapiss\u00e9e.<\/p>\n","protected":false},"featured_media":2659,"template":"","meta":{"_acf_changed":false},"product_brand":[],"product_cat":[149,76],"product_tag":[],"class_list":{"0":"post-2228","1":"product","2":"type-product","3":"status-publish","4":"has-post-thumbnail","6":"product_cat-chaise","7":"product_cat-galera","9":"first","10":"instock","11":"product-type-simple"},"acf":[],"yoast_head":"<!-- This site is optimized with the Yoast SEO plugin v27.2 - https:\/\/yoast.com\/product\/yoast-seo-wordpress\/ -->\n<title>La coque de la chaise Galera a \u00e9t\u00e9 con\u00e7ue avec des formes arrondies<\/title>\n<meta name=\"description\" content=\"La coque de la chaise Galera a \u00e9t\u00e9 con\u00e7ue avec des formes arrondies et conviviales pour un confort d\u2019assise impressionnant Dressy\" \/>\n<meta name=\"robots\" content=\"index, follow, max-snippet:-1, max-image-preview:large, max-video-preview:-1\" \/>\n<link rel=\"canonical\" href=\"https:\/\/www.dressy.design\/fr\/p\/chaise-galera-formes-arrondies-conviviales-confort\/\" \/>\n<meta property=\"og:locale\" content=\"fr_FR\" \/>\n<meta property=\"og:type\" content=\"article\" \/>\n<meta property=\"og:title\" content=\"La coque de la chaise Galera a \u00e9t\u00e9 con\u00e7ue avec des formes arrondies\" \/>\n<meta property=\"og:description\" content=\"La coque de la chaise Galera a \u00e9t\u00e9 con\u00e7ue avec des formes arrondies et conviviales pour un confort d\u2019assise impressionnant Dressy\" \/>\n<meta property=\"og:url\" content=\"https:\/\/www.dressy.design\/fr\/p\/chaise-galera-formes-arrondies-conviviales-confort\/\" \/>\n<meta property=\"og:site_name\" content=\"Dressy\" \/>\n<meta property=\"article:modified_time\" content=\"2022-06-02T14:21:40+00:00\" \/>\n<meta property=\"og:image\" content=\"https:\/\/www.dressy.design\/wp-content\/uploads\/2021\/12\/p_Silla-Galera.webp\" \/>\n\t<meta property=\"og:image:width\" content=\"1195\" \/>\n\t<meta property=\"og:image:height\" content=\"1195\" \/>\n\t<meta property=\"og:image:type\" content=\"image\/webp\" \/>\n<meta name=\"twitter:card\" content=\"summary_large_image\" \/>\n<meta name=\"twitter:label1\" content=\"Dur\u00e9e de lecture estim\u00e9e\" \/>\n\t<meta name=\"twitter:data1\" content=\"1 minute\" \/>\n<script type=\"application\/ld+json\" class=\"yoast-schema-graph\">{\"@context\":\"https:\/\/schema.org\",\"@graph\":[{\"@type\":\"WebPage\",\"@id\":\"https:\/\/www.dressy.design\/fr\/p\/chaise-galera-formes-arrondies-conviviales-confort\/\",\"url\":\"https:\/\/www.dressy.design\/fr\/p\/chaise-galera-formes-arrondies-conviviales-confort\/\",\"name\":\"La coque de la chaise Galera a \u00e9t\u00e9 con\u00e7ue avec des formes arrondies\",\"isPartOf\":{\"@id\":\"https:\/\/www.dressy.design\/fr\/#website\"},\"primaryImageOfPage\":{\"@id\":\"https:\/\/www.dressy.design\/fr\/p\/chaise-galera-formes-arrondies-conviviales-confort\/#primaryimage\"},\"image\":{\"@id\":\"https:\/\/www.dressy.design\/fr\/p\/chaise-galera-formes-arrondies-conviviales-confort\/#primaryimage\"},\"thumbnailUrl\":\"https:\/\/www.dressy.design\/wp-content\/uploads\/2021\/12\/p_Silla-Galera.webp\",\"datePublished\":\"2021-12-24T12:11:11+00:00\",\"dateModified\":\"2022-06-02T14:21:40+00:00\",\"description\":\"La coque de la chaise Galera a \u00e9t\u00e9 con\u00e7ue avec des formes arrondies et conviviales pour un confort d\u2019assise impressionnant Dressy\",\"breadcrumb\":{\"@id\":\"https:\/\/www.dressy.design\/fr\/p\/chaise-galera-formes-arrondies-conviviales-confort\/#breadcrumb\"},\"inLanguage\":\"fr-FR\",\"potentialAction\":[{\"@type\":\"ReadAction\",\"target\":[\"https:\/\/www.dressy.design\/fr\/p\/chaise-galera-formes-arrondies-conviviales-confort\/\"]}]},{\"@type\":\"ImageObject\",\"inLanguage\":\"fr-FR\",\"@id\":\"https:\/\/www.dressy.design\/fr\/p\/chaise-galera-formes-arrondies-conviviales-confort\/#primaryimage\",\"url\":\"https:\/\/www.dressy.design\/wp-content\/uploads\/2021\/12\/p_Silla-Galera.webp\",\"contentUrl\":\"https:\/\/www.dressy.design\/wp-content\/uploads\/2021\/12\/p_Silla-Galera.webp\",\"width\":1195,\"height\":1195},{\"@type\":\"BreadcrumbList\",\"@id\":\"https:\/\/www.dressy.design\/fr\/p\/chaise-galera-formes-arrondies-conviviales-confort\/#breadcrumb\",\"itemListElement\":[{\"@type\":\"ListItem\",\"position\":1,\"name\":\"Portada\",\"item\":\"https:\/\/www.dressy.design\/fr\/\"},{\"@type\":\"ListItem\",\"position\":2,\"name\":\"Tienda\",\"item\":\"https:\/\/www.dressy.design\/es\/?page_id=180\"},{\"@type\":\"ListItem\",\"position\":3,\"name\":\"GALERA\"}]},{\"@type\":\"WebSite\",\"@id\":\"https:\/\/www.dressy.design\/fr\/#website\",\"url\":\"https:\/\/www.dressy.design\/fr\/\",\"name\":\"Dressy\",\"description\":\"Sillas y mesas de m\u00e1xima calidad y dise\u00f1o\",\"potentialAction\":[{\"@type\":\"SearchAction\",\"target\":{\"@type\":\"EntryPoint\",\"urlTemplate\":\"https:\/\/www.dressy.design\/fr\/?s={search_term_string}\"},\"query-input\":{\"@type\":\"PropertyValueSpecification\",\"valueRequired\":true,\"valueName\":\"search_term_string\"}}],\"inLanguage\":\"fr-FR\"}]}<\/script>\n<!-- \/ Yoast SEO plugin. -->","yoast_head_json":{"title":"La coque de la chaise Galera a \u00e9t\u00e9 con\u00e7ue avec des formes arrondies","description":"La coque de la chaise Galera a \u00e9t\u00e9 con\u00e7ue avec des formes arrondies et conviviales pour un confort d\u2019assise impressionnant Dressy","robots":{"index":"index","follow":"follow","max-snippet":"max-snippet:-1","max-image-preview":"max-image-preview:large","max-video-preview":"max-video-preview:-1"},"canonical":"https:\/\/www.dressy.design\/fr\/p\/chaise-galera-formes-arrondies-conviviales-confort\/","og_locale":"fr_FR","og_type":"article","og_title":"La coque de la chaise Galera a \u00e9t\u00e9 con\u00e7ue avec des formes arrondies","og_description":"La coque de la chaise Galera a \u00e9t\u00e9 con\u00e7ue avec des formes arrondies et conviviales pour un confort d\u2019assise impressionnant Dressy","og_url":"https:\/\/www.dressy.design\/fr\/p\/chaise-galera-formes-arrondies-conviviales-confort\/","og_site_name":"Dressy","article_modified_time":"2022-06-02T14:21:40+00:00","og_image":[{"width":1195,"height":1195,"url":"https:\/\/www.dressy.design\/wp-content\/uploads\/2021\/12\/p_Silla-Galera.webp","type":"image\/webp"}],"twitter_card":"summary_large_image","twitter_misc":{"Dur\u00e9e de lecture estim\u00e9e":"1 minute"},"schema":{"@context":"https:\/\/schema.org","@graph":[{"@type":"WebPage","@id":"https:\/\/www.dressy.design\/fr\/p\/chaise-galera-formes-arrondies-conviviales-confort\/","url":"https:\/\/www.dressy.design\/fr\/p\/chaise-galera-formes-arrondies-conviviales-confort\/","name":"La coque de la chaise Galera a \u00e9t\u00e9 con\u00e7ue avec des formes arrondies","isPartOf":{"@id":"https:\/\/www.dressy.design\/fr\/#website"},"primaryImageOfPage":{"@id":"https:\/\/www.dressy.design\/fr\/p\/chaise-galera-formes-arrondies-conviviales-confort\/#primaryimage"},"image":{"@id":"https:\/\/www.dressy.design\/fr\/p\/chaise-galera-formes-arrondies-conviviales-confort\/#primaryimage"},"thumbnailUrl":"https:\/\/www.dressy.design\/wp-content\/uploads\/2021\/12\/p_Silla-Galera.webp","datePublished":"2021-12-24T12:11:11+00:00","dateModified":"2022-06-02T14:21:40+00:00","description":"La coque de la chaise Galera a \u00e9t\u00e9 con\u00e7ue avec des formes arrondies et conviviales pour un confort d\u2019assise impressionnant Dressy","breadcrumb":{"@id":"https:\/\/www.dressy.design\/fr\/p\/chaise-galera-formes-arrondies-conviviales-confort\/#breadcrumb"},"inLanguage":"fr-FR","potentialAction":[{"@type":"ReadAction","target":["https:\/\/www.dressy.design\/fr\/p\/chaise-galera-formes-arrondies-conviviales-confort\/"]}]},{"@type":"ImageObject","inLanguage":"fr-FR","@id":"https:\/\/www.dressy.design\/fr\/p\/chaise-galera-formes-arrondies-conviviales-confort\/#primaryimage","url":"https:\/\/www.dressy.design\/wp-content\/uploads\/2021\/12\/p_Silla-Galera.webp","contentUrl":"https:\/\/www.dressy.design\/wp-content\/uploads\/2021\/12\/p_Silla-Galera.webp","width":1195,"height":1195},{"@type":"BreadcrumbList","@id":"https:\/\/www.dressy.design\/fr\/p\/chaise-galera-formes-arrondies-conviviales-confort\/#breadcrumb","itemListElement":[{"@type":"ListItem","position":1,"name":"Portada","item":"https:\/\/www.dressy.design\/fr\/"},{"@type":"ListItem","position":2,"name":"Tienda","item":"https:\/\/www.dressy.design\/es\/?page_id=180"},{"@type":"ListItem","position":3,"name":"GALERA"}]},{"@type":"WebSite","@id":"https:\/\/www.dressy.design\/fr\/#website","url":"https:\/\/www.dressy.design\/fr\/","name":"Dressy","description":"Sillas y mesas de m\u00e1xima calidad y dise\u00f1o","potentialAction":[{"@type":"SearchAction","target":{"@type":"EntryPoint","urlTemplate":"https:\/\/www.dressy.design\/fr\/?s={search_term_string}"},"query-input":{"@type":"PropertyValueSpecification","valueRequired":true,"valueName":"search_term_string"}}],"inLanguage":"fr-FR"}]}},"_links":{"self":[{"href":"https:\/\/www.dressy.design\/fr\/wp-json\/wp\/v2\/product\/2228","targetHints":{"allow":["GET"]}}],"collection":[{"href":"https:\/\/www.dressy.design\/fr\/wp-json\/wp\/v2\/product"}],"about":[{"href":"https:\/\/www.dressy.design\/fr\/wp-json\/wp\/v2\/types\/product"}],"wp:featuredmedia":[{"embeddable":true,"href":"https:\/\/www.dressy.design\/fr\/wp-json\/wp\/v2\/media\/2659"}],"wp:attachment":[{"href":"https:\/\/www.dressy.design\/fr\/wp-json\/wp\/v2\/media?parent=2228"}],"wp:term":[{"taxonomy":"product_brand","embeddable":true,"href":"https:\/\/www.dressy.design\/fr\/wp-json\/wp\/v2\/product_brand?post=2228"},{"taxonomy":"product_cat","embeddable":true,"href":"https:\/\/www.dressy.design\/fr\/wp-json\/wp\/v2\/product_cat?post=2228"},{"taxonomy":"product_tag","embeddable":true,"href":"https:\/\/www.dressy.design\/fr\/wp-json\/wp\/v2\/product_tag?post=2228"}],"curies":[{"name":"wp","href":"https:\/\/api.w.org\/{rel}","templated":true}]}}