{"id":2229,"date":"2022-05-05T13:16:39","date_gmt":"2022-05-05T13:16:39","guid":{"rendered":"https:\/\/www.dressy.design\/p\/ara-b1\/"},"modified":"2022-05-11T13:00:00","modified_gmt":"2022-05-11T13:00:00","slug":"ara-b1","status":"publish","type":"product","link":"https:\/\/www.dressy.design\/fr\/p\/ara-b1\/","title":{"rendered":"ARA B1"},"content":{"rendered":"\t<div id=\"gap-68526860\" class=\"gap-element clearfix hide-for-small\" style=\"display:block; height:auto;\">\n\t\t\n<style>\n#gap-68526860 {\n  padding-top: 50px;\n}\n<\/style>\n\t<\/div>\n\t\n\t<div class=\"img has-hover x md-x lg-x y md-y lg-y\" id=\"image_1362683915\">\n\t\t\t\t\t\t\t\t<div class=\"img-inner image-zoom dark\" >\n\t\t\t<img loading=\"lazy\" decoding=\"async\" width=\"1170\" height=\"800\" src=\"https:\/\/www.dressy.design\/wp-content\/uploads\/2021\/11\/Silla-Ara_Producto_03_1170x800px.webp\" class=\"attachment-large size-large\" alt=\"\" srcset=\"https:\/\/www.dressy.design\/wp-content\/uploads\/2021\/11\/Silla-Ara_Producto_03_1170x800px.webp 1170w, https:\/\/www.dressy.design\/wp-content\/uploads\/2021\/11\/Silla-Ara_Producto_03_1170x800px-150x103.webp 150w, https:\/\/www.dressy.design\/wp-content\/uploads\/2021\/11\/Silla-Ara_Producto_03_1170x800px-768x525.webp 768w, https:\/\/www.dressy.design\/wp-content\/uploads\/2021\/11\/Silla-Ara_Producto_03_1170x800px-50x34.webp 50w, https:\/\/www.dressy.design\/wp-content\/uploads\/2021\/11\/Silla-Ara_Producto_03_1170x800px-100x68.webp 100w, https:\/\/www.dressy.design\/wp-content\/uploads\/2021\/11\/Silla-Ara_Producto_03_1170x800px-300x205.webp 300w, https:\/\/www.dressy.design\/wp-content\/uploads\/2021\/11\/Silla-Ara_Producto_03_1170x800px-600x410.webp 600w\" sizes=\"auto, (max-width: 1170px) 100vw, 1170px\" \/>\t\t\t\t\t\t\n\t\t\t\t\t<\/div>\n\t\t\t\t\t\t\t\t\n<style>\n#image_1362683915 {\n  width: 100%;\n}\n<\/style>\n\t<\/div>\n\t\n\t<div id=\"gap-485553345\" class=\"gap-element clearfix hide-for-small\" style=\"display:block; height:auto;\">\n\t\t\n<style>\n#gap-485553345 {\n  padding-top: 30px;\n}\n<\/style>\n\t<\/div>\n\t\n<p>La collection de la chaise Ara combine la coque en bois et des tissus de hautes prestations techniques pour obtenir 8 types d\u2019assise diff\u00e9rentes qui varient en hauteur de dossier et en solution de rembourrage. Les pieds sont m\u00e9talliques et forment une silhouette tr\u00e8s caract\u00e9ristique qui s\u2019adaptera parfaitement aux besoins de n\u2019importe quelle maison.<\/p>\n<div class=\"row descripcion-parte-1\"  id=\"row-410578383\">\n\n\t<div id=\"col-1530441738\" class=\"col medium-5 small-12 large-5\"  data-animate=\"fadeInDown\">\n\t\t\t\t<div class=\"col-inner\"  >\n\t\t\t\n\t\t\t\n\t<div class=\"img has-hover x md-x lg-x y md-y lg-y\" id=\"image_1797729053\">\n\t\t\t\t\t\t\t\t<div class=\"img-inner image-zoom image-cover dark\" style=\"padding-top:479px;\">\n\t\t\t<img loading=\"lazy\" decoding=\"async\" width=\"700\" height=\"800\" src=\"https:\/\/www.dressy.design\/wp-content\/uploads\/2021\/11\/Silla-Ara_Producto_01_700x800px.webp\" class=\"attachment-large size-large\" alt=\"\" srcset=\"https:\/\/www.dressy.design\/wp-content\/uploads\/2021\/11\/Silla-Ara_Producto_01_700x800px.webp 700w, https:\/\/www.dressy.design\/wp-content\/uploads\/2021\/11\/Silla-Ara_Producto_01_700x800px-150x171.webp 150w, https:\/\/www.dressy.design\/wp-content\/uploads\/2021\/11\/Silla-Ara_Producto_01_700x800px-44x50.webp 44w, https:\/\/www.dressy.design\/wp-content\/uploads\/2021\/11\/Silla-Ara_Producto_01_700x800px-88x100.webp 88w, https:\/\/www.dressy.design\/wp-content\/uploads\/2021\/11\/Silla-Ara_Producto_01_700x800px-300x343.webp 300w, https:\/\/www.dressy.design\/wp-content\/uploads\/2021\/11\/Silla-Ara_Producto_01_700x800px-600x686.webp 600w\" sizes=\"auto, (max-width: 700px) 100vw, 700px\" \/>\t\t\t\t\t\t\n\t\t\t\t\t<\/div>\n\t\t\t\t\t\t\t\t\n<style>\n#image_1797729053 {\n  width: 100%;\n}\n<\/style>\n\t<\/div>\n\t\n\t\t<\/div>\n\t\t\t\t\t<\/div>\n\n\t\n\n\t<div id=\"col-604871867\" class=\"col medium-7 small-12 large-7\"  data-animate=\"fadeInDown\">\n\t\t\t\t<div class=\"col-inner\"  >\n\t\t\t\n\t\t\t\n\t<div class=\"img has-hover x md-x lg-x y md-y lg-y\" id=\"image_1472875615\">\n\t\t\t\t\t\t\t\t<div class=\"img-inner image-zoom dark\" >\n\t\t\t<img loading=\"lazy\" decoding=\"async\" width=\"1170\" height=\"800\" src=\"https:\/\/www.dressy.design\/wp-content\/uploads\/2021\/11\/Silla-Ara_Producto_02_1170x800px.webp\" class=\"attachment-large size-large\" alt=\"\" srcset=\"https:\/\/www.dressy.design\/wp-content\/uploads\/2021\/11\/Silla-Ara_Producto_02_1170x800px.webp 1170w, https:\/\/www.dressy.design\/wp-content\/uploads\/2021\/11\/Silla-Ara_Producto_02_1170x800px-150x103.webp 150w, https:\/\/www.dressy.design\/wp-content\/uploads\/2021\/11\/Silla-Ara_Producto_02_1170x800px-768x525.webp 768w, https:\/\/www.dressy.design\/wp-content\/uploads\/2021\/11\/Silla-Ara_Producto_02_1170x800px-50x34.webp 50w, https:\/\/www.dressy.design\/wp-content\/uploads\/2021\/11\/Silla-Ara_Producto_02_1170x800px-100x68.webp 100w, https:\/\/www.dressy.design\/wp-content\/uploads\/2021\/11\/Silla-Ara_Producto_02_1170x800px-300x205.webp 300w, https:\/\/www.dressy.design\/wp-content\/uploads\/2021\/11\/Silla-Ara_Producto_02_1170x800px-600x410.webp 600w\" sizes=\"auto, (max-width: 1170px) 100vw, 1170px\" \/>\t\t\t\t\t\t\n\t\t\t\t\t<\/div>\n\t\t\t\t\t\t\t\t\n<style>\n#image_1472875615 {\n  width: 100%;\n}\n<\/style>\n\t<\/div>\n\t\n\t\t<\/div>\n\t\t\t\t\t<\/div>\n\n\t\n<\/div>\n<div class=\"row descripcion-parte-1\"  id=\"row-1303576309\">\n\n\t<div id=\"col-1939921301\" class=\"col hide-for-small medium-2 small-12 large-2\"  >\n\t\t\t\t<div class=\"col-inner\"  >\n\t\t\t\n\t\t\t\n\t\t<\/div>\n\t\t\t\t\t<\/div>\n\n\t\n\n\t<div id=\"col-207033432\" class=\"col medium-8 small-12 large-8\"  data-animate=\"fadeInDown\">\n\t\t\t\t<div class=\"col-inner\"  >\n\t\t\t\n\t\t\t\n\t\t<\/div>\n\t\t\t\t\t<\/div>\n\n\t\n<\/div>\n","protected":false},"excerpt":{"rendered":"<p>Chaise avec dossier bas, coque en bois et coussin tissu. Pied central en m\u00e9tal.<\/p>\n","protected":false},"featured_media":2643,"template":"","meta":{"_acf_changed":false},"product_brand":[],"product_cat":[71,149],"product_tag":[],"class_list":{"0":"post-2229","1":"product","2":"type-product","3":"status-publish","4":"has-post-thumbnail","6":"product_cat-ara","7":"product_cat-chaise","9":"first","10":"instock","11":"product-type-simple"},"acf":[],"yoast_head":"<!-- This site is optimized with the Yoast SEO plugin v27.2 - https:\/\/yoast.com\/product\/yoast-seo-wordpress\/ -->\n<title>ARA B1 | Dressy<\/title>\n<meta name=\"robots\" content=\"index, follow, max-snippet:-1, max-image-preview:large, max-video-preview:-1\" \/>\n<link rel=\"canonical\" href=\"https:\/\/www.dressy.design\/fr\/p\/ara-b1\/\" \/>\n<meta property=\"og:locale\" content=\"fr_FR\" \/>\n<meta property=\"og:type\" content=\"article\" \/>\n<meta property=\"og:title\" content=\"ARA B1 | Dressy\" \/>\n<meta property=\"og:description\" content=\"Chaise avec dossier bas, coque en bois et coussin tissu. Pied central en m\u00e9tal.\" \/>\n<meta property=\"og:url\" content=\"https:\/\/www.dressy.design\/fr\/p\/ara-b1\/\" \/>\n<meta property=\"og:site_name\" content=\"Dressy\" \/>\n<meta property=\"article:modified_time\" content=\"2022-05-11T13:00:00+00:00\" \/>\n<meta property=\"og:image\" content=\"https:\/\/www.dressy.design\/wp-content\/uploads\/2021\/12\/p_Silla-Ara-B1-1.webp\" \/>\n\t<meta property=\"og:image:width\" content=\"1195\" \/>\n\t<meta property=\"og:image:height\" content=\"1195\" \/>\n\t<meta property=\"og:image:type\" content=\"image\/webp\" \/>\n<meta name=\"twitter:card\" content=\"summary_large_image\" \/>\n<meta name=\"twitter:label1\" content=\"Dur\u00e9e de lecture estim\u00e9e\" \/>\n\t<meta name=\"twitter:data1\" content=\"1 minute\" \/>\n<script type=\"application\/ld+json\" class=\"yoast-schema-graph\">{\"@context\":\"https:\/\/schema.org\",\"@graph\":[{\"@type\":\"WebPage\",\"@id\":\"https:\/\/www.dressy.design\/fr\/p\/ara-b1\/\",\"url\":\"https:\/\/www.dressy.design\/fr\/p\/ara-b1\/\",\"name\":\"ARA B1 | Dressy\",\"isPartOf\":{\"@id\":\"https:\/\/www.dressy.design\/fr\/#website\"},\"primaryImageOfPage\":{\"@id\":\"https:\/\/www.dressy.design\/fr\/p\/ara-b1\/#primaryimage\"},\"image\":{\"@id\":\"https:\/\/www.dressy.design\/fr\/p\/ara-b1\/#primaryimage\"},\"thumbnailUrl\":\"https:\/\/www.dressy.design\/wp-content\/uploads\/2021\/12\/p_Silla-Ara-B1-1.webp\",\"datePublished\":\"2022-05-05T13:16:39+00:00\",\"dateModified\":\"2022-05-11T13:00:00+00:00\",\"breadcrumb\":{\"@id\":\"https:\/\/www.dressy.design\/fr\/p\/ara-b1\/#breadcrumb\"},\"inLanguage\":\"fr-FR\",\"potentialAction\":[{\"@type\":\"ReadAction\",\"target\":[\"https:\/\/www.dressy.design\/fr\/p\/ara-b1\/\"]}]},{\"@type\":\"ImageObject\",\"inLanguage\":\"fr-FR\",\"@id\":\"https:\/\/www.dressy.design\/fr\/p\/ara-b1\/#primaryimage\",\"url\":\"https:\/\/www.dressy.design\/wp-content\/uploads\/2021\/12\/p_Silla-Ara-B1-1.webp\",\"contentUrl\":\"https:\/\/www.dressy.design\/wp-content\/uploads\/2021\/12\/p_Silla-Ara-B1-1.webp\",\"width\":1195,\"height\":1195},{\"@type\":\"BreadcrumbList\",\"@id\":\"https:\/\/www.dressy.design\/fr\/p\/ara-b1\/#breadcrumb\",\"itemListElement\":[{\"@type\":\"ListItem\",\"position\":1,\"name\":\"Portada\",\"item\":\"https:\/\/www.dressy.design\/fr\/\"},{\"@type\":\"ListItem\",\"position\":2,\"name\":\"Tienda\",\"item\":\"https:\/\/www.dressy.design\/es\/?page_id=180\"},{\"@type\":\"ListItem\",\"position\":3,\"name\":\"ARA B1\"}]},{\"@type\":\"WebSite\",\"@id\":\"https:\/\/www.dressy.design\/fr\/#website\",\"url\":\"https:\/\/www.dressy.design\/fr\/\",\"name\":\"Dressy\",\"description\":\"Sillas y mesas de m\u00e1xima calidad y dise\u00f1o\",\"potentialAction\":[{\"@type\":\"SearchAction\",\"target\":{\"@type\":\"EntryPoint\",\"urlTemplate\":\"https:\/\/www.dressy.design\/fr\/?s={search_term_string}\"},\"query-input\":{\"@type\":\"PropertyValueSpecification\",\"valueRequired\":true,\"valueName\":\"search_term_string\"}}],\"inLanguage\":\"fr-FR\"}]}<\/script>\n<!-- \/ Yoast SEO plugin. -->","yoast_head_json":{"title":"ARA B1 | Dressy","robots":{"index":"index","follow":"follow","max-snippet":"max-snippet:-1","max-image-preview":"max-image-preview:large","max-video-preview":"max-video-preview:-1"},"canonical":"https:\/\/www.dressy.design\/fr\/p\/ara-b1\/","og_locale":"fr_FR","og_type":"article","og_title":"ARA B1 | Dressy","og_description":"Chaise avec dossier bas, coque en bois et coussin tissu. Pied central en m\u00e9tal.","og_url":"https:\/\/www.dressy.design\/fr\/p\/ara-b1\/","og_site_name":"Dressy","article_modified_time":"2022-05-11T13:00:00+00:00","og_image":[{"width":1195,"height":1195,"url":"https:\/\/www.dressy.design\/wp-content\/uploads\/2021\/12\/p_Silla-Ara-B1-1.webp","type":"image\/webp"}],"twitter_card":"summary_large_image","twitter_misc":{"Dur\u00e9e de lecture estim\u00e9e":"1 minute"},"schema":{"@context":"https:\/\/schema.org","@graph":[{"@type":"WebPage","@id":"https:\/\/www.dressy.design\/fr\/p\/ara-b1\/","url":"https:\/\/www.dressy.design\/fr\/p\/ara-b1\/","name":"ARA B1 | Dressy","isPartOf":{"@id":"https:\/\/www.dressy.design\/fr\/#website"},"primaryImageOfPage":{"@id":"https:\/\/www.dressy.design\/fr\/p\/ara-b1\/#primaryimage"},"image":{"@id":"https:\/\/www.dressy.design\/fr\/p\/ara-b1\/#primaryimage"},"thumbnailUrl":"https:\/\/www.dressy.design\/wp-content\/uploads\/2021\/12\/p_Silla-Ara-B1-1.webp","datePublished":"2022-05-05T13:16:39+00:00","dateModified":"2022-05-11T13:00:00+00:00","breadcrumb":{"@id":"https:\/\/www.dressy.design\/fr\/p\/ara-b1\/#breadcrumb"},"inLanguage":"fr-FR","potentialAction":[{"@type":"ReadAction","target":["https:\/\/www.dressy.design\/fr\/p\/ara-b1\/"]}]},{"@type":"ImageObject","inLanguage":"fr-FR","@id":"https:\/\/www.dressy.design\/fr\/p\/ara-b1\/#primaryimage","url":"https:\/\/www.dressy.design\/wp-content\/uploads\/2021\/12\/p_Silla-Ara-B1-1.webp","contentUrl":"https:\/\/www.dressy.design\/wp-content\/uploads\/2021\/12\/p_Silla-Ara-B1-1.webp","width":1195,"height":1195},{"@type":"BreadcrumbList","@id":"https:\/\/www.dressy.design\/fr\/p\/ara-b1\/#breadcrumb","itemListElement":[{"@type":"ListItem","position":1,"name":"Portada","item":"https:\/\/www.dressy.design\/fr\/"},{"@type":"ListItem","position":2,"name":"Tienda","item":"https:\/\/www.dressy.design\/es\/?page_id=180"},{"@type":"ListItem","position":3,"name":"ARA B1"}]},{"@type":"WebSite","@id":"https:\/\/www.dressy.design\/fr\/#website","url":"https:\/\/www.dressy.design\/fr\/","name":"Dressy","description":"Sillas y mesas de m\u00e1xima calidad y dise\u00f1o","potentialAction":[{"@type":"SearchAction","target":{"@type":"EntryPoint","urlTemplate":"https:\/\/www.dressy.design\/fr\/?s={search_term_string}"},"query-input":{"@type":"PropertyValueSpecification","valueRequired":true,"valueName":"search_term_string"}}],"inLanguage":"fr-FR"}]}},"_links":{"self":[{"href":"https:\/\/www.dressy.design\/fr\/wp-json\/wp\/v2\/product\/2229","targetHints":{"allow":["GET"]}}],"collection":[{"href":"https:\/\/www.dressy.design\/fr\/wp-json\/wp\/v2\/product"}],"about":[{"href":"https:\/\/www.dressy.design\/fr\/wp-json\/wp\/v2\/types\/product"}],"wp:featuredmedia":[{"embeddable":true,"href":"https:\/\/www.dressy.design\/fr\/wp-json\/wp\/v2\/media\/2643"}],"wp:attachment":[{"href":"https:\/\/www.dressy.design\/fr\/wp-json\/wp\/v2\/media?parent=2229"}],"wp:term":[{"taxonomy":"product_brand","embeddable":true,"href":"https:\/\/www.dressy.design\/fr\/wp-json\/wp\/v2\/product_brand?post=2229"},{"taxonomy":"product_cat","embeddable":true,"href":"https:\/\/www.dressy.design\/fr\/wp-json\/wp\/v2\/product_cat?post=2229"},{"taxonomy":"product_tag","embeddable":true,"href":"https:\/\/www.dressy.design\/fr\/wp-json\/wp\/v2\/product_tag?post=2229"}],"curies":[{"name":"wp","href":"https:\/\/api.w.org\/{rel}","templated":true}]}}