{"id":2245,"date":"2021-12-23T12:28:40","date_gmt":"2021-12-24T12:11:39","guid":{"rendered":"https:\/\/www.dressy.design\/p\/taiga-b1\/"},"modified":"2022-05-11T13:22:00","modified_gmt":"2022-05-11T13:22:00","slug":"taiga-b1","status":"publish","type":"product","link":"https:\/\/www.dressy.design\/fr\/p\/taiga-b1\/","title":{"rendered":"TAIGA B1"},"content":{"rendered":"\t<div id=\"gap-1580166722\" class=\"gap-element clearfix hide-for-small\" style=\"display:block; height:auto;\">\n\t\t\n<style>\n#gap-1580166722 {\n  padding-top: 30px;\n}\n<\/style>\n\t<\/div>\n\t\n\t<div class=\"img has-hover x md-x lg-x y md-y lg-y\" id=\"image_1276432381\">\n\t\t\t\t\t\t\t\t<div class=\"img-inner image-zoom dark\" >\n\t\t\t<img loading=\"lazy\" decoding=\"async\" width=\"1270\" height=\"800\" src=\"https:\/\/www.dressy.design\/wp-content\/uploads\/2021\/11\/Silla-Taiga_Galeria_01_1270x800px.webp\" class=\"attachment-large size-large\" alt=\"\" srcset=\"https:\/\/www.dressy.design\/wp-content\/uploads\/2021\/11\/Silla-Taiga_Galeria_01_1270x800px.webp 1270w, https:\/\/www.dressy.design\/wp-content\/uploads\/2021\/11\/Silla-Taiga_Galeria_01_1270x800px-150x94.webp 150w, https:\/\/www.dressy.design\/wp-content\/uploads\/2021\/11\/Silla-Taiga_Galeria_01_1270x800px-768x484.webp 768w, https:\/\/www.dressy.design\/wp-content\/uploads\/2021\/11\/Silla-Taiga_Galeria_01_1270x800px-50x31.webp 50w, https:\/\/www.dressy.design\/wp-content\/uploads\/2021\/11\/Silla-Taiga_Galeria_01_1270x800px-100x63.webp 100w, https:\/\/www.dressy.design\/wp-content\/uploads\/2021\/11\/Silla-Taiga_Galeria_01_1270x800px-300x189.webp 300w, https:\/\/www.dressy.design\/wp-content\/uploads\/2021\/11\/Silla-Taiga_Galeria_01_1270x800px-600x378.webp 600w\" sizes=\"auto, (max-width: 1270px) 100vw, 1270px\" \/>\t\t\t\t\t\t\n\t\t\t\t\t<\/div>\n\t\t\t\t\t\t\t\t\n<style>\n#image_1276432381 {\n  width: 100%;\n}\n<\/style>\n\t<\/div>\n\t\n\t<div id=\"gap-428936176\" class=\"gap-element clearfix hide-for-small\" style=\"display:block; height:auto;\">\n\t\t\n<style>\n#gap-428936176 {\n  padding-top: 30px;\n}\n<\/style>\n\t<\/div>\n\t\n\t<div id=\"text-2056603532\" class=\"text justify\">\n\t\t\n<p>Taiga est une collection de chaises de pied en bois avec 8 types d\u2019assise qui se distinguent par la hauteur et le rembourrage du dossier. Dans le cas de la Ta\u00efga, son aspect le plus distinctif par rapport aux autres mod\u00e8les Dressy est la chaleur que son design transmet gr\u00e2ce au pied qui d\u00e9coule de son assise. Il est con\u00e7ue de fr\u00eane massif et peut \u00eatre fabriqu\u00e9 dans diff\u00e9rentes couleurs naturelles qui maintiennent l\u2019essence du bois parfaits pour une atmosph\u00e8re d\u00e9tendue. Si, en revanche, vous voulez obtenir un effet plus vibrant, le pied en bois peut \u00eatre propos\u00e9 dans n\u2019importe quelles des couleurs propos\u00e9es dans le catalogue des finitions.<br \/>\n\t\t\t<\/div>\n\t\n<div class=\"row descripcion-parte-1\"  id=\"row-1631617500\">\n\n\t<div id=\"col-1875443870\" class=\"col hide-for-small medium-6 small-12 large-6\"  >\n\t\t\t\t<div class=\"col-inner\"  >\n\t\t\t\n\t\t\t\n\t<div class=\"img has-hover x md-x lg-x y md-y lg-y\" id=\"image_108530643\">\n\t\t\t\t\t\t\t\t<div class=\"img-inner image-zoom dark\" >\n\t\t\t<img loading=\"lazy\" decoding=\"async\" width=\"600\" height=\"800\" src=\"https:\/\/www.dressy.design\/wp-content\/uploads\/2021\/11\/Silla-Taiga_Galeria_02_600x800px.webp\" class=\"attachment-large size-large\" alt=\"\" srcset=\"https:\/\/www.dressy.design\/wp-content\/uploads\/2021\/11\/Silla-Taiga_Galeria_02_600x800px.webp 600w, https:\/\/www.dressy.design\/wp-content\/uploads\/2021\/11\/Silla-Taiga_Galeria_02_600x800px-150x200.webp 150w, https:\/\/www.dressy.design\/wp-content\/uploads\/2021\/11\/Silla-Taiga_Galeria_02_600x800px-38x50.webp 38w, https:\/\/www.dressy.design\/wp-content\/uploads\/2021\/11\/Silla-Taiga_Galeria_02_600x800px-75x100.webp 75w, https:\/\/www.dressy.design\/wp-content\/uploads\/2021\/11\/Silla-Taiga_Galeria_02_600x800px-300x400.webp 300w\" sizes=\"auto, (max-width: 600px) 100vw, 600px\" \/>\t\t\t\t\t\t\n\t\t\t\t\t<\/div>\n\t\t\t\t\t\t\t\t\n<style>\n#image_108530643 {\n  width: 100%;\n}\n<\/style>\n\t<\/div>\n\t\n\t\t<\/div>\n\t\t\t\t\t<\/div>\n\n\t\n\n\t<div id=\"col-187139669\" class=\"col medium-6 small-12 large-6\"  data-animate=\"fadeInDown\">\n\t\t\t\t<div class=\"col-inner\"  >\n\t\t\t\n\t\t\t\n\t<div class=\"img has-hover x md-x lg-x y md-y lg-y\" id=\"image_989406361\">\n\t\t\t\t\t\t\t\t<div class=\"img-inner image-zoom dark\" >\n\t\t\t<img loading=\"lazy\" decoding=\"async\" width=\"600\" height=\"800\" src=\"https:\/\/www.dressy.design\/wp-content\/uploads\/2021\/11\/Silla-Taiga_Galeria_03_600x800px.webp\" class=\"attachment-large size-large\" alt=\"\" srcset=\"https:\/\/www.dressy.design\/wp-content\/uploads\/2021\/11\/Silla-Taiga_Galeria_03_600x800px.webp 600w, https:\/\/www.dressy.design\/wp-content\/uploads\/2021\/11\/Silla-Taiga_Galeria_03_600x800px-150x200.webp 150w, https:\/\/www.dressy.design\/wp-content\/uploads\/2021\/11\/Silla-Taiga_Galeria_03_600x800px-38x50.webp 38w, https:\/\/www.dressy.design\/wp-content\/uploads\/2021\/11\/Silla-Taiga_Galeria_03_600x800px-75x100.webp 75w, https:\/\/www.dressy.design\/wp-content\/uploads\/2021\/11\/Silla-Taiga_Galeria_03_600x800px-300x400.webp 300w\" sizes=\"auto, (max-width: 600px) 100vw, 600px\" \/>\t\t\t\t\t\t\n\t\t\t\t\t<\/div>\n\t\t\t\t\t\t\t\t\n<style>\n#image_989406361 {\n  width: 100%;\n}\n<\/style>\n\t<\/div>\n\t\n\t\t<\/div>\n\t\t\t\t\t<\/div>\n\n\t\n<\/div>\n\t<div id=\"gap-1398292411\" class=\"gap-element clearfix hide-for-small\" style=\"display:block; height:auto;\">\n\t\t\n<style>\n#gap-1398292411 {\n  padding-top: 30px;\n}\n<\/style>\n\t<\/div>\n\t\n<div class=\"row descripcion-parte-1\"  id=\"row-30937740\">\n\n\t<div id=\"col-419574789\" class=\"col hide-for-small medium-2 small-12 large-2\"  >\n\t\t\t\t<div class=\"col-inner\"  >\n\t\t\t\n\t\t\t\n\t\t<\/div>\n\t\t\t\t\t<\/div>\n\n\t\n\n\t<div id=\"col-795698245\" class=\"col medium-8 small-12 large-8\"  data-animate=\"fadeInDown\">\n\t\t\t\t<div class=\"col-inner\"  >\n\t\t\t\n\t\t\t\n\t\t<\/div>\n\t\t\t\t\t<\/div>\n\n\t\n<\/div>\n","protected":false},"excerpt":{"rendered":"<p>Chaise avec dossier bas, coque en bois et coussin tissu. Pied central en bois.<\/p>\n","protected":false},"featured_media":2709,"template":"","meta":{"_acf_changed":false},"product_brand":[],"product_cat":[149,86],"product_tag":[],"class_list":{"0":"post-2245","1":"product","2":"type-product","3":"status-publish","4":"has-post-thumbnail","6":"product_cat-chaise","7":"product_cat-taiga","9":"first","10":"instock","11":"product-type-simple"},"acf":[],"yoast_head":"<!-- This site is optimized with the Yoast SEO plugin v27.2 - https:\/\/yoast.com\/product\/yoast-seo-wordpress\/ -->\n<title>TAIGA B1 | Dressy<\/title>\n<meta name=\"robots\" content=\"index, follow, max-snippet:-1, max-image-preview:large, max-video-preview:-1\" \/>\n<link rel=\"canonical\" href=\"https:\/\/www.dressy.design\/fr\/p\/taiga-b1\/\" \/>\n<meta property=\"og:locale\" content=\"fr_FR\" \/>\n<meta property=\"og:type\" content=\"article\" \/>\n<meta property=\"og:title\" content=\"TAIGA B1 | Dressy\" \/>\n<meta property=\"og:description\" content=\"Chaise avec dossier bas, coque en bois et coussin tissu. Pied central en bois.\" \/>\n<meta property=\"og:url\" content=\"https:\/\/www.dressy.design\/fr\/p\/taiga-b1\/\" \/>\n<meta property=\"og:site_name\" content=\"Dressy\" \/>\n<meta property=\"article:modified_time\" content=\"2022-05-11T13:22:00+00:00\" \/>\n<meta property=\"og:image\" content=\"https:\/\/www.dressy.design\/wp-content\/uploads\/2021\/12\/p_Silla-Taiga-B1.webp\" \/>\n\t<meta property=\"og:image:width\" content=\"1195\" \/>\n\t<meta property=\"og:image:height\" content=\"1195\" \/>\n\t<meta property=\"og:image:type\" content=\"image\/webp\" \/>\n<meta name=\"twitter:card\" content=\"summary_large_image\" \/>\n<meta name=\"twitter:label1\" content=\"Dur\u00e9e de lecture estim\u00e9e\" \/>\n\t<meta name=\"twitter:data1\" content=\"1 minute\" \/>\n<script type=\"application\/ld+json\" class=\"yoast-schema-graph\">{\"@context\":\"https:\/\/schema.org\",\"@graph\":[{\"@type\":\"WebPage\",\"@id\":\"https:\/\/www.dressy.design\/fr\/p\/taiga-b1\/\",\"url\":\"https:\/\/www.dressy.design\/fr\/p\/taiga-b1\/\",\"name\":\"TAIGA B1 | Dressy\",\"isPartOf\":{\"@id\":\"https:\/\/www.dressy.design\/fr\/#website\"},\"primaryImageOfPage\":{\"@id\":\"https:\/\/www.dressy.design\/fr\/p\/taiga-b1\/#primaryimage\"},\"image\":{\"@id\":\"https:\/\/www.dressy.design\/fr\/p\/taiga-b1\/#primaryimage\"},\"thumbnailUrl\":\"https:\/\/www.dressy.design\/wp-content\/uploads\/2021\/12\/p_Silla-Taiga-B1.webp\",\"datePublished\":\"2021-12-24T12:11:39+00:00\",\"dateModified\":\"2022-05-11T13:22:00+00:00\",\"breadcrumb\":{\"@id\":\"https:\/\/www.dressy.design\/fr\/p\/taiga-b1\/#breadcrumb\"},\"inLanguage\":\"fr-FR\",\"potentialAction\":[{\"@type\":\"ReadAction\",\"target\":[\"https:\/\/www.dressy.design\/fr\/p\/taiga-b1\/\"]}]},{\"@type\":\"ImageObject\",\"inLanguage\":\"fr-FR\",\"@id\":\"https:\/\/www.dressy.design\/fr\/p\/taiga-b1\/#primaryimage\",\"url\":\"https:\/\/www.dressy.design\/wp-content\/uploads\/2021\/12\/p_Silla-Taiga-B1.webp\",\"contentUrl\":\"https:\/\/www.dressy.design\/wp-content\/uploads\/2021\/12\/p_Silla-Taiga-B1.webp\",\"width\":1195,\"height\":1195},{\"@type\":\"BreadcrumbList\",\"@id\":\"https:\/\/www.dressy.design\/fr\/p\/taiga-b1\/#breadcrumb\",\"itemListElement\":[{\"@type\":\"ListItem\",\"position\":1,\"name\":\"Portada\",\"item\":\"https:\/\/www.dressy.design\/fr\/\"},{\"@type\":\"ListItem\",\"position\":2,\"name\":\"Tienda\",\"item\":\"https:\/\/www.dressy.design\/es\/?page_id=180\"},{\"@type\":\"ListItem\",\"position\":3,\"name\":\"TAIGA B1\"}]},{\"@type\":\"WebSite\",\"@id\":\"https:\/\/www.dressy.design\/fr\/#website\",\"url\":\"https:\/\/www.dressy.design\/fr\/\",\"name\":\"Dressy\",\"description\":\"Sillas y mesas de m\u00e1xima calidad y dise\u00f1o\",\"potentialAction\":[{\"@type\":\"SearchAction\",\"target\":{\"@type\":\"EntryPoint\",\"urlTemplate\":\"https:\/\/www.dressy.design\/fr\/?s={search_term_string}\"},\"query-input\":{\"@type\":\"PropertyValueSpecification\",\"valueRequired\":true,\"valueName\":\"search_term_string\"}}],\"inLanguage\":\"fr-FR\"}]}<\/script>\n<!-- \/ Yoast SEO plugin. -->","yoast_head_json":{"title":"TAIGA B1 | Dressy","robots":{"index":"index","follow":"follow","max-snippet":"max-snippet:-1","max-image-preview":"max-image-preview:large","max-video-preview":"max-video-preview:-1"},"canonical":"https:\/\/www.dressy.design\/fr\/p\/taiga-b1\/","og_locale":"fr_FR","og_type":"article","og_title":"TAIGA B1 | Dressy","og_description":"Chaise avec dossier bas, coque en bois et coussin tissu. Pied central en bois.","og_url":"https:\/\/www.dressy.design\/fr\/p\/taiga-b1\/","og_site_name":"Dressy","article_modified_time":"2022-05-11T13:22:00+00:00","og_image":[{"width":1195,"height":1195,"url":"https:\/\/www.dressy.design\/wp-content\/uploads\/2021\/12\/p_Silla-Taiga-B1.webp","type":"image\/webp"}],"twitter_card":"summary_large_image","twitter_misc":{"Dur\u00e9e de lecture estim\u00e9e":"1 minute"},"schema":{"@context":"https:\/\/schema.org","@graph":[{"@type":"WebPage","@id":"https:\/\/www.dressy.design\/fr\/p\/taiga-b1\/","url":"https:\/\/www.dressy.design\/fr\/p\/taiga-b1\/","name":"TAIGA B1 | Dressy","isPartOf":{"@id":"https:\/\/www.dressy.design\/fr\/#website"},"primaryImageOfPage":{"@id":"https:\/\/www.dressy.design\/fr\/p\/taiga-b1\/#primaryimage"},"image":{"@id":"https:\/\/www.dressy.design\/fr\/p\/taiga-b1\/#primaryimage"},"thumbnailUrl":"https:\/\/www.dressy.design\/wp-content\/uploads\/2021\/12\/p_Silla-Taiga-B1.webp","datePublished":"2021-12-24T12:11:39+00:00","dateModified":"2022-05-11T13:22:00+00:00","breadcrumb":{"@id":"https:\/\/www.dressy.design\/fr\/p\/taiga-b1\/#breadcrumb"},"inLanguage":"fr-FR","potentialAction":[{"@type":"ReadAction","target":["https:\/\/www.dressy.design\/fr\/p\/taiga-b1\/"]}]},{"@type":"ImageObject","inLanguage":"fr-FR","@id":"https:\/\/www.dressy.design\/fr\/p\/taiga-b1\/#primaryimage","url":"https:\/\/www.dressy.design\/wp-content\/uploads\/2021\/12\/p_Silla-Taiga-B1.webp","contentUrl":"https:\/\/www.dressy.design\/wp-content\/uploads\/2021\/12\/p_Silla-Taiga-B1.webp","width":1195,"height":1195},{"@type":"BreadcrumbList","@id":"https:\/\/www.dressy.design\/fr\/p\/taiga-b1\/#breadcrumb","itemListElement":[{"@type":"ListItem","position":1,"name":"Portada","item":"https:\/\/www.dressy.design\/fr\/"},{"@type":"ListItem","position":2,"name":"Tienda","item":"https:\/\/www.dressy.design\/es\/?page_id=180"},{"@type":"ListItem","position":3,"name":"TAIGA B1"}]},{"@type":"WebSite","@id":"https:\/\/www.dressy.design\/fr\/#website","url":"https:\/\/www.dressy.design\/fr\/","name":"Dressy","description":"Sillas y mesas de m\u00e1xima calidad y dise\u00f1o","potentialAction":[{"@type":"SearchAction","target":{"@type":"EntryPoint","urlTemplate":"https:\/\/www.dressy.design\/fr\/?s={search_term_string}"},"query-input":{"@type":"PropertyValueSpecification","valueRequired":true,"valueName":"search_term_string"}}],"inLanguage":"fr-FR"}]}},"_links":{"self":[{"href":"https:\/\/www.dressy.design\/fr\/wp-json\/wp\/v2\/product\/2245","targetHints":{"allow":["GET"]}}],"collection":[{"href":"https:\/\/www.dressy.design\/fr\/wp-json\/wp\/v2\/product"}],"about":[{"href":"https:\/\/www.dressy.design\/fr\/wp-json\/wp\/v2\/types\/product"}],"wp:featuredmedia":[{"embeddable":true,"href":"https:\/\/www.dressy.design\/fr\/wp-json\/wp\/v2\/media\/2709"}],"wp:attachment":[{"href":"https:\/\/www.dressy.design\/fr\/wp-json\/wp\/v2\/media?parent=2245"}],"wp:term":[{"taxonomy":"product_brand","embeddable":true,"href":"https:\/\/www.dressy.design\/fr\/wp-json\/wp\/v2\/product_brand?post=2245"},{"taxonomy":"product_cat","embeddable":true,"href":"https:\/\/www.dressy.design\/fr\/wp-json\/wp\/v2\/product_cat?post=2245"},{"taxonomy":"product_tag","embeddable":true,"href":"https:\/\/www.dressy.design\/fr\/wp-json\/wp\/v2\/product_tag?post=2245"}],"curies":[{"name":"wp","href":"https:\/\/api.w.org\/{rel}","templated":true}]}}