{"id":2257,"date":"2021-12-23T12:28:59","date_gmt":"2021-12-24T12:11:51","guid":{"rendered":"https:\/\/www.dressy.design\/p\/lap-4056\/"},"modified":"2022-06-08T12:19:30","modified_gmt":"2022-06-08T10:19:30","slug":"lap-4056","status":"publish","type":"product","link":"https:\/\/www.dressy.design\/fr\/p\/lap-4056\/","title":{"rendered":"LAP 4056"},"content":{"rendered":"\t<div id=\"gap-184936022\" class=\"gap-element clearfix hide-for-small\" style=\"display:block; height:auto;\">\n\t\t\n<style>\n#gap-184936022 {\n  padding-top: 50px;\n}\n<\/style>\n\t<\/div>\n\t\n\t<div id=\"text-3455427357\" class=\"text justify\">\n\t\t\n<p>Lap est une collection de 4 fauteuils con\u00e7us par Santiago Sevillano. Deux types de pi\u00e8tements (bois massif de fr\u00eane ou m\u00e9tal) et deux types d\u2019options d\u2019assise (coque laqu\u00e9 ou tapiss\u00e9) conjugu\u00e9 avec la vari\u00e9t\u00e9 de finitions qui offrent de nombreuses options pour cr\u00e9er cette pi\u00e8ce unique qui se combine parfaitement dans chaque ambiance. Egalement disponible une option fixe ou pivotante avec ou sans m\u00e9moire.<br \/>\n\t\t\t<\/div>\n\t\n<div class=\"row descripcion-parte-1\"  id=\"row-803104584\">\n\n\t<div id=\"col-1885628928\" class=\"col medium-6 small-12 large-6\"  data-animate=\"fadeInDown\">\n\t\t\t\t<div class=\"col-inner\"  >\n\t\t\t\n\t\t\t\n\t<div class=\"img has-hover x md-x lg-x y md-y lg-y\" id=\"image_590692317\">\n\t\t\t\t\t\t\t\t<div class=\"img-inner dark\" >\n\t\t\t<img loading=\"lazy\" decoding=\"async\" width=\"550\" height=\"800\" src=\"https:\/\/www.dressy.design\/wp-content\/uploads\/2021\/11\/Silla-Lap-4054-4058_01.webp\" class=\"attachment-large size-large\" alt=\"\" srcset=\"https:\/\/www.dressy.design\/wp-content\/uploads\/2021\/11\/Silla-Lap-4054-4058_01.webp 550w, https:\/\/www.dressy.design\/wp-content\/uploads\/2021\/11\/Silla-Lap-4054-4058_01-150x218.webp 150w, https:\/\/www.dressy.design\/wp-content\/uploads\/2021\/11\/Silla-Lap-4054-4058_01-34x50.webp 34w, https:\/\/www.dressy.design\/wp-content\/uploads\/2021\/11\/Silla-Lap-4054-4058_01-69x100.webp 69w, https:\/\/www.dressy.design\/wp-content\/uploads\/2021\/11\/Silla-Lap-4054-4058_01-300x436.webp 300w\" sizes=\"auto, (max-width: 550px) 100vw, 550px\" \/>\t\t\t\t\t\t\n\t\t\t\t\t<\/div>\n\t\t\t\t\t\t\t\t\n<style>\n#image_590692317 {\n  width: 100%;\n}\n<\/style>\n\t<\/div>\n\t\n\t\t<\/div>\n\t\t\t\t\t<\/div>\n\n\t\n\n\t<div id=\"col-916202202\" class=\"col medium-6 small-12 large-6\"  data-animate=\"fadeInDown\">\n\t\t\t\t<div class=\"col-inner\"  >\n\t\t\t\n\t\t\t\n\t<div class=\"img has-hover x md-x lg-x y md-y lg-y\" id=\"image_20487935\">\n\t\t\t\t\t\t\t\t<div class=\"img-inner dark\" >\n\t\t\t<img loading=\"lazy\" decoding=\"async\" width=\"550\" height=\"800\" src=\"https:\/\/www.dressy.design\/wp-content\/uploads\/2021\/11\/Silla-Lap-4054-4058_02.webp\" class=\"attachment-large size-large\" alt=\"\" srcset=\"https:\/\/www.dressy.design\/wp-content\/uploads\/2021\/11\/Silla-Lap-4054-4058_02.webp 550w, https:\/\/www.dressy.design\/wp-content\/uploads\/2021\/11\/Silla-Lap-4054-4058_02-150x218.webp 150w, https:\/\/www.dressy.design\/wp-content\/uploads\/2021\/11\/Silla-Lap-4054-4058_02-34x50.webp 34w, https:\/\/www.dressy.design\/wp-content\/uploads\/2021\/11\/Silla-Lap-4054-4058_02-69x100.webp 69w, https:\/\/www.dressy.design\/wp-content\/uploads\/2021\/11\/Silla-Lap-4054-4058_02-300x436.webp 300w\" sizes=\"auto, (max-width: 550px) 100vw, 550px\" \/>\t\t\t\t\t\t\n\t\t\t\t\t<\/div>\n\t\t\t\t\t\t\t\t\n<style>\n#image_20487935 {\n  width: 100%;\n}\n<\/style>\n\t<\/div>\n\t\n\t\t<\/div>\n\t\t\t\t\t<\/div>\n\n\t\n<\/div>\n<div class=\"row descripcion-parte-1\"  id=\"row-1898827118\">\n\n\t<div id=\"col-600945215\" class=\"col small-12 large-12\"  data-animate=\"fadeInDown\">\n\t\t\t\t<div class=\"col-inner\"  >\n\t\t\t\n\t\t\t\n\t<div id=\"gap-1013766332\" class=\"gap-element clearfix hide-for-small\" style=\"display:block; height:auto;\">\n\t\t\n<style>\n#gap-1013766332 {\n  padding-top: 50px;\n}\n<\/style>\n\t<\/div>\n\t\n\t\t<\/div>\n\t\t\t\t\t<\/div>\n\n\t\n<\/div>\n","protected":false},"excerpt":{"rendered":"<p>Chaise avec pied central fixe en m\u00e9tal et assise avec coque laqu\u00e9e et tissu d\u00e9houssable, disponible en 30 couleurs uniformes et 6 couleurs sp\u00e9ciales (brillant, ciment, acier, cuivre, nacre et noir-or).<\/p>\n<p><strong>Designer<\/strong><br \/>\n<a href=\"https:\/\/www.dressy.design\/fr\/c\/dessinateurs\/santiago-sevillano\/\">Santiago Sevillano<\/a><\/p>\n","protected":false},"featured_media":2675,"template":"","meta":{"_acf_changed":false},"product_brand":[],"product_cat":[149,40,88],"product_tag":[],"class_list":{"0":"post-2257","1":"product","2":"type-product","3":"status-publish","4":"has-post-thumbnail","6":"product_cat-chaise","7":"product_cat-lap","8":"product_cat-santiago-sevillano","10":"first","11":"instock","12":"product-type-simple"},"acf":[],"yoast_head":"<!-- This site is optimized with the Yoast SEO plugin v27.2 - https:\/\/yoast.com\/product\/yoast-seo-wordpress\/ -->\n<title>LAP 4056 | Dressy<\/title>\n<meta name=\"robots\" content=\"index, follow, max-snippet:-1, max-image-preview:large, max-video-preview:-1\" \/>\n<link rel=\"canonical\" href=\"https:\/\/www.dressy.design\/fr\/p\/lap-4056\/\" \/>\n<meta property=\"og:locale\" content=\"fr_FR\" \/>\n<meta property=\"og:type\" content=\"article\" \/>\n<meta property=\"og:title\" content=\"LAP 4056 | Dressy\" \/>\n<meta property=\"og:description\" content=\"Chaise avec pied central fixe en m\u00e9tal et assise avec coque laqu\u00e9e et tissu d\u00e9houssable, disponible en 30 couleurs uniformes et 6 couleurs sp\u00e9ciales (brillant, ciment, acier, cuivre, nacre et noir-or).  Designer\" \/>\n<meta property=\"og:url\" content=\"https:\/\/www.dressy.design\/fr\/p\/lap-4056\/\" \/>\n<meta property=\"og:site_name\" content=\"Dressy\" \/>\n<meta property=\"article:modified_time\" content=\"2022-06-08T10:19:30+00:00\" \/>\n<meta property=\"og:image\" content=\"https:\/\/www.dressy.design\/wp-content\/uploads\/2021\/12\/p_Silla-Lap-4056.webp\" \/>\n\t<meta property=\"og:image:width\" content=\"1195\" \/>\n\t<meta property=\"og:image:height\" content=\"1195\" \/>\n\t<meta property=\"og:image:type\" content=\"image\/webp\" \/>\n<meta name=\"twitter:card\" content=\"summary_large_image\" \/>\n<meta name=\"twitter:label1\" content=\"Dur\u00e9e de lecture estim\u00e9e\" \/>\n\t<meta name=\"twitter:data1\" content=\"1 minute\" \/>\n<script type=\"application\/ld+json\" class=\"yoast-schema-graph\">{\"@context\":\"https:\/\/schema.org\",\"@graph\":[{\"@type\":\"WebPage\",\"@id\":\"https:\/\/www.dressy.design\/fr\/p\/lap-4056\/\",\"url\":\"https:\/\/www.dressy.design\/fr\/p\/lap-4056\/\",\"name\":\"LAP 4056 | Dressy\",\"isPartOf\":{\"@id\":\"https:\/\/www.dressy.design\/fr\/#website\"},\"primaryImageOfPage\":{\"@id\":\"https:\/\/www.dressy.design\/fr\/p\/lap-4056\/#primaryimage\"},\"image\":{\"@id\":\"https:\/\/www.dressy.design\/fr\/p\/lap-4056\/#primaryimage\"},\"thumbnailUrl\":\"https:\/\/www.dressy.design\/wp-content\/uploads\/2021\/12\/p_Silla-Lap-4056.webp\",\"datePublished\":\"2021-12-24T12:11:51+00:00\",\"dateModified\":\"2022-06-08T10:19:30+00:00\",\"breadcrumb\":{\"@id\":\"https:\/\/www.dressy.design\/fr\/p\/lap-4056\/#breadcrumb\"},\"inLanguage\":\"fr-FR\",\"potentialAction\":[{\"@type\":\"ReadAction\",\"target\":[\"https:\/\/www.dressy.design\/fr\/p\/lap-4056\/\"]}]},{\"@type\":\"ImageObject\",\"inLanguage\":\"fr-FR\",\"@id\":\"https:\/\/www.dressy.design\/fr\/p\/lap-4056\/#primaryimage\",\"url\":\"https:\/\/www.dressy.design\/wp-content\/uploads\/2021\/12\/p_Silla-Lap-4056.webp\",\"contentUrl\":\"https:\/\/www.dressy.design\/wp-content\/uploads\/2021\/12\/p_Silla-Lap-4056.webp\",\"width\":1195,\"height\":1195},{\"@type\":\"BreadcrumbList\",\"@id\":\"https:\/\/www.dressy.design\/fr\/p\/lap-4056\/#breadcrumb\",\"itemListElement\":[{\"@type\":\"ListItem\",\"position\":1,\"name\":\"Portada\",\"item\":\"https:\/\/www.dressy.design\/fr\/\"},{\"@type\":\"ListItem\",\"position\":2,\"name\":\"Tienda\",\"item\":\"https:\/\/www.dressy.design\/es\/?page_id=180\"},{\"@type\":\"ListItem\",\"position\":3,\"name\":\"LAP 4056\"}]},{\"@type\":\"WebSite\",\"@id\":\"https:\/\/www.dressy.design\/fr\/#website\",\"url\":\"https:\/\/www.dressy.design\/fr\/\",\"name\":\"Dressy\",\"description\":\"Sillas y mesas de m\u00e1xima calidad y dise\u00f1o\",\"potentialAction\":[{\"@type\":\"SearchAction\",\"target\":{\"@type\":\"EntryPoint\",\"urlTemplate\":\"https:\/\/www.dressy.design\/fr\/?s={search_term_string}\"},\"query-input\":{\"@type\":\"PropertyValueSpecification\",\"valueRequired\":true,\"valueName\":\"search_term_string\"}}],\"inLanguage\":\"fr-FR\"}]}<\/script>\n<!-- \/ Yoast SEO plugin. -->","yoast_head_json":{"title":"LAP 4056 | Dressy","robots":{"index":"index","follow":"follow","max-snippet":"max-snippet:-1","max-image-preview":"max-image-preview:large","max-video-preview":"max-video-preview:-1"},"canonical":"https:\/\/www.dressy.design\/fr\/p\/lap-4056\/","og_locale":"fr_FR","og_type":"article","og_title":"LAP 4056 | Dressy","og_description":"Chaise avec pied central fixe en m\u00e9tal et assise avec coque laqu\u00e9e et tissu d\u00e9houssable, disponible en 30 couleurs uniformes et 6 couleurs sp\u00e9ciales (brillant, ciment, acier, cuivre, nacre et noir-or).  Designer","og_url":"https:\/\/www.dressy.design\/fr\/p\/lap-4056\/","og_site_name":"Dressy","article_modified_time":"2022-06-08T10:19:30+00:00","og_image":[{"width":1195,"height":1195,"url":"https:\/\/www.dressy.design\/wp-content\/uploads\/2021\/12\/p_Silla-Lap-4056.webp","type":"image\/webp"}],"twitter_card":"summary_large_image","twitter_misc":{"Dur\u00e9e de lecture estim\u00e9e":"1 minute"},"schema":{"@context":"https:\/\/schema.org","@graph":[{"@type":"WebPage","@id":"https:\/\/www.dressy.design\/fr\/p\/lap-4056\/","url":"https:\/\/www.dressy.design\/fr\/p\/lap-4056\/","name":"LAP 4056 | Dressy","isPartOf":{"@id":"https:\/\/www.dressy.design\/fr\/#website"},"primaryImageOfPage":{"@id":"https:\/\/www.dressy.design\/fr\/p\/lap-4056\/#primaryimage"},"image":{"@id":"https:\/\/www.dressy.design\/fr\/p\/lap-4056\/#primaryimage"},"thumbnailUrl":"https:\/\/www.dressy.design\/wp-content\/uploads\/2021\/12\/p_Silla-Lap-4056.webp","datePublished":"2021-12-24T12:11:51+00:00","dateModified":"2022-06-08T10:19:30+00:00","breadcrumb":{"@id":"https:\/\/www.dressy.design\/fr\/p\/lap-4056\/#breadcrumb"},"inLanguage":"fr-FR","potentialAction":[{"@type":"ReadAction","target":["https:\/\/www.dressy.design\/fr\/p\/lap-4056\/"]}]},{"@type":"ImageObject","inLanguage":"fr-FR","@id":"https:\/\/www.dressy.design\/fr\/p\/lap-4056\/#primaryimage","url":"https:\/\/www.dressy.design\/wp-content\/uploads\/2021\/12\/p_Silla-Lap-4056.webp","contentUrl":"https:\/\/www.dressy.design\/wp-content\/uploads\/2021\/12\/p_Silla-Lap-4056.webp","width":1195,"height":1195},{"@type":"BreadcrumbList","@id":"https:\/\/www.dressy.design\/fr\/p\/lap-4056\/#breadcrumb","itemListElement":[{"@type":"ListItem","position":1,"name":"Portada","item":"https:\/\/www.dressy.design\/fr\/"},{"@type":"ListItem","position":2,"name":"Tienda","item":"https:\/\/www.dressy.design\/es\/?page_id=180"},{"@type":"ListItem","position":3,"name":"LAP 4056"}]},{"@type":"WebSite","@id":"https:\/\/www.dressy.design\/fr\/#website","url":"https:\/\/www.dressy.design\/fr\/","name":"Dressy","description":"Sillas y mesas de m\u00e1xima calidad y dise\u00f1o","potentialAction":[{"@type":"SearchAction","target":{"@type":"EntryPoint","urlTemplate":"https:\/\/www.dressy.design\/fr\/?s={search_term_string}"},"query-input":{"@type":"PropertyValueSpecification","valueRequired":true,"valueName":"search_term_string"}}],"inLanguage":"fr-FR"}]}},"_links":{"self":[{"href":"https:\/\/www.dressy.design\/fr\/wp-json\/wp\/v2\/product\/2257","targetHints":{"allow":["GET"]}}],"collection":[{"href":"https:\/\/www.dressy.design\/fr\/wp-json\/wp\/v2\/product"}],"about":[{"href":"https:\/\/www.dressy.design\/fr\/wp-json\/wp\/v2\/types\/product"}],"wp:featuredmedia":[{"embeddable":true,"href":"https:\/\/www.dressy.design\/fr\/wp-json\/wp\/v2\/media\/2675"}],"wp:attachment":[{"href":"https:\/\/www.dressy.design\/fr\/wp-json\/wp\/v2\/media?parent=2257"}],"wp:term":[{"taxonomy":"product_brand","embeddable":true,"href":"https:\/\/www.dressy.design\/fr\/wp-json\/wp\/v2\/product_brand?post=2257"},{"taxonomy":"product_cat","embeddable":true,"href":"https:\/\/www.dressy.design\/fr\/wp-json\/wp\/v2\/product_cat?post=2257"},{"taxonomy":"product_tag","embeddable":true,"href":"https:\/\/www.dressy.design\/fr\/wp-json\/wp\/v2\/product_tag?post=2257"}],"curies":[{"name":"wp","href":"https:\/\/api.w.org\/{rel}","templated":true}]}}