{"id":2269,"date":"2021-12-24T12:12:06","date_gmt":"2021-12-24T12:12:06","guid":{"rendered":"https:\/\/www.dressy.design\/p\/balma\/"},"modified":"2022-06-08T12:12:08","modified_gmt":"2022-06-08T10:12:08","slug":"balma-2","status":"publish","type":"product","link":"https:\/\/www.dressy.design\/fr\/p\/balma-2\/","title":{"rendered":"BALMA"},"content":{"rendered":"\t<div id=\"gap-2035107305\" class=\"gap-element clearfix hide-for-small\" style=\"display:block; height:auto;\">\n\t\t\n<style>\n#gap-2035107305 {\n  padding-top: 50px;\n}\n<\/style>\n\t<\/div>\n\t\n\t<div class=\"img has-hover x md-x lg-x y md-y lg-y\" id=\"image_327400702\">\n\t\t\t\t\t\t\t\t<div class=\"img-inner image-zoom dark\" >\n\t\t\t<img loading=\"lazy\" decoding=\"async\" width=\"1270\" height=\"800\" src=\"https:\/\/www.dressy.design\/wp-content\/uploads\/2021\/11\/Sofa\u0301-Balma-3plazas_Producto_01.webp\" class=\"attachment-large size-large\" alt=\"\" srcset=\"https:\/\/www.dressy.design\/wp-content\/uploads\/2021\/11\/Sofa\u0301-Balma-3plazas_Producto_01.webp 1270w, https:\/\/www.dressy.design\/wp-content\/uploads\/2021\/11\/Sofa\u0301-Balma-3plazas_Producto_01-150x94.webp 150w, https:\/\/www.dressy.design\/wp-content\/uploads\/2021\/11\/Sofa\u0301-Balma-3plazas_Producto_01-768x484.webp 768w, https:\/\/www.dressy.design\/wp-content\/uploads\/2021\/11\/Sofa\u0301-Balma-3plazas_Producto_01-50x31.webp 50w, https:\/\/www.dressy.design\/wp-content\/uploads\/2021\/11\/Sofa\u0301-Balma-3plazas_Producto_01-100x63.webp 100w, https:\/\/www.dressy.design\/wp-content\/uploads\/2021\/11\/Sofa\u0301-Balma-3plazas_Producto_01-300x189.webp 300w, https:\/\/www.dressy.design\/wp-content\/uploads\/2021\/11\/Sofa\u0301-Balma-3plazas_Producto_01-600x378.webp 600w\" sizes=\"auto, (max-width: 1270px) 100vw, 1270px\" \/>\t\t\t\t\t\t\n\t\t\t\t\t<\/div>\n\t\t\t\t\t\t\t\t\n<style>\n#image_327400702 {\n  width: 100%;\n}\n<\/style>\n\t<\/div>\n\t\n\t<div id=\"gap-713242097\" class=\"gap-element clearfix hide-for-small\" style=\"display:block; height:auto;\">\n\t\t\n<style>\n#gap-713242097 {\n  padding-top: 35px;\n}\n<\/style>\n\t<\/div>\n\t\n<p>Une \u00ab\u00a0balma\u00a0\u00bb est le rev\u00eatement d\u2019une grotte peu profonde, une concavit\u00e9 dans la roche form\u00e9e par l\u2019\u00e9rosion et les intemp\u00e9ries, un refuge naturel qui peut nous prot\u00e9ger dans la nature.<\/p>\n\t<div id=\"gap-2052715302\" class=\"gap-element clearfix hide-for-small\" style=\"display:block; height:auto;\">\n\t\t\n<style>\n#gap-2052715302 {\n  padding-top: 0px;\n}\n<\/style>\n\t<\/div>\n\t\n<div class=\"row descripcion-parte-1\"  id=\"row-580957321\">\n\n\t<div id=\"col-1754879165\" class=\"col medium-6 small-12 large-6\"  data-animate=\"fadeInDown\">\n\t\t\t\t<div class=\"col-inner\"  >\n\t\t\t\n\t\t\t\n\t<div class=\"img has-hover x md-x lg-x y md-y lg-y\" id=\"image_696788247\">\n\t\t\t\t\t\t\t\t<div class=\"img-inner image-zoom dark\" >\n\t\t\t<img loading=\"lazy\" decoding=\"async\" width=\"1170\" height=\"800\" src=\"https:\/\/www.dressy.design\/wp-content\/uploads\/2021\/11\/Sofa\u0301-Balma-3plazas_Producto_03.webp\" class=\"attachment-large size-large\" alt=\"\" srcset=\"https:\/\/www.dressy.design\/wp-content\/uploads\/2021\/11\/Sofa\u0301-Balma-3plazas_Producto_03.webp 1170w, https:\/\/www.dressy.design\/wp-content\/uploads\/2021\/11\/Sofa\u0301-Balma-3plazas_Producto_03-150x103.webp 150w, https:\/\/www.dressy.design\/wp-content\/uploads\/2021\/11\/Sofa\u0301-Balma-3plazas_Producto_03-768x525.webp 768w, https:\/\/www.dressy.design\/wp-content\/uploads\/2021\/11\/Sofa\u0301-Balma-3plazas_Producto_03-50x34.webp 50w, https:\/\/www.dressy.design\/wp-content\/uploads\/2021\/11\/Sofa\u0301-Balma-3plazas_Producto_03-100x68.webp 100w, https:\/\/www.dressy.design\/wp-content\/uploads\/2021\/11\/Sofa\u0301-Balma-3plazas_Producto_03-300x205.webp 300w, https:\/\/www.dressy.design\/wp-content\/uploads\/2021\/11\/Sofa\u0301-Balma-3plazas_Producto_03-600x410.webp 600w\" sizes=\"auto, (max-width: 1170px) 100vw, 1170px\" \/>\t\t\t\t\t\t\n\t\t\t\t\t<\/div>\n\t\t\t\t\t\t\t\t\n<style>\n#image_696788247 {\n  width: 100%;\n}\n<\/style>\n\t<\/div>\n\t\n\t\t<\/div>\n\t\t\t\t\t<\/div>\n\n\t\n\n\t<div id=\"col-451013014\" class=\"col medium-6 small-12 large-6\"  data-animate=\"fadeInDown\">\n\t\t\t\t<div class=\"col-inner\"  >\n\t\t\t\n\t\t\t\n\t<div class=\"img has-hover x md-x lg-x y md-y lg-y\" id=\"image_617313173\">\n\t\t\t\t\t\t\t\t<div class=\"img-inner image-zoom dark\" >\n\t\t\t<img loading=\"lazy\" decoding=\"async\" width=\"1170\" height=\"800\" src=\"https:\/\/www.dressy.design\/wp-content\/uploads\/2021\/11\/Sofa\u0301-Balma-3plazas_Producto_02.webp\" class=\"attachment-large size-large\" alt=\"\" srcset=\"https:\/\/www.dressy.design\/wp-content\/uploads\/2021\/11\/Sofa\u0301-Balma-3plazas_Producto_02.webp 1170w, https:\/\/www.dressy.design\/wp-content\/uploads\/2021\/11\/Sofa\u0301-Balma-3plazas_Producto_02-150x103.webp 150w, https:\/\/www.dressy.design\/wp-content\/uploads\/2021\/11\/Sofa\u0301-Balma-3plazas_Producto_02-768x525.webp 768w, https:\/\/www.dressy.design\/wp-content\/uploads\/2021\/11\/Sofa\u0301-Balma-3plazas_Producto_02-50x34.webp 50w, https:\/\/www.dressy.design\/wp-content\/uploads\/2021\/11\/Sofa\u0301-Balma-3plazas_Producto_02-100x68.webp 100w, https:\/\/www.dressy.design\/wp-content\/uploads\/2021\/11\/Sofa\u0301-Balma-3plazas_Producto_02-300x205.webp 300w, https:\/\/www.dressy.design\/wp-content\/uploads\/2021\/11\/Sofa\u0301-Balma-3plazas_Producto_02-600x410.webp 600w\" sizes=\"auto, (max-width: 1170px) 100vw, 1170px\" \/>\t\t\t\t\t\t\n\t\t\t\t\t<\/div>\n\t\t\t\t\t\t\t\t\n<style>\n#image_617313173 {\n  width: 100%;\n}\n<\/style>\n\t<\/div>\n\t\n\t\t<\/div>\n\t\t\t\t\t<\/div>\n\n\t\n<\/div>\n<p>En prenant ce concept et ses formes concaves comme r\u00e9f\u00e9rence, Santiago Sevillano a \u00e9t\u00e9 inspir\u00e9 pour donner vie au canap\u00e9 Balma. Cette collection modulaire de tapisserie nous offre un endroit pour nous reposer et nous d\u00e9tendre gr\u00e2ce au confort de ses si\u00e8ges moelleux et de ses dossiers l\u00e9g\u00e8rement incurv\u00e9s avec ses coussins, nous offrant une grande vari\u00e9t\u00e9 de possibilit\u00e9s dans l\u2019espace du salon.<\/p>\n<div class=\"row descripcion-parte-1\"  id=\"row-149453361\">\n\n\t<div id=\"col-1259789105\" class=\"col hide-for-small medium-7 small-12 large-7\"  >\n\t\t\t\t<div class=\"col-inner\"  >\n\t\t\t\n\t\t\t\n\t<div class=\"img has-hover x md-x lg-x y md-y lg-y\" id=\"image_1214064284\">\n\t\t\t\t\t\t\t\t<div class=\"img-inner image-zoom dark\" >\n\t\t\t<img loading=\"lazy\" decoding=\"async\" width=\"1170\" height=\"800\" src=\"https:\/\/www.dressy.design\/wp-content\/uploads\/2021\/11\/Sofa\u0301-Balma-3plazas_Producto_05.webp\" class=\"attachment-large size-large\" alt=\"\" srcset=\"https:\/\/www.dressy.design\/wp-content\/uploads\/2021\/11\/Sofa\u0301-Balma-3plazas_Producto_05.webp 1170w, https:\/\/www.dressy.design\/wp-content\/uploads\/2021\/11\/Sofa\u0301-Balma-3plazas_Producto_05-150x103.webp 150w, https:\/\/www.dressy.design\/wp-content\/uploads\/2021\/11\/Sofa\u0301-Balma-3plazas_Producto_05-768x525.webp 768w, https:\/\/www.dressy.design\/wp-content\/uploads\/2021\/11\/Sofa\u0301-Balma-3plazas_Producto_05-50x34.webp 50w, https:\/\/www.dressy.design\/wp-content\/uploads\/2021\/11\/Sofa\u0301-Balma-3plazas_Producto_05-100x68.webp 100w, https:\/\/www.dressy.design\/wp-content\/uploads\/2021\/11\/Sofa\u0301-Balma-3plazas_Producto_05-300x205.webp 300w, https:\/\/www.dressy.design\/wp-content\/uploads\/2021\/11\/Sofa\u0301-Balma-3plazas_Producto_05-600x410.webp 600w\" sizes=\"auto, (max-width: 1170px) 100vw, 1170px\" \/>\t\t\t\t\t\t\n\t\t\t\t\t<\/div>\n\t\t\t\t\t\t\t\t\n<style>\n#image_1214064284 {\n  width: 100%;\n}\n<\/style>\n\t<\/div>\n\t\n\t\t<\/div>\n\t\t\t\t\t<\/div>\n\n\t\n\n\t<div id=\"col-963148872\" class=\"col medium-5 small-12 large-5\"  data-animate=\"fadeInDown\">\n\t\t\t\t<div class=\"col-inner\"  >\n\t\t\t\n\t\t\t\n\t<div class=\"img has-hover x md-x lg-x y md-y lg-y\" id=\"image_1427602814\">\n\t\t\t\t\t\t\t\t<div class=\"img-inner image-zoom image-cover dark\" style=\"padding-top:479px;\">\n\t\t\t<img loading=\"lazy\" decoding=\"async\" width=\"700\" height=\"800\" src=\"https:\/\/www.dressy.design\/wp-content\/uploads\/2021\/11\/Sofa\u0301-Balma-3plazas_Producto_07.webp\" class=\"attachment-large size-large\" alt=\"\" srcset=\"https:\/\/www.dressy.design\/wp-content\/uploads\/2021\/11\/Sofa\u0301-Balma-3plazas_Producto_07.webp 700w, https:\/\/www.dressy.design\/wp-content\/uploads\/2021\/11\/Sofa\u0301-Balma-3plazas_Producto_07-150x171.webp 150w, https:\/\/www.dressy.design\/wp-content\/uploads\/2021\/11\/Sofa\u0301-Balma-3plazas_Producto_07-44x50.webp 44w, https:\/\/www.dressy.design\/wp-content\/uploads\/2021\/11\/Sofa\u0301-Balma-3plazas_Producto_07-88x100.webp 88w, https:\/\/www.dressy.design\/wp-content\/uploads\/2021\/11\/Sofa\u0301-Balma-3plazas_Producto_07-300x343.webp 300w, https:\/\/www.dressy.design\/wp-content\/uploads\/2021\/11\/Sofa\u0301-Balma-3plazas_Producto_07-600x686.webp 600w\" sizes=\"auto, (max-width: 700px) 100vw, 700px\" \/>\t\t\t\t\t\t\n\t\t\t\t\t<\/div>\n\t\t\t\t\t\t\t\t\n<style>\n#image_1427602814 {\n  width: 100%;\n}\n<\/style>\n\t<\/div>\n\t\n\t\t<\/div>\n\t\t\t\t\t<\/div>\n\n\t\n<\/div>\n\t<div id=\"gap-1679919007\" class=\"gap-element clearfix hide-for-small\" style=\"display:block; height:auto;\">\n\t\t\n<style>\n#gap-1679919007 {\n  padding-top: 35px;\n}\n<\/style>\n\t<\/div>\n\t\n","protected":false},"excerpt":{"rendered":"<p>Canap\u00e9 compos\u00e9 de trois pi\u00e8ces avec accoudoirs hauts ou bas qui offre un grand confort.<\/p>\n<p><strong>Designer<\/strong><br \/>\n<a href=\"https:\/\/www.dressy.design\/fr\/c\/dessinateurs\/santiago-sevillano\/\">Santiago Sevillano<\/a><\/p>\n","protected":false},"featured_media":2609,"template":"","meta":{"_acf_changed":false},"product_brand":[],"product_cat":[72,88,150],"product_tag":[],"class_list":{"0":"post-2269","1":"product","2":"type-product","3":"status-publish","4":"has-post-thumbnail","6":"product_cat-balma","7":"product_cat-santiago-sevillano","8":"product_cat-sofa-fr","10":"first","11":"instock","12":"product-type-simple"},"acf":[],"yoast_head":"<!-- This site is optimized with the Yoast SEO plugin v27.2 - https:\/\/yoast.com\/product\/yoast-seo-wordpress\/ -->\n<title>BALMA | Dressy<\/title>\n<meta name=\"robots\" content=\"index, follow, max-snippet:-1, max-image-preview:large, max-video-preview:-1\" \/>\n<link rel=\"canonical\" href=\"https:\/\/www.dressy.design\/fr\/p\/balma-2\/\" \/>\n<meta property=\"og:locale\" content=\"fr_FR\" \/>\n<meta property=\"og:type\" content=\"article\" \/>\n<meta property=\"og:title\" content=\"BALMA | Dressy\" \/>\n<meta property=\"og:description\" content=\"Canap\u00e9 compos\u00e9 de trois pi\u00e8ces avec accoudoirs hauts ou bas qui offre un grand confort.  Designer\" \/>\n<meta property=\"og:url\" content=\"https:\/\/www.dressy.design\/fr\/p\/balma-2\/\" \/>\n<meta property=\"og:site_name\" content=\"Dressy\" \/>\n<meta property=\"article:modified_time\" content=\"2022-06-08T10:12:08+00:00\" \/>\n<meta property=\"og:image\" content=\"https:\/\/www.dressy.design\/wp-content\/uploads\/2021\/12\/p_Balma3p-1.webp\" \/>\n\t<meta property=\"og:image:width\" content=\"1195\" \/>\n\t<meta property=\"og:image:height\" content=\"1195\" \/>\n\t<meta property=\"og:image:type\" content=\"image\/webp\" \/>\n<meta name=\"twitter:card\" content=\"summary_large_image\" \/>\n<meta name=\"twitter:label1\" content=\"Dur\u00e9e de lecture estim\u00e9e\" \/>\n\t<meta name=\"twitter:data1\" content=\"1 minute\" \/>\n<script type=\"application\/ld+json\" class=\"yoast-schema-graph\">{\"@context\":\"https:\/\/schema.org\",\"@graph\":[{\"@type\":\"WebPage\",\"@id\":\"https:\/\/www.dressy.design\/fr\/p\/balma-2\/\",\"url\":\"https:\/\/www.dressy.design\/fr\/p\/balma-2\/\",\"name\":\"BALMA | Dressy\",\"isPartOf\":{\"@id\":\"https:\/\/www.dressy.design\/fr\/#website\"},\"primaryImageOfPage\":{\"@id\":\"https:\/\/www.dressy.design\/fr\/p\/balma-2\/#primaryimage\"},\"image\":{\"@id\":\"https:\/\/www.dressy.design\/fr\/p\/balma-2\/#primaryimage\"},\"thumbnailUrl\":\"https:\/\/www.dressy.design\/wp-content\/uploads\/2021\/12\/p_Balma3p-1.webp\",\"datePublished\":\"2021-12-24T12:12:06+00:00\",\"dateModified\":\"2022-06-08T10:12:08+00:00\",\"breadcrumb\":{\"@id\":\"https:\/\/www.dressy.design\/fr\/p\/balma-2\/#breadcrumb\"},\"inLanguage\":\"fr-FR\",\"potentialAction\":[{\"@type\":\"ReadAction\",\"target\":[\"https:\/\/www.dressy.design\/fr\/p\/balma-2\/\"]}]},{\"@type\":\"ImageObject\",\"inLanguage\":\"fr-FR\",\"@id\":\"https:\/\/www.dressy.design\/fr\/p\/balma-2\/#primaryimage\",\"url\":\"https:\/\/www.dressy.design\/wp-content\/uploads\/2021\/12\/p_Balma3p-1.webp\",\"contentUrl\":\"https:\/\/www.dressy.design\/wp-content\/uploads\/2021\/12\/p_Balma3p-1.webp\",\"width\":1195,\"height\":1195},{\"@type\":\"BreadcrumbList\",\"@id\":\"https:\/\/www.dressy.design\/fr\/p\/balma-2\/#breadcrumb\",\"itemListElement\":[{\"@type\":\"ListItem\",\"position\":1,\"name\":\"Portada\",\"item\":\"https:\/\/www.dressy.design\/fr\/\"},{\"@type\":\"ListItem\",\"position\":2,\"name\":\"Tienda\",\"item\":\"https:\/\/www.dressy.design\/es\/?page_id=180\"},{\"@type\":\"ListItem\",\"position\":3,\"name\":\"BALMA\"}]},{\"@type\":\"WebSite\",\"@id\":\"https:\/\/www.dressy.design\/fr\/#website\",\"url\":\"https:\/\/www.dressy.design\/fr\/\",\"name\":\"Dressy\",\"description\":\"Sillas y mesas de m\u00e1xima calidad y dise\u00f1o\",\"potentialAction\":[{\"@type\":\"SearchAction\",\"target\":{\"@type\":\"EntryPoint\",\"urlTemplate\":\"https:\/\/www.dressy.design\/fr\/?s={search_term_string}\"},\"query-input\":{\"@type\":\"PropertyValueSpecification\",\"valueRequired\":true,\"valueName\":\"search_term_string\"}}],\"inLanguage\":\"fr-FR\"}]}<\/script>\n<!-- \/ Yoast SEO plugin. -->","yoast_head_json":{"title":"BALMA | Dressy","robots":{"index":"index","follow":"follow","max-snippet":"max-snippet:-1","max-image-preview":"max-image-preview:large","max-video-preview":"max-video-preview:-1"},"canonical":"https:\/\/www.dressy.design\/fr\/p\/balma-2\/","og_locale":"fr_FR","og_type":"article","og_title":"BALMA | Dressy","og_description":"Canap\u00e9 compos\u00e9 de trois pi\u00e8ces avec accoudoirs hauts ou bas qui offre un grand confort.  Designer","og_url":"https:\/\/www.dressy.design\/fr\/p\/balma-2\/","og_site_name":"Dressy","article_modified_time":"2022-06-08T10:12:08+00:00","og_image":[{"width":1195,"height":1195,"url":"https:\/\/www.dressy.design\/wp-content\/uploads\/2021\/12\/p_Balma3p-1.webp","type":"image\/webp"}],"twitter_card":"summary_large_image","twitter_misc":{"Dur\u00e9e de lecture estim\u00e9e":"1 minute"},"schema":{"@context":"https:\/\/schema.org","@graph":[{"@type":"WebPage","@id":"https:\/\/www.dressy.design\/fr\/p\/balma-2\/","url":"https:\/\/www.dressy.design\/fr\/p\/balma-2\/","name":"BALMA | Dressy","isPartOf":{"@id":"https:\/\/www.dressy.design\/fr\/#website"},"primaryImageOfPage":{"@id":"https:\/\/www.dressy.design\/fr\/p\/balma-2\/#primaryimage"},"image":{"@id":"https:\/\/www.dressy.design\/fr\/p\/balma-2\/#primaryimage"},"thumbnailUrl":"https:\/\/www.dressy.design\/wp-content\/uploads\/2021\/12\/p_Balma3p-1.webp","datePublished":"2021-12-24T12:12:06+00:00","dateModified":"2022-06-08T10:12:08+00:00","breadcrumb":{"@id":"https:\/\/www.dressy.design\/fr\/p\/balma-2\/#breadcrumb"},"inLanguage":"fr-FR","potentialAction":[{"@type":"ReadAction","target":["https:\/\/www.dressy.design\/fr\/p\/balma-2\/"]}]},{"@type":"ImageObject","inLanguage":"fr-FR","@id":"https:\/\/www.dressy.design\/fr\/p\/balma-2\/#primaryimage","url":"https:\/\/www.dressy.design\/wp-content\/uploads\/2021\/12\/p_Balma3p-1.webp","contentUrl":"https:\/\/www.dressy.design\/wp-content\/uploads\/2021\/12\/p_Balma3p-1.webp","width":1195,"height":1195},{"@type":"BreadcrumbList","@id":"https:\/\/www.dressy.design\/fr\/p\/balma-2\/#breadcrumb","itemListElement":[{"@type":"ListItem","position":1,"name":"Portada","item":"https:\/\/www.dressy.design\/fr\/"},{"@type":"ListItem","position":2,"name":"Tienda","item":"https:\/\/www.dressy.design\/es\/?page_id=180"},{"@type":"ListItem","position":3,"name":"BALMA"}]},{"@type":"WebSite","@id":"https:\/\/www.dressy.design\/fr\/#website","url":"https:\/\/www.dressy.design\/fr\/","name":"Dressy","description":"Sillas y mesas de m\u00e1xima calidad y dise\u00f1o","potentialAction":[{"@type":"SearchAction","target":{"@type":"EntryPoint","urlTemplate":"https:\/\/www.dressy.design\/fr\/?s={search_term_string}"},"query-input":{"@type":"PropertyValueSpecification","valueRequired":true,"valueName":"search_term_string"}}],"inLanguage":"fr-FR"}]}},"_links":{"self":[{"href":"https:\/\/www.dressy.design\/fr\/wp-json\/wp\/v2\/product\/2269","targetHints":{"allow":["GET"]}}],"collection":[{"href":"https:\/\/www.dressy.design\/fr\/wp-json\/wp\/v2\/product"}],"about":[{"href":"https:\/\/www.dressy.design\/fr\/wp-json\/wp\/v2\/types\/product"}],"wp:featuredmedia":[{"embeddable":true,"href":"https:\/\/www.dressy.design\/fr\/wp-json\/wp\/v2\/media\/2609"}],"wp:attachment":[{"href":"https:\/\/www.dressy.design\/fr\/wp-json\/wp\/v2\/media?parent=2269"}],"wp:term":[{"taxonomy":"product_brand","embeddable":true,"href":"https:\/\/www.dressy.design\/fr\/wp-json\/wp\/v2\/product_brand?post=2269"},{"taxonomy":"product_cat","embeddable":true,"href":"https:\/\/www.dressy.design\/fr\/wp-json\/wp\/v2\/product_cat?post=2269"},{"taxonomy":"product_tag","embeddable":true,"href":"https:\/\/www.dressy.design\/fr\/wp-json\/wp\/v2\/product_tag?post=2269"}],"curies":[{"name":"wp","href":"https:\/\/api.w.org\/{rel}","templated":true}]}}