{"id":2289,"date":"2021-12-23T12:29:52","date_gmt":"2021-12-24T12:12:31","guid":{"rendered":"https:\/\/www.dressy.design\/p\/bertiz\/"},"modified":"2025-05-15T10:03:51","modified_gmt":"2025-05-15T08:03:51","slug":"bertiz","status":"publish","type":"product","link":"https:\/\/www.dressy.design\/fr\/p\/bertiz\/","title":{"rendered":"BERTIZ"},"content":{"rendered":"\t<div id=\"gap-436152947\" class=\"gap-element clearfix hide-for-small\" style=\"display:block; height:auto;\">\n\t\t\n<style>\n#gap-436152947 {\n  padding-top: 50px;\n}\n<\/style>\n\t<\/div>\n\t\n\t<div id=\"text-2570346567\" class=\"text justify\">\n\t\t\n<p>Bertiz harmonise la beaut\u00e9 du bois naturel avec l\u2019\u00e9l\u00e9gance de nos c\u00e9ramiques pour nous offrir une table sophistiqu\u00e9e o\u00f9 le souci du d\u00e9tail est la marque de fabrique. Compos\u00e9 de pieds en bois de section variable sur laquelle est incorpor\u00e9 un plateau en c\u00e9ramique biseaut\u00e9. Bertiz est disponible dans une large gamme de dimensions, en version fixe ou extensible avec pieds mobiles. Les pieds sont disponibles dans les finitions RO et disposant dans notre catalogue des couleurs EP pour la structure et de c\u00e9ramiques Dressy pour le plateau.<\/p>\n\t\t\t<\/div>\n\t\n\t<div id=\"gap-789134512\" class=\"gap-element clearfix hide-for-small\" style=\"display:block; height:auto;\">\n\t\t\n<style>\n#gap-789134512 {\n  padding-top: 10px;\n}\n<\/style>\n\t<\/div>\n\t\n<div class=\"row descripcion-parte-1\"  id=\"row-912976743\">\n\n\t<div id=\"col-1063503997\" class=\"col medium-6 small-12 large-6\"  data-animate=\"fadeInDown\">\n\t\t\t\t<div class=\"col-inner\"  >\n\t\t\t\n\t\t\t\n\t<div class=\"img has-hover x md-x lg-x y md-y lg-y\" id=\"image_1752160154\">\n\t\t\t\t\t\t\t\t<div class=\"img-inner image-zoom image-cover dark\" style=\"padding-top:390px;\">\n\t\t\t<img loading=\"lazy\" decoding=\"async\" width=\"1170\" height=\"800\" src=\"https:\/\/www.dressy.design\/wp-content\/uploads\/2021\/12\/Mesa-bertiz_Galeria_04.jpg\" class=\"attachment-large size-large\" alt=\"\" srcset=\"https:\/\/www.dressy.design\/wp-content\/uploads\/2021\/12\/Mesa-bertiz_Galeria_04.jpg 1170w, https:\/\/www.dressy.design\/wp-content\/uploads\/2021\/12\/Mesa-bertiz_Galeria_04-150x103.jpg 150w, https:\/\/www.dressy.design\/wp-content\/uploads\/2021\/12\/Mesa-bertiz_Galeria_04-768x525.jpg 768w, https:\/\/www.dressy.design\/wp-content\/uploads\/2021\/12\/Mesa-bertiz_Galeria_04-50x34.jpg 50w, https:\/\/www.dressy.design\/wp-content\/uploads\/2021\/12\/Mesa-bertiz_Galeria_04-100x68.jpg 100w, https:\/\/www.dressy.design\/wp-content\/uploads\/2021\/12\/Mesa-bertiz_Galeria_04-300x205.jpg 300w, https:\/\/www.dressy.design\/wp-content\/uploads\/2021\/12\/Mesa-bertiz_Galeria_04-600x410.jpg 600w\" sizes=\"auto, (max-width: 1170px) 100vw, 1170px\" \/>\t\t\t\t\t\t\n\t\t\t\t\t<\/div>\n\t\t\t\t\t\t\t\t\n<style>\n#image_1752160154 {\n  width: 100%;\n}\n<\/style>\n\t<\/div>\n\t\n\t<div class=\"img has-hover x md-x lg-x y md-y lg-y\" id=\"image_646377708\">\n\t\t\t\t\t\t\t\t<div class=\"img-inner image-zoom image-cover dark\" style=\"padding-top:388px;\">\n\t\t\t<img loading=\"lazy\" decoding=\"async\" width=\"1170\" height=\"800\" src=\"https:\/\/www.dressy.design\/wp-content\/uploads\/2021\/12\/Mesa-bertiz_Galeria_06.jpg\" class=\"attachment-large size-large\" alt=\"\" srcset=\"https:\/\/www.dressy.design\/wp-content\/uploads\/2021\/12\/Mesa-bertiz_Galeria_06.jpg 1170w, https:\/\/www.dressy.design\/wp-content\/uploads\/2021\/12\/Mesa-bertiz_Galeria_06-150x103.jpg 150w, https:\/\/www.dressy.design\/wp-content\/uploads\/2021\/12\/Mesa-bertiz_Galeria_06-768x525.jpg 768w, https:\/\/www.dressy.design\/wp-content\/uploads\/2021\/12\/Mesa-bertiz_Galeria_06-50x34.jpg 50w, https:\/\/www.dressy.design\/wp-content\/uploads\/2021\/12\/Mesa-bertiz_Galeria_06-100x68.jpg 100w, https:\/\/www.dressy.design\/wp-content\/uploads\/2021\/12\/Mesa-bertiz_Galeria_06-300x205.jpg 300w, https:\/\/www.dressy.design\/wp-content\/uploads\/2021\/12\/Mesa-bertiz_Galeria_06-600x410.jpg 600w\" sizes=\"auto, (max-width: 1170px) 100vw, 1170px\" \/>\t\t\t\t\t\t\n\t\t\t\t\t<\/div>\n\t\t\t\t\t\t\t\t\n<style>\n#image_646377708 {\n  width: 100%;\n}\n<\/style>\n\t<\/div>\n\t\n\t\t<\/div>\n\t\t\t\t\t<\/div>\n\n\t\n\n\t<div id=\"col-1258802327\" class=\"col medium-6 small-12 large-6\"  data-animate=\"fadeInDown\">\n\t\t\t\t<div class=\"col-inner\"  >\n\t\t\t\n\t\t\t\n\t<div class=\"img has-hover x md-x lg-x y md-y lg-y\" id=\"image_676471962\">\n\t\t\t\t\t\t\t\t<div class=\"img-inner image-zoom dark\" >\n\t\t\t<img loading=\"lazy\" decoding=\"async\" width=\"600\" height=\"800\" src=\"https:\/\/www.dressy.design\/wp-content\/uploads\/2021\/12\/Mesa-bertiz_Galeria_05.jpg\" class=\"attachment-large size-large\" alt=\"\" srcset=\"https:\/\/www.dressy.design\/wp-content\/uploads\/2021\/12\/Mesa-bertiz_Galeria_05.jpg 600w, https:\/\/www.dressy.design\/wp-content\/uploads\/2021\/12\/Mesa-bertiz_Galeria_05-150x200.jpg 150w, https:\/\/www.dressy.design\/wp-content\/uploads\/2021\/12\/Mesa-bertiz_Galeria_05-38x50.jpg 38w, https:\/\/www.dressy.design\/wp-content\/uploads\/2021\/12\/Mesa-bertiz_Galeria_05-75x100.jpg 75w, https:\/\/www.dressy.design\/wp-content\/uploads\/2021\/12\/Mesa-bertiz_Galeria_05-300x400.jpg 300w\" sizes=\"auto, (max-width: 600px) 100vw, 600px\" \/>\t\t\t\t\t\t\n\t\t\t\t\t<\/div>\n\t\t\t\t\t\t\t\t\n<style>\n#image_676471962 {\n  width: 100%;\n}\n<\/style>\n\t<\/div>\n\t\n\t\t<\/div>\n\t\t\t\t\t<\/div>\n\n\t\n<\/div>\n<div class=\"row descripcion-parte-1\"  id=\"row-734450334\">\n\n\t<div id=\"col-857535272\" class=\"col small-12 large-12\"  data-animate=\"fadeInDown\">\n\t\t\t\t<div class=\"col-inner\"  >\n\t\t\t\n\t\t\t\n\t<div id=\"gap-2021241054\" class=\"gap-element clearfix hide-for-small\" style=\"display:block; height:auto;\">\n\t\t\n<style>\n#gap-2021241054 {\n  padding-top: 50px;\n}\n<\/style>\n\t<\/div>\n\t\n\t\t<\/div>\n\t\t\t\t\t<\/div>\n\n\t\n<\/div>\n","protected":false},"excerpt":{"rendered":"<p>Table fixe avec plateau en c\u00e9ramique et pied en bois. Disponible en 8 dimensions diff\u00e9rentes.<\/p>\n","protected":false},"featured_media":2619,"template":"","meta":{"_acf_changed":false},"product_brand":[],"product_cat":[73,146],"product_tag":[],"class_list":{"0":"post-2289","1":"product","2":"type-product","3":"status-publish","4":"has-post-thumbnail","6":"product_cat-bertiz","7":"product_cat-table-fixe","9":"first","10":"instock","11":"product-type-simple"},"acf":[],"yoast_head":"<!-- This site is optimized with the Yoast SEO plugin v27.2 - https:\/\/yoast.com\/product\/yoast-seo-wordpress\/ -->\n<title>BERTIZ | Dressy<\/title>\n<meta name=\"robots\" content=\"index, follow, max-snippet:-1, max-image-preview:large, max-video-preview:-1\" \/>\n<link rel=\"canonical\" href=\"https:\/\/www.dressy.design\/fr\/p\/bertiz\/\" \/>\n<meta property=\"og:locale\" content=\"fr_FR\" \/>\n<meta property=\"og:type\" content=\"article\" \/>\n<meta property=\"og:title\" content=\"BERTIZ | Dressy\" \/>\n<meta property=\"og:description\" content=\"Table fixe avec plateau en c\u00e9ramique et pied en bois. Disponible en 8 dimensions diff\u00e9rentes.\" \/>\n<meta property=\"og:url\" content=\"https:\/\/www.dressy.design\/fr\/p\/bertiz\/\" \/>\n<meta property=\"og:site_name\" content=\"Dressy\" \/>\n<meta property=\"article:modified_time\" content=\"2025-05-15T08:03:51+00:00\" \/>\n<meta property=\"og:image\" content=\"https:\/\/www.dressy.design\/wp-content\/uploads\/2021\/12\/p_Mesa-Bertiz-1.webp\" \/>\n\t<meta property=\"og:image:width\" content=\"1195\" \/>\n\t<meta property=\"og:image:height\" content=\"1195\" \/>\n\t<meta property=\"og:image:type\" content=\"image\/webp\" \/>\n<meta name=\"twitter:card\" content=\"summary_large_image\" \/>\n<meta name=\"twitter:label1\" content=\"Dur\u00e9e de lecture estim\u00e9e\" \/>\n\t<meta name=\"twitter:data1\" content=\"1 minute\" \/>\n<script type=\"application\/ld+json\" class=\"yoast-schema-graph\">{\"@context\":\"https:\/\/schema.org\",\"@graph\":[{\"@type\":\"WebPage\",\"@id\":\"https:\/\/www.dressy.design\/fr\/p\/bertiz\/\",\"url\":\"https:\/\/www.dressy.design\/fr\/p\/bertiz\/\",\"name\":\"BERTIZ | Dressy\",\"isPartOf\":{\"@id\":\"https:\/\/www.dressy.design\/fr\/#website\"},\"primaryImageOfPage\":{\"@id\":\"https:\/\/www.dressy.design\/fr\/p\/bertiz\/#primaryimage\"},\"image\":{\"@id\":\"https:\/\/www.dressy.design\/fr\/p\/bertiz\/#primaryimage\"},\"thumbnailUrl\":\"https:\/\/www.dressy.design\/wp-content\/uploads\/2021\/12\/p_Mesa-Bertiz-1.webp\",\"datePublished\":\"2021-12-24T12:12:31+00:00\",\"dateModified\":\"2025-05-15T08:03:51+00:00\",\"breadcrumb\":{\"@id\":\"https:\/\/www.dressy.design\/fr\/p\/bertiz\/#breadcrumb\"},\"inLanguage\":\"fr-FR\",\"potentialAction\":[{\"@type\":\"ReadAction\",\"target\":[\"https:\/\/www.dressy.design\/fr\/p\/bertiz\/\"]}]},{\"@type\":\"ImageObject\",\"inLanguage\":\"fr-FR\",\"@id\":\"https:\/\/www.dressy.design\/fr\/p\/bertiz\/#primaryimage\",\"url\":\"https:\/\/www.dressy.design\/wp-content\/uploads\/2021\/12\/p_Mesa-Bertiz-1.webp\",\"contentUrl\":\"https:\/\/www.dressy.design\/wp-content\/uploads\/2021\/12\/p_Mesa-Bertiz-1.webp\",\"width\":1195,\"height\":1195},{\"@type\":\"BreadcrumbList\",\"@id\":\"https:\/\/www.dressy.design\/fr\/p\/bertiz\/#breadcrumb\",\"itemListElement\":[{\"@type\":\"ListItem\",\"position\":1,\"name\":\"Portada\",\"item\":\"https:\/\/www.dressy.design\/fr\/\"},{\"@type\":\"ListItem\",\"position\":2,\"name\":\"Tienda\",\"item\":\"https:\/\/www.dressy.design\/es\/?page_id=180\"},{\"@type\":\"ListItem\",\"position\":3,\"name\":\"BERTIZ\"}]},{\"@type\":\"WebSite\",\"@id\":\"https:\/\/www.dressy.design\/fr\/#website\",\"url\":\"https:\/\/www.dressy.design\/fr\/\",\"name\":\"Dressy\",\"description\":\"Sillas y mesas de m\u00e1xima calidad y dise\u00f1o\",\"potentialAction\":[{\"@type\":\"SearchAction\",\"target\":{\"@type\":\"EntryPoint\",\"urlTemplate\":\"https:\/\/www.dressy.design\/fr\/?s={search_term_string}\"},\"query-input\":{\"@type\":\"PropertyValueSpecification\",\"valueRequired\":true,\"valueName\":\"search_term_string\"}}],\"inLanguage\":\"fr-FR\"}]}<\/script>\n<!-- \/ Yoast SEO plugin. -->","yoast_head_json":{"title":"BERTIZ | Dressy","robots":{"index":"index","follow":"follow","max-snippet":"max-snippet:-1","max-image-preview":"max-image-preview:large","max-video-preview":"max-video-preview:-1"},"canonical":"https:\/\/www.dressy.design\/fr\/p\/bertiz\/","og_locale":"fr_FR","og_type":"article","og_title":"BERTIZ | Dressy","og_description":"Table fixe avec plateau en c\u00e9ramique et pied en bois. Disponible en 8 dimensions diff\u00e9rentes.","og_url":"https:\/\/www.dressy.design\/fr\/p\/bertiz\/","og_site_name":"Dressy","article_modified_time":"2025-05-15T08:03:51+00:00","og_image":[{"width":1195,"height":1195,"url":"https:\/\/www.dressy.design\/wp-content\/uploads\/2021\/12\/p_Mesa-Bertiz-1.webp","type":"image\/webp"}],"twitter_card":"summary_large_image","twitter_misc":{"Dur\u00e9e de lecture estim\u00e9e":"1 minute"},"schema":{"@context":"https:\/\/schema.org","@graph":[{"@type":"WebPage","@id":"https:\/\/www.dressy.design\/fr\/p\/bertiz\/","url":"https:\/\/www.dressy.design\/fr\/p\/bertiz\/","name":"BERTIZ | Dressy","isPartOf":{"@id":"https:\/\/www.dressy.design\/fr\/#website"},"primaryImageOfPage":{"@id":"https:\/\/www.dressy.design\/fr\/p\/bertiz\/#primaryimage"},"image":{"@id":"https:\/\/www.dressy.design\/fr\/p\/bertiz\/#primaryimage"},"thumbnailUrl":"https:\/\/www.dressy.design\/wp-content\/uploads\/2021\/12\/p_Mesa-Bertiz-1.webp","datePublished":"2021-12-24T12:12:31+00:00","dateModified":"2025-05-15T08:03:51+00:00","breadcrumb":{"@id":"https:\/\/www.dressy.design\/fr\/p\/bertiz\/#breadcrumb"},"inLanguage":"fr-FR","potentialAction":[{"@type":"ReadAction","target":["https:\/\/www.dressy.design\/fr\/p\/bertiz\/"]}]},{"@type":"ImageObject","inLanguage":"fr-FR","@id":"https:\/\/www.dressy.design\/fr\/p\/bertiz\/#primaryimage","url":"https:\/\/www.dressy.design\/wp-content\/uploads\/2021\/12\/p_Mesa-Bertiz-1.webp","contentUrl":"https:\/\/www.dressy.design\/wp-content\/uploads\/2021\/12\/p_Mesa-Bertiz-1.webp","width":1195,"height":1195},{"@type":"BreadcrumbList","@id":"https:\/\/www.dressy.design\/fr\/p\/bertiz\/#breadcrumb","itemListElement":[{"@type":"ListItem","position":1,"name":"Portada","item":"https:\/\/www.dressy.design\/fr\/"},{"@type":"ListItem","position":2,"name":"Tienda","item":"https:\/\/www.dressy.design\/es\/?page_id=180"},{"@type":"ListItem","position":3,"name":"BERTIZ"}]},{"@type":"WebSite","@id":"https:\/\/www.dressy.design\/fr\/#website","url":"https:\/\/www.dressy.design\/fr\/","name":"Dressy","description":"Sillas y mesas de m\u00e1xima calidad y dise\u00f1o","potentialAction":[{"@type":"SearchAction","target":{"@type":"EntryPoint","urlTemplate":"https:\/\/www.dressy.design\/fr\/?s={search_term_string}"},"query-input":{"@type":"PropertyValueSpecification","valueRequired":true,"valueName":"search_term_string"}}],"inLanguage":"fr-FR"}]}},"_links":{"self":[{"href":"https:\/\/www.dressy.design\/fr\/wp-json\/wp\/v2\/product\/2289","targetHints":{"allow":["GET"]}}],"collection":[{"href":"https:\/\/www.dressy.design\/fr\/wp-json\/wp\/v2\/product"}],"about":[{"href":"https:\/\/www.dressy.design\/fr\/wp-json\/wp\/v2\/types\/product"}],"wp:featuredmedia":[{"embeddable":true,"href":"https:\/\/www.dressy.design\/fr\/wp-json\/wp\/v2\/media\/2619"}],"wp:attachment":[{"href":"https:\/\/www.dressy.design\/fr\/wp-json\/wp\/v2\/media?parent=2289"}],"wp:term":[{"taxonomy":"product_brand","embeddable":true,"href":"https:\/\/www.dressy.design\/fr\/wp-json\/wp\/v2\/product_brand?post=2289"},{"taxonomy":"product_cat","embeddable":true,"href":"https:\/\/www.dressy.design\/fr\/wp-json\/wp\/v2\/product_cat?post=2289"},{"taxonomy":"product_tag","embeddable":true,"href":"https:\/\/www.dressy.design\/fr\/wp-json\/wp\/v2\/product_tag?post=2289"}],"curies":[{"name":"wp","href":"https:\/\/api.w.org\/{rel}","templated":true}]}}