{"id":5650,"date":"2021-12-24T12:10:22","date_gmt":"2021-12-24T12:10:22","guid":{"rendered":"https:\/\/www.dressy.design\/p\/miles-h170-alacena-moderna-recubierta-de-ceramica\/"},"modified":"2022-06-08T11:26:28","modified_gmt":"2022-06-08T09:26:28","slug":"miles-h170-alacena-moderna-recubierta-de-ceramica","status":"publish","type":"product","link":"https:\/\/www.dressy.design\/fr\/p\/miles-h170-alacena-moderna-recubierta-de-ceramica\/","title":{"rendered":"MILES H170"},"content":{"rendered":"\t<div id=\"gap-159379137\" class=\"gap-element clearfix hide-for-small\" style=\"display:block; height:auto;\">\n\t\t\n<style>\n#gap-159379137 {\n  padding-top: 50px;\n}\n<\/style>\n\t<\/div>\n\t\n<div class=\"row descripcion-parte-1\"  id=\"row-1346111823\">\n\n\t<div id=\"col-1186009842\" class=\"col medium-6 small-12 large-6\"  data-animate=\"fadeInDown\">\n\t\t\t\t<div class=\"col-inner\"  >\n\t\t\t\n\t\t\t\n\t<div class=\"img has-hover x md-x lg-x y md-y lg-y\" id=\"image_41687831\">\n\t\t\t\t\t\t\t\t<div class=\"img-inner image-zoom dark\" >\n\t\t\t<img loading=\"lazy\" decoding=\"async\" width=\"550\" height=\"800\" src=\"https:\/\/www.dressy.design\/wp-content\/uploads\/2021\/11\/Alacena-Miles_Producto_01.webp\" class=\"attachment-large size-large\" alt=\"\" srcset=\"https:\/\/www.dressy.design\/wp-content\/uploads\/2021\/11\/Alacena-Miles_Producto_01.webp 550w, https:\/\/www.dressy.design\/wp-content\/uploads\/2021\/11\/Alacena-Miles_Producto_01-150x218.webp 150w, https:\/\/www.dressy.design\/wp-content\/uploads\/2021\/11\/Alacena-Miles_Producto_01-34x50.webp 34w, https:\/\/www.dressy.design\/wp-content\/uploads\/2021\/11\/Alacena-Miles_Producto_01-69x100.webp 69w, https:\/\/www.dressy.design\/wp-content\/uploads\/2021\/11\/Alacena-Miles_Producto_01-300x436.webp 300w\" sizes=\"auto, (max-width: 550px) 100vw, 550px\" \/>\t\t\t\t\t\t\n\t\t\t\t\t<\/div>\n\t\t\t\t\t\t\t\t\n<style>\n#image_41687831 {\n  width: 100%;\n}\n<\/style>\n\t<\/div>\n\t\n\t\t<\/div>\n\t\t\t\t\t<\/div>\n\n\t\n\n\t<div id=\"col-1286255030\" class=\"col hide-for-small medium-6 small-12 large-6\"  >\n\t\t\t\t<div class=\"col-inner\"  >\n\t\t\t\n\t\t\t\n<div class=\"row\"  id=\"row-38695121\">\n\n\t<div id=\"col-1558138230\" class=\"col medium-8 small-12 large-8\"  >\n\t\t\t\t<div class=\"col-inner\"  >\n\t\t\t\n\t\t\t\n\t<div class=\"img has-hover x md-x lg-x y md-y lg-y\" id=\"image_1114251303\">\n\t\t\t\t\t\t\t\t<div class=\"img-inner dark\" >\n\t\t\t<img loading=\"lazy\" decoding=\"async\" width=\"800\" height=\"800\" src=\"https:\/\/www.dressy.design\/wp-content\/uploads\/2021\/11\/Alacena-Miles_Producto_02.webp\" class=\"attachment-large size-large\" alt=\"\" srcset=\"https:\/\/www.dressy.design\/wp-content\/uploads\/2021\/11\/Alacena-Miles_Producto_02.webp 800w, https:\/\/www.dressy.design\/wp-content\/uploads\/2021\/11\/Alacena-Miles_Producto_02-150x150.webp 150w, https:\/\/www.dressy.design\/wp-content\/uploads\/2021\/11\/Alacena-Miles_Producto_02-768x768.webp 768w, https:\/\/www.dressy.design\/wp-content\/uploads\/2021\/11\/Alacena-Miles_Producto_02-300x300.webp 300w, https:\/\/www.dressy.design\/wp-content\/uploads\/2021\/11\/Alacena-Miles_Producto_02-640x640.webp 640w, https:\/\/www.dressy.design\/wp-content\/uploads\/2021\/11\/Alacena-Miles_Producto_02-50x50.webp 50w, https:\/\/www.dressy.design\/wp-content\/uploads\/2021\/11\/Alacena-Miles_Producto_02-100x100.webp 100w, https:\/\/www.dressy.design\/wp-content\/uploads\/2021\/11\/Alacena-Miles_Producto_02-600x600.webp 600w\" sizes=\"auto, (max-width: 800px) 100vw, 800px\" \/>\t\t\t\t\t\t\n\t\t\t\t\t<\/div>\n\t\t\t\t\t\t\t\t\n<style>\n#image_1114251303 {\n  width: 100%;\n}\n<\/style>\n\t<\/div>\n\t\n<p>Miles est le premier pari de Dressy en mati\u00e8re de meubles de rangement qui comprend \u00e0 la fois des enfilades et des buffets de diff\u00e9rentes tailles. Le meuble est propos\u00e9 en trois hauteurs diff\u00e9rentes : d\u2019un c\u00f4t\u00e9, une base en MDF et de l\u2019autre une structure m\u00e9tallique propos\u00e9e en deux hauteurs et deux formes diff\u00e9rentes (circulaire et rectangulaire). Le module sup\u00e9rieur peut \u00eatre laqu\u00e9 ou habill\u00e9 de c\u00e9ramique. Dans le cas de l\u2019enfilade, ce module est divis\u00e9 en deux, trois ou quatre volumes et est disponible en plusieurs dimensions. Il s\u2019agit d\u2019une collection tr\u00e8s polyvalente qui offre de nombreuses possibilit\u00e9s de personnalisation pour configurer le meuble souhait\u00e9. De plus, l\u2019enfilade a \u00e9t\u00e9 con\u00e7u avec les meilleurs composants du march\u00e9, tels que les ferrures HETTICH \u00ae et BLUM \u00ae.<\/p>\n\t\t<\/div>\n\t\t\t\t\t<\/div>\n\n\t\n<\/div>\n\t\t<\/div>\n\t\t\t\t\t<\/div>\n\n\t\n<\/div>\n<div class=\"row descripcion-parte-1\"  id=\"row-1152782165\">\n\n\t<div id=\"col-53040852\" class=\"col hide-for-small medium-2 small-12 large-2\"  >\n\t\t\t\t<div class=\"col-inner\"  >\n\t\t\t\n\t\t\t\n\t\t<\/div>\n\t\t\t\t\t<\/div>\n\n\t\n\n\t<div id=\"col-576558876\" class=\"col medium-8 small-12 large-8\"  data-animate=\"fadeInDown\">\n\t\t\t\t<div class=\"col-inner\"  >\n\t\t\t\n\t\t\t\n\t\t<\/div>\n\t\t\t\t\t<\/div>\n\n\t\n<\/div>\n","protected":false},"excerpt":{"rendered":"<p>Buffet haut avec pied en m\u00e9tal. Sa hauteur totale est de 170 cm.<\/p>\n<p><strong>Designer<\/strong><br \/>\n<a href=\"https:\/\/www.dressy.design\/fr\/c\/dessinateurs\/sergio-rochas\/\">Sergio Rochas<\/a><\/p>\n","protected":false},"featured_media":2599,"template":"","meta":{"_acf_changed":false},"product_brand":[],"product_cat":[141,81,89],"product_tag":[],"class_list":{"0":"post-5650","1":"product","2":"type-product","3":"status-publish","4":"has-post-thumbnail","6":"product_cat-buffet-haut","7":"product_cat-miles","8":"product_cat-sergio-rochas","10":"first","11":"instock","12":"product-type-simple"},"acf":[],"yoast_head":"<!-- This site is optimized with the Yoast SEO plugin v27.2 - https:\/\/yoast.com\/product\/yoast-seo-wordpress\/ -->\n<title>MILES H170 - Buffet haut avec pied en m\u00e9tal habill\u00e9 enti\u00e8rement Dressy<\/title>\n<meta name=\"description\" content=\"MILES H170 - Buffet haut avec pied en m\u00e9tal habill\u00e9 enti\u00e8rement de c\u00e9ramique. Sa hauteur totale est de 170 cm.\" \/>\n<meta name=\"robots\" content=\"index, follow, max-snippet:-1, max-image-preview:large, max-video-preview:-1\" \/>\n<link rel=\"canonical\" href=\"https:\/\/www.dressy.design\/fr\/p\/miles-h170-alacena-moderna-recubierta-de-ceramica\/\" \/>\n<meta property=\"og:locale\" content=\"fr_FR\" \/>\n<meta property=\"og:type\" content=\"article\" \/>\n<meta property=\"og:title\" content=\"MILES H170 - Buffet haut avec pied en m\u00e9tal habill\u00e9 enti\u00e8rement Dressy\" \/>\n<meta property=\"og:description\" content=\"MILES H170 - Buffet haut avec pied en m\u00e9tal habill\u00e9 enti\u00e8rement de c\u00e9ramique. Sa hauteur totale est de 170 cm.\" \/>\n<meta property=\"og:url\" content=\"https:\/\/www.dressy.design\/fr\/p\/miles-h170-alacena-moderna-recubierta-de-ceramica\/\" \/>\n<meta property=\"og:site_name\" content=\"Dressy\" \/>\n<meta property=\"article:modified_time\" content=\"2022-06-08T09:26:28+00:00\" \/>\n<meta property=\"og:image\" content=\"https:\/\/www.dressy.design\/wp-content\/uploads\/2021\/12\/p_Alacena-Miles-H170-1.webp\" \/>\n\t<meta property=\"og:image:width\" content=\"1195\" \/>\n\t<meta property=\"og:image:height\" content=\"1195\" \/>\n\t<meta property=\"og:image:type\" content=\"image\/webp\" \/>\n<meta name=\"twitter:card\" content=\"summary_large_image\" \/>\n<meta name=\"twitter:label1\" content=\"Dur\u00e9e de lecture estim\u00e9e\" \/>\n\t<meta name=\"twitter:data1\" content=\"1 minute\" \/>\n<script type=\"application\/ld+json\" class=\"yoast-schema-graph\">{\"@context\":\"https:\/\/schema.org\",\"@graph\":[{\"@type\":\"WebPage\",\"@id\":\"https:\/\/www.dressy.design\/fr\/p\/miles-h170-alacena-moderna-recubierta-de-ceramica\/\",\"url\":\"https:\/\/www.dressy.design\/fr\/p\/miles-h170-alacena-moderna-recubierta-de-ceramica\/\",\"name\":\"MILES H170 - Buffet haut avec pied en m\u00e9tal habill\u00e9 enti\u00e8rement Dressy\",\"isPartOf\":{\"@id\":\"https:\/\/www.dressy.design\/fr\/#website\"},\"primaryImageOfPage\":{\"@id\":\"https:\/\/www.dressy.design\/fr\/p\/miles-h170-alacena-moderna-recubierta-de-ceramica\/#primaryimage\"},\"image\":{\"@id\":\"https:\/\/www.dressy.design\/fr\/p\/miles-h170-alacena-moderna-recubierta-de-ceramica\/#primaryimage\"},\"thumbnailUrl\":\"https:\/\/www.dressy.design\/wp-content\/uploads\/2021\/12\/p_Alacena-Miles-H170-1.webp\",\"datePublished\":\"2021-12-24T12:10:22+00:00\",\"dateModified\":\"2022-06-08T09:26:28+00:00\",\"description\":\"MILES H170 - Buffet haut avec pied en m\u00e9tal habill\u00e9 enti\u00e8rement de c\u00e9ramique. Sa hauteur totale est de 170 cm.\",\"breadcrumb\":{\"@id\":\"https:\/\/www.dressy.design\/fr\/p\/miles-h170-alacena-moderna-recubierta-de-ceramica\/#breadcrumb\"},\"inLanguage\":\"fr-FR\",\"potentialAction\":[{\"@type\":\"ReadAction\",\"target\":[\"https:\/\/www.dressy.design\/fr\/p\/miles-h170-alacena-moderna-recubierta-de-ceramica\/\"]}]},{\"@type\":\"ImageObject\",\"inLanguage\":\"fr-FR\",\"@id\":\"https:\/\/www.dressy.design\/fr\/p\/miles-h170-alacena-moderna-recubierta-de-ceramica\/#primaryimage\",\"url\":\"https:\/\/www.dressy.design\/wp-content\/uploads\/2021\/12\/p_Alacena-Miles-H170-1.webp\",\"contentUrl\":\"https:\/\/www.dressy.design\/wp-content\/uploads\/2021\/12\/p_Alacena-Miles-H170-1.webp\",\"width\":1195,\"height\":1195},{\"@type\":\"BreadcrumbList\",\"@id\":\"https:\/\/www.dressy.design\/fr\/p\/miles-h170-alacena-moderna-recubierta-de-ceramica\/#breadcrumb\",\"itemListElement\":[{\"@type\":\"ListItem\",\"position\":1,\"name\":\"Portada\",\"item\":\"https:\/\/www.dressy.design\/fr\/\"},{\"@type\":\"ListItem\",\"position\":2,\"name\":\"Tienda\",\"item\":\"https:\/\/www.dressy.design\/es\/?page_id=180\"},{\"@type\":\"ListItem\",\"position\":3,\"name\":\"MILES H170\"}]},{\"@type\":\"WebSite\",\"@id\":\"https:\/\/www.dressy.design\/fr\/#website\",\"url\":\"https:\/\/www.dressy.design\/fr\/\",\"name\":\"Dressy\",\"description\":\"Sillas y mesas de m\u00e1xima calidad y dise\u00f1o\",\"potentialAction\":[{\"@type\":\"SearchAction\",\"target\":{\"@type\":\"EntryPoint\",\"urlTemplate\":\"https:\/\/www.dressy.design\/fr\/?s={search_term_string}\"},\"query-input\":{\"@type\":\"PropertyValueSpecification\",\"valueRequired\":true,\"valueName\":\"search_term_string\"}}],\"inLanguage\":\"fr-FR\"}]}<\/script>\n<!-- \/ Yoast SEO plugin. -->","yoast_head_json":{"title":"MILES H170 - Buffet haut avec pied en m\u00e9tal habill\u00e9 enti\u00e8rement Dressy","description":"MILES H170 - Buffet haut avec pied en m\u00e9tal habill\u00e9 enti\u00e8rement de c\u00e9ramique. Sa hauteur totale est de 170 cm.","robots":{"index":"index","follow":"follow","max-snippet":"max-snippet:-1","max-image-preview":"max-image-preview:large","max-video-preview":"max-video-preview:-1"},"canonical":"https:\/\/www.dressy.design\/fr\/p\/miles-h170-alacena-moderna-recubierta-de-ceramica\/","og_locale":"fr_FR","og_type":"article","og_title":"MILES H170 - Buffet haut avec pied en m\u00e9tal habill\u00e9 enti\u00e8rement Dressy","og_description":"MILES H170 - Buffet haut avec pied en m\u00e9tal habill\u00e9 enti\u00e8rement de c\u00e9ramique. Sa hauteur totale est de 170 cm.","og_url":"https:\/\/www.dressy.design\/fr\/p\/miles-h170-alacena-moderna-recubierta-de-ceramica\/","og_site_name":"Dressy","article_modified_time":"2022-06-08T09:26:28+00:00","og_image":[{"width":1195,"height":1195,"url":"https:\/\/www.dressy.design\/wp-content\/uploads\/2021\/12\/p_Alacena-Miles-H170-1.webp","type":"image\/webp"}],"twitter_card":"summary_large_image","twitter_misc":{"Dur\u00e9e de lecture estim\u00e9e":"1 minute"},"schema":{"@context":"https:\/\/schema.org","@graph":[{"@type":"WebPage","@id":"https:\/\/www.dressy.design\/fr\/p\/miles-h170-alacena-moderna-recubierta-de-ceramica\/","url":"https:\/\/www.dressy.design\/fr\/p\/miles-h170-alacena-moderna-recubierta-de-ceramica\/","name":"MILES H170 - Buffet haut avec pied en m\u00e9tal habill\u00e9 enti\u00e8rement Dressy","isPartOf":{"@id":"https:\/\/www.dressy.design\/fr\/#website"},"primaryImageOfPage":{"@id":"https:\/\/www.dressy.design\/fr\/p\/miles-h170-alacena-moderna-recubierta-de-ceramica\/#primaryimage"},"image":{"@id":"https:\/\/www.dressy.design\/fr\/p\/miles-h170-alacena-moderna-recubierta-de-ceramica\/#primaryimage"},"thumbnailUrl":"https:\/\/www.dressy.design\/wp-content\/uploads\/2021\/12\/p_Alacena-Miles-H170-1.webp","datePublished":"2021-12-24T12:10:22+00:00","dateModified":"2022-06-08T09:26:28+00:00","description":"MILES H170 - Buffet haut avec pied en m\u00e9tal habill\u00e9 enti\u00e8rement de c\u00e9ramique. Sa hauteur totale est de 170 cm.","breadcrumb":{"@id":"https:\/\/www.dressy.design\/fr\/p\/miles-h170-alacena-moderna-recubierta-de-ceramica\/#breadcrumb"},"inLanguage":"fr-FR","potentialAction":[{"@type":"ReadAction","target":["https:\/\/www.dressy.design\/fr\/p\/miles-h170-alacena-moderna-recubierta-de-ceramica\/"]}]},{"@type":"ImageObject","inLanguage":"fr-FR","@id":"https:\/\/www.dressy.design\/fr\/p\/miles-h170-alacena-moderna-recubierta-de-ceramica\/#primaryimage","url":"https:\/\/www.dressy.design\/wp-content\/uploads\/2021\/12\/p_Alacena-Miles-H170-1.webp","contentUrl":"https:\/\/www.dressy.design\/wp-content\/uploads\/2021\/12\/p_Alacena-Miles-H170-1.webp","width":1195,"height":1195},{"@type":"BreadcrumbList","@id":"https:\/\/www.dressy.design\/fr\/p\/miles-h170-alacena-moderna-recubierta-de-ceramica\/#breadcrumb","itemListElement":[{"@type":"ListItem","position":1,"name":"Portada","item":"https:\/\/www.dressy.design\/fr\/"},{"@type":"ListItem","position":2,"name":"Tienda","item":"https:\/\/www.dressy.design\/es\/?page_id=180"},{"@type":"ListItem","position":3,"name":"MILES H170"}]},{"@type":"WebSite","@id":"https:\/\/www.dressy.design\/fr\/#website","url":"https:\/\/www.dressy.design\/fr\/","name":"Dressy","description":"Sillas y mesas de m\u00e1xima calidad y dise\u00f1o","potentialAction":[{"@type":"SearchAction","target":{"@type":"EntryPoint","urlTemplate":"https:\/\/www.dressy.design\/fr\/?s={search_term_string}"},"query-input":{"@type":"PropertyValueSpecification","valueRequired":true,"valueName":"search_term_string"}}],"inLanguage":"fr-FR"}]}},"_links":{"self":[{"href":"https:\/\/www.dressy.design\/fr\/wp-json\/wp\/v2\/product\/5650","targetHints":{"allow":["GET"]}}],"collection":[{"href":"https:\/\/www.dressy.design\/fr\/wp-json\/wp\/v2\/product"}],"about":[{"href":"https:\/\/www.dressy.design\/fr\/wp-json\/wp\/v2\/types\/product"}],"wp:featuredmedia":[{"embeddable":true,"href":"https:\/\/www.dressy.design\/fr\/wp-json\/wp\/v2\/media\/2599"}],"wp:attachment":[{"href":"https:\/\/www.dressy.design\/fr\/wp-json\/wp\/v2\/media?parent=5650"}],"wp:term":[{"taxonomy":"product_brand","embeddable":true,"href":"https:\/\/www.dressy.design\/fr\/wp-json\/wp\/v2\/product_brand?post=5650"},{"taxonomy":"product_cat","embeddable":true,"href":"https:\/\/www.dressy.design\/fr\/wp-json\/wp\/v2\/product_cat?post=5650"},{"taxonomy":"product_tag","embeddable":true,"href":"https:\/\/www.dressy.design\/fr\/wp-json\/wp\/v2\/product_tag?post=5650"}],"curies":[{"name":"wp","href":"https:\/\/api.w.org\/{rel}","templated":true}]}}